{"id":60855,"date":"2018-11-18T08:54:25","date_gmt":"2018-11-18T08:54:25","guid":{"rendered":"https:\/\/redfoxlotto.eu\/?page_id=60855"},"modified":"2023-06-01T07:39:21","modified_gmt":"2023-06-01T07:39:21","slug":"lordags-lotto-au","status":"publish","type":"page","link":"https:\/\/redfoxlotto.com\/no\/resultater\/lordags-lotto-au\/","title":{"rendered":"L\u00f8rdagsresultatene i Lotto"},"content":{"rendered":"<p>S\u00e5 snart trekningen er ferdig, vises resultatene for l\u00f8rdagslotto her. Informasjonen inkluderer vinnertallene, den estimerte neste jackpotten og premiebel\u00f8pet for de ulike premieniv\u00e5ene.<\/p>\n<p>Hvis du vil se informasjon om tidligere l\u00f8rdagslotto-trekninger,<\/p>\n<p><img loading=\"lazy\" decoding=\"async\" class=\" wp-image alignright\" src=\"https:\/\/content.redfoxlotto.com\/uploads\/sites\/9\/1_winning_online_lottery.jpg\" alt=\"L\u00f8rdagslotto\" width=\"160\" height=\"160\" \/><\/p>\n<p>kan du bruke arkivet ved \u00e5 klikke p\u00e5 rullegardinmenyen for dato. Arkivet viser informasjon for de siste tre \u00e5rene.<\/p>\n<h2>Trukkede tall og utbetalingsinformasjon for alle andre lotterier<\/h2>\n<p>For en side-ved-side-oversikt over alle de siste trekningsresultatene, klikk p\u00e5 hovedmenyen &laquo;Resultater&raquo; \u00f8verst. Da kommer du til en side med alle lotterier. P\u00e5 den siden kan du se de sist trukne tallene, samt det totale bel\u00f8pet som er utbetalt for hvert enkelt lotteri.<\/p>\n<p>Du kan ogs\u00e5 bruke denne oversikten over vinnertall til \u00e5 f\u00e5 noen ideer om hvilke tall du skal velge til ditt neste lodd (til l\u00f8rdagslotto eller andre lotterier). Bruk &laquo;kalde&raquo; tall (tall som ikke vises i noen av de siste resultatene), eller varme tall (tall som har vunnet i flere lotterier). Eller du kan blande kalde og varme tall og legge til noen av dine egne lykketall!<\/p>\n<h2>Den enkleste og raskeste m\u00e5ten \u00e5 sjekke om loddet ditt har vunnet p\u00e5<\/h2>\n<p>For \u00e5 sammenligne vinnertallene med tallene du valgte for kupongen din, kan du ogs\u00e5 klikke p\u00e5 menyen &laquo;Min konto\/Mine kuponger&raquo; \u00f8verst til h\u00f8yre. I dette omr\u00e5det kan du se alle tidligere og aktive lodd. I den ene kolonnen kan du umiddelbart se om en av kupongene dine har vunnet, samt gevinstbel\u00f8pet.<\/p>\n<p>Klikk p\u00e5 forst\u00f8rrelsesglass-symbolet (p\u00e5 h\u00f8yre side) for en hvilken som helst<\/p>\n<p><img decoding=\"async\" class=\" wp-image alignright\" src=\"https:\/\/content.redfoxlotto.com\/uploads\/sites\/9\/1_lotto_money_win.jpg\" alt=\"vinnertall\" \/><\/p>\n<p>kupong, og du vil se trekningsresultatene og tallene dine ved siden av hverandre. Ogs\u00e5, alle tallene p\u00e5 billetten din som samsvarer med trekningen vil v\u00e6re beleilig uthevet.<\/p>\n","protected":false},"excerpt":{"rendered":"<p>S\u00e5 snart trekningen er ferdig, vises resultatene for l\u00f8rdagslotto her. Informasjonen inkluderer vinnertallene, den estimerte neste jackpotten og premiebel\u00f8pet for de ulike premieniv\u00e5ene. Hvis du vil se informasjon om tidligere l\u00f8rdagslotto-trekninger, kan du bruke arkivet ved \u00e5 klikke p\u00e5 rullegardinmenyen for dato. Arkivet viser informasjon for de siste tre \u00e5rene. Trukkede tall og utbetalingsinformasjon for [&hellip;]<\/p>\n","protected":false},"author":1,"featured_media":0,"parent":60582,"menu_order":22,"comment_status":"closed","ping_status":"closed","template":"saturday-lotto-results.php","meta":{"_et_pb_use_builder":"","_et_pb_old_content":"","_et_gb_content_width":"","exclude_from_search":false,"footnotes":""},"class_list":["post-60855","page","type-page","status-publish","hentry"],"yoast_head":"<!-- This site is optimized with the Yoast SEO plugin v27.3 - https:\/\/yoast.com\/product\/yoast-seo-wordpress\/ -->\n<title>L\u00f8rdag Lotto vinnertall og resultater<\/title>\n<meta name=\"description\" content=\"Her er vinnertallene og resultatene for l\u00f8rdagslottoen\" \/>\n<meta name=\"robots\" content=\"index, follow, max-snippet:-1, max-image-preview:large, max-video-preview:-1\" \/>\n<link rel=\"canonical\" href=\"https:\/\/redfoxlotto.com\/no\/resultater\/lordags-lotto-au\/\" \/>\n<meta property=\"og:locale\" content=\"nb_NO\" \/>\n<meta property=\"og:type\" content=\"article\" \/>\n<meta property=\"og:title\" content=\"L\u00f8rdag Lotto vinnertall og resultater\" \/>\n<meta property=\"og:description\" content=\"Her er vinnertallene og resultatene for l\u00f8rdagslottoen\" \/>\n<meta property=\"og:url\" content=\"https:\/\/redfoxlotto.com\/no\/resultater\/lordags-lotto-au\/\" \/>\n<meta property=\"og:site_name\" content=\"Get Tickets for the World\u2019s largest jackpots\" \/>\n<meta property=\"article:modified_time\" content=\"2023-06-01T07:39:21+00:00\" \/>\n<meta property=\"og:image\" content=\"https:\/\/content.redfoxlotto.com\/uploads\/sites\/9\/1_winning_online_lottery.jpg\" \/>\n<meta name=\"twitter:card\" content=\"summary_large_image\" \/>\n<meta name=\"twitter:label1\" content=\"Ansl. lesetid\" \/>\n\t<meta name=\"twitter:data1\" content=\"2 minutter\" \/>\n<script type=\"application\/ld+json\" class=\"yoast-schema-graph\">{\"@context\":\"https:\\\/\\\/schema.org\",\"@graph\":[{\"@type\":\"WebPage\",\"@id\":\"https:\\\/\\\/redfoxlotto.com\\\/no\\\/resultater\\\/lordags-lotto-au\\\/\",\"url\":\"https:\\\/\\\/redfoxlotto.com\\\/no\\\/resultater\\\/lordags-lotto-au\\\/\",\"name\":\"L\u00f8rdag Lotto vinnertall og resultater\",\"isPartOf\":{\"@id\":\"https:\\\/\\\/redfoxlotto.com\\\/no\\\/#website\"},\"primaryImageOfPage\":{\"@id\":\"https:\\\/\\\/redfoxlotto.com\\\/no\\\/resultater\\\/lordags-lotto-au\\\/#primaryimage\"},\"image\":{\"@id\":\"https:\\\/\\\/redfoxlotto.com\\\/no\\\/resultater\\\/lordags-lotto-au\\\/#primaryimage\"},\"thumbnailUrl\":\"https:\\\/\\\/content.redfoxlotto.com\\\/uploads\\\/sites\\\/9\\\/1_winning_online_lottery.jpg\",\"datePublished\":\"2018-11-18T08:54:25+00:00\",\"dateModified\":\"2023-06-01T07:39:21+00:00\",\"description\":\"Her er vinnertallene og resultatene for l\u00f8rdagslottoen\",\"breadcrumb\":{\"@id\":\"https:\\\/\\\/redfoxlotto.com\\\/no\\\/resultater\\\/lordags-lotto-au\\\/#breadcrumb\"},\"inLanguage\":\"nb-NO\",\"potentialAction\":[{\"@type\":\"ReadAction\",\"target\":[\"https:\\\/\\\/redfoxlotto.com\\\/no\\\/resultater\\\/lordags-lotto-au\\\/\"]}]},{\"@type\":\"ImageObject\",\"inLanguage\":\"nb-NO\",\"@id\":\"https:\\\/\\\/redfoxlotto.com\\\/no\\\/resultater\\\/lordags-lotto-au\\\/#primaryimage\",\"url\":\"https:\\\/\\\/content.redfoxlotto.com\\\/uploads\\\/sites\\\/9\\\/1_winning_online_lottery.jpg\",\"contentUrl\":\"https:\\\/\\\/content.redfoxlotto.com\\\/uploads\\\/sites\\\/9\\\/1_winning_online_lottery.jpg\"},{\"@type\":\"BreadcrumbList\",\"@id\":\"https:\\\/\\\/redfoxlotto.com\\\/no\\\/resultater\\\/lordags-lotto-au\\\/#breadcrumb\",\"itemListElement\":[{\"@type\":\"ListItem\",\"position\":1,\"name\":\"Home\",\"item\":\"https:\\\/\\\/redfoxlotto.com\\\/no\\\/\"},{\"@type\":\"ListItem\",\"position\":2,\"name\":\"Internasjonale lotteriresultater\",\"item\":\"https:\\\/\\\/redfoxlotto.com\\\/no\\\/resultater\\\/\"},{\"@type\":\"ListItem\",\"position\":3,\"name\":\"L\u00f8rdagsresultatene i Lotto\"}]},{\"@type\":\"WebSite\",\"@id\":\"https:\\\/\\\/redfoxlotto.com\\\/no\\\/#website\",\"url\":\"https:\\\/\\\/redfoxlotto.com\\\/no\\\/\",\"name\":\"Get Tickets for the World\u2019s largest jackpots\",\"description\":\"Participate in worldwide lottery jackpots from any country\",\"publisher\":{\"@id\":\"https:\\\/\\\/redfoxlotto.com\\\/no\\\/#organization\"},\"potentialAction\":[{\"@type\":\"SearchAction\",\"target\":{\"@type\":\"EntryPoint\",\"urlTemplate\":\"https:\\\/\\\/redfoxlotto.com\\\/no\\\/?s={search_term_string}\"},\"query-input\":{\"@type\":\"PropertyValueSpecification\",\"valueRequired\":true,\"valueName\":\"search_term_string\"}}],\"inLanguage\":\"nb-NO\"},{\"@type\":\"Organization\",\"@id\":\"https:\\\/\\\/redfoxlotto.com\\\/no\\\/#organization\",\"name\":\"Get Tickets for the World\u2019s largest jackpots\",\"url\":\"https:\\\/\\\/redfoxlotto.com\\\/no\\\/\",\"logo\":{\"@type\":\"ImageObject\",\"inLanguage\":\"nb-NO\",\"@id\":\"https:\\\/\\\/redfoxlotto.com\\\/no\\\/#\\\/schema\\\/logo\\\/image\\\/\",\"url\":\"https:\\\/\\\/redfoxlotto.com\\\/wp-content\\\/uploads\\\/2023\\\/04\\\/logo.png\",\"contentUrl\":\"https:\\\/\\\/redfoxlotto.com\\\/wp-content\\\/uploads\\\/2023\\\/04\\\/logo.png\",\"width\":269,\"height\":53,\"caption\":\"Get Tickets for the World\u2019s largest jackpots\"},\"image\":{\"@id\":\"https:\\\/\\\/redfoxlotto.com\\\/no\\\/#\\\/schema\\\/logo\\\/image\\\/\"}}]}<\/script>\n<!-- \/ Yoast SEO plugin. -->","yoast_head_json":{"title":"L\u00f8rdag Lotto vinnertall og resultater","description":"Her er vinnertallene og resultatene for l\u00f8rdagslottoen","robots":{"index":"index","follow":"follow","max-snippet":"max-snippet:-1","max-image-preview":"max-image-preview:large","max-video-preview":"max-video-preview:-1"},"canonical":"https:\/\/redfoxlotto.com\/no\/resultater\/lordags-lotto-au\/","og_locale":"nb_NO","og_type":"article","og_title":"L\u00f8rdag Lotto vinnertall og resultater","og_description":"Her er vinnertallene og resultatene for l\u00f8rdagslottoen","og_url":"https:\/\/redfoxlotto.com\/no\/resultater\/lordags-lotto-au\/","og_site_name":"Get Tickets for the World\u2019s largest jackpots","article_modified_time":"2023-06-01T07:39:21+00:00","og_image":[{"url":"https:\/\/content.redfoxlotto.com\/uploads\/sites\/9\/1_winning_online_lottery.jpg","type":"","width":"","height":""}],"twitter_card":"summary_large_image","twitter_misc":{"Ansl. lesetid":"2 minutter"},"schema":{"@context":"https:\/\/schema.org","@graph":[{"@type":"WebPage","@id":"https:\/\/redfoxlotto.com\/no\/resultater\/lordags-lotto-au\/","url":"https:\/\/redfoxlotto.com\/no\/resultater\/lordags-lotto-au\/","name":"L\u00f8rdag Lotto vinnertall og resultater","isPartOf":{"@id":"https:\/\/redfoxlotto.com\/no\/#website"},"primaryImageOfPage":{"@id":"https:\/\/redfoxlotto.com\/no\/resultater\/lordags-lotto-au\/#primaryimage"},"image":{"@id":"https:\/\/redfoxlotto.com\/no\/resultater\/lordags-lotto-au\/#primaryimage"},"thumbnailUrl":"https:\/\/content.redfoxlotto.com\/uploads\/sites\/9\/1_winning_online_lottery.jpg","datePublished":"2018-11-18T08:54:25+00:00","dateModified":"2023-06-01T07:39:21+00:00","description":"Her er vinnertallene og resultatene for l\u00f8rdagslottoen","breadcrumb":{"@id":"https:\/\/redfoxlotto.com\/no\/resultater\/lordags-lotto-au\/#breadcrumb"},"inLanguage":"nb-NO","potentialAction":[{"@type":"ReadAction","target":["https:\/\/redfoxlotto.com\/no\/resultater\/lordags-lotto-au\/"]}]},{"@type":"ImageObject","inLanguage":"nb-NO","@id":"https:\/\/redfoxlotto.com\/no\/resultater\/lordags-lotto-au\/#primaryimage","url":"https:\/\/content.redfoxlotto.com\/uploads\/sites\/9\/1_winning_online_lottery.jpg","contentUrl":"https:\/\/content.redfoxlotto.com\/uploads\/sites\/9\/1_winning_online_lottery.jpg"},{"@type":"BreadcrumbList","@id":"https:\/\/redfoxlotto.com\/no\/resultater\/lordags-lotto-au\/#breadcrumb","itemListElement":[{"@type":"ListItem","position":1,"name":"Home","item":"https:\/\/redfoxlotto.com\/no\/"},{"@type":"ListItem","position":2,"name":"Internasjonale lotteriresultater","item":"https:\/\/redfoxlotto.com\/no\/resultater\/"},{"@type":"ListItem","position":3,"name":"L\u00f8rdagsresultatene i Lotto"}]},{"@type":"WebSite","@id":"https:\/\/redfoxlotto.com\/no\/#website","url":"https:\/\/redfoxlotto.com\/no\/","name":"Get Tickets for the World\u2019s largest jackpots","description":"Participate in worldwide lottery jackpots from any country","publisher":{"@id":"https:\/\/redfoxlotto.com\/no\/#organization"},"potentialAction":[{"@type":"SearchAction","target":{"@type":"EntryPoint","urlTemplate":"https:\/\/redfoxlotto.com\/no\/?s={search_term_string}"},"query-input":{"@type":"PropertyValueSpecification","valueRequired":true,"valueName":"search_term_string"}}],"inLanguage":"nb-NO"},{"@type":"Organization","@id":"https:\/\/redfoxlotto.com\/no\/#organization","name":"Get Tickets for the World\u2019s largest jackpots","url":"https:\/\/redfoxlotto.com\/no\/","logo":{"@type":"ImageObject","inLanguage":"nb-NO","@id":"https:\/\/redfoxlotto.com\/no\/#\/schema\/logo\/image\/","url":"https:\/\/redfoxlotto.com\/wp-content\/uploads\/2023\/04\/logo.png","contentUrl":"https:\/\/redfoxlotto.com\/wp-content\/uploads\/2023\/04\/logo.png","width":269,"height":53,"caption":"Get Tickets for the World\u2019s largest jackpots"},"image":{"@id":"https:\/\/redfoxlotto.com\/no\/#\/schema\/logo\/image\/"}}]}},"_links":{"self":[{"href":"https:\/\/redfoxlotto.com\/no\/wp-json\/wp\/v2\/pages\/60855","targetHints":{"allow":["GET"]}}],"collection":[{"href":"https:\/\/redfoxlotto.com\/no\/wp-json\/wp\/v2\/pages"}],"about":[{"href":"https:\/\/redfoxlotto.com\/no\/wp-json\/wp\/v2\/types\/page"}],"author":[{"embeddable":true,"href":"https:\/\/redfoxlotto.com\/no\/wp-json\/wp\/v2\/users\/1"}],"replies":[{"embeddable":true,"href":"https:\/\/redfoxlotto.com\/no\/wp-json\/wp\/v2\/comments?post=60855"}],"version-history":[{"count":0,"href":"https:\/\/redfoxlotto.com\/no\/wp-json\/wp\/v2\/pages\/60855\/revisions"}],"up":[{"embeddable":true,"href":"https:\/\/redfoxlotto.com\/no\/wp-json\/wp\/v2\/pages\/60582"}],"wp:attachment":[{"href":"https:\/\/redfoxlotto.com\/no\/wp-json\/wp\/v2\/media?parent=60855"}],"curies":[{"name":"wp","href":"https:\/\/api.w.org\/{rel}","templated":true}]}}