{"id":60832,"date":"2018-11-18T08:54:25","date_gmt":"2018-11-18T08:54:25","guid":{"rendered":"https:\/\/redfoxlotto.eu\/?page_id=60832"},"modified":"2023-05-31T05:50:15","modified_gmt":"2023-05-31T05:50:15","slug":"powerball-au","status":"publish","type":"page","link":"https:\/\/redfoxlotto.com\/no\/resultater\/powerball-au\/","title":{"rendered":"Resultater fra Powerball Australia"},"content":{"rendered":"<h2>Trukkede tall og utbetalingsinformasjon for Powerball Australia<\/h2>\n<p>P\u00e5 denne siden viser vi deg utbetalingsniv\u00e5ene, de trekkede<\/p>\n<p><img loading=\"lazy\" decoding=\"async\" class=\" wp-image alignright\" src=\"https:\/\/content.redfoxlotto.com\/uploads\/sites\/9\/1_winning_online_lottery.jpg\" alt=\"Powerball Australia\" width=\"160\" height=\"160\" \/><\/p>\n<p>tallene og andre detaljer for Powerball Australia.<\/p>\n<h2>Oversikt over alle resultater p\u00e5 RedFoxLotto<\/h2>\n<p>For \u00e5 se alle lotteriresultater fra de siste trekningene, klikk p\u00e5 &laquo;Resultater&raquo;-menyen \u00f8verst.<\/p>\n<h2>Sjekk om billetten din har vunnet<\/h2>\n<p>Du kan ogs\u00e5 sjekke omr\u00e5det &laquo;Mine billetter&raquo;. Etter \u00e5 ha klikket<\/p>\n<p><img decoding=\"async\" class=\" wp-image alignright\" src=\"https:\/\/content.redfoxlotto.com\/uploads\/sites\/9\/1_lotto_money_win.jpg\" alt=\"lotteriresultater\" \/><\/p>\n<p>p\u00e5 en hvilken som helst kupong, kan du umiddelbart se hvor mange matchende og vinnende tall du har p\u00e5 kupongen din.<\/p>\n","protected":false},"excerpt":{"rendered":"<p>Trukkede tall og utbetalingsinformasjon for Powerball Australia P\u00e5 denne siden viser vi deg utbetalingsniv\u00e5ene, de trekkede tallene og andre detaljer for Powerball Australia. Oversikt over alle resultater p\u00e5 RedFoxLotto For \u00e5 se alle lotteriresultater fra de siste trekningene, klikk p\u00e5 &laquo;Resultater&raquo;-menyen \u00f8verst. Sjekk om billetten din har vunnet Du kan ogs\u00e5 sjekke omr\u00e5det &laquo;Mine billetter&raquo;. [&hellip;]<\/p>\n","protected":false},"author":1,"featured_media":0,"parent":60582,"menu_order":20,"comment_status":"closed","ping_status":"closed","template":"powerball-au-results.php","meta":{"_et_pb_use_builder":"","_et_pb_old_content":"","_et_gb_content_width":"","exclude_from_search":false,"footnotes":""},"class_list":["post-60832","page","type-page","status-publish","hentry"],"yoast_head":"<!-- This site is optimized with the Yoast SEO plugin v23.8 - https:\/\/yoast.com\/wordpress\/plugins\/seo\/ -->\n<title>Powerball Australia vinnertall<\/title>\n<meta name=\"description\" content=\"F\u00e5 de siste resultatene for Powerball Australia her, pluss et arkiv for tidligere trekninger\" \/>\n<meta name=\"robots\" content=\"index, follow, max-snippet:-1, max-image-preview:large, max-video-preview:-1\" \/>\n<link rel=\"canonical\" href=\"https:\/\/redfoxlotto.com\/no\/resultater\/powerball-au\/\" \/>\n<meta property=\"og:locale\" content=\"nb_NO\" \/>\n<meta property=\"og:type\" content=\"article\" \/>\n<meta property=\"og:title\" content=\"Powerball Australia vinnertall\" \/>\n<meta property=\"og:description\" content=\"F\u00e5 de siste resultatene for Powerball Australia her, pluss et arkiv for tidligere trekninger\" \/>\n<meta property=\"og:url\" content=\"https:\/\/redfoxlotto.com\/no\/resultater\/powerball-au\/\" \/>\n<meta property=\"og:site_name\" content=\"Get Tickets for the World\u2019s largest jackpots\" \/>\n<meta property=\"article:modified_time\" content=\"2023-05-31T05:50:15+00:00\" \/>\n<meta property=\"og:image\" content=\"https:\/\/content.redfoxlotto.com\/uploads\/sites\/9\/1_winning_online_lottery.jpg\" \/>\n<meta name=\"twitter:card\" content=\"summary_large_image\" \/>\n<meta name=\"twitter:label1\" content=\"Ansl. lesetid\" \/>\n\t<meta name=\"twitter:data1\" content=\"1 minutt\" \/>\n<script type=\"application\/ld+json\" class=\"yoast-schema-graph\">{\"@context\":\"https:\/\/schema.org\",\"@graph\":[{\"@type\":\"WebPage\",\"@id\":\"https:\/\/redfoxlotto.com\/no\/resultater\/powerball-au\/\",\"url\":\"https:\/\/redfoxlotto.com\/no\/resultater\/powerball-au\/\",\"name\":\"Powerball Australia vinnertall\",\"isPartOf\":{\"@id\":\"https:\/\/redfoxlotto.com\/no\/#website\"},\"primaryImageOfPage\":{\"@id\":\"https:\/\/redfoxlotto.com\/no\/resultater\/powerball-au\/#primaryimage\"},\"image\":{\"@id\":\"https:\/\/redfoxlotto.com\/no\/resultater\/powerball-au\/#primaryimage\"},\"thumbnailUrl\":\"https:\/\/content.redfoxlotto.com\/uploads\/sites\/9\/1_winning_online_lottery.jpg\",\"datePublished\":\"2018-11-18T08:54:25+00:00\",\"dateModified\":\"2023-05-31T05:50:15+00:00\",\"description\":\"F\u00e5 de siste resultatene for Powerball Australia her, pluss et arkiv for tidligere trekninger\",\"breadcrumb\":{\"@id\":\"https:\/\/redfoxlotto.com\/no\/resultater\/powerball-au\/#breadcrumb\"},\"inLanguage\":\"nb-NO\",\"potentialAction\":[{\"@type\":\"ReadAction\",\"target\":[\"https:\/\/redfoxlotto.com\/no\/resultater\/powerball-au\/\"]}]},{\"@type\":\"ImageObject\",\"inLanguage\":\"nb-NO\",\"@id\":\"https:\/\/redfoxlotto.com\/no\/resultater\/powerball-au\/#primaryimage\",\"url\":\"https:\/\/content.redfoxlotto.com\/uploads\/sites\/9\/1_winning_online_lottery.jpg\",\"contentUrl\":\"https:\/\/content.redfoxlotto.com\/uploads\/sites\/9\/1_winning_online_lottery.jpg\"},{\"@type\":\"BreadcrumbList\",\"@id\":\"https:\/\/redfoxlotto.com\/no\/resultater\/powerball-au\/#breadcrumb\",\"itemListElement\":[{\"@type\":\"ListItem\",\"position\":1,\"name\":\"Home\",\"item\":\"https:\/\/redfoxlotto.com\/no\/\"},{\"@type\":\"ListItem\",\"position\":2,\"name\":\"Internasjonale lotteriresultater\",\"item\":\"https:\/\/redfoxlotto.com\/no\/resultater\/\"},{\"@type\":\"ListItem\",\"position\":3,\"name\":\"Resultater fra Powerball Australia\"}]},{\"@type\":\"WebSite\",\"@id\":\"https:\/\/redfoxlotto.com\/no\/#website\",\"url\":\"https:\/\/redfoxlotto.com\/no\/\",\"name\":\"Get Tickets for the World\u2019s largest jackpots\",\"description\":\"Participate in worldwide lottery jackpots from any country\",\"publisher\":{\"@id\":\"https:\/\/redfoxlotto.com\/no\/#organization\"},\"potentialAction\":[{\"@type\":\"SearchAction\",\"target\":{\"@type\":\"EntryPoint\",\"urlTemplate\":\"https:\/\/redfoxlotto.com\/no\/?s={search_term_string}\"},\"query-input\":{\"@type\":\"PropertyValueSpecification\",\"valueRequired\":true,\"valueName\":\"search_term_string\"}}],\"inLanguage\":\"nb-NO\"},{\"@type\":\"Organization\",\"@id\":\"https:\/\/redfoxlotto.com\/no\/#organization\",\"name\":\"Get Tickets for the World\u2019s largest jackpots\",\"url\":\"https:\/\/redfoxlotto.com\/no\/\",\"logo\":{\"@type\":\"ImageObject\",\"inLanguage\":\"nb-NO\",\"@id\":\"https:\/\/redfoxlotto.com\/no\/#\/schema\/logo\/image\/\",\"url\":\"https:\/\/redfoxlotto.com\/wp-content\/uploads\/2023\/04\/logo.png\",\"contentUrl\":\"https:\/\/redfoxlotto.com\/wp-content\/uploads\/2023\/04\/logo.png\",\"width\":269,\"height\":53,\"caption\":\"Get Tickets for the World\u2019s largest jackpots\"},\"image\":{\"@id\":\"https:\/\/redfoxlotto.com\/no\/#\/schema\/logo\/image\/\"}}]}<\/script>\n<!-- \/ Yoast SEO plugin. -->","yoast_head_json":{"title":"Powerball Australia vinnertall","description":"F\u00e5 de siste resultatene for Powerball Australia her, pluss et arkiv for tidligere trekninger","robots":{"index":"index","follow":"follow","max-snippet":"max-snippet:-1","max-image-preview":"max-image-preview:large","max-video-preview":"max-video-preview:-1"},"canonical":"https:\/\/redfoxlotto.com\/no\/resultater\/powerball-au\/","og_locale":"nb_NO","og_type":"article","og_title":"Powerball Australia vinnertall","og_description":"F\u00e5 de siste resultatene for Powerball Australia her, pluss et arkiv for tidligere trekninger","og_url":"https:\/\/redfoxlotto.com\/no\/resultater\/powerball-au\/","og_site_name":"Get Tickets for the World\u2019s largest jackpots","article_modified_time":"2023-05-31T05:50:15+00:00","og_image":[{"url":"https:\/\/content.redfoxlotto.com\/uploads\/sites\/9\/1_winning_online_lottery.jpg"}],"twitter_card":"summary_large_image","twitter_misc":{"Ansl. lesetid":"1 minutt"},"schema":{"@context":"https:\/\/schema.org","@graph":[{"@type":"WebPage","@id":"https:\/\/redfoxlotto.com\/no\/resultater\/powerball-au\/","url":"https:\/\/redfoxlotto.com\/no\/resultater\/powerball-au\/","name":"Powerball Australia vinnertall","isPartOf":{"@id":"https:\/\/redfoxlotto.com\/no\/#website"},"primaryImageOfPage":{"@id":"https:\/\/redfoxlotto.com\/no\/resultater\/powerball-au\/#primaryimage"},"image":{"@id":"https:\/\/redfoxlotto.com\/no\/resultater\/powerball-au\/#primaryimage"},"thumbnailUrl":"https:\/\/content.redfoxlotto.com\/uploads\/sites\/9\/1_winning_online_lottery.jpg","datePublished":"2018-11-18T08:54:25+00:00","dateModified":"2023-05-31T05:50:15+00:00","description":"F\u00e5 de siste resultatene for Powerball Australia her, pluss et arkiv for tidligere trekninger","breadcrumb":{"@id":"https:\/\/redfoxlotto.com\/no\/resultater\/powerball-au\/#breadcrumb"},"inLanguage":"nb-NO","potentialAction":[{"@type":"ReadAction","target":["https:\/\/redfoxlotto.com\/no\/resultater\/powerball-au\/"]}]},{"@type":"ImageObject","inLanguage":"nb-NO","@id":"https:\/\/redfoxlotto.com\/no\/resultater\/powerball-au\/#primaryimage","url":"https:\/\/content.redfoxlotto.com\/uploads\/sites\/9\/1_winning_online_lottery.jpg","contentUrl":"https:\/\/content.redfoxlotto.com\/uploads\/sites\/9\/1_winning_online_lottery.jpg"},{"@type":"BreadcrumbList","@id":"https:\/\/redfoxlotto.com\/no\/resultater\/powerball-au\/#breadcrumb","itemListElement":[{"@type":"ListItem","position":1,"name":"Home","item":"https:\/\/redfoxlotto.com\/no\/"},{"@type":"ListItem","position":2,"name":"Internasjonale lotteriresultater","item":"https:\/\/redfoxlotto.com\/no\/resultater\/"},{"@type":"ListItem","position":3,"name":"Resultater fra Powerball Australia"}]},{"@type":"WebSite","@id":"https:\/\/redfoxlotto.com\/no\/#website","url":"https:\/\/redfoxlotto.com\/no\/","name":"Get Tickets for the World\u2019s largest jackpots","description":"Participate in worldwide lottery jackpots from any country","publisher":{"@id":"https:\/\/redfoxlotto.com\/no\/#organization"},"potentialAction":[{"@type":"SearchAction","target":{"@type":"EntryPoint","urlTemplate":"https:\/\/redfoxlotto.com\/no\/?s={search_term_string}"},"query-input":{"@type":"PropertyValueSpecification","valueRequired":true,"valueName":"search_term_string"}}],"inLanguage":"nb-NO"},{"@type":"Organization","@id":"https:\/\/redfoxlotto.com\/no\/#organization","name":"Get Tickets for the World\u2019s largest jackpots","url":"https:\/\/redfoxlotto.com\/no\/","logo":{"@type":"ImageObject","inLanguage":"nb-NO","@id":"https:\/\/redfoxlotto.com\/no\/#\/schema\/logo\/image\/","url":"https:\/\/redfoxlotto.com\/wp-content\/uploads\/2023\/04\/logo.png","contentUrl":"https:\/\/redfoxlotto.com\/wp-content\/uploads\/2023\/04\/logo.png","width":269,"height":53,"caption":"Get Tickets for the World\u2019s largest jackpots"},"image":{"@id":"https:\/\/redfoxlotto.com\/no\/#\/schema\/logo\/image\/"}}]}},"_links":{"self":[{"href":"https:\/\/redfoxlotto.com\/no\/wp-json\/wp\/v2\/pages\/60832","targetHints":{"allow":["GET"]}}],"collection":[{"href":"https:\/\/redfoxlotto.com\/no\/wp-json\/wp\/v2\/pages"}],"about":[{"href":"https:\/\/redfoxlotto.com\/no\/wp-json\/wp\/v2\/types\/page"}],"author":[{"embeddable":true,"href":"https:\/\/redfoxlotto.com\/no\/wp-json\/wp\/v2\/users\/1"}],"replies":[{"embeddable":true,"href":"https:\/\/redfoxlotto.com\/no\/wp-json\/wp\/v2\/comments?post=60832"}],"version-history":[{"count":0,"href":"https:\/\/redfoxlotto.com\/no\/wp-json\/wp\/v2\/pages\/60832\/revisions"}],"up":[{"embeddable":true,"href":"https:\/\/redfoxlotto.com\/no\/wp-json\/wp\/v2\/pages\/60582"}],"wp:attachment":[{"href":"https:\/\/redfoxlotto.com\/no\/wp-json\/wp\/v2\/media?parent=60832"}],"curies":[{"name":"wp","href":"https:\/\/api.w.org\/{rel}","templated":true}]}}