{"id":60826,"date":"2020-08-18T09:14:14","date_gmt":"2020-08-18T09:14:14","guid":{"rendered":"https:\/\/redfoxlotto.eu\/?page_id=60826"},"modified":"2023-05-31T05:42:54","modified_gmt":"2023-05-31T05:42:54","slug":"lotto-at","status":"publish","type":"page","link":"https:\/\/redfoxlotto.com\/no\/resultater\/lotto-at\/","title":{"rendered":"Resultater fra Lotto \u00d8sterrike"},"content":{"rendered":"<h2>\u00d8sterrikske vinnertall i Lotto<\/h2>\n<p>Hvor skal du finne de \u00f8sterrikske Lotto-vinnertallene etter at trekningen er over? Alt du trenger \u00e5 gj\u00f8re er \u00e5 logge inn p\u00e5 nettstedet v\u00e5rt der du kj\u00f8pte billettene dine, og tallene vil v\u00e6re der for deg.<\/p>\n<h2>Sjekke de siste resultatene<\/h2>\n<p>Med RedFoxLotto.com kan du finne de siste resultatene for alle favorittspillene dine direkte p\u00e5 nettstedet v\u00e5rt. Du trenger ikke \u00e5 bekymre deg for noe fordi alt kommer til \u00e5 v\u00e6re der. Men hvis du har kj\u00f8pt dine egne billetter, blir det faktisk enda enklere \u00e5 finne de riktige resultatene.<\/p>\n<h2>Sjekke resultatene dine<\/h2>\n<p>Hvis billettene dine har de \u00f8sterrikske Lotto-vinnertallene, vet du det med en gang. Det er fordi du bare logger inn p\u00e5 din personlige konto, sjekker ut &laquo;Mine billetter&raquo; og ser hvilke tall som samsvarer med vinnertallene fra de siste trekningene.<br \/>\nAlle loddene du kj\u00f8per til et hvilket som helst spill vil v\u00e6re tilgjengelige her, og du vil kunne se hvilke tall du har til felles med vinnerloddet, samt hva du kan ha vunnet. Hvis det er et bel\u00f8p opp til \u20ac2500,00, vil det til og med bli satt inn p\u00e5 kontoen din med en gang.<\/p>\n<h2>\u00d8sterriksk Lotto-resultatarkiv<\/h2>\n<p>N\u00e5r du kjenner de n\u00e5v\u00e6rende \u00f8sterrikske Lotto-vinnertallene, vil du kanskje vite noen av de gamle. Alt du trenger \u00e5 gj\u00f8re er \u00e5 sjekke ut resultatarkivet, og du kan se hvilke tall som har vunnet tidligere og hvilke som pleier \u00e5 vinne oftest.<\/p>\n","protected":false},"excerpt":{"rendered":"<p>\u00d8sterrikske vinnertall i Lotto Hvor skal du finne de \u00f8sterrikske Lotto-vinnertallene etter at trekningen er over? Alt du trenger \u00e5 gj\u00f8re er \u00e5 logge inn p\u00e5 nettstedet v\u00e5rt der du kj\u00f8pte billettene dine, og tallene vil v\u00e6re der for deg. Sjekke de siste resultatene Med RedFoxLotto.com kan du finne de siste resultatene for alle favorittspillene [&hellip;]<\/p>\n","protected":false},"author":1,"featured_media":0,"parent":60582,"menu_order":16,"comment_status":"closed","ping_status":"closed","template":"","meta":{"_et_pb_use_builder":"","_et_pb_old_content":"","_et_gb_content_width":"","exclude_from_search":false,"footnotes":""},"class_list":["post-60826","page","type-page","status-publish","hentry"],"yoast_head":"<!-- This site is optimized with the Yoast SEO plugin v23.8 - https:\/\/yoast.com\/wordpress\/plugins\/seo\/ -->\n<title>Vinnertall og resultater for det \u00f8sterrikske lotteriet<\/title>\n<meta name=\"description\" content=\"Ukentlige nye og tidligere trekningsresultater for det \u00f8sterrikske lotteriet\" \/>\n<meta name=\"robots\" content=\"index, follow, max-snippet:-1, max-image-preview:large, max-video-preview:-1\" \/>\n<link rel=\"canonical\" href=\"https:\/\/redfoxlotto.com\/no\/resultater\/lotto-at\/\" \/>\n<meta property=\"og:locale\" content=\"nb_NO\" \/>\n<meta property=\"og:type\" content=\"article\" \/>\n<meta property=\"og:title\" content=\"Vinnertall og resultater for det \u00f8sterrikske lotteriet\" \/>\n<meta property=\"og:description\" content=\"Ukentlige nye og tidligere trekningsresultater for det \u00f8sterrikske lotteriet\" \/>\n<meta property=\"og:url\" content=\"https:\/\/redfoxlotto.com\/no\/resultater\/lotto-at\/\" \/>\n<meta property=\"og:site_name\" content=\"Get Tickets for the World\u2019s largest jackpots\" \/>\n<meta property=\"article:modified_time\" content=\"2023-05-31T05:42:54+00:00\" \/>\n<meta name=\"twitter:card\" content=\"summary_large_image\" \/>\n<meta name=\"twitter:label1\" content=\"Ansl. lesetid\" \/>\n\t<meta name=\"twitter:data1\" content=\"2 minutter\" \/>\n<script type=\"application\/ld+json\" class=\"yoast-schema-graph\">{\"@context\":\"https:\/\/schema.org\",\"@graph\":[{\"@type\":\"WebPage\",\"@id\":\"https:\/\/redfoxlotto.com\/no\/resultater\/lotto-at\/\",\"url\":\"https:\/\/redfoxlotto.com\/no\/resultater\/lotto-at\/\",\"name\":\"Vinnertall og resultater for det \u00f8sterrikske lotteriet\",\"isPartOf\":{\"@id\":\"https:\/\/redfoxlotto.com\/no\/#website\"},\"datePublished\":\"2020-08-18T09:14:14+00:00\",\"dateModified\":\"2023-05-31T05:42:54+00:00\",\"description\":\"Ukentlige nye og tidligere trekningsresultater for det \u00f8sterrikske lotteriet\",\"breadcrumb\":{\"@id\":\"https:\/\/redfoxlotto.com\/no\/resultater\/lotto-at\/#breadcrumb\"},\"inLanguage\":\"nb-NO\",\"potentialAction\":[{\"@type\":\"ReadAction\",\"target\":[\"https:\/\/redfoxlotto.com\/no\/resultater\/lotto-at\/\"]}]},{\"@type\":\"BreadcrumbList\",\"@id\":\"https:\/\/redfoxlotto.com\/no\/resultater\/lotto-at\/#breadcrumb\",\"itemListElement\":[{\"@type\":\"ListItem\",\"position\":1,\"name\":\"Home\",\"item\":\"https:\/\/redfoxlotto.com\/no\/\"},{\"@type\":\"ListItem\",\"position\":2,\"name\":\"Internasjonale lotteriresultater\",\"item\":\"https:\/\/redfoxlotto.com\/no\/resultater\/\"},{\"@type\":\"ListItem\",\"position\":3,\"name\":\"Resultater fra Lotto \u00d8sterrike\"}]},{\"@type\":\"WebSite\",\"@id\":\"https:\/\/redfoxlotto.com\/no\/#website\",\"url\":\"https:\/\/redfoxlotto.com\/no\/\",\"name\":\"Get Tickets for the World\u2019s largest jackpots\",\"description\":\"Participate in worldwide lottery jackpots from any country\",\"publisher\":{\"@id\":\"https:\/\/redfoxlotto.com\/no\/#organization\"},\"potentialAction\":[{\"@type\":\"SearchAction\",\"target\":{\"@type\":\"EntryPoint\",\"urlTemplate\":\"https:\/\/redfoxlotto.com\/no\/?s={search_term_string}\"},\"query-input\":{\"@type\":\"PropertyValueSpecification\",\"valueRequired\":true,\"valueName\":\"search_term_string\"}}],\"inLanguage\":\"nb-NO\"},{\"@type\":\"Organization\",\"@id\":\"https:\/\/redfoxlotto.com\/no\/#organization\",\"name\":\"Get Tickets for the World\u2019s largest jackpots\",\"url\":\"https:\/\/redfoxlotto.com\/no\/\",\"logo\":{\"@type\":\"ImageObject\",\"inLanguage\":\"nb-NO\",\"@id\":\"https:\/\/redfoxlotto.com\/no\/#\/schema\/logo\/image\/\",\"url\":\"https:\/\/redfoxlotto.com\/wp-content\/uploads\/2023\/04\/logo.png\",\"contentUrl\":\"https:\/\/redfoxlotto.com\/wp-content\/uploads\/2023\/04\/logo.png\",\"width\":269,\"height\":53,\"caption\":\"Get Tickets for the World\u2019s largest jackpots\"},\"image\":{\"@id\":\"https:\/\/redfoxlotto.com\/no\/#\/schema\/logo\/image\/\"}}]}<\/script>\n<!-- \/ Yoast SEO plugin. -->","yoast_head_json":{"title":"Vinnertall og resultater for det \u00f8sterrikske lotteriet","description":"Ukentlige nye og tidligere trekningsresultater for det \u00f8sterrikske lotteriet","robots":{"index":"index","follow":"follow","max-snippet":"max-snippet:-1","max-image-preview":"max-image-preview:large","max-video-preview":"max-video-preview:-1"},"canonical":"https:\/\/redfoxlotto.com\/no\/resultater\/lotto-at\/","og_locale":"nb_NO","og_type":"article","og_title":"Vinnertall og resultater for det \u00f8sterrikske lotteriet","og_description":"Ukentlige nye og tidligere trekningsresultater for det \u00f8sterrikske lotteriet","og_url":"https:\/\/redfoxlotto.com\/no\/resultater\/lotto-at\/","og_site_name":"Get Tickets for the World\u2019s largest jackpots","article_modified_time":"2023-05-31T05:42:54+00:00","twitter_card":"summary_large_image","twitter_misc":{"Ansl. lesetid":"2 minutter"},"schema":{"@context":"https:\/\/schema.org","@graph":[{"@type":"WebPage","@id":"https:\/\/redfoxlotto.com\/no\/resultater\/lotto-at\/","url":"https:\/\/redfoxlotto.com\/no\/resultater\/lotto-at\/","name":"Vinnertall og resultater for det \u00f8sterrikske lotteriet","isPartOf":{"@id":"https:\/\/redfoxlotto.com\/no\/#website"},"datePublished":"2020-08-18T09:14:14+00:00","dateModified":"2023-05-31T05:42:54+00:00","description":"Ukentlige nye og tidligere trekningsresultater for det \u00f8sterrikske lotteriet","breadcrumb":{"@id":"https:\/\/redfoxlotto.com\/no\/resultater\/lotto-at\/#breadcrumb"},"inLanguage":"nb-NO","potentialAction":[{"@type":"ReadAction","target":["https:\/\/redfoxlotto.com\/no\/resultater\/lotto-at\/"]}]},{"@type":"BreadcrumbList","@id":"https:\/\/redfoxlotto.com\/no\/resultater\/lotto-at\/#breadcrumb","itemListElement":[{"@type":"ListItem","position":1,"name":"Home","item":"https:\/\/redfoxlotto.com\/no\/"},{"@type":"ListItem","position":2,"name":"Internasjonale lotteriresultater","item":"https:\/\/redfoxlotto.com\/no\/resultater\/"},{"@type":"ListItem","position":3,"name":"Resultater fra Lotto \u00d8sterrike"}]},{"@type":"WebSite","@id":"https:\/\/redfoxlotto.com\/no\/#website","url":"https:\/\/redfoxlotto.com\/no\/","name":"Get Tickets for the World\u2019s largest jackpots","description":"Participate in worldwide lottery jackpots from any country","publisher":{"@id":"https:\/\/redfoxlotto.com\/no\/#organization"},"potentialAction":[{"@type":"SearchAction","target":{"@type":"EntryPoint","urlTemplate":"https:\/\/redfoxlotto.com\/no\/?s={search_term_string}"},"query-input":{"@type":"PropertyValueSpecification","valueRequired":true,"valueName":"search_term_string"}}],"inLanguage":"nb-NO"},{"@type":"Organization","@id":"https:\/\/redfoxlotto.com\/no\/#organization","name":"Get Tickets for the World\u2019s largest jackpots","url":"https:\/\/redfoxlotto.com\/no\/","logo":{"@type":"ImageObject","inLanguage":"nb-NO","@id":"https:\/\/redfoxlotto.com\/no\/#\/schema\/logo\/image\/","url":"https:\/\/redfoxlotto.com\/wp-content\/uploads\/2023\/04\/logo.png","contentUrl":"https:\/\/redfoxlotto.com\/wp-content\/uploads\/2023\/04\/logo.png","width":269,"height":53,"caption":"Get Tickets for the World\u2019s largest jackpots"},"image":{"@id":"https:\/\/redfoxlotto.com\/no\/#\/schema\/logo\/image\/"}}]}},"_links":{"self":[{"href":"https:\/\/redfoxlotto.com\/no\/wp-json\/wp\/v2\/pages\/60826","targetHints":{"allow":["GET"]}}],"collection":[{"href":"https:\/\/redfoxlotto.com\/no\/wp-json\/wp\/v2\/pages"}],"about":[{"href":"https:\/\/redfoxlotto.com\/no\/wp-json\/wp\/v2\/types\/page"}],"author":[{"embeddable":true,"href":"https:\/\/redfoxlotto.com\/no\/wp-json\/wp\/v2\/users\/1"}],"replies":[{"embeddable":true,"href":"https:\/\/redfoxlotto.com\/no\/wp-json\/wp\/v2\/comments?post=60826"}],"version-history":[{"count":0,"href":"https:\/\/redfoxlotto.com\/no\/wp-json\/wp\/v2\/pages\/60826\/revisions"}],"up":[{"embeddable":true,"href":"https:\/\/redfoxlotto.com\/no\/wp-json\/wp\/v2\/pages\/60582"}],"wp:attachment":[{"href":"https:\/\/redfoxlotto.com\/no\/wp-json\/wp\/v2\/media?parent=60826"}],"curies":[{"name":"wp","href":"https:\/\/api.w.org\/{rel}","templated":true}]}}