{"id":60823,"date":"2020-08-18T09:23:56","date_gmt":"2020-08-18T09:23:56","guid":{"rendered":"https:\/\/redfoxlotto.eu\/?page_id=60823"},"modified":"2024-07-01T10:57:01","modified_gmt":"2024-07-01T10:57:01","slug":"lotto-6aus49","status":"publish","type":"page","link":"https:\/\/redfoxlotto.com\/no\/resultater\/lotto-6aus49\/","title":{"rendered":"Tyske Lotto-resultater"},"content":{"rendered":"<h2>Vinnertallene i tyske Lotto 6aus49<\/h2>\n<p>Hvis du har spilt p\u00e5 tyske Lotto, vil du vite om du har vunnet noe, og det betyr at du trenger \u00e5 vite vinnertallene. Eller hvis du vil spille noen av tallene<\/p>\n<p>som har vunnet nylig eller oftest, m\u00e5 du vite hva disse tallene er, men hvordan sjekker du tyske Lotto 6aus49 vinnertall?<\/p>\n<h2>Sjekke de siste resultatene<\/h2>\n<p>Du kan sjekke de siste resultatene for dette lottospillet direkte p\u00e5 nettet, og du kan ogs\u00e5 gj\u00f8re det fra RedFoxLotto.com. Alt du trenger \u00e5 gj\u00f8re er \u00e5 bes\u00f8ke nettstedet, og du vil kunne se vinnertallene for alle favorittspillene dine.<\/p>\n<p>Hvis du faktisk har spilt dette spillet (eller andre) kan du logge deg inn p\u00e5 kontoen din for \u00e5 sjekke vinnertallene der, og det er slik du finner ut om du har vunnet noe.<\/p>\n<h2>Har du vunnet?<\/h2>\n<p>Hvis du har spilt et av lottospillene p\u00e5 nettstedet v\u00e5rt og vunnet, f\u00e5r du vite det umiddelbart fordi du kan logge deg inn p\u00e5 kontoen din og se vinnertallene sammenlignet med dine<\/p>\n<p>din egen. Alle tallene som matcher vil bli uthevet slik at du kan se dem. Og gevinsten din blir automatisk satt inn p\u00e5 kontoen din ogs\u00e5.<\/p>\n<h2>Sjekke gamle tall<\/h2>\n<p>Hvis du vil vite noen av de tyske Lotto 6aus49-vinnertallene fra f\u00f8r, kan du sjekke ut resultatarkivet. Du finner gamle tall som du kan bruke til hva du vil.<\/p>\n","protected":false},"excerpt":{"rendered":"<p>Vinnertallene i tyske Lotto 6aus49 Hvis du har spilt p\u00e5 tyske Lotto, vil du vite om du har vunnet noe, og det betyr at du trenger \u00e5 vite vinnertallene. Eller hvis du vil spille noen av tallene som har vunnet nylig eller oftest, m\u00e5 du vite hva disse tallene er, men hvordan sjekker du tyske [&hellip;]<\/p>\n","protected":false},"author":1,"featured_media":0,"parent":60582,"menu_order":15,"comment_status":"closed","ping_status":"closed","template":"lotto-german-results.php","meta":{"_et_pb_use_builder":"","_et_pb_old_content":"","_et_gb_content_width":"","exclude_from_search":false,"footnotes":""},"class_list":["post-60823","page","type-page","status-publish","hentry"],"yoast_head":"<!-- This site is optimized with the Yoast SEO plugin v23.8 - https:\/\/yoast.com\/wordpress\/plugins\/seo\/ -->\n<title>Tyske lottotrekningsresultater og vinnende tallkombinasjoner, pluss arkiv<\/title>\n<meta name=\"description\" content=\"Har du valgt vinnertallene for tyske Lotto? Sjekk trekningsresultatene p\u00e5 nettstedet v\u00e5rt\" \/>\n<meta name=\"robots\" content=\"index, follow, max-snippet:-1, max-image-preview:large, max-video-preview:-1\" \/>\n<link rel=\"canonical\" href=\"https:\/\/redfoxlotto.com\/no\/resultater\/lotto-6aus49\/\" \/>\n<meta property=\"og:locale\" content=\"nb_NO\" \/>\n<meta property=\"og:type\" content=\"article\" \/>\n<meta property=\"og:title\" content=\"Tyske lottotrekningsresultater og vinnende tallkombinasjoner, pluss arkiv\" \/>\n<meta property=\"og:description\" content=\"Har du valgt vinnertallene for tyske Lotto? Sjekk trekningsresultatene p\u00e5 nettstedet v\u00e5rt\" \/>\n<meta property=\"og:url\" content=\"https:\/\/redfoxlotto.com\/no\/resultater\/lotto-6aus49\/\" \/>\n<meta property=\"og:site_name\" content=\"Get Tickets for the World\u2019s largest jackpots\" \/>\n<meta property=\"article:modified_time\" content=\"2024-07-01T10:57:01+00:00\" \/>\n<meta name=\"twitter:card\" content=\"summary_large_image\" \/>\n<meta name=\"twitter:label1\" content=\"Ansl. lesetid\" \/>\n\t<meta name=\"twitter:data1\" content=\"1 minutt\" \/>\n<script type=\"application\/ld+json\" class=\"yoast-schema-graph\">{\"@context\":\"https:\/\/schema.org\",\"@graph\":[{\"@type\":\"WebPage\",\"@id\":\"https:\/\/redfoxlotto.com\/no\/resultater\/lotto-6aus49\/\",\"url\":\"https:\/\/redfoxlotto.com\/no\/resultater\/lotto-6aus49\/\",\"name\":\"Tyske lottotrekningsresultater og vinnende tallkombinasjoner, pluss arkiv\",\"isPartOf\":{\"@id\":\"https:\/\/redfoxlotto.com\/no\/#website\"},\"datePublished\":\"2020-08-18T09:23:56+00:00\",\"dateModified\":\"2024-07-01T10:57:01+00:00\",\"description\":\"Har du valgt vinnertallene for tyske Lotto? Sjekk trekningsresultatene p\u00e5 nettstedet v\u00e5rt\",\"breadcrumb\":{\"@id\":\"https:\/\/redfoxlotto.com\/no\/resultater\/lotto-6aus49\/#breadcrumb\"},\"inLanguage\":\"nb-NO\",\"potentialAction\":[{\"@type\":\"ReadAction\",\"target\":[\"https:\/\/redfoxlotto.com\/no\/resultater\/lotto-6aus49\/\"]}]},{\"@type\":\"BreadcrumbList\",\"@id\":\"https:\/\/redfoxlotto.com\/no\/resultater\/lotto-6aus49\/#breadcrumb\",\"itemListElement\":[{\"@type\":\"ListItem\",\"position\":1,\"name\":\"Home\",\"item\":\"https:\/\/redfoxlotto.com\/no\/\"},{\"@type\":\"ListItem\",\"position\":2,\"name\":\"Internasjonale lotteriresultater\",\"item\":\"https:\/\/redfoxlotto.com\/no\/resultater\/\"},{\"@type\":\"ListItem\",\"position\":3,\"name\":\"Tyske Lotto-resultater\"}]},{\"@type\":\"WebSite\",\"@id\":\"https:\/\/redfoxlotto.com\/no\/#website\",\"url\":\"https:\/\/redfoxlotto.com\/no\/\",\"name\":\"Get Tickets for the World\u2019s largest jackpots\",\"description\":\"Participate in worldwide lottery jackpots from any country\",\"publisher\":{\"@id\":\"https:\/\/redfoxlotto.com\/no\/#organization\"},\"potentialAction\":[{\"@type\":\"SearchAction\",\"target\":{\"@type\":\"EntryPoint\",\"urlTemplate\":\"https:\/\/redfoxlotto.com\/no\/?s={search_term_string}\"},\"query-input\":{\"@type\":\"PropertyValueSpecification\",\"valueRequired\":true,\"valueName\":\"search_term_string\"}}],\"inLanguage\":\"nb-NO\"},{\"@type\":\"Organization\",\"@id\":\"https:\/\/redfoxlotto.com\/no\/#organization\",\"name\":\"Get Tickets for the World\u2019s largest jackpots\",\"url\":\"https:\/\/redfoxlotto.com\/no\/\",\"logo\":{\"@type\":\"ImageObject\",\"inLanguage\":\"nb-NO\",\"@id\":\"https:\/\/redfoxlotto.com\/no\/#\/schema\/logo\/image\/\",\"url\":\"https:\/\/redfoxlotto.com\/wp-content\/uploads\/2023\/04\/logo.png\",\"contentUrl\":\"https:\/\/redfoxlotto.com\/wp-content\/uploads\/2023\/04\/logo.png\",\"width\":269,\"height\":53,\"caption\":\"Get Tickets for the World\u2019s largest jackpots\"},\"image\":{\"@id\":\"https:\/\/redfoxlotto.com\/no\/#\/schema\/logo\/image\/\"}}]}<\/script>\n<!-- \/ Yoast SEO plugin. -->","yoast_head_json":{"title":"Tyske lottotrekningsresultater og vinnende tallkombinasjoner, pluss arkiv","description":"Har du valgt vinnertallene for tyske Lotto? Sjekk trekningsresultatene p\u00e5 nettstedet v\u00e5rt","robots":{"index":"index","follow":"follow","max-snippet":"max-snippet:-1","max-image-preview":"max-image-preview:large","max-video-preview":"max-video-preview:-1"},"canonical":"https:\/\/redfoxlotto.com\/no\/resultater\/lotto-6aus49\/","og_locale":"nb_NO","og_type":"article","og_title":"Tyske lottotrekningsresultater og vinnende tallkombinasjoner, pluss arkiv","og_description":"Har du valgt vinnertallene for tyske Lotto? Sjekk trekningsresultatene p\u00e5 nettstedet v\u00e5rt","og_url":"https:\/\/redfoxlotto.com\/no\/resultater\/lotto-6aus49\/","og_site_name":"Get Tickets for the World\u2019s largest jackpots","article_modified_time":"2024-07-01T10:57:01+00:00","twitter_card":"summary_large_image","twitter_misc":{"Ansl. lesetid":"1 minutt"},"schema":{"@context":"https:\/\/schema.org","@graph":[{"@type":"WebPage","@id":"https:\/\/redfoxlotto.com\/no\/resultater\/lotto-6aus49\/","url":"https:\/\/redfoxlotto.com\/no\/resultater\/lotto-6aus49\/","name":"Tyske lottotrekningsresultater og vinnende tallkombinasjoner, pluss arkiv","isPartOf":{"@id":"https:\/\/redfoxlotto.com\/no\/#website"},"datePublished":"2020-08-18T09:23:56+00:00","dateModified":"2024-07-01T10:57:01+00:00","description":"Har du valgt vinnertallene for tyske Lotto? Sjekk trekningsresultatene p\u00e5 nettstedet v\u00e5rt","breadcrumb":{"@id":"https:\/\/redfoxlotto.com\/no\/resultater\/lotto-6aus49\/#breadcrumb"},"inLanguage":"nb-NO","potentialAction":[{"@type":"ReadAction","target":["https:\/\/redfoxlotto.com\/no\/resultater\/lotto-6aus49\/"]}]},{"@type":"BreadcrumbList","@id":"https:\/\/redfoxlotto.com\/no\/resultater\/lotto-6aus49\/#breadcrumb","itemListElement":[{"@type":"ListItem","position":1,"name":"Home","item":"https:\/\/redfoxlotto.com\/no\/"},{"@type":"ListItem","position":2,"name":"Internasjonale lotteriresultater","item":"https:\/\/redfoxlotto.com\/no\/resultater\/"},{"@type":"ListItem","position":3,"name":"Tyske Lotto-resultater"}]},{"@type":"WebSite","@id":"https:\/\/redfoxlotto.com\/no\/#website","url":"https:\/\/redfoxlotto.com\/no\/","name":"Get Tickets for the World\u2019s largest jackpots","description":"Participate in worldwide lottery jackpots from any country","publisher":{"@id":"https:\/\/redfoxlotto.com\/no\/#organization"},"potentialAction":[{"@type":"SearchAction","target":{"@type":"EntryPoint","urlTemplate":"https:\/\/redfoxlotto.com\/no\/?s={search_term_string}"},"query-input":{"@type":"PropertyValueSpecification","valueRequired":true,"valueName":"search_term_string"}}],"inLanguage":"nb-NO"},{"@type":"Organization","@id":"https:\/\/redfoxlotto.com\/no\/#organization","name":"Get Tickets for the World\u2019s largest jackpots","url":"https:\/\/redfoxlotto.com\/no\/","logo":{"@type":"ImageObject","inLanguage":"nb-NO","@id":"https:\/\/redfoxlotto.com\/no\/#\/schema\/logo\/image\/","url":"https:\/\/redfoxlotto.com\/wp-content\/uploads\/2023\/04\/logo.png","contentUrl":"https:\/\/redfoxlotto.com\/wp-content\/uploads\/2023\/04\/logo.png","width":269,"height":53,"caption":"Get Tickets for the World\u2019s largest jackpots"},"image":{"@id":"https:\/\/redfoxlotto.com\/no\/#\/schema\/logo\/image\/"}}]}},"_links":{"self":[{"href":"https:\/\/redfoxlotto.com\/no\/wp-json\/wp\/v2\/pages\/60823","targetHints":{"allow":["GET"]}}],"collection":[{"href":"https:\/\/redfoxlotto.com\/no\/wp-json\/wp\/v2\/pages"}],"about":[{"href":"https:\/\/redfoxlotto.com\/no\/wp-json\/wp\/v2\/types\/page"}],"author":[{"embeddable":true,"href":"https:\/\/redfoxlotto.com\/no\/wp-json\/wp\/v2\/users\/1"}],"replies":[{"embeddable":true,"href":"https:\/\/redfoxlotto.com\/no\/wp-json\/wp\/v2\/comments?post=60823"}],"version-history":[{"count":0,"href":"https:\/\/redfoxlotto.com\/no\/wp-json\/wp\/v2\/pages\/60823\/revisions"}],"up":[{"embeddable":true,"href":"https:\/\/redfoxlotto.com\/no\/wp-json\/wp\/v2\/pages\/60582"}],"wp:attachment":[{"href":"https:\/\/redfoxlotto.com\/no\/wp-json\/wp\/v2\/media?parent=60823"}],"curies":[{"name":"wp","href":"https:\/\/api.w.org\/{rel}","templated":true}]}}