{"id":60812,"date":"2020-08-18T09:11:18","date_gmt":"2020-08-18T09:11:18","guid":{"rendered":"https:\/\/redfoxlotto.eu\/?page_id=60812"},"modified":"2024-10-04T01:41:11","modified_gmt":"2024-10-04T01:41:11","slug":"lotto-america","status":"publish","type":"page","link":"https:\/\/redfoxlotto.com\/no\/resultater\/lotto-america\/","title":{"rendered":"Resultater Lotto America"},"content":{"rendered":"<h2>\u00c5 spille Lotto America<\/h2>\n<p>N\u00e5r du er klar til \u00e5 spille Lotto America, er alt du trenger \u00e5 gj\u00f8re \u00e5 sjekke ut RedFoxLotto, fordi spillet er tilgjengelig der sammen med mange andre online spill. Du kan spille forskjellige lotterispill fra hele verden. Og det er der moroa virkelig kommer inn. Men hvis du er interessert i Lotto America, m\u00e5 du vite hvordan du spiller.<\/p>\n<p>Heldigvis er det enkelt \u00e5 spille dette lottospillet. Alt du trenger \u00e5 gj\u00f8re er \u00e5<\/p>\n<p><img loading=\"lazy\" decoding=\"async\" class=\" wp-image alignright\" src=\"https:\/\/content.redfoxlotto.com\/uploads\/sites\/9\/1_draw_results_lotto.jpg\" alt=\"trekkresultater lotto amerika\" width=\"251\" height=\"177\" \/><\/p>\n<p>plukke ut seks tall som du tror kommer til \u00e5 dukke opp under trekningen. Fem av disse er hvite baller for standardtallene. \u00c9n er en r\u00f8d ball for bonusnummeret. Hvis du treffer alle tallene, f\u00e5r du jackpoten. Hvis du treffer f\u00e6rre tall, vinner du likevel en premie!<\/p>\n<p>Og n\u00e5r du spiller, har du ogs\u00e5 muligheten til \u00e5 legge til All Star-bonusen, som gir deg sjansen til \u00e5 multiplisere alle andre gevinster enn jackpoten. Det betyr at du kan ende opp med en enda st\u00f8rre gevinst og mer moro ut av prosessen.<\/p>\n<h2>Har du vunnet i Lotto America?<\/h2>\n<p>Men n\u00e5r du har plukket ut tallene dine og kj\u00f8pt kupongen, hvordan vet du om du faktisk har vunnet? Det er ganske enkelt. Alt du trenger \u00e5 gj\u00f8re er \u00e5 sjekke ut RedFoxLotto. Hvis du ikke har kj\u00f8pt lodd, kan du likevel se vinnertallene for alle de siste lotteriene, noe som betyr at du kan finne ut hvor oddsen er best for deg.<br \/>\nHvis du har spilt, kan du logge deg rett inn p\u00e5 kontoen din for \u00e5 se vinnertallene og hvordan kupongene dine ligger an. Du vil kunne se eventuelle samsvarende tall du m\u00e5tte ha, slik at du kan se hvilke gevinster du har rett til. Ikke at du trenger \u00e5 bekymre deg for det fordi RedFoxLotto tar seg av den delen for deg ogs\u00e5.<\/p>\n<h2>\u00c5 vinne Lotto America<\/h2>\n<p>Hvis du vinner Lotto America eller et annet online lotterispill, blir det tatt vare p\u00e5 for deg. Sm\u00e5 premier kan deles ut umiddelbart, s\u00e5 snart resultatene kommer inn og billettene er matchet. Du trenger ikke \u00e5 gj\u00f8re noe for \u00e5 gj\u00f8re krav p\u00e5 disse premiene. Og de legges direkte inn p\u00e5 kontoen din, slik at du kan ta ut pengene eller kj\u00f8pe en ny kupong.<\/p>\n<p>Hvis du vinner st\u00f8rre premier, kan det v\u00e6re krav gjennom lotterispillet du spiller. I s\u00e5 fall forenkles alt s\u00e5 mye som mulig for deg, for \u00e5 sikre at du kan f\u00e5 gevinsten din uten problemer. P\u00e5 den m\u00e5ten kan du g\u00e5 rett tilbake til \u00e5 spille eller gj\u00f8re hva du vil med pengene dine.<\/p>\n<p>For jackpotpremier m\u00e5 du fylle ut papirer eller sende inn en eller annen form for bekreftelse. Hvis det er tilfelle, RedFoxLotto gj\u00f8r det s\u00e5 enkelt som mulig for deg \u00e5 vite hva<\/p>\n<p><img decoding=\"async\" class=\"size-full wp-image alignright\" src=\"https:\/\/content.redfoxlotto.com\/uploads\/sites\/9\/1_winner_lottery1.jpg\" alt=\"vinner\" \/><\/p>\n<p>du skal gj\u00f8re og hvordan du gj\u00f8r det. Og det fungerer for alle lotterispill som du kan vinne fra Lotto America til noen av de andre tilgjengelige p\u00e5 nettstedet.<\/p>\n<h2>Spiller igjen<\/h2>\n<p>N\u00e5r du er klar, kan du ta gevinsten din (eller sette inn mer penger) og begynne \u00e5 kj\u00f8pe lodd til neste runde med spill du vil spille. Du kan til og med bli overrasket over hvor mange forskjellige spill det finnes og hvor mye du potensielt kan vinne. Men du kommer ikke til \u00e5 bli overrasket over hvor g\u00f8y det er \u00e5 spille alle de forskjellige spillene selv. Alt du trenger \u00e5 gj\u00f8re er \u00e5 bestemme deg for hvor du vil begynne, og hvilket spill du vil spille f\u00f8rst.<\/p>\n","protected":false},"excerpt":{"rendered":"<p>\u00c5 spille Lotto America N\u00e5r du er klar til \u00e5 spille Lotto America, er alt du trenger \u00e5 gj\u00f8re \u00e5 sjekke ut RedFoxLotto, fordi spillet er tilgjengelig der sammen med mange andre online spill. Du kan spille forskjellige lotterispill fra hele verden. Og det er der moroa virkelig kommer inn. Men hvis du er interessert [&hellip;]<\/p>\n","protected":false},"author":1,"featured_media":0,"parent":60582,"menu_order":12,"comment_status":"closed","ping_status":"closed","template":"lotto-america-results.php","meta":{"_et_pb_use_builder":"","_et_pb_old_content":"","_et_gb_content_width":"","exclude_from_search":false,"footnotes":""},"class_list":["post-60812","page","type-page","status-publish","hentry"],"yoast_head":"<!-- This site is optimized with the Yoast SEO plugin v23.8 - https:\/\/yoast.com\/wordpress\/plugins\/seo\/ -->\n<title>Lotto America trekningsresultater, vinnertall<\/title>\n<meta name=\"description\" content=\"Denne ukens Lotto America-vinnertall, samt et resultatarkiv\" \/>\n<meta name=\"robots\" content=\"index, follow, max-snippet:-1, max-image-preview:large, max-video-preview:-1\" \/>\n<link rel=\"canonical\" href=\"https:\/\/redfoxlotto.com\/no\/resultater\/lotto-america\/\" \/>\n<meta property=\"og:locale\" content=\"nb_NO\" \/>\n<meta property=\"og:type\" content=\"article\" \/>\n<meta property=\"og:title\" content=\"Lotto America trekningsresultater, vinnertall\" \/>\n<meta property=\"og:description\" content=\"Denne ukens Lotto America-vinnertall, samt et resultatarkiv\" \/>\n<meta property=\"og:url\" content=\"https:\/\/redfoxlotto.com\/no\/resultater\/lotto-america\/\" \/>\n<meta property=\"og:site_name\" content=\"Get Tickets for the World\u2019s largest jackpots\" \/>\n<meta property=\"article:modified_time\" content=\"2024-10-04T01:41:11+00:00\" \/>\n<meta property=\"og:image\" content=\"https:\/\/content.redfoxlotto.com\/uploads\/sites\/9\/1_draw_results_lotto.jpg\" \/>\n<meta name=\"twitter:card\" content=\"summary_large_image\" \/>\n<meta name=\"twitter:label1\" content=\"Ansl. lesetid\" \/>\n\t<meta name=\"twitter:data1\" content=\"3 minutter\" \/>\n<script type=\"application\/ld+json\" class=\"yoast-schema-graph\">{\"@context\":\"https:\/\/schema.org\",\"@graph\":[{\"@type\":\"WebPage\",\"@id\":\"https:\/\/redfoxlotto.com\/no\/resultater\/lotto-america\/\",\"url\":\"https:\/\/redfoxlotto.com\/no\/resultater\/lotto-america\/\",\"name\":\"Lotto America trekningsresultater, vinnertall\",\"isPartOf\":{\"@id\":\"https:\/\/redfoxlotto.com\/no\/#website\"},\"primaryImageOfPage\":{\"@id\":\"https:\/\/redfoxlotto.com\/no\/resultater\/lotto-america\/#primaryimage\"},\"image\":{\"@id\":\"https:\/\/redfoxlotto.com\/no\/resultater\/lotto-america\/#primaryimage\"},\"thumbnailUrl\":\"https:\/\/content.redfoxlotto.com\/uploads\/sites\/9\/1_draw_results_lotto.jpg\",\"datePublished\":\"2020-08-18T09:11:18+00:00\",\"dateModified\":\"2024-10-04T01:41:11+00:00\",\"description\":\"Denne ukens Lotto America-vinnertall, samt et resultatarkiv\",\"breadcrumb\":{\"@id\":\"https:\/\/redfoxlotto.com\/no\/resultater\/lotto-america\/#breadcrumb\"},\"inLanguage\":\"nb-NO\",\"potentialAction\":[{\"@type\":\"ReadAction\",\"target\":[\"https:\/\/redfoxlotto.com\/no\/resultater\/lotto-america\/\"]}]},{\"@type\":\"ImageObject\",\"inLanguage\":\"nb-NO\",\"@id\":\"https:\/\/redfoxlotto.com\/no\/resultater\/lotto-america\/#primaryimage\",\"url\":\"https:\/\/content.redfoxlotto.com\/uploads\/sites\/9\/1_draw_results_lotto.jpg\",\"contentUrl\":\"https:\/\/content.redfoxlotto.com\/uploads\/sites\/9\/1_draw_results_lotto.jpg\"},{\"@type\":\"BreadcrumbList\",\"@id\":\"https:\/\/redfoxlotto.com\/no\/resultater\/lotto-america\/#breadcrumb\",\"itemListElement\":[{\"@type\":\"ListItem\",\"position\":1,\"name\":\"Home\",\"item\":\"https:\/\/redfoxlotto.com\/no\/\"},{\"@type\":\"ListItem\",\"position\":2,\"name\":\"Internasjonale lotteriresultater\",\"item\":\"https:\/\/redfoxlotto.com\/no\/resultater\/\"},{\"@type\":\"ListItem\",\"position\":3,\"name\":\"Resultater Lotto America\"}]},{\"@type\":\"WebSite\",\"@id\":\"https:\/\/redfoxlotto.com\/no\/#website\",\"url\":\"https:\/\/redfoxlotto.com\/no\/\",\"name\":\"Get Tickets for the World\u2019s largest jackpots\",\"description\":\"Participate in worldwide lottery jackpots from any country\",\"publisher\":{\"@id\":\"https:\/\/redfoxlotto.com\/no\/#organization\"},\"potentialAction\":[{\"@type\":\"SearchAction\",\"target\":{\"@type\":\"EntryPoint\",\"urlTemplate\":\"https:\/\/redfoxlotto.com\/no\/?s={search_term_string}\"},\"query-input\":{\"@type\":\"PropertyValueSpecification\",\"valueRequired\":true,\"valueName\":\"search_term_string\"}}],\"inLanguage\":\"nb-NO\"},{\"@type\":\"Organization\",\"@id\":\"https:\/\/redfoxlotto.com\/no\/#organization\",\"name\":\"Get Tickets for the World\u2019s largest jackpots\",\"url\":\"https:\/\/redfoxlotto.com\/no\/\",\"logo\":{\"@type\":\"ImageObject\",\"inLanguage\":\"nb-NO\",\"@id\":\"https:\/\/redfoxlotto.com\/no\/#\/schema\/logo\/image\/\",\"url\":\"https:\/\/redfoxlotto.com\/wp-content\/uploads\/2023\/04\/logo.png\",\"contentUrl\":\"https:\/\/redfoxlotto.com\/wp-content\/uploads\/2023\/04\/logo.png\",\"width\":269,\"height\":53,\"caption\":\"Get Tickets for the World\u2019s largest jackpots\"},\"image\":{\"@id\":\"https:\/\/redfoxlotto.com\/no\/#\/schema\/logo\/image\/\"}}]}<\/script>\n<!-- \/ Yoast SEO plugin. -->","yoast_head_json":{"title":"Lotto America trekningsresultater, vinnertall","description":"Denne ukens Lotto America-vinnertall, samt et resultatarkiv","robots":{"index":"index","follow":"follow","max-snippet":"max-snippet:-1","max-image-preview":"max-image-preview:large","max-video-preview":"max-video-preview:-1"},"canonical":"https:\/\/redfoxlotto.com\/no\/resultater\/lotto-america\/","og_locale":"nb_NO","og_type":"article","og_title":"Lotto America trekningsresultater, vinnertall","og_description":"Denne ukens Lotto America-vinnertall, samt et resultatarkiv","og_url":"https:\/\/redfoxlotto.com\/no\/resultater\/lotto-america\/","og_site_name":"Get Tickets for the World\u2019s largest jackpots","article_modified_time":"2024-10-04T01:41:11+00:00","og_image":[{"url":"https:\/\/content.redfoxlotto.com\/uploads\/sites\/9\/1_draw_results_lotto.jpg"}],"twitter_card":"summary_large_image","twitter_misc":{"Ansl. lesetid":"3 minutter"},"schema":{"@context":"https:\/\/schema.org","@graph":[{"@type":"WebPage","@id":"https:\/\/redfoxlotto.com\/no\/resultater\/lotto-america\/","url":"https:\/\/redfoxlotto.com\/no\/resultater\/lotto-america\/","name":"Lotto America trekningsresultater, vinnertall","isPartOf":{"@id":"https:\/\/redfoxlotto.com\/no\/#website"},"primaryImageOfPage":{"@id":"https:\/\/redfoxlotto.com\/no\/resultater\/lotto-america\/#primaryimage"},"image":{"@id":"https:\/\/redfoxlotto.com\/no\/resultater\/lotto-america\/#primaryimage"},"thumbnailUrl":"https:\/\/content.redfoxlotto.com\/uploads\/sites\/9\/1_draw_results_lotto.jpg","datePublished":"2020-08-18T09:11:18+00:00","dateModified":"2024-10-04T01:41:11+00:00","description":"Denne ukens Lotto America-vinnertall, samt et resultatarkiv","breadcrumb":{"@id":"https:\/\/redfoxlotto.com\/no\/resultater\/lotto-america\/#breadcrumb"},"inLanguage":"nb-NO","potentialAction":[{"@type":"ReadAction","target":["https:\/\/redfoxlotto.com\/no\/resultater\/lotto-america\/"]}]},{"@type":"ImageObject","inLanguage":"nb-NO","@id":"https:\/\/redfoxlotto.com\/no\/resultater\/lotto-america\/#primaryimage","url":"https:\/\/content.redfoxlotto.com\/uploads\/sites\/9\/1_draw_results_lotto.jpg","contentUrl":"https:\/\/content.redfoxlotto.com\/uploads\/sites\/9\/1_draw_results_lotto.jpg"},{"@type":"BreadcrumbList","@id":"https:\/\/redfoxlotto.com\/no\/resultater\/lotto-america\/#breadcrumb","itemListElement":[{"@type":"ListItem","position":1,"name":"Home","item":"https:\/\/redfoxlotto.com\/no\/"},{"@type":"ListItem","position":2,"name":"Internasjonale lotteriresultater","item":"https:\/\/redfoxlotto.com\/no\/resultater\/"},{"@type":"ListItem","position":3,"name":"Resultater Lotto America"}]},{"@type":"WebSite","@id":"https:\/\/redfoxlotto.com\/no\/#website","url":"https:\/\/redfoxlotto.com\/no\/","name":"Get Tickets for the World\u2019s largest jackpots","description":"Participate in worldwide lottery jackpots from any country","publisher":{"@id":"https:\/\/redfoxlotto.com\/no\/#organization"},"potentialAction":[{"@type":"SearchAction","target":{"@type":"EntryPoint","urlTemplate":"https:\/\/redfoxlotto.com\/no\/?s={search_term_string}"},"query-input":{"@type":"PropertyValueSpecification","valueRequired":true,"valueName":"search_term_string"}}],"inLanguage":"nb-NO"},{"@type":"Organization","@id":"https:\/\/redfoxlotto.com\/no\/#organization","name":"Get Tickets for the World\u2019s largest jackpots","url":"https:\/\/redfoxlotto.com\/no\/","logo":{"@type":"ImageObject","inLanguage":"nb-NO","@id":"https:\/\/redfoxlotto.com\/no\/#\/schema\/logo\/image\/","url":"https:\/\/redfoxlotto.com\/wp-content\/uploads\/2023\/04\/logo.png","contentUrl":"https:\/\/redfoxlotto.com\/wp-content\/uploads\/2023\/04\/logo.png","width":269,"height":53,"caption":"Get Tickets for the World\u2019s largest jackpots"},"image":{"@id":"https:\/\/redfoxlotto.com\/no\/#\/schema\/logo\/image\/"}}]}},"_links":{"self":[{"href":"https:\/\/redfoxlotto.com\/no\/wp-json\/wp\/v2\/pages\/60812","targetHints":{"allow":["GET"]}}],"collection":[{"href":"https:\/\/redfoxlotto.com\/no\/wp-json\/wp\/v2\/pages"}],"about":[{"href":"https:\/\/redfoxlotto.com\/no\/wp-json\/wp\/v2\/types\/page"}],"author":[{"embeddable":true,"href":"https:\/\/redfoxlotto.com\/no\/wp-json\/wp\/v2\/users\/1"}],"replies":[{"embeddable":true,"href":"https:\/\/redfoxlotto.com\/no\/wp-json\/wp\/v2\/comments?post=60812"}],"version-history":[{"count":0,"href":"https:\/\/redfoxlotto.com\/no\/wp-json\/wp\/v2\/pages\/60812\/revisions"}],"up":[{"embeddable":true,"href":"https:\/\/redfoxlotto.com\/no\/wp-json\/wp\/v2\/pages\/60582"}],"wp:attachment":[{"href":"https:\/\/redfoxlotto.com\/no\/wp-json\/wp\/v2\/media?parent=60812"}],"curies":[{"name":"wp","href":"https:\/\/api.w.org\/{rel}","templated":true}]}}