{"id":60805,"date":"2020-08-18T09:08:19","date_gmt":"2020-08-18T09:08:19","guid":{"rendered":"https:\/\/redfoxlotto.eu\/?page_id=60805"},"modified":"2023-05-31T05:16:18","modified_gmt":"2023-05-31T05:16:18","slug":"thunderball","status":"publish","type":"page","link":"https:\/\/redfoxlotto.com\/no\/resultater\/thunderball\/","title":{"rendered":"Thunderball-resultater"},"content":{"rendered":"<h2>Vinnertall fra Thunderball UK Lotto<\/h2>\n<p>Hva gj\u00f8r du hvis du selv har g\u00e5tt glipp av trekningen og vil sjekke de siste vinnertallene? Da har<\/p>\n<p><img loading=\"lazy\" decoding=\"async\" class=\" wp-image alignright\" src=\"https:\/\/content.redfoxlotto.com\/uploads\/sites\/9\/1_online_lotto_results.jpg\" alt=\"thunderball-resultater\" width=\"193\" height=\"193\" \/><\/p>\n<p>du flaks, for det er enkelt \u00e5 sjekke vinnertallene i Thunderball UK Lotto. Hvis det ikke har v\u00e6rt en ny trekning enn\u00e5, kan du sjekke ut nettstedet. Hvis det har det, m\u00e5 du kanskje sjekke ut resultatarkivet.<\/p>\n<h2>Sjekker du n\u00e5v\u00e6rende tall?<\/h2>\n<p>Hvis du har spilt spillet og vil sjekke de siste vinnertallene, kan du g\u00e5 rett inn p\u00e5 kontoen din og deretter klikke p\u00e5 &laquo;Mine billetter&raquo;. Derfra kan du se hvordan tallene dine ligger an i forhold til vinnertallene. Og det betyr at du kan se hvor mye du har vunnet.<\/p>\n<p>Alle tall som samsvarer med vinnertallene vil bli uthevet, noe som gj\u00f8r det mye enklere for deg \u00e5 sjekke premien din. Og p\u00e5 RedFoxLotto.com gj\u00f8r vi allerede krav p\u00e5 gevinstbel\u00f8pet ditt for mindre premier, s\u00e5 det g\u00e5r rett inn p\u00e5 kontoen din.<\/p>\n<h2>Gamle vinnertall fra Thunderball UK Lotto?<\/h2>\n<p>For noen er de n\u00e5v\u00e6rende tallene ikke helt nok til \u00e5 ta en avgj\u00f8relse. Du vil<\/p>\n<p><img loading=\"lazy\" decoding=\"async\" class=\" wp-image alignright\" src=\"https:\/\/content.redfoxlotto.com\/uploads\/sites\/9\/1_winner_lottery_jackpot.jpg\" alt=\"vinnende lotteritall\" width=\"279\" height=\"167\" \/><\/p>\n<p>kanskje ha eldre tall slik at du kan bestemme hvordan du vil spille. Eller du har kanskje eldre kuponger som du vil sjekke mot spillene de ble trukket for.<br \/>\nHvis du trenger gamle tall fra Thunderball UK Lotto, kan du sjekke ut arkivet for \u00e5 finne ut mer og sjekke ut hvilken informasjon du m\u00e5tte trenge. Du kan til og med g\u00e5 tilbake flere spill for \u00e5 f\u00e5 alle tallene.<\/p>\n","protected":false},"excerpt":{"rendered":"<p>Vinnertall fra Thunderball UK Lotto Hva gj\u00f8r du hvis du selv har g\u00e5tt glipp av trekningen og vil sjekke de siste vinnertallene? Da har du flaks, for det er enkelt \u00e5 sjekke vinnertallene i Thunderball UK Lotto. Hvis det ikke har v\u00e6rt en ny trekning enn\u00e5, kan du sjekke ut nettstedet. Hvis det har det, [&hellip;]<\/p>\n","protected":false},"author":1,"featured_media":0,"parent":60582,"menu_order":11,"comment_status":"closed","ping_status":"closed","template":"thunderball-results.php","meta":{"_et_pb_use_builder":"","_et_pb_old_content":"","_et_gb_content_width":"","exclude_from_search":false,"footnotes":""},"class_list":["post-60805","page","type-page","status-publish","hentry"],"yoast_head":"<!-- This site is optimized with the Yoast SEO plugin v23.8 - https:\/\/yoast.com\/wordpress\/plugins\/seo\/ -->\n<title>N\u00e5v\u00e6rende og nylige vinnertall og resultater fra Thunderball UK<\/title>\n<meta name=\"description\" content=\"Sammenlign loddtallene dine med resultatene fra Thunderball-trekningen her\" \/>\n<meta name=\"robots\" content=\"index, follow, max-snippet:-1, max-image-preview:large, max-video-preview:-1\" \/>\n<link rel=\"canonical\" href=\"https:\/\/redfoxlotto.com\/no\/resultater\/thunderball\/\" \/>\n<meta property=\"og:locale\" content=\"nb_NO\" \/>\n<meta property=\"og:type\" content=\"article\" \/>\n<meta property=\"og:title\" content=\"N\u00e5v\u00e6rende og nylige vinnertall og resultater fra Thunderball UK\" \/>\n<meta property=\"og:description\" content=\"Sammenlign loddtallene dine med resultatene fra Thunderball-trekningen her\" \/>\n<meta property=\"og:url\" content=\"https:\/\/redfoxlotto.com\/no\/resultater\/thunderball\/\" \/>\n<meta property=\"og:site_name\" content=\"Get Tickets for the World\u2019s largest jackpots\" \/>\n<meta property=\"article:modified_time\" content=\"2023-05-31T05:16:18+00:00\" \/>\n<meta property=\"og:image\" content=\"https:\/\/content.redfoxlotto.com\/uploads\/sites\/9\/1_online_lotto_results.jpg\" \/>\n<meta name=\"twitter:card\" content=\"summary_large_image\" \/>\n<meta name=\"twitter:label1\" content=\"Ansl. lesetid\" \/>\n\t<meta name=\"twitter:data1\" content=\"2 minutter\" \/>\n<script type=\"application\/ld+json\" class=\"yoast-schema-graph\">{\"@context\":\"https:\/\/schema.org\",\"@graph\":[{\"@type\":\"WebPage\",\"@id\":\"https:\/\/redfoxlotto.com\/no\/resultater\/thunderball\/\",\"url\":\"https:\/\/redfoxlotto.com\/no\/resultater\/thunderball\/\",\"name\":\"N\u00e5v\u00e6rende og nylige vinnertall og resultater fra Thunderball UK\",\"isPartOf\":{\"@id\":\"https:\/\/redfoxlotto.com\/no\/#website\"},\"primaryImageOfPage\":{\"@id\":\"https:\/\/redfoxlotto.com\/no\/resultater\/thunderball\/#primaryimage\"},\"image\":{\"@id\":\"https:\/\/redfoxlotto.com\/no\/resultater\/thunderball\/#primaryimage\"},\"thumbnailUrl\":\"https:\/\/content.redfoxlotto.com\/uploads\/sites\/9\/1_online_lotto_results.jpg\",\"datePublished\":\"2020-08-18T09:08:19+00:00\",\"dateModified\":\"2023-05-31T05:16:18+00:00\",\"description\":\"Sammenlign loddtallene dine med resultatene fra Thunderball-trekningen her\",\"breadcrumb\":{\"@id\":\"https:\/\/redfoxlotto.com\/no\/resultater\/thunderball\/#breadcrumb\"},\"inLanguage\":\"nb-NO\",\"potentialAction\":[{\"@type\":\"ReadAction\",\"target\":[\"https:\/\/redfoxlotto.com\/no\/resultater\/thunderball\/\"]}]},{\"@type\":\"ImageObject\",\"inLanguage\":\"nb-NO\",\"@id\":\"https:\/\/redfoxlotto.com\/no\/resultater\/thunderball\/#primaryimage\",\"url\":\"https:\/\/content.redfoxlotto.com\/uploads\/sites\/9\/1_online_lotto_results.jpg\",\"contentUrl\":\"https:\/\/content.redfoxlotto.com\/uploads\/sites\/9\/1_online_lotto_results.jpg\"},{\"@type\":\"BreadcrumbList\",\"@id\":\"https:\/\/redfoxlotto.com\/no\/resultater\/thunderball\/#breadcrumb\",\"itemListElement\":[{\"@type\":\"ListItem\",\"position\":1,\"name\":\"Home\",\"item\":\"https:\/\/redfoxlotto.com\/no\/\"},{\"@type\":\"ListItem\",\"position\":2,\"name\":\"Internasjonale lotteriresultater\",\"item\":\"https:\/\/redfoxlotto.com\/no\/resultater\/\"},{\"@type\":\"ListItem\",\"position\":3,\"name\":\"Thunderball-resultater\"}]},{\"@type\":\"WebSite\",\"@id\":\"https:\/\/redfoxlotto.com\/no\/#website\",\"url\":\"https:\/\/redfoxlotto.com\/no\/\",\"name\":\"Get Tickets for the World\u2019s largest jackpots\",\"description\":\"Participate in worldwide lottery jackpots from any country\",\"publisher\":{\"@id\":\"https:\/\/redfoxlotto.com\/no\/#organization\"},\"potentialAction\":[{\"@type\":\"SearchAction\",\"target\":{\"@type\":\"EntryPoint\",\"urlTemplate\":\"https:\/\/redfoxlotto.com\/no\/?s={search_term_string}\"},\"query-input\":{\"@type\":\"PropertyValueSpecification\",\"valueRequired\":true,\"valueName\":\"search_term_string\"}}],\"inLanguage\":\"nb-NO\"},{\"@type\":\"Organization\",\"@id\":\"https:\/\/redfoxlotto.com\/no\/#organization\",\"name\":\"Get Tickets for the World\u2019s largest jackpots\",\"url\":\"https:\/\/redfoxlotto.com\/no\/\",\"logo\":{\"@type\":\"ImageObject\",\"inLanguage\":\"nb-NO\",\"@id\":\"https:\/\/redfoxlotto.com\/no\/#\/schema\/logo\/image\/\",\"url\":\"https:\/\/redfoxlotto.com\/wp-content\/uploads\/2023\/04\/logo.png\",\"contentUrl\":\"https:\/\/redfoxlotto.com\/wp-content\/uploads\/2023\/04\/logo.png\",\"width\":269,\"height\":53,\"caption\":\"Get Tickets for the World\u2019s largest jackpots\"},\"image\":{\"@id\":\"https:\/\/redfoxlotto.com\/no\/#\/schema\/logo\/image\/\"}}]}<\/script>\n<!-- \/ Yoast SEO plugin. -->","yoast_head_json":{"title":"N\u00e5v\u00e6rende og nylige vinnertall og resultater fra Thunderball UK","description":"Sammenlign loddtallene dine med resultatene fra Thunderball-trekningen her","robots":{"index":"index","follow":"follow","max-snippet":"max-snippet:-1","max-image-preview":"max-image-preview:large","max-video-preview":"max-video-preview:-1"},"canonical":"https:\/\/redfoxlotto.com\/no\/resultater\/thunderball\/","og_locale":"nb_NO","og_type":"article","og_title":"N\u00e5v\u00e6rende og nylige vinnertall og resultater fra Thunderball UK","og_description":"Sammenlign loddtallene dine med resultatene fra Thunderball-trekningen her","og_url":"https:\/\/redfoxlotto.com\/no\/resultater\/thunderball\/","og_site_name":"Get Tickets for the World\u2019s largest jackpots","article_modified_time":"2023-05-31T05:16:18+00:00","og_image":[{"url":"https:\/\/content.redfoxlotto.com\/uploads\/sites\/9\/1_online_lotto_results.jpg"}],"twitter_card":"summary_large_image","twitter_misc":{"Ansl. lesetid":"2 minutter"},"schema":{"@context":"https:\/\/schema.org","@graph":[{"@type":"WebPage","@id":"https:\/\/redfoxlotto.com\/no\/resultater\/thunderball\/","url":"https:\/\/redfoxlotto.com\/no\/resultater\/thunderball\/","name":"N\u00e5v\u00e6rende og nylige vinnertall og resultater fra Thunderball UK","isPartOf":{"@id":"https:\/\/redfoxlotto.com\/no\/#website"},"primaryImageOfPage":{"@id":"https:\/\/redfoxlotto.com\/no\/resultater\/thunderball\/#primaryimage"},"image":{"@id":"https:\/\/redfoxlotto.com\/no\/resultater\/thunderball\/#primaryimage"},"thumbnailUrl":"https:\/\/content.redfoxlotto.com\/uploads\/sites\/9\/1_online_lotto_results.jpg","datePublished":"2020-08-18T09:08:19+00:00","dateModified":"2023-05-31T05:16:18+00:00","description":"Sammenlign loddtallene dine med resultatene fra Thunderball-trekningen her","breadcrumb":{"@id":"https:\/\/redfoxlotto.com\/no\/resultater\/thunderball\/#breadcrumb"},"inLanguage":"nb-NO","potentialAction":[{"@type":"ReadAction","target":["https:\/\/redfoxlotto.com\/no\/resultater\/thunderball\/"]}]},{"@type":"ImageObject","inLanguage":"nb-NO","@id":"https:\/\/redfoxlotto.com\/no\/resultater\/thunderball\/#primaryimage","url":"https:\/\/content.redfoxlotto.com\/uploads\/sites\/9\/1_online_lotto_results.jpg","contentUrl":"https:\/\/content.redfoxlotto.com\/uploads\/sites\/9\/1_online_lotto_results.jpg"},{"@type":"BreadcrumbList","@id":"https:\/\/redfoxlotto.com\/no\/resultater\/thunderball\/#breadcrumb","itemListElement":[{"@type":"ListItem","position":1,"name":"Home","item":"https:\/\/redfoxlotto.com\/no\/"},{"@type":"ListItem","position":2,"name":"Internasjonale lotteriresultater","item":"https:\/\/redfoxlotto.com\/no\/resultater\/"},{"@type":"ListItem","position":3,"name":"Thunderball-resultater"}]},{"@type":"WebSite","@id":"https:\/\/redfoxlotto.com\/no\/#website","url":"https:\/\/redfoxlotto.com\/no\/","name":"Get Tickets for the World\u2019s largest jackpots","description":"Participate in worldwide lottery jackpots from any country","publisher":{"@id":"https:\/\/redfoxlotto.com\/no\/#organization"},"potentialAction":[{"@type":"SearchAction","target":{"@type":"EntryPoint","urlTemplate":"https:\/\/redfoxlotto.com\/no\/?s={search_term_string}"},"query-input":{"@type":"PropertyValueSpecification","valueRequired":true,"valueName":"search_term_string"}}],"inLanguage":"nb-NO"},{"@type":"Organization","@id":"https:\/\/redfoxlotto.com\/no\/#organization","name":"Get Tickets for the World\u2019s largest jackpots","url":"https:\/\/redfoxlotto.com\/no\/","logo":{"@type":"ImageObject","inLanguage":"nb-NO","@id":"https:\/\/redfoxlotto.com\/no\/#\/schema\/logo\/image\/","url":"https:\/\/redfoxlotto.com\/wp-content\/uploads\/2023\/04\/logo.png","contentUrl":"https:\/\/redfoxlotto.com\/wp-content\/uploads\/2023\/04\/logo.png","width":269,"height":53,"caption":"Get Tickets for the World\u2019s largest jackpots"},"image":{"@id":"https:\/\/redfoxlotto.com\/no\/#\/schema\/logo\/image\/"}}]}},"_links":{"self":[{"href":"https:\/\/redfoxlotto.com\/no\/wp-json\/wp\/v2\/pages\/60805","targetHints":{"allow":["GET"]}}],"collection":[{"href":"https:\/\/redfoxlotto.com\/no\/wp-json\/wp\/v2\/pages"}],"about":[{"href":"https:\/\/redfoxlotto.com\/no\/wp-json\/wp\/v2\/types\/page"}],"author":[{"embeddable":true,"href":"https:\/\/redfoxlotto.com\/no\/wp-json\/wp\/v2\/users\/1"}],"replies":[{"embeddable":true,"href":"https:\/\/redfoxlotto.com\/no\/wp-json\/wp\/v2\/comments?post=60805"}],"version-history":[{"count":0,"href":"https:\/\/redfoxlotto.com\/no\/wp-json\/wp\/v2\/pages\/60805\/revisions"}],"up":[{"embeddable":true,"href":"https:\/\/redfoxlotto.com\/no\/wp-json\/wp\/v2\/pages\/60582"}],"wp:attachment":[{"href":"https:\/\/redfoxlotto.com\/no\/wp-json\/wp\/v2\/media?parent=60805"}],"curies":[{"name":"wp","href":"https:\/\/api.w.org\/{rel}","templated":true}]}}