{"id":60792,"date":"2019-11-20T11:24:49","date_gmt":"2019-11-20T11:24:49","guid":{"rendered":"https:\/\/redfoxlotto.eu\/?page_id=60792"},"modified":"2023-05-31T04:59:20","modified_gmt":"2023-05-31T04:59:20","slug":"la-primitiva","status":"publish","type":"page","link":"https:\/\/redfoxlotto.com\/no\/resultater\/la-primitiva\/","title":{"rendered":"La Primitiva Vinnende tall"},"content":{"rendered":"<p>Trekningen av La Primitiva, Spanias st\u00f8rste lotteri, avholdes hver s\u00f8ndag kl. 13:00 CET. Rett etter at trekningen er ferdig, kan du finne resultatene her p\u00e5 RedFoxLotto.com.<img loading=\"lazy\" decoding=\"async\" class=\" wp-image-5380 alignright\" src=\"https:\/\/content.redfoxlotto.com\/uploads\/sites\/9\/1_results_lottery_online5.jpg\" alt=\"La Primitiva\" width=\"231\" height=\"154\" \/><br \/>\nHusk \u00e5 sammenligne tallene p\u00e5 kupongen din med vinnertallene, slik at du kan sjekke om du har vunnet eller ikke.<\/p>\n<h2>F\u00e5 et e-postvarsel om resultatene<\/h2>\n<p>Hvis du har en kupong til La Primitiva som ble kj\u00f8pt gjennom oss, vil vi ogs\u00e5 varsle deg om<\/p>\n<p><img loading=\"lazy\" decoding=\"async\" class=\" wp-image alignright\" src=\"https:\/\/content.redfoxlotto.com\/uploads\/sites\/9\/1_lottery_numbers_online.jpg\" alt=\"resultater lotto\" width=\"224\" height=\"107\" \/><\/p>\n<p>eventuelle gevinster. Du vil motta en e-post fra oss med ytterligere instruksjoner. Pass p\u00e5 at e-postene v\u00e5re ikke havner i s\u00f8ppelpostkassen din. For \u00e5 sikre at informasjonen om gevinstene dine blir mottatt, foresl\u00e5r vi at du legger til RedFoxLotto.com i e-postleverand\u00f8rens hviteliste.<\/p>\n<p>Vinnertallene for La Primitiva vil best\u00e5 av 5 tall mellom 1 og 54, pluss ett tall mellom 0 og 9. 5+1 vil gj\u00f8re deg til jackpotvinner og million\u00e6r. Men selv om du har de fem f\u00f8rste tallene, kan du likevel<\/p>\n<p>vinne mye penger. P\u00e5 siden med La Primitiva-resultatene finner du ogs\u00e5 utbetalingene for de forskjellige premieniv\u00e5ene.<\/p>\n","protected":false},"excerpt":{"rendered":"<p>Trekningen av La Primitiva, Spanias st\u00f8rste lotteri, avholdes hver s\u00f8ndag kl. 13:00 CET. Rett etter at trekningen er ferdig, kan du finne resultatene her p\u00e5 RedFoxLotto.com. Husk \u00e5 sammenligne tallene p\u00e5 kupongen din med vinnertallene, slik at du kan sjekke om du har vunnet eller ikke. F\u00e5 et e-postvarsel om resultatene Hvis du har en [&hellip;]<\/p>\n","protected":false},"author":1,"featured_media":0,"parent":60582,"menu_order":7,"comment_status":"closed","ping_status":"closed","template":"la-primitiva-results.php","meta":{"_et_pb_use_builder":"","_et_pb_old_content":"","_et_gb_content_width":"","exclude_from_search":false,"footnotes":""},"class_list":["post-60792","page","type-page","status-publish","hentry"],"yoast_head":"<!-- This site is optimized with the Yoast SEO plugin v27.4 - https:\/\/yoast.com\/product\/yoast-seo-wordpress\/ -->\n<title>Vinnertall og resultater for La Primitiva i Spania<\/title>\n<meta name=\"description\" content=\"Se om La Primitiva-loddet ditt har vunnet, sjekk vinnertallene her!\" \/>\n<meta name=\"robots\" content=\"index, follow, max-snippet:-1, max-image-preview:large, max-video-preview:-1\" \/>\n<link rel=\"canonical\" href=\"https:\/\/redfoxlotto.com\/no\/resultater\/la-primitiva\/\" \/>\n<meta property=\"og:locale\" content=\"nb_NO\" \/>\n<meta property=\"og:type\" content=\"article\" \/>\n<meta property=\"og:title\" content=\"Vinnertall og resultater for La Primitiva i Spania\" \/>\n<meta property=\"og:description\" content=\"Se om La Primitiva-loddet ditt har vunnet, sjekk vinnertallene her!\" \/>\n<meta property=\"og:url\" content=\"https:\/\/redfoxlotto.com\/no\/resultater\/la-primitiva\/\" \/>\n<meta property=\"og:site_name\" content=\"Get Tickets for the World\u2019s largest jackpots\" \/>\n<meta property=\"article:modified_time\" content=\"2023-05-31T04:59:20+00:00\" \/>\n<meta property=\"og:image\" content=\"https:\/\/content.redfoxlotto.com\/uploads\/sites\/9\/1_results_lottery_online5.jpg\" \/>\n<meta name=\"twitter:card\" content=\"summary_large_image\" \/>\n<meta name=\"twitter:label1\" content=\"Ansl. lesetid\" \/>\n\t<meta name=\"twitter:data1\" content=\"2 minutter\" \/>\n<script type=\"application\/ld+json\" class=\"yoast-schema-graph\">{\"@context\":\"https:\\\/\\\/schema.org\",\"@graph\":[{\"@type\":\"WebPage\",\"@id\":\"https:\\\/\\\/redfoxlotto.com\\\/no\\\/resultater\\\/la-primitiva\\\/\",\"url\":\"https:\\\/\\\/redfoxlotto.com\\\/no\\\/resultater\\\/la-primitiva\\\/\",\"name\":\"Vinnertall og resultater for La Primitiva i Spania\",\"isPartOf\":{\"@id\":\"https:\\\/\\\/redfoxlotto.com\\\/no\\\/#website\"},\"primaryImageOfPage\":{\"@id\":\"https:\\\/\\\/redfoxlotto.com\\\/no\\\/resultater\\\/la-primitiva\\\/#primaryimage\"},\"image\":{\"@id\":\"https:\\\/\\\/redfoxlotto.com\\\/no\\\/resultater\\\/la-primitiva\\\/#primaryimage\"},\"thumbnailUrl\":\"https:\\\/\\\/content.redfoxlotto.com\\\/uploads\\\/sites\\\/9\\\/1_results_lottery_online5.jpg\",\"datePublished\":\"2019-11-20T11:24:49+00:00\",\"dateModified\":\"2023-05-31T04:59:20+00:00\",\"description\":\"Se om La Primitiva-loddet ditt har vunnet, sjekk vinnertallene her!\",\"breadcrumb\":{\"@id\":\"https:\\\/\\\/redfoxlotto.com\\\/no\\\/resultater\\\/la-primitiva\\\/#breadcrumb\"},\"inLanguage\":\"nb-NO\",\"potentialAction\":[{\"@type\":\"ReadAction\",\"target\":[\"https:\\\/\\\/redfoxlotto.com\\\/no\\\/resultater\\\/la-primitiva\\\/\"]}]},{\"@type\":\"ImageObject\",\"inLanguage\":\"nb-NO\",\"@id\":\"https:\\\/\\\/redfoxlotto.com\\\/no\\\/resultater\\\/la-primitiva\\\/#primaryimage\",\"url\":\"https:\\\/\\\/content.redfoxlotto.com\\\/uploads\\\/sites\\\/9\\\/1_results_lottery_online5.jpg\",\"contentUrl\":\"https:\\\/\\\/content.redfoxlotto.com\\\/uploads\\\/sites\\\/9\\\/1_results_lottery_online5.jpg\"},{\"@type\":\"BreadcrumbList\",\"@id\":\"https:\\\/\\\/redfoxlotto.com\\\/no\\\/resultater\\\/la-primitiva\\\/#breadcrumb\",\"itemListElement\":[{\"@type\":\"ListItem\",\"position\":1,\"name\":\"Home\",\"item\":\"https:\\\/\\\/redfoxlotto.com\\\/no\\\/\"},{\"@type\":\"ListItem\",\"position\":2,\"name\":\"Internasjonale lotteriresultater\",\"item\":\"https:\\\/\\\/redfoxlotto.com\\\/no\\\/resultater\\\/\"},{\"@type\":\"ListItem\",\"position\":3,\"name\":\"La Primitiva Vinnende tall\"}]},{\"@type\":\"WebSite\",\"@id\":\"https:\\\/\\\/redfoxlotto.com\\\/no\\\/#website\",\"url\":\"https:\\\/\\\/redfoxlotto.com\\\/no\\\/\",\"name\":\"Get Tickets for the World\u2019s largest jackpots\",\"description\":\"Participate in worldwide lottery jackpots from any country\",\"publisher\":{\"@id\":\"https:\\\/\\\/redfoxlotto.com\\\/no\\\/#organization\"},\"potentialAction\":[{\"@type\":\"SearchAction\",\"target\":{\"@type\":\"EntryPoint\",\"urlTemplate\":\"https:\\\/\\\/redfoxlotto.com\\\/no\\\/?s={search_term_string}\"},\"query-input\":{\"@type\":\"PropertyValueSpecification\",\"valueRequired\":true,\"valueName\":\"search_term_string\"}}],\"inLanguage\":\"nb-NO\"},{\"@type\":\"Organization\",\"@id\":\"https:\\\/\\\/redfoxlotto.com\\\/no\\\/#organization\",\"name\":\"Get Tickets for the World\u2019s largest jackpots\",\"url\":\"https:\\\/\\\/redfoxlotto.com\\\/no\\\/\",\"logo\":{\"@type\":\"ImageObject\",\"inLanguage\":\"nb-NO\",\"@id\":\"https:\\\/\\\/redfoxlotto.com\\\/no\\\/#\\\/schema\\\/logo\\\/image\\\/\",\"url\":\"https:\\\/\\\/redfoxlotto.com\\\/wp-content\\\/uploads\\\/2023\\\/04\\\/logo.png\",\"contentUrl\":\"https:\\\/\\\/redfoxlotto.com\\\/wp-content\\\/uploads\\\/2023\\\/04\\\/logo.png\",\"width\":269,\"height\":53,\"caption\":\"Get Tickets for the World\u2019s largest jackpots\"},\"image\":{\"@id\":\"https:\\\/\\\/redfoxlotto.com\\\/no\\\/#\\\/schema\\\/logo\\\/image\\\/\"}}]}<\/script>\n<!-- \/ Yoast SEO plugin. -->","yoast_head_json":{"title":"Vinnertall og resultater for La Primitiva i Spania","description":"Se om La Primitiva-loddet ditt har vunnet, sjekk vinnertallene her!","robots":{"index":"index","follow":"follow","max-snippet":"max-snippet:-1","max-image-preview":"max-image-preview:large","max-video-preview":"max-video-preview:-1"},"canonical":"https:\/\/redfoxlotto.com\/no\/resultater\/la-primitiva\/","og_locale":"nb_NO","og_type":"article","og_title":"Vinnertall og resultater for La Primitiva i Spania","og_description":"Se om La Primitiva-loddet ditt har vunnet, sjekk vinnertallene her!","og_url":"https:\/\/redfoxlotto.com\/no\/resultater\/la-primitiva\/","og_site_name":"Get Tickets for the World\u2019s largest jackpots","article_modified_time":"2023-05-31T04:59:20+00:00","og_image":[{"url":"https:\/\/content.redfoxlotto.com\/uploads\/sites\/9\/1_results_lottery_online5.jpg","type":"","width":"","height":""}],"twitter_card":"summary_large_image","twitter_misc":{"Ansl. lesetid":"2 minutter"},"schema":{"@context":"https:\/\/schema.org","@graph":[{"@type":"WebPage","@id":"https:\/\/redfoxlotto.com\/no\/resultater\/la-primitiva\/","url":"https:\/\/redfoxlotto.com\/no\/resultater\/la-primitiva\/","name":"Vinnertall og resultater for La Primitiva i Spania","isPartOf":{"@id":"https:\/\/redfoxlotto.com\/no\/#website"},"primaryImageOfPage":{"@id":"https:\/\/redfoxlotto.com\/no\/resultater\/la-primitiva\/#primaryimage"},"image":{"@id":"https:\/\/redfoxlotto.com\/no\/resultater\/la-primitiva\/#primaryimage"},"thumbnailUrl":"https:\/\/content.redfoxlotto.com\/uploads\/sites\/9\/1_results_lottery_online5.jpg","datePublished":"2019-11-20T11:24:49+00:00","dateModified":"2023-05-31T04:59:20+00:00","description":"Se om La Primitiva-loddet ditt har vunnet, sjekk vinnertallene her!","breadcrumb":{"@id":"https:\/\/redfoxlotto.com\/no\/resultater\/la-primitiva\/#breadcrumb"},"inLanguage":"nb-NO","potentialAction":[{"@type":"ReadAction","target":["https:\/\/redfoxlotto.com\/no\/resultater\/la-primitiva\/"]}]},{"@type":"ImageObject","inLanguage":"nb-NO","@id":"https:\/\/redfoxlotto.com\/no\/resultater\/la-primitiva\/#primaryimage","url":"https:\/\/content.redfoxlotto.com\/uploads\/sites\/9\/1_results_lottery_online5.jpg","contentUrl":"https:\/\/content.redfoxlotto.com\/uploads\/sites\/9\/1_results_lottery_online5.jpg"},{"@type":"BreadcrumbList","@id":"https:\/\/redfoxlotto.com\/no\/resultater\/la-primitiva\/#breadcrumb","itemListElement":[{"@type":"ListItem","position":1,"name":"Home","item":"https:\/\/redfoxlotto.com\/no\/"},{"@type":"ListItem","position":2,"name":"Internasjonale lotteriresultater","item":"https:\/\/redfoxlotto.com\/no\/resultater\/"},{"@type":"ListItem","position":3,"name":"La Primitiva Vinnende tall"}]},{"@type":"WebSite","@id":"https:\/\/redfoxlotto.com\/no\/#website","url":"https:\/\/redfoxlotto.com\/no\/","name":"Get Tickets for the World\u2019s largest jackpots","description":"Participate in worldwide lottery jackpots from any country","publisher":{"@id":"https:\/\/redfoxlotto.com\/no\/#organization"},"potentialAction":[{"@type":"SearchAction","target":{"@type":"EntryPoint","urlTemplate":"https:\/\/redfoxlotto.com\/no\/?s={search_term_string}"},"query-input":{"@type":"PropertyValueSpecification","valueRequired":true,"valueName":"search_term_string"}}],"inLanguage":"nb-NO"},{"@type":"Organization","@id":"https:\/\/redfoxlotto.com\/no\/#organization","name":"Get Tickets for the World\u2019s largest jackpots","url":"https:\/\/redfoxlotto.com\/no\/","logo":{"@type":"ImageObject","inLanguage":"nb-NO","@id":"https:\/\/redfoxlotto.com\/no\/#\/schema\/logo\/image\/","url":"https:\/\/redfoxlotto.com\/wp-content\/uploads\/2023\/04\/logo.png","contentUrl":"https:\/\/redfoxlotto.com\/wp-content\/uploads\/2023\/04\/logo.png","width":269,"height":53,"caption":"Get Tickets for the World\u2019s largest jackpots"},"image":{"@id":"https:\/\/redfoxlotto.com\/no\/#\/schema\/logo\/image\/"}}]}},"_links":{"self":[{"href":"https:\/\/redfoxlotto.com\/no\/wp-json\/wp\/v2\/pages\/60792","targetHints":{"allow":["GET"]}}],"collection":[{"href":"https:\/\/redfoxlotto.com\/no\/wp-json\/wp\/v2\/pages"}],"about":[{"href":"https:\/\/redfoxlotto.com\/no\/wp-json\/wp\/v2\/types\/page"}],"author":[{"embeddable":true,"href":"https:\/\/redfoxlotto.com\/no\/wp-json\/wp\/v2\/users\/1"}],"replies":[{"embeddable":true,"href":"https:\/\/redfoxlotto.com\/no\/wp-json\/wp\/v2\/comments?post=60792"}],"version-history":[{"count":0,"href":"https:\/\/redfoxlotto.com\/no\/wp-json\/wp\/v2\/pages\/60792\/revisions"}],"up":[{"embeddable":true,"href":"https:\/\/redfoxlotto.com\/no\/wp-json\/wp\/v2\/pages\/60582"}],"wp:attachment":[{"href":"https:\/\/redfoxlotto.com\/no\/wp-json\/wp\/v2\/media?parent=60792"}],"curies":[{"name":"wp","href":"https:\/\/api.w.org\/{rel}","templated":true}]}}