{"id":60778,"date":"2018-11-18T08:54:25","date_gmt":"2018-11-18T08:54:25","guid":{"rendered":"https:\/\/redfoxlotto.eu\/?page_id=60778"},"modified":"2023-05-30T19:32:32","modified_gmt":"2023-05-30T19:32:32","slug":"superenalotto","status":"publish","type":"page","link":"https:\/\/redfoxlotto.com\/no\/resultater\/superenalotto\/","title":{"rendered":"Resultater fra SuperEnaLotto"},"content":{"rendered":"<p>SuperEnalotto er kjent for at jackpotten ofte ikke vinnes p\u00e5 lenge. S\u00e5 hovedprisen, hvis minimumsbel\u00f8p er 1.300.000, stiger raskt. Og det er ingen grense for h\u00f8yden. Den h\u00f8yeste gevinsten s\u00e5 langt p\u00e5 Superenalotto var \u20ac 177 800 000!Har du unders\u00f8kt hvilke andre spill du kan spille? Kanskje du alltid har trodd at du m\u00e5tte spille lotto i ditt eget omr\u00e5de eller i det minste i ditt eget land. Vel, det er definitivt ikke tilfelle lenger n\u00e5r det gjelder online-lotteri. Det finnes mange nye muligheter der ute, og alt du trenger \u00e5 gj\u00f8re er \u00e5 ta en titt p\u00e5 noen av nettstedene som finnes der ute. Du vil se en hel haug med spill som du kanskje aldri har sett f\u00f8r.<\/p>\n<p>SuperEnalotto er et av de mest popul\u00e6re spillene i Italia, og det er et spill du absolutt kan ta del i selv. Du kan faktisk kj\u00f8pe billettene dine direkte p\u00e5 nettet,<img loading=\"lazy\" decoding=\"async\" class=\"alignright wp-image\" src=\"https:\/\/redfoxlotto.org\/wp-content\/uploads\/2023\/04\/ticket_powerball1.jpg\" alt=\"resultater lotto\" width=\"232\" height=\"232\" \/> uansett hvor du bor. Det kommer til \u00e5 gj\u00f8re det enda morsommere for deg fordi du spiller et spill som du kanskje aldri har sett eller h\u00f8rt om f\u00f8r. Hva er vel mer spennende enn \u00e5 ha en helt ny mulighet og en helt annen vinnersjanse enn de spillene du er vant til \u00e5 spille?<\/p>\n<p>N\u00e5r du velger \u00e5 spille dette spillet, m\u00e5 du bare vite hvor du f\u00e5r kupongen din fra. RedFoxLotto.com kan hjelpe deg med \u00e5 velge ut tallene dine og bestille kupongen slik at den er klar neste gang det er trekning. Det er helt online, og du har fortsatt alle de samme mulighetene som noen som kj\u00f8pte billetten ved \u00e5 g\u00e5 inn i en butikk. Det gj\u00f8r det praktisk selv for de som bor i omr\u00e5det der spillet spilles. Du kan bare kj\u00f8pe en billett online uten \u00e5 m\u00e5tte forlate ditt eget hjem.<\/p>\n<h2>Hvorfor SuperEnalotto?<\/h2>\n<p>Hvorfor vil du spille dette spillet? Vel, en av grunnene er at du har muligheten til \u00e5 vinne millioner av euro ved \u00e5 spille. Det kan v\u00e6re veldig g\u00f8y. Faktisk er dette spillet kjent for \u00e5 ha noen av de st\u00f8rste jackpottene som finnes, og det er definitivt en grunn til at du vil ta en n\u00e6rmere titt og kanskje bestemme deg for \u00e5 spille det minst et par ganger selv. Hvem vil vel ikke ha sjansen til \u00e5 vinne millioner av euro? Og alt til den lave prisen av et enkelt lodd (eller noen f\u00e5 lodd hvis du vil \u00f8ke vinnersjansene dine litt).<\/p>\n<p>Dette spillet har ogs\u00e5 trekninger tre forskjellige kvelder i uken, s\u00e5 du har muligheten til \u00e5 spille enda oftere. De som elsker spillene med hyppigere trekninger vil elske at dette spillet er tilgjengelig p\u00e5 tirsdager, torsdager og l\u00f8rdager, alle kl. 20:00. Dette spillet har egentlig ikke eksistert s\u00e5 lenge n\u00e5r du ser p\u00e5 det store bildet, fordi det bare startet i 1997, men det betyr ikke at det ikke kommer til \u00e5 v\u00e6re morsomt eller at folk ikke st\u00e5r i k\u00f8 for \u00e5 kj\u00f8pe en billett (noe du ikke trenger \u00e5 gj\u00f8re fordi du spiller helt online).<\/p>\n<p>Ulempen med dette spillet er at det kan ha lave odds. Faktisk er oddsen for at du vinner jackpoten blant de laveste i hele verden. Det betyr at du har st\u00f8rre sjanse for \u00e5 vinne i omtrent alle andre lotterispill enn i dette. Men du trenger ikke \u00e5 f\u00f8le deg motl\u00f8s. Du kan fortsatt ha det g\u00f8y n\u00e5r du spiller, og du kommer fortsatt til \u00e5 ha en sjanse til \u00e5 vinne noen av de mindre premiene. Og hvem vet, noen m\u00e5 jo vinne den jackpoten, ikke sant? Hvorfor kan det ikke v\u00e6re deg?<\/p>\n<h2>Resultater fra SuperEnalotto<\/h2>\n<p>S\u00e5 hvordan skal du sjekke SuperEnaLotto-resultatene hvis du bestemmer deg for \u00e5 spille dette spillet? Du har faktisk flere forskjellige alternativer. Noen av de mest popul\u00e6re er rett og slett \u00e5 sjekke lokalavisene dagen etter trekningen eller \u00e5 se trekningen <img decoding=\"async\" class=\"size-full wp-image alignright\" src=\"https:\/\/redfoxlotto.org\/wp-content\/uploads\/2023\/04\/money-online-495x329-1-300x194-1.jpg\" alt=\"Superenalotto\" \/>direkte hvis den er tilgjengelig p\u00e5 TV-en din. Du kan ogs\u00e5 sjekke ut en av flere forskjellige nettsteder (som RedFoxLotto.com) som viser deg resultatene enten umiddelbart etter trekningen eller i l\u00f8pet av et par timer etter trekningen. P\u00e5 den m\u00e5ten slipper du \u00e5 kaste bort tid p\u00e5 \u00e5 finne ut om du har vunnet.<\/p>\n<p>\u00c5 ha det g\u00f8y med \u00e5 spille lotto er det f\u00f8rste trinnet i hele prosessen, men derfra vil du v\u00e6re sikker p\u00e5 at du vinner noe. Med SuperEnalotto har du kanskje lavere odds, men du kommer til \u00e5 ha det g\u00f8y, og du kommer til \u00e5 f\u00e5 muligheten til \u00e5 oppleve en helt annen type spill. Hvis du har spilt lotto p\u00e5 nettet en stund, er dette definitivt et spill du b\u00f8r ta en n\u00e6rmere titt p\u00e5. Du vet aldri hva det kan gj\u00f8re for deg, og hva har du \u00e5 tape p\u00e5 \u00e5 pr\u00f8ve det i det minste et par runder?<\/p>\n","protected":false},"excerpt":{"rendered":"<p>SuperEnalotto er kjent for at jackpotten ofte ikke vinnes p\u00e5 lenge. S\u00e5 hovedprisen, hvis minimumsbel\u00f8p er 1.300.000, stiger raskt. Og det er ingen grense for h\u00f8yden. Den h\u00f8yeste gevinsten s\u00e5 langt p\u00e5 Superenalotto var \u20ac 177 800 000!Har du unders\u00f8kt hvilke andre spill du kan spille? Kanskje du alltid har trodd at du m\u00e5tte spille [&hellip;]<\/p>\n","protected":false},"author":1,"featured_media":0,"parent":60582,"menu_order":5,"comment_status":"closed","ping_status":"closed","template":"superenalotto-results.php","meta":{"_et_pb_use_builder":"","_et_pb_old_content":"","_et_gb_content_width":"","exclude_from_search":false,"footnotes":""},"class_list":["post-60778","page","type-page","status-publish","hentry"],"yoast_head":"<!-- This site is optimized with the Yoast SEO plugin v27.4 - https:\/\/yoast.com\/product\/yoast-seo-wordpress\/ -->\n<title>SuperEnalotto vinnertall<\/title>\n<meta name=\"description\" content=\"Finn de siste resultatene og vinnertallene for Superenalotto her p\u00e5 RedFoxLotto, hvor du ogs\u00e5 kan kj\u00f8pe loddene dine\" \/>\n<meta name=\"robots\" content=\"index, follow, max-snippet:-1, max-image-preview:large, max-video-preview:-1\" \/>\n<link rel=\"canonical\" href=\"https:\/\/redfoxlotto.com\/no\/resultater\/superenalotto\/\" \/>\n<meta property=\"og:locale\" content=\"nb_NO\" \/>\n<meta property=\"og:type\" content=\"article\" \/>\n<meta property=\"og:title\" content=\"SuperEnalotto vinnertall\" \/>\n<meta property=\"og:description\" content=\"Finn de siste resultatene og vinnertallene for Superenalotto her p\u00e5 RedFoxLotto, hvor du ogs\u00e5 kan kj\u00f8pe loddene dine\" \/>\n<meta property=\"og:url\" content=\"https:\/\/redfoxlotto.com\/no\/resultater\/superenalotto\/\" \/>\n<meta property=\"og:site_name\" content=\"Get Tickets for the World\u2019s largest jackpots\" \/>\n<meta property=\"article:modified_time\" content=\"2023-05-30T19:32:32+00:00\" \/>\n<meta property=\"og:image\" content=\"https:\/\/redfoxlotto.org\/wp-content\/uploads\/2023\/04\/ticket_powerball1.jpg\" \/>\n<meta name=\"twitter:card\" content=\"summary_large_image\" \/>\n<meta name=\"twitter:label1\" content=\"Ansl. lesetid\" \/>\n\t<meta name=\"twitter:data1\" content=\"4 minutter\" \/>\n<script type=\"application\/ld+json\" class=\"yoast-schema-graph\">{\"@context\":\"https:\\\/\\\/schema.org\",\"@graph\":[{\"@type\":\"WebPage\",\"@id\":\"https:\\\/\\\/redfoxlotto.com\\\/no\\\/resultater\\\/superenalotto\\\/\",\"url\":\"https:\\\/\\\/redfoxlotto.com\\\/no\\\/resultater\\\/superenalotto\\\/\",\"name\":\"SuperEnalotto vinnertall\",\"isPartOf\":{\"@id\":\"https:\\\/\\\/redfoxlotto.com\\\/no\\\/#website\"},\"primaryImageOfPage\":{\"@id\":\"https:\\\/\\\/redfoxlotto.com\\\/no\\\/resultater\\\/superenalotto\\\/#primaryimage\"},\"image\":{\"@id\":\"https:\\\/\\\/redfoxlotto.com\\\/no\\\/resultater\\\/superenalotto\\\/#primaryimage\"},\"thumbnailUrl\":\"https:\\\/\\\/redfoxlotto.org\\\/wp-content\\\/uploads\\\/2023\\\/04\\\/ticket_powerball1.jpg\",\"datePublished\":\"2018-11-18T08:54:25+00:00\",\"dateModified\":\"2023-05-30T19:32:32+00:00\",\"description\":\"Finn de siste resultatene og vinnertallene for Superenalotto her p\u00e5 RedFoxLotto, hvor du ogs\u00e5 kan kj\u00f8pe loddene dine\",\"breadcrumb\":{\"@id\":\"https:\\\/\\\/redfoxlotto.com\\\/no\\\/resultater\\\/superenalotto\\\/#breadcrumb\"},\"inLanguage\":\"nb-NO\",\"potentialAction\":[{\"@type\":\"ReadAction\",\"target\":[\"https:\\\/\\\/redfoxlotto.com\\\/no\\\/resultater\\\/superenalotto\\\/\"]}]},{\"@type\":\"ImageObject\",\"inLanguage\":\"nb-NO\",\"@id\":\"https:\\\/\\\/redfoxlotto.com\\\/no\\\/resultater\\\/superenalotto\\\/#primaryimage\",\"url\":\"https:\\\/\\\/redfoxlotto.org\\\/wp-content\\\/uploads\\\/2023\\\/04\\\/ticket_powerball1.jpg\",\"contentUrl\":\"https:\\\/\\\/redfoxlotto.org\\\/wp-content\\\/uploads\\\/2023\\\/04\\\/ticket_powerball1.jpg\"},{\"@type\":\"BreadcrumbList\",\"@id\":\"https:\\\/\\\/redfoxlotto.com\\\/no\\\/resultater\\\/superenalotto\\\/#breadcrumb\",\"itemListElement\":[{\"@type\":\"ListItem\",\"position\":1,\"name\":\"Home\",\"item\":\"https:\\\/\\\/redfoxlotto.com\\\/no\\\/\"},{\"@type\":\"ListItem\",\"position\":2,\"name\":\"Internasjonale lotteriresultater\",\"item\":\"https:\\\/\\\/redfoxlotto.com\\\/no\\\/resultater\\\/\"},{\"@type\":\"ListItem\",\"position\":3,\"name\":\"Resultater fra SuperEnaLotto\"}]},{\"@type\":\"WebSite\",\"@id\":\"https:\\\/\\\/redfoxlotto.com\\\/no\\\/#website\",\"url\":\"https:\\\/\\\/redfoxlotto.com\\\/no\\\/\",\"name\":\"Get Tickets for the World\u2019s largest jackpots\",\"description\":\"Participate in worldwide lottery jackpots from any country\",\"publisher\":{\"@id\":\"https:\\\/\\\/redfoxlotto.com\\\/no\\\/#organization\"},\"potentialAction\":[{\"@type\":\"SearchAction\",\"target\":{\"@type\":\"EntryPoint\",\"urlTemplate\":\"https:\\\/\\\/redfoxlotto.com\\\/no\\\/?s={search_term_string}\"},\"query-input\":{\"@type\":\"PropertyValueSpecification\",\"valueRequired\":true,\"valueName\":\"search_term_string\"}}],\"inLanguage\":\"nb-NO\"},{\"@type\":\"Organization\",\"@id\":\"https:\\\/\\\/redfoxlotto.com\\\/no\\\/#organization\",\"name\":\"Get Tickets for the World\u2019s largest jackpots\",\"url\":\"https:\\\/\\\/redfoxlotto.com\\\/no\\\/\",\"logo\":{\"@type\":\"ImageObject\",\"inLanguage\":\"nb-NO\",\"@id\":\"https:\\\/\\\/redfoxlotto.com\\\/no\\\/#\\\/schema\\\/logo\\\/image\\\/\",\"url\":\"https:\\\/\\\/redfoxlotto.com\\\/wp-content\\\/uploads\\\/2023\\\/04\\\/logo.png\",\"contentUrl\":\"https:\\\/\\\/redfoxlotto.com\\\/wp-content\\\/uploads\\\/2023\\\/04\\\/logo.png\",\"width\":269,\"height\":53,\"caption\":\"Get Tickets for the World\u2019s largest jackpots\"},\"image\":{\"@id\":\"https:\\\/\\\/redfoxlotto.com\\\/no\\\/#\\\/schema\\\/logo\\\/image\\\/\"}}]}<\/script>\n<!-- \/ Yoast SEO plugin. -->","yoast_head_json":{"title":"SuperEnalotto vinnertall","description":"Finn de siste resultatene og vinnertallene for Superenalotto her p\u00e5 RedFoxLotto, hvor du ogs\u00e5 kan kj\u00f8pe loddene dine","robots":{"index":"index","follow":"follow","max-snippet":"max-snippet:-1","max-image-preview":"max-image-preview:large","max-video-preview":"max-video-preview:-1"},"canonical":"https:\/\/redfoxlotto.com\/no\/resultater\/superenalotto\/","og_locale":"nb_NO","og_type":"article","og_title":"SuperEnalotto vinnertall","og_description":"Finn de siste resultatene og vinnertallene for Superenalotto her p\u00e5 RedFoxLotto, hvor du ogs\u00e5 kan kj\u00f8pe loddene dine","og_url":"https:\/\/redfoxlotto.com\/no\/resultater\/superenalotto\/","og_site_name":"Get Tickets for the World\u2019s largest jackpots","article_modified_time":"2023-05-30T19:32:32+00:00","og_image":[{"url":"https:\/\/redfoxlotto.org\/wp-content\/uploads\/2023\/04\/ticket_powerball1.jpg","type":"","width":"","height":""}],"twitter_card":"summary_large_image","twitter_misc":{"Ansl. lesetid":"4 minutter"},"schema":{"@context":"https:\/\/schema.org","@graph":[{"@type":"WebPage","@id":"https:\/\/redfoxlotto.com\/no\/resultater\/superenalotto\/","url":"https:\/\/redfoxlotto.com\/no\/resultater\/superenalotto\/","name":"SuperEnalotto vinnertall","isPartOf":{"@id":"https:\/\/redfoxlotto.com\/no\/#website"},"primaryImageOfPage":{"@id":"https:\/\/redfoxlotto.com\/no\/resultater\/superenalotto\/#primaryimage"},"image":{"@id":"https:\/\/redfoxlotto.com\/no\/resultater\/superenalotto\/#primaryimage"},"thumbnailUrl":"https:\/\/redfoxlotto.org\/wp-content\/uploads\/2023\/04\/ticket_powerball1.jpg","datePublished":"2018-11-18T08:54:25+00:00","dateModified":"2023-05-30T19:32:32+00:00","description":"Finn de siste resultatene og vinnertallene for Superenalotto her p\u00e5 RedFoxLotto, hvor du ogs\u00e5 kan kj\u00f8pe loddene dine","breadcrumb":{"@id":"https:\/\/redfoxlotto.com\/no\/resultater\/superenalotto\/#breadcrumb"},"inLanguage":"nb-NO","potentialAction":[{"@type":"ReadAction","target":["https:\/\/redfoxlotto.com\/no\/resultater\/superenalotto\/"]}]},{"@type":"ImageObject","inLanguage":"nb-NO","@id":"https:\/\/redfoxlotto.com\/no\/resultater\/superenalotto\/#primaryimage","url":"https:\/\/redfoxlotto.org\/wp-content\/uploads\/2023\/04\/ticket_powerball1.jpg","contentUrl":"https:\/\/redfoxlotto.org\/wp-content\/uploads\/2023\/04\/ticket_powerball1.jpg"},{"@type":"BreadcrumbList","@id":"https:\/\/redfoxlotto.com\/no\/resultater\/superenalotto\/#breadcrumb","itemListElement":[{"@type":"ListItem","position":1,"name":"Home","item":"https:\/\/redfoxlotto.com\/no\/"},{"@type":"ListItem","position":2,"name":"Internasjonale lotteriresultater","item":"https:\/\/redfoxlotto.com\/no\/resultater\/"},{"@type":"ListItem","position":3,"name":"Resultater fra SuperEnaLotto"}]},{"@type":"WebSite","@id":"https:\/\/redfoxlotto.com\/no\/#website","url":"https:\/\/redfoxlotto.com\/no\/","name":"Get Tickets for the World\u2019s largest jackpots","description":"Participate in worldwide lottery jackpots from any country","publisher":{"@id":"https:\/\/redfoxlotto.com\/no\/#organization"},"potentialAction":[{"@type":"SearchAction","target":{"@type":"EntryPoint","urlTemplate":"https:\/\/redfoxlotto.com\/no\/?s={search_term_string}"},"query-input":{"@type":"PropertyValueSpecification","valueRequired":true,"valueName":"search_term_string"}}],"inLanguage":"nb-NO"},{"@type":"Organization","@id":"https:\/\/redfoxlotto.com\/no\/#organization","name":"Get Tickets for the World\u2019s largest jackpots","url":"https:\/\/redfoxlotto.com\/no\/","logo":{"@type":"ImageObject","inLanguage":"nb-NO","@id":"https:\/\/redfoxlotto.com\/no\/#\/schema\/logo\/image\/","url":"https:\/\/redfoxlotto.com\/wp-content\/uploads\/2023\/04\/logo.png","contentUrl":"https:\/\/redfoxlotto.com\/wp-content\/uploads\/2023\/04\/logo.png","width":269,"height":53,"caption":"Get Tickets for the World\u2019s largest jackpots"},"image":{"@id":"https:\/\/redfoxlotto.com\/no\/#\/schema\/logo\/image\/"}}]}},"_links":{"self":[{"href":"https:\/\/redfoxlotto.com\/no\/wp-json\/wp\/v2\/pages\/60778","targetHints":{"allow":["GET"]}}],"collection":[{"href":"https:\/\/redfoxlotto.com\/no\/wp-json\/wp\/v2\/pages"}],"about":[{"href":"https:\/\/redfoxlotto.com\/no\/wp-json\/wp\/v2\/types\/page"}],"author":[{"embeddable":true,"href":"https:\/\/redfoxlotto.com\/no\/wp-json\/wp\/v2\/users\/1"}],"replies":[{"embeddable":true,"href":"https:\/\/redfoxlotto.com\/no\/wp-json\/wp\/v2\/comments?post=60778"}],"version-history":[{"count":0,"href":"https:\/\/redfoxlotto.com\/no\/wp-json\/wp\/v2\/pages\/60778\/revisions"}],"up":[{"embeddable":true,"href":"https:\/\/redfoxlotto.com\/no\/wp-json\/wp\/v2\/pages\/60582"}],"wp:attachment":[{"href":"https:\/\/redfoxlotto.com\/no\/wp-json\/wp\/v2\/media?parent=60778"}],"curies":[{"name":"wp","href":"https:\/\/api.w.org\/{rel}","templated":true}]}}