{"id":60775,"date":"2018-11-18T08:54:25","date_gmt":"2018-11-18T08:54:25","guid":{"rendered":"https:\/\/redfoxlotto.eu\/?page_id=60775"},"modified":"2025-12-17T13:30:28","modified_gmt":"2025-12-17T13:30:28","slug":"eurojackpot","status":"publish","type":"page","link":"https:\/\/redfoxlotto.com\/no\/resultater\/eurojackpot\/","title":{"rendered":"Eurojackpot-resultater"},"content":{"rendered":"<p><script type=\"application\/ld+json\">\n{\n  \"@context\": \"https:\/\/schema.org\",\n  \"@type\": \"Service\",\n  \"name\": \"Sjekk Eurojackpot trekning resultater online\",\n  \"url\": \"https:\/\/redfoxlotto.com\/no\/resultater\/eurojackpot\/\",\n  \"description\": \"Bes\u00f8k RedFoxLotto for \u00e5 sjekke de siste Eurojackpot-resultatene og v\u00e5rt lotteriresultatarkiv.\",\n  \"serviceType\": \"Verdensomspennende lotteriresultatarkiv\",\n  \"provider\": {\n    \"@type\": \"Organization\",\n    \"name\": \"RedFoxLotto\",\n    \"url\": \"https:\/\/redfoxlotto.com\/no\/resultater\/eurojackpot\/\",\n    \"image\": \"https:\/\/redfoxlotto.com\/wp-content\/uploads\/2025\/12\/ticket_scans.jpg\",\n    \"sameAs\": []\n  },\n  \"areaServed\": \"Worldwide\",\n  \"termsOfService\": \"https:\/\/redfoxlotto.com\/terms-and-conditions\",\n  \"additionalProperty\": {\n    \"@type\": \"PropertyValue\",\n    \"name\": \"FAQ\",\n    \"value\": \"https:\/\/redfoxlotto.com\/no\/faq\/\"\n  },\n  \"hasOfferCatalog\": {\n    \"@type\": \"OfferCatalog\",\n    \"name\": \"Eurojackpot resultater\",\n    \"itemListElement\": [\n      {\n        \"@type\": \"Offer\",\n        \"name\": \"Eurojackpot resultater\",\n        \"url\": \"https:\/\/redfoxlotto.com\/no\/resultater\/eurojackpot\/\",\n        \"description\": \"Finn de siste og historiske Eurojackpot-resultatene og andre store lotterier her.\",\n        \"itemOffered\": {\n          \"@type\": \"Service\",\n          \"name\": \"Eurojackpot resultater\",\n          \"description\": \"Eurojackpot-trekknummer online, nylige og eldre resultater.\"\n        }\n      }\n    ]\n  },\n  \"mainEntityOfPage\": {\n    \"@type\": \"WebPage\",\n    \"@id\": \"https:\/\/redfoxlotto.com\/no\/resultater\/eurojackpot\/\"\n  }\n}\n<\/script><\/p>\n<p>Hvis du har spilt Eurojackpot, vil du definitivt se resultatene fra Eurojackpot, ikke sant? Du vil v\u00e6re sikker p\u00e5 at du f\u00e5r de riktige tallene, og at du f\u00e5r dem s\u00e5 snart som mulig. Heldigvis er det superenkelt for deg \u00e5 finne resultatene, og vi skal fortelle deg alt om de forskjellige alternativene du har tilgjengelig her.<\/p>\n<p>Avis &#8211; Hvis du bor i et omr\u00e5de der EuroJackpot faktisk spilles, b\u00f8r du kunne finne resultatene i den neste avisen som trykkes etter trekningen. Tallene st\u00e5r som regel i de store avisene i omr\u00e5det, og kan ogs\u00e5 trykkes i noen av de mindre avisene, og vil som regel ogs\u00e5 v\u00e6re tilgjengelige via nettversjonene. Dette er en fin m\u00e5te \u00e5 finne vinnertallene p\u00e5 hvis du ikke er opptatt av \u00e5 f\u00e5 dem umiddelbart etter trekningen.<br \/>\nSe live &#8211; Hvis du virkelig vil vite tallene umiddelbart, er den beste m\u00e5ten \u00e5 gj\u00f8re det p\u00e5 \u00e5 se live og se hva tallene er mens de trekkes. EuroJackpot-resultatene kan vises umiddelbart, og du kan ha kupongen din klar slik at du kan se hvert tall og se om det stemmer <img loading=\"lazy\" decoding=\"async\" class=\"alignright wp-image\" src=\"https:\/\/redfoxlotto.org\/wp-content\/uploads\/2023\/04\/ticket_powerball1.jpg\" alt=\"vinnertall\" width=\"232\" height=\"232\" \/>overens med tallene du har p\u00e5 kupongen din. Hvis det stemmer, vil du v\u00e6re en av de f\u00f8rste som f\u00e5r vite det, og du kan umiddelbart g\u00e5 ut og se hva som m\u00e5 gj\u00f8res for \u00e5 f\u00e5 premien din, enten den er stor eller liten.<br \/>\nSjekk p\u00e5 nettet &#8211; Det finnes en rekke forskjellige lotterisider der du ogs\u00e5 kan finne vinnertallene. Noen av disse legger ut tallene umiddelbart etter trekningen. Andre legger dem kanskje ut noen timer eller til og med en dag eller mer etter trekningen. Hvis du vil finne ut av det raskt, er det viktig at du f\u00f8lger med p\u00e5 n\u00e5r det valgte nettstedet publiserer, og deretter bes\u00f8ker de som har resultatene n\u00e5r du vil ha dem. Hvis du ser p\u00e5 m\u00e5ter \u00e5 f\u00e5 resultatene s\u00e5 raskt som mulig, b\u00f8r du se etter nettsteder som faktisk selger billettene.<br \/>\nOffisielle nettsteder &#8211; Et av stedene du kan sjekke tall p\u00e5 nettet er ogs\u00e5 det offisielle nettstedet til spillet du spiller. S\u00e5, Euromillions-resultatene vil v\u00e6re tilgjengelige direkte via nettstedet. Alt du trenger \u00e5 gj\u00f8re er \u00e5 sjekke det ut. Og disse tallene blir vanligvis lagt ut s\u00e5 snart vinnertallene er trukket. Det betyr at du ikke trenger \u00e5 vente p\u00e5 \u00e5 f\u00e5 resultatene og se om du har vunnet noe eller ikke. Du vil ogs\u00e5 ha en enda enklere kravprosess n\u00e5r du sjekker vinnertallene her kontra \u00e5 sjekke dem i avisen eller bare se dem live.<\/p>\n<p>Et sted du kan f\u00e5 lotteriresultatene med en gang er hos RedFoxLotto.com. Enda bedre, du kan faktisk kj\u00f8pe loddene dine direkte via plattformen, og deretter kan du se hva vinnertallene er og hvilke av tallene dine som samsvarer med disse vinnertallene. Dette gir deg gevinsten du har tjent litt raskere. I tillegg slipper du \u00e5 pr\u00f8ve \u00e5 matche tallene. Disse tallene vil bli matchet helt for deg, s\u00e5 du er klar til \u00e5 gj\u00f8re ditt krav.<\/p>\n<p>Er du klar til \u00e5 spille EuroJackpot online, og vil du v\u00e6re sikker p\u00e5 at du f\u00e5r loddene dine p\u00e5 riktig m\u00e5te? Vel, det kommer ikke til \u00e5 v\u00e6re vanskelig i det hele tatt fordi du bare kan registrere deg hos RedFoxLotto.com, og du vil kunne kj\u00f8pe billettene du \u00f8nsker og se hvordan du velger ut tallene du \u00f8nsker. Hele prosessen er enkel, og f\u00f8r du vet ordet av det, kan du vinne en premie i et helt annet land. Ville ikke det v\u00e6rt veldig g\u00f8y og en flott m\u00e5te \u00e5 nyte tiden du spiller lotto p\u00e5?<\/p>\n","protected":false},"excerpt":{"rendered":"<p>Hvis du har spilt Eurojackpot, vil du definitivt se resultatene fra Eurojackpot, ikke sant? Du vil v\u00e6re sikker p\u00e5 at du f\u00e5r de riktige tallene, og at du f\u00e5r dem s\u00e5 snart som mulig. Heldigvis er det superenkelt for deg \u00e5 finne resultatene, og vi skal fortelle deg alt om de forskjellige alternativene du har [&hellip;]<\/p>\n","protected":false},"author":1,"featured_media":0,"parent":60582,"menu_order":4,"comment_status":"closed","ping_status":"closed","template":"eurojackpot-results.php","meta":{"_et_pb_use_builder":"","_et_pb_old_content":"","_et_gb_content_width":"","exclude_from_search":false,"footnotes":""},"class_list":["post-60775","page","type-page","status-publish","hentry"],"yoast_head":"<!-- This site is optimized with the Yoast SEO plugin v23.8 - https:\/\/yoast.com\/wordpress\/plugins\/seo\/ -->\n<title>Resultater fra Eurojackpot-lotteriet<\/title>\n<meta name=\"description\" content=\"F\u00e5 de siste resultatene for Eurojackpot-lotteriet her p\u00e5 siden v\u00e5r.\" \/>\n<meta name=\"robots\" content=\"index, follow, max-snippet:-1, max-image-preview:large, max-video-preview:-1\" \/>\n<link rel=\"canonical\" href=\"https:\/\/redfoxlotto.com\/no\/resultater\/eurojackpot\/\" \/>\n<meta property=\"og:locale\" content=\"nb_NO\" \/>\n<meta property=\"og:type\" content=\"article\" \/>\n<meta property=\"og:title\" content=\"Resultater fra Eurojackpot-lotteriet\" \/>\n<meta property=\"og:description\" content=\"F\u00e5 de siste resultatene for Eurojackpot-lotteriet her p\u00e5 siden v\u00e5r.\" \/>\n<meta property=\"og:url\" content=\"https:\/\/redfoxlotto.com\/no\/resultater\/eurojackpot\/\" \/>\n<meta property=\"og:site_name\" content=\"Get Tickets for the World\u2019s largest jackpots\" \/>\n<meta property=\"article:modified_time\" content=\"2025-12-17T13:30:28+00:00\" \/>\n<meta property=\"og:image\" content=\"https:\/\/redfoxlotto.org\/wp-content\/uploads\/2023\/04\/ticket_powerball1.jpg\" \/>\n<meta name=\"twitter:card\" content=\"summary_large_image\" \/>\n<meta name=\"twitter:label1\" content=\"Ansl. lesetid\" \/>\n\t<meta name=\"twitter:data1\" content=\"3 minutter\" \/>\n<script type=\"application\/ld+json\" class=\"yoast-schema-graph\">{\"@context\":\"https:\/\/schema.org\",\"@graph\":[{\"@type\":\"WebPage\",\"@id\":\"https:\/\/redfoxlotto.com\/no\/resultater\/eurojackpot\/\",\"url\":\"https:\/\/redfoxlotto.com\/no\/resultater\/eurojackpot\/\",\"name\":\"Resultater fra Eurojackpot-lotteriet\",\"isPartOf\":{\"@id\":\"https:\/\/redfoxlotto.com\/no\/#website\"},\"primaryImageOfPage\":{\"@id\":\"https:\/\/redfoxlotto.com\/no\/resultater\/eurojackpot\/#primaryimage\"},\"image\":{\"@id\":\"https:\/\/redfoxlotto.com\/no\/resultater\/eurojackpot\/#primaryimage\"},\"thumbnailUrl\":\"https:\/\/redfoxlotto.org\/wp-content\/uploads\/2023\/04\/ticket_powerball1.jpg\",\"datePublished\":\"2018-11-18T08:54:25+00:00\",\"dateModified\":\"2025-12-17T13:30:28+00:00\",\"description\":\"F\u00e5 de siste resultatene for Eurojackpot-lotteriet her p\u00e5 siden v\u00e5r.\",\"breadcrumb\":{\"@id\":\"https:\/\/redfoxlotto.com\/no\/resultater\/eurojackpot\/#breadcrumb\"},\"inLanguage\":\"nb-NO\",\"potentialAction\":[{\"@type\":\"ReadAction\",\"target\":[\"https:\/\/redfoxlotto.com\/no\/resultater\/eurojackpot\/\"]}]},{\"@type\":\"ImageObject\",\"inLanguage\":\"nb-NO\",\"@id\":\"https:\/\/redfoxlotto.com\/no\/resultater\/eurojackpot\/#primaryimage\",\"url\":\"https:\/\/redfoxlotto.org\/wp-content\/uploads\/2023\/04\/ticket_powerball1.jpg\",\"contentUrl\":\"https:\/\/redfoxlotto.org\/wp-content\/uploads\/2023\/04\/ticket_powerball1.jpg\"},{\"@type\":\"BreadcrumbList\",\"@id\":\"https:\/\/redfoxlotto.com\/no\/resultater\/eurojackpot\/#breadcrumb\",\"itemListElement\":[{\"@type\":\"ListItem\",\"position\":1,\"name\":\"Home\",\"item\":\"https:\/\/redfoxlotto.com\/no\/\"},{\"@type\":\"ListItem\",\"position\":2,\"name\":\"Internasjonale lotteriresultater\",\"item\":\"https:\/\/redfoxlotto.com\/no\/resultater\/\"},{\"@type\":\"ListItem\",\"position\":3,\"name\":\"Eurojackpot-resultater\"}]},{\"@type\":\"WebSite\",\"@id\":\"https:\/\/redfoxlotto.com\/no\/#website\",\"url\":\"https:\/\/redfoxlotto.com\/no\/\",\"name\":\"Get Tickets for the World\u2019s largest jackpots\",\"description\":\"Participate in worldwide lottery jackpots from any country\",\"publisher\":{\"@id\":\"https:\/\/redfoxlotto.com\/no\/#organization\"},\"potentialAction\":[{\"@type\":\"SearchAction\",\"target\":{\"@type\":\"EntryPoint\",\"urlTemplate\":\"https:\/\/redfoxlotto.com\/no\/?s={search_term_string}\"},\"query-input\":{\"@type\":\"PropertyValueSpecification\",\"valueRequired\":true,\"valueName\":\"search_term_string\"}}],\"inLanguage\":\"nb-NO\"},{\"@type\":\"Organization\",\"@id\":\"https:\/\/redfoxlotto.com\/no\/#organization\",\"name\":\"Get Tickets for the World\u2019s largest jackpots\",\"url\":\"https:\/\/redfoxlotto.com\/no\/\",\"logo\":{\"@type\":\"ImageObject\",\"inLanguage\":\"nb-NO\",\"@id\":\"https:\/\/redfoxlotto.com\/no\/#\/schema\/logo\/image\/\",\"url\":\"https:\/\/redfoxlotto.com\/wp-content\/uploads\/2023\/04\/logo.png\",\"contentUrl\":\"https:\/\/redfoxlotto.com\/wp-content\/uploads\/2023\/04\/logo.png\",\"width\":269,\"height\":53,\"caption\":\"Get Tickets for the World\u2019s largest jackpots\"},\"image\":{\"@id\":\"https:\/\/redfoxlotto.com\/no\/#\/schema\/logo\/image\/\"}}]}<\/script>\n<!-- \/ Yoast SEO plugin. -->","yoast_head_json":{"title":"Resultater fra Eurojackpot-lotteriet","description":"F\u00e5 de siste resultatene for Eurojackpot-lotteriet her p\u00e5 siden v\u00e5r.","robots":{"index":"index","follow":"follow","max-snippet":"max-snippet:-1","max-image-preview":"max-image-preview:large","max-video-preview":"max-video-preview:-1"},"canonical":"https:\/\/redfoxlotto.com\/no\/resultater\/eurojackpot\/","og_locale":"nb_NO","og_type":"article","og_title":"Resultater fra Eurojackpot-lotteriet","og_description":"F\u00e5 de siste resultatene for Eurojackpot-lotteriet her p\u00e5 siden v\u00e5r.","og_url":"https:\/\/redfoxlotto.com\/no\/resultater\/eurojackpot\/","og_site_name":"Get Tickets for the World\u2019s largest jackpots","article_modified_time":"2025-12-17T13:30:28+00:00","og_image":[{"url":"https:\/\/redfoxlotto.org\/wp-content\/uploads\/2023\/04\/ticket_powerball1.jpg"}],"twitter_card":"summary_large_image","twitter_misc":{"Ansl. lesetid":"3 minutter"},"schema":{"@context":"https:\/\/schema.org","@graph":[{"@type":"WebPage","@id":"https:\/\/redfoxlotto.com\/no\/resultater\/eurojackpot\/","url":"https:\/\/redfoxlotto.com\/no\/resultater\/eurojackpot\/","name":"Resultater fra Eurojackpot-lotteriet","isPartOf":{"@id":"https:\/\/redfoxlotto.com\/no\/#website"},"primaryImageOfPage":{"@id":"https:\/\/redfoxlotto.com\/no\/resultater\/eurojackpot\/#primaryimage"},"image":{"@id":"https:\/\/redfoxlotto.com\/no\/resultater\/eurojackpot\/#primaryimage"},"thumbnailUrl":"https:\/\/redfoxlotto.org\/wp-content\/uploads\/2023\/04\/ticket_powerball1.jpg","datePublished":"2018-11-18T08:54:25+00:00","dateModified":"2025-12-17T13:30:28+00:00","description":"F\u00e5 de siste resultatene for Eurojackpot-lotteriet her p\u00e5 siden v\u00e5r.","breadcrumb":{"@id":"https:\/\/redfoxlotto.com\/no\/resultater\/eurojackpot\/#breadcrumb"},"inLanguage":"nb-NO","potentialAction":[{"@type":"ReadAction","target":["https:\/\/redfoxlotto.com\/no\/resultater\/eurojackpot\/"]}]},{"@type":"ImageObject","inLanguage":"nb-NO","@id":"https:\/\/redfoxlotto.com\/no\/resultater\/eurojackpot\/#primaryimage","url":"https:\/\/redfoxlotto.org\/wp-content\/uploads\/2023\/04\/ticket_powerball1.jpg","contentUrl":"https:\/\/redfoxlotto.org\/wp-content\/uploads\/2023\/04\/ticket_powerball1.jpg"},{"@type":"BreadcrumbList","@id":"https:\/\/redfoxlotto.com\/no\/resultater\/eurojackpot\/#breadcrumb","itemListElement":[{"@type":"ListItem","position":1,"name":"Home","item":"https:\/\/redfoxlotto.com\/no\/"},{"@type":"ListItem","position":2,"name":"Internasjonale lotteriresultater","item":"https:\/\/redfoxlotto.com\/no\/resultater\/"},{"@type":"ListItem","position":3,"name":"Eurojackpot-resultater"}]},{"@type":"WebSite","@id":"https:\/\/redfoxlotto.com\/no\/#website","url":"https:\/\/redfoxlotto.com\/no\/","name":"Get Tickets for the World\u2019s largest jackpots","description":"Participate in worldwide lottery jackpots from any country","publisher":{"@id":"https:\/\/redfoxlotto.com\/no\/#organization"},"potentialAction":[{"@type":"SearchAction","target":{"@type":"EntryPoint","urlTemplate":"https:\/\/redfoxlotto.com\/no\/?s={search_term_string}"},"query-input":{"@type":"PropertyValueSpecification","valueRequired":true,"valueName":"search_term_string"}}],"inLanguage":"nb-NO"},{"@type":"Organization","@id":"https:\/\/redfoxlotto.com\/no\/#organization","name":"Get Tickets for the World\u2019s largest jackpots","url":"https:\/\/redfoxlotto.com\/no\/","logo":{"@type":"ImageObject","inLanguage":"nb-NO","@id":"https:\/\/redfoxlotto.com\/no\/#\/schema\/logo\/image\/","url":"https:\/\/redfoxlotto.com\/wp-content\/uploads\/2023\/04\/logo.png","contentUrl":"https:\/\/redfoxlotto.com\/wp-content\/uploads\/2023\/04\/logo.png","width":269,"height":53,"caption":"Get Tickets for the World\u2019s largest jackpots"},"image":{"@id":"https:\/\/redfoxlotto.com\/no\/#\/schema\/logo\/image\/"}}]}},"_links":{"self":[{"href":"https:\/\/redfoxlotto.com\/no\/wp-json\/wp\/v2\/pages\/60775","targetHints":{"allow":["GET"]}}],"collection":[{"href":"https:\/\/redfoxlotto.com\/no\/wp-json\/wp\/v2\/pages"}],"about":[{"href":"https:\/\/redfoxlotto.com\/no\/wp-json\/wp\/v2\/types\/page"}],"author":[{"embeddable":true,"href":"https:\/\/redfoxlotto.com\/no\/wp-json\/wp\/v2\/users\/1"}],"replies":[{"embeddable":true,"href":"https:\/\/redfoxlotto.com\/no\/wp-json\/wp\/v2\/comments?post=60775"}],"version-history":[{"count":0,"href":"https:\/\/redfoxlotto.com\/no\/wp-json\/wp\/v2\/pages\/60775\/revisions"}],"up":[{"embeddable":true,"href":"https:\/\/redfoxlotto.com\/no\/wp-json\/wp\/v2\/pages\/60582"}],"wp:attachment":[{"href":"https:\/\/redfoxlotto.com\/no\/wp-json\/wp\/v2\/media?parent=60775"}],"curies":[{"name":"wp","href":"https:\/\/api.w.org\/{rel}","templated":true}]}}