{"id":60772,"date":"2018-11-18T08:54:25","date_gmt":"2018-11-18T08:54:25","guid":{"rendered":"https:\/\/redfoxlotto.eu\/?page_id=60772"},"modified":"2025-12-17T15:10:06","modified_gmt":"2025-12-17T15:10:06","slug":"euromillions","status":"publish","type":"page","link":"https:\/\/redfoxlotto.com\/no\/resultater\/euromillions\/","title":{"rendered":"EuroMillions-resultater"},"content":{"rendered":"<p><script type=\"application\/ld+json\">\n{\n  \"@context\": \"https:\/\/schema.org\",\n  \"@type\": \"Service\",\n  \"name\": \"Sjekk Euromillions-resultater p\u00e5 nett\",\n  \"url\": \"https:\/\/redfoxlotto.com\/nb\/resultater\/euromillions\/\",\n  \"description\": \"Bes\u00f8k RedFoxLotto for de nyeste og arkiverte Euromillions-resultatene.\",\n  \"serviceType\": \"Verdensomspennende arkiv for lotteriresultater\",\n  \"provider\": {\n    \"@type\": \"Organization\",\n    \"name\": \"RedFoxLotto\",\n    \"url\": \"https:\/\/redfoxlotto.com\",\n    \"image\": \"https:\/\/redfoxlotto.com\/wp-content\/uploads\/2025\/12\/ticket_scans.jpg\",\n    \"sameAs\": []\n  },\n  \"areaServed\": \"Worldwide\",\n  \"termsOfService\": \"https:\/\/redfoxlotto.com\/terms-and-conditions\",\n  \"additionalProperty\": {\n    \"@type\": \"PropertyValue\",\n    \"name\": \"FAQ\",\n    \"value\": \"https:\/\/redfoxlotto.com\/nb\/resultater\/euromillions\/\"\n  },\n  \"hasOfferCatalog\": {\n    \"@type\": \"OfferCatalog\",\n    \"name\": \"Euromillions-resultater\",\n    \"itemListElement\": [{\n      \"@type\": \"Offer\",\n      \"name\": \"Euromillions-resultater\",\n      \"url\": \"https:\/\/redfoxlotto.com\/nb\/resultater\/euromillions\/\",\n      \"description\": \"Nyeste og tidligere Euromillions-resultater.\",\n      \"itemOffered\": {\n        \"@type\": \"Service\",\n        \"name\": \"Euromillions-resultater\",\n        \"description\": \"Trukne Euromillions-tall.\"\n      }\n    }]\n  },\n  \"mainEntityOfPage\": {\n    \"@type\": \"WebPage\",\n    \"@id\": \"https:\/\/redfoxlotto.com\/nb\/resultater\/euromillions\/\"\n  }\n}\n<\/script><\/p>\n<h2>EuroMillions og UK Millionaire Maker<\/h2>\n<p>Spillere betaler litt mer fordi EuroMillions-kuponger kj\u00f8pes i Storbritannia. Dette skyldes det faktum at britiske billetter kommer med en automatisk oppf\u00f8ring i Millionaire Maker-trekningen, som gir en ekstra mulighet til \u00e5 vinne en bel\u00f8nning p\u00e5 1 million pund.<\/p>\n<p>Millionaire Maker fungerer ved at det genereres en unik kode for hvert lodd som kj\u00f8pes. Denne koden best\u00e5r av fire bokstaver etterfulgt av fem tall (f.eks. ABCD12345). I hver trekning, en eller flere av disse kodene blir tilfeldig valgt, og billettinnehaveren med den matchende koden vinner \u00f8yeblikkelig 1 million pund, uavhengig av de viktigste EuroMillions-tallene som trekkes.<\/p>\n<p>Denne funksjonen gj\u00f8r det spesielt attraktivt \u00e5 spille EuroMillions i Storbritannia, ettersom det gir en ekstra mulighet til \u00e5 vinne en betydelig premie utover standard jackpot og bel\u00f8nninger p\u00e5 lavere niv\u00e5.<\/p>\n<p>P\u00e5 denne siden viser vi resultatene av EuroMillions-trekningen. Vant billetten din? Da er det bare \u00e5 gratulere!<\/p>\n<p>Dra nytte av resultatarkivet v\u00e5rt, der du kan f\u00e5 informasjon om hvilke tall som ikke har vunnet p\u00e5 lenge.<\/p>\n<p>Har du spilt EuroMillions-spillet? Kanskje du aldri har kj\u00f8pt en kupong f\u00f8r denne siste, eller kanskje du spiller hele tiden. Vel, uansett hvor ofte du spiller, vil du definitivt vite EuroMillions-resultatene, ikke sant? Du vil definitivt vite om du har vunnet noe og hvor mye du har vunnet mens du er i gang. Det er faktisk superenkelt \u00e5 finne resultatene og se hva du kan gj\u00f8re med gevinsten din, enten du f\u00e5r en liten premie eller vinner noe st\u00f8rre.<\/p>\n<h2>Har du vunnet?<\/h2>\n<p>Hvis du lurer p\u00e5 om du har vunnet, vil du gjerne vite hvor du kan sjekke resultatene. Vel, det er faktisk veldig enkelt, for noen av de vanligste m\u00e5tene \u00e5 sjekke lottokupongen din p\u00e5 er i avisen, ved \u00e5 se trekningen live eller p\u00e5 nettsteder. Nettsidene kan faktisk v\u00e6re enda<img loading=\"lazy\" decoding=\"async\" class=\"alignright wp-image\" src=\"https:\/\/redfoxlotto.org\/wp-content\/uploads\/2023\/04\/ticket_powerball1.jpg\" alt=\"euromillions vinnertall\" width=\"232\" height=\"232\" \/> bedre enn noen av de andre alternativene, spesielt hvis du sjekker tallene fra samme nettsted som du kj\u00f8pte loddet p\u00e5. \u00c5rsaken til det er at de ofte vil fortelle deg akkurat hva vinnertallene er og hvilke tall du matchet. Det er i hvert fall det RedFoxLotto.com gj\u00f8r.<\/p>\n<p>N\u00e5r du kan se vinnertallene og enkelt se tallene dine samtidig, kan du sammenligne dem bedre, og det vil gj\u00f8re det enkelt \u00e5 finne ut hva du har vunnet. P\u00e5 nettstedet v\u00e5rt finner du ogs\u00e5 andre lotterier, noe som betyr at du kan sjekke resultatene for Powerball eller Mega Millions vinnertall, s\u00e5 vel som for Euromillions og andre lotterier.<\/p>\n<p>Men du vil likevel at prosessen med \u00e5 kreve gevinsten skal v\u00e6re s\u00e5 enkel som mulig. Det er bare \u00e5 ta en titt p\u00e5 nettjenestene som finnes der ute, s\u00e5 vil du se at det kan v\u00e6re superenkelt \u00e5 gj\u00f8re krav p\u00e5 en premie. Du trenger heller ikke \u00e5 bekymre deg for at du er fra et helt annet land og ikke bare kan g\u00e5 inn i butikken eller lotterisenteret for \u00e5 gj\u00f8re krav p\u00e5 gevinsten.<\/p>\n<h2>Kreve gevinsten din<\/h2>\n<p>Hvis du vinner i et lotteri du spiller p\u00e5 nettet, er det like enkelt \u00e5 gj\u00f8re krav p\u00e5 gevinsten som om du bodde i samme land. Du kan g\u00e5 gjennom prosessen med nettstedet du kj\u00f8pte kupongen p\u00e5. De verifiserer kupongen, identiteten din og gevinsten, og deretter utbetaler de gevinsten til deg. P\u00e5 den m\u00e5ten kan du bare fortsette \u00e5 kose deg, og du kan gj\u00f8re hva du vil med pengene du har vunnet. Hva kan v\u00e6re bedre enn det?<\/p>\n<p>Sm\u00e5 gevinster kan v\u00e6re nok til at du kan kj\u00f8pe din neste kupong. St\u00f8rre gevinster kan v\u00e6re nok til \u00e5 kj\u00f8pe den spesielle gjenstanden du virkelig \u00f8nsker deg. Uansett hva <img decoding=\"async\" class=\"size-full wp-image alignright\" src=\"https:\/\/redfoxlotto.org\/wp-content\/uploads\/2023\/04\/money-online-495x329-1-300x194-1.jpg\" alt=\"resultater euromillions\" \/>du liker, kommer du definitivt til \u00e5 ha det g\u00f8y n\u00e5r du spiller, og du vil ogs\u00e5 kunne pr\u00f8ve ut forskjellige typer spill. Det finnes faktisk en hel rekke forskjellige lotterier tilgjengelig p\u00e5 nettet. S\u00e5 uansett hvor du bor, har du muligheten til \u00e5 spille spill som kommer fra helt andre land.<\/p>\n<p>Hvis du er ute etter de siste resultatene fra EuroMillions, b\u00f8r du ta en titt p\u00e5 den offisielle nettsiden, eller du kan sjekke lokalavisene i de omr\u00e5dene der spillet spilles. Du kan ogs\u00e5 ta en titt p\u00e5 nettstedet du brukte til \u00e5 kj\u00f8pe kupongen din (hvis du kj\u00f8pte den p\u00e5 nettet), eller du kan ta en titt p\u00e5 RedFoxLotto.com. Der finner du resultatene, og hvis du har kj\u00f8pt kupongen din via deres tjeneste, kan du sammenligne tallene p\u00e5 kupongen din med vinnertallene og se om du har vunnet noe.<\/p>\n<p>N\u00e5r du er klar til \u00e5 spille neste runde, alt du trenger \u00e5 gj\u00f8re er \u00e5 finne ut hvilke tall du vil spille, og du vil ikke ha noe problem med \u00e5 skaffe deg billetten og hoppe rett inn i favorittspillet ditt. EuroMillions er ikke det eneste spillet der ute,men det er et som definitivt vil gi deg sjansen til en stor jackpot.<\/p>\n","protected":false},"excerpt":{"rendered":"<p>EuroMillions og UK Millionaire Maker Spillere betaler litt mer fordi EuroMillions-kuponger kj\u00f8pes i Storbritannia. Dette skyldes det faktum at britiske billetter kommer med en automatisk oppf\u00f8ring i Millionaire Maker-trekningen, som gir en ekstra mulighet til \u00e5 vinne en bel\u00f8nning p\u00e5 1 million pund. Millionaire Maker fungerer ved at det genereres en unik kode for hvert [&hellip;]<\/p>\n","protected":false},"author":1,"featured_media":0,"parent":60582,"menu_order":3,"comment_status":"closed","ping_status":"closed","template":"euromillions-results.php","meta":{"_et_pb_use_builder":"","_et_pb_old_content":"","_et_gb_content_width":"","exclude_from_search":false,"footnotes":""},"class_list":["post-60772","page","type-page","status-publish","hentry"],"yoast_head":"<!-- This site is optimized with the Yoast SEO plugin v27.4 - https:\/\/yoast.com\/product\/yoast-seo-wordpress\/ -->\n<title>Resultater fra EuroMillions-lotteriet<\/title>\n<meta name=\"description\" content=\"Resultater fra siste og forrige trekning av Euromillions samlet p\u00e5 \u00e9n side.\" \/>\n<meta name=\"robots\" content=\"index, follow, max-snippet:-1, max-image-preview:large, max-video-preview:-1\" \/>\n<link rel=\"canonical\" href=\"https:\/\/redfoxlotto.com\/no\/resultater\/euromillions\/\" \/>\n<meta property=\"og:locale\" content=\"nb_NO\" \/>\n<meta property=\"og:type\" content=\"article\" \/>\n<meta property=\"og:title\" content=\"Resultater fra EuroMillions-lotteriet\" \/>\n<meta property=\"og:description\" content=\"Resultater fra siste og forrige trekning av Euromillions samlet p\u00e5 \u00e9n side.\" \/>\n<meta property=\"og:url\" content=\"https:\/\/redfoxlotto.com\/no\/resultater\/euromillions\/\" \/>\n<meta property=\"og:site_name\" content=\"Get Tickets for the World\u2019s largest jackpots\" \/>\n<meta property=\"article:modified_time\" content=\"2025-12-17T15:10:06+00:00\" \/>\n<meta property=\"og:image\" content=\"https:\/\/redfoxlotto.org\/wp-content\/uploads\/2023\/04\/ticket_powerball1.jpg\" \/>\n<meta name=\"twitter:card\" content=\"summary_large_image\" \/>\n<meta name=\"twitter:label1\" content=\"Ansl. lesetid\" \/>\n\t<meta name=\"twitter:data1\" content=\"4 minutter\" \/>\n<script type=\"application\/ld+json\" class=\"yoast-schema-graph\">{\"@context\":\"https:\\\/\\\/schema.org\",\"@graph\":[{\"@type\":\"WebPage\",\"@id\":\"https:\\\/\\\/redfoxlotto.com\\\/no\\\/resultater\\\/euromillions\\\/\",\"url\":\"https:\\\/\\\/redfoxlotto.com\\\/no\\\/resultater\\\/euromillions\\\/\",\"name\":\"Resultater fra EuroMillions-lotteriet\",\"isPartOf\":{\"@id\":\"https:\\\/\\\/redfoxlotto.com\\\/no\\\/#website\"},\"primaryImageOfPage\":{\"@id\":\"https:\\\/\\\/redfoxlotto.com\\\/no\\\/resultater\\\/euromillions\\\/#primaryimage\"},\"image\":{\"@id\":\"https:\\\/\\\/redfoxlotto.com\\\/no\\\/resultater\\\/euromillions\\\/#primaryimage\"},\"thumbnailUrl\":\"https:\\\/\\\/redfoxlotto.org\\\/wp-content\\\/uploads\\\/2023\\\/04\\\/ticket_powerball1.jpg\",\"datePublished\":\"2018-11-18T08:54:25+00:00\",\"dateModified\":\"2025-12-17T15:10:06+00:00\",\"description\":\"Resultater fra siste og forrige trekning av Euromillions samlet p\u00e5 \u00e9n side.\",\"breadcrumb\":{\"@id\":\"https:\\\/\\\/redfoxlotto.com\\\/no\\\/resultater\\\/euromillions\\\/#breadcrumb\"},\"inLanguage\":\"nb-NO\",\"potentialAction\":[{\"@type\":\"ReadAction\",\"target\":[\"https:\\\/\\\/redfoxlotto.com\\\/no\\\/resultater\\\/euromillions\\\/\"]}]},{\"@type\":\"ImageObject\",\"inLanguage\":\"nb-NO\",\"@id\":\"https:\\\/\\\/redfoxlotto.com\\\/no\\\/resultater\\\/euromillions\\\/#primaryimage\",\"url\":\"https:\\\/\\\/redfoxlotto.org\\\/wp-content\\\/uploads\\\/2023\\\/04\\\/ticket_powerball1.jpg\",\"contentUrl\":\"https:\\\/\\\/redfoxlotto.org\\\/wp-content\\\/uploads\\\/2023\\\/04\\\/ticket_powerball1.jpg\"},{\"@type\":\"BreadcrumbList\",\"@id\":\"https:\\\/\\\/redfoxlotto.com\\\/no\\\/resultater\\\/euromillions\\\/#breadcrumb\",\"itemListElement\":[{\"@type\":\"ListItem\",\"position\":1,\"name\":\"Home\",\"item\":\"https:\\\/\\\/redfoxlotto.com\\\/no\\\/\"},{\"@type\":\"ListItem\",\"position\":2,\"name\":\"Internasjonale lotteriresultater\",\"item\":\"https:\\\/\\\/redfoxlotto.com\\\/no\\\/resultater\\\/\"},{\"@type\":\"ListItem\",\"position\":3,\"name\":\"EuroMillions-resultater\"}]},{\"@type\":\"WebSite\",\"@id\":\"https:\\\/\\\/redfoxlotto.com\\\/no\\\/#website\",\"url\":\"https:\\\/\\\/redfoxlotto.com\\\/no\\\/\",\"name\":\"Get Tickets for the World\u2019s largest jackpots\",\"description\":\"Participate in worldwide lottery jackpots from any country\",\"publisher\":{\"@id\":\"https:\\\/\\\/redfoxlotto.com\\\/no\\\/#organization\"},\"potentialAction\":[{\"@type\":\"SearchAction\",\"target\":{\"@type\":\"EntryPoint\",\"urlTemplate\":\"https:\\\/\\\/redfoxlotto.com\\\/no\\\/?s={search_term_string}\"},\"query-input\":{\"@type\":\"PropertyValueSpecification\",\"valueRequired\":true,\"valueName\":\"search_term_string\"}}],\"inLanguage\":\"nb-NO\"},{\"@type\":\"Organization\",\"@id\":\"https:\\\/\\\/redfoxlotto.com\\\/no\\\/#organization\",\"name\":\"Get Tickets for the World\u2019s largest jackpots\",\"url\":\"https:\\\/\\\/redfoxlotto.com\\\/no\\\/\",\"logo\":{\"@type\":\"ImageObject\",\"inLanguage\":\"nb-NO\",\"@id\":\"https:\\\/\\\/redfoxlotto.com\\\/no\\\/#\\\/schema\\\/logo\\\/image\\\/\",\"url\":\"https:\\\/\\\/redfoxlotto.com\\\/wp-content\\\/uploads\\\/2023\\\/04\\\/logo.png\",\"contentUrl\":\"https:\\\/\\\/redfoxlotto.com\\\/wp-content\\\/uploads\\\/2023\\\/04\\\/logo.png\",\"width\":269,\"height\":53,\"caption\":\"Get Tickets for the World\u2019s largest jackpots\"},\"image\":{\"@id\":\"https:\\\/\\\/redfoxlotto.com\\\/no\\\/#\\\/schema\\\/logo\\\/image\\\/\"}}]}<\/script>\n<!-- \/ Yoast SEO plugin. -->","yoast_head_json":{"title":"Resultater fra EuroMillions-lotteriet","description":"Resultater fra siste og forrige trekning av Euromillions samlet p\u00e5 \u00e9n side.","robots":{"index":"index","follow":"follow","max-snippet":"max-snippet:-1","max-image-preview":"max-image-preview:large","max-video-preview":"max-video-preview:-1"},"canonical":"https:\/\/redfoxlotto.com\/no\/resultater\/euromillions\/","og_locale":"nb_NO","og_type":"article","og_title":"Resultater fra EuroMillions-lotteriet","og_description":"Resultater fra siste og forrige trekning av Euromillions samlet p\u00e5 \u00e9n side.","og_url":"https:\/\/redfoxlotto.com\/no\/resultater\/euromillions\/","og_site_name":"Get Tickets for the World\u2019s largest jackpots","article_modified_time":"2025-12-17T15:10:06+00:00","og_image":[{"url":"https:\/\/redfoxlotto.org\/wp-content\/uploads\/2023\/04\/ticket_powerball1.jpg","type":"","width":"","height":""}],"twitter_card":"summary_large_image","twitter_misc":{"Ansl. lesetid":"4 minutter"},"schema":{"@context":"https:\/\/schema.org","@graph":[{"@type":"WebPage","@id":"https:\/\/redfoxlotto.com\/no\/resultater\/euromillions\/","url":"https:\/\/redfoxlotto.com\/no\/resultater\/euromillions\/","name":"Resultater fra EuroMillions-lotteriet","isPartOf":{"@id":"https:\/\/redfoxlotto.com\/no\/#website"},"primaryImageOfPage":{"@id":"https:\/\/redfoxlotto.com\/no\/resultater\/euromillions\/#primaryimage"},"image":{"@id":"https:\/\/redfoxlotto.com\/no\/resultater\/euromillions\/#primaryimage"},"thumbnailUrl":"https:\/\/redfoxlotto.org\/wp-content\/uploads\/2023\/04\/ticket_powerball1.jpg","datePublished":"2018-11-18T08:54:25+00:00","dateModified":"2025-12-17T15:10:06+00:00","description":"Resultater fra siste og forrige trekning av Euromillions samlet p\u00e5 \u00e9n side.","breadcrumb":{"@id":"https:\/\/redfoxlotto.com\/no\/resultater\/euromillions\/#breadcrumb"},"inLanguage":"nb-NO","potentialAction":[{"@type":"ReadAction","target":["https:\/\/redfoxlotto.com\/no\/resultater\/euromillions\/"]}]},{"@type":"ImageObject","inLanguage":"nb-NO","@id":"https:\/\/redfoxlotto.com\/no\/resultater\/euromillions\/#primaryimage","url":"https:\/\/redfoxlotto.org\/wp-content\/uploads\/2023\/04\/ticket_powerball1.jpg","contentUrl":"https:\/\/redfoxlotto.org\/wp-content\/uploads\/2023\/04\/ticket_powerball1.jpg"},{"@type":"BreadcrumbList","@id":"https:\/\/redfoxlotto.com\/no\/resultater\/euromillions\/#breadcrumb","itemListElement":[{"@type":"ListItem","position":1,"name":"Home","item":"https:\/\/redfoxlotto.com\/no\/"},{"@type":"ListItem","position":2,"name":"Internasjonale lotteriresultater","item":"https:\/\/redfoxlotto.com\/no\/resultater\/"},{"@type":"ListItem","position":3,"name":"EuroMillions-resultater"}]},{"@type":"WebSite","@id":"https:\/\/redfoxlotto.com\/no\/#website","url":"https:\/\/redfoxlotto.com\/no\/","name":"Get Tickets for the World\u2019s largest jackpots","description":"Participate in worldwide lottery jackpots from any country","publisher":{"@id":"https:\/\/redfoxlotto.com\/no\/#organization"},"potentialAction":[{"@type":"SearchAction","target":{"@type":"EntryPoint","urlTemplate":"https:\/\/redfoxlotto.com\/no\/?s={search_term_string}"},"query-input":{"@type":"PropertyValueSpecification","valueRequired":true,"valueName":"search_term_string"}}],"inLanguage":"nb-NO"},{"@type":"Organization","@id":"https:\/\/redfoxlotto.com\/no\/#organization","name":"Get Tickets for the World\u2019s largest jackpots","url":"https:\/\/redfoxlotto.com\/no\/","logo":{"@type":"ImageObject","inLanguage":"nb-NO","@id":"https:\/\/redfoxlotto.com\/no\/#\/schema\/logo\/image\/","url":"https:\/\/redfoxlotto.com\/wp-content\/uploads\/2023\/04\/logo.png","contentUrl":"https:\/\/redfoxlotto.com\/wp-content\/uploads\/2023\/04\/logo.png","width":269,"height":53,"caption":"Get Tickets for the World\u2019s largest jackpots"},"image":{"@id":"https:\/\/redfoxlotto.com\/no\/#\/schema\/logo\/image\/"}}]}},"_links":{"self":[{"href":"https:\/\/redfoxlotto.com\/no\/wp-json\/wp\/v2\/pages\/60772","targetHints":{"allow":["GET"]}}],"collection":[{"href":"https:\/\/redfoxlotto.com\/no\/wp-json\/wp\/v2\/pages"}],"about":[{"href":"https:\/\/redfoxlotto.com\/no\/wp-json\/wp\/v2\/types\/page"}],"author":[{"embeddable":true,"href":"https:\/\/redfoxlotto.com\/no\/wp-json\/wp\/v2\/users\/1"}],"replies":[{"embeddable":true,"href":"https:\/\/redfoxlotto.com\/no\/wp-json\/wp\/v2\/comments?post=60772"}],"version-history":[{"count":0,"href":"https:\/\/redfoxlotto.com\/no\/wp-json\/wp\/v2\/pages\/60772\/revisions"}],"up":[{"embeddable":true,"href":"https:\/\/redfoxlotto.com\/no\/wp-json\/wp\/v2\/pages\/60582"}],"wp:attachment":[{"href":"https:\/\/redfoxlotto.com\/no\/wp-json\/wp\/v2\/media?parent=60772"}],"curies":[{"name":"wp","href":"https:\/\/api.w.org\/{rel}","templated":true}]}}