{"id":60769,"date":"2018-11-18T08:54:25","date_gmt":"2018-11-18T08:54:25","guid":{"rendered":"https:\/\/redfoxlotto.eu\/?page_id=60769"},"modified":"2025-12-18T06:53:25","modified_gmt":"2025-12-18T06:53:25","slug":"mega-millioner","status":"publish","type":"page","link":"https:\/\/redfoxlotto.com\/no\/resultater\/mega-millioner\/","title":{"rendered":"Resultater fra Mega Millions"},"content":{"rendered":"<p><script type=\"application\/ld+json\">\n{\n  \"@context\": \"https:\/\/schema.org\",\n  \"@type\": \"Service\",\n  \"name\": \"Sjekk Mega Millions trekningens resultater online\",\n  \"url\": \"https:\/\/redfoxlotto.com\/no\/resultater\/mega-millions\/\",\n  \"description\": \"Bes\u00f8k RedFoxLotto for \u00e5 sjekke de nyeste Mega Millions-resultatene og v\u00e5rt lotteriresultatarkiv.\",\n  \"serviceType\": \"Verdensomspennende lotteri resultatarhiv\",<\/p>\n<p>  \"provider\": {\n    \"@type\": \"Organization\",\n    \"name\": \"RedFoxLotto\",\n    \"url\": \"https:\/\/redfoxlotto.com\/no\/\",\n    \"image\": \"https:\/\/redfoxlotto.com\/wp-content\/uploads\/2025\/12\/ticket_scans.jpg\",\n    \"sameAs\": []\n  },<\/p>\n<p>  \"areaServed\": \"Worldwide\",\n  \"termsOfService\": \"https:\/\/redfoxlotto.com\/no\/terms-and-conditions\/\",\n  \"additionalProperty\": {\n    \"@type\": \"PropertyValue\",\n    \"name\": \"FAQ\",\n    \"value\": \"https:\/\/redfoxlotto.com\/no\/faq\/\"\n  },<\/p>\n<p>  \"hasOfferCatalog\": {\n    \"@type\": \"OfferCatalog\",\n    \"name\": \"Mega Millions-resultater\",\n    \"itemListElement\": [\n      {\n        \"@type\": \"Offer\",\n        \"name\": \"Mega Millions-resultater\",\n        \"url\": \"https:\/\/redfoxlotto.com\/no\/resultater\/mega-millions\/\",\n        \"description\": \"Finn de nyeste og historiske Mega Millions-resultatene her.\",\n        \"price\": \"13.00\",\n        \"priceCurrency\": \"EUR\",\n        \"availability\": \"https:\/\/schema.org\/InStock\",\n        \"itemOffered\": {\n          \"@type\": \"Service\",\n          \"name\": \"Mega Millions-resultater\",\n          \"description\": \"Mega Millions trukket tall online, siste og eldre resultater.\"\n        }\n      }\n    ]\n  },<\/p>\n<p>  \"mainEntityOfPage\": {\n    \"@type\": \"WebPage\",\n    \"@id\": \"https:\/\/redfoxlotto.com\/no\/resultater\/mega-millions\/\"\n  }\n}\n<\/script><br \/>\nLeter du etter de siste trekningsresultatene fra Mega Millions USA? Her finner du dem, i tillegg til et arkiv med tallene fra tidligere trekninger.<\/p>\n<p>\u00c5 vinne Mega Millions-jackpotten er enhver lotterispillers dr\u00f8m, og bel\u00f8nningen kan ofte v\u00e6re hundrevis av millioner dollar! Det er definitivt en grunn til \u00e5 se p\u00e5 vinnertallene i Mega Millions. Du vil vite hvilke tall som faktisk treffer, slik at du kan velge ut de tallene som kommer til \u00e5 sikre deg for livet, ikke sant?<\/p>\n<h2>Mega Millions Jackpot<\/h2>\n<p>Minimum jackpot i Mega Millions-lotteriet er 40 millioner dollar. Det betyr at hvis noen vinner jackpotten i dag, vil jackpotten ved neste trekning starte p\u00e5 40 millioner dollar. S\u00e5 det minste bel\u00f8pet (f\u00f8r skatt selvf\u00f8lgelig) du kan vinne er 40 millioner dollar. Og det skjer ikke s\u00e5 ofte, for de fleste vinner aldri denne jackpoten n\u00e5r den er p\u00e5 sitt laveste. De pleier heller \u00e5 vinne jackpotten n\u00e5r den er ganske mye h\u00f8yere.<\/p>\n<p>Sannheten er at jackpotten blir stor ganske raskt i Mega Millions i USA. Og jackpoten er ikke begrenset i st\u00f8rrelse. Her kan enorme summer akkumuleres p\u00e5 kort tid. Den h\u00f8yeste jackpoten Mega Millions noensinne har n\u00e5dd er p\u00e5 over 1,5 milliarder kroner! Det er definitivt<img loading=\"lazy\" decoding=\"async\" class=\"alignright wp-image\" src=\"https:\/\/redfoxlotto.org\/wp-content\/uploads\/2023\/04\/lottery-treasure-300x200-1.jpg\" alt=\"lotteriresultater\" width=\"232\" height=\"232\" \/> et tall som alle i USA \u00f8nsket \u00e5 v\u00e6re en del av, s\u00e5 det ble solgt millioner av lodd, men det er ikke bare de som kan v\u00e6re med i prosessen. Du er ogs\u00e5 invitert til \u00e5 sjekke det ut.<\/p>\n<h2>Mega Millions premieniv\u00e5er<\/h2>\n<p>Fra tabellen v\u00e5r kan du ogs\u00e5 se de tilgjengelige premieniv\u00e5ene og gevinstbel\u00f8pet. Det er mange forskjellige m\u00e5ter du kan vinne p\u00e5 n\u00e5r du spiller Mega Millions. Du m\u00e5 selvsagt treffe alle tallene for \u00e5 vinne jackpoten. Det kommer definitivt til \u00e5 bli en bragd, og det krever at du er ganske heldig med tallene, men det finnes definitivt m\u00e5ter du kan vinne enda mer p\u00e5.<\/p>\n<p>Vi har skissert hver av m\u00e5tene du kan vinne en premie, hvilken som helst premie, gjennom Mega Millions. N\u00e5r du ser p\u00e5 vinnertallene i Mega Millions, kommer du til \u00e5 se tallene som folk brukte for \u00e5 vinne jackpoten, men du kan absolutt bruke noen av disse tallene eller dine egne tall eller noe annet for \u00e5 pr\u00f8ve \u00e5 vinne en av de mindre premiene ogs\u00e5.<\/p>\n<p>N\u00e5r alt kommer til alt, kan du faktisk vinne noe i Mega Millions hvis du bare treffer Mega Ball eller hvis du bare treffer to av de vanlige tallene. Det betyr at du har gode odds for \u00e5 f\u00e5 noe for pengene.<\/p>\n<h2>Mest og minst trekkede tall<\/h2>\n<p>Vi har faktisk laget lister over de tallene som du definitivt b\u00f8r f\u00f8lge med p\u00e5, fordi dette er tall som mange liker akkurat n\u00e5. Det betyr at du kan ende opp med \u00e5 m\u00e5tte dele premiepengene dine hvis du vinner jackpotten (de andre premiene vinnes per kupong), men du kommer definitivt til \u00e5 ha en h\u00f8yere sjanse fordi dette er tallene som treffes mye oftere enn noen av de andre.<\/p>\n<p>Arkivet v\u00e5rt kan ogs\u00e5 v\u00e6re nyttig hvis du vil finne tall med bedre sjanser.<\/p>\n<p>Her er de &laquo;hete&raquo; tallene i Mega Millions Lotto:<\/p>\n<p>Tallene 29, 4, 48 og 36 er de tallene som trekkes oftest p\u00e5 Mega Millions. Nummer 48 har blitt trukket mer enn 80 ganger siden 2005. De mest popul\u00e6re MegaBall-tallene er 35, 9, 36 og 7.<\/p>\n<p>S\u00e5 hvis du \u00f8nsker \u00e5 treffe p\u00e5 de mest popul\u00e6re tallene, er det disse du b\u00f8r se n\u00e6rmere p\u00e5. Du m\u00e5 s\u00f8rge for at du virkelig dykker ned i det og finner ut hvordan du kan bruke noen av disse for deg selv.<\/p>\n<h2>Spille Mega Millions<\/h2>\n<p>Hvis du er klar til \u00e5 begynne \u00e5 spille Mega Millions, men ikke er fra USA, trenger du en m\u00e5te \u00e5 kj\u00f8pe lodd p\u00e5, ikke sant? Du m\u00e5 vite hvordan du kommer inn i hele denne prosessen, og det er faktisk mye enklere enn du kanskje trodde, for vi kan ta oss av det for deg. Vi hjelper deg med \u00e5 f\u00e5 den billetten du \u00f8nsker, ikke bare en hvilken som helst billett.<\/p>\n<p>N\u00e5r du g\u00e5r gjennom systemet v\u00e5rt, kan du bestemme hvilken type billett du vil spille. Selvf\u00f8lgelig, hvis du har Mega Millions-resultatene vinnertall, vil du selvf\u00f8lgelig spille Mega Millions, ikke sant? S\u00e5 du kan g\u00e5 til siden for dette spillet og finne ut litt mer om det. Derfra kan du begynne \u00e5 velge ut tallene du vil spille.<\/p>\n<p>N\u00e5r du velger tallene dine, kan du se hvor mange du trenger, og vi gir deg beskjed hvis du har for f\u00e5 eller for mange. Du har ogs\u00e5 muligheten til \u00e5 f\u00e5 en Quick Pick-lodd der vi tildeler deg tall tilfeldig, eller du kan bruke en kombinasjon av de to og f\u00e5 noen tilfeldig tildelte tall og noen du velger selv. Deretter fyller du ut kombinasjonene for det antallet lodd du \u00f8nsker.<\/p>\n<p>N\u00e5r du har valgt ut tallene dine, kj\u00f8per du dem enten via kontoen din, eller du oppretter kontoen du skal bruke. Du m\u00e5 ogs\u00e5 sette opp hvordan du skal betale for billettene og ogs\u00e5 se p\u00e5 hvordan du vil at utbetalingene dine skal leveres hvis du vinner noe. Du kj\u00f8per billettene dine, og din del er gjort. Deretter s\u00f8rger vi for \u00e5 skaffe billettene til deg.<\/p>\n<p>Kupongen dukker til og med opp direkte p\u00e5 kontoen din, og du vil ogs\u00e5 kunne se om du vinner noe, fordi vi gj\u00f8r det superenkelt for deg \u00e5 finne Mega Millions-resultater og vinnertall i systemet v\u00e5rt. N\u00e5r du sjekker kupongene dine etter at trekningen er ferdig, vil alle matchende tall p\u00e5 kupongen din bli uthevet. P\u00e5 den m\u00e5ten er det enkelt for deg \u00e5 se hvor mange treff du har!<\/p>\n","protected":false},"excerpt":{"rendered":"<p>Leter du etter de siste trekningsresultatene fra Mega Millions USA? Her finner du dem, i tillegg til et arkiv med tallene fra tidligere trekninger. \u00c5 vinne Mega Millions-jackpotten er enhver lotterispillers dr\u00f8m, og bel\u00f8nningen kan ofte v\u00e6re hundrevis av millioner dollar! Det er definitivt en grunn til \u00e5 se p\u00e5 vinnertallene i Mega Millions. Du [&hellip;]<\/p>\n","protected":false},"author":1,"featured_media":0,"parent":60582,"menu_order":2,"comment_status":"closed","ping_status":"closed","template":"megamillion-results.php","meta":{"_et_pb_use_builder":"","_et_pb_old_content":"","_et_gb_content_width":"","exclude_from_search":false,"footnotes":""},"class_list":["post-60769","page","type-page","status-publish","hentry"],"yoast_head":"<!-- This site is optimized with the Yoast SEO plugin v23.8 - https:\/\/yoast.com\/wordpress\/plugins\/seo\/ -->\n<title>Mega Millions vinnertall og resultater<\/title>\n<meta name=\"description\" content=\"Sjekk vinnertallene p\u00e5 v\u00e5r Mega Millions-resultatside, med v\u00e5rt arkiv over tidligere trekninger.\" \/>\n<meta name=\"robots\" content=\"index, follow, max-snippet:-1, max-image-preview:large, max-video-preview:-1\" \/>\n<link rel=\"canonical\" href=\"https:\/\/redfoxlotto.com\/no\/resultater\/mega-millioner\/\" \/>\n<meta property=\"og:locale\" content=\"nb_NO\" \/>\n<meta property=\"og:type\" content=\"article\" \/>\n<meta property=\"og:title\" content=\"Mega Millions vinnertall og resultater\" \/>\n<meta property=\"og:description\" content=\"Sjekk vinnertallene p\u00e5 v\u00e5r Mega Millions-resultatside, med v\u00e5rt arkiv over tidligere trekninger.\" \/>\n<meta property=\"og:url\" content=\"https:\/\/redfoxlotto.com\/no\/resultater\/mega-millioner\/\" \/>\n<meta property=\"og:site_name\" content=\"Get Tickets for the World\u2019s largest jackpots\" \/>\n<meta property=\"article:modified_time\" content=\"2025-12-18T06:53:25+00:00\" \/>\n<meta property=\"og:image\" content=\"https:\/\/redfoxlotto.org\/wp-content\/uploads\/2023\/04\/lottery-treasure-300x200-1.jpg\" \/>\n<meta name=\"twitter:card\" content=\"summary_large_image\" \/>\n<meta name=\"twitter:label1\" content=\"Ansl. lesetid\" \/>\n\t<meta name=\"twitter:data1\" content=\"5 minutter\" \/>\n<script type=\"application\/ld+json\" class=\"yoast-schema-graph\">{\"@context\":\"https:\/\/schema.org\",\"@graph\":[{\"@type\":\"WebPage\",\"@id\":\"https:\/\/redfoxlotto.com\/no\/resultater\/mega-millioner\/\",\"url\":\"https:\/\/redfoxlotto.com\/no\/resultater\/mega-millioner\/\",\"name\":\"Mega Millions vinnertall og resultater\",\"isPartOf\":{\"@id\":\"https:\/\/redfoxlotto.com\/no\/#website\"},\"primaryImageOfPage\":{\"@id\":\"https:\/\/redfoxlotto.com\/no\/resultater\/mega-millioner\/#primaryimage\"},\"image\":{\"@id\":\"https:\/\/redfoxlotto.com\/no\/resultater\/mega-millioner\/#primaryimage\"},\"thumbnailUrl\":\"https:\/\/redfoxlotto.org\/wp-content\/uploads\/2023\/04\/lottery-treasure-300x200-1.jpg\",\"datePublished\":\"2018-11-18T08:54:25+00:00\",\"dateModified\":\"2025-12-18T06:53:25+00:00\",\"description\":\"Sjekk vinnertallene p\u00e5 v\u00e5r Mega Millions-resultatside, med v\u00e5rt arkiv over tidligere trekninger.\",\"breadcrumb\":{\"@id\":\"https:\/\/redfoxlotto.com\/no\/resultater\/mega-millioner\/#breadcrumb\"},\"inLanguage\":\"nb-NO\",\"potentialAction\":[{\"@type\":\"ReadAction\",\"target\":[\"https:\/\/redfoxlotto.com\/no\/resultater\/mega-millioner\/\"]}]},{\"@type\":\"ImageObject\",\"inLanguage\":\"nb-NO\",\"@id\":\"https:\/\/redfoxlotto.com\/no\/resultater\/mega-millioner\/#primaryimage\",\"url\":\"https:\/\/redfoxlotto.org\/wp-content\/uploads\/2023\/04\/lottery-treasure-300x200-1.jpg\",\"contentUrl\":\"https:\/\/redfoxlotto.org\/wp-content\/uploads\/2023\/04\/lottery-treasure-300x200-1.jpg\"},{\"@type\":\"BreadcrumbList\",\"@id\":\"https:\/\/redfoxlotto.com\/no\/resultater\/mega-millioner\/#breadcrumb\",\"itemListElement\":[{\"@type\":\"ListItem\",\"position\":1,\"name\":\"Home\",\"item\":\"https:\/\/redfoxlotto.com\/no\/\"},{\"@type\":\"ListItem\",\"position\":2,\"name\":\"Internasjonale lotteriresultater\",\"item\":\"https:\/\/redfoxlotto.com\/no\/resultater\/\"},{\"@type\":\"ListItem\",\"position\":3,\"name\":\"Resultater fra Mega Millions\"}]},{\"@type\":\"WebSite\",\"@id\":\"https:\/\/redfoxlotto.com\/no\/#website\",\"url\":\"https:\/\/redfoxlotto.com\/no\/\",\"name\":\"Get Tickets for the World\u2019s largest jackpots\",\"description\":\"Participate in worldwide lottery jackpots from any country\",\"publisher\":{\"@id\":\"https:\/\/redfoxlotto.com\/no\/#organization\"},\"potentialAction\":[{\"@type\":\"SearchAction\",\"target\":{\"@type\":\"EntryPoint\",\"urlTemplate\":\"https:\/\/redfoxlotto.com\/no\/?s={search_term_string}\"},\"query-input\":{\"@type\":\"PropertyValueSpecification\",\"valueRequired\":true,\"valueName\":\"search_term_string\"}}],\"inLanguage\":\"nb-NO\"},{\"@type\":\"Organization\",\"@id\":\"https:\/\/redfoxlotto.com\/no\/#organization\",\"name\":\"Get Tickets for the World\u2019s largest jackpots\",\"url\":\"https:\/\/redfoxlotto.com\/no\/\",\"logo\":{\"@type\":\"ImageObject\",\"inLanguage\":\"nb-NO\",\"@id\":\"https:\/\/redfoxlotto.com\/no\/#\/schema\/logo\/image\/\",\"url\":\"https:\/\/redfoxlotto.com\/wp-content\/uploads\/2023\/04\/logo.png\",\"contentUrl\":\"https:\/\/redfoxlotto.com\/wp-content\/uploads\/2023\/04\/logo.png\",\"width\":269,\"height\":53,\"caption\":\"Get Tickets for the World\u2019s largest jackpots\"},\"image\":{\"@id\":\"https:\/\/redfoxlotto.com\/no\/#\/schema\/logo\/image\/\"}}]}<\/script>\n<!-- \/ Yoast SEO plugin. -->","yoast_head_json":{"title":"Mega Millions vinnertall og resultater","description":"Sjekk vinnertallene p\u00e5 v\u00e5r Mega Millions-resultatside, med v\u00e5rt arkiv over tidligere trekninger.","robots":{"index":"index","follow":"follow","max-snippet":"max-snippet:-1","max-image-preview":"max-image-preview:large","max-video-preview":"max-video-preview:-1"},"canonical":"https:\/\/redfoxlotto.com\/no\/resultater\/mega-millioner\/","og_locale":"nb_NO","og_type":"article","og_title":"Mega Millions vinnertall og resultater","og_description":"Sjekk vinnertallene p\u00e5 v\u00e5r Mega Millions-resultatside, med v\u00e5rt arkiv over tidligere trekninger.","og_url":"https:\/\/redfoxlotto.com\/no\/resultater\/mega-millioner\/","og_site_name":"Get Tickets for the World\u2019s largest jackpots","article_modified_time":"2025-12-18T06:53:25+00:00","og_image":[{"url":"https:\/\/redfoxlotto.org\/wp-content\/uploads\/2023\/04\/lottery-treasure-300x200-1.jpg"}],"twitter_card":"summary_large_image","twitter_misc":{"Ansl. lesetid":"5 minutter"},"schema":{"@context":"https:\/\/schema.org","@graph":[{"@type":"WebPage","@id":"https:\/\/redfoxlotto.com\/no\/resultater\/mega-millioner\/","url":"https:\/\/redfoxlotto.com\/no\/resultater\/mega-millioner\/","name":"Mega Millions vinnertall og resultater","isPartOf":{"@id":"https:\/\/redfoxlotto.com\/no\/#website"},"primaryImageOfPage":{"@id":"https:\/\/redfoxlotto.com\/no\/resultater\/mega-millioner\/#primaryimage"},"image":{"@id":"https:\/\/redfoxlotto.com\/no\/resultater\/mega-millioner\/#primaryimage"},"thumbnailUrl":"https:\/\/redfoxlotto.org\/wp-content\/uploads\/2023\/04\/lottery-treasure-300x200-1.jpg","datePublished":"2018-11-18T08:54:25+00:00","dateModified":"2025-12-18T06:53:25+00:00","description":"Sjekk vinnertallene p\u00e5 v\u00e5r Mega Millions-resultatside, med v\u00e5rt arkiv over tidligere trekninger.","breadcrumb":{"@id":"https:\/\/redfoxlotto.com\/no\/resultater\/mega-millioner\/#breadcrumb"},"inLanguage":"nb-NO","potentialAction":[{"@type":"ReadAction","target":["https:\/\/redfoxlotto.com\/no\/resultater\/mega-millioner\/"]}]},{"@type":"ImageObject","inLanguage":"nb-NO","@id":"https:\/\/redfoxlotto.com\/no\/resultater\/mega-millioner\/#primaryimage","url":"https:\/\/redfoxlotto.org\/wp-content\/uploads\/2023\/04\/lottery-treasure-300x200-1.jpg","contentUrl":"https:\/\/redfoxlotto.org\/wp-content\/uploads\/2023\/04\/lottery-treasure-300x200-1.jpg"},{"@type":"BreadcrumbList","@id":"https:\/\/redfoxlotto.com\/no\/resultater\/mega-millioner\/#breadcrumb","itemListElement":[{"@type":"ListItem","position":1,"name":"Home","item":"https:\/\/redfoxlotto.com\/no\/"},{"@type":"ListItem","position":2,"name":"Internasjonale lotteriresultater","item":"https:\/\/redfoxlotto.com\/no\/resultater\/"},{"@type":"ListItem","position":3,"name":"Resultater fra Mega Millions"}]},{"@type":"WebSite","@id":"https:\/\/redfoxlotto.com\/no\/#website","url":"https:\/\/redfoxlotto.com\/no\/","name":"Get Tickets for the World\u2019s largest jackpots","description":"Participate in worldwide lottery jackpots from any country","publisher":{"@id":"https:\/\/redfoxlotto.com\/no\/#organization"},"potentialAction":[{"@type":"SearchAction","target":{"@type":"EntryPoint","urlTemplate":"https:\/\/redfoxlotto.com\/no\/?s={search_term_string}"},"query-input":{"@type":"PropertyValueSpecification","valueRequired":true,"valueName":"search_term_string"}}],"inLanguage":"nb-NO"},{"@type":"Organization","@id":"https:\/\/redfoxlotto.com\/no\/#organization","name":"Get Tickets for the World\u2019s largest jackpots","url":"https:\/\/redfoxlotto.com\/no\/","logo":{"@type":"ImageObject","inLanguage":"nb-NO","@id":"https:\/\/redfoxlotto.com\/no\/#\/schema\/logo\/image\/","url":"https:\/\/redfoxlotto.com\/wp-content\/uploads\/2023\/04\/logo.png","contentUrl":"https:\/\/redfoxlotto.com\/wp-content\/uploads\/2023\/04\/logo.png","width":269,"height":53,"caption":"Get Tickets for the World\u2019s largest jackpots"},"image":{"@id":"https:\/\/redfoxlotto.com\/no\/#\/schema\/logo\/image\/"}}]}},"_links":{"self":[{"href":"https:\/\/redfoxlotto.com\/no\/wp-json\/wp\/v2\/pages\/60769","targetHints":{"allow":["GET"]}}],"collection":[{"href":"https:\/\/redfoxlotto.com\/no\/wp-json\/wp\/v2\/pages"}],"about":[{"href":"https:\/\/redfoxlotto.com\/no\/wp-json\/wp\/v2\/types\/page"}],"author":[{"embeddable":true,"href":"https:\/\/redfoxlotto.com\/no\/wp-json\/wp\/v2\/users\/1"}],"replies":[{"embeddable":true,"href":"https:\/\/redfoxlotto.com\/no\/wp-json\/wp\/v2\/comments?post=60769"}],"version-history":[{"count":0,"href":"https:\/\/redfoxlotto.com\/no\/wp-json\/wp\/v2\/pages\/60769\/revisions"}],"up":[{"embeddable":true,"href":"https:\/\/redfoxlotto.com\/no\/wp-json\/wp\/v2\/pages\/60582"}],"wp:attachment":[{"href":"https:\/\/redfoxlotto.com\/no\/wp-json\/wp\/v2\/media?parent=60769"}],"curies":[{"name":"wp","href":"https:\/\/api.w.org\/{rel}","templated":true}]}}