{"id":60586,"date":"2018-11-18T08:54:25","date_gmt":"2018-11-18T08:54:25","guid":{"rendered":"https:\/\/redfoxlotto.eu\/?page_id=60586"},"modified":"2025-12-17T12:26:51","modified_gmt":"2025-12-17T12:26:51","slug":"powerball","status":"publish","type":"page","link":"https:\/\/redfoxlotto.com\/no\/resultater\/powerball\/","title":{"rendered":"Powerball-resultater"},"content":{"rendered":"<p><script type=\"application\/ld+json\">\n{\n  \"@context\": \"https:\/\/schema.org\",\n  \"@type\": \"Service\",\n  \"name\": \"Sjekk Powerball-resultatene online\",\n  \"url\": \"https:\/\/redfoxlotto.com\/no\/resultater\/powerball\/\",\n  \"description\": \"Bes\u00f8k RedFoxLotto for \u00e5 sjekke de siste Powerball-resultatene og v\u00e5rt lotteriresultatarkiv.\",\n  \"serviceType\": \"Verdensomspennende lotteriresultatarkiv\",\n  \"provider\": {\n    \"@type\": \"Organization\",\n    \"name\": \"RedFoxLotto\",\n    \"url\": \"https:\/\/redfoxlotto.com\/no\/resultater\/powerball\/\",\n    \"image\": \"https:\/\/redfoxlotto.com\/wp-content\/uploads\/2025\/12\/ticket_scans.jpg\",\n    \"sameAs\": []\n  },\n  \"areaServed\": \"Worldwide\",\n  \"termsOfService\": \"https:\/\/redfoxlotto.com\/terms-and-conditions\",\n  \"additionalProperty\": {\n    \"@type\": \"PropertyValue\",\n    \"name\": \"FAQ\",\n    \"value\": \"https:\/\/redfoxlotto.com\/no\/faq\/\"\n  },\n  \"hasOfferCatalog\": {\n    \"@type\": \"OfferCatalog\",\n    \"name\": \"Powerball-resultater\",\n    \"itemListElement\": [\n      {\n        \"@type\": \"Offer\",\n        \"name\": \"Powerball-resultater\",\n        \"url\": \"https:\/\/redfoxlotto.com\/no\/resultater\/powerball\/\",\n        \"description\": \"Finn de nyeste og historiske Powerball-resultatene og andre store lotterier her\",\n        \"itemOffered\": {\n          \"@type\": \"Service\",\n          \"name\": \"Powerball-resultater\",\n          \"description\": \"Powerball-trekknummer online, nylige og eldre resultater.\"\n        }\n      }\n    ]\n  },\n  \"mainEntityOfPage\": {\n    \"@type\": \"WebPage\",\n    \"@id\": \"https:\/\/redfoxlotto.com\/no\/resultater\/powerball\/\"\n  }\n}\n<\/script><\/p>\n<h2>Hvor finner du vinnertallene i Powerball?<\/h2>\n<p>Har du noen gang hatt lyst til \u00e5 sjekke vinnertallene p\u00e5 noen av de st\u00f8rste lotterispillene der ute? Kanskje du har pr\u00f8vd \u00e5 finne vinnertallene fra tidligere spill, men du finner dem bare ikke. Kanskje du er p\u00e5 jakt etter Powerball-lodd med noen av de mest popul\u00e6re tallene, eller kanskje du bare er nysgjerrig og vil vite. Vel, p\u00e5 nettstedet v\u00e5rt viser vi alle Powerball-resultater og vinnertall, for denne uken og de siste trekningene.<\/p>\n<p>Det er selvf\u00f8lgelig ikke bare Powerball vi skal fortelle deg alt om. Her kan du sjekke resultatene fra verdens mest popul\u00e6re lotterispill. Men n\u00e5r det gjelder Powerball, skj\u00f8nner vi absolutt hvorfor du er interessert. Den som har alle de p\u00e5krevde tallene p\u00e5 kupongen sin, er multimillion\u00e6r. Du kan ogs\u00e5 se p\u00e5 vinnertallene fra tidligere trekninger i arkivet v\u00e5rt.<\/p>\n<h2>Powerball-jackpotten<\/h2>\n<p>Powerball-jackpotten starter p\u00e5 minst 40 000 000 dollar. Men rekorden s\u00e5 langt ligger p\u00e5 utrolige 1 500 000 000 dollar, eller 1,5 milliarder dollar! Du kan knapt forestille deg et slikt bel\u00f8p, men noen har faktisk vunnet det! Selv den lille jackpoten p\u00e5 40 000 000 dollar virker som en vanvittig sum penger, ikke sant? Men folk vinner vanligvis ikke engang s\u00e5 mye.<\/p>\n<p>Det er faktisk sjelden at noen vinner minimumsbel\u00f8pet i Powerball. I de fleste tilfeller g\u00e5r den opp i det minste litt, og i mange tilfeller g\u00e5r den opp mye. Selv om den ikke kommer opp over 1 milliard dollar veldig ofte, er det ikke uvanlig at den kommer veldig n\u00e6r.<\/p>\n<h2>Powerball-premier og Powerball-vinnere<\/h2>\n<p>Det er ni vinnerniv\u00e5er i Powerball. Hundretusener av spillere vinner i hver trekning. Tabellen over viser ogs\u00e5 gevinstbel\u00f8pene. Du kan faktisk vinne Powerball med bare ett enkelt tall, s\u00e5 lenge det matchede tallet er det som kalles &laquo;Powerball&raquo;.<\/p>\n<p>Hvis du treffer minst 2 av de andre tallene, f\u00e5r du ogs\u00e5 en premie. S\u00e5 du kommer til \u00e5 ha mange sjanser til \u00e5 vinne en stor gevinst eller til og med en liten gevinst. Det er definitivt et spill du vil sjekke ut, ikke sant?<\/p>\n<h2>De mest uttrukne tallene i Powerball<\/h2>\n<p>Hva er din strategi n\u00e5r du velger tall? Noen spillere bruker alltid de samme personlige tallene, mens andre bruker de minst eller mest uttrukne tallene p\u00e5 kupongen sin.<img loading=\"lazy\" decoding=\"async\" class=\" wp-image alignright\" src=\"https:\/\/content.redfoxlotto.com\/uploads\/sites\/9\/1_results_powerball.jpg\" alt=\"Powerball lotterivinner\" width=\"256\" height=\"191\" \/><br \/>\nKanskje har du et helt annet system, men \u00f8nsker likevel \u00e5 vite litt mer om tallene f\u00f8r du tar din egen beslutning om hva du skal velge.<\/p>\n<p>Vel, prosessen er superenkel, og vi har tallene du leter etter. I tillegg til vinnertallene og tidligere resultater som du finner p\u00e5 siden v\u00e5r, har vi ogs\u00e5 informasjon om hvilke tall som trekkes og ikke trekkes.<\/p>\n<p>De mest popul\u00e6re tallene i Powerball er 8, 26, 22, 23 og 36. Tallene som trekkes sjeldnest er 15, 51, 37, 47, 12, 4 og 24.<\/p>\n<h2>F\u00e5 tak i kupongen din<\/h2>\n<p>Hvis du er p\u00e5 utkikk etter Powerball-resultater og vinnertall, er du sannsynligvis ogs\u00e5 p\u00e5 utkikk etter m\u00e5ter du kan spille p\u00e5, ikke sant? Du vil vite hva som skal til for at du skal kunne v\u00e6re med p\u00e5 leken. Heldigvis for deg er det ikke s\u00e5 mye som skal til. Vi kan skaffe deg billettene du leter etter p\u00e5 kort tid. Du trenger bare \u00e5 fortelle oss hva du vil ha, s\u00e5 ordner vi resten for deg.<\/p>\n<p>V\u00e5r prosess for \u00e5 skaffe billetter tar bare noen f\u00e5 enkle trinn. F\u00f8rst m\u00e5 du bestemme deg for hvilket spill du vil spille. Hvis du har bestemt deg for Powerball, er trinn \u00e9n allerede utf\u00f8rt. Hvis du ikke er sikker, kan du finne ut mer om spillet p\u00e5 nettsiden v\u00e5r, se den aktuelle jackpoten og sjekke ut alle de andre spillene vi har tilgjengelig. P\u00e5 den m\u00e5ten kan du v\u00e6re sikker p\u00e5 at du spiller de absolutt beste alternativene.<\/p>\n<p>Deretter velger du ut tallene til kupongen din. Du trenger ikke \u00e5 velge ut tallene hvis du ikke vil. Som vi nevnte tidligere, kan du f\u00e5 et hurtigvalg eller en kombinasjon av et hurtigvalg og spesifikke tall. Du kan ogs\u00e5 velge det spesifikke antallet billetter du vil ha og velge ut tall for eventuelle ekstra billetter.<\/p>\n<p>Systemet v\u00e5rt vil til og med fortelle deg om du trenger \u00e5 <img decoding=\"async\" class=\"size-full wp-image alignright\" src=\"https:\/\/content.redfoxlotto.com\/uploads\/sites\/9\/1_winning_numbers_powerball.jpg\" alt=\"lotteriresultater\" \/>velge flere eller f\u00e6rre tall p\u00e5 billetten din, slik at du kan v\u00e6re sikker p\u00e5 at du har en gyldig billett.<\/p>\n<p>Deretter oppretter du en konto hvis du ikke allerede har en, og konfigurerer betalingskontoen din. Du kan ogs\u00e5 velge hvor du vil motta utbetalinger hvis du vinner noe. Og du f\u00e5r velge hvor mange trekninger du vil at billetten din skal v\u00e6re god for. Til slutt klikker du p\u00e5 knappen for \u00e5 kj\u00f8pe loddene dine, og vi tar oss av resten av prosessen for deg.<\/p>\n<h2>\u00c5 f\u00e5 betalt<\/h2>\n<p>S\u00e5, hva skjer etter at du har sjekket resultatene og funnet ut at du faktisk har vunnet noe? Vel, hvis du vinner et lite bel\u00f8p, blir pengene umiddelbart satt inn p\u00e5 spillerkontoen din. Hvis du vinner et st\u00f8rre bel\u00f8p, kontakter kundest\u00f8tteteamet v\u00e5rt deg for \u00e5 finne ut hvordan du \u00f8nsker \u00e5 motta betalingen. Og hvis du vinner jackpotten &#8230; vel, da m\u00e5 du reise til USA for \u00e5 gj\u00f8re krav p\u00e5 jackpotten, for de liker \u00e5 lage et stort show av det hele.<\/p>\n<p>Men hvis du vinner millioner eller over en milliard dollar, vil du sannsynligvis mer enn gjerne reise til landet som gir deg pengene, ikke sant? Nettopp derfor er det en god id\u00e9 \u00e5 kjenne til Powerball-resultatene og vinnertallene og f\u00f8lge med p\u00e5 hva som skjer. Du kan s\u00f8rge for at du f\u00e5r tallene med en gang. Men ikke bekymre deg, hvis tallene dine vinner, skal vi v\u00e6re de f\u00f8rste til \u00e5 fortelle deg alt om det og fortelle deg hva du trenger \u00e5 gj\u00f8re videre.<\/p>\n","protected":false},"excerpt":{"rendered":"<p>Hvor finner du vinnertallene i Powerball? Har du noen gang hatt lyst til \u00e5 sjekke vinnertallene p\u00e5 noen av de st\u00f8rste lotterispillene der ute? Kanskje du har pr\u00f8vd \u00e5 finne vinnertallene fra tidligere spill, men du finner dem bare ikke. Kanskje du er p\u00e5 jakt etter Powerball-lodd med noen av de mest popul\u00e6re tallene, eller [&hellip;]<\/p>\n","protected":false},"author":1,"featured_media":0,"parent":60582,"menu_order":1,"comment_status":"closed","ping_status":"closed","template":"powerball-usa-results.php","meta":{"_et_pb_use_builder":"","_et_pb_old_content":"","_et_gb_content_width":"","exclude_from_search":false,"footnotes":""},"class_list":["post-60586","page","type-page","status-publish","hentry"],"yoast_head":"<!-- This site is optimized with the Yoast SEO plugin v27.3 - https:\/\/yoast.com\/product\/yoast-seo-wordpress\/ -->\n<title>Powerball-lotteriresultater og vinnertall<\/title>\n<meta name=\"description\" content=\"F\u00e5 de siste Powerball Lotto-resultatene her, inkludert et arkiv for tidligere trekninger\" \/>\n<meta name=\"robots\" content=\"index, follow, max-snippet:-1, max-image-preview:large, max-video-preview:-1\" \/>\n<link rel=\"canonical\" href=\"https:\/\/redfoxlotto.com\/no\/resultater\/powerball\/\" \/>\n<meta property=\"og:locale\" content=\"nb_NO\" \/>\n<meta property=\"og:type\" content=\"article\" \/>\n<meta property=\"og:title\" content=\"Powerball-lotteriresultater og vinnertall\" \/>\n<meta property=\"og:description\" content=\"F\u00e5 de siste Powerball Lotto-resultatene her, inkludert et arkiv for tidligere trekninger\" \/>\n<meta property=\"og:url\" content=\"https:\/\/redfoxlotto.com\/no\/resultater\/powerball\/\" \/>\n<meta property=\"og:site_name\" content=\"Get Tickets for the World\u2019s largest jackpots\" \/>\n<meta property=\"article:modified_time\" content=\"2025-12-17T12:26:51+00:00\" \/>\n<meta property=\"og:image\" content=\"https:\/\/content.redfoxlotto.com\/uploads\/sites\/9\/1_results_powerball.jpg\" \/>\n<meta name=\"twitter:card\" content=\"summary_large_image\" \/>\n<meta name=\"twitter:label1\" content=\"Ansl. lesetid\" \/>\n\t<meta name=\"twitter:data1\" content=\"5 minutter\" \/>\n<script type=\"application\/ld+json\" class=\"yoast-schema-graph\">{\"@context\":\"https:\\\/\\\/schema.org\",\"@graph\":[{\"@type\":\"WebPage\",\"@id\":\"https:\\\/\\\/redfoxlotto.com\\\/no\\\/resultater\\\/powerball\\\/\",\"url\":\"https:\\\/\\\/redfoxlotto.com\\\/no\\\/resultater\\\/powerball\\\/\",\"name\":\"Powerball-lotteriresultater og vinnertall\",\"isPartOf\":{\"@id\":\"https:\\\/\\\/redfoxlotto.com\\\/no\\\/#website\"},\"primaryImageOfPage\":{\"@id\":\"https:\\\/\\\/redfoxlotto.com\\\/no\\\/resultater\\\/powerball\\\/#primaryimage\"},\"image\":{\"@id\":\"https:\\\/\\\/redfoxlotto.com\\\/no\\\/resultater\\\/powerball\\\/#primaryimage\"},\"thumbnailUrl\":\"https:\\\/\\\/content.redfoxlotto.com\\\/uploads\\\/sites\\\/9\\\/1_results_powerball.jpg\",\"datePublished\":\"2018-11-18T08:54:25+00:00\",\"dateModified\":\"2025-12-17T12:26:51+00:00\",\"description\":\"F\u00e5 de siste Powerball Lotto-resultatene her, inkludert et arkiv for tidligere trekninger\",\"breadcrumb\":{\"@id\":\"https:\\\/\\\/redfoxlotto.com\\\/no\\\/resultater\\\/powerball\\\/#breadcrumb\"},\"inLanguage\":\"nb-NO\",\"potentialAction\":[{\"@type\":\"ReadAction\",\"target\":[\"https:\\\/\\\/redfoxlotto.com\\\/no\\\/resultater\\\/powerball\\\/\"]}]},{\"@type\":\"ImageObject\",\"inLanguage\":\"nb-NO\",\"@id\":\"https:\\\/\\\/redfoxlotto.com\\\/no\\\/resultater\\\/powerball\\\/#primaryimage\",\"url\":\"https:\\\/\\\/content.redfoxlotto.com\\\/uploads\\\/sites\\\/9\\\/1_results_powerball.jpg\",\"contentUrl\":\"https:\\\/\\\/content.redfoxlotto.com\\\/uploads\\\/sites\\\/9\\\/1_results_powerball.jpg\"},{\"@type\":\"BreadcrumbList\",\"@id\":\"https:\\\/\\\/redfoxlotto.com\\\/no\\\/resultater\\\/powerball\\\/#breadcrumb\",\"itemListElement\":[{\"@type\":\"ListItem\",\"position\":1,\"name\":\"Home\",\"item\":\"https:\\\/\\\/redfoxlotto.com\\\/no\\\/\"},{\"@type\":\"ListItem\",\"position\":2,\"name\":\"Internasjonale lotteriresultater\",\"item\":\"https:\\\/\\\/redfoxlotto.com\\\/no\\\/resultater\\\/\"},{\"@type\":\"ListItem\",\"position\":3,\"name\":\"Powerball-resultater\"}]},{\"@type\":\"WebSite\",\"@id\":\"https:\\\/\\\/redfoxlotto.com\\\/no\\\/#website\",\"url\":\"https:\\\/\\\/redfoxlotto.com\\\/no\\\/\",\"name\":\"Get Tickets for the World\u2019s largest jackpots\",\"description\":\"Participate in worldwide lottery jackpots from any country\",\"publisher\":{\"@id\":\"https:\\\/\\\/redfoxlotto.com\\\/no\\\/#organization\"},\"potentialAction\":[{\"@type\":\"SearchAction\",\"target\":{\"@type\":\"EntryPoint\",\"urlTemplate\":\"https:\\\/\\\/redfoxlotto.com\\\/no\\\/?s={search_term_string}\"},\"query-input\":{\"@type\":\"PropertyValueSpecification\",\"valueRequired\":true,\"valueName\":\"search_term_string\"}}],\"inLanguage\":\"nb-NO\"},{\"@type\":\"Organization\",\"@id\":\"https:\\\/\\\/redfoxlotto.com\\\/no\\\/#organization\",\"name\":\"Get Tickets for the World\u2019s largest jackpots\",\"url\":\"https:\\\/\\\/redfoxlotto.com\\\/no\\\/\",\"logo\":{\"@type\":\"ImageObject\",\"inLanguage\":\"nb-NO\",\"@id\":\"https:\\\/\\\/redfoxlotto.com\\\/no\\\/#\\\/schema\\\/logo\\\/image\\\/\",\"url\":\"https:\\\/\\\/redfoxlotto.com\\\/wp-content\\\/uploads\\\/2023\\\/04\\\/logo.png\",\"contentUrl\":\"https:\\\/\\\/redfoxlotto.com\\\/wp-content\\\/uploads\\\/2023\\\/04\\\/logo.png\",\"width\":269,\"height\":53,\"caption\":\"Get Tickets for the World\u2019s largest jackpots\"},\"image\":{\"@id\":\"https:\\\/\\\/redfoxlotto.com\\\/no\\\/#\\\/schema\\\/logo\\\/image\\\/\"}}]}<\/script>\n<!-- \/ Yoast SEO plugin. -->","yoast_head_json":{"title":"Powerball-lotteriresultater og vinnertall","description":"F\u00e5 de siste Powerball Lotto-resultatene her, inkludert et arkiv for tidligere trekninger","robots":{"index":"index","follow":"follow","max-snippet":"max-snippet:-1","max-image-preview":"max-image-preview:large","max-video-preview":"max-video-preview:-1"},"canonical":"https:\/\/redfoxlotto.com\/no\/resultater\/powerball\/","og_locale":"nb_NO","og_type":"article","og_title":"Powerball-lotteriresultater og vinnertall","og_description":"F\u00e5 de siste Powerball Lotto-resultatene her, inkludert et arkiv for tidligere trekninger","og_url":"https:\/\/redfoxlotto.com\/no\/resultater\/powerball\/","og_site_name":"Get Tickets for the World\u2019s largest jackpots","article_modified_time":"2025-12-17T12:26:51+00:00","og_image":[{"url":"https:\/\/content.redfoxlotto.com\/uploads\/sites\/9\/1_results_powerball.jpg","type":"","width":"","height":""}],"twitter_card":"summary_large_image","twitter_misc":{"Ansl. lesetid":"5 minutter"},"schema":{"@context":"https:\/\/schema.org","@graph":[{"@type":"WebPage","@id":"https:\/\/redfoxlotto.com\/no\/resultater\/powerball\/","url":"https:\/\/redfoxlotto.com\/no\/resultater\/powerball\/","name":"Powerball-lotteriresultater og vinnertall","isPartOf":{"@id":"https:\/\/redfoxlotto.com\/no\/#website"},"primaryImageOfPage":{"@id":"https:\/\/redfoxlotto.com\/no\/resultater\/powerball\/#primaryimage"},"image":{"@id":"https:\/\/redfoxlotto.com\/no\/resultater\/powerball\/#primaryimage"},"thumbnailUrl":"https:\/\/content.redfoxlotto.com\/uploads\/sites\/9\/1_results_powerball.jpg","datePublished":"2018-11-18T08:54:25+00:00","dateModified":"2025-12-17T12:26:51+00:00","description":"F\u00e5 de siste Powerball Lotto-resultatene her, inkludert et arkiv for tidligere trekninger","breadcrumb":{"@id":"https:\/\/redfoxlotto.com\/no\/resultater\/powerball\/#breadcrumb"},"inLanguage":"nb-NO","potentialAction":[{"@type":"ReadAction","target":["https:\/\/redfoxlotto.com\/no\/resultater\/powerball\/"]}]},{"@type":"ImageObject","inLanguage":"nb-NO","@id":"https:\/\/redfoxlotto.com\/no\/resultater\/powerball\/#primaryimage","url":"https:\/\/content.redfoxlotto.com\/uploads\/sites\/9\/1_results_powerball.jpg","contentUrl":"https:\/\/content.redfoxlotto.com\/uploads\/sites\/9\/1_results_powerball.jpg"},{"@type":"BreadcrumbList","@id":"https:\/\/redfoxlotto.com\/no\/resultater\/powerball\/#breadcrumb","itemListElement":[{"@type":"ListItem","position":1,"name":"Home","item":"https:\/\/redfoxlotto.com\/no\/"},{"@type":"ListItem","position":2,"name":"Internasjonale lotteriresultater","item":"https:\/\/redfoxlotto.com\/no\/resultater\/"},{"@type":"ListItem","position":3,"name":"Powerball-resultater"}]},{"@type":"WebSite","@id":"https:\/\/redfoxlotto.com\/no\/#website","url":"https:\/\/redfoxlotto.com\/no\/","name":"Get Tickets for the World\u2019s largest jackpots","description":"Participate in worldwide lottery jackpots from any country","publisher":{"@id":"https:\/\/redfoxlotto.com\/no\/#organization"},"potentialAction":[{"@type":"SearchAction","target":{"@type":"EntryPoint","urlTemplate":"https:\/\/redfoxlotto.com\/no\/?s={search_term_string}"},"query-input":{"@type":"PropertyValueSpecification","valueRequired":true,"valueName":"search_term_string"}}],"inLanguage":"nb-NO"},{"@type":"Organization","@id":"https:\/\/redfoxlotto.com\/no\/#organization","name":"Get Tickets for the World\u2019s largest jackpots","url":"https:\/\/redfoxlotto.com\/no\/","logo":{"@type":"ImageObject","inLanguage":"nb-NO","@id":"https:\/\/redfoxlotto.com\/no\/#\/schema\/logo\/image\/","url":"https:\/\/redfoxlotto.com\/wp-content\/uploads\/2023\/04\/logo.png","contentUrl":"https:\/\/redfoxlotto.com\/wp-content\/uploads\/2023\/04\/logo.png","width":269,"height":53,"caption":"Get Tickets for the World\u2019s largest jackpots"},"image":{"@id":"https:\/\/redfoxlotto.com\/no\/#\/schema\/logo\/image\/"}}]}},"_links":{"self":[{"href":"https:\/\/redfoxlotto.com\/no\/wp-json\/wp\/v2\/pages\/60586","targetHints":{"allow":["GET"]}}],"collection":[{"href":"https:\/\/redfoxlotto.com\/no\/wp-json\/wp\/v2\/pages"}],"about":[{"href":"https:\/\/redfoxlotto.com\/no\/wp-json\/wp\/v2\/types\/page"}],"author":[{"embeddable":true,"href":"https:\/\/redfoxlotto.com\/no\/wp-json\/wp\/v2\/users\/1"}],"replies":[{"embeddable":true,"href":"https:\/\/redfoxlotto.com\/no\/wp-json\/wp\/v2\/comments?post=60586"}],"version-history":[{"count":0,"href":"https:\/\/redfoxlotto.com\/no\/wp-json\/wp\/v2\/pages\/60586\/revisions"}],"up":[{"embeddable":true,"href":"https:\/\/redfoxlotto.com\/no\/wp-json\/wp\/v2\/pages\/60582"}],"wp:attachment":[{"href":"https:\/\/redfoxlotto.com\/no\/wp-json\/wp\/v2\/media?parent=60586"}],"curies":[{"name":"wp","href":"https:\/\/api.w.org\/{rel}","templated":true}]}}