{"id":60582,"date":"2023-04-24T14:13:24","date_gmt":"2023-04-24T14:13:24","guid":{"rendered":"https:\/\/redfoxlotto.eu\/?page_id=60582"},"modified":"2025-12-18T08:48:12","modified_gmt":"2025-12-18T08:48:12","slug":"resultater","status":"publish","type":"page","link":"https:\/\/redfoxlotto.com\/no\/resultater\/","title":{"rendered":"Internasjonale lotteriresultater"},"content":{"rendered":"<p><script type=\"application\/ld+json\">\n{\n  \"@context\": \"https:\/\/schema.org\",\n  \"@type\": \"Service\",\n  \"name\": \"Sjekk internasjonale lotteritrekninger p\u00e5 nett\",\n  \"url\": \"https:\/\/redfoxlotto.com\/no\/resultater\/powerball\",\n  \"description\": \"Bes\u00f8k RedFoxLotto for \u00e5 sjekke de nyeste resultatene fra verdens st\u00f8rste lotterier.\",\n  \"serviceType\": \"Verdensomspennende arkiv for lotteriresulatater\",<\/p>\n<p>  \"provider\": {\n    \"@type\": \"Organization\",\n    \"name\": \"RedFoxLotto\",\n    \"url\": \"https:\/\/redfoxlotto.com\/no\/\",\n    \"image\": \"https:\/\/redfoxlotto.com\/wp-content\/uploads\/2025\/12\/ticket_scans.jpg\",\n    \"sameAs\": []\n  },<\/p>\n<p>  \"areaServed\": \"Worldwide\",\n  \"termsOfService\": \"https:\/\/redfoxlotto.com\/terms-and-conditions\",<\/p>\n<p>  \"additionalProperty\": {\n    \"@type\": \"PropertyValue\",\n    \"name\": \"Ofte stilte sp\u00f8rsm\u00e5l\",\n    \"value\": \"https:\/\/redfoxlotto.com\/no\/faq\/\"\n  },<\/p>\n<p>  \"hasOfferCatalog\": {\n    \"@type\": \"OfferCatalog\",\n    \"name\": \"Verdensomspennende lotteriresultater\",\n    \"itemListElement\": [\n      {\n        \"@type\": \"Offer\",\n        \"name\": \"Powerball-billett\",\n        \"url\": \"https:\/\/redfoxlotto.com\/no\/resultater\/\",\n        \"description\": \"Finn de nyeste og historiske resultatene for verdens st\u00f8rste lotterier her\",\n        \"itemOffered\": {\n          \"@type\": \"Service\",\n          \"name\": \"Internasjonale lotteriresultater\",\n          \"description\": \"Trukne tall p\u00e5 nett for de st\u00f8rste lotteriene, med b\u00e5de nye og eldre resultater.\"\n        }\n      }\n    ]\n  },<\/p>\n<p>  \"mainEntityOfPage\": {\n    \"@type\": \"WebPage\",\n    \"@id\": \"https:\/\/redfoxlotto.com\/no\/resultater\/\"\n  }\n}\n<\/script><\/p>\n<p>Her publiserer vi uke for uke de siste vinnertallene og resultatene fra alle internasjonale lotterier som du kan kj\u00f8pe lodd til hos oss.<\/p>\n<p>Resultatene kommer fra de offisielle lotterioperat\u00f8rene. De blir publisert her umiddelbart etter trekningen. P\u00e5 den m\u00e5ten kan du raskt sammenligne loddene dine med vinnertallene <img loading=\"lazy\" decoding=\"async\" class=\" wp-image alignright\" src=\"https:\/\/content.redfoxlotto.com\/uploads\/sites\/9\/1_winning_lottery_numbers.jpg\" alt=\"online billett fransk lotteri\" width=\"176\" height=\"176\" \/>og se om du har vunnet. Du kan ogs\u00e5 se gevinstbel\u00f8pene som tilsvarer de respektive premieniv\u00e5ene ved \u00e5 klikke p\u00e5 navnet p\u00e5 lotteriet. Dette vil ogs\u00e5 fortelle deg om den siste jackpoten ble vunnet eller ikke.<\/p>\n<h2>Tidligere resultater og vinnertall<\/h2>\n<p>Vi viser deg ogs\u00e5 trekningstallene og resultatene for de siste ukene. Hvis du vil, kan du selvf\u00f8lgelig bruke denne informasjonen om internasjonale lotterier til \u00e5 velge tallene for dine neste lodd.<\/p>\n<section class=\"layout\" style=\"border: solid 1px; width: 100%;\">\n<div class=\"img-div\" style=\"margin-top: 5px;\"><img decoding=\"async\" class=\"wp-image-17212 alignleft\" style=\"height: 45px; margin: 8px 8px 0px;\" src=\"https:\/\/redfoxlotto.com\/wp-content\/uploads\/sites\/9\/read1.jpg\" alt=\"kj\u00f8p lotteri online\" width=\"\" height=\"\" \/><\/div>\n<div style=\"padding-left: 5px;\">\n<div style=\"font-size: 1.1em;\">\n<p><strong>Sjekk v\u00e5r liste over lotterier &#8211; hvilket er det st\u00f8rste lotteriet over hele verden?<\/strong><\/p>\n<p style=\"font-size: 0.8em; margin-top: -1.5em;\">Ikke bare finn ut om det st\u00f8rste lotteriet i verden &#8211; her kan du delta i dem alle!<br \/>\n<a href=\"https:\/\/redfoxlotto.com\/no\/sjekk-ut-de-5-beste-lotteritallene-for-disse-lotteriene\/\"> Les mer<\/a><\/p>\n<\/div>\n<\/div>\n<\/section>\n<h2>Varme og kalde tall<\/h2>\n<p>N\u00e5r du sjekker tidligere resultater fra de internasjonale lotteriene, kan du ogs\u00e5 se hvilke tall som har blitt trukket mye i de ulike lotteriene. Samtidig kan du se etter tall som ikke vises i resultatene. P\u00e5 den m\u00e5ten kan du definere varme og kalde tall fra tidligere lotteriresultater.<img loading=\"lazy\" decoding=\"async\" class=\" wp-image alignright\" src=\"https:\/\/content.redfoxlotto.com\/uploads\/sites\/9\/1_lotto_draw_results.jpg\" alt=\"vinnertall internasjonale lotterier\" width=\"248\" height=\"165\" \/> Mange spillere bruker denne informasjonen til \u00e5 velge vinnertall. Dette er en strategi som lover \u00e5 v\u00e6re vellykket.<\/p>\n<p>P\u00e5 samme m\u00e5te kan du bruke vinnertallene fra den siste uken eller ukene til \u00e5 lage nye kombinasjoner til din neste kupong. Et eksempel kan v\u00e6re \u00e5 bruke det f\u00f8rste tallet fra den siste Megamillions-trekningen til en Powerball-lodd. Eller du kan bruke det andre tallet fra resultatene fra Euromillions og det tredje tallet fra Eurojackpot og s\u00e5 videre.<\/p>\n","protected":false},"excerpt":{"rendered":"<p>Her publiserer vi uke for uke de siste vinnertallene og resultatene fra alle internasjonale lotterier som du kan kj\u00f8pe lodd til hos oss. Resultatene kommer fra de offisielle lotterioperat\u00f8rene. De blir publisert her umiddelbart etter trekningen. P\u00e5 den m\u00e5ten kan du raskt sammenligne loddene dine med vinnertallene og se om du har vunnet. Du kan [&hellip;]<\/p>\n","protected":false},"author":1,"featured_media":0,"parent":0,"menu_order":4,"comment_status":"closed","ping_status":"closed","template":"Results.php","meta":{"_et_pb_use_builder":"","_et_pb_old_content":"","_et_gb_content_width":"","exclude_from_search":false,"footnotes":""},"class_list":["post-60582","page","type-page","status-publish","hentry"],"yoast_head":"<!-- This site is optimized with the Yoast SEO plugin v23.8 - https:\/\/yoast.com\/wordpress\/plugins\/seo\/ -->\n<title>Vinnertall og resultater fra internasjonale lotterier<\/title>\n<meta name=\"description\" content=\"Har loddet ditt vunnet? Finn resultater og vinnertall for internasjonale lotterier her\" \/>\n<meta name=\"robots\" content=\"index, follow, max-snippet:-1, max-image-preview:large, max-video-preview:-1\" \/>\n<link rel=\"canonical\" href=\"https:\/\/redfoxlotto.com\/no\/resultater\/\" \/>\n<meta property=\"og:locale\" content=\"nb_NO\" \/>\n<meta property=\"og:type\" content=\"article\" \/>\n<meta property=\"og:title\" content=\"Vinnertall og resultater fra internasjonale lotterier\" \/>\n<meta property=\"og:description\" content=\"Har loddet ditt vunnet? Finn resultater og vinnertall for internasjonale lotterier her\" \/>\n<meta property=\"og:url\" content=\"https:\/\/redfoxlotto.com\/no\/resultater\/\" \/>\n<meta property=\"og:site_name\" content=\"Get Tickets for the World\u2019s largest jackpots\" \/>\n<meta property=\"article:modified_time\" content=\"2025-12-18T08:48:12+00:00\" \/>\n<meta property=\"og:image\" content=\"https:\/\/content.redfoxlotto.com\/uploads\/sites\/9\/1_winning_lottery_numbers.jpg\" \/>\n<meta name=\"twitter:card\" content=\"summary_large_image\" \/>\n<meta name=\"twitter:label1\" content=\"Ansl. lesetid\" \/>\n\t<meta name=\"twitter:data1\" content=\"2 minutter\" \/>\n<script type=\"application\/ld+json\" class=\"yoast-schema-graph\">{\"@context\":\"https:\/\/schema.org\",\"@graph\":[{\"@type\":\"WebPage\",\"@id\":\"https:\/\/redfoxlotto.com\/no\/resultater\/\",\"url\":\"https:\/\/redfoxlotto.com\/no\/resultater\/\",\"name\":\"Vinnertall og resultater fra internasjonale lotterier\",\"isPartOf\":{\"@id\":\"https:\/\/redfoxlotto.com\/no\/#website\"},\"primaryImageOfPage\":{\"@id\":\"https:\/\/redfoxlotto.com\/no\/resultater\/#primaryimage\"},\"image\":{\"@id\":\"https:\/\/redfoxlotto.com\/no\/resultater\/#primaryimage\"},\"thumbnailUrl\":\"https:\/\/content.redfoxlotto.com\/uploads\/sites\/9\/1_winning_lottery_numbers.jpg\",\"datePublished\":\"2023-04-24T14:13:24+00:00\",\"dateModified\":\"2025-12-18T08:48:12+00:00\",\"description\":\"Har loddet ditt vunnet? Finn resultater og vinnertall for internasjonale lotterier her\",\"breadcrumb\":{\"@id\":\"https:\/\/redfoxlotto.com\/no\/resultater\/#breadcrumb\"},\"inLanguage\":\"nb-NO\",\"potentialAction\":[{\"@type\":\"ReadAction\",\"target\":[\"https:\/\/redfoxlotto.com\/no\/resultater\/\"]}]},{\"@type\":\"ImageObject\",\"inLanguage\":\"nb-NO\",\"@id\":\"https:\/\/redfoxlotto.com\/no\/resultater\/#primaryimage\",\"url\":\"https:\/\/content.redfoxlotto.com\/uploads\/sites\/9\/1_winning_lottery_numbers.jpg\",\"contentUrl\":\"https:\/\/content.redfoxlotto.com\/uploads\/sites\/9\/1_winning_lottery_numbers.jpg\"},{\"@type\":\"BreadcrumbList\",\"@id\":\"https:\/\/redfoxlotto.com\/no\/resultater\/#breadcrumb\",\"itemListElement\":[{\"@type\":\"ListItem\",\"position\":1,\"name\":\"Home\",\"item\":\"https:\/\/redfoxlotto.com\/no\/\"},{\"@type\":\"ListItem\",\"position\":2,\"name\":\"Internasjonale lotteriresultater\"}]},{\"@type\":\"WebSite\",\"@id\":\"https:\/\/redfoxlotto.com\/no\/#website\",\"url\":\"https:\/\/redfoxlotto.com\/no\/\",\"name\":\"Get Tickets for the World\u2019s largest jackpots\",\"description\":\"Participate in worldwide lottery jackpots from any country\",\"publisher\":{\"@id\":\"https:\/\/redfoxlotto.com\/no\/#organization\"},\"potentialAction\":[{\"@type\":\"SearchAction\",\"target\":{\"@type\":\"EntryPoint\",\"urlTemplate\":\"https:\/\/redfoxlotto.com\/no\/?s={search_term_string}\"},\"query-input\":{\"@type\":\"PropertyValueSpecification\",\"valueRequired\":true,\"valueName\":\"search_term_string\"}}],\"inLanguage\":\"nb-NO\"},{\"@type\":\"Organization\",\"@id\":\"https:\/\/redfoxlotto.com\/no\/#organization\",\"name\":\"Get Tickets for the World\u2019s largest jackpots\",\"url\":\"https:\/\/redfoxlotto.com\/no\/\",\"logo\":{\"@type\":\"ImageObject\",\"inLanguage\":\"nb-NO\",\"@id\":\"https:\/\/redfoxlotto.com\/no\/#\/schema\/logo\/image\/\",\"url\":\"https:\/\/redfoxlotto.com\/wp-content\/uploads\/2023\/04\/logo.png\",\"contentUrl\":\"https:\/\/redfoxlotto.com\/wp-content\/uploads\/2023\/04\/logo.png\",\"width\":269,\"height\":53,\"caption\":\"Get Tickets for the World\u2019s largest jackpots\"},\"image\":{\"@id\":\"https:\/\/redfoxlotto.com\/no\/#\/schema\/logo\/image\/\"}}]}<\/script>\n<!-- \/ Yoast SEO plugin. -->","yoast_head_json":{"title":"Vinnertall og resultater fra internasjonale lotterier","description":"Har loddet ditt vunnet? Finn resultater og vinnertall for internasjonale lotterier her","robots":{"index":"index","follow":"follow","max-snippet":"max-snippet:-1","max-image-preview":"max-image-preview:large","max-video-preview":"max-video-preview:-1"},"canonical":"https:\/\/redfoxlotto.com\/no\/resultater\/","og_locale":"nb_NO","og_type":"article","og_title":"Vinnertall og resultater fra internasjonale lotterier","og_description":"Har loddet ditt vunnet? Finn resultater og vinnertall for internasjonale lotterier her","og_url":"https:\/\/redfoxlotto.com\/no\/resultater\/","og_site_name":"Get Tickets for the World\u2019s largest jackpots","article_modified_time":"2025-12-18T08:48:12+00:00","og_image":[{"url":"https:\/\/content.redfoxlotto.com\/uploads\/sites\/9\/1_winning_lottery_numbers.jpg"}],"twitter_card":"summary_large_image","twitter_misc":{"Ansl. lesetid":"2 minutter"},"schema":{"@context":"https:\/\/schema.org","@graph":[{"@type":"WebPage","@id":"https:\/\/redfoxlotto.com\/no\/resultater\/","url":"https:\/\/redfoxlotto.com\/no\/resultater\/","name":"Vinnertall og resultater fra internasjonale lotterier","isPartOf":{"@id":"https:\/\/redfoxlotto.com\/no\/#website"},"primaryImageOfPage":{"@id":"https:\/\/redfoxlotto.com\/no\/resultater\/#primaryimage"},"image":{"@id":"https:\/\/redfoxlotto.com\/no\/resultater\/#primaryimage"},"thumbnailUrl":"https:\/\/content.redfoxlotto.com\/uploads\/sites\/9\/1_winning_lottery_numbers.jpg","datePublished":"2023-04-24T14:13:24+00:00","dateModified":"2025-12-18T08:48:12+00:00","description":"Har loddet ditt vunnet? Finn resultater og vinnertall for internasjonale lotterier her","breadcrumb":{"@id":"https:\/\/redfoxlotto.com\/no\/resultater\/#breadcrumb"},"inLanguage":"nb-NO","potentialAction":[{"@type":"ReadAction","target":["https:\/\/redfoxlotto.com\/no\/resultater\/"]}]},{"@type":"ImageObject","inLanguage":"nb-NO","@id":"https:\/\/redfoxlotto.com\/no\/resultater\/#primaryimage","url":"https:\/\/content.redfoxlotto.com\/uploads\/sites\/9\/1_winning_lottery_numbers.jpg","contentUrl":"https:\/\/content.redfoxlotto.com\/uploads\/sites\/9\/1_winning_lottery_numbers.jpg"},{"@type":"BreadcrumbList","@id":"https:\/\/redfoxlotto.com\/no\/resultater\/#breadcrumb","itemListElement":[{"@type":"ListItem","position":1,"name":"Home","item":"https:\/\/redfoxlotto.com\/no\/"},{"@type":"ListItem","position":2,"name":"Internasjonale lotteriresultater"}]},{"@type":"WebSite","@id":"https:\/\/redfoxlotto.com\/no\/#website","url":"https:\/\/redfoxlotto.com\/no\/","name":"Get Tickets for the World\u2019s largest jackpots","description":"Participate in worldwide lottery jackpots from any country","publisher":{"@id":"https:\/\/redfoxlotto.com\/no\/#organization"},"potentialAction":[{"@type":"SearchAction","target":{"@type":"EntryPoint","urlTemplate":"https:\/\/redfoxlotto.com\/no\/?s={search_term_string}"},"query-input":{"@type":"PropertyValueSpecification","valueRequired":true,"valueName":"search_term_string"}}],"inLanguage":"nb-NO"},{"@type":"Organization","@id":"https:\/\/redfoxlotto.com\/no\/#organization","name":"Get Tickets for the World\u2019s largest jackpots","url":"https:\/\/redfoxlotto.com\/no\/","logo":{"@type":"ImageObject","inLanguage":"nb-NO","@id":"https:\/\/redfoxlotto.com\/no\/#\/schema\/logo\/image\/","url":"https:\/\/redfoxlotto.com\/wp-content\/uploads\/2023\/04\/logo.png","contentUrl":"https:\/\/redfoxlotto.com\/wp-content\/uploads\/2023\/04\/logo.png","width":269,"height":53,"caption":"Get Tickets for the World\u2019s largest jackpots"},"image":{"@id":"https:\/\/redfoxlotto.com\/no\/#\/schema\/logo\/image\/"}}]}},"_links":{"self":[{"href":"https:\/\/redfoxlotto.com\/no\/wp-json\/wp\/v2\/pages\/60582","targetHints":{"allow":["GET"]}}],"collection":[{"href":"https:\/\/redfoxlotto.com\/no\/wp-json\/wp\/v2\/pages"}],"about":[{"href":"https:\/\/redfoxlotto.com\/no\/wp-json\/wp\/v2\/types\/page"}],"author":[{"embeddable":true,"href":"https:\/\/redfoxlotto.com\/no\/wp-json\/wp\/v2\/users\/1"}],"replies":[{"embeddable":true,"href":"https:\/\/redfoxlotto.com\/no\/wp-json\/wp\/v2\/comments?post=60582"}],"version-history":[{"count":0,"href":"https:\/\/redfoxlotto.com\/no\/wp-json\/wp\/v2\/pages\/60582\/revisions"}],"wp:attachment":[{"href":"https:\/\/redfoxlotto.com\/no\/wp-json\/wp\/v2\/media?parent=60582"}],"curies":[{"name":"wp","href":"https:\/\/api.w.org\/{rel}","templated":true}]}}