{"id":60576,"date":"2019-08-09T14:33:52","date_gmt":"2019-08-09T14:33:52","guid":{"rendered":"https:\/\/redfoxlotto.eu\/?page_id=60576"},"modified":"2023-05-30T05:38:39","modified_gmt":"2023-05-30T05:38:39","slug":"lotto-fr","status":"publish","type":"page","link":"https:\/\/redfoxlotto.com\/no\/lotterier\/lotto-fr\/","title":{"rendered":"Om det franske lotteriet"},"content":{"rendered":"<p>Leter du etter et nytt spill \u00e5 spille, men du er ikke sikker p\u00e5 hvilket det skal v\u00e6re? Vel, hvis du fremdeles er p\u00e5 gjerdet, b\u00f8r du ta en titt p\u00e5 hvordan du kj\u00f8per billetter til det franske lotteriet online.<\/p>\n<p>Dette kommer til \u00e5 v\u00e6re et av de beste valgene dine n\u00e5r du vet hvordan det fungerer fordi det kommer til \u00e5 v\u00e6re enkelt, enkelt og morsomt for alle som elsker lotteri. Tross alt handler det om \u00e5 f\u00e5 de store tallene og muligens vinne den store jackpotten, ikke sant?<\/p>\n<h2>Hvor det startet<\/h2>\n<p>Du vil kanskje bli overrasket over \u00e5 h\u00f8re at lotteriet i Frankrike har r\u00f8tter helt tilbake til 1505. Kong Frans 1. startet det sammen med innbyggerne sine, men spillet har endret<\/p>\n<p><img decoding=\"async\" class=\" wp-image alignright\" src=\"https:\/\/redfoxlotto.org\/wp-content\/uploads\/2023\/04\/ticket_euromillions1.jpg\" alt=\"online billett fransk lotteri\" \/><\/p>\n<p>seg en del over tid. Likevel kommer den generelle prosessen til \u00e5 v\u00e6re ganske lik det du sannsynligvis har sett i et hvilket som helst annet lotterispill du har spilt. Og du kommer til \u00e5 ha muligheten til \u00e5 spille om noen ganske gode premier, noe som definitivt kommer til \u00e5 v\u00e6re et viktig aspekt, synes du ikke?<\/p>\n<h2>Hvordan det fungerer<\/h2>\n<p>Med det franske lotteriet er det faktisk trekninger tre dager i uken, s\u00e5 du kommer til \u00e5 ha mange muligheter til \u00e5 spille. Hver mandag, onsdag og l\u00f8rdag har de en ny trekning, og dette vil gj\u00f8re det til en av de hyppigere jackpottene. Det er enda viktigere n\u00e5r du tenker p\u00e5 at jackpoten her kommer til \u00e5 v\u00e6re en av de st\u00f8rre. Der en typisk daglig lotto-jackpot er ganske liten og de ukentlige eller to ukentlige trekningene er ganske store, vil denne komme n\u00e6rmere den store kategorien for hvor ofte den trekkes.<\/p>\n<p>I tillegg til hyppigheten av trekningene er spillet superenkelt. M\u00e5ten du vinner p\u00e5 er hvis du har alle de fem riktige tallene og du f\u00e5r den riktige bonuskulen. Det er alts\u00e5 seks forskjellige tall som blir ropt opp, og du kan ende opp med den store jackpoten, som vanligvis ligger p\u00e5 \u20ac 2 000 000. Det kommer definitivt til \u00e5 bli en god sum penger, ikke sant? Og det er der jackpoten starter, og den fortsetter \u00e5 \u00f8ke derfra. Det betyr at det alltid er en god sjanse for at du vinner mer enn det.<\/p>\n<h2>Valg av tall<\/h2>\n<p>Det finnes en rekke forskjellige m\u00e5ter du kan velge hvilke tall du vil spille p\u00e5. Det er faktisk helt opp til deg selv, p\u00e5 samme m\u00e5te som om du gikk ned til kiosken p\u00e5 hj\u00f8rnet for \u00e5 spille. Du kan fylle ut en &laquo;kupong&raquo; med de tallene du \u00f8nsker, eller du kan velge \u00e5 bare f\u00e5 et &laquo;enkelt valg&raquo;. Hvis du fyller ut dine egne tall, er du garantert \u00e5 f\u00e5 de tallene du \u00f8nsker. P\u00e5 den annen side betyr &laquo;easy pick&raquo; at maskinen automatisk genererer tall for deg.<\/p>\n<h2>Hvordan vinne<\/h2>\n<p>N\u00e5r det gjelder \u00e5 vinne noe, m\u00e5 du se n\u00e6rmere p\u00e5 disse tallene. S\u00e5 lenge du f\u00e5r bonustallet, vinner du noe. Hvis du f\u00e5r to av de vanlige tallene, men ikke bonustallet, vinner du<\/p>\n<p><img decoding=\"async\" class=\" wp-image-5380 alignright\" src=\"https:\/\/content.redfoxlotto.com\/uploads\/sites\/9\/jackpot_lottery_online.jpg\" alt=\"billetter fransk lotto\" width=\"250&quot;\" height=\"125\" \/><\/p>\n<p>ogs\u00e5 noe. Og for hvert ekstra tall du har utover det, kommer du til \u00e5 vinne litt mer og litt mer. De beste m\u00e5tene \u00e5 vinne p\u00e5 er med fire av tallene pluss bonusen eller med alle fem tallene pluss bonusen. \u00c5 ha bare fem tall uten bonus er faktisk ikke en like god gevinst.<\/p>\n<h2>Hvordan kj\u00f8pe billetter til det franske lotteriet online<\/h2>\n<p>N\u00e5r du er klar til \u00e5 kj\u00f8pe, er det f\u00f8rste du trenger et sted \u00e5 gj\u00f8re det. Du kommer ikke til \u00e5 kunne g\u00e5 til din lokale n\u00e6rbutikk slik du kanskje gj\u00f8r n\u00e5r du er i hum\u00f8r til noen lokale spill. I stedet m\u00e5 du g\u00e5 p\u00e5 nettet og finne en anerkjent forhandler som kan hjelpe deg (noe som ikke burde v\u00e6re noe problem for deg, du er jo allerede her). Du vil ogs\u00e5 kunne f\u00e5 alle de samme fordelene som hvis du tilfeldigvis bodde i Frankrike og kunne kj\u00f8pe billettene lokalt. S\u00e5 du trenger ikke \u00e5 ofre noe.<\/p>\n","protected":false},"excerpt":{"rendered":"<p>Leter du etter et nytt spill \u00e5 spille, men du er ikke sikker p\u00e5 hvilket det skal v\u00e6re? Vel, hvis du fremdeles er p\u00e5 gjerdet, b\u00f8r du ta en titt p\u00e5 hvordan du kj\u00f8per billetter til det franske lotteriet online. Dette kommer til \u00e5 v\u00e6re et av de beste valgene dine n\u00e5r du vet hvordan [&hellip;]<\/p>\n","protected":false},"author":1,"featured_media":0,"parent":60261,"menu_order":31,"comment_status":"closed","ping_status":"closed","template":"lotto-fr-info.php","meta":{"_et_pb_use_builder":"","_et_pb_old_content":"","_et_gb_content_width":"","exclude_from_search":false,"footnotes":""},"class_list":["post-60576","page","type-page","status-publish","hentry"],"yoast_head":"<!-- This site is optimized with the Yoast SEO plugin v27.3 - https:\/\/yoast.com\/product\/yoast-seo-wordpress\/ -->\n<title>Hvordan kj\u00f8pe billetter til det franske lotteriet online<\/title>\n<meta name=\"description\" content=\"Klar til \u00e5 kj\u00f8pe billetter til det franske lotteriet online? Finn alt du trenger \u00e5 vite om det her!\" \/>\n<meta name=\"robots\" content=\"index, follow, max-snippet:-1, max-image-preview:large, max-video-preview:-1\" \/>\n<link rel=\"canonical\" href=\"https:\/\/redfoxlotto.com\/no\/lotterier\/lotto-fr\/\" \/>\n<meta property=\"og:locale\" content=\"nb_NO\" \/>\n<meta property=\"og:type\" content=\"article\" \/>\n<meta property=\"og:title\" content=\"Hvordan kj\u00f8pe billetter til det franske lotteriet online\" \/>\n<meta property=\"og:description\" content=\"Klar til \u00e5 kj\u00f8pe billetter til det franske lotteriet online? Finn alt du trenger \u00e5 vite om det her!\" \/>\n<meta property=\"og:url\" content=\"https:\/\/redfoxlotto.com\/no\/lotterier\/lotto-fr\/\" \/>\n<meta property=\"og:site_name\" content=\"Get Tickets for the World\u2019s largest jackpots\" \/>\n<meta property=\"article:modified_time\" content=\"2023-05-30T05:38:39+00:00\" \/>\n<meta property=\"og:image\" content=\"https:\/\/redfoxlotto.org\/wp-content\/uploads\/2023\/04\/ticket_euromillions1.jpg\" \/>\n<meta name=\"twitter:card\" content=\"summary_large_image\" \/>\n<meta name=\"twitter:label1\" content=\"Ansl. lesetid\" \/>\n\t<meta name=\"twitter:data1\" content=\"4 minutter\" \/>\n<script type=\"application\/ld+json\" class=\"yoast-schema-graph\">{\"@context\":\"https:\\\/\\\/schema.org\",\"@graph\":[{\"@type\":\"WebPage\",\"@id\":\"https:\\\/\\\/redfoxlotto.com\\\/no\\\/lotterier\\\/lotto-fr\\\/\",\"url\":\"https:\\\/\\\/redfoxlotto.com\\\/no\\\/lotterier\\\/lotto-fr\\\/\",\"name\":\"Hvordan kj\u00f8pe billetter til det franske lotteriet online\",\"isPartOf\":{\"@id\":\"https:\\\/\\\/redfoxlotto.com\\\/no\\\/#website\"},\"primaryImageOfPage\":{\"@id\":\"https:\\\/\\\/redfoxlotto.com\\\/no\\\/lotterier\\\/lotto-fr\\\/#primaryimage\"},\"image\":{\"@id\":\"https:\\\/\\\/redfoxlotto.com\\\/no\\\/lotterier\\\/lotto-fr\\\/#primaryimage\"},\"thumbnailUrl\":\"https:\\\/\\\/redfoxlotto.org\\\/wp-content\\\/uploads\\\/2023\\\/04\\\/ticket_euromillions1.jpg\",\"datePublished\":\"2019-08-09T14:33:52+00:00\",\"dateModified\":\"2023-05-30T05:38:39+00:00\",\"description\":\"Klar til \u00e5 kj\u00f8pe billetter til det franske lotteriet online? Finn alt du trenger \u00e5 vite om det her!\",\"breadcrumb\":{\"@id\":\"https:\\\/\\\/redfoxlotto.com\\\/no\\\/lotterier\\\/lotto-fr\\\/#breadcrumb\"},\"inLanguage\":\"nb-NO\",\"potentialAction\":[{\"@type\":\"ReadAction\",\"target\":[\"https:\\\/\\\/redfoxlotto.com\\\/no\\\/lotterier\\\/lotto-fr\\\/\"]}]},{\"@type\":\"ImageObject\",\"inLanguage\":\"nb-NO\",\"@id\":\"https:\\\/\\\/redfoxlotto.com\\\/no\\\/lotterier\\\/lotto-fr\\\/#primaryimage\",\"url\":\"https:\\\/\\\/redfoxlotto.org\\\/wp-content\\\/uploads\\\/2023\\\/04\\\/ticket_euromillions1.jpg\",\"contentUrl\":\"https:\\\/\\\/redfoxlotto.org\\\/wp-content\\\/uploads\\\/2023\\\/04\\\/ticket_euromillions1.jpg\"},{\"@type\":\"BreadcrumbList\",\"@id\":\"https:\\\/\\\/redfoxlotto.com\\\/no\\\/lotterier\\\/lotto-fr\\\/#breadcrumb\",\"itemListElement\":[{\"@type\":\"ListItem\",\"position\":1,\"name\":\"Home\",\"item\":\"https:\\\/\\\/redfoxlotto.com\\\/no\\\/\"},{\"@type\":\"ListItem\",\"position\":2,\"name\":\"Hvordan kj\u00f8pe lodd p\u00e5 nettet &#8211; kj\u00f8psprosessen\",\"item\":\"https:\\\/\\\/redfoxlotto.com\\\/no\\\/lotterier\\\/\"},{\"@type\":\"ListItem\",\"position\":3,\"name\":\"Om det franske lotteriet\"}]},{\"@type\":\"WebSite\",\"@id\":\"https:\\\/\\\/redfoxlotto.com\\\/no\\\/#website\",\"url\":\"https:\\\/\\\/redfoxlotto.com\\\/no\\\/\",\"name\":\"Get Tickets for the World\u2019s largest jackpots\",\"description\":\"Participate in worldwide lottery jackpots from any country\",\"publisher\":{\"@id\":\"https:\\\/\\\/redfoxlotto.com\\\/no\\\/#organization\"},\"potentialAction\":[{\"@type\":\"SearchAction\",\"target\":{\"@type\":\"EntryPoint\",\"urlTemplate\":\"https:\\\/\\\/redfoxlotto.com\\\/no\\\/?s={search_term_string}\"},\"query-input\":{\"@type\":\"PropertyValueSpecification\",\"valueRequired\":true,\"valueName\":\"search_term_string\"}}],\"inLanguage\":\"nb-NO\"},{\"@type\":\"Organization\",\"@id\":\"https:\\\/\\\/redfoxlotto.com\\\/no\\\/#organization\",\"name\":\"Get Tickets for the World\u2019s largest jackpots\",\"url\":\"https:\\\/\\\/redfoxlotto.com\\\/no\\\/\",\"logo\":{\"@type\":\"ImageObject\",\"inLanguage\":\"nb-NO\",\"@id\":\"https:\\\/\\\/redfoxlotto.com\\\/no\\\/#\\\/schema\\\/logo\\\/image\\\/\",\"url\":\"https:\\\/\\\/redfoxlotto.com\\\/wp-content\\\/uploads\\\/2023\\\/04\\\/logo.png\",\"contentUrl\":\"https:\\\/\\\/redfoxlotto.com\\\/wp-content\\\/uploads\\\/2023\\\/04\\\/logo.png\",\"width\":269,\"height\":53,\"caption\":\"Get Tickets for the World\u2019s largest jackpots\"},\"image\":{\"@id\":\"https:\\\/\\\/redfoxlotto.com\\\/no\\\/#\\\/schema\\\/logo\\\/image\\\/\"}}]}<\/script>\n<!-- \/ Yoast SEO plugin. -->","yoast_head_json":{"title":"Hvordan kj\u00f8pe billetter til det franske lotteriet online","description":"Klar til \u00e5 kj\u00f8pe billetter til det franske lotteriet online? Finn alt du trenger \u00e5 vite om det her!","robots":{"index":"index","follow":"follow","max-snippet":"max-snippet:-1","max-image-preview":"max-image-preview:large","max-video-preview":"max-video-preview:-1"},"canonical":"https:\/\/redfoxlotto.com\/no\/lotterier\/lotto-fr\/","og_locale":"nb_NO","og_type":"article","og_title":"Hvordan kj\u00f8pe billetter til det franske lotteriet online","og_description":"Klar til \u00e5 kj\u00f8pe billetter til det franske lotteriet online? Finn alt du trenger \u00e5 vite om det her!","og_url":"https:\/\/redfoxlotto.com\/no\/lotterier\/lotto-fr\/","og_site_name":"Get Tickets for the World\u2019s largest jackpots","article_modified_time":"2023-05-30T05:38:39+00:00","og_image":[{"url":"https:\/\/redfoxlotto.org\/wp-content\/uploads\/2023\/04\/ticket_euromillions1.jpg","type":"","width":"","height":""}],"twitter_card":"summary_large_image","twitter_misc":{"Ansl. lesetid":"4 minutter"},"schema":{"@context":"https:\/\/schema.org","@graph":[{"@type":"WebPage","@id":"https:\/\/redfoxlotto.com\/no\/lotterier\/lotto-fr\/","url":"https:\/\/redfoxlotto.com\/no\/lotterier\/lotto-fr\/","name":"Hvordan kj\u00f8pe billetter til det franske lotteriet online","isPartOf":{"@id":"https:\/\/redfoxlotto.com\/no\/#website"},"primaryImageOfPage":{"@id":"https:\/\/redfoxlotto.com\/no\/lotterier\/lotto-fr\/#primaryimage"},"image":{"@id":"https:\/\/redfoxlotto.com\/no\/lotterier\/lotto-fr\/#primaryimage"},"thumbnailUrl":"https:\/\/redfoxlotto.org\/wp-content\/uploads\/2023\/04\/ticket_euromillions1.jpg","datePublished":"2019-08-09T14:33:52+00:00","dateModified":"2023-05-30T05:38:39+00:00","description":"Klar til \u00e5 kj\u00f8pe billetter til det franske lotteriet online? Finn alt du trenger \u00e5 vite om det her!","breadcrumb":{"@id":"https:\/\/redfoxlotto.com\/no\/lotterier\/lotto-fr\/#breadcrumb"},"inLanguage":"nb-NO","potentialAction":[{"@type":"ReadAction","target":["https:\/\/redfoxlotto.com\/no\/lotterier\/lotto-fr\/"]}]},{"@type":"ImageObject","inLanguage":"nb-NO","@id":"https:\/\/redfoxlotto.com\/no\/lotterier\/lotto-fr\/#primaryimage","url":"https:\/\/redfoxlotto.org\/wp-content\/uploads\/2023\/04\/ticket_euromillions1.jpg","contentUrl":"https:\/\/redfoxlotto.org\/wp-content\/uploads\/2023\/04\/ticket_euromillions1.jpg"},{"@type":"BreadcrumbList","@id":"https:\/\/redfoxlotto.com\/no\/lotterier\/lotto-fr\/#breadcrumb","itemListElement":[{"@type":"ListItem","position":1,"name":"Home","item":"https:\/\/redfoxlotto.com\/no\/"},{"@type":"ListItem","position":2,"name":"Hvordan kj\u00f8pe lodd p\u00e5 nettet &#8211; kj\u00f8psprosessen","item":"https:\/\/redfoxlotto.com\/no\/lotterier\/"},{"@type":"ListItem","position":3,"name":"Om det franske lotteriet"}]},{"@type":"WebSite","@id":"https:\/\/redfoxlotto.com\/no\/#website","url":"https:\/\/redfoxlotto.com\/no\/","name":"Get Tickets for the World\u2019s largest jackpots","description":"Participate in worldwide lottery jackpots from any country","publisher":{"@id":"https:\/\/redfoxlotto.com\/no\/#organization"},"potentialAction":[{"@type":"SearchAction","target":{"@type":"EntryPoint","urlTemplate":"https:\/\/redfoxlotto.com\/no\/?s={search_term_string}"},"query-input":{"@type":"PropertyValueSpecification","valueRequired":true,"valueName":"search_term_string"}}],"inLanguage":"nb-NO"},{"@type":"Organization","@id":"https:\/\/redfoxlotto.com\/no\/#organization","name":"Get Tickets for the World\u2019s largest jackpots","url":"https:\/\/redfoxlotto.com\/no\/","logo":{"@type":"ImageObject","inLanguage":"nb-NO","@id":"https:\/\/redfoxlotto.com\/no\/#\/schema\/logo\/image\/","url":"https:\/\/redfoxlotto.com\/wp-content\/uploads\/2023\/04\/logo.png","contentUrl":"https:\/\/redfoxlotto.com\/wp-content\/uploads\/2023\/04\/logo.png","width":269,"height":53,"caption":"Get Tickets for the World\u2019s largest jackpots"},"image":{"@id":"https:\/\/redfoxlotto.com\/no\/#\/schema\/logo\/image\/"}}]}},"_links":{"self":[{"href":"https:\/\/redfoxlotto.com\/no\/wp-json\/wp\/v2\/pages\/60576","targetHints":{"allow":["GET"]}}],"collection":[{"href":"https:\/\/redfoxlotto.com\/no\/wp-json\/wp\/v2\/pages"}],"about":[{"href":"https:\/\/redfoxlotto.com\/no\/wp-json\/wp\/v2\/types\/page"}],"author":[{"embeddable":true,"href":"https:\/\/redfoxlotto.com\/no\/wp-json\/wp\/v2\/users\/1"}],"replies":[{"embeddable":true,"href":"https:\/\/redfoxlotto.com\/no\/wp-json\/wp\/v2\/comments?post=60576"}],"version-history":[{"count":0,"href":"https:\/\/redfoxlotto.com\/no\/wp-json\/wp\/v2\/pages\/60576\/revisions"}],"up":[{"embeddable":true,"href":"https:\/\/redfoxlotto.com\/no\/wp-json\/wp\/v2\/pages\/60261"}],"wp:attachment":[{"href":"https:\/\/redfoxlotto.com\/no\/wp-json\/wp\/v2\/media?parent=60576"}],"curies":[{"name":"wp","href":"https:\/\/api.w.org\/{rel}","templated":true}]}}