{"id":60535,"date":"2020-08-18T09:13:31","date_gmt":"2020-08-18T09:13:31","guid":{"rendered":"https:\/\/redfoxlotto.eu\/?page_id=60535"},"modified":"2023-05-29T20:59:11","modified_gmt":"2023-05-29T20:59:11","slug":"lotto-at","status":"publish","type":"page","link":"https:\/\/redfoxlotto.com\/no\/lotterier\/lotto-at\/","title":{"rendered":"Om det \u00f8sterrikske lotteriet"},"content":{"rendered":"<h2>Kj\u00f8p billetter til \u00f8sterriksk Lotto online<\/h2>\n<p>N\u00e5r det er p\u00e5 tide \u00e5 kj\u00f8pe billetter til \u00f8sterriksk Lotto online, m\u00e5 du vite hvordan du skal gj\u00f8re det, ikke sant? Men f\u00f8rst vil du vite hvorfor du kommer til \u00e5 bry deg. Det er faktisk et enkelt sp\u00f8rsm\u00e5l \u00e5 svare p\u00e5 fordi dette spillet definitivt er morsomt.<\/p>\n<p>Du f\u00e5r velge 6 tall som du m\u00e5 matche for \u00e5 f\u00e5 jackpotten. Men du kan vinne noe hvis du matcher minst 2 tall p\u00e5 tegningen. \u00c5 matche enda flere tall vil gi deg en enda h\u00f8yere premie, med bedre premier tilgjengelig p\u00e5 de h\u00f8yeste kampene.<\/p>\n<h2>Hvordan kj\u00f8pe billetter til \u00f8sterriksk Lotto online<\/h2>\n<p><img decoding=\"async\" class=\"size-full wp-image alignright\" src=\"https:\/\/content.redfoxlotto.com\/uploads\/sites\/9\/1_buy_lotto_to_win.jpg\" alt=\"lotto \u00f8sterrike billetter online\" \/><br \/>\nHvis du er klar til \u00e5 kj\u00f8pe billettene dine, er det f\u00f8rste du trenger \u00e5 gj\u00f8re \u00e5 finne et nettsted der de tilbys. Heldigvis for deg, RedFoxLotto.com er det beste stedet \u00e5 kj\u00f8pe billettene dine og vil gj\u00f8re det enkelt for deg \u00e5 plukke ut det du leter etter raskt.<\/p>\n<p>Du f\u00e5r velge tallene dine, eller du kan velge en Easy Pick-lodd der tallene blir valgt for deg. Deretter betaler du med din favoritt betalingsm\u00e5te. Det kommer til \u00e5 g\u00e5 raskt \u00e5 foreta betalingen og bekrefte bestillingen. S\u00e5 er det bare \u00e5 vente p\u00e5 vinnertallene.<\/p>\n<h2>Hva er vinnertallene?<\/h2>\n<p>N\u00e5r du har kj\u00f8pt billetter til Austrian Lotto online og trekningen er ferdig, kan du sjekke ut billettseksjonen din, du kan se alle tallene du har matchet med vinnertallene og hva du kan ha vunnet.<\/p>\n","protected":false},"excerpt":{"rendered":"<p>Kj\u00f8p billetter til \u00f8sterriksk Lotto online N\u00e5r det er p\u00e5 tide \u00e5 kj\u00f8pe billetter til \u00f8sterriksk Lotto online, m\u00e5 du vite hvordan du skal gj\u00f8re det, ikke sant? Men f\u00f8rst vil du vite hvorfor du kommer til \u00e5 bry deg. Det er faktisk et enkelt sp\u00f8rsm\u00e5l \u00e5 svare p\u00e5 fordi dette spillet definitivt er morsomt. [&hellip;]<\/p>\n","protected":false},"author":1,"featured_media":0,"parent":60261,"menu_order":16,"comment_status":"closed","ping_status":"closed","template":"","meta":{"_et_pb_use_builder":"","_et_pb_old_content":"","_et_gb_content_width":"","exclude_from_search":false,"footnotes":""},"class_list":["post-60535","page","type-page","status-publish","hentry"],"yoast_head":"<!-- This site is optimized with the Yoast SEO plugin v27.4 - https:\/\/yoast.com\/product\/yoast-seo-wordpress\/ -->\n<title>F\u00e5 billetten din til det \u00f8sterrikske Lotto online<\/title>\n<meta name=\"description\" content=\"Har du noen gang h\u00f8rt om Lotto \u00d8sterrike? Du kan f\u00e5 billetter p\u00e5 nettet her!\" \/>\n<meta name=\"robots\" content=\"index, follow, max-snippet:-1, max-image-preview:large, max-video-preview:-1\" \/>\n<link rel=\"canonical\" href=\"https:\/\/redfoxlotto.com\/no\/lotterier\/lotto-at\/\" \/>\n<meta property=\"og:locale\" content=\"nb_NO\" \/>\n<meta property=\"og:type\" content=\"article\" \/>\n<meta property=\"og:title\" content=\"F\u00e5 billetten din til det \u00f8sterrikske Lotto online\" \/>\n<meta property=\"og:description\" content=\"Har du noen gang h\u00f8rt om Lotto \u00d8sterrike? Du kan f\u00e5 billetter p\u00e5 nettet her!\" \/>\n<meta property=\"og:url\" content=\"https:\/\/redfoxlotto.com\/no\/lotterier\/lotto-at\/\" \/>\n<meta property=\"og:site_name\" content=\"Get Tickets for the World\u2019s largest jackpots\" \/>\n<meta property=\"article:modified_time\" content=\"2023-05-29T20:59:11+00:00\" \/>\n<meta property=\"og:image\" content=\"https:\/\/content.redfoxlotto.com\/uploads\/sites\/9\/1_buy_lotto_to_win.jpg\" \/>\n<meta name=\"twitter:card\" content=\"summary_large_image\" \/>\n<meta name=\"twitter:label1\" content=\"Ansl. lesetid\" \/>\n\t<meta name=\"twitter:data1\" content=\"2 minutter\" \/>\n<script type=\"application\/ld+json\" class=\"yoast-schema-graph\">{\"@context\":\"https:\\\/\\\/schema.org\",\"@graph\":[{\"@type\":\"WebPage\",\"@id\":\"https:\\\/\\\/redfoxlotto.com\\\/no\\\/lotterier\\\/lotto-at\\\/\",\"url\":\"https:\\\/\\\/redfoxlotto.com\\\/no\\\/lotterier\\\/lotto-at\\\/\",\"name\":\"F\u00e5 billetten din til det \u00f8sterrikske Lotto online\",\"isPartOf\":{\"@id\":\"https:\\\/\\\/redfoxlotto.com\\\/no\\\/#website\"},\"primaryImageOfPage\":{\"@id\":\"https:\\\/\\\/redfoxlotto.com\\\/no\\\/lotterier\\\/lotto-at\\\/#primaryimage\"},\"image\":{\"@id\":\"https:\\\/\\\/redfoxlotto.com\\\/no\\\/lotterier\\\/lotto-at\\\/#primaryimage\"},\"thumbnailUrl\":\"https:\\\/\\\/content.redfoxlotto.com\\\/uploads\\\/sites\\\/9\\\/1_buy_lotto_to_win.jpg\",\"datePublished\":\"2020-08-18T09:13:31+00:00\",\"dateModified\":\"2023-05-29T20:59:11+00:00\",\"description\":\"Har du noen gang h\u00f8rt om Lotto \u00d8sterrike? Du kan f\u00e5 billetter p\u00e5 nettet her!\",\"breadcrumb\":{\"@id\":\"https:\\\/\\\/redfoxlotto.com\\\/no\\\/lotterier\\\/lotto-at\\\/#breadcrumb\"},\"inLanguage\":\"nb-NO\",\"potentialAction\":[{\"@type\":\"ReadAction\",\"target\":[\"https:\\\/\\\/redfoxlotto.com\\\/no\\\/lotterier\\\/lotto-at\\\/\"]}]},{\"@type\":\"ImageObject\",\"inLanguage\":\"nb-NO\",\"@id\":\"https:\\\/\\\/redfoxlotto.com\\\/no\\\/lotterier\\\/lotto-at\\\/#primaryimage\",\"url\":\"https:\\\/\\\/content.redfoxlotto.com\\\/uploads\\\/sites\\\/9\\\/1_buy_lotto_to_win.jpg\",\"contentUrl\":\"https:\\\/\\\/content.redfoxlotto.com\\\/uploads\\\/sites\\\/9\\\/1_buy_lotto_to_win.jpg\"},{\"@type\":\"BreadcrumbList\",\"@id\":\"https:\\\/\\\/redfoxlotto.com\\\/no\\\/lotterier\\\/lotto-at\\\/#breadcrumb\",\"itemListElement\":[{\"@type\":\"ListItem\",\"position\":1,\"name\":\"Home\",\"item\":\"https:\\\/\\\/redfoxlotto.com\\\/no\\\/\"},{\"@type\":\"ListItem\",\"position\":2,\"name\":\"Hvordan kj\u00f8pe lodd p\u00e5 nettet &#8211; kj\u00f8psprosessen\",\"item\":\"https:\\\/\\\/redfoxlotto.com\\\/no\\\/lotterier\\\/\"},{\"@type\":\"ListItem\",\"position\":3,\"name\":\"Om det \u00f8sterrikske lotteriet\"}]},{\"@type\":\"WebSite\",\"@id\":\"https:\\\/\\\/redfoxlotto.com\\\/no\\\/#website\",\"url\":\"https:\\\/\\\/redfoxlotto.com\\\/no\\\/\",\"name\":\"Get Tickets for the World\u2019s largest jackpots\",\"description\":\"Participate in worldwide lottery jackpots from any country\",\"publisher\":{\"@id\":\"https:\\\/\\\/redfoxlotto.com\\\/no\\\/#organization\"},\"potentialAction\":[{\"@type\":\"SearchAction\",\"target\":{\"@type\":\"EntryPoint\",\"urlTemplate\":\"https:\\\/\\\/redfoxlotto.com\\\/no\\\/?s={search_term_string}\"},\"query-input\":{\"@type\":\"PropertyValueSpecification\",\"valueRequired\":true,\"valueName\":\"search_term_string\"}}],\"inLanguage\":\"nb-NO\"},{\"@type\":\"Organization\",\"@id\":\"https:\\\/\\\/redfoxlotto.com\\\/no\\\/#organization\",\"name\":\"Get Tickets for the World\u2019s largest jackpots\",\"url\":\"https:\\\/\\\/redfoxlotto.com\\\/no\\\/\",\"logo\":{\"@type\":\"ImageObject\",\"inLanguage\":\"nb-NO\",\"@id\":\"https:\\\/\\\/redfoxlotto.com\\\/no\\\/#\\\/schema\\\/logo\\\/image\\\/\",\"url\":\"https:\\\/\\\/redfoxlotto.com\\\/wp-content\\\/uploads\\\/2023\\\/04\\\/logo.png\",\"contentUrl\":\"https:\\\/\\\/redfoxlotto.com\\\/wp-content\\\/uploads\\\/2023\\\/04\\\/logo.png\",\"width\":269,\"height\":53,\"caption\":\"Get Tickets for the World\u2019s largest jackpots\"},\"image\":{\"@id\":\"https:\\\/\\\/redfoxlotto.com\\\/no\\\/#\\\/schema\\\/logo\\\/image\\\/\"}}]}<\/script>\n<!-- \/ Yoast SEO plugin. -->","yoast_head_json":{"title":"F\u00e5 billetten din til det \u00f8sterrikske Lotto online","description":"Har du noen gang h\u00f8rt om Lotto \u00d8sterrike? Du kan f\u00e5 billetter p\u00e5 nettet her!","robots":{"index":"index","follow":"follow","max-snippet":"max-snippet:-1","max-image-preview":"max-image-preview:large","max-video-preview":"max-video-preview:-1"},"canonical":"https:\/\/redfoxlotto.com\/no\/lotterier\/lotto-at\/","og_locale":"nb_NO","og_type":"article","og_title":"F\u00e5 billetten din til det \u00f8sterrikske Lotto online","og_description":"Har du noen gang h\u00f8rt om Lotto \u00d8sterrike? Du kan f\u00e5 billetter p\u00e5 nettet her!","og_url":"https:\/\/redfoxlotto.com\/no\/lotterier\/lotto-at\/","og_site_name":"Get Tickets for the World\u2019s largest jackpots","article_modified_time":"2023-05-29T20:59:11+00:00","og_image":[{"url":"https:\/\/content.redfoxlotto.com\/uploads\/sites\/9\/1_buy_lotto_to_win.jpg","type":"","width":"","height":""}],"twitter_card":"summary_large_image","twitter_misc":{"Ansl. lesetid":"2 minutter"},"schema":{"@context":"https:\/\/schema.org","@graph":[{"@type":"WebPage","@id":"https:\/\/redfoxlotto.com\/no\/lotterier\/lotto-at\/","url":"https:\/\/redfoxlotto.com\/no\/lotterier\/lotto-at\/","name":"F\u00e5 billetten din til det \u00f8sterrikske Lotto online","isPartOf":{"@id":"https:\/\/redfoxlotto.com\/no\/#website"},"primaryImageOfPage":{"@id":"https:\/\/redfoxlotto.com\/no\/lotterier\/lotto-at\/#primaryimage"},"image":{"@id":"https:\/\/redfoxlotto.com\/no\/lotterier\/lotto-at\/#primaryimage"},"thumbnailUrl":"https:\/\/content.redfoxlotto.com\/uploads\/sites\/9\/1_buy_lotto_to_win.jpg","datePublished":"2020-08-18T09:13:31+00:00","dateModified":"2023-05-29T20:59:11+00:00","description":"Har du noen gang h\u00f8rt om Lotto \u00d8sterrike? Du kan f\u00e5 billetter p\u00e5 nettet her!","breadcrumb":{"@id":"https:\/\/redfoxlotto.com\/no\/lotterier\/lotto-at\/#breadcrumb"},"inLanguage":"nb-NO","potentialAction":[{"@type":"ReadAction","target":["https:\/\/redfoxlotto.com\/no\/lotterier\/lotto-at\/"]}]},{"@type":"ImageObject","inLanguage":"nb-NO","@id":"https:\/\/redfoxlotto.com\/no\/lotterier\/lotto-at\/#primaryimage","url":"https:\/\/content.redfoxlotto.com\/uploads\/sites\/9\/1_buy_lotto_to_win.jpg","contentUrl":"https:\/\/content.redfoxlotto.com\/uploads\/sites\/9\/1_buy_lotto_to_win.jpg"},{"@type":"BreadcrumbList","@id":"https:\/\/redfoxlotto.com\/no\/lotterier\/lotto-at\/#breadcrumb","itemListElement":[{"@type":"ListItem","position":1,"name":"Home","item":"https:\/\/redfoxlotto.com\/no\/"},{"@type":"ListItem","position":2,"name":"Hvordan kj\u00f8pe lodd p\u00e5 nettet &#8211; kj\u00f8psprosessen","item":"https:\/\/redfoxlotto.com\/no\/lotterier\/"},{"@type":"ListItem","position":3,"name":"Om det \u00f8sterrikske lotteriet"}]},{"@type":"WebSite","@id":"https:\/\/redfoxlotto.com\/no\/#website","url":"https:\/\/redfoxlotto.com\/no\/","name":"Get Tickets for the World\u2019s largest jackpots","description":"Participate in worldwide lottery jackpots from any country","publisher":{"@id":"https:\/\/redfoxlotto.com\/no\/#organization"},"potentialAction":[{"@type":"SearchAction","target":{"@type":"EntryPoint","urlTemplate":"https:\/\/redfoxlotto.com\/no\/?s={search_term_string}"},"query-input":{"@type":"PropertyValueSpecification","valueRequired":true,"valueName":"search_term_string"}}],"inLanguage":"nb-NO"},{"@type":"Organization","@id":"https:\/\/redfoxlotto.com\/no\/#organization","name":"Get Tickets for the World\u2019s largest jackpots","url":"https:\/\/redfoxlotto.com\/no\/","logo":{"@type":"ImageObject","inLanguage":"nb-NO","@id":"https:\/\/redfoxlotto.com\/no\/#\/schema\/logo\/image\/","url":"https:\/\/redfoxlotto.com\/wp-content\/uploads\/2023\/04\/logo.png","contentUrl":"https:\/\/redfoxlotto.com\/wp-content\/uploads\/2023\/04\/logo.png","width":269,"height":53,"caption":"Get Tickets for the World\u2019s largest jackpots"},"image":{"@id":"https:\/\/redfoxlotto.com\/no\/#\/schema\/logo\/image\/"}}]}},"_links":{"self":[{"href":"https:\/\/redfoxlotto.com\/no\/wp-json\/wp\/v2\/pages\/60535","targetHints":{"allow":["GET"]}}],"collection":[{"href":"https:\/\/redfoxlotto.com\/no\/wp-json\/wp\/v2\/pages"}],"about":[{"href":"https:\/\/redfoxlotto.com\/no\/wp-json\/wp\/v2\/types\/page"}],"author":[{"embeddable":true,"href":"https:\/\/redfoxlotto.com\/no\/wp-json\/wp\/v2\/users\/1"}],"replies":[{"embeddable":true,"href":"https:\/\/redfoxlotto.com\/no\/wp-json\/wp\/v2\/comments?post=60535"}],"version-history":[{"count":0,"href":"https:\/\/redfoxlotto.com\/no\/wp-json\/wp\/v2\/pages\/60535\/revisions"}],"up":[{"embeddable":true,"href":"https:\/\/redfoxlotto.com\/no\/wp-json\/wp\/v2\/pages\/60261"}],"wp:attachment":[{"href":"https:\/\/redfoxlotto.com\/no\/wp-json\/wp\/v2\/media?parent=60535"}],"curies":[{"name":"wp","href":"https:\/\/api.w.org\/{rel}","templated":true}]}}