{"id":60525,"date":"2020-08-18T09:19:26","date_gmt":"2020-08-18T09:19:26","guid":{"rendered":"https:\/\/redfoxlotto.eu\/?page_id=60525"},"modified":"2023-05-29T20:49:12","modified_gmt":"2023-05-29T20:49:12","slug":"lotto-6aus49","status":"publish","type":"page","link":"https:\/\/redfoxlotto.com\/no\/lotterier\/lotto-6aus49\/","title":{"rendered":"Om tysk Lotto 6 aus 49"},"content":{"rendered":"<h2>Kj\u00f8p billetter til tyske Lotto 6aus49 online<\/h2>\n<p>N\u00e5r du har bestemt deg for at du vil spille den tyske lotto, er det p\u00e5 tide \u00e5 kj\u00f8pe billettene dine. Men hvordan kj\u00f8per du billetter til tysk lotto 6aus49 online? Det er faktisk enklere enn du kanskje tror. Alt du trenger \u00e5 gj\u00f8re er \u00e5 bes\u00f8ke RedFoxLotto.com for \u00e5 komme i gang.<\/p>\n<p><img loading=\"lazy\" decoding=\"async\" class=\" wp-image alignright\" src=\"https:\/\/content.redfoxlotto.com\/uploads\/sites\/9\/1_buy_lottery_tickets_online4.jpg\" alt=\"tyske lottobilletter\" width=\"231\" height=\"231\" \/><\/p>\n<h2>Velge tallene dine<\/h2>\n<p>N\u00e5r du er klar til \u00e5 spille, velger du bare 6 tall mellom 1 og 49 og 1 mellom 0 og 9. Det er alt som trengs. Hvis du treffer minst tre tall, kommer du til \u00e5 vinne noe i l\u00f8pet av spillet. Matcher du enda flere, vinner du enda mer.<\/p>\n<h2>Kj\u00f8pe billettene dine<\/h2>\n<p>N\u00e5 vet du allerede hvordan du velger ut tallene dine, men hvordan skal du kj\u00f8pe loddene? Det er enkelt. Logg inn p\u00e5 RedFoxLotto.com og velg tallene du vil ha for spillet du \u00f8nsker. Det kan v\u00e6re dette eller et hvilket som helst annet spill. Velg deretter hvor mange trekninger du vil at billettene dine skal v\u00e6re gyldige for, og skriv inn \u00f8nsket betalingsm\u00e5te.<\/p>\n<p><!--more--><img loading=\"lazy\" decoding=\"async\" class=\" wp-image alignright\" src=\"https:\/\/content.redfoxlotto.com\/uploads\/sites\/9\/1_buylottery_online.jpg\" alt=\"vinn lotteri online\" width=\"234\" height=\"155\" \/><\/p>\n<p>N\u00e5r du har lagt inn betalingsinformasjonen din og fullf\u00f8rt kj\u00f8pet, er alt du trenger \u00e5 gj\u00f8re \u00e5 vente p\u00e5 \u00e5 finne ut om du har vunnet noe.<\/p>\n<h2>Har du vunnet?<\/h2>\n<p>Hvis du kj\u00f8per billetter til tyske Lotto 6aus49 online, vil du ogs\u00e5 finne ut om du har vunnet online, og det er enklere enn du kanskje tror. Alt du trenger \u00e5 gj\u00f8re er \u00e5 logge inn p\u00e5 kontoen din og sjekke ut kupongseksjonen for \u00e5 se vinnertallene og hvordan tallene dine sammenlignes.<\/p>\n","protected":false},"excerpt":{"rendered":"<p>Kj\u00f8p billetter til tyske Lotto 6aus49 online N\u00e5r du har bestemt deg for at du vil spille den tyske lotto, er det p\u00e5 tide \u00e5 kj\u00f8pe billettene dine. Men hvordan kj\u00f8per du billetter til tysk lotto 6aus49 online? Det er faktisk enklere enn du kanskje tror. Alt du trenger \u00e5 gj\u00f8re er \u00e5 bes\u00f8ke RedFoxLotto.com [&hellip;]<\/p>\n","protected":false},"author":1,"featured_media":0,"parent":60261,"menu_order":15,"comment_status":"closed","ping_status":"closed","template":"lotto-german-info.php","meta":{"_et_pb_use_builder":"","_et_pb_old_content":"","_et_gb_content_width":"","exclude_from_search":false,"footnotes":""},"class_list":["post-60525","page","type-page","status-publish","hentry"],"yoast_head":"<!-- This site is optimized with the Yoast SEO plugin v23.8 - https:\/\/yoast.com\/wordpress\/plugins\/seo\/ -->\n<title>F\u00e5 billetter til det tyske Lotto online<\/title>\n<meta name=\"description\" content=\"Lottofans utenfor Tyskland kan n\u00e5 kj\u00f8pe billetter til &quot;6 aus 49&quot; p\u00e5 nettet.\" \/>\n<meta name=\"robots\" content=\"index, follow, max-snippet:-1, max-image-preview:large, max-video-preview:-1\" \/>\n<link rel=\"canonical\" href=\"https:\/\/redfoxlotto.com\/no\/lotterier\/lotto-6aus49\/\" \/>\n<meta property=\"og:locale\" content=\"nb_NO\" \/>\n<meta property=\"og:type\" content=\"article\" \/>\n<meta property=\"og:title\" content=\"F\u00e5 billetter til det tyske Lotto online\" \/>\n<meta property=\"og:description\" content=\"Lottofans utenfor Tyskland kan n\u00e5 kj\u00f8pe billetter til &quot;6 aus 49&quot; p\u00e5 nettet.\" \/>\n<meta property=\"og:url\" content=\"https:\/\/redfoxlotto.com\/no\/lotterier\/lotto-6aus49\/\" \/>\n<meta property=\"og:site_name\" content=\"Get Tickets for the World\u2019s largest jackpots\" \/>\n<meta property=\"article:modified_time\" content=\"2023-05-29T20:49:12+00:00\" \/>\n<meta property=\"og:image\" content=\"https:\/\/content.redfoxlotto.com\/uploads\/sites\/9\/1_buy_lottery_tickets_online4.jpg\" \/>\n<meta name=\"twitter:card\" content=\"summary_large_image\" \/>\n<meta name=\"twitter:label1\" content=\"Ansl. lesetid\" \/>\n\t<meta name=\"twitter:data1\" content=\"2 minutter\" \/>\n<script type=\"application\/ld+json\" class=\"yoast-schema-graph\">{\"@context\":\"https:\/\/schema.org\",\"@graph\":[{\"@type\":\"WebPage\",\"@id\":\"https:\/\/redfoxlotto.com\/no\/lotterier\/lotto-6aus49\/\",\"url\":\"https:\/\/redfoxlotto.com\/no\/lotterier\/lotto-6aus49\/\",\"name\":\"F\u00e5 billetter til det tyske Lotto online\",\"isPartOf\":{\"@id\":\"https:\/\/redfoxlotto.com\/no\/#website\"},\"primaryImageOfPage\":{\"@id\":\"https:\/\/redfoxlotto.com\/no\/lotterier\/lotto-6aus49\/#primaryimage\"},\"image\":{\"@id\":\"https:\/\/redfoxlotto.com\/no\/lotterier\/lotto-6aus49\/#primaryimage\"},\"thumbnailUrl\":\"https:\/\/content.redfoxlotto.com\/uploads\/sites\/9\/1_buy_lottery_tickets_online4.jpg\",\"datePublished\":\"2020-08-18T09:19:26+00:00\",\"dateModified\":\"2023-05-29T20:49:12+00:00\",\"description\":\"Lottofans utenfor Tyskland kan n\u00e5 kj\u00f8pe billetter til \\\"6 aus 49\\\" p\u00e5 nettet.\",\"breadcrumb\":{\"@id\":\"https:\/\/redfoxlotto.com\/no\/lotterier\/lotto-6aus49\/#breadcrumb\"},\"inLanguage\":\"nb-NO\",\"potentialAction\":[{\"@type\":\"ReadAction\",\"target\":[\"https:\/\/redfoxlotto.com\/no\/lotterier\/lotto-6aus49\/\"]}]},{\"@type\":\"ImageObject\",\"inLanguage\":\"nb-NO\",\"@id\":\"https:\/\/redfoxlotto.com\/no\/lotterier\/lotto-6aus49\/#primaryimage\",\"url\":\"https:\/\/content.redfoxlotto.com\/uploads\/sites\/9\/1_buy_lottery_tickets_online4.jpg\",\"contentUrl\":\"https:\/\/content.redfoxlotto.com\/uploads\/sites\/9\/1_buy_lottery_tickets_online4.jpg\"},{\"@type\":\"BreadcrumbList\",\"@id\":\"https:\/\/redfoxlotto.com\/no\/lotterier\/lotto-6aus49\/#breadcrumb\",\"itemListElement\":[{\"@type\":\"ListItem\",\"position\":1,\"name\":\"Home\",\"item\":\"https:\/\/redfoxlotto.com\/no\/\"},{\"@type\":\"ListItem\",\"position\":2,\"name\":\"Hvordan kj\u00f8pe lodd p\u00e5 nettet &#8211; kj\u00f8psprosessen\",\"item\":\"https:\/\/redfoxlotto.com\/no\/lotterier\/\"},{\"@type\":\"ListItem\",\"position\":3,\"name\":\"Om tysk Lotto 6 aus 49\"}]},{\"@type\":\"WebSite\",\"@id\":\"https:\/\/redfoxlotto.com\/no\/#website\",\"url\":\"https:\/\/redfoxlotto.com\/no\/\",\"name\":\"Get Tickets for the World\u2019s largest jackpots\",\"description\":\"Participate in worldwide lottery jackpots from any country\",\"publisher\":{\"@id\":\"https:\/\/redfoxlotto.com\/no\/#organization\"},\"potentialAction\":[{\"@type\":\"SearchAction\",\"target\":{\"@type\":\"EntryPoint\",\"urlTemplate\":\"https:\/\/redfoxlotto.com\/no\/?s={search_term_string}\"},\"query-input\":{\"@type\":\"PropertyValueSpecification\",\"valueRequired\":true,\"valueName\":\"search_term_string\"}}],\"inLanguage\":\"nb-NO\"},{\"@type\":\"Organization\",\"@id\":\"https:\/\/redfoxlotto.com\/no\/#organization\",\"name\":\"Get Tickets for the World\u2019s largest jackpots\",\"url\":\"https:\/\/redfoxlotto.com\/no\/\",\"logo\":{\"@type\":\"ImageObject\",\"inLanguage\":\"nb-NO\",\"@id\":\"https:\/\/redfoxlotto.com\/no\/#\/schema\/logo\/image\/\",\"url\":\"https:\/\/redfoxlotto.com\/wp-content\/uploads\/2023\/04\/logo.png\",\"contentUrl\":\"https:\/\/redfoxlotto.com\/wp-content\/uploads\/2023\/04\/logo.png\",\"width\":269,\"height\":53,\"caption\":\"Get Tickets for the World\u2019s largest jackpots\"},\"image\":{\"@id\":\"https:\/\/redfoxlotto.com\/no\/#\/schema\/logo\/image\/\"}}]}<\/script>\n<!-- \/ Yoast SEO plugin. -->","yoast_head_json":{"title":"F\u00e5 billetter til det tyske Lotto online","description":"Lottofans utenfor Tyskland kan n\u00e5 kj\u00f8pe billetter til \"6 aus 49\" p\u00e5 nettet.","robots":{"index":"index","follow":"follow","max-snippet":"max-snippet:-1","max-image-preview":"max-image-preview:large","max-video-preview":"max-video-preview:-1"},"canonical":"https:\/\/redfoxlotto.com\/no\/lotterier\/lotto-6aus49\/","og_locale":"nb_NO","og_type":"article","og_title":"F\u00e5 billetter til det tyske Lotto online","og_description":"Lottofans utenfor Tyskland kan n\u00e5 kj\u00f8pe billetter til \"6 aus 49\" p\u00e5 nettet.","og_url":"https:\/\/redfoxlotto.com\/no\/lotterier\/lotto-6aus49\/","og_site_name":"Get Tickets for the World\u2019s largest jackpots","article_modified_time":"2023-05-29T20:49:12+00:00","og_image":[{"url":"https:\/\/content.redfoxlotto.com\/uploads\/sites\/9\/1_buy_lottery_tickets_online4.jpg"}],"twitter_card":"summary_large_image","twitter_misc":{"Ansl. lesetid":"2 minutter"},"schema":{"@context":"https:\/\/schema.org","@graph":[{"@type":"WebPage","@id":"https:\/\/redfoxlotto.com\/no\/lotterier\/lotto-6aus49\/","url":"https:\/\/redfoxlotto.com\/no\/lotterier\/lotto-6aus49\/","name":"F\u00e5 billetter til det tyske Lotto online","isPartOf":{"@id":"https:\/\/redfoxlotto.com\/no\/#website"},"primaryImageOfPage":{"@id":"https:\/\/redfoxlotto.com\/no\/lotterier\/lotto-6aus49\/#primaryimage"},"image":{"@id":"https:\/\/redfoxlotto.com\/no\/lotterier\/lotto-6aus49\/#primaryimage"},"thumbnailUrl":"https:\/\/content.redfoxlotto.com\/uploads\/sites\/9\/1_buy_lottery_tickets_online4.jpg","datePublished":"2020-08-18T09:19:26+00:00","dateModified":"2023-05-29T20:49:12+00:00","description":"Lottofans utenfor Tyskland kan n\u00e5 kj\u00f8pe billetter til \"6 aus 49\" p\u00e5 nettet.","breadcrumb":{"@id":"https:\/\/redfoxlotto.com\/no\/lotterier\/lotto-6aus49\/#breadcrumb"},"inLanguage":"nb-NO","potentialAction":[{"@type":"ReadAction","target":["https:\/\/redfoxlotto.com\/no\/lotterier\/lotto-6aus49\/"]}]},{"@type":"ImageObject","inLanguage":"nb-NO","@id":"https:\/\/redfoxlotto.com\/no\/lotterier\/lotto-6aus49\/#primaryimage","url":"https:\/\/content.redfoxlotto.com\/uploads\/sites\/9\/1_buy_lottery_tickets_online4.jpg","contentUrl":"https:\/\/content.redfoxlotto.com\/uploads\/sites\/9\/1_buy_lottery_tickets_online4.jpg"},{"@type":"BreadcrumbList","@id":"https:\/\/redfoxlotto.com\/no\/lotterier\/lotto-6aus49\/#breadcrumb","itemListElement":[{"@type":"ListItem","position":1,"name":"Home","item":"https:\/\/redfoxlotto.com\/no\/"},{"@type":"ListItem","position":2,"name":"Hvordan kj\u00f8pe lodd p\u00e5 nettet &#8211; kj\u00f8psprosessen","item":"https:\/\/redfoxlotto.com\/no\/lotterier\/"},{"@type":"ListItem","position":3,"name":"Om tysk Lotto 6 aus 49"}]},{"@type":"WebSite","@id":"https:\/\/redfoxlotto.com\/no\/#website","url":"https:\/\/redfoxlotto.com\/no\/","name":"Get Tickets for the World\u2019s largest jackpots","description":"Participate in worldwide lottery jackpots from any country","publisher":{"@id":"https:\/\/redfoxlotto.com\/no\/#organization"},"potentialAction":[{"@type":"SearchAction","target":{"@type":"EntryPoint","urlTemplate":"https:\/\/redfoxlotto.com\/no\/?s={search_term_string}"},"query-input":{"@type":"PropertyValueSpecification","valueRequired":true,"valueName":"search_term_string"}}],"inLanguage":"nb-NO"},{"@type":"Organization","@id":"https:\/\/redfoxlotto.com\/no\/#organization","name":"Get Tickets for the World\u2019s largest jackpots","url":"https:\/\/redfoxlotto.com\/no\/","logo":{"@type":"ImageObject","inLanguage":"nb-NO","@id":"https:\/\/redfoxlotto.com\/no\/#\/schema\/logo\/image\/","url":"https:\/\/redfoxlotto.com\/wp-content\/uploads\/2023\/04\/logo.png","contentUrl":"https:\/\/redfoxlotto.com\/wp-content\/uploads\/2023\/04\/logo.png","width":269,"height":53,"caption":"Get Tickets for the World\u2019s largest jackpots"},"image":{"@id":"https:\/\/redfoxlotto.com\/no\/#\/schema\/logo\/image\/"}}]}},"_links":{"self":[{"href":"https:\/\/redfoxlotto.com\/no\/wp-json\/wp\/v2\/pages\/60525","targetHints":{"allow":["GET"]}}],"collection":[{"href":"https:\/\/redfoxlotto.com\/no\/wp-json\/wp\/v2\/pages"}],"about":[{"href":"https:\/\/redfoxlotto.com\/no\/wp-json\/wp\/v2\/types\/page"}],"author":[{"embeddable":true,"href":"https:\/\/redfoxlotto.com\/no\/wp-json\/wp\/v2\/users\/1"}],"replies":[{"embeddable":true,"href":"https:\/\/redfoxlotto.com\/no\/wp-json\/wp\/v2\/comments?post=60525"}],"version-history":[{"count":0,"href":"https:\/\/redfoxlotto.com\/no\/wp-json\/wp\/v2\/pages\/60525\/revisions"}],"up":[{"embeddable":true,"href":"https:\/\/redfoxlotto.com\/no\/wp-json\/wp\/v2\/pages\/60261"}],"wp:attachment":[{"href":"https:\/\/redfoxlotto.com\/no\/wp-json\/wp\/v2\/media?parent=60525"}],"curies":[{"name":"wp","href":"https:\/\/api.w.org\/{rel}","templated":true}]}}