{"id":60496,"date":"2020-08-18T09:10:34","date_gmt":"2020-08-18T09:10:34","guid":{"rendered":"https:\/\/redfoxlotto.eu\/?page_id=60496"},"modified":"2023-05-29T20:16:16","modified_gmt":"2023-05-29T20:16:16","slug":"lotto-america","status":"publish","type":"page","link":"https:\/\/redfoxlotto.com\/no\/lotterier\/lotto-america\/","title":{"rendered":"Om Lotto America"},"content":{"rendered":"<h2>Kj\u00f8p billetter til Lotto America online<\/h2>\n<p>N\u00e5r det gjelder \u00e5 kj\u00f8pe lodd p\u00e5 nettet, vil du v\u00e6re sikker p\u00e5 at du kommer inn p\u00e5 de beste spillene. Men har du noen gang h\u00f8rt om alle de forskjellige spillene som finnes der ute? Sannsynligvis ikke. Spesielt siden det er spill i andre land som du kan spille online. Spill som Lotto America.<\/p>\n<h2>Hva er det?<\/h2>\n<p>Lotto America er et flerstatsspill som spilles i USA. Mer spesifikt spilles det i 13 stater over hele landet. Men du trenger ikke \u00e5 bo i en av disse statene for \u00e5 spille. Du kan faktisk spille hvor som helst i verden. Og det er her moroa kommer inn. Fordi dette spillet er en sjanse for deg til \u00e5 bli mangemillion\u00e6r, og det er et superenkelt spill \u00e5 spille.<\/p>\n<h2>Kj\u00f8pe Lotto America-billettene dine<\/h2>\n<p>Hvis du er interessert i \u00e5 spille Lotto America, trenger du bare \u00e5 vite hvor du f\u00e5r tak i billettene dine. Men hvordan kj\u00f8per du billetter til Lotto America online? Du trenger en tjeneste for \u00e5 hjelpe deg, og det er her RedFoxLotto kommer inn. Vi kan hjelpe deg med \u00e5 skaffe deg billetter til dette spillet eller andre lotterispill du kanskje vil spille rundt om i verden. Du kan f\u00e5 billetter til Euromillions, Eurojackpot og mange andre lotterier gjennom oss, s\u00e5 lenge du er myndig.<\/p>\n<p><img decoding=\"async\" class=\"size-full wp-image alignright\" src=\"https:\/\/content.redfoxlotto.com\/uploads\/sites\/9\/1_ticket_online_buying.jpg\" alt=\"lotto america billett online \" \/><\/p>\n<p>Alt som kreves er noen f\u00e5 skritt for \u00e5 komme i gang. Det f\u00f8rste er at du m\u00e5 opprette en konto hos RedFoxLotto. Det er enkelt \u00e5 gj\u00f8re og tar bare noen f\u00e5 minutter \u00e5 komme i gang. Derfra vil du kunne begynne \u00e5 bla gjennom alle de forskjellige lotterispillene som er tilgjengelige. Du vil kanskje ha Lotto America eller noe annet (eller flere forskjellige spill).<br \/>\nN\u00e5r du har bestemt deg for spillet og er klar til \u00e5 spille Lotto America, er det p\u00e5 tide \u00e5 begynne \u00e5 plukke ut tallene dine. Det er her du kommer til \u00e5 ha mange forskjellige alternativer, og det er her den morsomme delen virkelig kommer til \u00e5 komme i gang.<\/p>\n<h2>Velge kupong<\/h2>\n<p>Det er fem standardnumre og ett bonusnummer med Lotto America. Du kan velge hvilke du vil ha, slik at du kan f\u00e5 en kombinasjon som du synes er heldig eller som betyr noe for deg. Og n\u00e5r du har valgt tallene dine, kan du bestemme om du vil spille All Star-bonusen.<br \/>\nDenne bonusen kan gi deg en mangedobling av gevinsten din hvis du vinner noe annet enn jackpoten. Det betyr at du kan vinne enda st\u00f8rre og bedre premier, og det er definitivt her det morsomme kommer inn. Du vil jo tross alt vinne s\u00e5 mye som mulig, ikke sant?<br \/>\nMen hva om du ikke vet hvilke tall du vil ha? Eller hva om du bare har et par spesielle tall du vil spille p\u00e5? Det er heller ikke noe problem, for du kan velge hvilke tall du vil ha og fylle ut med tilfeldige tall. Eller du kan bruke tallgeneratoren til \u00e5 velge alle tallene for deg.<\/p>\n<h2>Vent p\u00e5 resultatene<\/h2>\n<p><img decoding=\"async\" class=\"size-full wp-image alignright\" src=\"https:\/\/content.redfoxlotto.com\/uploads\/sites\/9\/1_usa_lottery_win.jpg\" alt=\"lotto america\" \/><\/p>\n<p>N\u00e5r du har plukket ut tallene dine, kan du velge hvor mange lodd du vil ha og til hvilke spill. Deretter kan du betale for billettene og bare vente p\u00e5 neste trekning. Du kan ogs\u00e5 velge flere lodd til noen av de andre spillene som foreg\u00e5r rundt om i verden hvis du vil ha enda st\u00f8rre sjanser til \u00e5 vinne en premie et sted.<\/p>\n<p>Du kan ogs\u00e5 sjekke resultatene av alle disse lotteriene. Du kan for eksempel sjekke resultatene for Euromillions og deretter bruke disse tallene til din neste kupong i et annet lotteri.<br \/>\nN\u00e5r resultatene for spillet kommer inn, kan du umiddelbart se vinnertallene og hvordan dine egne tall ligger an. Ikke bare det, men du kan ogs\u00e5 se hva du har vunnet, og du f\u00e5r gevinsten din like raskt. Det er enkelt, morsomt og du kommer til \u00e5 v\u00e6re klar til \u00e5 plukke ut dine neste lodd p\u00e5 kort tid. Og siden det er s\u00e5 enkelt, er det akkurat det du vil gj\u00f8re. Alt du trenger \u00e5 gj\u00f8re er \u00e5 bestemme deg for hvilke spill du vil spille.<\/p>\n","protected":false},"excerpt":{"rendered":"<p>Kj\u00f8p billetter til Lotto America online N\u00e5r det gjelder \u00e5 kj\u00f8pe lodd p\u00e5 nettet, vil du v\u00e6re sikker p\u00e5 at du kommer inn p\u00e5 de beste spillene. Men har du noen gang h\u00f8rt om alle de forskjellige spillene som finnes der ute? Sannsynligvis ikke. Spesielt siden det er spill i andre land som du kan [&hellip;]<\/p>\n","protected":false},"author":1,"featured_media":0,"parent":60261,"menu_order":12,"comment_status":"closed","ping_status":"closed","template":"lotto-america-info.php","meta":{"_et_pb_use_builder":"","_et_pb_old_content":"","_et_gb_content_width":"","exclude_from_search":false,"footnotes":""},"class_list":["post-60496","page","type-page","status-publish","hentry"],"yoast_head":"<!-- This site is optimized with the Yoast SEO plugin v23.8 - https:\/\/yoast.com\/wordpress\/plugins\/seo\/ -->\n<title>Kj\u00f8p Lotto America-billetter online<\/title>\n<meta name=\"description\" content=\"Hvis du vil vinne p\u00e5 Lotto America, kj\u00f8p billetten din online n\u00e5!\" \/>\n<meta name=\"robots\" content=\"index, follow, max-snippet:-1, max-image-preview:large, max-video-preview:-1\" \/>\n<link rel=\"canonical\" href=\"https:\/\/redfoxlotto.com\/no\/lotterier\/lotto-america\/\" \/>\n<meta property=\"og:locale\" content=\"nb_NO\" \/>\n<meta property=\"og:type\" content=\"article\" \/>\n<meta property=\"og:title\" content=\"Kj\u00f8p Lotto America-billetter online\" \/>\n<meta property=\"og:description\" content=\"Hvis du vil vinne p\u00e5 Lotto America, kj\u00f8p billetten din online n\u00e5!\" \/>\n<meta property=\"og:url\" content=\"https:\/\/redfoxlotto.com\/no\/lotterier\/lotto-america\/\" \/>\n<meta property=\"og:site_name\" content=\"Get Tickets for the World\u2019s largest jackpots\" \/>\n<meta property=\"article:modified_time\" content=\"2023-05-29T20:16:16+00:00\" \/>\n<meta property=\"og:image\" content=\"https:\/\/content.redfoxlotto.com\/uploads\/sites\/9\/1_ticket_online_buying.jpg\" \/>\n<meta name=\"twitter:card\" content=\"summary_large_image\" \/>\n<meta name=\"twitter:label1\" content=\"Ansl. lesetid\" \/>\n\t<meta name=\"twitter:data1\" content=\"4 minutter\" \/>\n<script type=\"application\/ld+json\" class=\"yoast-schema-graph\">{\"@context\":\"https:\/\/schema.org\",\"@graph\":[{\"@type\":\"WebPage\",\"@id\":\"https:\/\/redfoxlotto.com\/no\/lotterier\/lotto-america\/\",\"url\":\"https:\/\/redfoxlotto.com\/no\/lotterier\/lotto-america\/\",\"name\":\"Kj\u00f8p Lotto America-billetter online\",\"isPartOf\":{\"@id\":\"https:\/\/redfoxlotto.com\/no\/#website\"},\"primaryImageOfPage\":{\"@id\":\"https:\/\/redfoxlotto.com\/no\/lotterier\/lotto-america\/#primaryimage\"},\"image\":{\"@id\":\"https:\/\/redfoxlotto.com\/no\/lotterier\/lotto-america\/#primaryimage\"},\"thumbnailUrl\":\"https:\/\/content.redfoxlotto.com\/uploads\/sites\/9\/1_ticket_online_buying.jpg\",\"datePublished\":\"2020-08-18T09:10:34+00:00\",\"dateModified\":\"2023-05-29T20:16:16+00:00\",\"description\":\"Hvis du vil vinne p\u00e5 Lotto America, kj\u00f8p billetten din online n\u00e5!\",\"breadcrumb\":{\"@id\":\"https:\/\/redfoxlotto.com\/no\/lotterier\/lotto-america\/#breadcrumb\"},\"inLanguage\":\"nb-NO\",\"potentialAction\":[{\"@type\":\"ReadAction\",\"target\":[\"https:\/\/redfoxlotto.com\/no\/lotterier\/lotto-america\/\"]}]},{\"@type\":\"ImageObject\",\"inLanguage\":\"nb-NO\",\"@id\":\"https:\/\/redfoxlotto.com\/no\/lotterier\/lotto-america\/#primaryimage\",\"url\":\"https:\/\/content.redfoxlotto.com\/uploads\/sites\/9\/1_ticket_online_buying.jpg\",\"contentUrl\":\"https:\/\/content.redfoxlotto.com\/uploads\/sites\/9\/1_ticket_online_buying.jpg\"},{\"@type\":\"BreadcrumbList\",\"@id\":\"https:\/\/redfoxlotto.com\/no\/lotterier\/lotto-america\/#breadcrumb\",\"itemListElement\":[{\"@type\":\"ListItem\",\"position\":1,\"name\":\"Home\",\"item\":\"https:\/\/redfoxlotto.com\/no\/\"},{\"@type\":\"ListItem\",\"position\":2,\"name\":\"Hvordan kj\u00f8pe lodd p\u00e5 nettet &#8211; kj\u00f8psprosessen\",\"item\":\"https:\/\/redfoxlotto.com\/no\/lotterier\/\"},{\"@type\":\"ListItem\",\"position\":3,\"name\":\"Om Lotto America\"}]},{\"@type\":\"WebSite\",\"@id\":\"https:\/\/redfoxlotto.com\/no\/#website\",\"url\":\"https:\/\/redfoxlotto.com\/no\/\",\"name\":\"Get Tickets for the World\u2019s largest jackpots\",\"description\":\"Participate in worldwide lottery jackpots from any country\",\"publisher\":{\"@id\":\"https:\/\/redfoxlotto.com\/no\/#organization\"},\"potentialAction\":[{\"@type\":\"SearchAction\",\"target\":{\"@type\":\"EntryPoint\",\"urlTemplate\":\"https:\/\/redfoxlotto.com\/no\/?s={search_term_string}\"},\"query-input\":{\"@type\":\"PropertyValueSpecification\",\"valueRequired\":true,\"valueName\":\"search_term_string\"}}],\"inLanguage\":\"nb-NO\"},{\"@type\":\"Organization\",\"@id\":\"https:\/\/redfoxlotto.com\/no\/#organization\",\"name\":\"Get Tickets for the World\u2019s largest jackpots\",\"url\":\"https:\/\/redfoxlotto.com\/no\/\",\"logo\":{\"@type\":\"ImageObject\",\"inLanguage\":\"nb-NO\",\"@id\":\"https:\/\/redfoxlotto.com\/no\/#\/schema\/logo\/image\/\",\"url\":\"https:\/\/redfoxlotto.com\/wp-content\/uploads\/2023\/04\/logo.png\",\"contentUrl\":\"https:\/\/redfoxlotto.com\/wp-content\/uploads\/2023\/04\/logo.png\",\"width\":269,\"height\":53,\"caption\":\"Get Tickets for the World\u2019s largest jackpots\"},\"image\":{\"@id\":\"https:\/\/redfoxlotto.com\/no\/#\/schema\/logo\/image\/\"}}]}<\/script>\n<!-- \/ Yoast SEO plugin. -->","yoast_head_json":{"title":"Kj\u00f8p Lotto America-billetter online","description":"Hvis du vil vinne p\u00e5 Lotto America, kj\u00f8p billetten din online n\u00e5!","robots":{"index":"index","follow":"follow","max-snippet":"max-snippet:-1","max-image-preview":"max-image-preview:large","max-video-preview":"max-video-preview:-1"},"canonical":"https:\/\/redfoxlotto.com\/no\/lotterier\/lotto-america\/","og_locale":"nb_NO","og_type":"article","og_title":"Kj\u00f8p Lotto America-billetter online","og_description":"Hvis du vil vinne p\u00e5 Lotto America, kj\u00f8p billetten din online n\u00e5!","og_url":"https:\/\/redfoxlotto.com\/no\/lotterier\/lotto-america\/","og_site_name":"Get Tickets for the World\u2019s largest jackpots","article_modified_time":"2023-05-29T20:16:16+00:00","og_image":[{"url":"https:\/\/content.redfoxlotto.com\/uploads\/sites\/9\/1_ticket_online_buying.jpg"}],"twitter_card":"summary_large_image","twitter_misc":{"Ansl. lesetid":"4 minutter"},"schema":{"@context":"https:\/\/schema.org","@graph":[{"@type":"WebPage","@id":"https:\/\/redfoxlotto.com\/no\/lotterier\/lotto-america\/","url":"https:\/\/redfoxlotto.com\/no\/lotterier\/lotto-america\/","name":"Kj\u00f8p Lotto America-billetter online","isPartOf":{"@id":"https:\/\/redfoxlotto.com\/no\/#website"},"primaryImageOfPage":{"@id":"https:\/\/redfoxlotto.com\/no\/lotterier\/lotto-america\/#primaryimage"},"image":{"@id":"https:\/\/redfoxlotto.com\/no\/lotterier\/lotto-america\/#primaryimage"},"thumbnailUrl":"https:\/\/content.redfoxlotto.com\/uploads\/sites\/9\/1_ticket_online_buying.jpg","datePublished":"2020-08-18T09:10:34+00:00","dateModified":"2023-05-29T20:16:16+00:00","description":"Hvis du vil vinne p\u00e5 Lotto America, kj\u00f8p billetten din online n\u00e5!","breadcrumb":{"@id":"https:\/\/redfoxlotto.com\/no\/lotterier\/lotto-america\/#breadcrumb"},"inLanguage":"nb-NO","potentialAction":[{"@type":"ReadAction","target":["https:\/\/redfoxlotto.com\/no\/lotterier\/lotto-america\/"]}]},{"@type":"ImageObject","inLanguage":"nb-NO","@id":"https:\/\/redfoxlotto.com\/no\/lotterier\/lotto-america\/#primaryimage","url":"https:\/\/content.redfoxlotto.com\/uploads\/sites\/9\/1_ticket_online_buying.jpg","contentUrl":"https:\/\/content.redfoxlotto.com\/uploads\/sites\/9\/1_ticket_online_buying.jpg"},{"@type":"BreadcrumbList","@id":"https:\/\/redfoxlotto.com\/no\/lotterier\/lotto-america\/#breadcrumb","itemListElement":[{"@type":"ListItem","position":1,"name":"Home","item":"https:\/\/redfoxlotto.com\/no\/"},{"@type":"ListItem","position":2,"name":"Hvordan kj\u00f8pe lodd p\u00e5 nettet &#8211; kj\u00f8psprosessen","item":"https:\/\/redfoxlotto.com\/no\/lotterier\/"},{"@type":"ListItem","position":3,"name":"Om Lotto America"}]},{"@type":"WebSite","@id":"https:\/\/redfoxlotto.com\/no\/#website","url":"https:\/\/redfoxlotto.com\/no\/","name":"Get Tickets for the World\u2019s largest jackpots","description":"Participate in worldwide lottery jackpots from any country","publisher":{"@id":"https:\/\/redfoxlotto.com\/no\/#organization"},"potentialAction":[{"@type":"SearchAction","target":{"@type":"EntryPoint","urlTemplate":"https:\/\/redfoxlotto.com\/no\/?s={search_term_string}"},"query-input":{"@type":"PropertyValueSpecification","valueRequired":true,"valueName":"search_term_string"}}],"inLanguage":"nb-NO"},{"@type":"Organization","@id":"https:\/\/redfoxlotto.com\/no\/#organization","name":"Get Tickets for the World\u2019s largest jackpots","url":"https:\/\/redfoxlotto.com\/no\/","logo":{"@type":"ImageObject","inLanguage":"nb-NO","@id":"https:\/\/redfoxlotto.com\/no\/#\/schema\/logo\/image\/","url":"https:\/\/redfoxlotto.com\/wp-content\/uploads\/2023\/04\/logo.png","contentUrl":"https:\/\/redfoxlotto.com\/wp-content\/uploads\/2023\/04\/logo.png","width":269,"height":53,"caption":"Get Tickets for the World\u2019s largest jackpots"},"image":{"@id":"https:\/\/redfoxlotto.com\/no\/#\/schema\/logo\/image\/"}}]}},"_links":{"self":[{"href":"https:\/\/redfoxlotto.com\/no\/wp-json\/wp\/v2\/pages\/60496","targetHints":{"allow":["GET"]}}],"collection":[{"href":"https:\/\/redfoxlotto.com\/no\/wp-json\/wp\/v2\/pages"}],"about":[{"href":"https:\/\/redfoxlotto.com\/no\/wp-json\/wp\/v2\/types\/page"}],"author":[{"embeddable":true,"href":"https:\/\/redfoxlotto.com\/no\/wp-json\/wp\/v2\/users\/1"}],"replies":[{"embeddable":true,"href":"https:\/\/redfoxlotto.com\/no\/wp-json\/wp\/v2\/comments?post=60496"}],"version-history":[{"count":0,"href":"https:\/\/redfoxlotto.com\/no\/wp-json\/wp\/v2\/pages\/60496\/revisions"}],"up":[{"embeddable":true,"href":"https:\/\/redfoxlotto.com\/no\/wp-json\/wp\/v2\/pages\/60261"}],"wp:attachment":[{"href":"https:\/\/redfoxlotto.com\/no\/wp-json\/wp\/v2\/media?parent=60496"}],"curies":[{"name":"wp","href":"https:\/\/api.w.org\/{rel}","templated":true}]}}