{"id":60493,"date":"2022-09-26T12:33:09","date_gmt":"2022-09-26T12:33:09","guid":{"rendered":"https:\/\/redfoxlotto.eu\/?page_id=60493"},"modified":"2024-10-04T01:36:37","modified_gmt":"2024-10-04T01:36:37","slug":"thunderball","status":"publish","type":"page","link":"https:\/\/redfoxlotto.com\/no\/lotterier\/thunderball\/","title":{"rendered":"Om Thunderball lotteriet UK"},"content":{"rendered":"<h2>Kj\u00f8pe billetter til Thunderball UK Lotto online?<\/h2>\n<p>N\u00e5r du er klar til \u00e5 kj\u00f8pe billetter til Thunderball UK Lotto online, kan du se n\u00e6rmere p\u00e5 alternativene p\u00e5 RedFoxLotto.com. Du kan til og med bli overrasket over hvor enkelt det er \u00e5 spille. Alt du trenger \u00e5 gj\u00f8re er \u00e5 velge 5 vanlige tall og 1 Thunderball. Deretter velger du datoene for trekningen. P\u00e5 den m\u00e5ten kan du vinne med s\u00e5 lite som 1 matchende tall!<\/p>\n<h2>Kj\u00f8pe billetter til Thunderball UK Lotto?<\/h2>\n<p>N\u00e5r det er p\u00e5 tide \u00e5 kj\u00f8pe billetter til Thunderball UK Lotto online, trenger du en tjeneste som lar deg velge billettene du \u00f8nsker, fra hvilket som helst spill du \u00f8nsker. Det er der RedFoxLotto.com kommer inn. Du kan velge hvilket som helst spill du vil spille og plukke ut billettene du vil ha.<br \/>\n<img loading=\"lazy\" decoding=\"async\" class=\" wp-image alignright\" src=\"https:\/\/content.redfoxlotto.com\/uploads\/sites\/9\/1_online_lottery_jackpot_win.jpg\" alt=\"kj\u00f8p thunderball online\" width=\"266\" height=\"241\" \/><\/p>\n<p>Du velger tallene du vil spille, eller bruker Quick Pick for \u00e5 f\u00e5 tall valgt for deg. Deretter velger du datoene og antall trekninger du vil ha, og hvilken betalingsm\u00e5te du foretrekker. N\u00e5r du har kj\u00f8pt billettene dine, er det bare \u00e5 vente p\u00e5 trekningen, og forh\u00e5pentligvis de gode nyhetene som f\u00f8lger.<\/p>\n<h2>Sjekker du vinnertallene dine?<\/h2>\n<p>N\u00e5r trekningen har funnet sted, kan du logge deg inn p\u00e5 kontoen din p\u00e5 RedFoxLotto.com for \u00e5 se hvordan loddtallene dine er i forhold til vinnertallene. Det kommer til \u00e5 v\u00e6re rett der p\u00e5 kupongkontoen din, og det kommer til \u00e5 bli mye enklere for deg. Alt du trenger \u00e5 gj\u00f8re er \u00e5 se hvilke tall som er uthevet for \u00e5 se hvilke som stemmer overens.<\/p>\n","protected":false},"excerpt":{"rendered":"<p>Kj\u00f8pe billetter til Thunderball UK Lotto online? N\u00e5r du er klar til \u00e5 kj\u00f8pe billetter til Thunderball UK Lotto online, kan du se n\u00e6rmere p\u00e5 alternativene p\u00e5 RedFoxLotto.com. Du kan til og med bli overrasket over hvor enkelt det er \u00e5 spille. Alt du trenger \u00e5 gj\u00f8re er \u00e5 velge 5 vanlige tall og 1 [&hellip;]<\/p>\n","protected":false},"author":1,"featured_media":0,"parent":60261,"menu_order":11,"comment_status":"closed","ping_status":"closed","template":"thunderball-info.php","meta":{"_et_pb_use_builder":"","_et_pb_old_content":"","_et_gb_content_width":"","exclude_from_search":false,"footnotes":""},"class_list":["post-60493","page","type-page","status-publish","hentry"],"yoast_head":"<!-- This site is optimized with the Yoast SEO plugin v23.8 - https:\/\/yoast.com\/wordpress\/plugins\/seo\/ -->\n<title>F\u00e5 billetten din til Thunderball Lotto online<\/title>\n<meta name=\"description\" content=\"Kj\u00f8p billetter til Thunderball Lotto selv om du ikke bor i Storbritannia\" \/>\n<meta name=\"robots\" content=\"index, follow, max-snippet:-1, max-image-preview:large, max-video-preview:-1\" \/>\n<link rel=\"canonical\" href=\"https:\/\/redfoxlotto.com\/no\/lotterier\/thunderball\/\" \/>\n<meta property=\"og:locale\" content=\"nb_NO\" \/>\n<meta property=\"og:type\" content=\"article\" \/>\n<meta property=\"og:title\" content=\"F\u00e5 billetten din til Thunderball Lotto online\" \/>\n<meta property=\"og:description\" content=\"Kj\u00f8p billetter til Thunderball Lotto selv om du ikke bor i Storbritannia\" \/>\n<meta property=\"og:url\" content=\"https:\/\/redfoxlotto.com\/no\/lotterier\/thunderball\/\" \/>\n<meta property=\"og:site_name\" content=\"Get Tickets for the World\u2019s largest jackpots\" \/>\n<meta property=\"article:modified_time\" content=\"2024-10-04T01:36:37+00:00\" \/>\n<meta property=\"og:image\" content=\"https:\/\/content.redfoxlotto.com\/uploads\/sites\/9\/1_online_lottery_jackpot_win.jpg\" \/>\n<meta name=\"twitter:card\" content=\"summary_large_image\" \/>\n<meta name=\"twitter:label1\" content=\"Ansl. lesetid\" \/>\n\t<meta name=\"twitter:data1\" content=\"2 minutter\" \/>\n<script type=\"application\/ld+json\" class=\"yoast-schema-graph\">{\"@context\":\"https:\/\/schema.org\",\"@graph\":[{\"@type\":\"WebPage\",\"@id\":\"https:\/\/redfoxlotto.com\/no\/lotterier\/thunderball\/\",\"url\":\"https:\/\/redfoxlotto.com\/no\/lotterier\/thunderball\/\",\"name\":\"F\u00e5 billetten din til Thunderball Lotto online\",\"isPartOf\":{\"@id\":\"https:\/\/redfoxlotto.com\/no\/#website\"},\"primaryImageOfPage\":{\"@id\":\"https:\/\/redfoxlotto.com\/no\/lotterier\/thunderball\/#primaryimage\"},\"image\":{\"@id\":\"https:\/\/redfoxlotto.com\/no\/lotterier\/thunderball\/#primaryimage\"},\"thumbnailUrl\":\"https:\/\/content.redfoxlotto.com\/uploads\/sites\/9\/1_online_lottery_jackpot_win.jpg\",\"datePublished\":\"2022-09-26T12:33:09+00:00\",\"dateModified\":\"2024-10-04T01:36:37+00:00\",\"description\":\"Kj\u00f8p billetter til Thunderball Lotto selv om du ikke bor i Storbritannia\",\"breadcrumb\":{\"@id\":\"https:\/\/redfoxlotto.com\/no\/lotterier\/thunderball\/#breadcrumb\"},\"inLanguage\":\"nb-NO\",\"potentialAction\":[{\"@type\":\"ReadAction\",\"target\":[\"https:\/\/redfoxlotto.com\/no\/lotterier\/thunderball\/\"]}]},{\"@type\":\"ImageObject\",\"inLanguage\":\"nb-NO\",\"@id\":\"https:\/\/redfoxlotto.com\/no\/lotterier\/thunderball\/#primaryimage\",\"url\":\"https:\/\/content.redfoxlotto.com\/uploads\/sites\/9\/1_online_lottery_jackpot_win.jpg\",\"contentUrl\":\"https:\/\/content.redfoxlotto.com\/uploads\/sites\/9\/1_online_lottery_jackpot_win.jpg\"},{\"@type\":\"BreadcrumbList\",\"@id\":\"https:\/\/redfoxlotto.com\/no\/lotterier\/thunderball\/#breadcrumb\",\"itemListElement\":[{\"@type\":\"ListItem\",\"position\":1,\"name\":\"Home\",\"item\":\"https:\/\/redfoxlotto.com\/no\/\"},{\"@type\":\"ListItem\",\"position\":2,\"name\":\"Hvordan kj\u00f8pe lodd p\u00e5 nettet &#8211; kj\u00f8psprosessen\",\"item\":\"https:\/\/redfoxlotto.com\/no\/lotterier\/\"},{\"@type\":\"ListItem\",\"position\":3,\"name\":\"Om Thunderball lotteriet UK\"}]},{\"@type\":\"WebSite\",\"@id\":\"https:\/\/redfoxlotto.com\/no\/#website\",\"url\":\"https:\/\/redfoxlotto.com\/no\/\",\"name\":\"Get Tickets for the World\u2019s largest jackpots\",\"description\":\"Participate in worldwide lottery jackpots from any country\",\"publisher\":{\"@id\":\"https:\/\/redfoxlotto.com\/no\/#organization\"},\"potentialAction\":[{\"@type\":\"SearchAction\",\"target\":{\"@type\":\"EntryPoint\",\"urlTemplate\":\"https:\/\/redfoxlotto.com\/no\/?s={search_term_string}\"},\"query-input\":{\"@type\":\"PropertyValueSpecification\",\"valueRequired\":true,\"valueName\":\"search_term_string\"}}],\"inLanguage\":\"nb-NO\"},{\"@type\":\"Organization\",\"@id\":\"https:\/\/redfoxlotto.com\/no\/#organization\",\"name\":\"Get Tickets for the World\u2019s largest jackpots\",\"url\":\"https:\/\/redfoxlotto.com\/no\/\",\"logo\":{\"@type\":\"ImageObject\",\"inLanguage\":\"nb-NO\",\"@id\":\"https:\/\/redfoxlotto.com\/no\/#\/schema\/logo\/image\/\",\"url\":\"https:\/\/redfoxlotto.com\/wp-content\/uploads\/2023\/04\/logo.png\",\"contentUrl\":\"https:\/\/redfoxlotto.com\/wp-content\/uploads\/2023\/04\/logo.png\",\"width\":269,\"height\":53,\"caption\":\"Get Tickets for the World\u2019s largest jackpots\"},\"image\":{\"@id\":\"https:\/\/redfoxlotto.com\/no\/#\/schema\/logo\/image\/\"}}]}<\/script>\n<!-- \/ Yoast SEO plugin. -->","yoast_head_json":{"title":"F\u00e5 billetten din til Thunderball Lotto online","description":"Kj\u00f8p billetter til Thunderball Lotto selv om du ikke bor i Storbritannia","robots":{"index":"index","follow":"follow","max-snippet":"max-snippet:-1","max-image-preview":"max-image-preview:large","max-video-preview":"max-video-preview:-1"},"canonical":"https:\/\/redfoxlotto.com\/no\/lotterier\/thunderball\/","og_locale":"nb_NO","og_type":"article","og_title":"F\u00e5 billetten din til Thunderball Lotto online","og_description":"Kj\u00f8p billetter til Thunderball Lotto selv om du ikke bor i Storbritannia","og_url":"https:\/\/redfoxlotto.com\/no\/lotterier\/thunderball\/","og_site_name":"Get Tickets for the World\u2019s largest jackpots","article_modified_time":"2024-10-04T01:36:37+00:00","og_image":[{"url":"https:\/\/content.redfoxlotto.com\/uploads\/sites\/9\/1_online_lottery_jackpot_win.jpg"}],"twitter_card":"summary_large_image","twitter_misc":{"Ansl. lesetid":"2 minutter"},"schema":{"@context":"https:\/\/schema.org","@graph":[{"@type":"WebPage","@id":"https:\/\/redfoxlotto.com\/no\/lotterier\/thunderball\/","url":"https:\/\/redfoxlotto.com\/no\/lotterier\/thunderball\/","name":"F\u00e5 billetten din til Thunderball Lotto online","isPartOf":{"@id":"https:\/\/redfoxlotto.com\/no\/#website"},"primaryImageOfPage":{"@id":"https:\/\/redfoxlotto.com\/no\/lotterier\/thunderball\/#primaryimage"},"image":{"@id":"https:\/\/redfoxlotto.com\/no\/lotterier\/thunderball\/#primaryimage"},"thumbnailUrl":"https:\/\/content.redfoxlotto.com\/uploads\/sites\/9\/1_online_lottery_jackpot_win.jpg","datePublished":"2022-09-26T12:33:09+00:00","dateModified":"2024-10-04T01:36:37+00:00","description":"Kj\u00f8p billetter til Thunderball Lotto selv om du ikke bor i Storbritannia","breadcrumb":{"@id":"https:\/\/redfoxlotto.com\/no\/lotterier\/thunderball\/#breadcrumb"},"inLanguage":"nb-NO","potentialAction":[{"@type":"ReadAction","target":["https:\/\/redfoxlotto.com\/no\/lotterier\/thunderball\/"]}]},{"@type":"ImageObject","inLanguage":"nb-NO","@id":"https:\/\/redfoxlotto.com\/no\/lotterier\/thunderball\/#primaryimage","url":"https:\/\/content.redfoxlotto.com\/uploads\/sites\/9\/1_online_lottery_jackpot_win.jpg","contentUrl":"https:\/\/content.redfoxlotto.com\/uploads\/sites\/9\/1_online_lottery_jackpot_win.jpg"},{"@type":"BreadcrumbList","@id":"https:\/\/redfoxlotto.com\/no\/lotterier\/thunderball\/#breadcrumb","itemListElement":[{"@type":"ListItem","position":1,"name":"Home","item":"https:\/\/redfoxlotto.com\/no\/"},{"@type":"ListItem","position":2,"name":"Hvordan kj\u00f8pe lodd p\u00e5 nettet &#8211; kj\u00f8psprosessen","item":"https:\/\/redfoxlotto.com\/no\/lotterier\/"},{"@type":"ListItem","position":3,"name":"Om Thunderball lotteriet UK"}]},{"@type":"WebSite","@id":"https:\/\/redfoxlotto.com\/no\/#website","url":"https:\/\/redfoxlotto.com\/no\/","name":"Get Tickets for the World\u2019s largest jackpots","description":"Participate in worldwide lottery jackpots from any country","publisher":{"@id":"https:\/\/redfoxlotto.com\/no\/#organization"},"potentialAction":[{"@type":"SearchAction","target":{"@type":"EntryPoint","urlTemplate":"https:\/\/redfoxlotto.com\/no\/?s={search_term_string}"},"query-input":{"@type":"PropertyValueSpecification","valueRequired":true,"valueName":"search_term_string"}}],"inLanguage":"nb-NO"},{"@type":"Organization","@id":"https:\/\/redfoxlotto.com\/no\/#organization","name":"Get Tickets for the World\u2019s largest jackpots","url":"https:\/\/redfoxlotto.com\/no\/","logo":{"@type":"ImageObject","inLanguage":"nb-NO","@id":"https:\/\/redfoxlotto.com\/no\/#\/schema\/logo\/image\/","url":"https:\/\/redfoxlotto.com\/wp-content\/uploads\/2023\/04\/logo.png","contentUrl":"https:\/\/redfoxlotto.com\/wp-content\/uploads\/2023\/04\/logo.png","width":269,"height":53,"caption":"Get Tickets for the World\u2019s largest jackpots"},"image":{"@id":"https:\/\/redfoxlotto.com\/no\/#\/schema\/logo\/image\/"}}]}},"_links":{"self":[{"href":"https:\/\/redfoxlotto.com\/no\/wp-json\/wp\/v2\/pages\/60493","targetHints":{"allow":["GET"]}}],"collection":[{"href":"https:\/\/redfoxlotto.com\/no\/wp-json\/wp\/v2\/pages"}],"about":[{"href":"https:\/\/redfoxlotto.com\/no\/wp-json\/wp\/v2\/types\/page"}],"author":[{"embeddable":true,"href":"https:\/\/redfoxlotto.com\/no\/wp-json\/wp\/v2\/users\/1"}],"replies":[{"embeddable":true,"href":"https:\/\/redfoxlotto.com\/no\/wp-json\/wp\/v2\/comments?post=60493"}],"version-history":[{"count":0,"href":"https:\/\/redfoxlotto.com\/no\/wp-json\/wp\/v2\/pages\/60493\/revisions"}],"up":[{"embeddable":true,"href":"https:\/\/redfoxlotto.com\/no\/wp-json\/wp\/v2\/pages\/60261"}],"wp:attachment":[{"href":"https:\/\/redfoxlotto.com\/no\/wp-json\/wp\/v2\/media?parent=60493"}],"curies":[{"name":"wp","href":"https:\/\/api.w.org\/{rel}","templated":true}]}}