{"id":60479,"date":"2018-11-18T08:54:25","date_gmt":"2018-11-18T08:54:25","guid":{"rendered":"https:\/\/redfoxlotto.eu\/?page_id=60479"},"modified":"2023-06-01T09:38:14","modified_gmt":"2023-06-01T09:38:14","slug":"lotto-norge","status":"publish","type":"page","link":"https:\/\/redfoxlotto.com\/no\/lotterier\/lotto-norge\/","title":{"rendered":"Om det britiske lotteriet"},"content":{"rendered":"<p>Norsk Tipping er det st\u00f8rste nasjonale lotteriet i Norge, uten \u00e5 regne med paneuropeiske lotterier som Euromillions og Eurojackpot.<\/p>\n<p>I dag kan ogs\u00e5 lottospillere utenfor Norge v\u00e6re med i dette popul\u00e6re lotteriet. Oddsen er bedre enn i de fleste andre europeiske lotterier.<\/p>\n<p>Det norske lotteriet er, akkurat som navnet tilsier, det offisielle lotteriet i Storbritannia. I 1994, da spillet startet, var det kjent som det nasjonale lotteriet, men ble endret til lotto i 2002.<\/p>\n<p><img loading=\"lazy\" decoding=\"async\" class=\" wp-image alignright\" src=\"https:\/\/content.redfoxlotto.com\/uploads\/sites\/9\/1_winning_online_lottery.jpg\" alt=\"kj\u00f8p billett Norsk lotteri\" width=\"160\" height=\"160\" \/><\/p>\n<p>Det norske lotteriet er franchiset av regjeringen i Storbritannia, og lisensen til \u00e5 drive lotteriet ble gitt til en gruppe kjent som Camelot-gruppen, mens reguleringen av lotteriet gj\u00f8res av gamblingkommisjonen.<\/p>\n<p>Bare personer som er minst 16 \u00e5r gamle har lov til \u00e5 delta i det norske lotteriet. Selv om man kan kj\u00f8pe lodd p\u00e5 nettet fra det nasjonale lotteriets nettside, er det bare tilgjengelig for personer som oppfyller kriteriene ovenfor.<\/p>\n<p>For \u00e5 delta i det norske lotteriet m\u00e5 spillerne kj\u00f8pe en lottokupong og velge 6 tall fra et utvalg p\u00e5 59, og de har ogs\u00e5 muligheten til \u00e5 velge en lykketrekning der tallene velges tilfeldig for deg. Trekning skjer to ganger i uken hvor 6 tall velges tilfeldig, og et bonusnummer velges ogs\u00e5 blant de resterende 53. Hvis tallene p\u00e5 kupongen din stemmer n\u00f8yaktig overens med de 6 hovedtallene som trekkes, har du vunnet jackpotten.<\/p>\n<p><img decoding=\"async\" class=\" wp-image alignright\" src=\"https:\/\/content.redfoxlotto.com\/uploads\/sites\/9\/1_lotto_money_win.jpg\" alt=\"lodd Norsk lotteri\" \/><\/p>\n<p>Selv om kupongen din ikke stemmer overens med hele 6 tallene som er trukket ut, har du likevel en sjanse til \u00e5 vinne noe, ettersom det er premier for \u00e5 matche 2, 3, 4 eller 5 av tallene som er trukket ut, unntatt bonusnummeret.<\/p>\n<p>Den st\u00f8rste jackpoten som hittil er vunnet i norsk lotto, er gevinsten p\u00e5 161,6 millioner pund 12. juli 2011 av Collins Weir og hans kone. Sannsynligheten for \u00e5 vinne jackpotten i det norske lotteriet er 1:45 millioner.<\/p>\n<p>Kj\u00f8p lodd til det norske lotteriet n\u00e5!<\/p>\n","protected":false},"excerpt":{"rendered":"<p>Norsk Tipping er det st\u00f8rste nasjonale lotteriet i Norge, uten \u00e5 regne med paneuropeiske lotterier som Euromillions og Eurojackpot. I dag kan ogs\u00e5 lottospillere utenfor Norge v\u00e6re med i dette popul\u00e6re lotteriet. Oddsen er bedre enn i de fleste andre europeiske lotterier. Det norske lotteriet er, akkurat som navnet tilsier, det offisielle lotteriet i Storbritannia. [&hellip;]<\/p>\n","protected":false},"author":1,"featured_media":0,"parent":60261,"menu_order":9,"comment_status":"closed","ping_status":"closed","template":"lotto-uk-info.php","meta":{"_et_pb_use_builder":"","_et_pb_old_content":"","_et_gb_content_width":"","exclude_from_search":false,"footnotes":""},"class_list":["post-60479","page","type-page","status-publish","hentry"],"yoast_head":"<!-- This site is optimized with the Yoast SEO plugin v27.4 - https:\/\/yoast.com\/product\/yoast-seo-wordpress\/ -->\n<title>Det norske lotteriet | informasjon du trenger om det norske lotteriet.<\/title>\n<meta name=\"description\" content=\"Du har en bedre sjanse i det norske lotteriet bare ved \u00e5 kjenne til denne informasjonen om dem.\" \/>\n<meta name=\"robots\" content=\"index, follow, max-snippet:-1, max-image-preview:large, max-video-preview:-1\" \/>\n<link rel=\"canonical\" href=\"https:\/\/redfoxlotto.com\/no\/lotterier\/lotto-norge\/\" \/>\n<meta property=\"og:locale\" content=\"nb_NO\" \/>\n<meta property=\"og:type\" content=\"article\" \/>\n<meta property=\"og:title\" content=\"Det norske lotteriet | informasjon du trenger om det norske lotteriet.\" \/>\n<meta property=\"og:description\" content=\"Du har en bedre sjanse i det norske lotteriet bare ved \u00e5 kjenne til denne informasjonen om dem.\" \/>\n<meta property=\"og:url\" content=\"https:\/\/redfoxlotto.com\/no\/lotterier\/lotto-norge\/\" \/>\n<meta property=\"og:site_name\" content=\"Get Tickets for the World\u2019s largest jackpots\" \/>\n<meta property=\"article:modified_time\" content=\"2023-06-01T09:38:14+00:00\" \/>\n<meta property=\"og:image\" content=\"https:\/\/content.redfoxlotto.com\/uploads\/sites\/9\/1_winning_online_lottery.jpg\" \/>\n<meta name=\"twitter:card\" content=\"summary_large_image\" \/>\n<meta name=\"twitter:label1\" content=\"Ansl. lesetid\" \/>\n\t<meta name=\"twitter:data1\" content=\"2 minutter\" \/>\n<script type=\"application\/ld+json\" class=\"yoast-schema-graph\">{\"@context\":\"https:\\\/\\\/schema.org\",\"@graph\":[{\"@type\":\"WebPage\",\"@id\":\"https:\\\/\\\/redfoxlotto.com\\\/no\\\/lotterier\\\/lotto-norge\\\/\",\"url\":\"https:\\\/\\\/redfoxlotto.com\\\/no\\\/lotterier\\\/lotto-norge\\\/\",\"name\":\"Det norske lotteriet | informasjon du trenger om det norske lotteriet.\",\"isPartOf\":{\"@id\":\"https:\\\/\\\/redfoxlotto.com\\\/no\\\/#website\"},\"primaryImageOfPage\":{\"@id\":\"https:\\\/\\\/redfoxlotto.com\\\/no\\\/lotterier\\\/lotto-norge\\\/#primaryimage\"},\"image\":{\"@id\":\"https:\\\/\\\/redfoxlotto.com\\\/no\\\/lotterier\\\/lotto-norge\\\/#primaryimage\"},\"thumbnailUrl\":\"https:\\\/\\\/content.redfoxlotto.com\\\/uploads\\\/sites\\\/9\\\/1_winning_online_lottery.jpg\",\"datePublished\":\"2018-11-18T08:54:25+00:00\",\"dateModified\":\"2023-06-01T09:38:14+00:00\",\"description\":\"Du har en bedre sjanse i det norske lotteriet bare ved \u00e5 kjenne til denne informasjonen om dem.\",\"breadcrumb\":{\"@id\":\"https:\\\/\\\/redfoxlotto.com\\\/no\\\/lotterier\\\/lotto-norge\\\/#breadcrumb\"},\"inLanguage\":\"nb-NO\",\"potentialAction\":[{\"@type\":\"ReadAction\",\"target\":[\"https:\\\/\\\/redfoxlotto.com\\\/no\\\/lotterier\\\/lotto-norge\\\/\"]}]},{\"@type\":\"ImageObject\",\"inLanguage\":\"nb-NO\",\"@id\":\"https:\\\/\\\/redfoxlotto.com\\\/no\\\/lotterier\\\/lotto-norge\\\/#primaryimage\",\"url\":\"https:\\\/\\\/content.redfoxlotto.com\\\/uploads\\\/sites\\\/9\\\/1_winning_online_lottery.jpg\",\"contentUrl\":\"https:\\\/\\\/content.redfoxlotto.com\\\/uploads\\\/sites\\\/9\\\/1_winning_online_lottery.jpg\"},{\"@type\":\"BreadcrumbList\",\"@id\":\"https:\\\/\\\/redfoxlotto.com\\\/no\\\/lotterier\\\/lotto-norge\\\/#breadcrumb\",\"itemListElement\":[{\"@type\":\"ListItem\",\"position\":1,\"name\":\"Home\",\"item\":\"https:\\\/\\\/redfoxlotto.com\\\/no\\\/\"},{\"@type\":\"ListItem\",\"position\":2,\"name\":\"Hvordan kj\u00f8pe lodd p\u00e5 nettet &#8211; kj\u00f8psprosessen\",\"item\":\"https:\\\/\\\/redfoxlotto.com\\\/no\\\/lotterier\\\/\"},{\"@type\":\"ListItem\",\"position\":3,\"name\":\"Om det britiske lotteriet\"}]},{\"@type\":\"WebSite\",\"@id\":\"https:\\\/\\\/redfoxlotto.com\\\/no\\\/#website\",\"url\":\"https:\\\/\\\/redfoxlotto.com\\\/no\\\/\",\"name\":\"Get Tickets for the World\u2019s largest jackpots\",\"description\":\"Participate in worldwide lottery jackpots from any country\",\"publisher\":{\"@id\":\"https:\\\/\\\/redfoxlotto.com\\\/no\\\/#organization\"},\"potentialAction\":[{\"@type\":\"SearchAction\",\"target\":{\"@type\":\"EntryPoint\",\"urlTemplate\":\"https:\\\/\\\/redfoxlotto.com\\\/no\\\/?s={search_term_string}\"},\"query-input\":{\"@type\":\"PropertyValueSpecification\",\"valueRequired\":true,\"valueName\":\"search_term_string\"}}],\"inLanguage\":\"nb-NO\"},{\"@type\":\"Organization\",\"@id\":\"https:\\\/\\\/redfoxlotto.com\\\/no\\\/#organization\",\"name\":\"Get Tickets for the World\u2019s largest jackpots\",\"url\":\"https:\\\/\\\/redfoxlotto.com\\\/no\\\/\",\"logo\":{\"@type\":\"ImageObject\",\"inLanguage\":\"nb-NO\",\"@id\":\"https:\\\/\\\/redfoxlotto.com\\\/no\\\/#\\\/schema\\\/logo\\\/image\\\/\",\"url\":\"https:\\\/\\\/redfoxlotto.com\\\/wp-content\\\/uploads\\\/2023\\\/04\\\/logo.png\",\"contentUrl\":\"https:\\\/\\\/redfoxlotto.com\\\/wp-content\\\/uploads\\\/2023\\\/04\\\/logo.png\",\"width\":269,\"height\":53,\"caption\":\"Get Tickets for the World\u2019s largest jackpots\"},\"image\":{\"@id\":\"https:\\\/\\\/redfoxlotto.com\\\/no\\\/#\\\/schema\\\/logo\\\/image\\\/\"}}]}<\/script>\n<!-- \/ Yoast SEO plugin. -->","yoast_head_json":{"title":"Det norske lotteriet | informasjon du trenger om det norske lotteriet.","description":"Du har en bedre sjanse i det norske lotteriet bare ved \u00e5 kjenne til denne informasjonen om dem.","robots":{"index":"index","follow":"follow","max-snippet":"max-snippet:-1","max-image-preview":"max-image-preview:large","max-video-preview":"max-video-preview:-1"},"canonical":"https:\/\/redfoxlotto.com\/no\/lotterier\/lotto-norge\/","og_locale":"nb_NO","og_type":"article","og_title":"Det norske lotteriet | informasjon du trenger om det norske lotteriet.","og_description":"Du har en bedre sjanse i det norske lotteriet bare ved \u00e5 kjenne til denne informasjonen om dem.","og_url":"https:\/\/redfoxlotto.com\/no\/lotterier\/lotto-norge\/","og_site_name":"Get Tickets for the World\u2019s largest jackpots","article_modified_time":"2023-06-01T09:38:14+00:00","og_image":[{"url":"https:\/\/content.redfoxlotto.com\/uploads\/sites\/9\/1_winning_online_lottery.jpg","type":"","width":"","height":""}],"twitter_card":"summary_large_image","twitter_misc":{"Ansl. lesetid":"2 minutter"},"schema":{"@context":"https:\/\/schema.org","@graph":[{"@type":"WebPage","@id":"https:\/\/redfoxlotto.com\/no\/lotterier\/lotto-norge\/","url":"https:\/\/redfoxlotto.com\/no\/lotterier\/lotto-norge\/","name":"Det norske lotteriet | informasjon du trenger om det norske lotteriet.","isPartOf":{"@id":"https:\/\/redfoxlotto.com\/no\/#website"},"primaryImageOfPage":{"@id":"https:\/\/redfoxlotto.com\/no\/lotterier\/lotto-norge\/#primaryimage"},"image":{"@id":"https:\/\/redfoxlotto.com\/no\/lotterier\/lotto-norge\/#primaryimage"},"thumbnailUrl":"https:\/\/content.redfoxlotto.com\/uploads\/sites\/9\/1_winning_online_lottery.jpg","datePublished":"2018-11-18T08:54:25+00:00","dateModified":"2023-06-01T09:38:14+00:00","description":"Du har en bedre sjanse i det norske lotteriet bare ved \u00e5 kjenne til denne informasjonen om dem.","breadcrumb":{"@id":"https:\/\/redfoxlotto.com\/no\/lotterier\/lotto-norge\/#breadcrumb"},"inLanguage":"nb-NO","potentialAction":[{"@type":"ReadAction","target":["https:\/\/redfoxlotto.com\/no\/lotterier\/lotto-norge\/"]}]},{"@type":"ImageObject","inLanguage":"nb-NO","@id":"https:\/\/redfoxlotto.com\/no\/lotterier\/lotto-norge\/#primaryimage","url":"https:\/\/content.redfoxlotto.com\/uploads\/sites\/9\/1_winning_online_lottery.jpg","contentUrl":"https:\/\/content.redfoxlotto.com\/uploads\/sites\/9\/1_winning_online_lottery.jpg"},{"@type":"BreadcrumbList","@id":"https:\/\/redfoxlotto.com\/no\/lotterier\/lotto-norge\/#breadcrumb","itemListElement":[{"@type":"ListItem","position":1,"name":"Home","item":"https:\/\/redfoxlotto.com\/no\/"},{"@type":"ListItem","position":2,"name":"Hvordan kj\u00f8pe lodd p\u00e5 nettet &#8211; kj\u00f8psprosessen","item":"https:\/\/redfoxlotto.com\/no\/lotterier\/"},{"@type":"ListItem","position":3,"name":"Om det britiske lotteriet"}]},{"@type":"WebSite","@id":"https:\/\/redfoxlotto.com\/no\/#website","url":"https:\/\/redfoxlotto.com\/no\/","name":"Get Tickets for the World\u2019s largest jackpots","description":"Participate in worldwide lottery jackpots from any country","publisher":{"@id":"https:\/\/redfoxlotto.com\/no\/#organization"},"potentialAction":[{"@type":"SearchAction","target":{"@type":"EntryPoint","urlTemplate":"https:\/\/redfoxlotto.com\/no\/?s={search_term_string}"},"query-input":{"@type":"PropertyValueSpecification","valueRequired":true,"valueName":"search_term_string"}}],"inLanguage":"nb-NO"},{"@type":"Organization","@id":"https:\/\/redfoxlotto.com\/no\/#organization","name":"Get Tickets for the World\u2019s largest jackpots","url":"https:\/\/redfoxlotto.com\/no\/","logo":{"@type":"ImageObject","inLanguage":"nb-NO","@id":"https:\/\/redfoxlotto.com\/no\/#\/schema\/logo\/image\/","url":"https:\/\/redfoxlotto.com\/wp-content\/uploads\/2023\/04\/logo.png","contentUrl":"https:\/\/redfoxlotto.com\/wp-content\/uploads\/2023\/04\/logo.png","width":269,"height":53,"caption":"Get Tickets for the World\u2019s largest jackpots"},"image":{"@id":"https:\/\/redfoxlotto.com\/no\/#\/schema\/logo\/image\/"}}]}},"_links":{"self":[{"href":"https:\/\/redfoxlotto.com\/no\/wp-json\/wp\/v2\/pages\/60479","targetHints":{"allow":["GET"]}}],"collection":[{"href":"https:\/\/redfoxlotto.com\/no\/wp-json\/wp\/v2\/pages"}],"about":[{"href":"https:\/\/redfoxlotto.com\/no\/wp-json\/wp\/v2\/types\/page"}],"author":[{"embeddable":true,"href":"https:\/\/redfoxlotto.com\/no\/wp-json\/wp\/v2\/users\/1"}],"replies":[{"embeddable":true,"href":"https:\/\/redfoxlotto.com\/no\/wp-json\/wp\/v2\/comments?post=60479"}],"version-history":[{"count":0,"href":"https:\/\/redfoxlotto.com\/no\/wp-json\/wp\/v2\/pages\/60479\/revisions"}],"up":[{"embeddable":true,"href":"https:\/\/redfoxlotto.com\/no\/wp-json\/wp\/v2\/pages\/60261"}],"wp:attachment":[{"href":"https:\/\/redfoxlotto.com\/no\/wp-json\/wp\/v2\/media?parent=60479"}],"curies":[{"name":"wp","href":"https:\/\/api.w.org\/{rel}","templated":true}]}}