{"id":60459,"date":"2018-11-18T08:54:25","date_gmt":"2018-11-18T08:54:25","guid":{"rendered":"https:\/\/redfoxlotto.eu\/?page_id=60459"},"modified":"2023-05-29T19:04:12","modified_gmt":"2023-05-29T19:04:12","slug":"el-gordo-primitiva","status":"publish","type":"page","link":"https:\/\/redfoxlotto.com\/no\/lotterier\/el-gordo-primitiva\/","title":{"rendered":"Informasjon om El Gordo"},"content":{"rendered":"<p>Det spanske julelotteriet, eller Loteria de Navidad som det kalles p\u00e5 folkemunne, er et av de eldste lotteriene i verden, ettersom det har eksistert siden 1812 og har blitt arrangert hvert \u00e5r frem til i dag. Loteria de Navidad er det nest lengst sammenhengende lotteriet i verden, ettersom det har overlevd selv under borgerkrigen i Spania.<\/p>\n<p><img decoding=\"async\" class=\" wp-image alignright\" src=\"https:\/\/redfoxlotto.org\/wp-content\/uploads\/2023\/04\/powerball-draw-youtube1-300x300-1.jpg\" alt=\"kj\u00f8p El Gordo p\u00e5 nettet\" \/><\/p>\n<p>Ikke-spansktalende land antar ofte at El Gordo er navnet p\u00e5 lotteriet, men faktum er at El Gordo bare refererer til jackpotpremien eller bokstavelig talt den store premien.<\/p>\n<h2>El Gordo ukentlig trekning<\/h2>\n<p>Det er ogs\u00e5 en ukentlig trekning for El Gordo, og du kan kj\u00f8pe lodd til den her p\u00e5 RedFoxLotto.<\/p>\n<h2>Juleutgaven av El Gordo<\/h2>\n<p>Det spanske julelotteriet tilbyr en av de st\u00f8rste lotteripremiene i verden, ettersom spillerne har en sjanse til \u00e5 vinne opptil 2,5 milliarder euro i premier, mens jackpotpremien eller El Gordo ligger p\u00e5 4 millioner euro. Trekningen finner sted en gang i \u00e5ret like f\u00f8r jul, og den avholdes hver 22. desember.<\/p>\n<p>For \u00e5 spille i det spanske julelotteriet m\u00e5 du v\u00e6re 18 \u00e5r og eldre, og loddene har allerede en serie p\u00e5 5 tall p\u00e5trykt, slik at n\u00e5r trekningen er ferdig, kvalifiserer de loddene som inneholder vinnertallene som er trukket, til en premie i lotteriet. &laquo;El mayor premio es compartilo&raquo; er et slagord knyttet til det spanske julelotteriet, og den engelske<br \/>\noversettelsen er &laquo;den st\u00f8rste premien er \u00e5 dele&raquo;, og det er det som gj\u00f8r lotteriet spesielt. Serier av lodd inneholder ofte de samme tallene, slik at hvis det nummeret vinner, deles premiepengene mellom alle som har det nummeret. Under trekningen trekkes det ut en ball med et femsifret tall fra en pulje med andre tall, og hvert vinnertall har en premie knyttet til seg.<br \/>\n<img loading=\"lazy\" decoding=\"async\" class=\" wp-image alignright\" src=\"https:\/\/redfoxlotto.org\/wp-content\/uploads\/2023\/04\/lotto-online-495x329-1-282x300-1.jpg\" alt=\"El Gordo-billetter\" width=\"229\" height=\"152\" \/><br \/>\nDet spanske julelotteriet er n\u00e5 blitt en tradisjon for spanjolene, og hver jul pleier lotteriet \u00e5 bringe lykke til spanjolene som alle forventer \u00e5 vinne i det ber\u00f8mte Loteria de Navidad. Sjansene for \u00e5 vinne i El Gordo er faktisk h\u00f8ye sammenlignet med andre lotterier, da de ligger p\u00e5 1 av bare 100 000.<\/p>\n","protected":false},"excerpt":{"rendered":"<p>Det spanske julelotteriet, eller Loteria de Navidad som det kalles p\u00e5 folkemunne, er et av de eldste lotteriene i verden, ettersom det har eksistert siden 1812 og har blitt arrangert hvert \u00e5r frem til i dag. Loteria de Navidad er det nest lengst sammenhengende lotteriet i verden, ettersom det har overlevd selv under borgerkrigen i [&hellip;]<\/p>\n","protected":false},"author":1,"featured_media":0,"parent":60261,"menu_order":6,"comment_status":"closed","ping_status":"closed","template":"el-gordo-info.php","meta":{"_et_pb_use_builder":"","_et_pb_old_content":"","_et_gb_content_width":"","exclude_from_search":false,"footnotes":""},"class_list":["post-60459","page","type-page","status-publish","hentry"],"yoast_head":"<!-- This site is optimized with the Yoast SEO plugin v27.4 - https:\/\/yoast.com\/product\/yoast-seo-wordpress\/ -->\n<title>Spansk julelotto El Gordo | Kj\u00f8p billetter til El Gordo online<\/title>\n<meta name=\"description\" content=\"Sjekk denne informasjonen om El Gordo Loteria de Navidad, det spanske julelotteriet\" \/>\n<meta name=\"robots\" content=\"index, follow, max-snippet:-1, max-image-preview:large, max-video-preview:-1\" \/>\n<link rel=\"canonical\" href=\"https:\/\/redfoxlotto.com\/no\/lotterier\/el-gordo-primitiva\/\" \/>\n<meta property=\"og:locale\" content=\"nb_NO\" \/>\n<meta property=\"og:type\" content=\"article\" \/>\n<meta property=\"og:title\" content=\"Spansk julelotto El Gordo | Kj\u00f8p billetter til El Gordo online\" \/>\n<meta property=\"og:description\" content=\"Sjekk denne informasjonen om El Gordo Loteria de Navidad, det spanske julelotteriet\" \/>\n<meta property=\"og:url\" content=\"https:\/\/redfoxlotto.com\/no\/lotterier\/el-gordo-primitiva\/\" \/>\n<meta property=\"og:site_name\" content=\"Get Tickets for the World\u2019s largest jackpots\" \/>\n<meta property=\"article:modified_time\" content=\"2023-05-29T19:04:12+00:00\" \/>\n<meta property=\"og:image\" content=\"https:\/\/redfoxlotto.org\/wp-content\/uploads\/2023\/04\/powerball-draw-youtube1-300x300-1.jpg\" \/>\n<meta name=\"twitter:card\" content=\"summary_large_image\" \/>\n<meta name=\"twitter:label1\" content=\"Ansl. lesetid\" \/>\n\t<meta name=\"twitter:data1\" content=\"2 minutter\" \/>\n<script type=\"application\/ld+json\" class=\"yoast-schema-graph\">{\"@context\":\"https:\\\/\\\/schema.org\",\"@graph\":[{\"@type\":\"WebPage\",\"@id\":\"https:\\\/\\\/redfoxlotto.com\\\/no\\\/lotterier\\\/el-gordo-primitiva\\\/\",\"url\":\"https:\\\/\\\/redfoxlotto.com\\\/no\\\/lotterier\\\/el-gordo-primitiva\\\/\",\"name\":\"Spansk julelotto El Gordo | Kj\u00f8p billetter til El Gordo online\",\"isPartOf\":{\"@id\":\"https:\\\/\\\/redfoxlotto.com\\\/no\\\/#website\"},\"primaryImageOfPage\":{\"@id\":\"https:\\\/\\\/redfoxlotto.com\\\/no\\\/lotterier\\\/el-gordo-primitiva\\\/#primaryimage\"},\"image\":{\"@id\":\"https:\\\/\\\/redfoxlotto.com\\\/no\\\/lotterier\\\/el-gordo-primitiva\\\/#primaryimage\"},\"thumbnailUrl\":\"https:\\\/\\\/redfoxlotto.org\\\/wp-content\\\/uploads\\\/2023\\\/04\\\/powerball-draw-youtube1-300x300-1.jpg\",\"datePublished\":\"2018-11-18T08:54:25+00:00\",\"dateModified\":\"2023-05-29T19:04:12+00:00\",\"description\":\"Sjekk denne informasjonen om El Gordo Loteria de Navidad, det spanske julelotteriet\",\"breadcrumb\":{\"@id\":\"https:\\\/\\\/redfoxlotto.com\\\/no\\\/lotterier\\\/el-gordo-primitiva\\\/#breadcrumb\"},\"inLanguage\":\"nb-NO\",\"potentialAction\":[{\"@type\":\"ReadAction\",\"target\":[\"https:\\\/\\\/redfoxlotto.com\\\/no\\\/lotterier\\\/el-gordo-primitiva\\\/\"]}]},{\"@type\":\"ImageObject\",\"inLanguage\":\"nb-NO\",\"@id\":\"https:\\\/\\\/redfoxlotto.com\\\/no\\\/lotterier\\\/el-gordo-primitiva\\\/#primaryimage\",\"url\":\"https:\\\/\\\/redfoxlotto.org\\\/wp-content\\\/uploads\\\/2023\\\/04\\\/powerball-draw-youtube1-300x300-1.jpg\",\"contentUrl\":\"https:\\\/\\\/redfoxlotto.org\\\/wp-content\\\/uploads\\\/2023\\\/04\\\/powerball-draw-youtube1-300x300-1.jpg\"},{\"@type\":\"BreadcrumbList\",\"@id\":\"https:\\\/\\\/redfoxlotto.com\\\/no\\\/lotterier\\\/el-gordo-primitiva\\\/#breadcrumb\",\"itemListElement\":[{\"@type\":\"ListItem\",\"position\":1,\"name\":\"Home\",\"item\":\"https:\\\/\\\/redfoxlotto.com\\\/no\\\/\"},{\"@type\":\"ListItem\",\"position\":2,\"name\":\"Hvordan kj\u00f8pe lodd p\u00e5 nettet &#8211; kj\u00f8psprosessen\",\"item\":\"https:\\\/\\\/redfoxlotto.com\\\/no\\\/lotterier\\\/\"},{\"@type\":\"ListItem\",\"position\":3,\"name\":\"Informasjon om El Gordo\"}]},{\"@type\":\"WebSite\",\"@id\":\"https:\\\/\\\/redfoxlotto.com\\\/no\\\/#website\",\"url\":\"https:\\\/\\\/redfoxlotto.com\\\/no\\\/\",\"name\":\"Get Tickets for the World\u2019s largest jackpots\",\"description\":\"Participate in worldwide lottery jackpots from any country\",\"publisher\":{\"@id\":\"https:\\\/\\\/redfoxlotto.com\\\/no\\\/#organization\"},\"potentialAction\":[{\"@type\":\"SearchAction\",\"target\":{\"@type\":\"EntryPoint\",\"urlTemplate\":\"https:\\\/\\\/redfoxlotto.com\\\/no\\\/?s={search_term_string}\"},\"query-input\":{\"@type\":\"PropertyValueSpecification\",\"valueRequired\":true,\"valueName\":\"search_term_string\"}}],\"inLanguage\":\"nb-NO\"},{\"@type\":\"Organization\",\"@id\":\"https:\\\/\\\/redfoxlotto.com\\\/no\\\/#organization\",\"name\":\"Get Tickets for the World\u2019s largest jackpots\",\"url\":\"https:\\\/\\\/redfoxlotto.com\\\/no\\\/\",\"logo\":{\"@type\":\"ImageObject\",\"inLanguage\":\"nb-NO\",\"@id\":\"https:\\\/\\\/redfoxlotto.com\\\/no\\\/#\\\/schema\\\/logo\\\/image\\\/\",\"url\":\"https:\\\/\\\/redfoxlotto.com\\\/wp-content\\\/uploads\\\/2023\\\/04\\\/logo.png\",\"contentUrl\":\"https:\\\/\\\/redfoxlotto.com\\\/wp-content\\\/uploads\\\/2023\\\/04\\\/logo.png\",\"width\":269,\"height\":53,\"caption\":\"Get Tickets for the World\u2019s largest jackpots\"},\"image\":{\"@id\":\"https:\\\/\\\/redfoxlotto.com\\\/no\\\/#\\\/schema\\\/logo\\\/image\\\/\"}}]}<\/script>\n<!-- \/ Yoast SEO plugin. -->","yoast_head_json":{"title":"Spansk julelotto El Gordo | Kj\u00f8p billetter til El Gordo online","description":"Sjekk denne informasjonen om El Gordo Loteria de Navidad, det spanske julelotteriet","robots":{"index":"index","follow":"follow","max-snippet":"max-snippet:-1","max-image-preview":"max-image-preview:large","max-video-preview":"max-video-preview:-1"},"canonical":"https:\/\/redfoxlotto.com\/no\/lotterier\/el-gordo-primitiva\/","og_locale":"nb_NO","og_type":"article","og_title":"Spansk julelotto El Gordo | Kj\u00f8p billetter til El Gordo online","og_description":"Sjekk denne informasjonen om El Gordo Loteria de Navidad, det spanske julelotteriet","og_url":"https:\/\/redfoxlotto.com\/no\/lotterier\/el-gordo-primitiva\/","og_site_name":"Get Tickets for the World\u2019s largest jackpots","article_modified_time":"2023-05-29T19:04:12+00:00","og_image":[{"url":"https:\/\/redfoxlotto.org\/wp-content\/uploads\/2023\/04\/powerball-draw-youtube1-300x300-1.jpg","type":"","width":"","height":""}],"twitter_card":"summary_large_image","twitter_misc":{"Ansl. lesetid":"2 minutter"},"schema":{"@context":"https:\/\/schema.org","@graph":[{"@type":"WebPage","@id":"https:\/\/redfoxlotto.com\/no\/lotterier\/el-gordo-primitiva\/","url":"https:\/\/redfoxlotto.com\/no\/lotterier\/el-gordo-primitiva\/","name":"Spansk julelotto El Gordo | Kj\u00f8p billetter til El Gordo online","isPartOf":{"@id":"https:\/\/redfoxlotto.com\/no\/#website"},"primaryImageOfPage":{"@id":"https:\/\/redfoxlotto.com\/no\/lotterier\/el-gordo-primitiva\/#primaryimage"},"image":{"@id":"https:\/\/redfoxlotto.com\/no\/lotterier\/el-gordo-primitiva\/#primaryimage"},"thumbnailUrl":"https:\/\/redfoxlotto.org\/wp-content\/uploads\/2023\/04\/powerball-draw-youtube1-300x300-1.jpg","datePublished":"2018-11-18T08:54:25+00:00","dateModified":"2023-05-29T19:04:12+00:00","description":"Sjekk denne informasjonen om El Gordo Loteria de Navidad, det spanske julelotteriet","breadcrumb":{"@id":"https:\/\/redfoxlotto.com\/no\/lotterier\/el-gordo-primitiva\/#breadcrumb"},"inLanguage":"nb-NO","potentialAction":[{"@type":"ReadAction","target":["https:\/\/redfoxlotto.com\/no\/lotterier\/el-gordo-primitiva\/"]}]},{"@type":"ImageObject","inLanguage":"nb-NO","@id":"https:\/\/redfoxlotto.com\/no\/lotterier\/el-gordo-primitiva\/#primaryimage","url":"https:\/\/redfoxlotto.org\/wp-content\/uploads\/2023\/04\/powerball-draw-youtube1-300x300-1.jpg","contentUrl":"https:\/\/redfoxlotto.org\/wp-content\/uploads\/2023\/04\/powerball-draw-youtube1-300x300-1.jpg"},{"@type":"BreadcrumbList","@id":"https:\/\/redfoxlotto.com\/no\/lotterier\/el-gordo-primitiva\/#breadcrumb","itemListElement":[{"@type":"ListItem","position":1,"name":"Home","item":"https:\/\/redfoxlotto.com\/no\/"},{"@type":"ListItem","position":2,"name":"Hvordan kj\u00f8pe lodd p\u00e5 nettet &#8211; kj\u00f8psprosessen","item":"https:\/\/redfoxlotto.com\/no\/lotterier\/"},{"@type":"ListItem","position":3,"name":"Informasjon om El Gordo"}]},{"@type":"WebSite","@id":"https:\/\/redfoxlotto.com\/no\/#website","url":"https:\/\/redfoxlotto.com\/no\/","name":"Get Tickets for the World\u2019s largest jackpots","description":"Participate in worldwide lottery jackpots from any country","publisher":{"@id":"https:\/\/redfoxlotto.com\/no\/#organization"},"potentialAction":[{"@type":"SearchAction","target":{"@type":"EntryPoint","urlTemplate":"https:\/\/redfoxlotto.com\/no\/?s={search_term_string}"},"query-input":{"@type":"PropertyValueSpecification","valueRequired":true,"valueName":"search_term_string"}}],"inLanguage":"nb-NO"},{"@type":"Organization","@id":"https:\/\/redfoxlotto.com\/no\/#organization","name":"Get Tickets for the World\u2019s largest jackpots","url":"https:\/\/redfoxlotto.com\/no\/","logo":{"@type":"ImageObject","inLanguage":"nb-NO","@id":"https:\/\/redfoxlotto.com\/no\/#\/schema\/logo\/image\/","url":"https:\/\/redfoxlotto.com\/wp-content\/uploads\/2023\/04\/logo.png","contentUrl":"https:\/\/redfoxlotto.com\/wp-content\/uploads\/2023\/04\/logo.png","width":269,"height":53,"caption":"Get Tickets for the World\u2019s largest jackpots"},"image":{"@id":"https:\/\/redfoxlotto.com\/no\/#\/schema\/logo\/image\/"}}]}},"_links":{"self":[{"href":"https:\/\/redfoxlotto.com\/no\/wp-json\/wp\/v2\/pages\/60459","targetHints":{"allow":["GET"]}}],"collection":[{"href":"https:\/\/redfoxlotto.com\/no\/wp-json\/wp\/v2\/pages"}],"about":[{"href":"https:\/\/redfoxlotto.com\/no\/wp-json\/wp\/v2\/types\/page"}],"author":[{"embeddable":true,"href":"https:\/\/redfoxlotto.com\/no\/wp-json\/wp\/v2\/users\/1"}],"replies":[{"embeddable":true,"href":"https:\/\/redfoxlotto.com\/no\/wp-json\/wp\/v2\/comments?post=60459"}],"version-history":[{"count":0,"href":"https:\/\/redfoxlotto.com\/no\/wp-json\/wp\/v2\/pages\/60459\/revisions"}],"up":[{"embeddable":true,"href":"https:\/\/redfoxlotto.com\/no\/wp-json\/wp\/v2\/pages\/60261"}],"wp:attachment":[{"href":"https:\/\/redfoxlotto.com\/no\/wp-json\/wp\/v2\/media?parent=60459"}],"curies":[{"name":"wp","href":"https:\/\/api.w.org\/{rel}","templated":true}]}}