{"id":60443,"date":"2018-11-18T08:54:25","date_gmt":"2018-11-18T08:54:25","guid":{"rendered":"https:\/\/redfoxlotto.eu\/?page_id=60443"},"modified":"2023-05-29T18:46:23","modified_gmt":"2023-05-29T18:46:23","slug":"superenalotto","status":"publish","type":"page","link":"https:\/\/redfoxlotto.com\/no\/lotterier\/superenalotto\/","title":{"rendered":"Om SuperEnalotto"},"content":{"rendered":"<p>Denne lotto fra Italia ble introdusert som &laquo;EnaLotto&raquo; p\u00e5 50-tallet og senere omd\u00f8pt til SuperEnaLotto. Den h\u00f8yeste registrerte gevinsten i Superenalotto var \u20ac 177 729 043,16.<br \/>\n<img decoding=\"async\" class=\" wp-image alignright\" src=\"https:\/\/redfoxlotto.org\/wp-content\/uploads\/2023\/04\/powerball-draw-youtube1-300x300-1.jpg\" alt=\"Superenalotto spille online\" \/><\/p>\n<p>Dette lotteriet har tre trekninger per uke &#8211; hver tirsdag, torsdag og l\u00f8rdag.<\/p>\n<h2>SuperEnalotto over hele verden<\/h2>\n<p>Frem til introduksjonen av Eurojackpot var Superenalotto dronningen av europeiske lotterier. I dag spilles det ikke bare i Italia, men ogs\u00e5 online av spillere fra andre land.<\/p>\n<h2>Slik kj\u00f8per du Superenalotto-lodd p\u00e5 nettet<\/h2>\n<p>Prosessen med \u00e5 kj\u00f8pe Superenalotto-lodd p\u00e5 nettet er veldig enkel. Nettstedet v\u00e5rt vil veilede deg gjennom kj\u00f8p av billett og betaling.<\/p>\n<p>N\u00e5r du er klar til \u00e5 kj\u00f8pe billetten din online, kan du gj\u00f8re det p\u00e5 to forskjellige m\u00e5ter:<\/p>\n<ul>\n<li>Start med \u00e5 registrere en konto hos RedFoxLotto (ikke glem \u00e5 klikke p\u00e5 lenken i bekreftelses-e-posten vi sender deg!) og sett deretter inn penger p\u00e5 kontoen din f\u00f8rst. N\u00e5 som du har penger p\u00e5 kontoen din, kan du velge et lotteri, velge tall og betale med saldoen p\u00e5 kontoen din. Denne metoden er ideell hvis du vil kj\u00f8pe noen lodd p\u00e5 nettet i dag og komme tilbake for \u00e5 kj\u00f8pe flere lodd senere.<\/li>\n<\/ul>\n<p>Eller:<\/p>\n<ul>\n<li>Velg et lotteri f\u00f8rst, og velg deretter tallene dine. Legg til flere lotterier og flere lodd hvis du vil. Klikk deretter p\u00e5 knappen &laquo;betal n\u00e5&raquo;. Deretter vil du se p\u00e5loggingsskjermen. Siden du ikke har en konto enn\u00e5, m\u00e5 du opprette en ved \u00e5 klikke p\u00e5 knappen &laquo;Registrer deg&raquo;. N\u00e5r du har registrert og bekreftet den nye kontoen din, ser du etter handlekurvsymbolet og klikker p\u00e5 det. Deretter betaler du p\u00e5 nettet med den metoden som passer best for deg.<\/li>\n<\/ul>\n<p><img loading=\"lazy\" decoding=\"async\" class=\" wp-image alignright\" src=\"https:\/\/redfoxlotto.org\/wp-content\/uploads\/2023\/04\/lotto-online-495x329-1-282x300-1.jpg\" alt=\"vinn Superenalotto\" width=\"229\" height=\"152\" \/><br \/>\nS\u00f8rg for at du fullf\u00f8rer alle n\u00f8dvendige trinn for betalingen. N\u00e5r du har kj\u00f8pt billettene dine, f\u00e5r du en e-postbekreftelse. Etter det er alt du trenger \u00e5 gj\u00f8re \u00e5 vente p\u00e5 trekningen for \u00e5 se om du har vunnet!<\/p>\n<h2>Reglene for SuperEnalotto<\/h2>\n<p>SuperEnaLotto er et 6 av 90 spill, uten tilleggstall. Ved \u00e5 treffe 6 tall vinner du jackpoten. Hvis du har minst 3 riktige tall, er du kvalifisert for en av de lavere premiene.<\/p>\n","protected":false},"excerpt":{"rendered":"<p>Denne lotto fra Italia ble introdusert som &laquo;EnaLotto&raquo; p\u00e5 50-tallet og senere omd\u00f8pt til SuperEnaLotto. Den h\u00f8yeste registrerte gevinsten i Superenalotto var \u20ac 177 729 043,16. Dette lotteriet har tre trekninger per uke &#8211; hver tirsdag, torsdag og l\u00f8rdag. SuperEnalotto over hele verden Frem til introduksjonen av Eurojackpot var Superenalotto dronningen av europeiske lotterier. I [&hellip;]<\/p>\n","protected":false},"author":1,"featured_media":0,"parent":60261,"menu_order":5,"comment_status":"closed","ping_status":"closed","template":"superenalotto-info.php","meta":{"_et_pb_use_builder":"","_et_pb_old_content":"","_et_gb_content_width":"","exclude_from_search":false,"footnotes":""},"class_list":["post-60443","page","type-page","status-publish","hentry"],"yoast_head":"<!-- This site is optimized with the Yoast SEO plugin v23.8 - https:\/\/yoast.com\/wordpress\/plugins\/seo\/ -->\n<title>Kj\u00f8p billetter til Superenalotto online | Du kan ogs\u00e5 vinne p\u00e5 Superenalotto<\/title>\n<meta name=\"description\" content=\"Selv om du ikke bor i Italia, kan du kj\u00f8pe billetter til Superenalotto p\u00e5 nettet n\u00e5!\" \/>\n<meta name=\"robots\" content=\"index, follow, max-snippet:-1, max-image-preview:large, max-video-preview:-1\" \/>\n<link rel=\"canonical\" href=\"https:\/\/redfoxlotto.com\/no\/lotterier\/superenalotto\/\" \/>\n<meta property=\"og:locale\" content=\"nb_NO\" \/>\n<meta property=\"og:type\" content=\"article\" \/>\n<meta property=\"og:title\" content=\"Kj\u00f8p billetter til Superenalotto online | Du kan ogs\u00e5 vinne p\u00e5 Superenalotto\" \/>\n<meta property=\"og:description\" content=\"Selv om du ikke bor i Italia, kan du kj\u00f8pe billetter til Superenalotto p\u00e5 nettet n\u00e5!\" \/>\n<meta property=\"og:url\" content=\"https:\/\/redfoxlotto.com\/no\/lotterier\/superenalotto\/\" \/>\n<meta property=\"og:site_name\" content=\"Get Tickets for the World\u2019s largest jackpots\" \/>\n<meta property=\"article:modified_time\" content=\"2023-05-29T18:46:23+00:00\" \/>\n<meta property=\"og:image\" content=\"https:\/\/redfoxlotto.org\/wp-content\/uploads\/2023\/04\/powerball-draw-youtube1-300x300-1.jpg\" \/>\n<meta name=\"twitter:card\" content=\"summary_large_image\" \/>\n<meta name=\"twitter:label1\" content=\"Ansl. lesetid\" \/>\n\t<meta name=\"twitter:data1\" content=\"2 minutter\" \/>\n<script type=\"application\/ld+json\" class=\"yoast-schema-graph\">{\"@context\":\"https:\/\/schema.org\",\"@graph\":[{\"@type\":\"WebPage\",\"@id\":\"https:\/\/redfoxlotto.com\/no\/lotterier\/superenalotto\/\",\"url\":\"https:\/\/redfoxlotto.com\/no\/lotterier\/superenalotto\/\",\"name\":\"Kj\u00f8p billetter til Superenalotto online | Du kan ogs\u00e5 vinne p\u00e5 Superenalotto\",\"isPartOf\":{\"@id\":\"https:\/\/redfoxlotto.com\/no\/#website\"},\"primaryImageOfPage\":{\"@id\":\"https:\/\/redfoxlotto.com\/no\/lotterier\/superenalotto\/#primaryimage\"},\"image\":{\"@id\":\"https:\/\/redfoxlotto.com\/no\/lotterier\/superenalotto\/#primaryimage\"},\"thumbnailUrl\":\"https:\/\/redfoxlotto.org\/wp-content\/uploads\/2023\/04\/powerball-draw-youtube1-300x300-1.jpg\",\"datePublished\":\"2018-11-18T08:54:25+00:00\",\"dateModified\":\"2023-05-29T18:46:23+00:00\",\"description\":\"Selv om du ikke bor i Italia, kan du kj\u00f8pe billetter til Superenalotto p\u00e5 nettet n\u00e5!\",\"breadcrumb\":{\"@id\":\"https:\/\/redfoxlotto.com\/no\/lotterier\/superenalotto\/#breadcrumb\"},\"inLanguage\":\"nb-NO\",\"potentialAction\":[{\"@type\":\"ReadAction\",\"target\":[\"https:\/\/redfoxlotto.com\/no\/lotterier\/superenalotto\/\"]}]},{\"@type\":\"ImageObject\",\"inLanguage\":\"nb-NO\",\"@id\":\"https:\/\/redfoxlotto.com\/no\/lotterier\/superenalotto\/#primaryimage\",\"url\":\"https:\/\/redfoxlotto.org\/wp-content\/uploads\/2023\/04\/powerball-draw-youtube1-300x300-1.jpg\",\"contentUrl\":\"https:\/\/redfoxlotto.org\/wp-content\/uploads\/2023\/04\/powerball-draw-youtube1-300x300-1.jpg\"},{\"@type\":\"BreadcrumbList\",\"@id\":\"https:\/\/redfoxlotto.com\/no\/lotterier\/superenalotto\/#breadcrumb\",\"itemListElement\":[{\"@type\":\"ListItem\",\"position\":1,\"name\":\"Home\",\"item\":\"https:\/\/redfoxlotto.com\/no\/\"},{\"@type\":\"ListItem\",\"position\":2,\"name\":\"Hvordan kj\u00f8pe lodd p\u00e5 nettet &#8211; kj\u00f8psprosessen\",\"item\":\"https:\/\/redfoxlotto.com\/no\/lotterier\/\"},{\"@type\":\"ListItem\",\"position\":3,\"name\":\"Om SuperEnalotto\"}]},{\"@type\":\"WebSite\",\"@id\":\"https:\/\/redfoxlotto.com\/no\/#website\",\"url\":\"https:\/\/redfoxlotto.com\/no\/\",\"name\":\"Get Tickets for the World\u2019s largest jackpots\",\"description\":\"Participate in worldwide lottery jackpots from any country\",\"publisher\":{\"@id\":\"https:\/\/redfoxlotto.com\/no\/#organization\"},\"potentialAction\":[{\"@type\":\"SearchAction\",\"target\":{\"@type\":\"EntryPoint\",\"urlTemplate\":\"https:\/\/redfoxlotto.com\/no\/?s={search_term_string}\"},\"query-input\":{\"@type\":\"PropertyValueSpecification\",\"valueRequired\":true,\"valueName\":\"search_term_string\"}}],\"inLanguage\":\"nb-NO\"},{\"@type\":\"Organization\",\"@id\":\"https:\/\/redfoxlotto.com\/no\/#organization\",\"name\":\"Get Tickets for the World\u2019s largest jackpots\",\"url\":\"https:\/\/redfoxlotto.com\/no\/\",\"logo\":{\"@type\":\"ImageObject\",\"inLanguage\":\"nb-NO\",\"@id\":\"https:\/\/redfoxlotto.com\/no\/#\/schema\/logo\/image\/\",\"url\":\"https:\/\/redfoxlotto.com\/wp-content\/uploads\/2023\/04\/logo.png\",\"contentUrl\":\"https:\/\/redfoxlotto.com\/wp-content\/uploads\/2023\/04\/logo.png\",\"width\":269,\"height\":53,\"caption\":\"Get Tickets for the World\u2019s largest jackpots\"},\"image\":{\"@id\":\"https:\/\/redfoxlotto.com\/no\/#\/schema\/logo\/image\/\"}}]}<\/script>\n<!-- \/ Yoast SEO plugin. -->","yoast_head_json":{"title":"Kj\u00f8p billetter til Superenalotto online | Du kan ogs\u00e5 vinne p\u00e5 Superenalotto","description":"Selv om du ikke bor i Italia, kan du kj\u00f8pe billetter til Superenalotto p\u00e5 nettet n\u00e5!","robots":{"index":"index","follow":"follow","max-snippet":"max-snippet:-1","max-image-preview":"max-image-preview:large","max-video-preview":"max-video-preview:-1"},"canonical":"https:\/\/redfoxlotto.com\/no\/lotterier\/superenalotto\/","og_locale":"nb_NO","og_type":"article","og_title":"Kj\u00f8p billetter til Superenalotto online | Du kan ogs\u00e5 vinne p\u00e5 Superenalotto","og_description":"Selv om du ikke bor i Italia, kan du kj\u00f8pe billetter til Superenalotto p\u00e5 nettet n\u00e5!","og_url":"https:\/\/redfoxlotto.com\/no\/lotterier\/superenalotto\/","og_site_name":"Get Tickets for the World\u2019s largest jackpots","article_modified_time":"2023-05-29T18:46:23+00:00","og_image":[{"url":"https:\/\/redfoxlotto.org\/wp-content\/uploads\/2023\/04\/powerball-draw-youtube1-300x300-1.jpg"}],"twitter_card":"summary_large_image","twitter_misc":{"Ansl. lesetid":"2 minutter"},"schema":{"@context":"https:\/\/schema.org","@graph":[{"@type":"WebPage","@id":"https:\/\/redfoxlotto.com\/no\/lotterier\/superenalotto\/","url":"https:\/\/redfoxlotto.com\/no\/lotterier\/superenalotto\/","name":"Kj\u00f8p billetter til Superenalotto online | Du kan ogs\u00e5 vinne p\u00e5 Superenalotto","isPartOf":{"@id":"https:\/\/redfoxlotto.com\/no\/#website"},"primaryImageOfPage":{"@id":"https:\/\/redfoxlotto.com\/no\/lotterier\/superenalotto\/#primaryimage"},"image":{"@id":"https:\/\/redfoxlotto.com\/no\/lotterier\/superenalotto\/#primaryimage"},"thumbnailUrl":"https:\/\/redfoxlotto.org\/wp-content\/uploads\/2023\/04\/powerball-draw-youtube1-300x300-1.jpg","datePublished":"2018-11-18T08:54:25+00:00","dateModified":"2023-05-29T18:46:23+00:00","description":"Selv om du ikke bor i Italia, kan du kj\u00f8pe billetter til Superenalotto p\u00e5 nettet n\u00e5!","breadcrumb":{"@id":"https:\/\/redfoxlotto.com\/no\/lotterier\/superenalotto\/#breadcrumb"},"inLanguage":"nb-NO","potentialAction":[{"@type":"ReadAction","target":["https:\/\/redfoxlotto.com\/no\/lotterier\/superenalotto\/"]}]},{"@type":"ImageObject","inLanguage":"nb-NO","@id":"https:\/\/redfoxlotto.com\/no\/lotterier\/superenalotto\/#primaryimage","url":"https:\/\/redfoxlotto.org\/wp-content\/uploads\/2023\/04\/powerball-draw-youtube1-300x300-1.jpg","contentUrl":"https:\/\/redfoxlotto.org\/wp-content\/uploads\/2023\/04\/powerball-draw-youtube1-300x300-1.jpg"},{"@type":"BreadcrumbList","@id":"https:\/\/redfoxlotto.com\/no\/lotterier\/superenalotto\/#breadcrumb","itemListElement":[{"@type":"ListItem","position":1,"name":"Home","item":"https:\/\/redfoxlotto.com\/no\/"},{"@type":"ListItem","position":2,"name":"Hvordan kj\u00f8pe lodd p\u00e5 nettet &#8211; kj\u00f8psprosessen","item":"https:\/\/redfoxlotto.com\/no\/lotterier\/"},{"@type":"ListItem","position":3,"name":"Om SuperEnalotto"}]},{"@type":"WebSite","@id":"https:\/\/redfoxlotto.com\/no\/#website","url":"https:\/\/redfoxlotto.com\/no\/","name":"Get Tickets for the World\u2019s largest jackpots","description":"Participate in worldwide lottery jackpots from any country","publisher":{"@id":"https:\/\/redfoxlotto.com\/no\/#organization"},"potentialAction":[{"@type":"SearchAction","target":{"@type":"EntryPoint","urlTemplate":"https:\/\/redfoxlotto.com\/no\/?s={search_term_string}"},"query-input":{"@type":"PropertyValueSpecification","valueRequired":true,"valueName":"search_term_string"}}],"inLanguage":"nb-NO"},{"@type":"Organization","@id":"https:\/\/redfoxlotto.com\/no\/#organization","name":"Get Tickets for the World\u2019s largest jackpots","url":"https:\/\/redfoxlotto.com\/no\/","logo":{"@type":"ImageObject","inLanguage":"nb-NO","@id":"https:\/\/redfoxlotto.com\/no\/#\/schema\/logo\/image\/","url":"https:\/\/redfoxlotto.com\/wp-content\/uploads\/2023\/04\/logo.png","contentUrl":"https:\/\/redfoxlotto.com\/wp-content\/uploads\/2023\/04\/logo.png","width":269,"height":53,"caption":"Get Tickets for the World\u2019s largest jackpots"},"image":{"@id":"https:\/\/redfoxlotto.com\/no\/#\/schema\/logo\/image\/"}}]}},"_links":{"self":[{"href":"https:\/\/redfoxlotto.com\/no\/wp-json\/wp\/v2\/pages\/60443","targetHints":{"allow":["GET"]}}],"collection":[{"href":"https:\/\/redfoxlotto.com\/no\/wp-json\/wp\/v2\/pages"}],"about":[{"href":"https:\/\/redfoxlotto.com\/no\/wp-json\/wp\/v2\/types\/page"}],"author":[{"embeddable":true,"href":"https:\/\/redfoxlotto.com\/no\/wp-json\/wp\/v2\/users\/1"}],"replies":[{"embeddable":true,"href":"https:\/\/redfoxlotto.com\/no\/wp-json\/wp\/v2\/comments?post=60443"}],"version-history":[{"count":0,"href":"https:\/\/redfoxlotto.com\/no\/wp-json\/wp\/v2\/pages\/60443\/revisions"}],"up":[{"embeddable":true,"href":"https:\/\/redfoxlotto.com\/no\/wp-json\/wp\/v2\/pages\/60261"}],"wp:attachment":[{"href":"https:\/\/redfoxlotto.com\/no\/wp-json\/wp\/v2\/media?parent=60443"}],"curies":[{"name":"wp","href":"https:\/\/api.w.org\/{rel}","templated":true}]}}