{"id":60424,"date":"2018-11-18T08:54:25","date_gmt":"2018-11-18T08:54:25","guid":{"rendered":"https:\/\/redfoxlotto.eu\/?page_id=60424"},"modified":"2025-12-18T13:57:24","modified_gmt":"2025-12-18T13:57:24","slug":"eurojackpot","status":"publish","type":"page","link":"https:\/\/redfoxlotto.com\/no\/lotterier\/eurojackpot\/","title":{"rendered":"Om Eurojackpot"},"content":{"rendered":"<p><script type=\"application\/ld+json\">\n{\n  \"@context\": \"https:\/\/schema.org\",\n  \"@type\": \"Service\",\n  \"name\": \"Spill Eurojackpot p\u00e5 nett\",\n  \"url\": \"https:\/\/redfoxlotto.com\/no\/lotteries\/eurojackpot\/\",\n  \"description\": \"Kj\u00f8p offisielle Eurojackpot-lotteribilletter p\u00e5 nett fra hvilket som helst land. Bes\u00f8k RedFoxLotto, velg dine tall og bli med i neste trekning.\",\n  \"serviceType\": \"Online lotteribilletformidlingstjeneste\",<\/p>\n<p>  \"provider\": {\n    \"@type\": \"Organization\",\n    \"name\": \"RedFoxLotto\",\n    \"url\": \"https:\/\/redfoxlotto.com\/no\",\n    \"image\": \"https:\/\/redfoxlotto.com\/no\/wp-content\/uploads\/2025\/12\/ticket_scans.jpg\",\n    \"sameAs\": []\n  },<\/p>\n<p>  \"areaServed\": \"Worldwide\",\n  \"termsOfService\": \"https:\/\/redfoxlotto.com\/terms-and-conditions\",<\/p>\n<p>  \"additionalProperty\": {\n    \"@type\": \"PropertyValue\",\n    \"name\": \"FAQ\",\n    \"value\": \"https:\/\/redfoxlotto.com\/no\/faq\/\"\n  },<\/p>\n<p>  \"hasOfferCatalog\": {\n    \"@type\": \"OfferCatalog\",\n    \"name\": \"Eurojackpot-lotteribilletter\",\n    \"itemListElement\": [\n      {\n        \"@type\": \"Offer\",\n        \"name\": \"Eurojackpot-lotteribilletter\",\n        \"url\": \"https:\/\/redfoxlotto.com\/no\/lotteries\/eurojackpot\",\n        \"description\": \"Kj\u00f8p ekte billetter p\u00e5 nett for neste Eurojackpot-trekning via RedFoxLotto.\",\n        \"price\": \"6.00\",\n        \"priceCurrency\": \"\u20ac\",\n        \"availability\": \"https:\/\/schema.org\/InStock\",<\/p>\n<p>        \"itemOffered\": {\n          \"@type\": \"Service\",\n          \"name\": \"Eurojackpot-lotteribilletter\",\n          \"description\": \"Delta i neste Eurojackpot-trekning \u2013 kj\u00f8p billetter p\u00e5 nett via RedFoxLotto.\"\n        }\n      }\n    ]\n  },<\/p>\n<p>  \"mainEntityOfPage\": {\n    \"@type\": \"WebPage\",\n    \"@id\": \"https:\/\/redfoxlotto.com\/no\/lotteries\/eurojackpot\/\"\n  }\n}\n<\/script><\/p>\n<p>Eurojackpot har eksistert siden 2012 og har bare blitt mer og mer popul\u00e6rt siden den gang. En av grunnene til dette er at den definitivt har begynt \u00e5 ta seg opp n\u00e5r det gjelder jackpotter, og at du faktisk kan vinne en anstendig sum penger (vi skal snakke mer om det senere).<\/p>\n<p>Billetter kan kj\u00f8pes i 17 deltakende europeiske land, noe som gj\u00f8r det veldig bra for de landene som allerede er innenfor denne regionen.<\/p>\n<p>Men hva med folk som bor i Norge &#8211; kan de ikke bare g\u00e5 til en butikk for \u00e5 kj\u00f8pe Eurojackpot-lodd? Hvis du bor i Norge, er det online-kj\u00f8p som gjelder. Du kan ogs\u00e5 kj\u00f8pe loddene dine online hos oss hvis du ikke bor i et av disse europeiske landene.<\/p>\n<h2>Jackpotten<\/h2>\n<p>Eurojackpot-lotteriet har en minste jackpot p\u00e5 \u20ac 10 000 000. Det kommer definitivt til \u00e5 v\u00e6re en stor fordel for deg og utgj\u00f8re en stor forskjell i livet ditt, ikke sant? Vel, du kommer definitivt ikke til \u00e5 ha noe problem med \u00e5 skaffe deg noen virkelig kule ting med de pengene eller betale ned gjeld eller noe annet. Men det er bare et minimum. Bel\u00f8pet kan bli mye st\u00f8rre. Faktisk kan den maksimale utbetalingen komme opp i 120 000 000 euro. Det blir virkelig et enormt bel\u00f8p og en stor forskjell i livet ditt, men hva om ingen vinner? Alle bel\u00f8p utover dette vil bli overf\u00f8rt til andrepremieklassen.<\/p>\n<p>Det betyr at du kommer til \u00e5 ha muligheten til \u00e5 vinne den gigantiske jackpoten helt til den n\u00e5r denne grensen. Deretter vil du se at det nest h\u00f8yeste bel\u00f8pet begynner \u00e5 stige og stige. Det betyr at du kan ende opp med en enorm jackpot selv om du treffer f\u00e6rre tall, fordi den nest h\u00f8yeste premien blir en virkelig god bonus og en ny sjanse til \u00e5 vinne stort.<\/p>\n<h2>Reglene for Eurojackpot<\/h2>\n<p>Hvis du \u00f8nsker \u00e5 spille Eurojackpot fra Norge, m\u00e5 du s\u00f8rge for at du har den riktige prosessen for \u00e5 gj\u00f8re det. Du vil v\u00e6re sikker p\u00e5 at du spiller spillet riktig og at kupongen din er valgt p\u00e5 riktig m\u00e5te. Da er du heldig, for disse loddene er superenkle \u00e5 velge ut, og du vil ikke ha noe problem med \u00e5 velge akkurat det du vil ha.<\/p>\n<p>Du velger 5 hovedtall mellom 1 og 50 og deretter to tilleggstall mellom 1 og 12. S\u00e5, de 5 hovedtallene kommer fortsatt til \u00e5 gi deg en premie selv om du ikke matcher tilleggstallene eller stjernetallene. Det er 12 premieniv\u00e5er.<img decoding=\"async\" class=\" wp-image alignright\" src=\"https:\/\/content.redfoxlotto.com\/uploads\/sites\/9\/1_ticket_eurojackpot2.jpg\" alt=\"eurojackpot\" \/><\/p>\n<p>Dette betyr at det finnes en rekke forskjellige kombinasjoner av samsvarende tall som du kan ha, og disse vil gi deg en eller annen form for premie. Du vinner kanskje bare nok til \u00e5 dekke billettprisen, men du kan ogs\u00e5 vinne millioner uten \u00e5 m\u00e5tte treffe alt.<\/p>\n<p>For \u00e5 vinne hovedpremien m\u00e5 du selvf\u00f8lgelig ha alle de 5 hovedtallene og de 2 tilleggstallene riktige. Dette kommer til \u00e5 bli komplisert, og det kommer til \u00e5 v\u00e6re en veldig sjelden ting, men det er definitivt mulig. Tross alt, noen kommer til \u00e5 vinne den, ikke sant?<\/p>\n<p>Hvorfor kan det ikke v\u00e6re deg? Vi tror at det absolutt kan v\u00e6re det, og alt du trenger \u00e5 gj\u00f8re er \u00e5 ta en titt p\u00e5 prosessen med \u00e5 velge ut billetten din og deretter gj\u00f8re deg klar til \u00e5 kj\u00f8pe.<\/p>\n<h2>Kj\u00f8pe Eurojackpot-lodd<\/h2>\n<p>Hvis du er klar til \u00e5 spille Eurojackpot online, er du klar til \u00e5 ta en titt p\u00e5 systemet og nettstedet v\u00e5rt. Alt du trenger \u00e5 gj\u00f8re er \u00e5 g\u00e5 p\u00e5 nettet og ta en titt, men du er allerede der. S\u00e5 hva skal du gj\u00f8re n\u00e5? Du vil se p\u00e5 de forskjellige billettene vi har tilgjengelig.<\/p>\n<p>Vi tilbyr de beste loddene og de mest popul\u00e6re spillene, som gir deg de st\u00f8rste jackpottene. N\u00e5r du har tatt en titt, kan du bestemme deg for at du vil kj\u00f8pe Eurojackpot-billetter, og du blir f\u00f8rt til en egen side.<\/p>\n<p>P\u00e5 denne siden f\u00e5r du mer informasjon om Eurojackpot, og du kan velge ut de billettene du vil ha. Du kan velge mellom s\u00e5 mange lodd du vil, og du kan velge hvilke tall du vil ha p\u00e5 loddet ditt. S\u00e5 lenge tallene dine samsvarer med reglene vi har snakket om ovenfor, kan du velge hvilken som helst kombinasjon av tall p\u00e5 hver av billettene dine.<\/p>\n<p>Selvf\u00f8lgelig, hvis du ikke vet hvilke tall du faktisk vil g\u00e5 med, kan du absolutt velge en hurtigvalg-lodd i stedet.<\/p>\n<p>Med et hurtigvalg, du kommer til \u00e5 f\u00e5 en tilfeldig tildeling av tall som passer til kravene. Dette lar deg f\u00e5 en billett, men du trenger ikke \u00e5 bekymre deg for noe annet. Hvis du vil velge ut noen f\u00e5 alternativer, men du ikke vil velge ut alle tallene, kan du faktisk gj\u00f8re en kombinasjon av de to, noe som definitivt vil gj\u00f8re det enkelt for deg \u00e5 komme til billettkj\u00f8pet.<\/p>\n<h2>Opprett kontoen din<\/h2>\n<p><img loading=\"lazy\" decoding=\"async\" class=\" wp-image alignright\" src=\"https:\/\/content.redfoxlotto.com\/uploads\/sites\/9\/1_eurojackpot_buy_ticket.jpg\" alt=\"kj\u00f8p eurojackpot-lodd\" width=\"229\" height=\"152\" \/><br \/>\nN\u00e5r du har funnet ut alle tallene, g\u00e5r du bare gjennom prosessen med \u00e5 opprette en konto. N\u00e5r du begynner \u00e5 opprette kontoen din, er det faktisk superenkelt, og alt du trenger \u00e5 gj\u00f8re er \u00e5 fylle ut litt personlig informasjon. Denne informasjonen vil gj\u00f8re det superenkelt for deg \u00e5 sette inn penger p\u00e5 kontoen din som du kan bruke til \u00e5 betale for billettene dine, og det vil ogs\u00e5 gj\u00f8re det veldig enkelt for deg \u00e5 ta ut penger fra kontoen din n\u00e5r du vinner. Det er ogs\u00e5 superenkelt og enkelt.<\/p>\n<p>N\u00e5r du er klar til \u00e5 plukke ut billettene dine, logger du deg bare inn p\u00e5 kontoen din, og du kan hente de billettene du \u00f8nsker. Hvis du vil ha raske valg, er det enda enklere, og du kan til og med sette opp for \u00e5 f\u00e5 billettene dine klare til flere trekninger. Det betyr at du ikke trenger \u00e5 bekymre deg for \u00e5 kj\u00f8pe flere billetter til neste trekning. Du beholder bare den samme billetten, s\u00e5 er du klar.<\/p>\n","protected":false},"excerpt":{"rendered":"<p>Eurojackpot har eksistert siden 2012 og har bare blitt mer og mer popul\u00e6rt siden den gang. En av grunnene til dette er at den definitivt har begynt \u00e5 ta seg opp n\u00e5r det gjelder jackpotter, og at du faktisk kan vinne en anstendig sum penger (vi skal snakke mer om det senere). Billetter kan kj\u00f8pes [&hellip;]<\/p>\n","protected":false},"author":1,"featured_media":0,"parent":60261,"menu_order":4,"comment_status":"closed","ping_status":"closed","template":"eurojackpot-info.php","meta":{"_et_pb_use_builder":"","_et_pb_old_content":"","_et_gb_content_width":"","exclude_from_search":false,"footnotes":""},"class_list":["post-60424","page","type-page","status-publish","hentry"],"yoast_head":"<!-- This site is optimized with the Yoast SEO plugin v23.8 - https:\/\/yoast.com\/wordpress\/plugins\/seo\/ -->\n<title>Innbyggere i Norge kan n\u00e5 kj\u00f8pe lodd til Eurojackpot p\u00e5 nettet<\/title>\n<meta name=\"description\" content=\"Kj\u00f8p Eurojackpot-lodd p\u00e5 nettet hvis du bor i Norge. Bruk v\u00e5r tjeneste for \u00e5 f\u00e5 sjansen til \u00e5 vinne, med en offisiell Eurojackpot-lodd.\" \/>\n<meta name=\"robots\" content=\"index, follow, max-snippet:-1, max-image-preview:large, max-video-preview:-1\" \/>\n<link rel=\"canonical\" href=\"https:\/\/redfoxlotto.com\/no\/lotterier\/eurojackpot\/\" \/>\n<meta property=\"og:locale\" content=\"nb_NO\" \/>\n<meta property=\"og:type\" content=\"article\" \/>\n<meta property=\"og:title\" content=\"Innbyggere i Norge kan n\u00e5 kj\u00f8pe lodd til Eurojackpot p\u00e5 nettet\" \/>\n<meta property=\"og:description\" content=\"Kj\u00f8p Eurojackpot-lodd p\u00e5 nettet hvis du bor i Norge. Bruk v\u00e5r tjeneste for \u00e5 f\u00e5 sjansen til \u00e5 vinne, med en offisiell Eurojackpot-lodd.\" \/>\n<meta property=\"og:url\" content=\"https:\/\/redfoxlotto.com\/no\/lotterier\/eurojackpot\/\" \/>\n<meta property=\"og:site_name\" content=\"Get Tickets for the World\u2019s largest jackpots\" \/>\n<meta property=\"article:modified_time\" content=\"2025-12-18T13:57:24+00:00\" \/>\n<meta property=\"og:image\" content=\"https:\/\/content.redfoxlotto.com\/uploads\/sites\/9\/1_ticket_eurojackpot2.jpg\" \/>\n<meta name=\"twitter:card\" content=\"summary_large_image\" \/>\n<meta name=\"twitter:label1\" content=\"Ansl. lesetid\" \/>\n\t<meta name=\"twitter:data1\" content=\"5 minutter\" \/>\n<script type=\"application\/ld+json\" class=\"yoast-schema-graph\">{\"@context\":\"https:\/\/schema.org\",\"@graph\":[{\"@type\":\"WebPage\",\"@id\":\"https:\/\/redfoxlotto.com\/no\/lotterier\/eurojackpot\/\",\"url\":\"https:\/\/redfoxlotto.com\/no\/lotterier\/eurojackpot\/\",\"name\":\"Innbyggere i Norge kan n\u00e5 kj\u00f8pe lodd til Eurojackpot p\u00e5 nettet\",\"isPartOf\":{\"@id\":\"https:\/\/redfoxlotto.com\/no\/#website\"},\"primaryImageOfPage\":{\"@id\":\"https:\/\/redfoxlotto.com\/no\/lotterier\/eurojackpot\/#primaryimage\"},\"image\":{\"@id\":\"https:\/\/redfoxlotto.com\/no\/lotterier\/eurojackpot\/#primaryimage\"},\"thumbnailUrl\":\"https:\/\/content.redfoxlotto.com\/uploads\/sites\/9\/1_ticket_eurojackpot2.jpg\",\"datePublished\":\"2018-11-18T08:54:25+00:00\",\"dateModified\":\"2025-12-18T13:57:24+00:00\",\"description\":\"Kj\u00f8p Eurojackpot-lodd p\u00e5 nettet hvis du bor i Norge. Bruk v\u00e5r tjeneste for \u00e5 f\u00e5 sjansen til \u00e5 vinne, med en offisiell Eurojackpot-lodd.\",\"breadcrumb\":{\"@id\":\"https:\/\/redfoxlotto.com\/no\/lotterier\/eurojackpot\/#breadcrumb\"},\"inLanguage\":\"nb-NO\",\"potentialAction\":[{\"@type\":\"ReadAction\",\"target\":[\"https:\/\/redfoxlotto.com\/no\/lotterier\/eurojackpot\/\"]}]},{\"@type\":\"ImageObject\",\"inLanguage\":\"nb-NO\",\"@id\":\"https:\/\/redfoxlotto.com\/no\/lotterier\/eurojackpot\/#primaryimage\",\"url\":\"https:\/\/content.redfoxlotto.com\/uploads\/sites\/9\/1_ticket_eurojackpot2.jpg\",\"contentUrl\":\"https:\/\/content.redfoxlotto.com\/uploads\/sites\/9\/1_ticket_eurojackpot2.jpg\"},{\"@type\":\"BreadcrumbList\",\"@id\":\"https:\/\/redfoxlotto.com\/no\/lotterier\/eurojackpot\/#breadcrumb\",\"itemListElement\":[{\"@type\":\"ListItem\",\"position\":1,\"name\":\"Home\",\"item\":\"https:\/\/redfoxlotto.com\/no\/\"},{\"@type\":\"ListItem\",\"position\":2,\"name\":\"Hvordan kj\u00f8pe lodd p\u00e5 nettet &#8211; kj\u00f8psprosessen\",\"item\":\"https:\/\/redfoxlotto.com\/no\/lotterier\/\"},{\"@type\":\"ListItem\",\"position\":3,\"name\":\"Om Eurojackpot\"}]},{\"@type\":\"WebSite\",\"@id\":\"https:\/\/redfoxlotto.com\/no\/#website\",\"url\":\"https:\/\/redfoxlotto.com\/no\/\",\"name\":\"Get Tickets for the World\u2019s largest jackpots\",\"description\":\"Participate in worldwide lottery jackpots from any country\",\"publisher\":{\"@id\":\"https:\/\/redfoxlotto.com\/no\/#organization\"},\"potentialAction\":[{\"@type\":\"SearchAction\",\"target\":{\"@type\":\"EntryPoint\",\"urlTemplate\":\"https:\/\/redfoxlotto.com\/no\/?s={search_term_string}\"},\"query-input\":{\"@type\":\"PropertyValueSpecification\",\"valueRequired\":true,\"valueName\":\"search_term_string\"}}],\"inLanguage\":\"nb-NO\"},{\"@type\":\"Organization\",\"@id\":\"https:\/\/redfoxlotto.com\/no\/#organization\",\"name\":\"Get Tickets for the World\u2019s largest jackpots\",\"url\":\"https:\/\/redfoxlotto.com\/no\/\",\"logo\":{\"@type\":\"ImageObject\",\"inLanguage\":\"nb-NO\",\"@id\":\"https:\/\/redfoxlotto.com\/no\/#\/schema\/logo\/image\/\",\"url\":\"https:\/\/redfoxlotto.com\/wp-content\/uploads\/2023\/04\/logo.png\",\"contentUrl\":\"https:\/\/redfoxlotto.com\/wp-content\/uploads\/2023\/04\/logo.png\",\"width\":269,\"height\":53,\"caption\":\"Get Tickets for the World\u2019s largest jackpots\"},\"image\":{\"@id\":\"https:\/\/redfoxlotto.com\/no\/#\/schema\/logo\/image\/\"}}]}<\/script>\n<!-- \/ Yoast SEO plugin. -->","yoast_head_json":{"title":"Innbyggere i Norge kan n\u00e5 kj\u00f8pe lodd til Eurojackpot p\u00e5 nettet","description":"Kj\u00f8p Eurojackpot-lodd p\u00e5 nettet hvis du bor i Norge. Bruk v\u00e5r tjeneste for \u00e5 f\u00e5 sjansen til \u00e5 vinne, med en offisiell Eurojackpot-lodd.","robots":{"index":"index","follow":"follow","max-snippet":"max-snippet:-1","max-image-preview":"max-image-preview:large","max-video-preview":"max-video-preview:-1"},"canonical":"https:\/\/redfoxlotto.com\/no\/lotterier\/eurojackpot\/","og_locale":"nb_NO","og_type":"article","og_title":"Innbyggere i Norge kan n\u00e5 kj\u00f8pe lodd til Eurojackpot p\u00e5 nettet","og_description":"Kj\u00f8p Eurojackpot-lodd p\u00e5 nettet hvis du bor i Norge. Bruk v\u00e5r tjeneste for \u00e5 f\u00e5 sjansen til \u00e5 vinne, med en offisiell Eurojackpot-lodd.","og_url":"https:\/\/redfoxlotto.com\/no\/lotterier\/eurojackpot\/","og_site_name":"Get Tickets for the World\u2019s largest jackpots","article_modified_time":"2025-12-18T13:57:24+00:00","og_image":[{"url":"https:\/\/content.redfoxlotto.com\/uploads\/sites\/9\/1_ticket_eurojackpot2.jpg"}],"twitter_card":"summary_large_image","twitter_misc":{"Ansl. lesetid":"5 minutter"},"schema":{"@context":"https:\/\/schema.org","@graph":[{"@type":"WebPage","@id":"https:\/\/redfoxlotto.com\/no\/lotterier\/eurojackpot\/","url":"https:\/\/redfoxlotto.com\/no\/lotterier\/eurojackpot\/","name":"Innbyggere i Norge kan n\u00e5 kj\u00f8pe lodd til Eurojackpot p\u00e5 nettet","isPartOf":{"@id":"https:\/\/redfoxlotto.com\/no\/#website"},"primaryImageOfPage":{"@id":"https:\/\/redfoxlotto.com\/no\/lotterier\/eurojackpot\/#primaryimage"},"image":{"@id":"https:\/\/redfoxlotto.com\/no\/lotterier\/eurojackpot\/#primaryimage"},"thumbnailUrl":"https:\/\/content.redfoxlotto.com\/uploads\/sites\/9\/1_ticket_eurojackpot2.jpg","datePublished":"2018-11-18T08:54:25+00:00","dateModified":"2025-12-18T13:57:24+00:00","description":"Kj\u00f8p Eurojackpot-lodd p\u00e5 nettet hvis du bor i Norge. Bruk v\u00e5r tjeneste for \u00e5 f\u00e5 sjansen til \u00e5 vinne, med en offisiell Eurojackpot-lodd.","breadcrumb":{"@id":"https:\/\/redfoxlotto.com\/no\/lotterier\/eurojackpot\/#breadcrumb"},"inLanguage":"nb-NO","potentialAction":[{"@type":"ReadAction","target":["https:\/\/redfoxlotto.com\/no\/lotterier\/eurojackpot\/"]}]},{"@type":"ImageObject","inLanguage":"nb-NO","@id":"https:\/\/redfoxlotto.com\/no\/lotterier\/eurojackpot\/#primaryimage","url":"https:\/\/content.redfoxlotto.com\/uploads\/sites\/9\/1_ticket_eurojackpot2.jpg","contentUrl":"https:\/\/content.redfoxlotto.com\/uploads\/sites\/9\/1_ticket_eurojackpot2.jpg"},{"@type":"BreadcrumbList","@id":"https:\/\/redfoxlotto.com\/no\/lotterier\/eurojackpot\/#breadcrumb","itemListElement":[{"@type":"ListItem","position":1,"name":"Home","item":"https:\/\/redfoxlotto.com\/no\/"},{"@type":"ListItem","position":2,"name":"Hvordan kj\u00f8pe lodd p\u00e5 nettet &#8211; kj\u00f8psprosessen","item":"https:\/\/redfoxlotto.com\/no\/lotterier\/"},{"@type":"ListItem","position":3,"name":"Om Eurojackpot"}]},{"@type":"WebSite","@id":"https:\/\/redfoxlotto.com\/no\/#website","url":"https:\/\/redfoxlotto.com\/no\/","name":"Get Tickets for the World\u2019s largest jackpots","description":"Participate in worldwide lottery jackpots from any country","publisher":{"@id":"https:\/\/redfoxlotto.com\/no\/#organization"},"potentialAction":[{"@type":"SearchAction","target":{"@type":"EntryPoint","urlTemplate":"https:\/\/redfoxlotto.com\/no\/?s={search_term_string}"},"query-input":{"@type":"PropertyValueSpecification","valueRequired":true,"valueName":"search_term_string"}}],"inLanguage":"nb-NO"},{"@type":"Organization","@id":"https:\/\/redfoxlotto.com\/no\/#organization","name":"Get Tickets for the World\u2019s largest jackpots","url":"https:\/\/redfoxlotto.com\/no\/","logo":{"@type":"ImageObject","inLanguage":"nb-NO","@id":"https:\/\/redfoxlotto.com\/no\/#\/schema\/logo\/image\/","url":"https:\/\/redfoxlotto.com\/wp-content\/uploads\/2023\/04\/logo.png","contentUrl":"https:\/\/redfoxlotto.com\/wp-content\/uploads\/2023\/04\/logo.png","width":269,"height":53,"caption":"Get Tickets for the World\u2019s largest jackpots"},"image":{"@id":"https:\/\/redfoxlotto.com\/no\/#\/schema\/logo\/image\/"}}]}},"_links":{"self":[{"href":"https:\/\/redfoxlotto.com\/no\/wp-json\/wp\/v2\/pages\/60424","targetHints":{"allow":["GET"]}}],"collection":[{"href":"https:\/\/redfoxlotto.com\/no\/wp-json\/wp\/v2\/pages"}],"about":[{"href":"https:\/\/redfoxlotto.com\/no\/wp-json\/wp\/v2\/types\/page"}],"author":[{"embeddable":true,"href":"https:\/\/redfoxlotto.com\/no\/wp-json\/wp\/v2\/users\/1"}],"replies":[{"embeddable":true,"href":"https:\/\/redfoxlotto.com\/no\/wp-json\/wp\/v2\/comments?post=60424"}],"version-history":[{"count":0,"href":"https:\/\/redfoxlotto.com\/no\/wp-json\/wp\/v2\/pages\/60424\/revisions"}],"up":[{"embeddable":true,"href":"https:\/\/redfoxlotto.com\/no\/wp-json\/wp\/v2\/pages\/60261"}],"wp:attachment":[{"href":"https:\/\/redfoxlotto.com\/no\/wp-json\/wp\/v2\/media?parent=60424"}],"curies":[{"name":"wp","href":"https:\/\/api.w.org\/{rel}","templated":true}]}}