{"id":60284,"date":"2018-11-18T08:54:25","date_gmt":"2018-11-18T08:54:25","guid":{"rendered":"https:\/\/redfoxlotto.eu\/?page_id=60284"},"modified":"2025-12-18T14:44:24","modified_gmt":"2025-12-18T14:44:24","slug":"euromillions","status":"publish","type":"page","link":"https:\/\/redfoxlotto.com\/no\/lotterier\/euromillions\/","title":{"rendered":"Om EuroMillions"},"content":{"rendered":"<p><script type=\"application\/ld+json\">\n{\n  \"@context\": \"https:\/\/schema.org\",\n  \"@type\": \"Service\",\n  \"name\": \"Spill Euromillions online\",\n  \"url\": \"https:\/\/redfoxlotto.com\/no\/lotteries\/euromillions\/\",\n  \"description\": \"Kj\u00f8p offisielle Euromillions-lotteribilletter online fra hvilket som helst land. Bes\u00f8k RedFoxLotto, velg tallene dine og delta i neste trekning.\",\n  \"serviceType\": \"Online lotteribillettformidlingstjeneste\",\n  \"provider\": {\n    \"@type\": \"Organization\",\n    \"name\": \"RedFoxLotto\",\n    \"url\": \"https:\/\/redfoxlotto.com\/no\",\n    \"image\": \"https:\/\/redfoxlotto.com\/no\/wp-content\/uploads\/2025\/12\/ticket_scans.jpg\",\n    \"sameAs\": []\n  },\n  \"areaServed\": \"Worldwide\",\n  \"termsOfService\": \"https:\/\/redfoxlotto.com\/terms-and-conditions\",\n  \"additionalProperty\": {\n    \"@type\": \"PropertyValue\",\n    \"name\": \"FAQ\",\n    \"value\": \"https:\/\/redfoxlotto.com\/no\/faq\/\"\n  },\n  \"hasOfferCatalog\": {\n    \"@type\": \"OfferCatalog\",\n    \"name\": \"Euromillions-lotteribilletter\",\n    \"itemListElement\": [\n      {\n        \"@type\": \"Offer\",\n        \"name\": \"Euromillions-billetter\",\n        \"url\": \"https:\/\/redfoxlotto.com\/no\/lotteries\/euromillions\",\n        \"description\": \"Kj\u00f8p ekte billetter online for neste Euromillions-trekning via RedFoxLotto.\",\n        \"price\": \"7.00\",\n        \"priceCurrency\": \"\u20ac\",\n        \"availability\": \"https:\/\/schema.org\/InStock\",\n        \"itemOffered\": {\n          \"@type\": \"Service\",\n          \"name\": \"Euromillions-lotteribilletter\",\n          \"description\": \"Delta i neste Euromillions-trekning \u2013 kj\u00f8p billettene dine online via RedFoxLotto.\"\n        }\n      }\n    ]\n  },\n  \"mainEntityOfPage\": {\n    \"@type\": \"WebPage\",\n    \"@id\": \"https:\/\/redfoxlotto.com\/no\/lotteries\/euromillions\"\n  }\n}\n<\/script><\/p>\n<p>Euro Millions er Europas st\u00f8rste lotteri. Det ble lansert i 2004, og du kan kj\u00f8pe lodd i ni europeiske land &#8211; eller, hvis du er fra Norge, kan du kj\u00f8pe lodd p\u00e5 nettet her.<\/p>\n<h2>Kj\u00f8p EuroMillions-lodd fra Norge<\/h2>\n<p>Er du klar til \u00e5 komme i gang og kj\u00f8pe EuroMillions-lodd p\u00e5 nettet? Hvis du er det, vil du vite et par ting om spillet f\u00f8r du kaster deg ut i det, ikke sant? Du vil s\u00f8rge for at du er forberedt og at du vet alt du kan om spillet. Det f\u00f8rste du b\u00f8r vite er n\u00e5r trekningene finner sted, for du vil v\u00e6re sikker p\u00e5 at du f\u00e5r tak i loddet ditt f\u00f8r neste trekning. Trekningene i EuroMillions finner sted hver tirsdag og fredag i Paris.<img loading=\"lazy\" decoding=\"async\" class=\"alignright wp-image\" src=\"https:\/\/content.redfoxlotto.com\/uploads\/sites\/9\/1_buy_euromillions_online.jpg\" alt=\"euromillions jackpot\" width=\"284\" height=\"190\" \/><\/p>\n<p>Vi skal snakke mer om tallene du kan velge mellom og hvordan du f\u00e5r tak i loddet du vil ha om et \u00f8yeblikk, men n\u00e5 skal vi se n\u00e6rmere p\u00e5 jackpoten du kan vinne. Det er tross alt en av grunnene til at du \u00f8nsker \u00e5 spille EuroMillions.<\/p>\n<h2>EuroMillions-jackpotten<\/h2>\n<p>Som det st\u00f8rste lotteriet i Europa har EuroMillions ogs\u00e5 enorme jackpotter. Faktisk er jackpottene ofte p\u00e5 flere millioner dollar, og de st\u00f8rste kommer definitivt til \u00e5 ligge i den h\u00f8ye enden av skalaen. Den hittil h\u00f8yeste jackpoten i dette lotteriet er p\u00e5 \u20ac 190 000 000. Den ble vunnet av en anonym spiller 24. oktober 2014.<\/p>\n<p>Det er vel grunn god nok til \u00e5 ta en n\u00e6rmere titt p\u00e5 dette spillet og vurdere \u00e5 kj\u00f8pe en kupong til deg selv? Vel, du kommer til \u00e5 elske tanken p\u00e5 \u00e5 vinne disse pengene, og du kan faktisk fortsatt vinne en god sum penger selv om du ikke n\u00e5r opp til jackpotten. Det er fordi startbel\u00f8pet til og med er en flott premie, og de som ligger midt mellom de laveste og de h\u00f8yeste niv\u00e5ene kommer ogs\u00e5 til \u00e5 v\u00e6re flotte.<\/p>\n<h2>Reglene for EuroMillions<\/h2>\n<p>Er du klar til \u00e5 kj\u00f8pe EuroMillions-lodd p\u00e5 nettet, men du er ikke helt sikker p\u00e5 hvor du skal gj\u00f8re det eller hvordan &#8211; kanskje fordi du bor i Norge? Vi skal g\u00e5 gjennom n\u00f8yaktig hva du m\u00e5 gj\u00f8re, og hvordan du velger ut de tallene du vil ha for \u00e5 sikre at du har best mulig sjanse til \u00e5 vinne i spillet.<\/p>\n<h2>S\u00e5 hva m\u00e5 du gj\u00f8re?<\/h2>\n<p>Her velger du 5 hovedtall mellom 1 og 50 og to tilleggstall, kalt Lucky Star, mellom 1 og 12. For \u00e5 vinne i den laveste prisklassen m\u00e5 bare to hovedtall stemme overens. Det betyr at du kommer til \u00e5 ha mange sjanser til \u00e5 vinne, selv om du ikke kommer til \u00e5 vinne mye penger hvis du bare treffer noen f\u00e5 tall.<\/p>\n<p>Hvis du treffer flere tall, og spesielt hvis du treffer lykketallene, kommer du til \u00e5 ha en bedre premie tilgjengelig. Det kommer definitivt til \u00e5 v\u00e6re en god fordel, ikke sant? Du kan faktisk forbedre oddsen for \u00e5 f\u00e5 noe, og du kan definitivt glede deg over \u00e5 spille spillet.<\/p>\n<h2>Plukke ut billetten din<\/h2>\n<p>Er du klar til \u00e5 velge billett? Da b\u00f8r du ta en titt p\u00e5 prosessen v\u00e5r, for vi kommer til \u00e5 gj\u00f8re det veldig enkelt for deg. Vi vet at du ikke har mye tid, og du vil s\u00f8rge for at du f\u00e5r mest mulig ut av den tiden. Men du vil fortsatt ha det g\u00f8y \u00e5 spille EuroMillions, og det betyr at du m\u00e5 kj\u00f8pe EuroMillions-billetter online.<\/p>\n<p>Det f\u00f8rste trinnet i prosessen v\u00e5r er at du bestemmer deg for hvilken billett du skal f\u00e5. Hvis du allerede har bestemt deg for EuroMillions, er du klar. Men hvis du ikke er helt sikker enn\u00e5, b\u00f8r du definitivt ta en titt p\u00e5 hovedsiden, der vi viser deg alle de beste jackpottene og hvilke spill du kanskje vil se n\u00e6rmere p\u00e5. Dette er spillene vi tilbyr billetter til.<\/p>\n<p>N\u00e5r du har bestemt deg for hvilken kupong du vil ha, g\u00e5r du inn p\u00e5 siden og begynner \u00e5 velge ut tallene til kupongen din. Du kan velge absolutt alle tallene hvis du vil, slik at du f\u00e5r en tilpasset billett som passer det du liker best.<\/p>\n<p>Du kan ogs\u00e5 velge \u00e5 kj\u00f8pe billetter som er tilfeldig valgt for deg. Det gj\u00f8r det veldig enkelt for deg \u00e5 f\u00e5 et lodd uten \u00e5 m\u00e5tte bruke mye tid p\u00e5 det. Og du bestemmer selv hvor mange lodd du vil kj\u00f8pe, slik at du har alt du trenger for \u00e5 potensielt vinne en stor jackpot.<img loading=\"lazy\" decoding=\"async\" class=\"alignright wp-image\" src=\"https:\/\/content.redfoxlotto.com\/uploads\/sites\/9\/1_buy_lottery_ticket.jpg\" alt=\"kj\u00f8p billetter p\u00e5 nettet\" width=\"312\" height=\"107\" \/><\/p>\n<h2>Kj\u00f8psprosessen for EuroMillions<\/h2>\n<p>N\u00e5r du g\u00e5r gjennom og plukker ut loddene dine, er det siste du trenger \u00e5 gj\u00f8re \u00e5 fylle ut kontoinformasjonen din. Vi g\u00e5r gjennom hvordan du oppretter kontoen med en gang, slik at du kan s\u00f8rge for at du f\u00e5r billettene du vil ha akkurat n\u00e5r du vil ha dem. Du kan til og med sette opp betalingskontoene du vil bruke her.<\/p>\n<p>N\u00e5r du har konfigurert alt, trenger du bare \u00e5 legge billettene du vil ha i handlekurven, og s\u00e5 kan du kj\u00f8pe dem alle samtidig. Du kan til og med legge til billetter fra forskjellige spill i handlekurven din, s\u00e5 kan du kj\u00f8pe alt du trenger.<\/p>\n<p>N\u00e5r du har bestemt deg for billettene, er du klar, og du kan vente og se hva som skjer med billettene dine. De du kj\u00f8per vil dukke opp p\u00e5 kontoen din med en gang, og s\u00e5 kan du sjekke inn igjen og se om du har vunnet senere.<\/p>\n<p>Vi sender deg en e-post hvis du vinner, og du kan g\u00e5 inn p\u00e5 kontoen din og se hvilke tall du har som samsvarer med tallene som ble trukket ut. Og det vil gj\u00f8re det lettere for deg \u00e5 vite n\u00e5r du trenger \u00e5 l\u00f8se inn en kupong.<\/p>\n<h2>EuroMillions og UK Millionaire Maker<\/h2>\n<p>Spillere betaler litt mer fordi EuroMillions-kuponger kj\u00f8pes i Storbritannia. Dette skyldes det faktum at britiske billetter kommer med en automatisk oppf\u00f8ring i Millionaire Maker-trekningen, som gir en ekstra mulighet til \u00e5 vinne en bel\u00f8nning p\u00e5 1 million pund.<\/p>\n<p>Millionaire Maker fungerer ved at det genereres en unik kode for hvert lodd som kj\u00f8pes. Denne koden best\u00e5r av fire bokstaver etterfulgt av fem tall (f.eks. ABCD12345). I hver trekning, en eller flere av disse kodene blir tilfeldig valgt, og billettinnehaveren med den matchende koden vinner \u00f8yeblikkelig 1 million pund, uavhengig av de viktigste EuroMillions-tallene som trekkes.<\/p>\n<p>Denne funksjonen gj\u00f8r det spesielt attraktivt \u00e5 spille EuroMillions i Storbritannia, ettersom det gir en ekstra mulighet til \u00e5 vinne en betydelig premie utover standard jackpot og bel\u00f8nninger p\u00e5 lavere niv\u00e5.<\/p>\n","protected":false},"excerpt":{"rendered":"<p>Euro Millions er Europas st\u00f8rste lotteri. Det ble lansert i 2004, og du kan kj\u00f8pe lodd i ni europeiske land &#8211; eller, hvis du er fra Norge, kan du kj\u00f8pe lodd p\u00e5 nettet her. Kj\u00f8p EuroMillions-lodd fra Norge Er du klar til \u00e5 komme i gang og kj\u00f8pe EuroMillions-lodd p\u00e5 nettet? Hvis du er det, [&hellip;]<\/p>\n","protected":false},"author":1,"featured_media":0,"parent":60261,"menu_order":3,"comment_status":"closed","ping_status":"closed","template":"euromillions-info.php","meta":{"_et_pb_use_builder":"","_et_pb_old_content":"","_et_gb_content_width":"","exclude_from_search":false,"footnotes":""},"class_list":["post-60284","page","type-page","status-publish","hentry"],"yoast_head":"<!-- This site is optimized with the Yoast SEO plugin v23.8 - https:\/\/yoast.com\/wordpress\/plugins\/seo\/ -->\n<title>Kj\u00f8p EuroMillions-billetter online fra Norge<\/title>\n<meta name=\"description\" content=\"Informasjon om hvordan innbyggere i Norge kan kj\u00f8pe Euromillions-lodd p\u00e5 nett. Euromillions-lotteriet har Europas st\u00f8rste jackpot.\" \/>\n<meta name=\"robots\" content=\"index, follow, max-snippet:-1, max-image-preview:large, max-video-preview:-1\" \/>\n<link rel=\"canonical\" href=\"https:\/\/redfoxlotto.com\/no\/lotterier\/euromillions\/\" \/>\n<meta property=\"og:locale\" content=\"nb_NO\" \/>\n<meta property=\"og:type\" content=\"article\" \/>\n<meta property=\"og:title\" content=\"Kj\u00f8p EuroMillions-billetter online fra Norge\" \/>\n<meta property=\"og:description\" content=\"Informasjon om hvordan innbyggere i Norge kan kj\u00f8pe Euromillions-lodd p\u00e5 nett. Euromillions-lotteriet har Europas st\u00f8rste jackpot.\" \/>\n<meta property=\"og:url\" content=\"https:\/\/redfoxlotto.com\/no\/lotterier\/euromillions\/\" \/>\n<meta property=\"og:site_name\" content=\"Get Tickets for the World\u2019s largest jackpots\" \/>\n<meta property=\"article:modified_time\" content=\"2025-12-18T14:44:24+00:00\" \/>\n<meta property=\"og:image\" content=\"https:\/\/content.redfoxlotto.com\/uploads\/sites\/9\/1_buy_euromillions_online.jpg\" \/>\n<meta name=\"twitter:card\" content=\"summary_large_image\" \/>\n<meta name=\"twitter:label1\" content=\"Ansl. lesetid\" \/>\n\t<meta name=\"twitter:data1\" content=\"6 minutter\" \/>\n<script type=\"application\/ld+json\" class=\"yoast-schema-graph\">{\"@context\":\"https:\/\/schema.org\",\"@graph\":[{\"@type\":\"WebPage\",\"@id\":\"https:\/\/redfoxlotto.com\/no\/lotterier\/euromillions\/\",\"url\":\"https:\/\/redfoxlotto.com\/no\/lotterier\/euromillions\/\",\"name\":\"Kj\u00f8p EuroMillions-billetter online fra Norge\",\"isPartOf\":{\"@id\":\"https:\/\/redfoxlotto.com\/no\/#website\"},\"primaryImageOfPage\":{\"@id\":\"https:\/\/redfoxlotto.com\/no\/lotterier\/euromillions\/#primaryimage\"},\"image\":{\"@id\":\"https:\/\/redfoxlotto.com\/no\/lotterier\/euromillions\/#primaryimage\"},\"thumbnailUrl\":\"https:\/\/content.redfoxlotto.com\/uploads\/sites\/9\/1_buy_euromillions_online.jpg\",\"datePublished\":\"2018-11-18T08:54:25+00:00\",\"dateModified\":\"2025-12-18T14:44:24+00:00\",\"description\":\"Informasjon om hvordan innbyggere i Norge kan kj\u00f8pe Euromillions-lodd p\u00e5 nett. Euromillions-lotteriet har Europas st\u00f8rste jackpot.\",\"breadcrumb\":{\"@id\":\"https:\/\/redfoxlotto.com\/no\/lotterier\/euromillions\/#breadcrumb\"},\"inLanguage\":\"nb-NO\",\"potentialAction\":[{\"@type\":\"ReadAction\",\"target\":[\"https:\/\/redfoxlotto.com\/no\/lotterier\/euromillions\/\"]}]},{\"@type\":\"ImageObject\",\"inLanguage\":\"nb-NO\",\"@id\":\"https:\/\/redfoxlotto.com\/no\/lotterier\/euromillions\/#primaryimage\",\"url\":\"https:\/\/content.redfoxlotto.com\/uploads\/sites\/9\/1_buy_euromillions_online.jpg\",\"contentUrl\":\"https:\/\/content.redfoxlotto.com\/uploads\/sites\/9\/1_buy_euromillions_online.jpg\"},{\"@type\":\"BreadcrumbList\",\"@id\":\"https:\/\/redfoxlotto.com\/no\/lotterier\/euromillions\/#breadcrumb\",\"itemListElement\":[{\"@type\":\"ListItem\",\"position\":1,\"name\":\"Home\",\"item\":\"https:\/\/redfoxlotto.com\/no\/\"},{\"@type\":\"ListItem\",\"position\":2,\"name\":\"Hvordan kj\u00f8pe lodd p\u00e5 nettet &#8211; kj\u00f8psprosessen\",\"item\":\"https:\/\/redfoxlotto.com\/no\/lotterier\/\"},{\"@type\":\"ListItem\",\"position\":3,\"name\":\"Om EuroMillions\"}]},{\"@type\":\"WebSite\",\"@id\":\"https:\/\/redfoxlotto.com\/no\/#website\",\"url\":\"https:\/\/redfoxlotto.com\/no\/\",\"name\":\"Get Tickets for the World\u2019s largest jackpots\",\"description\":\"Participate in worldwide lottery jackpots from any country\",\"publisher\":{\"@id\":\"https:\/\/redfoxlotto.com\/no\/#organization\"},\"potentialAction\":[{\"@type\":\"SearchAction\",\"target\":{\"@type\":\"EntryPoint\",\"urlTemplate\":\"https:\/\/redfoxlotto.com\/no\/?s={search_term_string}\"},\"query-input\":{\"@type\":\"PropertyValueSpecification\",\"valueRequired\":true,\"valueName\":\"search_term_string\"}}],\"inLanguage\":\"nb-NO\"},{\"@type\":\"Organization\",\"@id\":\"https:\/\/redfoxlotto.com\/no\/#organization\",\"name\":\"Get Tickets for the World\u2019s largest jackpots\",\"url\":\"https:\/\/redfoxlotto.com\/no\/\",\"logo\":{\"@type\":\"ImageObject\",\"inLanguage\":\"nb-NO\",\"@id\":\"https:\/\/redfoxlotto.com\/no\/#\/schema\/logo\/image\/\",\"url\":\"https:\/\/redfoxlotto.com\/wp-content\/uploads\/2023\/04\/logo.png\",\"contentUrl\":\"https:\/\/redfoxlotto.com\/wp-content\/uploads\/2023\/04\/logo.png\",\"width\":269,\"height\":53,\"caption\":\"Get Tickets for the World\u2019s largest jackpots\"},\"image\":{\"@id\":\"https:\/\/redfoxlotto.com\/no\/#\/schema\/logo\/image\/\"}}]}<\/script>\n<!-- \/ Yoast SEO plugin. -->","yoast_head_json":{"title":"Kj\u00f8p EuroMillions-billetter online fra Norge","description":"Informasjon om hvordan innbyggere i Norge kan kj\u00f8pe Euromillions-lodd p\u00e5 nett. Euromillions-lotteriet har Europas st\u00f8rste jackpot.","robots":{"index":"index","follow":"follow","max-snippet":"max-snippet:-1","max-image-preview":"max-image-preview:large","max-video-preview":"max-video-preview:-1"},"canonical":"https:\/\/redfoxlotto.com\/no\/lotterier\/euromillions\/","og_locale":"nb_NO","og_type":"article","og_title":"Kj\u00f8p EuroMillions-billetter online fra Norge","og_description":"Informasjon om hvordan innbyggere i Norge kan kj\u00f8pe Euromillions-lodd p\u00e5 nett. Euromillions-lotteriet har Europas st\u00f8rste jackpot.","og_url":"https:\/\/redfoxlotto.com\/no\/lotterier\/euromillions\/","og_site_name":"Get Tickets for the World\u2019s largest jackpots","article_modified_time":"2025-12-18T14:44:24+00:00","og_image":[{"url":"https:\/\/content.redfoxlotto.com\/uploads\/sites\/9\/1_buy_euromillions_online.jpg"}],"twitter_card":"summary_large_image","twitter_misc":{"Ansl. lesetid":"6 minutter"},"schema":{"@context":"https:\/\/schema.org","@graph":[{"@type":"WebPage","@id":"https:\/\/redfoxlotto.com\/no\/lotterier\/euromillions\/","url":"https:\/\/redfoxlotto.com\/no\/lotterier\/euromillions\/","name":"Kj\u00f8p EuroMillions-billetter online fra Norge","isPartOf":{"@id":"https:\/\/redfoxlotto.com\/no\/#website"},"primaryImageOfPage":{"@id":"https:\/\/redfoxlotto.com\/no\/lotterier\/euromillions\/#primaryimage"},"image":{"@id":"https:\/\/redfoxlotto.com\/no\/lotterier\/euromillions\/#primaryimage"},"thumbnailUrl":"https:\/\/content.redfoxlotto.com\/uploads\/sites\/9\/1_buy_euromillions_online.jpg","datePublished":"2018-11-18T08:54:25+00:00","dateModified":"2025-12-18T14:44:24+00:00","description":"Informasjon om hvordan innbyggere i Norge kan kj\u00f8pe Euromillions-lodd p\u00e5 nett. Euromillions-lotteriet har Europas st\u00f8rste jackpot.","breadcrumb":{"@id":"https:\/\/redfoxlotto.com\/no\/lotterier\/euromillions\/#breadcrumb"},"inLanguage":"nb-NO","potentialAction":[{"@type":"ReadAction","target":["https:\/\/redfoxlotto.com\/no\/lotterier\/euromillions\/"]}]},{"@type":"ImageObject","inLanguage":"nb-NO","@id":"https:\/\/redfoxlotto.com\/no\/lotterier\/euromillions\/#primaryimage","url":"https:\/\/content.redfoxlotto.com\/uploads\/sites\/9\/1_buy_euromillions_online.jpg","contentUrl":"https:\/\/content.redfoxlotto.com\/uploads\/sites\/9\/1_buy_euromillions_online.jpg"},{"@type":"BreadcrumbList","@id":"https:\/\/redfoxlotto.com\/no\/lotterier\/euromillions\/#breadcrumb","itemListElement":[{"@type":"ListItem","position":1,"name":"Home","item":"https:\/\/redfoxlotto.com\/no\/"},{"@type":"ListItem","position":2,"name":"Hvordan kj\u00f8pe lodd p\u00e5 nettet &#8211; kj\u00f8psprosessen","item":"https:\/\/redfoxlotto.com\/no\/lotterier\/"},{"@type":"ListItem","position":3,"name":"Om EuroMillions"}]},{"@type":"WebSite","@id":"https:\/\/redfoxlotto.com\/no\/#website","url":"https:\/\/redfoxlotto.com\/no\/","name":"Get Tickets for the World\u2019s largest jackpots","description":"Participate in worldwide lottery jackpots from any country","publisher":{"@id":"https:\/\/redfoxlotto.com\/no\/#organization"},"potentialAction":[{"@type":"SearchAction","target":{"@type":"EntryPoint","urlTemplate":"https:\/\/redfoxlotto.com\/no\/?s={search_term_string}"},"query-input":{"@type":"PropertyValueSpecification","valueRequired":true,"valueName":"search_term_string"}}],"inLanguage":"nb-NO"},{"@type":"Organization","@id":"https:\/\/redfoxlotto.com\/no\/#organization","name":"Get Tickets for the World\u2019s largest jackpots","url":"https:\/\/redfoxlotto.com\/no\/","logo":{"@type":"ImageObject","inLanguage":"nb-NO","@id":"https:\/\/redfoxlotto.com\/no\/#\/schema\/logo\/image\/","url":"https:\/\/redfoxlotto.com\/wp-content\/uploads\/2023\/04\/logo.png","contentUrl":"https:\/\/redfoxlotto.com\/wp-content\/uploads\/2023\/04\/logo.png","width":269,"height":53,"caption":"Get Tickets for the World\u2019s largest jackpots"},"image":{"@id":"https:\/\/redfoxlotto.com\/no\/#\/schema\/logo\/image\/"}}]}},"_links":{"self":[{"href":"https:\/\/redfoxlotto.com\/no\/wp-json\/wp\/v2\/pages\/60284","targetHints":{"allow":["GET"]}}],"collection":[{"href":"https:\/\/redfoxlotto.com\/no\/wp-json\/wp\/v2\/pages"}],"about":[{"href":"https:\/\/redfoxlotto.com\/no\/wp-json\/wp\/v2\/types\/page"}],"author":[{"embeddable":true,"href":"https:\/\/redfoxlotto.com\/no\/wp-json\/wp\/v2\/users\/1"}],"replies":[{"embeddable":true,"href":"https:\/\/redfoxlotto.com\/no\/wp-json\/wp\/v2\/comments?post=60284"}],"version-history":[{"count":0,"href":"https:\/\/redfoxlotto.com\/no\/wp-json\/wp\/v2\/pages\/60284\/revisions"}],"up":[{"embeddable":true,"href":"https:\/\/redfoxlotto.com\/no\/wp-json\/wp\/v2\/pages\/60261"}],"wp:attachment":[{"href":"https:\/\/redfoxlotto.com\/no\/wp-json\/wp\/v2\/media?parent=60284"}],"curies":[{"name":"wp","href":"https:\/\/api.w.org\/{rel}","templated":true}]}}