{"id":60278,"date":"2018-11-18T08:54:25","date_gmt":"2018-11-18T08:54:25","guid":{"rendered":"https:\/\/redfoxlotto.eu\/?page_id=60278"},"modified":"2025-12-18T13:13:35","modified_gmt":"2025-12-18T13:13:35","slug":"mega-millions","status":"publish","type":"page","link":"https:\/\/redfoxlotto.com\/no\/lotterier\/mega-millions\/","title":{"rendered":"Om Mega Millions"},"content":{"rendered":"<p><script type=\"application\/ld+json\">\n{\n  \"@context\": \"https:\/\/schema.org\",\n  \"@type\": \"Service\",\n  \"name\": \"Spill Mega Millions p\u00e5 nett\",\n  \"url\": \"https:\/\/redfoxlotto.com\/nb\/lotteries\/mega-millions\",\n  \"description\": \"Kj\u00f8p offisielle Mega Millions-lodd p\u00e5 nett fra hvilket som helst land. Bes\u00f8k RedFoxLotto, velg dine tall og bli med i neste trekning.\",\n  \"serviceType\": \"Nettbasert formidlingstjeneste for lodd\",<\/p>\n<p>  \"provider\": {\n    \"@type\": \"Organization\",\n    \"name\": \"RedFoxLotto\",\n    \"url\": \"https:\/\/redfoxlotto.com\/nb\",\n    \"image\": \"https:\/\/redfoxlotto.com\/nb\/wp-content\/uploads\/2025\/12\/ticket_scans.jpg\",\n    \"sameAs\": []\n  },<\/p>\n<p>  \"areaServed\": \"Worldwide\",\n  \"termsOfService\": \"https:\/\/redfoxlotto.com\/terms-and-conditions\",<\/p>\n<p>  \"additionalProperty\": {\n    \"@type\": \"PropertyValue\",\n    \"name\": \"FAQ\",\n    \"value\": \"https:\/\/redfoxlotto.com\/nb\/faq\/\"\n  },<\/p>\n<p>  \"hasOfferCatalog\": {\n    \"@type\": \"OfferCatalog\",\n    \"name\": \"Mega Millions-lodd\",\n    \"itemListElement\": [\n      {\n        \"@type\": \"Offer\",\n        \"name\": \"Mega Millions-lodd\",\n        \"url\": \"https:\/\/redfoxlotto.com\/nb\/lotteries\/powerball\",\n        \"description\": \"Kj\u00f8p ekte lodd p\u00e5 nett til neste Mega Millions-trekning hos RedFoxLotto.\",\n        \"price\": \"13.00\",\n        \"priceCurrency\": \"\u20ac\",\n        \"availability\": \"https:\/\/schema.org\/InStock\",<\/p>\n<p>        \"itemOffered\": {\n          \"@type\": \"Service\",\n          \"name\": \"Mega Millions-lotteritjeneste\",\n          \"description\": \"Delta i neste Mega Millions-trekning \u2013 kj\u00f8p lodd p\u00e5 nett via RedFoxLotto.\"\n        }\n      }\n    ]\n  },<\/p>\n<p>  \"mainEntityOfPage\": {\n    \"@type\": \"WebPage\",\n    \"@id\": \"https:\/\/redfoxlotto.com\/nb\/lotteries\/mega-millions\"\n  }\n}\n<\/script><\/p>\n<p>Dette lotteriet i 44 amerikanske delstater var kjent som &laquo;The Big Game&raquo; frem til 2002, og er n\u00e5 kjent over hele verden som Mega Millions. Det avholdes to trekninger i uken (hver tirsdag og fredag). Hvis du ikke har h\u00f8rt om dette spillet, eller hvis du ikke har fulgt med frem til n\u00e5, b\u00f8r du definitivt ta en n\u00e6rmere titt og se hva du kan f\u00e5 ut av dette.<\/p>\n<p>Det kommer definitivt til \u00e5 v\u00e6re en premie du vil vinne, og det er et superenkelt spill for deg \u00e5 spille ogs\u00e5. Det gj\u00f8r det til en vinn-vinn-situasjon for deg \u00e5 kj\u00f8pe Mega Millions-lodd online fra Norge.<\/p>\n<h2>Mega Millions Jackpot<\/h2>\n<p>Mega Millions er kjent for sine store jackpotter. I 2018 ble en rekordstor jackpot p\u00e5 over 1,5 milliarder dollar vunnet av \u00e9n heldig mann. Det er definitivt en slik jackpot du \u00f8nsker \u00e5 vinne, ikke sant? Og oddsen er definitivt ikke s\u00e5 d\u00e5rlig som den er for andre jackpotgevinster.<\/p>\n<p>Det som er enda bedre med Mega Millions, er at jackpottene alltid kommer til \u00e5 v\u00e6re h\u00f8ye. Faktisk starter jackpoten p\u00e5 40 millioner dollar. S\u00e5 selv om du vinner grunnpotten f\u00f8r den begynner \u00e5 \u00f8ke (noe som sjelden skjer), vil du likevel f\u00e5 en stor utbetaling.<\/p>\n<p>Hvis du vinner jackpoten senere, n\u00e5r den begynner \u00e5 \u00f8ke, kan du vinne mye mer. Og det beste er at disse jackpottene \u00f8ker ganske raskt. S\u00e5 det som starter p\u00e5 40 millioner dollar i dag, kan fort bli over 100 millioner dollar p\u00e5 bare en uke eller mindre. Derfra kan det g\u00e5 opp til flere hundre millioner, og du kan v\u00e6re med p\u00e5 en ny milliardtrekning. Det ville definitivt v\u00e6re verdt investeringen p\u00e5 noen f\u00e5 dollar for billetter, ikke sant?<\/p>\n<p>P\u00e5 nettsiden v\u00e5r har du muligheten til \u00e5 kj\u00f8pe Mega Millions-lodd p\u00e5 nettet, selv om du bor i Norge. Det er bare \u00e5 velge tall, kj\u00f8pe lodd og vente p\u00e5 resultatet av trekningen! Vi skal snart g\u00e5 gjennom noen av de overordnede trinnene og hva som kreves for \u00e5 komme i gang, men la oss f\u00f8rst fokusere p\u00e5 selve Mega Millions.<\/p>\n<h2>Reglene for Mega Millions<\/h2>\n<p>Reglene for Mega Millions er enkle. Du m\u00e5 velge 5 tall mellom 1 og 70, pluss et ekstra MegaBall-nummer. Alle tallene m\u00e5 treffes for \u00e5 vinne jackpoten. Det betyr ikke at du ikke kan vinne noe hvis du ikke f\u00e5r jackpotten. Det finnes faktisk en rekke forskjellige premier du kan vinne. Hos Mega Millions kan du vinne i ni premieomr\u00e5der.<\/p>\n<p>Det som er veldig bra, er at du faktisk kan vinne basert p\u00e5 at du bare treffer ett enkelt tall, s\u00e5 lenge dette tallet er MegaBall. Hvis du treffer det tallet, vinner du en automatisk premie, og det er bare begynnelsen p\u00e5 det hele. Du kan vinne veldig sm\u00e5 premier som bare gir deg tilbake pengene du brukte p\u00e5 \u00e5 kj\u00f8pe loddet, eller du kan vinne store premier som likevel er mindre enn den faktiske jackpoten.<br \/>\nI tillegg vinnes hver premie under jackpotten individuelt. Det betyr at du ikke trenger \u00e5 dele pengene hvis noen andre ogs\u00e5 vinner den premien.<img loading=\"lazy\" decoding=\"async\" class=\"alignright wp-image\" src=\"https:\/\/content.redfoxlotto.com\/uploads\/sites\/9\/2_ticket_mega_millions2.jpg\" alt=\"Mega Millions p\u00e5 nettet\" width=\"200\" height=\"207\" \/><\/p>\n<h2>Kj\u00f8pe Mega Millions-lodd p\u00e5 nett i Norge<\/h2>\n<p>Er du klar til \u00e5 kj\u00f8pe din f\u00f8rste Mega Millions-lodd p\u00e5 nettet? Hvis du er det, vil du definitivt ta en titt p\u00e5 trinnene som inng\u00e5r i prosessen. Vi gj\u00f8r det s\u00e5 enkelt som mulig fordi vi vet at du virkelig \u00f8nsker \u00e5 kj\u00f8pe loddet ditt, v\u00e6re med p\u00e5 trekningen og deretter fortsette med de andre tingene som skjer i livet ditt. Derfor har vi gjort det til en enkel prosess.<\/p>\n<p>Det f\u00f8rste trinnet er \u00e5 bestemme hva du skal kj\u00f8pe. Hvis du vil kj\u00f8pe Mega Millions-billetter p\u00e5 nettet, blir det enkelt. Du finner bare spillet og g\u00e5r inn p\u00e5 siden spesielt for det.<\/p>\n<p>Hvis du vil kj\u00f8pe billetter til andre spill, vil du kunne se hvert av dem samt deres n\u00e5v\u00e6rende jackpotter tilgjengelig rett p\u00e5 samme skjerm, og du kan ogs\u00e5 g\u00e5 inn p\u00e5 hver av disse individuelt. Det gj\u00f8r det veldig enkelt for deg \u00e5 bestemme deg for hva du skal gj\u00f8re og velge ut de billettene du vil ha.<\/p>\n<p>N\u00e5r du er p\u00e5 siden, kan du finne ut mer om Mega Millions, og deretter kan du velge ut tallene du vil spille p\u00e5. Hvis du har spesifikke tall du vil ha, kan du velge dem rett p\u00e5 skjermen. Hvis du bare har noen f\u00e5 tall og vil at resten skal tildeles tilfeldig, er det ogs\u00e5 et alternativ. Eller du kan velge \u00e5 f\u00e5 en fullstendig randomisert kupong. Det er helt opp til deg. Uansett vet du om du har nok tall, for f\u00e5 eller for mange, for vi kontrollerer at billetten din er gyldig allerede f\u00f8r du kommer til neste side.<\/p>\n<h2>Betalingsprosessen<\/h2>\n<p>Etter at du har valgt ut Mega Millions-billettene du vil ha, kan du legge dem i handlekurven og velge flere billetter hvis du vil, eller du kan fortsette til kassen. N\u00e5r du g\u00e5r til kassen trenger du en konto hos oss, men vi gj\u00f8r det superenkelt \u00e5 opprette den ogs\u00e5.<\/p>\n<p><img loading=\"lazy\" decoding=\"async\" class=\"alignright wp-image\" src=\"https:\/\/content.redfoxlotto.com\/uploads\/sites\/9\/1_buy_mega_millions_lottery_tickets.jpg\" alt=\"kj\u00f8p billetter p\u00e5 nettet\" width=\"287\" height=\"202\" \/><br \/>\nDu fyller bare ut litt grunnleggende informasjon om deg selv, slik at du kan gj\u00f8re krav p\u00e5 premiene hvis du trenger det.<\/p>\n<p>Det er alt du trenger \u00e5 gj\u00f8re. Du bekrefter kj\u00f8pet, vi henter billettene til deg, og de dukker opp p\u00e5 kontoen din, slik at du kan se om du har vunnet. Vi sender deg til og med en e-post hvis loddet ditt vinner og viser deg direkte p\u00e5 kontoen din hvilke tall som har matchet fra trekningen. Du kommer ikke til \u00e5 ha noe problem med \u00e5 f\u00e5 en flott opplevelse med Mega Millions, og du kommer til \u00e5 \u00f8nske \u00e5 fortsette \u00e5 spille hvert eneste spill.<\/p>\n","protected":false},"excerpt":{"rendered":"<p>Dette lotteriet i 44 amerikanske delstater var kjent som &laquo;The Big Game&raquo; frem til 2002, og er n\u00e5 kjent over hele verden som Mega Millions. Det avholdes to trekninger i uken (hver tirsdag og fredag). Hvis du ikke har h\u00f8rt om dette spillet, eller hvis du ikke har fulgt med frem til n\u00e5, b\u00f8r du [&hellip;]<\/p>\n","protected":false},"author":1,"featured_media":0,"parent":60261,"menu_order":2,"comment_status":"closed","ping_status":"closed","template":"megamillion-info.php","meta":{"_et_pb_use_builder":"","_et_pb_old_content":"","_et_gb_content_width":"","exclude_from_search":false,"footnotes":""},"class_list":["post-60278","page","type-page","status-publish","hentry"],"yoast_head":"<!-- This site is optimized with the Yoast SEO plugin v23.8 - https:\/\/yoast.com\/wordpress\/plugins\/seo\/ -->\n<title>Kj\u00f8p Mega Millions-lodd p\u00e5 nett | Mega Millions er n\u00e5 tilgjengelig fra Norge<\/title>\n<meta name=\"description\" content=\"Finn ut mer om Mega Millions Lotto USA og hvordan du kan kj\u00f8pe Mega Millions-lodd p\u00e5 nettet, fra Norge eller fra hvilket som helst land i verden.\" \/>\n<meta name=\"robots\" content=\"index, follow, max-snippet:-1, max-image-preview:large, max-video-preview:-1\" \/>\n<link rel=\"canonical\" href=\"https:\/\/redfoxlotto.com\/no\/lotterier\/mega-millions\/\" \/>\n<meta property=\"og:locale\" content=\"nb_NO\" \/>\n<meta property=\"og:type\" content=\"article\" \/>\n<meta property=\"og:title\" content=\"Kj\u00f8p Mega Millions-lodd p\u00e5 nett | Mega Millions er n\u00e5 tilgjengelig fra Norge\" \/>\n<meta property=\"og:description\" content=\"Finn ut mer om Mega Millions Lotto USA og hvordan du kan kj\u00f8pe Mega Millions-lodd p\u00e5 nettet, fra Norge eller fra hvilket som helst land i verden.\" \/>\n<meta property=\"og:url\" content=\"https:\/\/redfoxlotto.com\/no\/lotterier\/mega-millions\/\" \/>\n<meta property=\"og:site_name\" content=\"Get Tickets for the World\u2019s largest jackpots\" \/>\n<meta property=\"article:modified_time\" content=\"2025-12-18T13:13:35+00:00\" \/>\n<meta property=\"og:image\" content=\"https:\/\/content.redfoxlotto.com\/uploads\/sites\/9\/2_ticket_mega_millions2.jpg\" \/>\n<meta name=\"twitter:card\" content=\"summary_large_image\" \/>\n<meta name=\"twitter:label1\" content=\"Ansl. lesetid\" \/>\n\t<meta name=\"twitter:data1\" content=\"5 minutter\" \/>\n<script type=\"application\/ld+json\" class=\"yoast-schema-graph\">{\"@context\":\"https:\/\/schema.org\",\"@graph\":[{\"@type\":\"WebPage\",\"@id\":\"https:\/\/redfoxlotto.com\/no\/lotterier\/mega-millions\/\",\"url\":\"https:\/\/redfoxlotto.com\/no\/lotterier\/mega-millions\/\",\"name\":\"Kj\u00f8p Mega Millions-lodd p\u00e5 nett | Mega Millions er n\u00e5 tilgjengelig fra Norge\",\"isPartOf\":{\"@id\":\"https:\/\/redfoxlotto.com\/no\/#website\"},\"primaryImageOfPage\":{\"@id\":\"https:\/\/redfoxlotto.com\/no\/lotterier\/mega-millions\/#primaryimage\"},\"image\":{\"@id\":\"https:\/\/redfoxlotto.com\/no\/lotterier\/mega-millions\/#primaryimage\"},\"thumbnailUrl\":\"https:\/\/content.redfoxlotto.com\/uploads\/sites\/9\/2_ticket_mega_millions2.jpg\",\"datePublished\":\"2018-11-18T08:54:25+00:00\",\"dateModified\":\"2025-12-18T13:13:35+00:00\",\"description\":\"Finn ut mer om Mega Millions Lotto USA og hvordan du kan kj\u00f8pe Mega Millions-lodd p\u00e5 nettet, fra Norge eller fra hvilket som helst land i verden.\",\"breadcrumb\":{\"@id\":\"https:\/\/redfoxlotto.com\/no\/lotterier\/mega-millions\/#breadcrumb\"},\"inLanguage\":\"nb-NO\",\"potentialAction\":[{\"@type\":\"ReadAction\",\"target\":[\"https:\/\/redfoxlotto.com\/no\/lotterier\/mega-millions\/\"]}]},{\"@type\":\"ImageObject\",\"inLanguage\":\"nb-NO\",\"@id\":\"https:\/\/redfoxlotto.com\/no\/lotterier\/mega-millions\/#primaryimage\",\"url\":\"https:\/\/content.redfoxlotto.com\/uploads\/sites\/9\/2_ticket_mega_millions2.jpg\",\"contentUrl\":\"https:\/\/content.redfoxlotto.com\/uploads\/sites\/9\/2_ticket_mega_millions2.jpg\"},{\"@type\":\"BreadcrumbList\",\"@id\":\"https:\/\/redfoxlotto.com\/no\/lotterier\/mega-millions\/#breadcrumb\",\"itemListElement\":[{\"@type\":\"ListItem\",\"position\":1,\"name\":\"Home\",\"item\":\"https:\/\/redfoxlotto.com\/no\/\"},{\"@type\":\"ListItem\",\"position\":2,\"name\":\"Hvordan kj\u00f8pe lodd p\u00e5 nettet &#8211; kj\u00f8psprosessen\",\"item\":\"https:\/\/redfoxlotto.com\/no\/lotterier\/\"},{\"@type\":\"ListItem\",\"position\":3,\"name\":\"Om Mega Millions\"}]},{\"@type\":\"WebSite\",\"@id\":\"https:\/\/redfoxlotto.com\/no\/#website\",\"url\":\"https:\/\/redfoxlotto.com\/no\/\",\"name\":\"Get Tickets for the World\u2019s largest jackpots\",\"description\":\"Participate in worldwide lottery jackpots from any country\",\"publisher\":{\"@id\":\"https:\/\/redfoxlotto.com\/no\/#organization\"},\"potentialAction\":[{\"@type\":\"SearchAction\",\"target\":{\"@type\":\"EntryPoint\",\"urlTemplate\":\"https:\/\/redfoxlotto.com\/no\/?s={search_term_string}\"},\"query-input\":{\"@type\":\"PropertyValueSpecification\",\"valueRequired\":true,\"valueName\":\"search_term_string\"}}],\"inLanguage\":\"nb-NO\"},{\"@type\":\"Organization\",\"@id\":\"https:\/\/redfoxlotto.com\/no\/#organization\",\"name\":\"Get Tickets for the World\u2019s largest jackpots\",\"url\":\"https:\/\/redfoxlotto.com\/no\/\",\"logo\":{\"@type\":\"ImageObject\",\"inLanguage\":\"nb-NO\",\"@id\":\"https:\/\/redfoxlotto.com\/no\/#\/schema\/logo\/image\/\",\"url\":\"https:\/\/redfoxlotto.com\/wp-content\/uploads\/2023\/04\/logo.png\",\"contentUrl\":\"https:\/\/redfoxlotto.com\/wp-content\/uploads\/2023\/04\/logo.png\",\"width\":269,\"height\":53,\"caption\":\"Get Tickets for the World\u2019s largest jackpots\"},\"image\":{\"@id\":\"https:\/\/redfoxlotto.com\/no\/#\/schema\/logo\/image\/\"}}]}<\/script>\n<!-- \/ Yoast SEO plugin. -->","yoast_head_json":{"title":"Kj\u00f8p Mega Millions-lodd p\u00e5 nett | Mega Millions er n\u00e5 tilgjengelig fra Norge","description":"Finn ut mer om Mega Millions Lotto USA og hvordan du kan kj\u00f8pe Mega Millions-lodd p\u00e5 nettet, fra Norge eller fra hvilket som helst land i verden.","robots":{"index":"index","follow":"follow","max-snippet":"max-snippet:-1","max-image-preview":"max-image-preview:large","max-video-preview":"max-video-preview:-1"},"canonical":"https:\/\/redfoxlotto.com\/no\/lotterier\/mega-millions\/","og_locale":"nb_NO","og_type":"article","og_title":"Kj\u00f8p Mega Millions-lodd p\u00e5 nett | Mega Millions er n\u00e5 tilgjengelig fra Norge","og_description":"Finn ut mer om Mega Millions Lotto USA og hvordan du kan kj\u00f8pe Mega Millions-lodd p\u00e5 nettet, fra Norge eller fra hvilket som helst land i verden.","og_url":"https:\/\/redfoxlotto.com\/no\/lotterier\/mega-millions\/","og_site_name":"Get Tickets for the World\u2019s largest jackpots","article_modified_time":"2025-12-18T13:13:35+00:00","og_image":[{"url":"https:\/\/content.redfoxlotto.com\/uploads\/sites\/9\/2_ticket_mega_millions2.jpg"}],"twitter_card":"summary_large_image","twitter_misc":{"Ansl. lesetid":"5 minutter"},"schema":{"@context":"https:\/\/schema.org","@graph":[{"@type":"WebPage","@id":"https:\/\/redfoxlotto.com\/no\/lotterier\/mega-millions\/","url":"https:\/\/redfoxlotto.com\/no\/lotterier\/mega-millions\/","name":"Kj\u00f8p Mega Millions-lodd p\u00e5 nett | Mega Millions er n\u00e5 tilgjengelig fra Norge","isPartOf":{"@id":"https:\/\/redfoxlotto.com\/no\/#website"},"primaryImageOfPage":{"@id":"https:\/\/redfoxlotto.com\/no\/lotterier\/mega-millions\/#primaryimage"},"image":{"@id":"https:\/\/redfoxlotto.com\/no\/lotterier\/mega-millions\/#primaryimage"},"thumbnailUrl":"https:\/\/content.redfoxlotto.com\/uploads\/sites\/9\/2_ticket_mega_millions2.jpg","datePublished":"2018-11-18T08:54:25+00:00","dateModified":"2025-12-18T13:13:35+00:00","description":"Finn ut mer om Mega Millions Lotto USA og hvordan du kan kj\u00f8pe Mega Millions-lodd p\u00e5 nettet, fra Norge eller fra hvilket som helst land i verden.","breadcrumb":{"@id":"https:\/\/redfoxlotto.com\/no\/lotterier\/mega-millions\/#breadcrumb"},"inLanguage":"nb-NO","potentialAction":[{"@type":"ReadAction","target":["https:\/\/redfoxlotto.com\/no\/lotterier\/mega-millions\/"]}]},{"@type":"ImageObject","inLanguage":"nb-NO","@id":"https:\/\/redfoxlotto.com\/no\/lotterier\/mega-millions\/#primaryimage","url":"https:\/\/content.redfoxlotto.com\/uploads\/sites\/9\/2_ticket_mega_millions2.jpg","contentUrl":"https:\/\/content.redfoxlotto.com\/uploads\/sites\/9\/2_ticket_mega_millions2.jpg"},{"@type":"BreadcrumbList","@id":"https:\/\/redfoxlotto.com\/no\/lotterier\/mega-millions\/#breadcrumb","itemListElement":[{"@type":"ListItem","position":1,"name":"Home","item":"https:\/\/redfoxlotto.com\/no\/"},{"@type":"ListItem","position":2,"name":"Hvordan kj\u00f8pe lodd p\u00e5 nettet &#8211; kj\u00f8psprosessen","item":"https:\/\/redfoxlotto.com\/no\/lotterier\/"},{"@type":"ListItem","position":3,"name":"Om Mega Millions"}]},{"@type":"WebSite","@id":"https:\/\/redfoxlotto.com\/no\/#website","url":"https:\/\/redfoxlotto.com\/no\/","name":"Get Tickets for the World\u2019s largest jackpots","description":"Participate in worldwide lottery jackpots from any country","publisher":{"@id":"https:\/\/redfoxlotto.com\/no\/#organization"},"potentialAction":[{"@type":"SearchAction","target":{"@type":"EntryPoint","urlTemplate":"https:\/\/redfoxlotto.com\/no\/?s={search_term_string}"},"query-input":{"@type":"PropertyValueSpecification","valueRequired":true,"valueName":"search_term_string"}}],"inLanguage":"nb-NO"},{"@type":"Organization","@id":"https:\/\/redfoxlotto.com\/no\/#organization","name":"Get Tickets for the World\u2019s largest jackpots","url":"https:\/\/redfoxlotto.com\/no\/","logo":{"@type":"ImageObject","inLanguage":"nb-NO","@id":"https:\/\/redfoxlotto.com\/no\/#\/schema\/logo\/image\/","url":"https:\/\/redfoxlotto.com\/wp-content\/uploads\/2023\/04\/logo.png","contentUrl":"https:\/\/redfoxlotto.com\/wp-content\/uploads\/2023\/04\/logo.png","width":269,"height":53,"caption":"Get Tickets for the World\u2019s largest jackpots"},"image":{"@id":"https:\/\/redfoxlotto.com\/no\/#\/schema\/logo\/image\/"}}]}},"_links":{"self":[{"href":"https:\/\/redfoxlotto.com\/no\/wp-json\/wp\/v2\/pages\/60278","targetHints":{"allow":["GET"]}}],"collection":[{"href":"https:\/\/redfoxlotto.com\/no\/wp-json\/wp\/v2\/pages"}],"about":[{"href":"https:\/\/redfoxlotto.com\/no\/wp-json\/wp\/v2\/types\/page"}],"author":[{"embeddable":true,"href":"https:\/\/redfoxlotto.com\/no\/wp-json\/wp\/v2\/users\/1"}],"replies":[{"embeddable":true,"href":"https:\/\/redfoxlotto.com\/no\/wp-json\/wp\/v2\/comments?post=60278"}],"version-history":[{"count":0,"href":"https:\/\/redfoxlotto.com\/no\/wp-json\/wp\/v2\/pages\/60278\/revisions"}],"up":[{"embeddable":true,"href":"https:\/\/redfoxlotto.com\/no\/wp-json\/wp\/v2\/pages\/60261"}],"wp:attachment":[{"href":"https:\/\/redfoxlotto.com\/no\/wp-json\/wp\/v2\/media?parent=60278"}],"curies":[{"name":"wp","href":"https:\/\/api.w.org\/{rel}","templated":true}]}}