{"id":60267,"date":"2018-11-18T08:54:25","date_gmt":"2018-11-18T08:54:25","guid":{"rendered":"https:\/\/redfoxlotto.eu\/?page_id=60267"},"modified":"2025-12-18T11:18:30","modified_gmt":"2025-12-18T11:18:30","slug":"powerball","status":"publish","type":"page","link":"https:\/\/redfoxlotto.com\/no\/lotterier\/powerball\/","title":{"rendered":"Om Powerball"},"content":{"rendered":"<p><script type=\"application\/ld+json\">\n{\n  \"@context\": \"https:\/\/schema.org\",\n  \"@type\": \"Service\",\n  \"name\": \"Spill Powerball p\u00e5 nettet\",\n  \"url\": \"https:\/\/redfoxlotto.com\/no\/lotteries\/powerball\",\n  \"description\": \"Kj\u00f8p offisielle Powerball-lotteribilletter p\u00e5 nettet fra hvilket som helst land. Bes\u00f8k RedFoxLotto, velg dine tall og delta i neste trekning.\",\n  \"serviceType\": \"Online lotteri billettjeneste\",<\/p>\n<p>  \"provider\": {\n    \"@type\": \"Organization\",\n    \"name\": \"RedFoxLotto\",\n    \"url\": \"https:\/\/redfoxlotto.com\/no\/\",\n    \"image\": \"https:\/\/redfoxlotto.com\/wp-content\/uploads\/2025\/12\/ticket_scans.jpg\",\n    \"sameAs\": []\n  },<\/p>\n<p>  \"areaServed\": \"Worldwide\",\n  \"termsOfService\": \"https:\/\/redfoxlotto.com\/terms-and-conditions\",<\/p>\n<p>  \"additionalProperty\": {\n    \"@type\": \"PropertyValue\",\n    \"name\": \"FAQ\",\n    \"value\": \"https:\/\/redfoxlotto.com\/no\/faq\/\"\n  },<\/p>\n<p>  \"hasOfferCatalog\": {\n    \"@type\": \"OfferCatalog\",\n    \"name\": \"Powerball billetter\",\n    \"itemListElement\": [\n      {\n        \"@type\": \"Offer\",\n        \"name\": \"Powerball billetter\",\n        \"url\": \"https:\/\/redfoxlotto.com\/no\/lotteries\/powerball\",\n        \"description\": \"Kj\u00f8p ekte billetter online til neste Powerball-trekning p\u00e5 RedFoxLotto.\",\n        \"price\": \"5.90\",\n        \"priceCurrency\": \"\u20ac\",\n        \"availability\": \"https:\/\/schema.org\/InStock\",<\/p>\n<p>        \"itemOffered\": {\n          \"@type\": \"Service\",\n          \"name\": \"Powerball billetter\",\n          \"description\": \"Delta i neste Powerball-trekning \u2013 kj\u00f8p billetter online via RedFoxLotto.\"\n        }\n      }\n    ]\n  },<\/p>\n<p>  \"mainEntityOfPage\": {\n    \"@type\": \"WebPage\",\n    \"@id\": \"https:\/\/redfoxlotto.com\/no\/lotteries\/powerball\"\n  }\n}\n<\/script><\/p>\n<p>Powerball er sannsynligvis det mest kjente lotteriet i verden, og det er det gode grunner til.<\/p>\n<p>Millioner av spillere fra hele verden spiller spillet. Ikke bare i USA, men ogs\u00e5 i andre land, som Norge, kan du velge \u00e5 kj\u00f8pe Powerball-lodd p\u00e5 nettet.<\/p>\n<p>Trekningene finner sted hver l\u00f8rdag og onsdag, noe som betyr at du har dobbelt s\u00e5 mange muligheter til \u00e5 v\u00e6re med og kj\u00f8pe lodd. Det som virkelig er spennende er at den st\u00f8rste jackpoten som noensinne er oppn\u00e5dd i Powerball var p\u00e5 1 586 400 000 dollar!<\/p>\n<h2>Powerball Lotto over hele verden<\/h2>\n<p>Ved hjelp av nettstedet v\u00e5rt kan du n\u00e5 bli Powerball-multimillion\u00e6r. Vi gir deg muligheten til \u00e5 kj\u00f8pe Powerball-lodd p\u00e5 nettet. Og alt du trenger \u00e5 gj\u00f8re er \u00e5 ta en titt p\u00e5 hva systemet v\u00e5rt inneb\u00e6rer. Du vil se at du kan g\u00e5 fra \u00e5 bare sjekke ut nettsiden v\u00e5r til \u00e5 ha din f\u00f8rste kupong p\u00e5 kontoen din i l\u00f8pet av noen f\u00e5 enkle trinn. S\u00e5 la oss se n\u00e6rmere p\u00e5 hva du m\u00e5 gj\u00f8re.<img decoding=\"async\" class=\"wp-image alignright\" src=\"https:\/\/redfoxlotto.com\/wp-content\/uploads\/sites\/9\/ticket_powerball3.jpg\" alt=\"powerball lotteri\" \/><\/p>\n<h2>Slik kj\u00f8per du Powerball-lodd online fra Norge<\/h2>\n<p>Det f\u00f8rste trinnet er ganske enkelt \u00e5 sjekke ut de forskjellige lotterispillene vi har tilgjengelig. Heldigvis for deg er det en rekke flotte lodd og spill tilgjengelig fordi vi \u00f8nsker \u00e5 s\u00f8rge for at du kan v\u00e6re med p\u00e5 alle de st\u00f8rste jackpottene. S\u00e5 alle de st\u00f8rste spillene rundt om i verden er tilgjengelige fra Norge, via nettsiden v\u00e5r. Du tar bare en titt p\u00e5 spillene som er tilgjengelige, og bestemmer deg deretter for hvilket du vil spille.<\/p>\n<p>N\u00e5r du har bestemt deg for et spill (i dette tilfellet Powerball), klikker du bare p\u00e5 lenken og g\u00e5r inn p\u00e5 siden. Du f\u00e5r opp mer informasjon om spillet, og du f\u00e5r informasjon om hvordan du skaffer deg din egen kupong. Alt som trengs er \u00e5 plukke ut de tallene du \u00f8nsker. Selvf\u00f8lgelig kan du ogs\u00e5 velge et hurtigvalg hvis du ikke vet hvilke tall du vil ha.<\/p>\n<p>N\u00e5r du begynner \u00e5 plukke ut numrene dine p\u00e5 nettstedet v\u00e5rt, forteller vi deg n\u00f8yaktig hvor mange du trenger og s\u00f8rger for at du ikke har for mange eller for f\u00e5 for \u00e5 f\u00e5 en gyldig billett. Du har ogs\u00e5 muligheten til \u00e5 velge en kombinasjon av tilfeldig valgte og personlig valgte tall etter eget \u00f8nske. Du kan ogs\u00e5 velge flere billetter til spillet.<\/p>\n<p>Derfra kan du legge billettene i handlekurven din, og deretter kan du plukke ut flere billetter fra Powerball eller fra andre spill du vil spille. Deretter m\u00e5 du bare opprette din egen konto. N\u00e5r du gj\u00f8r det, kommer vi til \u00e5 sp\u00f8rre deg om noen personlige opplysninger som vil gj\u00f8re deg tryggere n\u00e5r du vil kj\u00f8pe lodd og n\u00e5r du vil ta ut penger fra kontoen din. Du vil ogs\u00e5 kunne sette opp alle kontoene du \u00f8nsker.<\/p>\n<h2>Reglene for Powerball-loddkj\u00f8p p\u00e5 nettet<\/h2>\n<p>N\u00e5r du skal sette opp en Powerball-lodd, b\u00f8r du vite alt om reglene du m\u00e5 f\u00f8lge og hvordan du velger ut loddet. S\u00e5 hva m\u00e5 du gj\u00f8re?<\/p>\n<p>Du m\u00e5 velge 5 tall mellom 1 og 69, pluss ett Powerball-tall fra 1 til 26. Alle de seks tallene m\u00e5 stemme overens p\u00e5 kupongen din. Da har du vunnet jackpoten. Hvis du bare har de f\u00f8rste 5 tallene riktig, vinner kupongen din andrepremien. Det gj\u00f8r deg likevel 1 million dollar rikere. Powerball-jackpotgevinster kan utbetales som en engangsutbetaling eller i 30 \u00e5rlige avdrag.<\/p>\n<h2>Kj\u00f8p en Powerball-lodd p\u00e5 nettet og vinn!<\/h2>\n<p>S\u00e5, hva kommer til \u00e5 skje hvis du faktisk vinner Powerball-jackpotten? Det kommer til \u00e5 bli kjempeg\u00f8y, og du kommer definitivt til \u00e5 bli kjempespent. Du kommer ogs\u00e5 til \u00e5 m\u00e5tte planlegge en reise til USA, for de elsker \u00e5 gj\u00f8re en stor sak ut av de som vinner.<\/p>\n<p>Det betyr at de kommer til \u00e5 ta bilder, overrekke deg en stor sjekk og mye mer, og vi s\u00f8rger for at du er forberedt p\u00e5 det med billetten og informasjonen du trenger for \u00e5 hente premien.<\/p>\n<p>Hvis du vinner en lavere premie, kan vi sette pengene direkte inn p\u00e5 kontoen din, slik at du kan ta dem ut, eller du kan bruke dem til \u00e5 kj\u00f8pe flere lodd. Hvis du vinner st\u00f8rre premier, men ikke jackpotten, kan du f\u00e5 en direkte overf\u00f8ring til kontoen din, og vi kommer til \u00e5 ta kontakt med deg for \u00e5 fortelle deg hva du m\u00e5 gj\u00f8re og hvordan du kan ordne alt dette. Men hvordan kommer du til \u00e5 vite det?<\/p>\n<p><img decoding=\"async\" class=\"size-full wp-image alignright\" src=\"https:\/\/content.redfoxlotto.com\/uploads\/sites\/9\/1_buy_lottery_online.jpg\" alt=\"kj\u00f8p billetter online\" \/><\/p>\n<p>Hvis du fortsetter \u00e5 sjekke kontoen din, vil du kunne se oppdateringer p\u00e5 billetten din, og du vil se alle tall som matcher. Du f\u00e5r ogs\u00e5 pengene for mindre bel\u00f8p umiddelbart overf\u00f8rt til kontoen din. Ethvert bel\u00f8p du vinner, kommer imidlertid til \u00e5 dukke opp i e-posten din. Det betyr at du bare kan sjekke e-posten din og se at du har vunnet, slik at du kan g\u00e5 til kontoen din umiddelbart.<\/p>\n<h2>Spille nye spill<\/h2>\n<p>Hvis du er klar til \u00e5 begynne \u00e5 spille og du vil kj\u00f8pe Powerball-lodd p\u00e5 nettet, vil du definitivt ogs\u00e5 sjekke ut noen av de andre alternativene vi har. Vi har faktisk de heteste lotterispillene i verden, og alt du trenger \u00e5 gj\u00f8re er \u00e5 bestemme deg for hvilket som blir din favoritt og hvilket du vil pr\u00f8ve neste gang.<\/p>\n<p>S\u00e5 ta en rask titt p\u00e5 hva som er tilgjengelig og hvordan du kan hente alle billettene du vil ha. Og s\u00f8rg for at du ogs\u00e5 ser p\u00e5 all informasjonen du kan finne om hvert av spillene, n\u00e5r de trekkes, hvor mye du kan vinne og mye mer.<\/p>\n<p>Vil du spille og kj\u00f8pe Powerball-lodd p\u00e5 nettet? Kom i gang akkurat n\u00e5, akkurat her.<\/p>\n","protected":false},"excerpt":{"rendered":"<p>Powerball er sannsynligvis det mest kjente lotteriet i verden, og det er det gode grunner til. Millioner av spillere fra hele verden spiller spillet. Ikke bare i USA, men ogs\u00e5 i andre land, som Norge, kan du velge \u00e5 kj\u00f8pe Powerball-lodd p\u00e5 nettet. Trekningene finner sted hver l\u00f8rdag og onsdag, noe som betyr at du [&hellip;]<\/p>\n","protected":false},"author":1,"featured_media":0,"parent":60261,"menu_order":1,"comment_status":"closed","ping_status":"closed","template":"powerball-usa-info.php","meta":{"_et_pb_use_builder":"","_et_pb_old_content":"","_et_gb_content_width":"","exclude_from_search":false,"footnotes":""},"class_list":["post-60267","page","type-page","status-publish","hentry"],"yoast_head":"<!-- This site is optimized with the Yoast SEO plugin v23.8 - https:\/\/yoast.com\/wordpress\/plugins\/seo\/ -->\n<title>Kj\u00f8p Powerball-lodd p\u00e5 nett fra Norge | Vinn Powerball her<\/title>\n<meta name=\"description\" content=\"Hvordan kj\u00f8pe en billett online til Powerball Lotto USA? V\u00e5r tjeneste er \u00e5 la deg delta i Powerball USA fra Norge.\" \/>\n<meta name=\"robots\" content=\"index, follow, max-snippet:-1, max-image-preview:large, max-video-preview:-1\" \/>\n<link rel=\"canonical\" href=\"https:\/\/redfoxlotto.com\/no\/lotterier\/powerball\/\" \/>\n<meta property=\"og:locale\" content=\"nb_NO\" \/>\n<meta property=\"og:type\" content=\"article\" \/>\n<meta property=\"og:title\" content=\"Kj\u00f8p Powerball-lodd p\u00e5 nett fra Norge | Vinn Powerball her\" \/>\n<meta property=\"og:description\" content=\"Hvordan kj\u00f8pe en billett online til Powerball Lotto USA? V\u00e5r tjeneste er \u00e5 la deg delta i Powerball USA fra Norge.\" \/>\n<meta property=\"og:url\" content=\"https:\/\/redfoxlotto.com\/no\/lotterier\/powerball\/\" \/>\n<meta property=\"og:site_name\" content=\"Get Tickets for the World\u2019s largest jackpots\" \/>\n<meta property=\"article:modified_time\" content=\"2025-12-18T11:18:30+00:00\" \/>\n<meta property=\"og:image\" content=\"https:\/\/redfoxlotto.com\/wp-content\/uploads\/sites\/9\/ticket_powerball3.jpg\" \/>\n<meta name=\"twitter:card\" content=\"summary_large_image\" \/>\n<meta name=\"twitter:label1\" content=\"Ansl. lesetid\" \/>\n\t<meta name=\"twitter:data1\" content=\"5 minutter\" \/>\n<script type=\"application\/ld+json\" class=\"yoast-schema-graph\">{\"@context\":\"https:\/\/schema.org\",\"@graph\":[{\"@type\":\"WebPage\",\"@id\":\"https:\/\/redfoxlotto.com\/no\/lotterier\/powerball\/\",\"url\":\"https:\/\/redfoxlotto.com\/no\/lotterier\/powerball\/\",\"name\":\"Kj\u00f8p Powerball-lodd p\u00e5 nett fra Norge | Vinn Powerball her\",\"isPartOf\":{\"@id\":\"https:\/\/redfoxlotto.com\/no\/#website\"},\"primaryImageOfPage\":{\"@id\":\"https:\/\/redfoxlotto.com\/no\/lotterier\/powerball\/#primaryimage\"},\"image\":{\"@id\":\"https:\/\/redfoxlotto.com\/no\/lotterier\/powerball\/#primaryimage\"},\"thumbnailUrl\":\"https:\/\/redfoxlotto.com\/wp-content\/uploads\/sites\/9\/ticket_powerball3.jpg\",\"datePublished\":\"2018-11-18T08:54:25+00:00\",\"dateModified\":\"2025-12-18T11:18:30+00:00\",\"description\":\"Hvordan kj\u00f8pe en billett online til Powerball Lotto USA? V\u00e5r tjeneste er \u00e5 la deg delta i Powerball USA fra Norge.\",\"breadcrumb\":{\"@id\":\"https:\/\/redfoxlotto.com\/no\/lotterier\/powerball\/#breadcrumb\"},\"inLanguage\":\"nb-NO\",\"potentialAction\":[{\"@type\":\"ReadAction\",\"target\":[\"https:\/\/redfoxlotto.com\/no\/lotterier\/powerball\/\"]}]},{\"@type\":\"ImageObject\",\"inLanguage\":\"nb-NO\",\"@id\":\"https:\/\/redfoxlotto.com\/no\/lotterier\/powerball\/#primaryimage\",\"url\":\"https:\/\/redfoxlotto.com\/wp-content\/uploads\/sites\/9\/ticket_powerball3.jpg\",\"contentUrl\":\"https:\/\/redfoxlotto.com\/wp-content\/uploads\/sites\/9\/ticket_powerball3.jpg\"},{\"@type\":\"BreadcrumbList\",\"@id\":\"https:\/\/redfoxlotto.com\/no\/lotterier\/powerball\/#breadcrumb\",\"itemListElement\":[{\"@type\":\"ListItem\",\"position\":1,\"name\":\"Home\",\"item\":\"https:\/\/redfoxlotto.com\/no\/\"},{\"@type\":\"ListItem\",\"position\":2,\"name\":\"Hvordan kj\u00f8pe lodd p\u00e5 nettet &#8211; kj\u00f8psprosessen\",\"item\":\"https:\/\/redfoxlotto.com\/no\/lotterier\/\"},{\"@type\":\"ListItem\",\"position\":3,\"name\":\"Om Powerball\"}]},{\"@type\":\"WebSite\",\"@id\":\"https:\/\/redfoxlotto.com\/no\/#website\",\"url\":\"https:\/\/redfoxlotto.com\/no\/\",\"name\":\"Get Tickets for the World\u2019s largest jackpots\",\"description\":\"Participate in worldwide lottery jackpots from any country\",\"publisher\":{\"@id\":\"https:\/\/redfoxlotto.com\/no\/#organization\"},\"potentialAction\":[{\"@type\":\"SearchAction\",\"target\":{\"@type\":\"EntryPoint\",\"urlTemplate\":\"https:\/\/redfoxlotto.com\/no\/?s={search_term_string}\"},\"query-input\":{\"@type\":\"PropertyValueSpecification\",\"valueRequired\":true,\"valueName\":\"search_term_string\"}}],\"inLanguage\":\"nb-NO\"},{\"@type\":\"Organization\",\"@id\":\"https:\/\/redfoxlotto.com\/no\/#organization\",\"name\":\"Get Tickets for the World\u2019s largest jackpots\",\"url\":\"https:\/\/redfoxlotto.com\/no\/\",\"logo\":{\"@type\":\"ImageObject\",\"inLanguage\":\"nb-NO\",\"@id\":\"https:\/\/redfoxlotto.com\/no\/#\/schema\/logo\/image\/\",\"url\":\"https:\/\/redfoxlotto.com\/wp-content\/uploads\/2023\/04\/logo.png\",\"contentUrl\":\"https:\/\/redfoxlotto.com\/wp-content\/uploads\/2023\/04\/logo.png\",\"width\":269,\"height\":53,\"caption\":\"Get Tickets for the World\u2019s largest jackpots\"},\"image\":{\"@id\":\"https:\/\/redfoxlotto.com\/no\/#\/schema\/logo\/image\/\"}}]}<\/script>\n<!-- \/ Yoast SEO plugin. -->","yoast_head_json":{"title":"Kj\u00f8p Powerball-lodd p\u00e5 nett fra Norge | Vinn Powerball her","description":"Hvordan kj\u00f8pe en billett online til Powerball Lotto USA? V\u00e5r tjeneste er \u00e5 la deg delta i Powerball USA fra Norge.","robots":{"index":"index","follow":"follow","max-snippet":"max-snippet:-1","max-image-preview":"max-image-preview:large","max-video-preview":"max-video-preview:-1"},"canonical":"https:\/\/redfoxlotto.com\/no\/lotterier\/powerball\/","og_locale":"nb_NO","og_type":"article","og_title":"Kj\u00f8p Powerball-lodd p\u00e5 nett fra Norge | Vinn Powerball her","og_description":"Hvordan kj\u00f8pe en billett online til Powerball Lotto USA? V\u00e5r tjeneste er \u00e5 la deg delta i Powerball USA fra Norge.","og_url":"https:\/\/redfoxlotto.com\/no\/lotterier\/powerball\/","og_site_name":"Get Tickets for the World\u2019s largest jackpots","article_modified_time":"2025-12-18T11:18:30+00:00","og_image":[{"url":"https:\/\/redfoxlotto.com\/wp-content\/uploads\/sites\/9\/ticket_powerball3.jpg"}],"twitter_card":"summary_large_image","twitter_misc":{"Ansl. lesetid":"5 minutter"},"schema":{"@context":"https:\/\/schema.org","@graph":[{"@type":"WebPage","@id":"https:\/\/redfoxlotto.com\/no\/lotterier\/powerball\/","url":"https:\/\/redfoxlotto.com\/no\/lotterier\/powerball\/","name":"Kj\u00f8p Powerball-lodd p\u00e5 nett fra Norge | Vinn Powerball her","isPartOf":{"@id":"https:\/\/redfoxlotto.com\/no\/#website"},"primaryImageOfPage":{"@id":"https:\/\/redfoxlotto.com\/no\/lotterier\/powerball\/#primaryimage"},"image":{"@id":"https:\/\/redfoxlotto.com\/no\/lotterier\/powerball\/#primaryimage"},"thumbnailUrl":"https:\/\/redfoxlotto.com\/wp-content\/uploads\/sites\/9\/ticket_powerball3.jpg","datePublished":"2018-11-18T08:54:25+00:00","dateModified":"2025-12-18T11:18:30+00:00","description":"Hvordan kj\u00f8pe en billett online til Powerball Lotto USA? V\u00e5r tjeneste er \u00e5 la deg delta i Powerball USA fra Norge.","breadcrumb":{"@id":"https:\/\/redfoxlotto.com\/no\/lotterier\/powerball\/#breadcrumb"},"inLanguage":"nb-NO","potentialAction":[{"@type":"ReadAction","target":["https:\/\/redfoxlotto.com\/no\/lotterier\/powerball\/"]}]},{"@type":"ImageObject","inLanguage":"nb-NO","@id":"https:\/\/redfoxlotto.com\/no\/lotterier\/powerball\/#primaryimage","url":"https:\/\/redfoxlotto.com\/wp-content\/uploads\/sites\/9\/ticket_powerball3.jpg","contentUrl":"https:\/\/redfoxlotto.com\/wp-content\/uploads\/sites\/9\/ticket_powerball3.jpg"},{"@type":"BreadcrumbList","@id":"https:\/\/redfoxlotto.com\/no\/lotterier\/powerball\/#breadcrumb","itemListElement":[{"@type":"ListItem","position":1,"name":"Home","item":"https:\/\/redfoxlotto.com\/no\/"},{"@type":"ListItem","position":2,"name":"Hvordan kj\u00f8pe lodd p\u00e5 nettet &#8211; kj\u00f8psprosessen","item":"https:\/\/redfoxlotto.com\/no\/lotterier\/"},{"@type":"ListItem","position":3,"name":"Om Powerball"}]},{"@type":"WebSite","@id":"https:\/\/redfoxlotto.com\/no\/#website","url":"https:\/\/redfoxlotto.com\/no\/","name":"Get Tickets for the World\u2019s largest jackpots","description":"Participate in worldwide lottery jackpots from any country","publisher":{"@id":"https:\/\/redfoxlotto.com\/no\/#organization"},"potentialAction":[{"@type":"SearchAction","target":{"@type":"EntryPoint","urlTemplate":"https:\/\/redfoxlotto.com\/no\/?s={search_term_string}"},"query-input":{"@type":"PropertyValueSpecification","valueRequired":true,"valueName":"search_term_string"}}],"inLanguage":"nb-NO"},{"@type":"Organization","@id":"https:\/\/redfoxlotto.com\/no\/#organization","name":"Get Tickets for the World\u2019s largest jackpots","url":"https:\/\/redfoxlotto.com\/no\/","logo":{"@type":"ImageObject","inLanguage":"nb-NO","@id":"https:\/\/redfoxlotto.com\/no\/#\/schema\/logo\/image\/","url":"https:\/\/redfoxlotto.com\/wp-content\/uploads\/2023\/04\/logo.png","contentUrl":"https:\/\/redfoxlotto.com\/wp-content\/uploads\/2023\/04\/logo.png","width":269,"height":53,"caption":"Get Tickets for the World\u2019s largest jackpots"},"image":{"@id":"https:\/\/redfoxlotto.com\/no\/#\/schema\/logo\/image\/"}}]}},"_links":{"self":[{"href":"https:\/\/redfoxlotto.com\/no\/wp-json\/wp\/v2\/pages\/60267","targetHints":{"allow":["GET"]}}],"collection":[{"href":"https:\/\/redfoxlotto.com\/no\/wp-json\/wp\/v2\/pages"}],"about":[{"href":"https:\/\/redfoxlotto.com\/no\/wp-json\/wp\/v2\/types\/page"}],"author":[{"embeddable":true,"href":"https:\/\/redfoxlotto.com\/no\/wp-json\/wp\/v2\/users\/1"}],"replies":[{"embeddable":true,"href":"https:\/\/redfoxlotto.com\/no\/wp-json\/wp\/v2\/comments?post=60267"}],"version-history":[{"count":0,"href":"https:\/\/redfoxlotto.com\/no\/wp-json\/wp\/v2\/pages\/60267\/revisions"}],"up":[{"embeddable":true,"href":"https:\/\/redfoxlotto.com\/no\/wp-json\/wp\/v2\/pages\/60261"}],"wp:attachment":[{"href":"https:\/\/redfoxlotto.com\/no\/wp-json\/wp\/v2\/media?parent=60267"}],"curies":[{"name":"wp","href":"https:\/\/api.w.org\/{rel}","templated":true}]}}