{"id":60261,"date":"2023-04-24T14:12:24","date_gmt":"2023-04-24T14:12:24","guid":{"rendered":"https:\/\/redfoxlotto.eu\/?page_id=60261"},"modified":"2025-12-18T09:53:59","modified_gmt":"2025-12-18T09:53:59","slug":"lotterier","status":"publish","type":"page","link":"https:\/\/redfoxlotto.com\/no\/lotterier\/","title":{"rendered":"Hvordan kj\u00f8pe lodd p\u00e5 nettet &#8211; kj\u00f8psprosessen"},"content":{"rendered":"<p><script type=\"application\/ld+json\">\n{\n  \"@context\": \"https:\/\/schema.org\",\n  \"@type\": \"Service\",\n  \"name\": \"Kj\u00f8p lottobilletter p\u00e5 nettet\",\n  \"url\": \"https:\/\/redfoxlotto.com\/no\/lotteries\/\",\n  \"description\": \"Kj\u00f8p lottobilletter p\u00e5 nettet \u2013 planetens beste lotterier tilgjengelig her.\",\n  \"serviceType\": \"Nettbasert levering av lottobilletter\",<\/p>\n<p>  \"provider\": {\n    \"@type\": \"Organization\",\n    \"name\": \"RedFoxLotto\",\n    \"url\": \"https:\/\/redfoxlotto.com\/no\/\",\n    \"image\": \"https:\/\/redfoxlotto.com\/wp-content\/uploads\/2025\/12\/ticket_scans.jpg\"\n  },<\/p>\n<p>  \"areaServed\": \"Worldwide\",\n  \"termsOfService\": \"https:\/\/redfoxlotto.com\/terms-and-conditions\",<\/p>\n<p>  \"additionalProperty\": {\n    \"@type\": \"PropertyValue\",\n    \"name\": \"FAQ\",\n    \"value\": \"https:\/\/redfoxlotto.com\/no\/faq\/\"\n  },<\/p>\n<p>  \"hasOfferCatalog\": {\n    \"@type\": \"OfferCatalog\",\n    \"name\": \"Lottobilletter verden over\",\n    \"itemListElement\": [\n      {\n        \"@type\": \"Offer\",\n        \"name\": \"Lottobilletter\",\n        \"url\": \"https:\/\/redfoxlotto.com\/no\/lotteries\/\",\n        \"description\": \"\u00c5 kj\u00f8pe lottobilletter p\u00e5 nettet er trygt og enkelt \u2013 slik fungerer det.\",\n        \"availability\": \"https:\/\/schema.org\/InStock\",<\/p>\n<p>        \"itemOffered\": {\n          \"@type\": \"Service\",\n          \"name\": \"Nettbaserte lottobilletter\",\n          \"description\": \"Delta i verdens st\u00f8rste lotteripremier \u2013 kj\u00f8p billettene dine online via RedFoxLotto.\"\n        }\n      }\n    ]\n  },<\/p>\n<p>  \"mainEntityOfPage\": {\n    \"@type\": \"WebPage\",\n    \"@id\": \"https:\/\/redfoxlotto.com\/no\/lotteries\/\"\n  }\n}\n<\/script><\/p>\n<p>Er du klar til \u00e5 kj\u00f8pe lodd hvor som helst i verden? Eller kanskje du ikke er helt sikker p\u00e5 om du er klar enn\u00e5. Kanskje du ikke er helt sikker p\u00e5 at det virkelig kommer til \u00e5 bli g\u00f8y for deg. Eller kanskje du ikke vet hvordan prosessen kommer til \u00e5 bli.<\/p>\n<p>P\u00e5 nettstedet v\u00e5rt kan du kj\u00f8pe lottokuponger online til de st\u00f8rste lotteriene i verden. Og n\u00e5r vi sier verden, snakker vi om hele verden, ikke bare de loddene du er vant til \u00e5 kj\u00f8pe i hjembyen din. For oss inkluderer det Mega Millions og Powerball fra USA, EuroMillions, Eurojackpot, El Gordo og La Primitiva fra Spania, SuperEna fra Italia og mange flere.<br \/>\n<img decoding=\"async\" class=\" wp-image alignright\" src=\"https:\/\/redfoxlotto.org\/wp-content\/uploads\/2023\/04\/win_prizes_online-300x279-1.jpg\" alt=\"hvordan du kj\u00f8per lodd p\u00e5 nettet\" width=\"250&quot;\" height=\"125\" \/><\/p>\n<p>Det som er enda bedre med \u00e5 kj\u00f8pe disse loddene fra v\u00e5rt online-system, er at du kan f\u00e5 loddene dine i l\u00f8pet av bare fire enkle trinn. Du trenger ikke \u00e5 bekymre deg for \u00e5 g\u00e5 gjennom en hel masse hardt arbeid bare for \u00e5 f\u00e5 en billett fra et helt annet land. \u00c5 komme online kommer til \u00e5 gj\u00f8re alt dette til et blunk for deg.<\/p>\n<h2>Slik fungerer det \u00e5 kj\u00f8pe billetter online i fire enkle trinn:<br \/>\nTrinn 1 &#8211; Velge et lotteri<\/h2>\n<p>P\u00e5 RedFoxLotto.com velger du et lotteri du vil kj\u00f8pe lodd til. P\u00e5 hjemmesiden v\u00e5r kan du se lotteriene sortert etter st\u00f8rrelsen p\u00e5 den aktuelle jackpoten. P\u00e5 den m\u00e5ten kan du bestemme hvilket som faktisk er verdt \u00e5 kj\u00f8pe for deg, og du kan til og med sjekke ut de forskjellige lotteriene for \u00e5 finne ut mer informasjon om dem.<\/p>\n<p>Hvis du g\u00e5r inn p\u00e5 hver av sidene, vil du kunne se n\u00e5r de trekkes, hvor mye de er, og hva slags prosess det er \u00e5 plukke ut tallene. S\u00e5 du kommer aldri til \u00e5 g\u00e5 inn i blinde.<\/p>\n<h2>Steg 2 &#8211; Velg tallene dine<\/h2>\n<p>Bruk musen til \u00e5 velge tallene du \u00f8nsker. I boksene ser du hvor mange tall du trenger, og du f\u00e5r ogs\u00e5 vite om du trenger spesielle tall (som Powerball- eller Mega-tall for de lotteriene du er vant til). Hvis du ikke \u00f8nsker \u00e5 velge dine egne tall, kan du ogs\u00e5 bruke &laquo;Quick Pick&raquo;-funksjonen til \u00e5 velge tilfeldige tall.<\/p>\n<p>N\u00e5r du har valgt de tilfeldige tallene, har du fortsatt det siste ordet. S\u00e5 hvis du ender opp med to tall du ikke liker, kan du bytte dem ut med noe annet. Du kan ogs\u00e5 legge inn noen av dine egne tall f\u00f8rst og deretter velge de andre tilfeldig.<\/p>\n<p>Du trenger ikke \u00e5 bekymre deg for at du ikke har valgt nok eller for mange tall. I s\u00e5 fall vil systemet varsle deg og be deg om \u00e5 legge til eller fjerne tall f\u00f8r du kj\u00f8per loddene. S\u00e5 enkelt er det egentlig.<\/p>\n<p>Deretter kan du kj\u00f8pe flere lodd til andre lotterier og legge dem til i bestillingen din. N\u00e5r du er ferdig med alle loddene, klikker du p\u00e5 &laquo;Betal n\u00e5&raquo;. Du kan kj\u00f8pe flere lodd fra ett lotteri eller lodd fra en hvilken som helst kombinasjon av lotterier i handlekurven din p\u00e5 slutten av denne prosessen og betale for alle samtidig og med \u00e9n bestilling.<\/p>\n<h2>Trinn 3 &#8211; Registrer deg eller logg inn<\/h2>\n<p>N\u00e5 m\u00e5 du registrere en kundekonto hos oss for \u00e5 kj\u00f8pe lottokuponger online. Til dette trenger vi litt informasjon fra deg. Dette er for din egen sikkerhet, fordi du vil bli varslet i tilfelle gevinst. Hvis du allerede er registrert hos oss, trenger du bare \u00e5 logge inn med innloggingsdataene dine. Hvis du har glemt passordet ditt, kan du bruke funksjonen &laquo;Glemt passord&raquo;.<\/p>\n<h2>Trinn 4 &#8211; Betal<\/h2>\n<p><img decoding=\"async\" class=\" wp-image alignright\" src=\"https:\/\/redfoxlotto.org\/wp-content\/uploads\/2023\/04\/lotto-online-495x329-1-282x300-1.jpg\" alt=\"betale billett online\" width=\"250&quot;\" height=\"125\" \/><br \/>\nI kundekontoen din velger du hvilken betalingsm\u00e5te du foretrekker. Valgmulighetene kan variere avhengig av hvilket land du bor i. Mastercard, Visa, bankoverf\u00f8ring, Bitcoin, Neteller, Skrill og Paysafecard er bare noen av betalingsalternativene. Bare velg det du \u00f8nsker, og klikk deretter p\u00e5 kj\u00f8psknappen.<\/p>\n<p>Etter betalingen vil du motta en e-post som bekrefter kj\u00f8pet til den registrerte e-postadressen din. Det er slik at du kan forsikre deg om at bestillingen din er plassert og at du er klar for trekningen.<\/p>\n<p>N\u00e5r du er registrert, kan du ogs\u00e5 sette inn penger p\u00e5 kontoen din for \u00e5 kj\u00f8pe de billettene du \u00f8nsker senere. Det er en superenkel prosess fordi vi vil s\u00f8rge for at du kan f\u00e5 billettene du \u00f8nsker p\u00e5 kort tid. Selvf\u00f8lgelig kan du ogs\u00e5 bare legge til noen lodd i handlekurven din og deretter betale for disse loddene for \u00e5 fullf\u00f8re bestillingen.<\/p>\n<h2>Etter at du har kj\u00f8pt billettene dine p\u00e5 nettet<\/h2>\n<p>Fire trinn og bare noen f\u00e5 minutter, s\u00e5 er du klar og venter p\u00e5 trekningen. Og du trenger ikke \u00e5 bekymre deg for \u00e5 g\u00e5 glipp av noe heller, for vi gir deg beskjed med en gang hvis du vinner noe fra trekningen.<\/p>\n<p>Selvf\u00f8lgelig, hvis du vil sjekke det selv, kan du alltid g\u00e5 til kontoen din n\u00e5r du vil, og du vil kunne se billettene du har kj\u00f8pt og for hvilke spill.<\/p>\n<p>Hvis du har vunnet noe eller matchet noen tall etter en trekning, viser vi deg de matchende tallene og gir deg beskjed direkte p\u00e5 kontosiden din om du har vunnet. Vi forteller deg ogs\u00e5 hva du m\u00e5 gj\u00f8re for \u00e5 gj\u00f8re krav p\u00e5 gevinstene dine, slik at du ikke trenger \u00e5 bekymre deg for \u00e5 g\u00e5 glipp av noe.<\/p>\n<p>S\u00e5 enkelt er det \u00e5 spille lotto hos oss, og det kommer til \u00e5 bli mye morsommere enn noe annet du har spilt f\u00f8r, fordi du kommer til \u00e5 ha mange flere valgmuligheter. Det kommer definitivt til \u00e5 gi deg muligheten til \u00e5 kj\u00f8pe lottobilletter online.<\/p>\n<section class=\"layout\" style=\"border: solid 1px; width: 100%;\">\n<div class=\"img-div\" style=\"margin-top: 5px;\"><img decoding=\"async\" class=\"wp-image-17212 alignleft\" style=\"height: 45px; margin: 8px 8px 0px;\" src=\"https:\/\/redfoxlotto.com\/wp-content\/uploads\/sites\/9\/read1.jpg\" alt=\"kj\u00f8p lotteri online\" width=\"\" height=\"\" \/><\/div>\n<div style=\"padding-left: 5px;\">\n<div style=\"font-size: 1.1em;\">\n<p><strong>Kan jeg lovlig spille og vinne i lotteriet med en online billett?<\/strong><\/p>\n<p style=\"font-size: 0.8em; margin-top: -1.5em;\">\u00c5 spille lotteri online &#8211; lovlig eller ikke, og hvor du skal spille<a href=\"https:\/\/redfoxlotto.com\/no\/se-trekningen-av-mega-millions-og-powerball-pa-tv\/\">Les mer<\/a><\/p>\n<\/div>\n<\/div>\n<\/section>\n<p>&nbsp;<\/p>\n","protected":false},"excerpt":{"rendered":"<p>Er du klar til \u00e5 kj\u00f8pe lodd hvor som helst i verden? Eller kanskje du ikke er helt sikker p\u00e5 om du er klar enn\u00e5. Kanskje du ikke er helt sikker p\u00e5 at det virkelig kommer til \u00e5 bli g\u00f8y for deg. Eller kanskje du ikke vet hvordan prosessen kommer til \u00e5 bli. P\u00e5 nettstedet [&hellip;]<\/p>\n","protected":false},"author":1,"featured_media":0,"parent":0,"menu_order":3,"comment_status":"closed","ping_status":"closed","template":"Information.php","meta":{"_et_pb_use_builder":"","_et_pb_old_content":"","_et_gb_content_width":"","exclude_from_search":false,"footnotes":""},"class_list":["post-60261","page","type-page","status-publish","hentry"],"yoast_head":"<!-- This site is optimized with the Yoast SEO plugin v27.4 - https:\/\/yoast.com\/product\/yoast-seo-wordpress\/ -->\n<title>Kj\u00f8p lottobilletter online - de beste lotteriene p\u00e5 planeten tilgjengelig her!<\/title>\n<meta name=\"description\" content=\"Det er trygt og enkelt \u00e5 kj\u00f8pe verdensomspennende lodd p\u00e5 nettet - slik fungerer det!\" \/>\n<meta name=\"robots\" content=\"index, follow, max-snippet:-1, max-image-preview:large, max-video-preview:-1\" \/>\n<link rel=\"canonical\" href=\"https:\/\/redfoxlotto.com\/no\/lotterier\/\" \/>\n<meta property=\"og:locale\" content=\"nb_NO\" \/>\n<meta property=\"og:type\" content=\"article\" \/>\n<meta property=\"og:title\" content=\"Kj\u00f8p lottobilletter online - de beste lotteriene p\u00e5 planeten tilgjengelig her!\" \/>\n<meta property=\"og:description\" content=\"Det er trygt og enkelt \u00e5 kj\u00f8pe verdensomspennende lodd p\u00e5 nettet - slik fungerer det!\" \/>\n<meta property=\"og:url\" content=\"https:\/\/redfoxlotto.com\/no\/lotterier\/\" \/>\n<meta property=\"og:site_name\" content=\"Get Tickets for the World\u2019s largest jackpots\" \/>\n<meta property=\"article:modified_time\" content=\"2025-12-18T09:53:59+00:00\" \/>\n<meta property=\"og:image\" content=\"https:\/\/redfoxlotto.org\/wp-content\/uploads\/2023\/04\/win_prizes_online-300x279-1.jpg\" \/>\n<meta name=\"twitter:card\" content=\"summary_large_image\" \/>\n<meta name=\"twitter:label1\" content=\"Ansl. lesetid\" \/>\n\t<meta name=\"twitter:data1\" content=\"5 minutter\" \/>\n<script type=\"application\/ld+json\" class=\"yoast-schema-graph\">{\"@context\":\"https:\\\/\\\/schema.org\",\"@graph\":[{\"@type\":\"WebPage\",\"@id\":\"https:\\\/\\\/redfoxlotto.com\\\/no\\\/lotterier\\\/\",\"url\":\"https:\\\/\\\/redfoxlotto.com\\\/no\\\/lotterier\\\/\",\"name\":\"Kj\u00f8p lottobilletter online - de beste lotteriene p\u00e5 planeten tilgjengelig her!\",\"isPartOf\":{\"@id\":\"https:\\\/\\\/redfoxlotto.com\\\/no\\\/#website\"},\"primaryImageOfPage\":{\"@id\":\"https:\\\/\\\/redfoxlotto.com\\\/no\\\/lotterier\\\/#primaryimage\"},\"image\":{\"@id\":\"https:\\\/\\\/redfoxlotto.com\\\/no\\\/lotterier\\\/#primaryimage\"},\"thumbnailUrl\":\"https:\\\/\\\/redfoxlotto.org\\\/wp-content\\\/uploads\\\/2023\\\/04\\\/win_prizes_online-300x279-1.jpg\",\"datePublished\":\"2023-04-24T14:12:24+00:00\",\"dateModified\":\"2025-12-18T09:53:59+00:00\",\"description\":\"Det er trygt og enkelt \u00e5 kj\u00f8pe verdensomspennende lodd p\u00e5 nettet - slik fungerer det!\",\"breadcrumb\":{\"@id\":\"https:\\\/\\\/redfoxlotto.com\\\/no\\\/lotterier\\\/#breadcrumb\"},\"inLanguage\":\"nb-NO\",\"potentialAction\":[{\"@type\":\"ReadAction\",\"target\":[\"https:\\\/\\\/redfoxlotto.com\\\/no\\\/lotterier\\\/\"]}]},{\"@type\":\"ImageObject\",\"inLanguage\":\"nb-NO\",\"@id\":\"https:\\\/\\\/redfoxlotto.com\\\/no\\\/lotterier\\\/#primaryimage\",\"url\":\"https:\\\/\\\/redfoxlotto.org\\\/wp-content\\\/uploads\\\/2023\\\/04\\\/win_prizes_online-300x279-1.jpg\",\"contentUrl\":\"https:\\\/\\\/redfoxlotto.org\\\/wp-content\\\/uploads\\\/2023\\\/04\\\/win_prizes_online-300x279-1.jpg\"},{\"@type\":\"BreadcrumbList\",\"@id\":\"https:\\\/\\\/redfoxlotto.com\\\/no\\\/lotterier\\\/#breadcrumb\",\"itemListElement\":[{\"@type\":\"ListItem\",\"position\":1,\"name\":\"Home\",\"item\":\"https:\\\/\\\/redfoxlotto.com\\\/no\\\/\"},{\"@type\":\"ListItem\",\"position\":2,\"name\":\"Hvordan kj\u00f8pe lodd p\u00e5 nettet &#8211; kj\u00f8psprosessen\"}]},{\"@type\":\"WebSite\",\"@id\":\"https:\\\/\\\/redfoxlotto.com\\\/no\\\/#website\",\"url\":\"https:\\\/\\\/redfoxlotto.com\\\/no\\\/\",\"name\":\"Get Tickets for the World\u2019s largest jackpots\",\"description\":\"Participate in worldwide lottery jackpots from any country\",\"publisher\":{\"@id\":\"https:\\\/\\\/redfoxlotto.com\\\/no\\\/#organization\"},\"potentialAction\":[{\"@type\":\"SearchAction\",\"target\":{\"@type\":\"EntryPoint\",\"urlTemplate\":\"https:\\\/\\\/redfoxlotto.com\\\/no\\\/?s={search_term_string}\"},\"query-input\":{\"@type\":\"PropertyValueSpecification\",\"valueRequired\":true,\"valueName\":\"search_term_string\"}}],\"inLanguage\":\"nb-NO\"},{\"@type\":\"Organization\",\"@id\":\"https:\\\/\\\/redfoxlotto.com\\\/no\\\/#organization\",\"name\":\"Get Tickets for the World\u2019s largest jackpots\",\"url\":\"https:\\\/\\\/redfoxlotto.com\\\/no\\\/\",\"logo\":{\"@type\":\"ImageObject\",\"inLanguage\":\"nb-NO\",\"@id\":\"https:\\\/\\\/redfoxlotto.com\\\/no\\\/#\\\/schema\\\/logo\\\/image\\\/\",\"url\":\"https:\\\/\\\/redfoxlotto.com\\\/wp-content\\\/uploads\\\/2023\\\/04\\\/logo.png\",\"contentUrl\":\"https:\\\/\\\/redfoxlotto.com\\\/wp-content\\\/uploads\\\/2023\\\/04\\\/logo.png\",\"width\":269,\"height\":53,\"caption\":\"Get Tickets for the World\u2019s largest jackpots\"},\"image\":{\"@id\":\"https:\\\/\\\/redfoxlotto.com\\\/no\\\/#\\\/schema\\\/logo\\\/image\\\/\"}}]}<\/script>\n<!-- \/ Yoast SEO plugin. -->","yoast_head_json":{"title":"Kj\u00f8p lottobilletter online - de beste lotteriene p\u00e5 planeten tilgjengelig her!","description":"Det er trygt og enkelt \u00e5 kj\u00f8pe verdensomspennende lodd p\u00e5 nettet - slik fungerer det!","robots":{"index":"index","follow":"follow","max-snippet":"max-snippet:-1","max-image-preview":"max-image-preview:large","max-video-preview":"max-video-preview:-1"},"canonical":"https:\/\/redfoxlotto.com\/no\/lotterier\/","og_locale":"nb_NO","og_type":"article","og_title":"Kj\u00f8p lottobilletter online - de beste lotteriene p\u00e5 planeten tilgjengelig her!","og_description":"Det er trygt og enkelt \u00e5 kj\u00f8pe verdensomspennende lodd p\u00e5 nettet - slik fungerer det!","og_url":"https:\/\/redfoxlotto.com\/no\/lotterier\/","og_site_name":"Get Tickets for the World\u2019s largest jackpots","article_modified_time":"2025-12-18T09:53:59+00:00","og_image":[{"url":"https:\/\/redfoxlotto.org\/wp-content\/uploads\/2023\/04\/win_prizes_online-300x279-1.jpg","type":"","width":"","height":""}],"twitter_card":"summary_large_image","twitter_misc":{"Ansl. lesetid":"5 minutter"},"schema":{"@context":"https:\/\/schema.org","@graph":[{"@type":"WebPage","@id":"https:\/\/redfoxlotto.com\/no\/lotterier\/","url":"https:\/\/redfoxlotto.com\/no\/lotterier\/","name":"Kj\u00f8p lottobilletter online - de beste lotteriene p\u00e5 planeten tilgjengelig her!","isPartOf":{"@id":"https:\/\/redfoxlotto.com\/no\/#website"},"primaryImageOfPage":{"@id":"https:\/\/redfoxlotto.com\/no\/lotterier\/#primaryimage"},"image":{"@id":"https:\/\/redfoxlotto.com\/no\/lotterier\/#primaryimage"},"thumbnailUrl":"https:\/\/redfoxlotto.org\/wp-content\/uploads\/2023\/04\/win_prizes_online-300x279-1.jpg","datePublished":"2023-04-24T14:12:24+00:00","dateModified":"2025-12-18T09:53:59+00:00","description":"Det er trygt og enkelt \u00e5 kj\u00f8pe verdensomspennende lodd p\u00e5 nettet - slik fungerer det!","breadcrumb":{"@id":"https:\/\/redfoxlotto.com\/no\/lotterier\/#breadcrumb"},"inLanguage":"nb-NO","potentialAction":[{"@type":"ReadAction","target":["https:\/\/redfoxlotto.com\/no\/lotterier\/"]}]},{"@type":"ImageObject","inLanguage":"nb-NO","@id":"https:\/\/redfoxlotto.com\/no\/lotterier\/#primaryimage","url":"https:\/\/redfoxlotto.org\/wp-content\/uploads\/2023\/04\/win_prizes_online-300x279-1.jpg","contentUrl":"https:\/\/redfoxlotto.org\/wp-content\/uploads\/2023\/04\/win_prizes_online-300x279-1.jpg"},{"@type":"BreadcrumbList","@id":"https:\/\/redfoxlotto.com\/no\/lotterier\/#breadcrumb","itemListElement":[{"@type":"ListItem","position":1,"name":"Home","item":"https:\/\/redfoxlotto.com\/no\/"},{"@type":"ListItem","position":2,"name":"Hvordan kj\u00f8pe lodd p\u00e5 nettet &#8211; kj\u00f8psprosessen"}]},{"@type":"WebSite","@id":"https:\/\/redfoxlotto.com\/no\/#website","url":"https:\/\/redfoxlotto.com\/no\/","name":"Get Tickets for the World\u2019s largest jackpots","description":"Participate in worldwide lottery jackpots from any country","publisher":{"@id":"https:\/\/redfoxlotto.com\/no\/#organization"},"potentialAction":[{"@type":"SearchAction","target":{"@type":"EntryPoint","urlTemplate":"https:\/\/redfoxlotto.com\/no\/?s={search_term_string}"},"query-input":{"@type":"PropertyValueSpecification","valueRequired":true,"valueName":"search_term_string"}}],"inLanguage":"nb-NO"},{"@type":"Organization","@id":"https:\/\/redfoxlotto.com\/no\/#organization","name":"Get Tickets for the World\u2019s largest jackpots","url":"https:\/\/redfoxlotto.com\/no\/","logo":{"@type":"ImageObject","inLanguage":"nb-NO","@id":"https:\/\/redfoxlotto.com\/no\/#\/schema\/logo\/image\/","url":"https:\/\/redfoxlotto.com\/wp-content\/uploads\/2023\/04\/logo.png","contentUrl":"https:\/\/redfoxlotto.com\/wp-content\/uploads\/2023\/04\/logo.png","width":269,"height":53,"caption":"Get Tickets for the World\u2019s largest jackpots"},"image":{"@id":"https:\/\/redfoxlotto.com\/no\/#\/schema\/logo\/image\/"}}]}},"_links":{"self":[{"href":"https:\/\/redfoxlotto.com\/no\/wp-json\/wp\/v2\/pages\/60261","targetHints":{"allow":["GET"]}}],"collection":[{"href":"https:\/\/redfoxlotto.com\/no\/wp-json\/wp\/v2\/pages"}],"about":[{"href":"https:\/\/redfoxlotto.com\/no\/wp-json\/wp\/v2\/types\/page"}],"author":[{"embeddable":true,"href":"https:\/\/redfoxlotto.com\/no\/wp-json\/wp\/v2\/users\/1"}],"replies":[{"embeddable":true,"href":"https:\/\/redfoxlotto.com\/no\/wp-json\/wp\/v2\/comments?post=60261"}],"version-history":[{"count":0,"href":"https:\/\/redfoxlotto.com\/no\/wp-json\/wp\/v2\/pages\/60261\/revisions"}],"wp:attachment":[{"href":"https:\/\/redfoxlotto.com\/no\/wp-json\/wp\/v2\/media?parent=60261"}],"curies":[{"name":"wp","href":"https:\/\/api.w.org\/{rel}","templated":true}]}}