{"id":60255,"date":"2019-08-09T14:24:22","date_gmt":"2019-08-09T14:24:22","guid":{"rendered":"https:\/\/redfoxlotto.eu\/?page_id=60255"},"modified":"2025-12-10T23:35:15","modified_gmt":"2025-12-10T23:35:15","slug":"lotto-fr","status":"publish","type":"page","link":"https:\/\/redfoxlotto.com\/no\/spille\/lotto-fr\/","title":{"rendered":"Spill fransk lotto"},"content":{"rendered":"<p><script type=\"application\/ld+json\">\n{\n\"@context\": \"https:\/\/schema.org\",\n\"@type\": \"Service\",\n\"name\": \"French Lotto online\",\n\"url\": \"https:\/\/redfoxlotto.com\/no\/spille\/lotto-fr\/\",\n\"description\": \"Kj\u00f8p offisielle franske lotteribilletter p\u00e5 nett via RedFoxLotto. Velg dine tall og delta i neste trekning.\",\n\"serviceType\": \"Online lottery ticket purchase\",<\/p>\n<p>\"provider\": {\n\"@type\": \"Organization\",\n\"name\": \"RedFoxLotto\",\n\"url\": \"https:\/\/redfoxlotto.com\",\n\"logo\": \"https:\/\/redfoxlotto.com\/wp-content\/uploads\/logo.png\"\n},<\/p>\n<p>\"areaServed\": \"Worldwide\",\n\"termsOfService\": \"https:\/\/redfoxlotto.com\/terms-and-conditions\",<\/p>\n<p>\"hasOfferCatalog\": {\n\"@type\": \"OfferCatalog\",\n\"name\": \"French Lotto Offers\",\n\"itemListElement\": [\n{\n\"@type\": \"Offer\",\n\"name\": \"Lotto French Lotto Ticket\",\n\"url\": \"https:\/\/redfoxlotto.com\/no\/spille\/lotto-fr\/\",\n\"description\": \"\u00c9n deltakelse i neste trekning av det franske lotteriet.\",\n\"price\": \"6.00\",\n\"priceCurrency\": \"EUR\",\n\"availability\": \"https:\/\/schema.org\/InStock\",<\/p>\n<p>\"itemOffered\": {\n\"@type\": \"Service\",\n\"name\": \"French Lotto Lottery Entry\",\n\"description\": \"Deltakelse i neste trekning av det franske lotteriet via RedFoxLotto.\"\n}\n}\n]\n},<\/p>\n<p>\"mainEntityOfPage\": {\n\"@type\": \"WebPage\",\n\"@id\": \"https:\/\/redfoxlotto.com\/no\/spille\/lotto-fr\/\"\n}\n}\n<\/script><\/p>\n<p>Er du klar til \u00e5 spille et helt nytt spill? Hvis du er det, b\u00f8r du absolutt se n\u00e6rmere p\u00e5 det franske lotteriet. Hvis du ikke har spilt det f\u00f8r, kan du faktisk bli overrasket over hvor likt det er de spillene du har spilt f\u00f8r. Det handler tross alt om \u00e5 ha det g\u00f8y og f\u00e5 en ny sjanse til \u00e5 vinne en stor premie. Og med det franske lotteriet kommer du til \u00e5 ha mye av det, fordi prisene her definitivt kommer til \u00e5 v\u00e6re nok til \u00e5 v\u00e6re verdt tiden din.<\/p>\n<h2>Hvordan spille fransk lotteri online<\/h2>\n<p>Har du noen gang spilt en annen type lotteri p\u00e5 nettet? Eller kanskje du har g\u00e5tt ned til din lokale n\u00e6rbutikk for \u00e5 hente billetter f\u00f8r. Vi snakker ikke om skrapelodd der du er en \u00f8yeblikkelig vinner. Her snakker vi om loddene der du velger tallene og f\u00f8rst flere timer eller dager senere vet om du har vunnet eller ikke. Det er disse spillene som er enda morsommere og gir deg enda st\u00f8rre sjanse til \u00e5 vinne en stor premie. For med noen av disse kan du faktisk vinne millioner av dollar.<\/p>\n<p>Med det franske lotteriet trenger du bare \u00e5 kj\u00f8pe en kupong p\u00e5 nettet for \u00e5 kunne begynne \u00e5 spille, og det er superenkelt \u00e5 kj\u00f8pe kupongen. Selvf\u00f8lgelig m\u00e5 du finne den rette online-tjenesten som kan koble deg til det franske lotteriet. Deretter m\u00e5 du velge ut tallene som kan gj\u00f8re deg til million\u00e6r. For dette spillet har du muligheten til \u00e5 velge fem tall pluss et bonusnummer. Rekkef\u00f8lgen du velger de fem opprinnelige tallene i, spiller ingen rolle, men du m\u00e5 v\u00e6re n\u00f8ye med hvilket tall du vil ha som bonus. Det m\u00e5 v\u00e6re riktig.<\/p>\n<h2>Hvordan vinne fransk lotteri p\u00e5 nettet<\/h2>\n<p>N\u00e5r du har valgt tallene dine, er det p\u00e5 tide \u00e5 vente, noe som ofte kan v\u00e6re den verste delen. Du vil definitivt ikke bare vente og se hva som skjer, men det er egentlig ikke noe annet valg. Spillet trekkes ut med et par dagers mellomrom, med trekning mandag, onsdag og l\u00f8rdag, s\u00e5 du trenger ikke \u00e5 vente lenge, men du m\u00e5 v\u00e6re litt t\u00e5lmodig, spesielt siden det ikke er noe alternativ \u00e5 se resultatene live. I stedet m\u00e5 du vente litt for \u00e5 se hva som skjer.<\/p>\n<p>N\u00e5r tallene er trukket, er det p\u00e5 tide \u00e5 sjekke dem. Du kan g\u00e5 rett tilbake til stedet der du kj\u00f8pte kupongen for \u00e5 finne vinnertallene og se om du har vunnet jackpotten eller i det minste en av de sm\u00e5 premiene som gj\u00f8r det enkelt \u00e5 fortsette \u00e5 spille. Mindre premier deles ut for \u00e5 treffe bonustallet, to andre tall enn bonustallet, to tall pluss bonuskulen eller en kombinasjon som er h\u00f8yere enn det. Du kan vinne et lite bel\u00f8p som bare dekker billettprisen, eller du kan vinne tusenvis eller til og med millioner.<\/p>\n<h2>Velge ut din neste kupong<\/h2>\n<p>N\u00e5r du vet om du har vunnet eller ikke, er det vel p\u00e5 tide \u00e5 spille igjen? Hvis du har vunnet noe, er det superenkelt \u00e5 utbetale kupongen direkte p\u00e5 nettet, eller du kan overf\u00f8re pengene til den neste kupongen du vil kj\u00f8pe. Enten du bestemmer deg for \u00e5 velge det franske lotteriet eller et helt annet spill, er det faktisk veldig enkelt \u00e5 plukke ut det neste settet og gj\u00f8re alt klart til den nye trekningen.<\/p>\n<p>S\u00f8rg for at du tar hensyn til alle regler og forskrifter. S\u00f8rg for at du vet hvilke tall du velger og hvordan de skal komme opp. Og s\u00f8rg definitivt for at du f\u00f8lger med p\u00e5 n\u00e5r trekningen kommer til \u00e5 finne sted. Du vil v\u00e6re sikker p\u00e5 at du er klar, og du vil definitivt vite om du har vunnet noe, ikke sant? S\u00e5 s\u00f8rg for at du ser p\u00e5 de riktige nettstedene og ikke gj\u00f8r den feilen \u00e5 g\u00e5 glipp av neste trekning.<\/p>\n<p>Det er mange m\u00e5ter du kan spille French Lottery online p\u00e5, og du vil definitivt ikke g\u00e5 glipp av det.<\/p>\n","protected":false},"excerpt":{"rendered":"<p>Er du klar til \u00e5 spille et helt nytt spill? Hvis du er det, b\u00f8r du absolutt se n\u00e6rmere p\u00e5 det franske lotteriet. Hvis du ikke har spilt det f\u00f8r, kan du faktisk bli overrasket over hvor likt det er de spillene du har spilt f\u00f8r. Det handler tross alt om \u00e5 ha det g\u00f8y [&hellip;]<\/p>\n","protected":false},"author":1,"featured_media":0,"parent":60108,"menu_order":33,"comment_status":"closed","ping_status":"closed","template":"lotto-fr.php","meta":{"_et_pb_use_builder":"","_et_pb_old_content":"","_et_gb_content_width":"","exclude_from_search":false,"footnotes":""},"class_list":["post-60255","page","type-page","status-publish","hentry"],"yoast_head":"<!-- This site is optimized with the Yoast SEO plugin v23.8 - https:\/\/yoast.com\/wordpress\/plugins\/seo\/ -->\n<title>Hvordan spille fransk lotteri online<\/title>\n<meta name=\"description\" content=\"N\u00e5r du er klar til \u00e5 spille fransk lotteri, er dette det rette stedet \u00e5 komme i gang.\" \/>\n<meta name=\"robots\" content=\"index, follow, max-snippet:-1, max-image-preview:large, max-video-preview:-1\" \/>\n<link rel=\"canonical\" href=\"https:\/\/redfoxlotto.com\/no\/spille\/lotto-fr\/\" \/>\n<meta property=\"og:locale\" content=\"nb_NO\" \/>\n<meta property=\"og:type\" content=\"article\" \/>\n<meta property=\"og:title\" content=\"Hvordan spille fransk lotteri online\" \/>\n<meta property=\"og:description\" content=\"N\u00e5r du er klar til \u00e5 spille fransk lotteri, er dette det rette stedet \u00e5 komme i gang.\" \/>\n<meta property=\"og:url\" content=\"https:\/\/redfoxlotto.com\/no\/spille\/lotto-fr\/\" \/>\n<meta property=\"og:site_name\" content=\"Get Tickets for the World\u2019s largest jackpots\" \/>\n<meta property=\"article:modified_time\" content=\"2025-12-10T23:35:15+00:00\" \/>\n<meta name=\"twitter:card\" content=\"summary_large_image\" \/>\n<meta name=\"twitter:label1\" content=\"Ansl. lesetid\" \/>\n\t<meta name=\"twitter:data1\" content=\"3 minutter\" \/>\n<script type=\"application\/ld+json\" class=\"yoast-schema-graph\">{\"@context\":\"https:\/\/schema.org\",\"@graph\":[{\"@type\":\"WebPage\",\"@id\":\"https:\/\/redfoxlotto.com\/no\/spille\/lotto-fr\/\",\"url\":\"https:\/\/redfoxlotto.com\/no\/spille\/lotto-fr\/\",\"name\":\"Hvordan spille fransk lotteri online\",\"isPartOf\":{\"@id\":\"https:\/\/redfoxlotto.com\/no\/#website\"},\"datePublished\":\"2019-08-09T14:24:22+00:00\",\"dateModified\":\"2025-12-10T23:35:15+00:00\",\"description\":\"N\u00e5r du er klar til \u00e5 spille fransk lotteri, er dette det rette stedet \u00e5 komme i gang.\",\"breadcrumb\":{\"@id\":\"https:\/\/redfoxlotto.com\/no\/spille\/lotto-fr\/#breadcrumb\"},\"inLanguage\":\"nb-NO\",\"potentialAction\":[{\"@type\":\"ReadAction\",\"target\":[\"https:\/\/redfoxlotto.com\/no\/spille\/lotto-fr\/\"]}]},{\"@type\":\"BreadcrumbList\",\"@id\":\"https:\/\/redfoxlotto.com\/no\/spille\/lotto-fr\/#breadcrumb\",\"itemListElement\":[{\"@type\":\"ListItem\",\"position\":1,\"name\":\"Home\",\"item\":\"https:\/\/redfoxlotto.com\/no\/\"},{\"@type\":\"ListItem\",\"position\":2,\"name\":\"Hvordan spille lotterier i andre land\",\"item\":\"https:\/\/redfoxlotto.com\/no\/spille\/\"},{\"@type\":\"ListItem\",\"position\":3,\"name\":\"Spill fransk lotto\"}]},{\"@type\":\"WebSite\",\"@id\":\"https:\/\/redfoxlotto.com\/no\/#website\",\"url\":\"https:\/\/redfoxlotto.com\/no\/\",\"name\":\"Get Tickets for the World\u2019s largest jackpots\",\"description\":\"Participate in worldwide lottery jackpots from any country\",\"publisher\":{\"@id\":\"https:\/\/redfoxlotto.com\/no\/#organization\"},\"potentialAction\":[{\"@type\":\"SearchAction\",\"target\":{\"@type\":\"EntryPoint\",\"urlTemplate\":\"https:\/\/redfoxlotto.com\/no\/?s={search_term_string}\"},\"query-input\":{\"@type\":\"PropertyValueSpecification\",\"valueRequired\":true,\"valueName\":\"search_term_string\"}}],\"inLanguage\":\"nb-NO\"},{\"@type\":\"Organization\",\"@id\":\"https:\/\/redfoxlotto.com\/no\/#organization\",\"name\":\"Get Tickets for the World\u2019s largest jackpots\",\"url\":\"https:\/\/redfoxlotto.com\/no\/\",\"logo\":{\"@type\":\"ImageObject\",\"inLanguage\":\"nb-NO\",\"@id\":\"https:\/\/redfoxlotto.com\/no\/#\/schema\/logo\/image\/\",\"url\":\"https:\/\/redfoxlotto.com\/wp-content\/uploads\/2023\/04\/logo.png\",\"contentUrl\":\"https:\/\/redfoxlotto.com\/wp-content\/uploads\/2023\/04\/logo.png\",\"width\":269,\"height\":53,\"caption\":\"Get Tickets for the World\u2019s largest jackpots\"},\"image\":{\"@id\":\"https:\/\/redfoxlotto.com\/no\/#\/schema\/logo\/image\/\"}}]}<\/script>\n<!-- \/ Yoast SEO plugin. -->","yoast_head_json":{"title":"Hvordan spille fransk lotteri online","description":"N\u00e5r du er klar til \u00e5 spille fransk lotteri, er dette det rette stedet \u00e5 komme i gang.","robots":{"index":"index","follow":"follow","max-snippet":"max-snippet:-1","max-image-preview":"max-image-preview:large","max-video-preview":"max-video-preview:-1"},"canonical":"https:\/\/redfoxlotto.com\/no\/spille\/lotto-fr\/","og_locale":"nb_NO","og_type":"article","og_title":"Hvordan spille fransk lotteri online","og_description":"N\u00e5r du er klar til \u00e5 spille fransk lotteri, er dette det rette stedet \u00e5 komme i gang.","og_url":"https:\/\/redfoxlotto.com\/no\/spille\/lotto-fr\/","og_site_name":"Get Tickets for the World\u2019s largest jackpots","article_modified_time":"2025-12-10T23:35:15+00:00","twitter_card":"summary_large_image","twitter_misc":{"Ansl. lesetid":"3 minutter"},"schema":{"@context":"https:\/\/schema.org","@graph":[{"@type":"WebPage","@id":"https:\/\/redfoxlotto.com\/no\/spille\/lotto-fr\/","url":"https:\/\/redfoxlotto.com\/no\/spille\/lotto-fr\/","name":"Hvordan spille fransk lotteri online","isPartOf":{"@id":"https:\/\/redfoxlotto.com\/no\/#website"},"datePublished":"2019-08-09T14:24:22+00:00","dateModified":"2025-12-10T23:35:15+00:00","description":"N\u00e5r du er klar til \u00e5 spille fransk lotteri, er dette det rette stedet \u00e5 komme i gang.","breadcrumb":{"@id":"https:\/\/redfoxlotto.com\/no\/spille\/lotto-fr\/#breadcrumb"},"inLanguage":"nb-NO","potentialAction":[{"@type":"ReadAction","target":["https:\/\/redfoxlotto.com\/no\/spille\/lotto-fr\/"]}]},{"@type":"BreadcrumbList","@id":"https:\/\/redfoxlotto.com\/no\/spille\/lotto-fr\/#breadcrumb","itemListElement":[{"@type":"ListItem","position":1,"name":"Home","item":"https:\/\/redfoxlotto.com\/no\/"},{"@type":"ListItem","position":2,"name":"Hvordan spille lotterier i andre land","item":"https:\/\/redfoxlotto.com\/no\/spille\/"},{"@type":"ListItem","position":3,"name":"Spill fransk lotto"}]},{"@type":"WebSite","@id":"https:\/\/redfoxlotto.com\/no\/#website","url":"https:\/\/redfoxlotto.com\/no\/","name":"Get Tickets for the World\u2019s largest jackpots","description":"Participate in worldwide lottery jackpots from any country","publisher":{"@id":"https:\/\/redfoxlotto.com\/no\/#organization"},"potentialAction":[{"@type":"SearchAction","target":{"@type":"EntryPoint","urlTemplate":"https:\/\/redfoxlotto.com\/no\/?s={search_term_string}"},"query-input":{"@type":"PropertyValueSpecification","valueRequired":true,"valueName":"search_term_string"}}],"inLanguage":"nb-NO"},{"@type":"Organization","@id":"https:\/\/redfoxlotto.com\/no\/#organization","name":"Get Tickets for the World\u2019s largest jackpots","url":"https:\/\/redfoxlotto.com\/no\/","logo":{"@type":"ImageObject","inLanguage":"nb-NO","@id":"https:\/\/redfoxlotto.com\/no\/#\/schema\/logo\/image\/","url":"https:\/\/redfoxlotto.com\/wp-content\/uploads\/2023\/04\/logo.png","contentUrl":"https:\/\/redfoxlotto.com\/wp-content\/uploads\/2023\/04\/logo.png","width":269,"height":53,"caption":"Get Tickets for the World\u2019s largest jackpots"},"image":{"@id":"https:\/\/redfoxlotto.com\/no\/#\/schema\/logo\/image\/"}}]}},"_links":{"self":[{"href":"https:\/\/redfoxlotto.com\/no\/wp-json\/wp\/v2\/pages\/60255","targetHints":{"allow":["GET"]}}],"collection":[{"href":"https:\/\/redfoxlotto.com\/no\/wp-json\/wp\/v2\/pages"}],"about":[{"href":"https:\/\/redfoxlotto.com\/no\/wp-json\/wp\/v2\/types\/page"}],"author":[{"embeddable":true,"href":"https:\/\/redfoxlotto.com\/no\/wp-json\/wp\/v2\/users\/1"}],"replies":[{"embeddable":true,"href":"https:\/\/redfoxlotto.com\/no\/wp-json\/wp\/v2\/comments?post=60255"}],"version-history":[{"count":0,"href":"https:\/\/redfoxlotto.com\/no\/wp-json\/wp\/v2\/pages\/60255\/revisions"}],"up":[{"embeddable":true,"href":"https:\/\/redfoxlotto.com\/no\/wp-json\/wp\/v2\/pages\/60108"}],"wp:attachment":[{"href":"https:\/\/redfoxlotto.com\/no\/wp-json\/wp\/v2\/media?parent=60255"}],"curies":[{"name":"wp","href":"https:\/\/api.w.org\/{rel}","templated":true}]}}