{"id":60247,"date":"2023-04-24T18:24:48","date_gmt":"2023-04-24T18:24:48","guid":{"rendered":"https:\/\/redfoxlotto.eu\/?page_id=60247"},"modified":"2025-12-11T08:40:51","modified_gmt":"2025-12-11T08:40:51","slug":"lordags-lotto-au","status":"publish","type":"page","link":"https:\/\/redfoxlotto.com\/no\/spille\/lordags-lotto-au\/","title":{"rendered":"Pr\u00f8v l\u00f8rdags Lotto Australia"},"content":{"rendered":"<p><script type=\"application\/ld+json\">\n{\n  \"@context\": \"https:\/\/schema.org\",\n  \"@type\": \"Service\",\n  \"name\": \"Saturday Lotto Australia online\",\n  \"url\": \"https:\/\/redfoxlotto.com\/no\/spille\/lordags-lotto-au\/\",\n  \"description\": \"Kj\u00f8p offisielle Saturday Lotto Australia-billetter p\u00e5 nettet gjennom RedFoxLotto. Velg dine tall og delta i neste trekning.\",\n  \"serviceType\": \"Online lottery ticket purchase\",<\/p>\n<p>  \"provider\": {\n    \"@type\": \"Organization\",\n    \"name\": \"RedFoxLotto\",\n    \"url\": \"https:\/\/redfoxlotto.com\",\n    \"logo\": \"https:\/\/redfoxlotto.com\/wp-content\/uploads\/logo.png\"\n  },<\/p>\n<p>  \"areaServed\": \"Worldwide\",\n  \"termsOfService\": \"https:\/\/redfoxlotto.com\/terms-and-conditions\",<\/p>\n<p>  \"hasOfferCatalog\": {\n    \"@type\": \"OfferCatalog\",\n    \"name\": \"Saturday Lotto Australia Offers\",\n    \"itemListElement\": [\n      {\n        \"@type\": \"Offer\",\n        \"name\": \"Lotto Saturday Lotto Australia Ticket\",\n        \"url\": \"https:\/\/redfoxlotto.com\/no\/spille\/lordags-lotto-au\/\",\n        \"description\": \"\u00c9n deltakelse i neste Saturday Lotto Australia-trekning.\",\n        \"price\": \"1.50\",\n        \"priceCurrency\": \"EUR\",\n        \"availability\": \"https:\/\/schema.org\/InStock\",<\/p>\n<p>        \"itemOffered\": {\n          \"@type\": \"Service\",\n          \"name\": \"Saturday Lotto Australia Entry\",\n          \"description\": \"Deltakelse i neste Saturday Lotto Australia-trekning gjennom RedFoxLotto.\"\n        }\n      }\n    ]\n  },<\/p>\n<p>  \"mainEntityOfPage\": {\n    \"@type\": \"WebPage\",\n    \"@id\": \"https:\/\/redfoxlotto.com\/no\/spille\/lordags-lotto-au\/\"\n  }\n}\n<\/script><\/p>\n<p>Hver l\u00f8rdag f\u00e5r alle en mulighet til \u00e5 delta og ha sjansen til \u00e5 stikke av med en enorm pengesum. Internett har gjort det mulig \u00e5 ikke g\u00e5 glipp av livsendrende muligheter som dette, ettersom hvem som helst hvor som helst i verden kan ta del i denne muligheten ved \u00e5 bestille en kupong til Australias l\u00f8rdagslotto p\u00e5 nettet.<\/p>\n<p>Avstand er ikke lenger en hindring for \u00e5 spille i l\u00f8rdagslotto, ettersom ikke bare de som befinner seg i Australia, men hvem som helst hvor som helst kan delta i lotteriet. Alt du trenger er bare en hvilken som helst enhet som har tilgang til internett, og du kan bli den neste jackpotvinneren i Australias l\u00f8rdagslotteri. S\u00e5 n\u00e5r som helst du f\u00f8ler deg heldig, ikke n\u00f8l med \u00e5 bestille en l\u00f8rdagslottokupong p\u00e5 nettet, og du kan bare f\u00e5 livet ditt til \u00e5 snu til det bedre.<br \/>\n<img decoding=\"async\" class=\" wp-image alignright\" src=\"https:\/\/redfoxlotto.org\/wp-content\/uploads\/2023\/04\/win_prizes_online-300x279-1.jpg\" alt=\"Spill l\u00f8rdagslotto i Australia online\" width=\"250&quot;\" height=\"125\" \/><\/p>\n<p>\u00c5 bestille l\u00f8rdagslottobilletten er s\u00e5 enkelt som alt du trenger \u00e5 gj\u00f8re er \u00e5 \u00e5pne en konto hos RedFoxLotto, velg din favoritt 6 tall av 45 eller du kan bare bruke hurtigvalgalternativet der tall blir tilfeldig valgt for deg, og deretter blir billetten din booket og registrert, og du f\u00e5r ogs\u00e5 et e-postvarsel som bekrefter den bookede billetten. \u00c5 betale for billettene er like enkelt som \u00e5 velge tallene dine, ettersom det er flere betalingsalternativer tilgjengelig for brukere \u00e5 betale, og RedFoxLotto tilbyr en sikret og privat betalingsportal, slik at du ikke trenger \u00e5 v\u00e6re redd for \u00e5 f\u00e5 bankopplysningene dine kompromittert.<\/p>\n<p>Trekningen for l\u00f8rdagslotteriet gj\u00f8res hver l\u00f8rdag kveld, og 8 tall trekkes. De f\u00f8rste 6 tallene er hovedtallene og brukes til \u00e5 avgj\u00f8re hvem som vinner hovedpremien. De resterende 2 tallene er tilleggstall og brukes til \u00e5 avgj\u00f8re andre mindre gevinstkategorier. Hvis de 6 tallene du valgte da du bestilte billetten din stemmer overens med de 6 hovedtallene som ble trukket ut, har du vunnet den ultimate premien. Den er p\u00e5 ca. 4 millioner AUD som kan deles mellom maksimalt 4 vinnere. Det er premier tilgjengelig for billetter som har mindre enn 6 tall som matcher de 6 tallene som trekkes.<\/p>\n<p>Skulle du v\u00e6re s\u00e5 heldig \u00e5 v\u00e6re en vinner, vil du bli varslet om gevinsten din. RedFoxLotto vil s\u00f8rge for at du f\u00e5r beskjed om gevinsten din, og p\u00e5 den m\u00e5ten vil du ikke g\u00e5 glipp av noen av gevinstene dine, ettersom de ogs\u00e5 hjelper til med \u00e5 behandle betalingene dine for \u00e5 sikre at du mottar dem. Hvis gevinstene dine er sm\u00e5, blir de sendt til klientkontoomr\u00e5det ditt. Derfra kan du ta dem ut til bankkontoen din eller bruke dem til \u00e5 kj\u00f8pe flere lodd. Hvis gevinsten er stor, vil en kundeservicemedarbeider kontakte deg for \u00e5 avtale hvordan du skal motta gevinsten.<\/p>\n","protected":false},"excerpt":{"rendered":"<p>Hver l\u00f8rdag f\u00e5r alle en mulighet til \u00e5 delta og ha sjansen til \u00e5 stikke av med en enorm pengesum. Internett har gjort det mulig \u00e5 ikke g\u00e5 glipp av livsendrende muligheter som dette, ettersom hvem som helst hvor som helst i verden kan ta del i denne muligheten ved \u00e5 bestille en kupong til [&hellip;]<\/p>\n","protected":false},"author":1,"featured_media":0,"parent":60108,"menu_order":20,"comment_status":"closed","ping_status":"closed","template":"saturday-lotto.php","meta":{"_et_pb_use_builder":"","_et_pb_old_content":"","_et_gb_content_width":"","exclude_from_search":false,"footnotes":""},"class_list":["post-60247","page","type-page","status-publish","hentry"],"yoast_head":"<!-- This site is optimized with the Yoast SEO plugin v23.8 - https:\/\/yoast.com\/wordpress\/plugins\/seo\/ -->\n<title>Spill Saturday Lotto online | Et av Australias st\u00f8rste lotterier<\/title>\n<meta name=\"description\" content=\"Bestill billettene dine online og spill i l\u00f8rdagslotteriet i Australia\" \/>\n<meta name=\"robots\" content=\"index, follow, max-snippet:-1, max-image-preview:large, max-video-preview:-1\" \/>\n<link rel=\"canonical\" href=\"https:\/\/redfoxlotto.com\/no\/spille\/lordags-lotto-au\/\" \/>\n<meta property=\"og:locale\" content=\"nb_NO\" \/>\n<meta property=\"og:type\" content=\"article\" \/>\n<meta property=\"og:title\" content=\"Spill Saturday Lotto online | Et av Australias st\u00f8rste lotterier\" \/>\n<meta property=\"og:description\" content=\"Bestill billettene dine online og spill i l\u00f8rdagslotteriet i Australia\" \/>\n<meta property=\"og:url\" content=\"https:\/\/redfoxlotto.com\/no\/spille\/lordags-lotto-au\/\" \/>\n<meta property=\"og:site_name\" content=\"Get Tickets for the World\u2019s largest jackpots\" \/>\n<meta property=\"article:modified_time\" content=\"2025-12-11T08:40:51+00:00\" \/>\n<meta property=\"og:image\" content=\"https:\/\/redfoxlotto.org\/wp-content\/uploads\/2023\/04\/win_prizes_online-300x279-1.jpg\" \/>\n<meta name=\"twitter:card\" content=\"summary_large_image\" \/>\n<meta name=\"twitter:label1\" content=\"Ansl. lesetid\" \/>\n\t<meta name=\"twitter:data1\" content=\"3 minutter\" \/>\n<script type=\"application\/ld+json\" class=\"yoast-schema-graph\">{\"@context\":\"https:\/\/schema.org\",\"@graph\":[{\"@type\":\"WebPage\",\"@id\":\"https:\/\/redfoxlotto.com\/no\/spille\/lordags-lotto-au\/\",\"url\":\"https:\/\/redfoxlotto.com\/no\/spille\/lordags-lotto-au\/\",\"name\":\"Spill Saturday Lotto online | Et av Australias st\u00f8rste lotterier\",\"isPartOf\":{\"@id\":\"https:\/\/redfoxlotto.com\/no\/#website\"},\"primaryImageOfPage\":{\"@id\":\"https:\/\/redfoxlotto.com\/no\/spille\/lordags-lotto-au\/#primaryimage\"},\"image\":{\"@id\":\"https:\/\/redfoxlotto.com\/no\/spille\/lordags-lotto-au\/#primaryimage\"},\"thumbnailUrl\":\"https:\/\/redfoxlotto.org\/wp-content\/uploads\/2023\/04\/win_prizes_online-300x279-1.jpg\",\"datePublished\":\"2023-04-24T18:24:48+00:00\",\"dateModified\":\"2025-12-11T08:40:51+00:00\",\"description\":\"Bestill billettene dine online og spill i l\u00f8rdagslotteriet i Australia\",\"breadcrumb\":{\"@id\":\"https:\/\/redfoxlotto.com\/no\/spille\/lordags-lotto-au\/#breadcrumb\"},\"inLanguage\":\"nb-NO\",\"potentialAction\":[{\"@type\":\"ReadAction\",\"target\":[\"https:\/\/redfoxlotto.com\/no\/spille\/lordags-lotto-au\/\"]}]},{\"@type\":\"ImageObject\",\"inLanguage\":\"nb-NO\",\"@id\":\"https:\/\/redfoxlotto.com\/no\/spille\/lordags-lotto-au\/#primaryimage\",\"url\":\"https:\/\/redfoxlotto.org\/wp-content\/uploads\/2023\/04\/win_prizes_online-300x279-1.jpg\",\"contentUrl\":\"https:\/\/redfoxlotto.org\/wp-content\/uploads\/2023\/04\/win_prizes_online-300x279-1.jpg\"},{\"@type\":\"BreadcrumbList\",\"@id\":\"https:\/\/redfoxlotto.com\/no\/spille\/lordags-lotto-au\/#breadcrumb\",\"itemListElement\":[{\"@type\":\"ListItem\",\"position\":1,\"name\":\"Home\",\"item\":\"https:\/\/redfoxlotto.com\/no\/\"},{\"@type\":\"ListItem\",\"position\":2,\"name\":\"Hvordan spille lotterier i andre land\",\"item\":\"https:\/\/redfoxlotto.com\/no\/spille\/\"},{\"@type\":\"ListItem\",\"position\":3,\"name\":\"Pr\u00f8v l\u00f8rdags Lotto Australia\"}]},{\"@type\":\"WebSite\",\"@id\":\"https:\/\/redfoxlotto.com\/no\/#website\",\"url\":\"https:\/\/redfoxlotto.com\/no\/\",\"name\":\"Get Tickets for the World\u2019s largest jackpots\",\"description\":\"Participate in worldwide lottery jackpots from any country\",\"publisher\":{\"@id\":\"https:\/\/redfoxlotto.com\/no\/#organization\"},\"potentialAction\":[{\"@type\":\"SearchAction\",\"target\":{\"@type\":\"EntryPoint\",\"urlTemplate\":\"https:\/\/redfoxlotto.com\/no\/?s={search_term_string}\"},\"query-input\":{\"@type\":\"PropertyValueSpecification\",\"valueRequired\":true,\"valueName\":\"search_term_string\"}}],\"inLanguage\":\"nb-NO\"},{\"@type\":\"Organization\",\"@id\":\"https:\/\/redfoxlotto.com\/no\/#organization\",\"name\":\"Get Tickets for the World\u2019s largest jackpots\",\"url\":\"https:\/\/redfoxlotto.com\/no\/\",\"logo\":{\"@type\":\"ImageObject\",\"inLanguage\":\"nb-NO\",\"@id\":\"https:\/\/redfoxlotto.com\/no\/#\/schema\/logo\/image\/\",\"url\":\"https:\/\/redfoxlotto.com\/wp-content\/uploads\/2023\/04\/logo.png\",\"contentUrl\":\"https:\/\/redfoxlotto.com\/wp-content\/uploads\/2023\/04\/logo.png\",\"width\":269,\"height\":53,\"caption\":\"Get Tickets for the World\u2019s largest jackpots\"},\"image\":{\"@id\":\"https:\/\/redfoxlotto.com\/no\/#\/schema\/logo\/image\/\"}}]}<\/script>\n<!-- \/ Yoast SEO plugin. -->","yoast_head_json":{"title":"Spill Saturday Lotto online | Et av Australias st\u00f8rste lotterier","description":"Bestill billettene dine online og spill i l\u00f8rdagslotteriet i Australia","robots":{"index":"index","follow":"follow","max-snippet":"max-snippet:-1","max-image-preview":"max-image-preview:large","max-video-preview":"max-video-preview:-1"},"canonical":"https:\/\/redfoxlotto.com\/no\/spille\/lordags-lotto-au\/","og_locale":"nb_NO","og_type":"article","og_title":"Spill Saturday Lotto online | Et av Australias st\u00f8rste lotterier","og_description":"Bestill billettene dine online og spill i l\u00f8rdagslotteriet i Australia","og_url":"https:\/\/redfoxlotto.com\/no\/spille\/lordags-lotto-au\/","og_site_name":"Get Tickets for the World\u2019s largest jackpots","article_modified_time":"2025-12-11T08:40:51+00:00","og_image":[{"url":"https:\/\/redfoxlotto.org\/wp-content\/uploads\/2023\/04\/win_prizes_online-300x279-1.jpg"}],"twitter_card":"summary_large_image","twitter_misc":{"Ansl. lesetid":"3 minutter"},"schema":{"@context":"https:\/\/schema.org","@graph":[{"@type":"WebPage","@id":"https:\/\/redfoxlotto.com\/no\/spille\/lordags-lotto-au\/","url":"https:\/\/redfoxlotto.com\/no\/spille\/lordags-lotto-au\/","name":"Spill Saturday Lotto online | Et av Australias st\u00f8rste lotterier","isPartOf":{"@id":"https:\/\/redfoxlotto.com\/no\/#website"},"primaryImageOfPage":{"@id":"https:\/\/redfoxlotto.com\/no\/spille\/lordags-lotto-au\/#primaryimage"},"image":{"@id":"https:\/\/redfoxlotto.com\/no\/spille\/lordags-lotto-au\/#primaryimage"},"thumbnailUrl":"https:\/\/redfoxlotto.org\/wp-content\/uploads\/2023\/04\/win_prizes_online-300x279-1.jpg","datePublished":"2023-04-24T18:24:48+00:00","dateModified":"2025-12-11T08:40:51+00:00","description":"Bestill billettene dine online og spill i l\u00f8rdagslotteriet i Australia","breadcrumb":{"@id":"https:\/\/redfoxlotto.com\/no\/spille\/lordags-lotto-au\/#breadcrumb"},"inLanguage":"nb-NO","potentialAction":[{"@type":"ReadAction","target":["https:\/\/redfoxlotto.com\/no\/spille\/lordags-lotto-au\/"]}]},{"@type":"ImageObject","inLanguage":"nb-NO","@id":"https:\/\/redfoxlotto.com\/no\/spille\/lordags-lotto-au\/#primaryimage","url":"https:\/\/redfoxlotto.org\/wp-content\/uploads\/2023\/04\/win_prizes_online-300x279-1.jpg","contentUrl":"https:\/\/redfoxlotto.org\/wp-content\/uploads\/2023\/04\/win_prizes_online-300x279-1.jpg"},{"@type":"BreadcrumbList","@id":"https:\/\/redfoxlotto.com\/no\/spille\/lordags-lotto-au\/#breadcrumb","itemListElement":[{"@type":"ListItem","position":1,"name":"Home","item":"https:\/\/redfoxlotto.com\/no\/"},{"@type":"ListItem","position":2,"name":"Hvordan spille lotterier i andre land","item":"https:\/\/redfoxlotto.com\/no\/spille\/"},{"@type":"ListItem","position":3,"name":"Pr\u00f8v l\u00f8rdags Lotto Australia"}]},{"@type":"WebSite","@id":"https:\/\/redfoxlotto.com\/no\/#website","url":"https:\/\/redfoxlotto.com\/no\/","name":"Get Tickets for the World\u2019s largest jackpots","description":"Participate in worldwide lottery jackpots from any country","publisher":{"@id":"https:\/\/redfoxlotto.com\/no\/#organization"},"potentialAction":[{"@type":"SearchAction","target":{"@type":"EntryPoint","urlTemplate":"https:\/\/redfoxlotto.com\/no\/?s={search_term_string}"},"query-input":{"@type":"PropertyValueSpecification","valueRequired":true,"valueName":"search_term_string"}}],"inLanguage":"nb-NO"},{"@type":"Organization","@id":"https:\/\/redfoxlotto.com\/no\/#organization","name":"Get Tickets for the World\u2019s largest jackpots","url":"https:\/\/redfoxlotto.com\/no\/","logo":{"@type":"ImageObject","inLanguage":"nb-NO","@id":"https:\/\/redfoxlotto.com\/no\/#\/schema\/logo\/image\/","url":"https:\/\/redfoxlotto.com\/wp-content\/uploads\/2023\/04\/logo.png","contentUrl":"https:\/\/redfoxlotto.com\/wp-content\/uploads\/2023\/04\/logo.png","width":269,"height":53,"caption":"Get Tickets for the World\u2019s largest jackpots"},"image":{"@id":"https:\/\/redfoxlotto.com\/no\/#\/schema\/logo\/image\/"}}]}},"_links":{"self":[{"href":"https:\/\/redfoxlotto.com\/no\/wp-json\/wp\/v2\/pages\/60247","targetHints":{"allow":["GET"]}}],"collection":[{"href":"https:\/\/redfoxlotto.com\/no\/wp-json\/wp\/v2\/pages"}],"about":[{"href":"https:\/\/redfoxlotto.com\/no\/wp-json\/wp\/v2\/types\/page"}],"author":[{"embeddable":true,"href":"https:\/\/redfoxlotto.com\/no\/wp-json\/wp\/v2\/users\/1"}],"replies":[{"embeddable":true,"href":"https:\/\/redfoxlotto.com\/no\/wp-json\/wp\/v2\/comments?post=60247"}],"version-history":[{"count":0,"href":"https:\/\/redfoxlotto.com\/no\/wp-json\/wp\/v2\/pages\/60247\/revisions"}],"up":[{"embeddable":true,"href":"https:\/\/redfoxlotto.com\/no\/wp-json\/wp\/v2\/pages\/60108"}],"wp:attachment":[{"href":"https:\/\/redfoxlotto.com\/no\/wp-json\/wp\/v2\/media?parent=60247"}],"curies":[{"name":"wp","href":"https:\/\/api.w.org\/{rel}","templated":true}]}}