{"id":60235,"date":"2023-04-24T18:19:55","date_gmt":"2023-04-24T18:19:55","guid":{"rendered":"https:\/\/redfoxlotto.eu\/?page_id=60235"},"modified":"2023-05-28T20:08:19","modified_gmt":"2023-05-28T20:08:19","slug":"powerball-au","status":"publish","type":"page","link":"https:\/\/redfoxlotto.com\/no\/spille\/powerball-au\/","title":{"rendered":"Powerball fra Down Under &#8211; hvordan spille"},"content":{"rendered":"<p>Hver uke, torsdag kveld, begeistrer Powerball Australia hele nasjonen. Den ruller ut to sett med tall som ligger i et par t\u00f8nner. I den f\u00f8rste t\u00f8nnen er det 35 forskjellige tall fra 1 til 35. Den andre t\u00f8nnen inneholder tallene mellom 1 og 20.<br \/>\n<img decoding=\"async\" class=\" wp-image alignright\" src=\"https:\/\/redfoxlotto.org\/wp-content\/uploads\/2023\/04\/win_prizes_online-300x279-1.jpg\" alt=\"Powerball Australia online\" width=\"250&quot;\" height=\"125\" \/><\/p>\n<p>Den f\u00f8rste t\u00f8nnen plukker ut sju tall, mens den andre t\u00f8nnen bare plukker ut ett enkelt tall. Dette ene tallet (mellom 1 og 20) er Powerball. Toppgevinsten g\u00e5r til den spilleren som velger alle de syv tallene riktig og f\u00e5r Powerball.<\/p>\n<h2>Hvordan kommer jeg i gang?<\/h2>\n<p>Australiere spiller normalt ved \u00e5 bruke AU$ 2,20 hos en hvilken som helst lotteriforhandler. Men \u00e5 registrere seg p\u00e5 RedFoxLotto og spille dette spillet online er enkelt, raskt og enkelt. Dessuten kan du gj\u00f8re dette fra hvor som helst i verden.<\/p>\n<p>Bare husk at trekningen finner sted kl. 20.30 australsk \u00f8sttid. For \u00e5 spille det australske Powerball-lotteriet fra hvor som helst i verden gjennom RedFoxLotto, bare velg tallene dine her. En vinner i Sydney vant nylig 107 millioner australske dollar p\u00e5 nettopp dette Powerball-spillet. Men vinnere kan komme fra mange forskjellige kombinasjoner. Hvis du har alle sju rette tall fra f\u00f8rste rekke, men ikke Powerball, kan du likevel vinne en stor del av premien. Bel\u00f8pet varierer, men kan lett bli sekssifret.<\/p>\n<h2>Spill Powerball Australia-lotteriet p\u00e5 nett<\/h2>\n<p>I motsetning til mange andre lotterier som har en rekke tall mellom 1 og 49 eller 1 til 59, har Powerball Australia en mye mindre tallrekke. Det er bare 35 tall som du kan velge vinnere fra. Dette \u00f8ker vinnersjansene betraktelig.<\/p>\n<p>Hvis du f\u00e5r seks rette og ikke Powerball, er sjansen ca. 1 av 36 000. Premien for dette varierer ogs\u00e5, men ligger ofte p\u00e5 over 500 AU$. Tusenvis av spillere ser frem til torsdag kveld og venter p\u00e5 Powerball Australia Lottery.<\/p>\n<h2>Hvordan finansierer jeg nettkontoen min?<\/h2>\n<p><img decoding=\"async\" class=\" wp-image alignright\" src=\"https:\/\/redfoxlotto.org\/wp-content\/uploads\/2023\/04\/misc_euro_bills.jpg\" alt=\"Spill australsk Powerball\" width=\"250&quot;\" height=\"125\" \/><br \/>\nDet finnes en rekke metoder for \u00e5 sette inn penger p\u00e5 kontoen din hos RedFoxLotto og spille Australian Powerball online. Etter en enkel bekreftelse p\u00e5 at du er over 18 \u00e5r og noen f\u00e5 personlige opplysninger, kan kontoen fylles med penger p\u00e5 flere m\u00e5ter.<\/p>\n<p>RedFoxLotto godtar MasterCard, Visa, bankoverf\u00f8ring og til og med Bitcoins.<\/p>\n","protected":false},"excerpt":{"rendered":"<p>Hver uke, torsdag kveld, begeistrer Powerball Australia hele nasjonen. Den ruller ut to sett med tall som ligger i et par t\u00f8nner. I den f\u00f8rste t\u00f8nnen er det 35 forskjellige tall fra 1 til 35. Den andre t\u00f8nnen inneholder tallene mellom 1 og 20. Den f\u00f8rste t\u00f8nnen plukker ut sju tall, mens den andre t\u00f8nnen [&hellip;]<\/p>\n","protected":false},"author":1,"featured_media":0,"parent":60108,"menu_order":17,"comment_status":"closed","ping_status":"closed","template":"powerball-au.php","meta":{"_et_pb_use_builder":"","_et_pb_old_content":"","_et_gb_content_width":"","exclude_from_search":false,"footnotes":""},"class_list":["post-60235","page","type-page","status-publish","hentry"],"yoast_head":"<!-- This site is optimized with the Yoast SEO plugin v27.3 - https:\/\/yoast.com\/product\/yoast-seo-wordpress\/ -->\n<title>Spill Powerball Australia Lottery Online<\/title>\n<meta name=\"description\" content=\"Australias favorittlotteri n\u00e5 tilgjengelig online over hele verden\" \/>\n<meta name=\"robots\" content=\"index, follow, max-snippet:-1, max-image-preview:large, max-video-preview:-1\" \/>\n<link rel=\"canonical\" href=\"https:\/\/redfoxlotto.com\/no\/spille\/powerball-au\/\" \/>\n<meta property=\"og:locale\" content=\"nb_NO\" \/>\n<meta property=\"og:type\" content=\"article\" \/>\n<meta property=\"og:title\" content=\"Spill Powerball Australia Lottery Online\" \/>\n<meta property=\"og:description\" content=\"Australias favorittlotteri n\u00e5 tilgjengelig online over hele verden\" \/>\n<meta property=\"og:url\" content=\"https:\/\/redfoxlotto.com\/no\/spille\/powerball-au\/\" \/>\n<meta property=\"og:site_name\" content=\"Get Tickets for the World\u2019s largest jackpots\" \/>\n<meta property=\"article:modified_time\" content=\"2023-05-28T20:08:19+00:00\" \/>\n<meta property=\"og:image\" content=\"https:\/\/redfoxlotto.org\/wp-content\/uploads\/2023\/04\/win_prizes_online-300x279-1.jpg\" \/>\n<meta name=\"twitter:card\" content=\"summary_large_image\" \/>\n<meta name=\"twitter:label1\" content=\"Ansl. lesetid\" \/>\n\t<meta name=\"twitter:data1\" content=\"2 minutter\" \/>\n<script type=\"application\/ld+json\" class=\"yoast-schema-graph\">{\"@context\":\"https:\\\/\\\/schema.org\",\"@graph\":[{\"@type\":\"WebPage\",\"@id\":\"https:\\\/\\\/redfoxlotto.com\\\/no\\\/spille\\\/powerball-au\\\/\",\"url\":\"https:\\\/\\\/redfoxlotto.com\\\/no\\\/spille\\\/powerball-au\\\/\",\"name\":\"Spill Powerball Australia Lottery Online\",\"isPartOf\":{\"@id\":\"https:\\\/\\\/redfoxlotto.com\\\/no\\\/#website\"},\"primaryImageOfPage\":{\"@id\":\"https:\\\/\\\/redfoxlotto.com\\\/no\\\/spille\\\/powerball-au\\\/#primaryimage\"},\"image\":{\"@id\":\"https:\\\/\\\/redfoxlotto.com\\\/no\\\/spille\\\/powerball-au\\\/#primaryimage\"},\"thumbnailUrl\":\"https:\\\/\\\/redfoxlotto.org\\\/wp-content\\\/uploads\\\/2023\\\/04\\\/win_prizes_online-300x279-1.jpg\",\"datePublished\":\"2023-04-24T18:19:55+00:00\",\"dateModified\":\"2023-05-28T20:08:19+00:00\",\"description\":\"Australias favorittlotteri n\u00e5 tilgjengelig online over hele verden\",\"breadcrumb\":{\"@id\":\"https:\\\/\\\/redfoxlotto.com\\\/no\\\/spille\\\/powerball-au\\\/#breadcrumb\"},\"inLanguage\":\"nb-NO\",\"potentialAction\":[{\"@type\":\"ReadAction\",\"target\":[\"https:\\\/\\\/redfoxlotto.com\\\/no\\\/spille\\\/powerball-au\\\/\"]}]},{\"@type\":\"ImageObject\",\"inLanguage\":\"nb-NO\",\"@id\":\"https:\\\/\\\/redfoxlotto.com\\\/no\\\/spille\\\/powerball-au\\\/#primaryimage\",\"url\":\"https:\\\/\\\/redfoxlotto.org\\\/wp-content\\\/uploads\\\/2023\\\/04\\\/win_prizes_online-300x279-1.jpg\",\"contentUrl\":\"https:\\\/\\\/redfoxlotto.org\\\/wp-content\\\/uploads\\\/2023\\\/04\\\/win_prizes_online-300x279-1.jpg\"},{\"@type\":\"BreadcrumbList\",\"@id\":\"https:\\\/\\\/redfoxlotto.com\\\/no\\\/spille\\\/powerball-au\\\/#breadcrumb\",\"itemListElement\":[{\"@type\":\"ListItem\",\"position\":1,\"name\":\"Home\",\"item\":\"https:\\\/\\\/redfoxlotto.com\\\/no\\\/\"},{\"@type\":\"ListItem\",\"position\":2,\"name\":\"Hvordan spille lotterier i andre land\",\"item\":\"https:\\\/\\\/redfoxlotto.com\\\/no\\\/spille\\\/\"},{\"@type\":\"ListItem\",\"position\":3,\"name\":\"Powerball fra Down Under &#8211; hvordan spille\"}]},{\"@type\":\"WebSite\",\"@id\":\"https:\\\/\\\/redfoxlotto.com\\\/no\\\/#website\",\"url\":\"https:\\\/\\\/redfoxlotto.com\\\/no\\\/\",\"name\":\"Get Tickets for the World\u2019s largest jackpots\",\"description\":\"Participate in worldwide lottery jackpots from any country\",\"publisher\":{\"@id\":\"https:\\\/\\\/redfoxlotto.com\\\/no\\\/#organization\"},\"potentialAction\":[{\"@type\":\"SearchAction\",\"target\":{\"@type\":\"EntryPoint\",\"urlTemplate\":\"https:\\\/\\\/redfoxlotto.com\\\/no\\\/?s={search_term_string}\"},\"query-input\":{\"@type\":\"PropertyValueSpecification\",\"valueRequired\":true,\"valueName\":\"search_term_string\"}}],\"inLanguage\":\"nb-NO\"},{\"@type\":\"Organization\",\"@id\":\"https:\\\/\\\/redfoxlotto.com\\\/no\\\/#organization\",\"name\":\"Get Tickets for the World\u2019s largest jackpots\",\"url\":\"https:\\\/\\\/redfoxlotto.com\\\/no\\\/\",\"logo\":{\"@type\":\"ImageObject\",\"inLanguage\":\"nb-NO\",\"@id\":\"https:\\\/\\\/redfoxlotto.com\\\/no\\\/#\\\/schema\\\/logo\\\/image\\\/\",\"url\":\"https:\\\/\\\/redfoxlotto.com\\\/wp-content\\\/uploads\\\/2023\\\/04\\\/logo.png\",\"contentUrl\":\"https:\\\/\\\/redfoxlotto.com\\\/wp-content\\\/uploads\\\/2023\\\/04\\\/logo.png\",\"width\":269,\"height\":53,\"caption\":\"Get Tickets for the World\u2019s largest jackpots\"},\"image\":{\"@id\":\"https:\\\/\\\/redfoxlotto.com\\\/no\\\/#\\\/schema\\\/logo\\\/image\\\/\"}}]}<\/script>\n<!-- \/ Yoast SEO plugin. -->","yoast_head_json":{"title":"Spill Powerball Australia Lottery Online","description":"Australias favorittlotteri n\u00e5 tilgjengelig online over hele verden","robots":{"index":"index","follow":"follow","max-snippet":"max-snippet:-1","max-image-preview":"max-image-preview:large","max-video-preview":"max-video-preview:-1"},"canonical":"https:\/\/redfoxlotto.com\/no\/spille\/powerball-au\/","og_locale":"nb_NO","og_type":"article","og_title":"Spill Powerball Australia Lottery Online","og_description":"Australias favorittlotteri n\u00e5 tilgjengelig online over hele verden","og_url":"https:\/\/redfoxlotto.com\/no\/spille\/powerball-au\/","og_site_name":"Get Tickets for the World\u2019s largest jackpots","article_modified_time":"2023-05-28T20:08:19+00:00","og_image":[{"url":"https:\/\/redfoxlotto.org\/wp-content\/uploads\/2023\/04\/win_prizes_online-300x279-1.jpg","type":"","width":"","height":""}],"twitter_card":"summary_large_image","twitter_misc":{"Ansl. lesetid":"2 minutter"},"schema":{"@context":"https:\/\/schema.org","@graph":[{"@type":"WebPage","@id":"https:\/\/redfoxlotto.com\/no\/spille\/powerball-au\/","url":"https:\/\/redfoxlotto.com\/no\/spille\/powerball-au\/","name":"Spill Powerball Australia Lottery Online","isPartOf":{"@id":"https:\/\/redfoxlotto.com\/no\/#website"},"primaryImageOfPage":{"@id":"https:\/\/redfoxlotto.com\/no\/spille\/powerball-au\/#primaryimage"},"image":{"@id":"https:\/\/redfoxlotto.com\/no\/spille\/powerball-au\/#primaryimage"},"thumbnailUrl":"https:\/\/redfoxlotto.org\/wp-content\/uploads\/2023\/04\/win_prizes_online-300x279-1.jpg","datePublished":"2023-04-24T18:19:55+00:00","dateModified":"2023-05-28T20:08:19+00:00","description":"Australias favorittlotteri n\u00e5 tilgjengelig online over hele verden","breadcrumb":{"@id":"https:\/\/redfoxlotto.com\/no\/spille\/powerball-au\/#breadcrumb"},"inLanguage":"nb-NO","potentialAction":[{"@type":"ReadAction","target":["https:\/\/redfoxlotto.com\/no\/spille\/powerball-au\/"]}]},{"@type":"ImageObject","inLanguage":"nb-NO","@id":"https:\/\/redfoxlotto.com\/no\/spille\/powerball-au\/#primaryimage","url":"https:\/\/redfoxlotto.org\/wp-content\/uploads\/2023\/04\/win_prizes_online-300x279-1.jpg","contentUrl":"https:\/\/redfoxlotto.org\/wp-content\/uploads\/2023\/04\/win_prizes_online-300x279-1.jpg"},{"@type":"BreadcrumbList","@id":"https:\/\/redfoxlotto.com\/no\/spille\/powerball-au\/#breadcrumb","itemListElement":[{"@type":"ListItem","position":1,"name":"Home","item":"https:\/\/redfoxlotto.com\/no\/"},{"@type":"ListItem","position":2,"name":"Hvordan spille lotterier i andre land","item":"https:\/\/redfoxlotto.com\/no\/spille\/"},{"@type":"ListItem","position":3,"name":"Powerball fra Down Under &#8211; hvordan spille"}]},{"@type":"WebSite","@id":"https:\/\/redfoxlotto.com\/no\/#website","url":"https:\/\/redfoxlotto.com\/no\/","name":"Get Tickets for the World\u2019s largest jackpots","description":"Participate in worldwide lottery jackpots from any country","publisher":{"@id":"https:\/\/redfoxlotto.com\/no\/#organization"},"potentialAction":[{"@type":"SearchAction","target":{"@type":"EntryPoint","urlTemplate":"https:\/\/redfoxlotto.com\/no\/?s={search_term_string}"},"query-input":{"@type":"PropertyValueSpecification","valueRequired":true,"valueName":"search_term_string"}}],"inLanguage":"nb-NO"},{"@type":"Organization","@id":"https:\/\/redfoxlotto.com\/no\/#organization","name":"Get Tickets for the World\u2019s largest jackpots","url":"https:\/\/redfoxlotto.com\/no\/","logo":{"@type":"ImageObject","inLanguage":"nb-NO","@id":"https:\/\/redfoxlotto.com\/no\/#\/schema\/logo\/image\/","url":"https:\/\/redfoxlotto.com\/wp-content\/uploads\/2023\/04\/logo.png","contentUrl":"https:\/\/redfoxlotto.com\/wp-content\/uploads\/2023\/04\/logo.png","width":269,"height":53,"caption":"Get Tickets for the World\u2019s largest jackpots"},"image":{"@id":"https:\/\/redfoxlotto.com\/no\/#\/schema\/logo\/image\/"}}]}},"_links":{"self":[{"href":"https:\/\/redfoxlotto.com\/no\/wp-json\/wp\/v2\/pages\/60235","targetHints":{"allow":["GET"]}}],"collection":[{"href":"https:\/\/redfoxlotto.com\/no\/wp-json\/wp\/v2\/pages"}],"about":[{"href":"https:\/\/redfoxlotto.com\/no\/wp-json\/wp\/v2\/types\/page"}],"author":[{"embeddable":true,"href":"https:\/\/redfoxlotto.com\/no\/wp-json\/wp\/v2\/users\/1"}],"replies":[{"embeddable":true,"href":"https:\/\/redfoxlotto.com\/no\/wp-json\/wp\/v2\/comments?post=60235"}],"version-history":[{"count":0,"href":"https:\/\/redfoxlotto.com\/no\/wp-json\/wp\/v2\/pages\/60235\/revisions"}],"up":[{"embeddable":true,"href":"https:\/\/redfoxlotto.com\/no\/wp-json\/wp\/v2\/pages\/60108"}],"wp:attachment":[{"href":"https:\/\/redfoxlotto.com\/no\/wp-json\/wp\/v2\/media?parent=60235"}],"curies":[{"name":"wp","href":"https:\/\/api.w.org\/{rel}","templated":true}]}}