{"id":60189,"date":"2023-04-24T18:11:14","date_gmt":"2023-04-24T18:11:14","guid":{"rendered":"https:\/\/redfoxlotto.eu\/?page_id=60189"},"modified":"2023-05-28T19:19:45","modified_gmt":"2023-05-28T19:19:45","slug":"mega-sena","status":"publish","type":"page","link":"https:\/\/redfoxlotto.com\/no\/spille\/mega-sena\/","title":{"rendered":"Delta i Mega Sena Brasil"},"content":{"rendered":"<h2>Spill Mega Sena Brazil online<\/h2>\n<p>Hvis du har sett p\u00e5 lottospill p\u00e5 nettet, har du kanskje allerede sett Mega Sena. Dette spillet er faktisk det st\u00f8rste lottospillet som for tiden foreg\u00e5r i Brasil, og det betyr at det er et spill du absolutt b\u00f8r pr\u00f8ve selv.<br \/>\n<img decoding=\"async\" class=\" wp-image alignright\" src=\"https:\/\/redfoxlotto.org\/wp-content\/uploads\/2023\/04\/win_prizes_online-300x279-1.jpg\" alt=\"Mega Sena Brasil\" width=\"250&quot;\" height=\"125\" \/><\/p>\n<p>Dette spillet, som drives av Caixa Economica Federal Bank, har faktisk eksistert en god stund, og det gir deg mange valgmuligheter n\u00e5r det gjelder hva som kan bli ditt nye favorittspill. Hvis du \u00f8nsker \u00e5 spille Mega Sena Brazil online, trenger du bare \u00e5 kunne reglene.<\/p>\n<h2>Slik spiller du<\/h2>\n<p>Du f\u00e5r velge 6 tall n\u00e5r du spiller Mega Sena Brazil, og det er ingen tilleggstall. Hvis du vil velge dine egne tall, kan du gj\u00f8re det, eller du kan velge det som kalles &laquo;Quick Pick&raquo;. Dette vil gi deg tilfeldig valgte tall.<\/p>\n<h2>Sjekk ut resultatene<\/h2>\n<p>N\u00e5r du har f\u00e5tt tallene dine for \u00e5 spille Mega Sena Brazil online, er det p\u00e5 tide \u00e5 sjekke resultatene. Med RedFoxLotto.com blir det enkelt fordi du bare logger inn p\u00e5 kontoen din, og tallene vil v\u00e6re tilgjengelige for deg der. Og de vil til og med bli sammenlignet med tallene dine, slik at du vet om du vinner.<\/p>\n","protected":false},"excerpt":{"rendered":"<p>Spill Mega Sena Brazil online Hvis du har sett p\u00e5 lottospill p\u00e5 nettet, har du kanskje allerede sett Mega Sena. Dette spillet er faktisk det st\u00f8rste lottospillet som for tiden foreg\u00e5r i Brasil, og det betyr at det er et spill du absolutt b\u00f8r pr\u00f8ve selv. Dette spillet, som drives av Caixa Economica Federal Bank, [&hellip;]<\/p>\n","protected":false},"author":1,"featured_media":0,"parent":60108,"menu_order":13,"comment_status":"closed","ping_status":"closed","template":"megasena.php","meta":{"_et_pb_use_builder":"","_et_pb_old_content":"","_et_gb_content_width":"","exclude_from_search":false,"footnotes":""},"class_list":["post-60189","page","type-page","status-publish","hentry"],"yoast_head":"<!-- This site is optimized with the Yoast SEO plugin v23.8 - https:\/\/yoast.com\/wordpress\/plugins\/seo\/ -->\n<title>Spill Mega Sena online | Brasils st\u00f8rste lotteri n\u00e5 online<\/title>\n<meta name=\"description\" content=\"Du trenger ikke \u00e5 bo i Brasil for \u00e5 spille Mega Sena - delta online!\" \/>\n<meta name=\"robots\" content=\"index, follow, max-snippet:-1, max-image-preview:large, max-video-preview:-1\" \/>\n<link rel=\"canonical\" href=\"https:\/\/redfoxlotto.com\/no\/spille\/mega-sena\/\" \/>\n<meta property=\"og:locale\" content=\"nb_NO\" \/>\n<meta property=\"og:type\" content=\"article\" \/>\n<meta property=\"og:title\" content=\"Spill Mega Sena online | Brasils st\u00f8rste lotteri n\u00e5 online\" \/>\n<meta property=\"og:description\" content=\"Du trenger ikke \u00e5 bo i Brasil for \u00e5 spille Mega Sena - delta online!\" \/>\n<meta property=\"og:url\" content=\"https:\/\/redfoxlotto.com\/no\/spille\/mega-sena\/\" \/>\n<meta property=\"og:site_name\" content=\"Get Tickets for the World\u2019s largest jackpots\" \/>\n<meta property=\"article:modified_time\" content=\"2023-05-28T19:19:45+00:00\" \/>\n<meta property=\"og:image\" content=\"https:\/\/redfoxlotto.org\/wp-content\/uploads\/2023\/04\/win_prizes_online-300x279-1.jpg\" \/>\n<meta name=\"twitter:card\" content=\"summary_large_image\" \/>\n<meta name=\"twitter:label1\" content=\"Ansl. lesetid\" \/>\n\t<meta name=\"twitter:data1\" content=\"2 minutter\" \/>\n<script type=\"application\/ld+json\" class=\"yoast-schema-graph\">{\"@context\":\"https:\/\/schema.org\",\"@graph\":[{\"@type\":\"WebPage\",\"@id\":\"https:\/\/redfoxlotto.com\/no\/spille\/mega-sena\/\",\"url\":\"https:\/\/redfoxlotto.com\/no\/spille\/mega-sena\/\",\"name\":\"Spill Mega Sena online | Brasils st\u00f8rste lotteri n\u00e5 online\",\"isPartOf\":{\"@id\":\"https:\/\/redfoxlotto.com\/no\/#website\"},\"primaryImageOfPage\":{\"@id\":\"https:\/\/redfoxlotto.com\/no\/spille\/mega-sena\/#primaryimage\"},\"image\":{\"@id\":\"https:\/\/redfoxlotto.com\/no\/spille\/mega-sena\/#primaryimage\"},\"thumbnailUrl\":\"https:\/\/redfoxlotto.org\/wp-content\/uploads\/2023\/04\/win_prizes_online-300x279-1.jpg\",\"datePublished\":\"2023-04-24T18:11:14+00:00\",\"dateModified\":\"2023-05-28T19:19:45+00:00\",\"description\":\"Du trenger ikke \u00e5 bo i Brasil for \u00e5 spille Mega Sena - delta online!\",\"breadcrumb\":{\"@id\":\"https:\/\/redfoxlotto.com\/no\/spille\/mega-sena\/#breadcrumb\"},\"inLanguage\":\"nb-NO\",\"potentialAction\":[{\"@type\":\"ReadAction\",\"target\":[\"https:\/\/redfoxlotto.com\/no\/spille\/mega-sena\/\"]}]},{\"@type\":\"ImageObject\",\"inLanguage\":\"nb-NO\",\"@id\":\"https:\/\/redfoxlotto.com\/no\/spille\/mega-sena\/#primaryimage\",\"url\":\"https:\/\/redfoxlotto.org\/wp-content\/uploads\/2023\/04\/win_prizes_online-300x279-1.jpg\",\"contentUrl\":\"https:\/\/redfoxlotto.org\/wp-content\/uploads\/2023\/04\/win_prizes_online-300x279-1.jpg\"},{\"@type\":\"BreadcrumbList\",\"@id\":\"https:\/\/redfoxlotto.com\/no\/spille\/mega-sena\/#breadcrumb\",\"itemListElement\":[{\"@type\":\"ListItem\",\"position\":1,\"name\":\"Home\",\"item\":\"https:\/\/redfoxlotto.com\/no\/\"},{\"@type\":\"ListItem\",\"position\":2,\"name\":\"Hvordan spille lotterier i andre land\",\"item\":\"https:\/\/redfoxlotto.com\/no\/spille\/\"},{\"@type\":\"ListItem\",\"position\":3,\"name\":\"Delta i Mega Sena Brasil\"}]},{\"@type\":\"WebSite\",\"@id\":\"https:\/\/redfoxlotto.com\/no\/#website\",\"url\":\"https:\/\/redfoxlotto.com\/no\/\",\"name\":\"Get Tickets for the World\u2019s largest jackpots\",\"description\":\"Participate in worldwide lottery jackpots from any country\",\"publisher\":{\"@id\":\"https:\/\/redfoxlotto.com\/no\/#organization\"},\"potentialAction\":[{\"@type\":\"SearchAction\",\"target\":{\"@type\":\"EntryPoint\",\"urlTemplate\":\"https:\/\/redfoxlotto.com\/no\/?s={search_term_string}\"},\"query-input\":{\"@type\":\"PropertyValueSpecification\",\"valueRequired\":true,\"valueName\":\"search_term_string\"}}],\"inLanguage\":\"nb-NO\"},{\"@type\":\"Organization\",\"@id\":\"https:\/\/redfoxlotto.com\/no\/#organization\",\"name\":\"Get Tickets for the World\u2019s largest jackpots\",\"url\":\"https:\/\/redfoxlotto.com\/no\/\",\"logo\":{\"@type\":\"ImageObject\",\"inLanguage\":\"nb-NO\",\"@id\":\"https:\/\/redfoxlotto.com\/no\/#\/schema\/logo\/image\/\",\"url\":\"https:\/\/redfoxlotto.com\/wp-content\/uploads\/2023\/04\/logo.png\",\"contentUrl\":\"https:\/\/redfoxlotto.com\/wp-content\/uploads\/2023\/04\/logo.png\",\"width\":269,\"height\":53,\"caption\":\"Get Tickets for the World\u2019s largest jackpots\"},\"image\":{\"@id\":\"https:\/\/redfoxlotto.com\/no\/#\/schema\/logo\/image\/\"}}]}<\/script>\n<!-- \/ Yoast SEO plugin. -->","yoast_head_json":{"title":"Spill Mega Sena online | Brasils st\u00f8rste lotteri n\u00e5 online","description":"Du trenger ikke \u00e5 bo i Brasil for \u00e5 spille Mega Sena - delta online!","robots":{"index":"index","follow":"follow","max-snippet":"max-snippet:-1","max-image-preview":"max-image-preview:large","max-video-preview":"max-video-preview:-1"},"canonical":"https:\/\/redfoxlotto.com\/no\/spille\/mega-sena\/","og_locale":"nb_NO","og_type":"article","og_title":"Spill Mega Sena online | Brasils st\u00f8rste lotteri n\u00e5 online","og_description":"Du trenger ikke \u00e5 bo i Brasil for \u00e5 spille Mega Sena - delta online!","og_url":"https:\/\/redfoxlotto.com\/no\/spille\/mega-sena\/","og_site_name":"Get Tickets for the World\u2019s largest jackpots","article_modified_time":"2023-05-28T19:19:45+00:00","og_image":[{"url":"https:\/\/redfoxlotto.org\/wp-content\/uploads\/2023\/04\/win_prizes_online-300x279-1.jpg"}],"twitter_card":"summary_large_image","twitter_misc":{"Ansl. lesetid":"2 minutter"},"schema":{"@context":"https:\/\/schema.org","@graph":[{"@type":"WebPage","@id":"https:\/\/redfoxlotto.com\/no\/spille\/mega-sena\/","url":"https:\/\/redfoxlotto.com\/no\/spille\/mega-sena\/","name":"Spill Mega Sena online | Brasils st\u00f8rste lotteri n\u00e5 online","isPartOf":{"@id":"https:\/\/redfoxlotto.com\/no\/#website"},"primaryImageOfPage":{"@id":"https:\/\/redfoxlotto.com\/no\/spille\/mega-sena\/#primaryimage"},"image":{"@id":"https:\/\/redfoxlotto.com\/no\/spille\/mega-sena\/#primaryimage"},"thumbnailUrl":"https:\/\/redfoxlotto.org\/wp-content\/uploads\/2023\/04\/win_prizes_online-300x279-1.jpg","datePublished":"2023-04-24T18:11:14+00:00","dateModified":"2023-05-28T19:19:45+00:00","description":"Du trenger ikke \u00e5 bo i Brasil for \u00e5 spille Mega Sena - delta online!","breadcrumb":{"@id":"https:\/\/redfoxlotto.com\/no\/spille\/mega-sena\/#breadcrumb"},"inLanguage":"nb-NO","potentialAction":[{"@type":"ReadAction","target":["https:\/\/redfoxlotto.com\/no\/spille\/mega-sena\/"]}]},{"@type":"ImageObject","inLanguage":"nb-NO","@id":"https:\/\/redfoxlotto.com\/no\/spille\/mega-sena\/#primaryimage","url":"https:\/\/redfoxlotto.org\/wp-content\/uploads\/2023\/04\/win_prizes_online-300x279-1.jpg","contentUrl":"https:\/\/redfoxlotto.org\/wp-content\/uploads\/2023\/04\/win_prizes_online-300x279-1.jpg"},{"@type":"BreadcrumbList","@id":"https:\/\/redfoxlotto.com\/no\/spille\/mega-sena\/#breadcrumb","itemListElement":[{"@type":"ListItem","position":1,"name":"Home","item":"https:\/\/redfoxlotto.com\/no\/"},{"@type":"ListItem","position":2,"name":"Hvordan spille lotterier i andre land","item":"https:\/\/redfoxlotto.com\/no\/spille\/"},{"@type":"ListItem","position":3,"name":"Delta i Mega Sena Brasil"}]},{"@type":"WebSite","@id":"https:\/\/redfoxlotto.com\/no\/#website","url":"https:\/\/redfoxlotto.com\/no\/","name":"Get Tickets for the World\u2019s largest jackpots","description":"Participate in worldwide lottery jackpots from any country","publisher":{"@id":"https:\/\/redfoxlotto.com\/no\/#organization"},"potentialAction":[{"@type":"SearchAction","target":{"@type":"EntryPoint","urlTemplate":"https:\/\/redfoxlotto.com\/no\/?s={search_term_string}"},"query-input":{"@type":"PropertyValueSpecification","valueRequired":true,"valueName":"search_term_string"}}],"inLanguage":"nb-NO"},{"@type":"Organization","@id":"https:\/\/redfoxlotto.com\/no\/#organization","name":"Get Tickets for the World\u2019s largest jackpots","url":"https:\/\/redfoxlotto.com\/no\/","logo":{"@type":"ImageObject","inLanguage":"nb-NO","@id":"https:\/\/redfoxlotto.com\/no\/#\/schema\/logo\/image\/","url":"https:\/\/redfoxlotto.com\/wp-content\/uploads\/2023\/04\/logo.png","contentUrl":"https:\/\/redfoxlotto.com\/wp-content\/uploads\/2023\/04\/logo.png","width":269,"height":53,"caption":"Get Tickets for the World\u2019s largest jackpots"},"image":{"@id":"https:\/\/redfoxlotto.com\/no\/#\/schema\/logo\/image\/"}}]}},"_links":{"self":[{"href":"https:\/\/redfoxlotto.com\/no\/wp-json\/wp\/v2\/pages\/60189","targetHints":{"allow":["GET"]}}],"collection":[{"href":"https:\/\/redfoxlotto.com\/no\/wp-json\/wp\/v2\/pages"}],"about":[{"href":"https:\/\/redfoxlotto.com\/no\/wp-json\/wp\/v2\/types\/page"}],"author":[{"embeddable":true,"href":"https:\/\/redfoxlotto.com\/no\/wp-json\/wp\/v2\/users\/1"}],"replies":[{"embeddable":true,"href":"https:\/\/redfoxlotto.com\/no\/wp-json\/wp\/v2\/comments?post=60189"}],"version-history":[{"count":0,"href":"https:\/\/redfoxlotto.com\/no\/wp-json\/wp\/v2\/pages\/60189\/revisions"}],"up":[{"embeddable":true,"href":"https:\/\/redfoxlotto.com\/no\/wp-json\/wp\/v2\/pages\/60108"}],"wp:attachment":[{"href":"https:\/\/redfoxlotto.com\/no\/wp-json\/wp\/v2\/media?parent=60189"}],"curies":[{"name":"wp","href":"https:\/\/api.w.org\/{rel}","templated":true}]}}