{"id":60186,"date":"2023-04-24T18:09:15","date_gmt":"2023-04-24T18:09:15","guid":{"rendered":"https:\/\/redfoxlotto.eu\/?page_id=60186"},"modified":"2025-12-10T13:59:07","modified_gmt":"2025-12-10T13:59:07","slug":"lotto-america","status":"publish","type":"page","link":"https:\/\/redfoxlotto.com\/no\/spille\/lotto-america\/","title":{"rendered":"Spill Lotto America online"},"content":{"rendered":"<p><script type=\"application\/ld+json\">\n{\n\"@context\": \"https:\/\/schema.org\",\n\"@type\": \"Service\",\n\"name\": \" Lotto America online\",\n\"url\": \"https:\/\/redfoxlotto.com\/no\/spille\/lotto-america\/\",\n\"description\": \"Kj\u00f8p offisielle Lotto America-billetter p\u00e5 nett via RedFoxLotto. Velg tallene dine og bli med i neste trekning.\",\n\"serviceType\": \"Online lottery ticket purchase\",<\/p>\n<p>\"provider\": {\n\"@type\": \"Organization\",\n\"name\": \"RedFoxLotto\",\n\"url\": \"https:\/\/redfoxlotto.com\",\n\"logo\": \"https:\/\/redfoxlotto.com\/wp-content\/uploads\/logo.png\"\n},<\/p>\n<p>\"areaServed\": \"Worldwide\",\n\"termsOfService\": \"https:\/\/redfoxlotto.com\/terms-and-conditions\",<\/p>\n<p>\"hasOfferCatalog\": {\n\"@type\": \"OfferCatalog\",\n\"name\": \"Lotto America Offers\",\n\"itemListElement\": [\n{\n\"@type\": \"Offer\",\n\"name\": \"Lotto America Lottery Ticket\",\n\"url\": \"https:\/\/redfoxlotto.com\/no\/spille\/lotto-america\/\",\n\"description\": \"\u00c9n lodd til neste Lotto America-trekning.\",\n\"price\": \"2.75\",\n\"priceCurrency\": \"EUR\",\n\"availability\": \"https:\/\/schema.org\/InStock\",<\/p>\n<p>\"itemOffered\": {\n\"@type\": \"Service\",\n\"name\": \"Lotto America Lottery Entry\",\n\"description\": \"P\u00e5melding til neste Lotto America-trekning gjennom RedFoxLotto.\"\n}\n}\n]\n},<\/p>\n<p>\"mainEntityOfPage\": {\n\"@type\": \"WebPage\",\n\"@id\": \"https:\/\/redfoxlotto.com\/no\/spille\/lotto-america\/\"\n}\n}\n<\/script><\/p>\n<h2>Spill Lotto America p\u00e5 nettet<\/h2>\n<p>N\u00e5r det gjelder \u00e5 spille lotto p\u00e5 nettet, er du kanskje p\u00e5 utkikk etter noe nytt. Det kan tross alt bli litt kjedelig \u00e5 spille de samme spillene om og om igjen, ikke sant? Det var sannsynligvis derfor du gikk over til \u00e5 spille online i utgangspunktet. Vel, det er i ferd med \u00e5 bli mye morsommere fordi du ikke har sett Lotto America enn\u00e5.<\/p>\n<h2>Hva er Lotto America?<\/h2>\n<p>Lotto America er et lotterispill i flere stater som gir deg sjansen til en stor jackpot og gir deg noen gode odds for \u00e5 g\u00e5 sammen med den. Ikke bare det, men billettene er billige, og dette spillet gir deg mange m\u00e5ter du kan vinne mindre premier mens du er i gang. Det betyr at du kommer til \u00e5 ha det g\u00f8y selv om du ikke vinner jackpoten.<\/p>\n<h2>Hva du b\u00f8r vite om spillet<\/h2>\n<p>Dette spillet trekkes to ganger i uken, onsdag og l\u00f8rdag. Det trekker ogs\u00e5 totalt seks forskjellige baller. Fem av disse er vanlige, hvite baller, som er standardnumrene. \u00c9n er en r\u00f8d ball, som er bonusnummeret. I tillegg finnes det en All-Star-bonus hvis du \u00f8nsker \u00e5 \u00f8ke gevinsten for de som ikke vinner jackpotten.<\/p>\n<h2>Hvem spiller?<\/h2>\n<p>N\u00e5r det gjelder \u00e5 spille dette spillet, vil du sikkert vite hva du er med p\u00e5, ikke sant? Vel, det er totalt 13 forskjellige stater som for \u00f8yeblikket spiller dette spillet, inkludert Maine, Idaho, Montana, Nord- og S\u00f8r-Dakota, Minnesota, Iowa, Kansas, New Mexico, Oklahoma, Tennesee, West Virginia og Delaware. Men du trenger ikke \u00e5 bo i en av disse statene, eller i USA, for \u00e5 spille dette spillet. Det er mange alternativer og m\u00e5ter du kan begynne \u00e5 spille dette spillet uansett hvor du er. Du m\u00e5 bare vite hvordan du spiller.<\/p>\n<h2>\u00c5 spille for deg selv<\/h2>\n<p>N\u00e5r du er klar til \u00e5 begynne \u00e5 spille Lotto America, er alt du trenger \u00e5 gj\u00f8re \u00e5 opprette en konto online med RedFoxLotto. Derfra kan du sjekke ut alle de forskjellige spillene deres, som inkluderer lotterialternativer fra hele verden. Lotto America er bare ett av de mange spillene du kan velge mellom, men det kommer til \u00e5 bli morsomt.<br \/>\n<img decoding=\"async\" class=\" wp-image alignright\" src=\"https:\/\/redfoxlotto.org\/wp-content\/uploads\/2023\/04\/win_prizes_online-300x279-1.jpg\" alt=\"spill lotto america online\" width=\"250&quot;\" height=\"125\" \/><\/p>\n<p>N\u00e5r du har valgt spillet, f\u00e5r du se hva jackpoten er og n\u00e5r trekningen vil bli holdt f\u00f8r du kj\u00f8per en billett. P\u00e5 den m\u00e5ten vet du om du virkelig vil pr\u00f8ve det, eller om du vil pr\u00f8ve et annet spill denne gangen (eller om du vil ha flere lodd). N\u00e5r du har bestemt deg for \u00e5 kj\u00f8pe lodd, er det bare \u00e5 plukke ut de tallene du \u00f8nsker. Du kan velge alle tallene selv hvis du foretrekker det, eller du kan velge \u00e5 bare velge noen f\u00e5 tall og f\u00e5 resten tilfeldig generert. Eller du kan f\u00e5 alle tallene tilfeldig generert. Det er helt opp til deg. N\u00e5r du har f\u00e5tt alle tallene, er det eneste du trenger \u00e5 gj\u00f8re \u00e5 velge om du vil spille All-Star-bonusen eller ikke, og finansiere kj\u00f8pet. Du er ferdig p\u00e5 et blunk, og s\u00e5 er det bare \u00e5 vente p\u00e5 trekningen for \u00e5 se om du er en vinner.<\/p>\n<h2>Har du vunnet?<\/h2>\n<p>N\u00e5r spillet er trukket og du venter p\u00e5 \u00e5 se om tallene dine er de som kommer opp, blir det enda enklere enn du kanskje tror. Alt du trenger \u00e5 gj\u00f8re er \u00e5 se p\u00e5 nettet. RedFoxLotto tilbyr alle vinnertallene, spesielt n\u00e5r du kj\u00f8per en kupong, fordi vi matcher tallene for deg.<\/p>\n<p>Hvis du vinner en liten premie, blir den automatisk satt inn p\u00e5 kontoen din. Hvis du vinner en stor premie, hjelper vi deg og g\u00e5r gjennom prosessen med \u00e5 kreve premien. Men uansett hva du vinner, vil du f\u00e5 vite det umiddelbart p\u00e5 kontoen din fordi vi viser deg tallene dine og vinnertallene.<\/p>\n<p>S\u00e5 hvorfor ikke gi det et fors\u00f8k og sjekke ut Lotto America? Du skj\u00f8nner kanskje ikke engang hva du g\u00e5r glipp av enn\u00e5. F\u00f8r du pr\u00f8ver det selv.<\/p>\n","protected":false},"excerpt":{"rendered":"<p>Spill Lotto America p\u00e5 nettet N\u00e5r det gjelder \u00e5 spille lotto p\u00e5 nettet, er du kanskje p\u00e5 utkikk etter noe nytt. Det kan tross alt bli litt kjedelig \u00e5 spille de samme spillene om og om igjen, ikke sant? Det var sannsynligvis derfor du gikk over til \u00e5 spille online i utgangspunktet. Vel, det er [&hellip;]<\/p>\n","protected":false},"author":1,"featured_media":0,"parent":60108,"menu_order":12,"comment_status":"closed","ping_status":"closed","template":"lotto-america.php","meta":{"_et_pb_use_builder":"","_et_pb_old_content":"","_et_gb_content_width":"","exclude_from_search":false,"footnotes":""},"class_list":["post-60186","page","type-page","status-publish","hentry"],"yoast_head":"<!-- This site is optimized with the Yoast SEO plugin v27.3 - https:\/\/yoast.com\/product\/yoast-seo-wordpress\/ -->\n<title>Spill Lotto America online<\/title>\n<meta name=\"description\" content=\"Spillere fra alle land kan n\u00e5 bli med og spille dette flerstatslotteriet fra USA p\u00e5 nettet.\" \/>\n<meta name=\"robots\" content=\"index, follow, max-snippet:-1, max-image-preview:large, max-video-preview:-1\" \/>\n<link rel=\"canonical\" href=\"https:\/\/redfoxlotto.com\/no\/spille\/lotto-america\/\" \/>\n<meta property=\"og:locale\" content=\"nb_NO\" \/>\n<meta property=\"og:type\" content=\"article\" \/>\n<meta property=\"og:title\" content=\"Spill Lotto America online\" \/>\n<meta property=\"og:description\" content=\"Spillere fra alle land kan n\u00e5 bli med og spille dette flerstatslotteriet fra USA p\u00e5 nettet.\" \/>\n<meta property=\"og:url\" content=\"https:\/\/redfoxlotto.com\/no\/spille\/lotto-america\/\" \/>\n<meta property=\"og:site_name\" content=\"Get Tickets for the World\u2019s largest jackpots\" \/>\n<meta property=\"article:modified_time\" content=\"2025-12-10T13:59:07+00:00\" \/>\n<meta property=\"og:image\" content=\"https:\/\/redfoxlotto.org\/wp-content\/uploads\/2023\/04\/win_prizes_online-300x279-1.jpg\" \/>\n<meta name=\"twitter:card\" content=\"summary_large_image\" \/>\n<meta name=\"twitter:label1\" content=\"Ansl. lesetid\" \/>\n\t<meta name=\"twitter:data1\" content=\"4 minutter\" \/>\n<script type=\"application\/ld+json\" class=\"yoast-schema-graph\">{\"@context\":\"https:\\\/\\\/schema.org\",\"@graph\":[{\"@type\":\"WebPage\",\"@id\":\"https:\\\/\\\/redfoxlotto.com\\\/no\\\/spille\\\/lotto-america\\\/\",\"url\":\"https:\\\/\\\/redfoxlotto.com\\\/no\\\/spille\\\/lotto-america\\\/\",\"name\":\"Spill Lotto America online\",\"isPartOf\":{\"@id\":\"https:\\\/\\\/redfoxlotto.com\\\/no\\\/#website\"},\"primaryImageOfPage\":{\"@id\":\"https:\\\/\\\/redfoxlotto.com\\\/no\\\/spille\\\/lotto-america\\\/#primaryimage\"},\"image\":{\"@id\":\"https:\\\/\\\/redfoxlotto.com\\\/no\\\/spille\\\/lotto-america\\\/#primaryimage\"},\"thumbnailUrl\":\"https:\\\/\\\/redfoxlotto.org\\\/wp-content\\\/uploads\\\/2023\\\/04\\\/win_prizes_online-300x279-1.jpg\",\"datePublished\":\"2023-04-24T18:09:15+00:00\",\"dateModified\":\"2025-12-10T13:59:07+00:00\",\"description\":\"Spillere fra alle land kan n\u00e5 bli med og spille dette flerstatslotteriet fra USA p\u00e5 nettet.\",\"breadcrumb\":{\"@id\":\"https:\\\/\\\/redfoxlotto.com\\\/no\\\/spille\\\/lotto-america\\\/#breadcrumb\"},\"inLanguage\":\"nb-NO\",\"potentialAction\":[{\"@type\":\"ReadAction\",\"target\":[\"https:\\\/\\\/redfoxlotto.com\\\/no\\\/spille\\\/lotto-america\\\/\"]}]},{\"@type\":\"ImageObject\",\"inLanguage\":\"nb-NO\",\"@id\":\"https:\\\/\\\/redfoxlotto.com\\\/no\\\/spille\\\/lotto-america\\\/#primaryimage\",\"url\":\"https:\\\/\\\/redfoxlotto.org\\\/wp-content\\\/uploads\\\/2023\\\/04\\\/win_prizes_online-300x279-1.jpg\",\"contentUrl\":\"https:\\\/\\\/redfoxlotto.org\\\/wp-content\\\/uploads\\\/2023\\\/04\\\/win_prizes_online-300x279-1.jpg\"},{\"@type\":\"BreadcrumbList\",\"@id\":\"https:\\\/\\\/redfoxlotto.com\\\/no\\\/spille\\\/lotto-america\\\/#breadcrumb\",\"itemListElement\":[{\"@type\":\"ListItem\",\"position\":1,\"name\":\"Home\",\"item\":\"https:\\\/\\\/redfoxlotto.com\\\/no\\\/\"},{\"@type\":\"ListItem\",\"position\":2,\"name\":\"Hvordan spille lotterier i andre land\",\"item\":\"https:\\\/\\\/redfoxlotto.com\\\/no\\\/spille\\\/\"},{\"@type\":\"ListItem\",\"position\":3,\"name\":\"Spill Lotto America online\"}]},{\"@type\":\"WebSite\",\"@id\":\"https:\\\/\\\/redfoxlotto.com\\\/no\\\/#website\",\"url\":\"https:\\\/\\\/redfoxlotto.com\\\/no\\\/\",\"name\":\"Get Tickets for the World\u2019s largest jackpots\",\"description\":\"Participate in worldwide lottery jackpots from any country\",\"publisher\":{\"@id\":\"https:\\\/\\\/redfoxlotto.com\\\/no\\\/#organization\"},\"potentialAction\":[{\"@type\":\"SearchAction\",\"target\":{\"@type\":\"EntryPoint\",\"urlTemplate\":\"https:\\\/\\\/redfoxlotto.com\\\/no\\\/?s={search_term_string}\"},\"query-input\":{\"@type\":\"PropertyValueSpecification\",\"valueRequired\":true,\"valueName\":\"search_term_string\"}}],\"inLanguage\":\"nb-NO\"},{\"@type\":\"Organization\",\"@id\":\"https:\\\/\\\/redfoxlotto.com\\\/no\\\/#organization\",\"name\":\"Get Tickets for the World\u2019s largest jackpots\",\"url\":\"https:\\\/\\\/redfoxlotto.com\\\/no\\\/\",\"logo\":{\"@type\":\"ImageObject\",\"inLanguage\":\"nb-NO\",\"@id\":\"https:\\\/\\\/redfoxlotto.com\\\/no\\\/#\\\/schema\\\/logo\\\/image\\\/\",\"url\":\"https:\\\/\\\/redfoxlotto.com\\\/wp-content\\\/uploads\\\/2023\\\/04\\\/logo.png\",\"contentUrl\":\"https:\\\/\\\/redfoxlotto.com\\\/wp-content\\\/uploads\\\/2023\\\/04\\\/logo.png\",\"width\":269,\"height\":53,\"caption\":\"Get Tickets for the World\u2019s largest jackpots\"},\"image\":{\"@id\":\"https:\\\/\\\/redfoxlotto.com\\\/no\\\/#\\\/schema\\\/logo\\\/image\\\/\"}}]}<\/script>\n<!-- \/ Yoast SEO plugin. -->","yoast_head_json":{"title":"Spill Lotto America online","description":"Spillere fra alle land kan n\u00e5 bli med og spille dette flerstatslotteriet fra USA p\u00e5 nettet.","robots":{"index":"index","follow":"follow","max-snippet":"max-snippet:-1","max-image-preview":"max-image-preview:large","max-video-preview":"max-video-preview:-1"},"canonical":"https:\/\/redfoxlotto.com\/no\/spille\/lotto-america\/","og_locale":"nb_NO","og_type":"article","og_title":"Spill Lotto America online","og_description":"Spillere fra alle land kan n\u00e5 bli med og spille dette flerstatslotteriet fra USA p\u00e5 nettet.","og_url":"https:\/\/redfoxlotto.com\/no\/spille\/lotto-america\/","og_site_name":"Get Tickets for the World\u2019s largest jackpots","article_modified_time":"2025-12-10T13:59:07+00:00","og_image":[{"url":"https:\/\/redfoxlotto.org\/wp-content\/uploads\/2023\/04\/win_prizes_online-300x279-1.jpg","type":"","width":"","height":""}],"twitter_card":"summary_large_image","twitter_misc":{"Ansl. lesetid":"4 minutter"},"schema":{"@context":"https:\/\/schema.org","@graph":[{"@type":"WebPage","@id":"https:\/\/redfoxlotto.com\/no\/spille\/lotto-america\/","url":"https:\/\/redfoxlotto.com\/no\/spille\/lotto-america\/","name":"Spill Lotto America online","isPartOf":{"@id":"https:\/\/redfoxlotto.com\/no\/#website"},"primaryImageOfPage":{"@id":"https:\/\/redfoxlotto.com\/no\/spille\/lotto-america\/#primaryimage"},"image":{"@id":"https:\/\/redfoxlotto.com\/no\/spille\/lotto-america\/#primaryimage"},"thumbnailUrl":"https:\/\/redfoxlotto.org\/wp-content\/uploads\/2023\/04\/win_prizes_online-300x279-1.jpg","datePublished":"2023-04-24T18:09:15+00:00","dateModified":"2025-12-10T13:59:07+00:00","description":"Spillere fra alle land kan n\u00e5 bli med og spille dette flerstatslotteriet fra USA p\u00e5 nettet.","breadcrumb":{"@id":"https:\/\/redfoxlotto.com\/no\/spille\/lotto-america\/#breadcrumb"},"inLanguage":"nb-NO","potentialAction":[{"@type":"ReadAction","target":["https:\/\/redfoxlotto.com\/no\/spille\/lotto-america\/"]}]},{"@type":"ImageObject","inLanguage":"nb-NO","@id":"https:\/\/redfoxlotto.com\/no\/spille\/lotto-america\/#primaryimage","url":"https:\/\/redfoxlotto.org\/wp-content\/uploads\/2023\/04\/win_prizes_online-300x279-1.jpg","contentUrl":"https:\/\/redfoxlotto.org\/wp-content\/uploads\/2023\/04\/win_prizes_online-300x279-1.jpg"},{"@type":"BreadcrumbList","@id":"https:\/\/redfoxlotto.com\/no\/spille\/lotto-america\/#breadcrumb","itemListElement":[{"@type":"ListItem","position":1,"name":"Home","item":"https:\/\/redfoxlotto.com\/no\/"},{"@type":"ListItem","position":2,"name":"Hvordan spille lotterier i andre land","item":"https:\/\/redfoxlotto.com\/no\/spille\/"},{"@type":"ListItem","position":3,"name":"Spill Lotto America online"}]},{"@type":"WebSite","@id":"https:\/\/redfoxlotto.com\/no\/#website","url":"https:\/\/redfoxlotto.com\/no\/","name":"Get Tickets for the World\u2019s largest jackpots","description":"Participate in worldwide lottery jackpots from any country","publisher":{"@id":"https:\/\/redfoxlotto.com\/no\/#organization"},"potentialAction":[{"@type":"SearchAction","target":{"@type":"EntryPoint","urlTemplate":"https:\/\/redfoxlotto.com\/no\/?s={search_term_string}"},"query-input":{"@type":"PropertyValueSpecification","valueRequired":true,"valueName":"search_term_string"}}],"inLanguage":"nb-NO"},{"@type":"Organization","@id":"https:\/\/redfoxlotto.com\/no\/#organization","name":"Get Tickets for the World\u2019s largest jackpots","url":"https:\/\/redfoxlotto.com\/no\/","logo":{"@type":"ImageObject","inLanguage":"nb-NO","@id":"https:\/\/redfoxlotto.com\/no\/#\/schema\/logo\/image\/","url":"https:\/\/redfoxlotto.com\/wp-content\/uploads\/2023\/04\/logo.png","contentUrl":"https:\/\/redfoxlotto.com\/wp-content\/uploads\/2023\/04\/logo.png","width":269,"height":53,"caption":"Get Tickets for the World\u2019s largest jackpots"},"image":{"@id":"https:\/\/redfoxlotto.com\/no\/#\/schema\/logo\/image\/"}}]}},"_links":{"self":[{"href":"https:\/\/redfoxlotto.com\/no\/wp-json\/wp\/v2\/pages\/60186","targetHints":{"allow":["GET"]}}],"collection":[{"href":"https:\/\/redfoxlotto.com\/no\/wp-json\/wp\/v2\/pages"}],"about":[{"href":"https:\/\/redfoxlotto.com\/no\/wp-json\/wp\/v2\/types\/page"}],"author":[{"embeddable":true,"href":"https:\/\/redfoxlotto.com\/no\/wp-json\/wp\/v2\/users\/1"}],"replies":[{"embeddable":true,"href":"https:\/\/redfoxlotto.com\/no\/wp-json\/wp\/v2\/comments?post=60186"}],"version-history":[{"count":0,"href":"https:\/\/redfoxlotto.com\/no\/wp-json\/wp\/v2\/pages\/60186\/revisions"}],"up":[{"embeddable":true,"href":"https:\/\/redfoxlotto.com\/no\/wp-json\/wp\/v2\/pages\/60108"}],"wp:attachment":[{"href":"https:\/\/redfoxlotto.com\/no\/wp-json\/wp\/v2\/media?parent=60186"}],"curies":[{"name":"wp","href":"https:\/\/api.w.org\/{rel}","templated":true}]}}