{"id":60141,"date":"2023-04-24T17:47:11","date_gmt":"2023-04-24T17:47:11","guid":{"rendered":"https:\/\/redfoxlotto.eu\/?page_id=60141"},"modified":"2025-12-11T06:33:03","modified_gmt":"2025-12-11T06:33:03","slug":"superenalotto","status":"publish","type":"page","link":"https:\/\/redfoxlotto.com\/no\/spille\/superenalotto\/","title":{"rendered":"Italias SuperEnalotto"},"content":{"rendered":"<p><script type=\"application\/ld+json\">\n{\n  \"@context\": \"https:\/\/schema.org\",\n  \"@type\": \"Service\",\n  \"name\": \"SuperEnalotto online\",\n  \"url\": \"https:\/\/redfoxlotto.com\/no\/spille\/superenalotto\/\",\n  \"description\": \"Kj\u00f8p offisielle SuperEnalotto-lodd p\u00e5 nett via RedFoxLotto. Velg dine tall og delta i neste trekning.\",\n  \"serviceType\": \"Online lottery ticket purchase\",<\/p>\n<p>  \"provider\": {\n    \"@type\": \"Organization\",\n    \"name\": \"RedFoxLotto\",\n    \"url\": \"https:\/\/redfoxlotto.com\",\n    \"logo\": \"https:\/\/redfoxlotto.com\/wp-content\/uploads\/logo.png\"\n  },<\/p>\n<p>  \"areaServed\": \"Worldwide\",\n  \"termsOfService\": \"https:\/\/redfoxlotto.com\/terms-and-conditions\",<\/p>\n<p>  \"hasOfferCatalog\": {\n    \"@type\": \"OfferCatalog\",\n    \"name\": \"SuperEnalotto Offers\",\n    \"itemListElement\": [\n      {\n        \"@type\": \"Offer\",\n        \"name\": \"Lotto SuperEnalotto Ticket\",\n        \"url\": \"https:\/\/redfoxlotto.com\/no\/spille\/superenalotto\/\",\n        \"description\": \"\u00c9n deltakelse i neste SuperEnalotto-trekning.\",\n        \"price\": \"3.40\",\n        \"priceCurrency\": \"EUR\",\n        \"availability\": \"https:\/\/schema.org\/InStock\",<\/p>\n<p>        \"itemOffered\": {\n          \"@type\": \"Service\",\n          \"name\": \"SuperEnalotto Lottery Entry\",\n          \"description\": \"Deltakelse i neste SuperEnalotto-trekning via RedFoxLotto.\"\n        }\n      }\n    ]\n  },<\/p>\n<p>  \"mainEntityOfPage\": {\n    \"@type\": \"WebPage\",\n    \"@id\": \"https:\/\/redfoxlotto.com\/no\/spille\/superenalotto\/\"\n  }\n}\n<\/script><\/p>\n<h2>Hvordan spille SuperEnalotto<\/h2>\n<p><img decoding=\"async\" class=\" wp-image alignright\" src=\"https:\/\/redfoxlotto.org\/wp-content\/uploads\/2023\/04\/win_prizes_online-300x279-1.jpg\" alt=\"Superenalotto spille online\" width=\"250&quot;\" height=\"125\" \/><br \/>\nDe grunnleggende reglene for dette italienske lotteriet er ganske enkle. Du velger bare 6 tall fra 1 til 90, henter kupongen din, og s\u00e5 er det bare \u00e5 vente og sjekke de trekkede tallene. Det faktum at du har totalt 90 tall \u00e5 velge mellom, betyr at oddsen for \u00e5 treffe alle riktig er ganske lav. Sannsynligheten er faktisk 1 av 622 millioner.<\/p>\n<p>Det er ogs\u00e5 grunnen til at jackpoten ofte g\u00e5r i flere uker, om ikke m\u00e5neder, f\u00f8r den blir knekt. Men det b\u00f8r ikke avholde deg fra \u00e5 spille. Billettprisene er relativt lave, og vet du hva? Noen har alltid flaks, s\u00e5 hvorfor ikke du? Husk at n\u00e5r du spiller Superenalotto p\u00e5 RedFoxLotto, trenger du ikke \u00e5 v\u00e6re i Italia eller v\u00e6re italiensk statsborger. Online-loddene dine deltar i trekningen uansett hvilket land du bor i eller hvilken nasjonalitet du har. Det er det fine med \u00e5 spille internasjonale lotterier p\u00e5 nettet, gjennom v\u00e5r tjeneste.<\/p>\n<h2>Forbedre vinnersjansene dine<\/h2>\n<p><img decoding=\"async\" class=\" wp-image alignright\" src=\"https:\/\/redfoxlotto.org\/wp-content\/uploads\/2023\/04\/ticket_mega_millions1.jpg\" alt=\"vinn Superenalotto\" width=\"250&quot;\" height=\"125\" \/><br \/>\nStatistisk sett er mer enn 70 % av lotteripremiene vunnet med h\u00f8yere tall. Alle bruker bursdagsdatoer, s\u00e5 n\u00e5r trekningsresultatet er mindre tall, er det flere vinnere og lavere utbetalinger per vinner. S\u00e5 hvis du vil v\u00e6re sikker p\u00e5 at du slipper \u00e5 dele Superenalotto-jackpotten, b\u00f8r du velge tall over 31 p\u00e5 kupongen din!<\/p>\n<p>Bortsett fra det kan du gjerne bruke et hvilket som helst lottotallsystem. Du kan ogs\u00e5 bare bruke dine personlige lykketall. Hvis de alle er mindre tall, hvorfor ikke bare multiplisere dem med 2, 3, 4 eller 5? P\u00e5 den m\u00e5ten unng\u00e5r du \u00e5 ha tall som alle andre har.<\/p>\n<section class=\"layout\" style=\"border: solid 1px; width: 100%;\">\n<div class=\"img-div\" style=\"margin-top: 5px;\"><img decoding=\"async\" class=\"wp-image-17212 alignleft\" style=\"height: 45px; margin: 8px 8px 0px;\" src=\"https:\/\/redfoxlotto.com\/wp-content\/uploads\/sites\/9\/read1.jpg\" alt=\"kj\u00f8p lotteri online\" width=\"\" height=\"\" \/><\/div>\n<div style=\"padding-left: 5px;\">\n<div style=\"font-size: 1.1em;\">\n<p><strong>Sjekk v\u00e5r liste over lotterier &#8211; hvilket er det st\u00f8rste lotteriet i verden?<\/strong><\/p>\n<p style=\"font-size: 0.8em; margin-top: -1.5em;\">Ikke bare finn ut om det st\u00f8rste lotteriet i verden &#8211; her kan du delta i dem alle!<a href=\"https:\/\/redfoxlotto.com\/no\/se-trekningen-av-mega-millions-og-powerball-pa-tv\/\">Les mer<\/a><\/p>\n<\/div>\n<\/div>\n<\/section>\n","protected":false},"excerpt":{"rendered":"<p>Hvordan spille SuperEnalotto De grunnleggende reglene for dette italienske lotteriet er ganske enkle. Du velger bare 6 tall fra 1 til 90, henter kupongen din, og s\u00e5 er det bare \u00e5 vente og sjekke de trekkede tallene. Det faktum at du har totalt 90 tall \u00e5 velge mellom, betyr at oddsen for \u00e5 treffe alle [&hellip;]<\/p>\n","protected":false},"author":1,"featured_media":0,"parent":60108,"menu_order":5,"comment_status":"closed","ping_status":"closed","template":"superenalotto.php","meta":{"_et_pb_use_builder":"","_et_pb_old_content":"","_et_gb_content_width":"","exclude_from_search":false,"footnotes":""},"class_list":["post-60141","page","type-page","status-publish","hentry"],"yoast_head":"<!-- This site is optimized with the Yoast SEO plugin v23.8 - https:\/\/yoast.com\/wordpress\/plugins\/seo\/ -->\n<title>Spill SuperEnalotto online | Du kan f\u00e5 billetter til Italias Superenalotto n\u00e5<\/title>\n<meta name=\"description\" content=\"N\u00e5 kan du spille Superenalotto, ogs\u00e5 utenfor Italia. Kj\u00f8p din Superenalotto-billett gjennom oss!\" \/>\n<meta name=\"robots\" content=\"index, follow, max-snippet:-1, max-image-preview:large, max-video-preview:-1\" \/>\n<link rel=\"canonical\" href=\"https:\/\/redfoxlotto.com\/no\/spille\/superenalotto\/\" \/>\n<meta property=\"og:locale\" content=\"nb_NO\" \/>\n<meta property=\"og:type\" content=\"article\" \/>\n<meta property=\"og:title\" content=\"Spill SuperEnalotto online | Du kan f\u00e5 billetter til Italias Superenalotto n\u00e5\" \/>\n<meta property=\"og:description\" content=\"N\u00e5 kan du spille Superenalotto, ogs\u00e5 utenfor Italia. Kj\u00f8p din Superenalotto-billett gjennom oss!\" \/>\n<meta property=\"og:url\" content=\"https:\/\/redfoxlotto.com\/no\/spille\/superenalotto\/\" \/>\n<meta property=\"og:site_name\" content=\"Get Tickets for the World\u2019s largest jackpots\" \/>\n<meta property=\"article:modified_time\" content=\"2025-12-11T06:33:03+00:00\" \/>\n<meta property=\"og:image\" content=\"https:\/\/redfoxlotto.org\/wp-content\/uploads\/2023\/04\/win_prizes_online-300x279-1.jpg\" \/>\n<meta name=\"twitter:card\" content=\"summary_large_image\" \/>\n<meta name=\"twitter:label1\" content=\"Ansl. lesetid\" \/>\n\t<meta name=\"twitter:data1\" content=\"2 minutter\" \/>\n<script type=\"application\/ld+json\" class=\"yoast-schema-graph\">{\"@context\":\"https:\/\/schema.org\",\"@graph\":[{\"@type\":\"WebPage\",\"@id\":\"https:\/\/redfoxlotto.com\/no\/spille\/superenalotto\/\",\"url\":\"https:\/\/redfoxlotto.com\/no\/spille\/superenalotto\/\",\"name\":\"Spill SuperEnalotto online | Du kan f\u00e5 billetter til Italias Superenalotto n\u00e5\",\"isPartOf\":{\"@id\":\"https:\/\/redfoxlotto.com\/no\/#website\"},\"primaryImageOfPage\":{\"@id\":\"https:\/\/redfoxlotto.com\/no\/spille\/superenalotto\/#primaryimage\"},\"image\":{\"@id\":\"https:\/\/redfoxlotto.com\/no\/spille\/superenalotto\/#primaryimage\"},\"thumbnailUrl\":\"https:\/\/redfoxlotto.org\/wp-content\/uploads\/2023\/04\/win_prizes_online-300x279-1.jpg\",\"datePublished\":\"2023-04-24T17:47:11+00:00\",\"dateModified\":\"2025-12-11T06:33:03+00:00\",\"description\":\"N\u00e5 kan du spille Superenalotto, ogs\u00e5 utenfor Italia. Kj\u00f8p din Superenalotto-billett gjennom oss!\",\"breadcrumb\":{\"@id\":\"https:\/\/redfoxlotto.com\/no\/spille\/superenalotto\/#breadcrumb\"},\"inLanguage\":\"nb-NO\",\"potentialAction\":[{\"@type\":\"ReadAction\",\"target\":[\"https:\/\/redfoxlotto.com\/no\/spille\/superenalotto\/\"]}]},{\"@type\":\"ImageObject\",\"inLanguage\":\"nb-NO\",\"@id\":\"https:\/\/redfoxlotto.com\/no\/spille\/superenalotto\/#primaryimage\",\"url\":\"https:\/\/redfoxlotto.org\/wp-content\/uploads\/2023\/04\/win_prizes_online-300x279-1.jpg\",\"contentUrl\":\"https:\/\/redfoxlotto.org\/wp-content\/uploads\/2023\/04\/win_prizes_online-300x279-1.jpg\"},{\"@type\":\"BreadcrumbList\",\"@id\":\"https:\/\/redfoxlotto.com\/no\/spille\/superenalotto\/#breadcrumb\",\"itemListElement\":[{\"@type\":\"ListItem\",\"position\":1,\"name\":\"Home\",\"item\":\"https:\/\/redfoxlotto.com\/no\/\"},{\"@type\":\"ListItem\",\"position\":2,\"name\":\"Hvordan spille lotterier i andre land\",\"item\":\"https:\/\/redfoxlotto.com\/no\/spille\/\"},{\"@type\":\"ListItem\",\"position\":3,\"name\":\"Italias SuperEnalotto\"}]},{\"@type\":\"WebSite\",\"@id\":\"https:\/\/redfoxlotto.com\/no\/#website\",\"url\":\"https:\/\/redfoxlotto.com\/no\/\",\"name\":\"Get Tickets for the World\u2019s largest jackpots\",\"description\":\"Participate in worldwide lottery jackpots from any country\",\"publisher\":{\"@id\":\"https:\/\/redfoxlotto.com\/no\/#organization\"},\"potentialAction\":[{\"@type\":\"SearchAction\",\"target\":{\"@type\":\"EntryPoint\",\"urlTemplate\":\"https:\/\/redfoxlotto.com\/no\/?s={search_term_string}\"},\"query-input\":{\"@type\":\"PropertyValueSpecification\",\"valueRequired\":true,\"valueName\":\"search_term_string\"}}],\"inLanguage\":\"nb-NO\"},{\"@type\":\"Organization\",\"@id\":\"https:\/\/redfoxlotto.com\/no\/#organization\",\"name\":\"Get Tickets for the World\u2019s largest jackpots\",\"url\":\"https:\/\/redfoxlotto.com\/no\/\",\"logo\":{\"@type\":\"ImageObject\",\"inLanguage\":\"nb-NO\",\"@id\":\"https:\/\/redfoxlotto.com\/no\/#\/schema\/logo\/image\/\",\"url\":\"https:\/\/redfoxlotto.com\/wp-content\/uploads\/2023\/04\/logo.png\",\"contentUrl\":\"https:\/\/redfoxlotto.com\/wp-content\/uploads\/2023\/04\/logo.png\",\"width\":269,\"height\":53,\"caption\":\"Get Tickets for the World\u2019s largest jackpots\"},\"image\":{\"@id\":\"https:\/\/redfoxlotto.com\/no\/#\/schema\/logo\/image\/\"}}]}<\/script>\n<!-- \/ Yoast SEO plugin. -->","yoast_head_json":{"title":"Spill SuperEnalotto online | Du kan f\u00e5 billetter til Italias Superenalotto n\u00e5","description":"N\u00e5 kan du spille Superenalotto, ogs\u00e5 utenfor Italia. Kj\u00f8p din Superenalotto-billett gjennom oss!","robots":{"index":"index","follow":"follow","max-snippet":"max-snippet:-1","max-image-preview":"max-image-preview:large","max-video-preview":"max-video-preview:-1"},"canonical":"https:\/\/redfoxlotto.com\/no\/spille\/superenalotto\/","og_locale":"nb_NO","og_type":"article","og_title":"Spill SuperEnalotto online | Du kan f\u00e5 billetter til Italias Superenalotto n\u00e5","og_description":"N\u00e5 kan du spille Superenalotto, ogs\u00e5 utenfor Italia. Kj\u00f8p din Superenalotto-billett gjennom oss!","og_url":"https:\/\/redfoxlotto.com\/no\/spille\/superenalotto\/","og_site_name":"Get Tickets for the World\u2019s largest jackpots","article_modified_time":"2025-12-11T06:33:03+00:00","og_image":[{"url":"https:\/\/redfoxlotto.org\/wp-content\/uploads\/2023\/04\/win_prizes_online-300x279-1.jpg"}],"twitter_card":"summary_large_image","twitter_misc":{"Ansl. lesetid":"2 minutter"},"schema":{"@context":"https:\/\/schema.org","@graph":[{"@type":"WebPage","@id":"https:\/\/redfoxlotto.com\/no\/spille\/superenalotto\/","url":"https:\/\/redfoxlotto.com\/no\/spille\/superenalotto\/","name":"Spill SuperEnalotto online | Du kan f\u00e5 billetter til Italias Superenalotto n\u00e5","isPartOf":{"@id":"https:\/\/redfoxlotto.com\/no\/#website"},"primaryImageOfPage":{"@id":"https:\/\/redfoxlotto.com\/no\/spille\/superenalotto\/#primaryimage"},"image":{"@id":"https:\/\/redfoxlotto.com\/no\/spille\/superenalotto\/#primaryimage"},"thumbnailUrl":"https:\/\/redfoxlotto.org\/wp-content\/uploads\/2023\/04\/win_prizes_online-300x279-1.jpg","datePublished":"2023-04-24T17:47:11+00:00","dateModified":"2025-12-11T06:33:03+00:00","description":"N\u00e5 kan du spille Superenalotto, ogs\u00e5 utenfor Italia. Kj\u00f8p din Superenalotto-billett gjennom oss!","breadcrumb":{"@id":"https:\/\/redfoxlotto.com\/no\/spille\/superenalotto\/#breadcrumb"},"inLanguage":"nb-NO","potentialAction":[{"@type":"ReadAction","target":["https:\/\/redfoxlotto.com\/no\/spille\/superenalotto\/"]}]},{"@type":"ImageObject","inLanguage":"nb-NO","@id":"https:\/\/redfoxlotto.com\/no\/spille\/superenalotto\/#primaryimage","url":"https:\/\/redfoxlotto.org\/wp-content\/uploads\/2023\/04\/win_prizes_online-300x279-1.jpg","contentUrl":"https:\/\/redfoxlotto.org\/wp-content\/uploads\/2023\/04\/win_prizes_online-300x279-1.jpg"},{"@type":"BreadcrumbList","@id":"https:\/\/redfoxlotto.com\/no\/spille\/superenalotto\/#breadcrumb","itemListElement":[{"@type":"ListItem","position":1,"name":"Home","item":"https:\/\/redfoxlotto.com\/no\/"},{"@type":"ListItem","position":2,"name":"Hvordan spille lotterier i andre land","item":"https:\/\/redfoxlotto.com\/no\/spille\/"},{"@type":"ListItem","position":3,"name":"Italias SuperEnalotto"}]},{"@type":"WebSite","@id":"https:\/\/redfoxlotto.com\/no\/#website","url":"https:\/\/redfoxlotto.com\/no\/","name":"Get Tickets for the World\u2019s largest jackpots","description":"Participate in worldwide lottery jackpots from any country","publisher":{"@id":"https:\/\/redfoxlotto.com\/no\/#organization"},"potentialAction":[{"@type":"SearchAction","target":{"@type":"EntryPoint","urlTemplate":"https:\/\/redfoxlotto.com\/no\/?s={search_term_string}"},"query-input":{"@type":"PropertyValueSpecification","valueRequired":true,"valueName":"search_term_string"}}],"inLanguage":"nb-NO"},{"@type":"Organization","@id":"https:\/\/redfoxlotto.com\/no\/#organization","name":"Get Tickets for the World\u2019s largest jackpots","url":"https:\/\/redfoxlotto.com\/no\/","logo":{"@type":"ImageObject","inLanguage":"nb-NO","@id":"https:\/\/redfoxlotto.com\/no\/#\/schema\/logo\/image\/","url":"https:\/\/redfoxlotto.com\/wp-content\/uploads\/2023\/04\/logo.png","contentUrl":"https:\/\/redfoxlotto.com\/wp-content\/uploads\/2023\/04\/logo.png","width":269,"height":53,"caption":"Get Tickets for the World\u2019s largest jackpots"},"image":{"@id":"https:\/\/redfoxlotto.com\/no\/#\/schema\/logo\/image\/"}}]}},"_links":{"self":[{"href":"https:\/\/redfoxlotto.com\/no\/wp-json\/wp\/v2\/pages\/60141","targetHints":{"allow":["GET"]}}],"collection":[{"href":"https:\/\/redfoxlotto.com\/no\/wp-json\/wp\/v2\/pages"}],"about":[{"href":"https:\/\/redfoxlotto.com\/no\/wp-json\/wp\/v2\/types\/page"}],"author":[{"embeddable":true,"href":"https:\/\/redfoxlotto.com\/no\/wp-json\/wp\/v2\/users\/1"}],"replies":[{"embeddable":true,"href":"https:\/\/redfoxlotto.com\/no\/wp-json\/wp\/v2\/comments?post=60141"}],"version-history":[{"count":0,"href":"https:\/\/redfoxlotto.com\/no\/wp-json\/wp\/v2\/pages\/60141\/revisions"}],"up":[{"embeddable":true,"href":"https:\/\/redfoxlotto.com\/no\/wp-json\/wp\/v2\/pages\/60108"}],"wp:attachment":[{"href":"https:\/\/redfoxlotto.com\/no\/wp-json\/wp\/v2\/media?parent=60141"}],"curies":[{"name":"wp","href":"https:\/\/api.w.org\/{rel}","templated":true}]}}