{"id":60132,"date":"2023-04-24T17:44:36","date_gmt":"2023-04-24T17:44:36","guid":{"rendered":"https:\/\/redfoxlotto.eu\/?page_id=60132"},"modified":"2025-12-16T14:24:36","modified_gmt":"2025-12-16T14:24:36","slug":"eurojackpot","status":"publish","type":"page","link":"https:\/\/redfoxlotto.com\/no\/spille\/eurojackpot\/","title":{"rendered":"Spill Eurojackpot"},"content":{"rendered":"<p><script type=\"application\/ld+json\">\n{\n  \"@context\": \"https:\/\/schema.org\",\n  \"@type\": \"Service\",\n  \"name\": \"Spill Eurojackpot online\",\n  \"url\": \"https:\/\/redfoxlotto.com\/no\/spille\/eurojackpot\/\",\n  \"description\": \"Spill Eurojackpot-lotteriet online fra hvilket som helst land. Bes\u00f8k RedFoxLotto, velg tallene dine og f\u00e5 billettene dine.\",\n  \"serviceType\": \"Online formidlingstjeneste for lotteribilletter\",\n  \"provider\": {\n    \"@type\": \"Organization\",\n    \"name\": \"RedFoxLotto\",\n    \"url\": \"https:\/\/redfoxlotto.com\/no\/\",\n    \"image\": \"https:\/\/redfoxlotto.com\/wp-content\/uploads\/2025\/12\/ticket_scans.jpg\",\n    \"sameAs\": []\n  },\n  \"areaServed\": \"Worldwide\",\n  \"termsOfService\": \"https:\/\/redfoxlotto.com\/terms-and-conditions\",\n  \"additionalProperty\": {\n    \"@type\": \"PropertyValue\",\n    \"name\": \"FAQ\",\n    \"value\": \"https:\/\/redfoxlotto.com\/no\/faq\/\"\n  },\n  \"hasOfferCatalog\": {\n    \"@type\": \"OfferCatalog\",\n    \"name\": \"Eurojackpot-lodd\",\n    \"itemListElement\": [\n      {\n        \"@type\": \"Offer\",\n        \"name\": \"Eurojackpot-lodd\",\n        \"url\": \"https:\/\/redfoxlotto.com\/no\/spille\/eurojackpot\/\",\n        \"description\": \"Klikk her for \u00e5 velge tallene dine til neste Eurojackpot-trekning og bestill billetter online.\",\n        \"price\": 6.00,\n        \"priceCurrency\": \"EUR\",\n        \"availability\": \"https:\/\/schema.org\/InStock\",\n        \"itemOffered\": {\n          \"@type\": \"Service\",\n          \"name\": \"Eurojackpot-lodd\",\n          \"description\": \"Delta i neste Eurojackpot-trekning via RedFoxLotto.\"\n        }\n      }\n    ]\n  },\n  \"mainEntityOfPage\": {\n    \"@type\": \"WebPage\",\n    \"@id\": \"https:\/\/redfoxlotto.com\/no\/spille\/eurojackpot\/\"\n  }\n}\n<\/script><\/p>\n<h2>Hvordan delta i Eurojackpot<\/h2>\n<p>Du har kanskje h\u00f8rt om Eurojackpot Lotto, enten du bor i et av de europeiske landene der det spilles eller ikke. Det er et lotteri som startet i 2012 med 19 europeiske land som deltakere. Men hvis du bor i Norge, eller i et annet land som ikke er p\u00e5 deltakerlisten, er det ikke mulig for deg \u00e5 f\u00e5 en kupong til Eurojackpot p\u00e5 den tradisjonelle m\u00e5ten.<!--more--><\/p>\n<p>Det betyr at du, for bare kort tid siden, faktisk ikke kunne ha spilt, og det kommer definitivt ikke til \u00e5 gi deg tilgang til denne nye jackpoten, ikke sant? Vel, n\u00e5 kan du spille Eurojackpot p\u00e5 nettet.<\/p>\n<h2>Internett til unnsetning<\/h2>\n<p>L\u00f8sningen for lottoentusiaster fra Norge og andre steder finner du p\u00e5 nettstedet v\u00e5rt. Sammen med Eurojackpot gir vi deg tilgang til en rekke internasjonale lotterier. Det vi tilbyr er en kurertjeneste for lottokuponger til lotteriene med de st\u00f8rste jackpottene fra hele verden. De fleste, om ikke alle, av disse lotteriene ville ellers ikke v\u00e6rt tilgjengelige for deg, men vi har dekket deg!<\/p>\n<h2>Hvorfor spille Eurojackpot?<\/h2>\n<p>Vi vet tross alt at folk over hele verden virkelig \u00f8nsker \u00e5 f\u00e5 sjansen til \u00e5 spille og vinne disse store jackpottene i stedet for \u00e5 m\u00e5tte n\u00f8ye seg med jackpottene i sine egne nasjonale lotterier.<br \/>\n<img loading=\"lazy\" decoding=\"async\" class=\" wp-image alignright\" src=\"https:\/\/redfoxlotto.org\/wp-content\/uploads\/2023\/04\/lotto-online-495x329-1-282x300-1.jpg\" alt=\"eurojackpot spille online\" width=\"174\" height=\"372\" \/><\/p>\n<p>Alt du trenger \u00e5 gj\u00f8re er \u00e5 velge fra v\u00e5r liste over lotterier. Vi har noen av de mest popul\u00e6re fra hele verden tilgjengelig. P\u00e5 den m\u00e5ten kan du ta en titt, se hva hvert enkelt har \u00e5 tilby og bestemme deg for hvilke du er mest interessert i.<\/p>\n<p>Deretter kan du velge tall manuelt eller la v\u00e5r tilfeldige tallgenerator gj\u00f8re det for deg (&laquo;Quick Pick&raquo;-funksjonen). Du kan til og med kombinere de to, ved \u00e5 velge noen f\u00e5 tall og deretter tilfeldig legge til de andre tallene du trenger for \u00e5 fylle ut loddene dine. P\u00e5 den m\u00e5ten kan du f\u00e5 noen av tallene du vet du vil ha, og du kan likevel fylle ut et kort hvis du ikke vet alle tallene du vil ha.<\/p>\n<p>Legg til flere lodd hvis du vil, og bland forskjellige lotterier. Det vil hjelpe deg med \u00e5 \u00f8ke oddsen fordi du spiller flere forskjellige spill samtidig. Du kan til og med gj\u00f8re det som er veldig popul\u00e6rt blant kundene v\u00e5re, nemlig \u00e5 spille p\u00e5 de samme tallene i flere lotterier.<\/p>\n<p>For noen f\u00f8les dette som en fin m\u00e5te \u00e5 \u00f8ke oddsen p\u00e5, for p\u00e5 et eller annet tidspunkt m\u00e5 jo tallene trekke, ikke sant? Det m\u00e5 finnes en m\u00e5te \u00e5 f\u00e5 disse tallene til \u00e5 vinne p\u00e5.<\/p>\n<p>N\u00e5r du har alle loddene du vil ha, kan du bruke et av v\u00e5re mange, sikre betalingsalternativer for \u00e5 kj\u00f8pe loddene dine. Det er mange forskjellige m\u00e5ter du kan velge mellom, slik at du kan finne noe du f\u00f8ler deg komfortabel med \u00e5 sette inn og ta ut penger gjennom. Vi bruker omtrent alle de mest popul\u00e6re plattformene.<\/p>\n<p>Ikke glem \u00e5 bestemme hvor mange trekninger du \u00f8nsker \u00e5 delta i. Dette er viktig, spesielt fordi den n\u00e5v\u00e6rende jackpoten kanskje ikke vinnes i neste trekning. Du vil vel ikke g\u00e5 glipp av sjansen til \u00e5 vinne enda mer i neste trekning?<\/p>\n<h2>Hva skjer da?<\/h2>\n<p>Vel, det er faktisk ganske enkelt n\u00e5r du spiller Eurojackpot p\u00e5 nettet. Vi har et nettverk av agenter som kj\u00f8per Eurojackpot-loddene med de spesifikasjonene du har valgt. P\u00e5 klientkontoen din p\u00e5 RedFoxLotto.com vil du se en bekreftelse p\u00e5 kj\u00f8pet. Selvf\u00f8lgelig vil du ogs\u00e5 f\u00e5 bekreftelsen via e-post. Det betyr at du kan f\u00f8le deg trygg p\u00e5 at alt g\u00e5r akkurat som du har planlagt, og at loddene dine er klare og venter p\u00e5 trekningen.<\/p>\n<p>Du trenger ikke \u00e5 bekymre deg for noe derfra, for vi kommer til \u00e5 holde deg oppdatert om trekningene ogs\u00e5, i tilfelle du skulle glemme hvilke dager det er.<\/p>\n<p>Og du vil f\u00e5 et nytt e-postvarsel hvis en av billettene dine har vunnet. S\u00e5 lenge gevinsten din ikke er h\u00f8yere enn \u20ac 2500, vil den bli kreditert klientkontoen din umiddelbart. Du kan enten f\u00e5 dem utbetalt til deg via den kontoen du har valgt, eller du kan bruke pengene til \u00e5 kj\u00f8pe flere lodd. Det gj\u00f8r det superenkelt for deg \u00e5 ta ditt eget valg, ikke sant? Ved st\u00f8rre gevinster vil kundest\u00f8tten v\u00e5r kontakte deg og ordne en direkte utbetaling for deg.<\/p>\n<h2>Spesifikasjoner for \u00e5 spille Eurojackpot<\/h2>\n<p><img decoding=\"async\" class=\" wp-image alignright\" src=\"https:\/\/redfoxlotto.org\/wp-content\/uploads\/2023\/04\/misc_euro_bills.jpg\" alt=\"vinn Eurojackpot\" width=\"250&quot;\" height=\"125\" \/>Hvis du skal spille Eurojackpot, m\u00e5 du vite hvordan du gj\u00f8r det. Det er egentlig ganske enkelt. P\u00e5 kupongen din m\u00e5 du velge fem tall mellom 1 og 50, pluss 2 tall mellom 1 og 12. Jackpottene starter p\u00e5 minst 10 millioner euro. Det er ett aspekt der dette lotteriet skiller seg fra de fleste andre. N\u00e5r jackpoten n\u00e5r 120 millioner euro, blir den begrenset.<\/p>\n<p>Det betyr at alle pengene som normalt ville blitt lagt til jackpoten, blir lagt til andrepremieniv\u00e5et. For \u00e5 vinne denne premien trenger du bare 5 pluss 1 tall p\u00e5 kupongen din. Sjansene dine for \u00e5 vinne denne premien er \u00e5penbart 12 ganger st\u00f8rre enn sjansene dine for \u00e5 vinne jackpoten med 5 pluss 2 tall!<\/p>\n<section class=\"layout\" style=\"border: solid 1px; width: 100%;\">\n<div class=\"img-div\" style=\"margin-top: 5px;\"><img decoding=\"async\" class=\"wp-image-17212 alignleft\" style=\"height: 45px; margin: 8px 8px 0px;\" src=\"https:\/\/redfoxlotto.com\/wp-content\/uploads\/sites\/9\/read1.jpg\" alt=\"buy lottery online\" width=\"\" height=\"\" \/><\/div>\n<div style=\"padding-left: 5px;\">\n<div style=\"font-size: 1.1em;\">\n<p><strong>Vokt dere for lotterisvindel p\u00e5 nettet<\/strong><\/p>\n<p style=\"font-size: 0.8em; margin-top: -1.5em;\">Hvordan du oppdager lotterisvindel p\u00e5 nettet, og hva som er deres hensikt.<a href=\"https:\/\/redfoxlotto.com\/no\/se-trekningen-av-mega-millions-og-powerball-pa-tv\/\">Les mer om dette<\/a><\/p>\n<\/div>\n<\/div>\n<\/section>\n<p>Det betyr at hvis jackpoten n\u00e5r maksimumsbel\u00f8pet, har du faktisk en ny sjanse til \u00e5 vinne en stor jackpot. Det andre niv\u00e5et er lettere \u00e5 vinne, og tallene kommer til \u00e5 begynne \u00e5 g\u00e5 opp p\u00e5 den. Det kommer definitivt til \u00e5 \u00f8ke sjansene dine for den store premien, ikke sant?<\/p>\n<p>Og det betyr at selv om jackpotten kommer til \u00e5 v\u00e6re litt mindre selv n\u00e5r den er p\u00e5 sitt h\u00f8yeste, vil du fortsatt \u00f8nske \u00e5 kj\u00f8pe en av disse kupongene fordi du har en stor sjanse til \u00e5 virkelig komme noen vei med den i det lange l\u00f8p n\u00e5r du kj\u00f8per Eurojackpot online.<\/p>\n<p><strong>Kom i gang n\u00e5 med \u00e5 spille internasjonale lotterier &#8211; kj\u00f8p Eurojackpot-lodd i dag!<\/strong><\/p>\n","protected":false},"excerpt":{"rendered":"<p>Hvordan delta i Eurojackpot Du har kanskje h\u00f8rt om Eurojackpot Lotto, enten du bor i et av de europeiske landene der det spilles eller ikke. Det er et lotteri som startet i 2012 med 19 europeiske land som deltakere. Men hvis du bor i Norge, eller i et annet land som ikke er p\u00e5 deltakerlisten, [&hellip;]<\/p>\n","protected":false},"author":1,"featured_media":0,"parent":60108,"menu_order":4,"comment_status":"closed","ping_status":"closed","template":"eurojackpot.php","meta":{"_et_pb_use_builder":"","_et_pb_old_content":"","_et_gb_content_width":"","exclude_from_search":false,"footnotes":""},"class_list":["post-60132","page","type-page","status-publish","hentry"],"yoast_head":"<!-- This site is optimized with the Yoast SEO plugin v23.8 - https:\/\/yoast.com\/wordpress\/plugins\/seo\/ -->\n<title>Spill Eurojackpot online | Hvordan innbyggere i Norge kan f\u00e5 billetter til Eurojackpot<\/title>\n<meta name=\"description\" content=\"F\u00e5 tilgang til Eurojackpot n\u00e5 - spill Eurojackpot og andre internasjonale lotterier p\u00e5 nettet fra Norge\" \/>\n<meta name=\"robots\" content=\"index, follow, max-snippet:-1, max-image-preview:large, max-video-preview:-1\" \/>\n<link rel=\"canonical\" href=\"https:\/\/redfoxlotto.com\/no\/spille\/eurojackpot\/\" \/>\n<meta property=\"og:locale\" content=\"nb_NO\" \/>\n<meta property=\"og:type\" content=\"article\" \/>\n<meta property=\"og:title\" content=\"Spill Eurojackpot online | Hvordan innbyggere i Norge kan f\u00e5 billetter til Eurojackpot\" \/>\n<meta property=\"og:description\" content=\"F\u00e5 tilgang til Eurojackpot n\u00e5 - spill Eurojackpot og andre internasjonale lotterier p\u00e5 nettet fra Norge\" \/>\n<meta property=\"og:url\" content=\"https:\/\/redfoxlotto.com\/no\/spille\/eurojackpot\/\" \/>\n<meta property=\"og:site_name\" content=\"Get Tickets for the World\u2019s largest jackpots\" \/>\n<meta property=\"article:modified_time\" content=\"2025-12-16T14:24:36+00:00\" \/>\n<meta property=\"og:image\" content=\"https:\/\/redfoxlotto.org\/wp-content\/uploads\/2023\/04\/lotto-online-495x329-1-282x300-1.jpg\" \/>\n<meta name=\"twitter:card\" content=\"summary_large_image\" \/>\n<meta name=\"twitter:label1\" content=\"Ansl. lesetid\" \/>\n\t<meta name=\"twitter:data1\" content=\"5 minutter\" \/>\n<script type=\"application\/ld+json\" class=\"yoast-schema-graph\">{\"@context\":\"https:\/\/schema.org\",\"@graph\":[{\"@type\":\"WebPage\",\"@id\":\"https:\/\/redfoxlotto.com\/no\/spille\/eurojackpot\/\",\"url\":\"https:\/\/redfoxlotto.com\/no\/spille\/eurojackpot\/\",\"name\":\"Spill Eurojackpot online | Hvordan innbyggere i Norge kan f\u00e5 billetter til Eurojackpot\",\"isPartOf\":{\"@id\":\"https:\/\/redfoxlotto.com\/no\/#website\"},\"primaryImageOfPage\":{\"@id\":\"https:\/\/redfoxlotto.com\/no\/spille\/eurojackpot\/#primaryimage\"},\"image\":{\"@id\":\"https:\/\/redfoxlotto.com\/no\/spille\/eurojackpot\/#primaryimage\"},\"thumbnailUrl\":\"https:\/\/redfoxlotto.org\/wp-content\/uploads\/2023\/04\/lotto-online-495x329-1-282x300-1.jpg\",\"datePublished\":\"2023-04-24T17:44:36+00:00\",\"dateModified\":\"2025-12-16T14:24:36+00:00\",\"description\":\"F\u00e5 tilgang til Eurojackpot n\u00e5 - spill Eurojackpot og andre internasjonale lotterier p\u00e5 nettet fra Norge\",\"breadcrumb\":{\"@id\":\"https:\/\/redfoxlotto.com\/no\/spille\/eurojackpot\/#breadcrumb\"},\"inLanguage\":\"nb-NO\",\"potentialAction\":[{\"@type\":\"ReadAction\",\"target\":[\"https:\/\/redfoxlotto.com\/no\/spille\/eurojackpot\/\"]}]},{\"@type\":\"ImageObject\",\"inLanguage\":\"nb-NO\",\"@id\":\"https:\/\/redfoxlotto.com\/no\/spille\/eurojackpot\/#primaryimage\",\"url\":\"https:\/\/redfoxlotto.org\/wp-content\/uploads\/2023\/04\/lotto-online-495x329-1-282x300-1.jpg\",\"contentUrl\":\"https:\/\/redfoxlotto.org\/wp-content\/uploads\/2023\/04\/lotto-online-495x329-1-282x300-1.jpg\"},{\"@type\":\"BreadcrumbList\",\"@id\":\"https:\/\/redfoxlotto.com\/no\/spille\/eurojackpot\/#breadcrumb\",\"itemListElement\":[{\"@type\":\"ListItem\",\"position\":1,\"name\":\"Home\",\"item\":\"https:\/\/redfoxlotto.com\/no\/\"},{\"@type\":\"ListItem\",\"position\":2,\"name\":\"Hvordan spille lotterier i andre land\",\"item\":\"https:\/\/redfoxlotto.com\/no\/spille\/\"},{\"@type\":\"ListItem\",\"position\":3,\"name\":\"Spill Eurojackpot\"}]},{\"@type\":\"WebSite\",\"@id\":\"https:\/\/redfoxlotto.com\/no\/#website\",\"url\":\"https:\/\/redfoxlotto.com\/no\/\",\"name\":\"Get Tickets for the World\u2019s largest jackpots\",\"description\":\"Participate in worldwide lottery jackpots from any country\",\"publisher\":{\"@id\":\"https:\/\/redfoxlotto.com\/no\/#organization\"},\"potentialAction\":[{\"@type\":\"SearchAction\",\"target\":{\"@type\":\"EntryPoint\",\"urlTemplate\":\"https:\/\/redfoxlotto.com\/no\/?s={search_term_string}\"},\"query-input\":{\"@type\":\"PropertyValueSpecification\",\"valueRequired\":true,\"valueName\":\"search_term_string\"}}],\"inLanguage\":\"nb-NO\"},{\"@type\":\"Organization\",\"@id\":\"https:\/\/redfoxlotto.com\/no\/#organization\",\"name\":\"Get Tickets for the World\u2019s largest jackpots\",\"url\":\"https:\/\/redfoxlotto.com\/no\/\",\"logo\":{\"@type\":\"ImageObject\",\"inLanguage\":\"nb-NO\",\"@id\":\"https:\/\/redfoxlotto.com\/no\/#\/schema\/logo\/image\/\",\"url\":\"https:\/\/redfoxlotto.com\/wp-content\/uploads\/2023\/04\/logo.png\",\"contentUrl\":\"https:\/\/redfoxlotto.com\/wp-content\/uploads\/2023\/04\/logo.png\",\"width\":269,\"height\":53,\"caption\":\"Get Tickets for the World\u2019s largest jackpots\"},\"image\":{\"@id\":\"https:\/\/redfoxlotto.com\/no\/#\/schema\/logo\/image\/\"}}]}<\/script>\n<!-- \/ Yoast SEO plugin. -->","yoast_head_json":{"title":"Spill Eurojackpot online | Hvordan innbyggere i Norge kan f\u00e5 billetter til Eurojackpot","description":"F\u00e5 tilgang til Eurojackpot n\u00e5 - spill Eurojackpot og andre internasjonale lotterier p\u00e5 nettet fra Norge","robots":{"index":"index","follow":"follow","max-snippet":"max-snippet:-1","max-image-preview":"max-image-preview:large","max-video-preview":"max-video-preview:-1"},"canonical":"https:\/\/redfoxlotto.com\/no\/spille\/eurojackpot\/","og_locale":"nb_NO","og_type":"article","og_title":"Spill Eurojackpot online | Hvordan innbyggere i Norge kan f\u00e5 billetter til Eurojackpot","og_description":"F\u00e5 tilgang til Eurojackpot n\u00e5 - spill Eurojackpot og andre internasjonale lotterier p\u00e5 nettet fra Norge","og_url":"https:\/\/redfoxlotto.com\/no\/spille\/eurojackpot\/","og_site_name":"Get Tickets for the World\u2019s largest jackpots","article_modified_time":"2025-12-16T14:24:36+00:00","og_image":[{"url":"https:\/\/redfoxlotto.org\/wp-content\/uploads\/2023\/04\/lotto-online-495x329-1-282x300-1.jpg"}],"twitter_card":"summary_large_image","twitter_misc":{"Ansl. lesetid":"5 minutter"},"schema":{"@context":"https:\/\/schema.org","@graph":[{"@type":"WebPage","@id":"https:\/\/redfoxlotto.com\/no\/spille\/eurojackpot\/","url":"https:\/\/redfoxlotto.com\/no\/spille\/eurojackpot\/","name":"Spill Eurojackpot online | Hvordan innbyggere i Norge kan f\u00e5 billetter til Eurojackpot","isPartOf":{"@id":"https:\/\/redfoxlotto.com\/no\/#website"},"primaryImageOfPage":{"@id":"https:\/\/redfoxlotto.com\/no\/spille\/eurojackpot\/#primaryimage"},"image":{"@id":"https:\/\/redfoxlotto.com\/no\/spille\/eurojackpot\/#primaryimage"},"thumbnailUrl":"https:\/\/redfoxlotto.org\/wp-content\/uploads\/2023\/04\/lotto-online-495x329-1-282x300-1.jpg","datePublished":"2023-04-24T17:44:36+00:00","dateModified":"2025-12-16T14:24:36+00:00","description":"F\u00e5 tilgang til Eurojackpot n\u00e5 - spill Eurojackpot og andre internasjonale lotterier p\u00e5 nettet fra Norge","breadcrumb":{"@id":"https:\/\/redfoxlotto.com\/no\/spille\/eurojackpot\/#breadcrumb"},"inLanguage":"nb-NO","potentialAction":[{"@type":"ReadAction","target":["https:\/\/redfoxlotto.com\/no\/spille\/eurojackpot\/"]}]},{"@type":"ImageObject","inLanguage":"nb-NO","@id":"https:\/\/redfoxlotto.com\/no\/spille\/eurojackpot\/#primaryimage","url":"https:\/\/redfoxlotto.org\/wp-content\/uploads\/2023\/04\/lotto-online-495x329-1-282x300-1.jpg","contentUrl":"https:\/\/redfoxlotto.org\/wp-content\/uploads\/2023\/04\/lotto-online-495x329-1-282x300-1.jpg"},{"@type":"BreadcrumbList","@id":"https:\/\/redfoxlotto.com\/no\/spille\/eurojackpot\/#breadcrumb","itemListElement":[{"@type":"ListItem","position":1,"name":"Home","item":"https:\/\/redfoxlotto.com\/no\/"},{"@type":"ListItem","position":2,"name":"Hvordan spille lotterier i andre land","item":"https:\/\/redfoxlotto.com\/no\/spille\/"},{"@type":"ListItem","position":3,"name":"Spill Eurojackpot"}]},{"@type":"WebSite","@id":"https:\/\/redfoxlotto.com\/no\/#website","url":"https:\/\/redfoxlotto.com\/no\/","name":"Get Tickets for the World\u2019s largest jackpots","description":"Participate in worldwide lottery jackpots from any country","publisher":{"@id":"https:\/\/redfoxlotto.com\/no\/#organization"},"potentialAction":[{"@type":"SearchAction","target":{"@type":"EntryPoint","urlTemplate":"https:\/\/redfoxlotto.com\/no\/?s={search_term_string}"},"query-input":{"@type":"PropertyValueSpecification","valueRequired":true,"valueName":"search_term_string"}}],"inLanguage":"nb-NO"},{"@type":"Organization","@id":"https:\/\/redfoxlotto.com\/no\/#organization","name":"Get Tickets for the World\u2019s largest jackpots","url":"https:\/\/redfoxlotto.com\/no\/","logo":{"@type":"ImageObject","inLanguage":"nb-NO","@id":"https:\/\/redfoxlotto.com\/no\/#\/schema\/logo\/image\/","url":"https:\/\/redfoxlotto.com\/wp-content\/uploads\/2023\/04\/logo.png","contentUrl":"https:\/\/redfoxlotto.com\/wp-content\/uploads\/2023\/04\/logo.png","width":269,"height":53,"caption":"Get Tickets for the World\u2019s largest jackpots"},"image":{"@id":"https:\/\/redfoxlotto.com\/no\/#\/schema\/logo\/image\/"}}]}},"_links":{"self":[{"href":"https:\/\/redfoxlotto.com\/no\/wp-json\/wp\/v2\/pages\/60132","targetHints":{"allow":["GET"]}}],"collection":[{"href":"https:\/\/redfoxlotto.com\/no\/wp-json\/wp\/v2\/pages"}],"about":[{"href":"https:\/\/redfoxlotto.com\/no\/wp-json\/wp\/v2\/types\/page"}],"author":[{"embeddable":true,"href":"https:\/\/redfoxlotto.com\/no\/wp-json\/wp\/v2\/users\/1"}],"replies":[{"embeddable":true,"href":"https:\/\/redfoxlotto.com\/no\/wp-json\/wp\/v2\/comments?post=60132"}],"version-history":[{"count":0,"href":"https:\/\/redfoxlotto.com\/no\/wp-json\/wp\/v2\/pages\/60132\/revisions"}],"up":[{"embeddable":true,"href":"https:\/\/redfoxlotto.com\/no\/wp-json\/wp\/v2\/pages\/60108"}],"wp:attachment":[{"href":"https:\/\/redfoxlotto.com\/no\/wp-json\/wp\/v2\/media?parent=60132"}],"curies":[{"name":"wp","href":"https:\/\/api.w.org\/{rel}","templated":true}]}}