{"id":60126,"date":"2022-10-26T09:30:02","date_gmt":"2022-10-26T09:30:02","guid":{"rendered":"https:\/\/redfoxlotto.eu\/?page_id=60126"},"modified":"2025-12-17T07:54:16","modified_gmt":"2025-12-17T07:54:16","slug":"euromillions","status":"publish","type":"page","link":"https:\/\/redfoxlotto.com\/no\/spille\/euromillions\/","title":{"rendered":"Hvordan spille Euromillions fra Norge"},"content":{"rendered":"<p><script type=\"application\/ld+json\">\n{\n  \"@context\": \"https:\/\/schema.org\",\n  \"@type\": \"Service\",\n  \"name\": \"Spill Euromillions Online\",\n  \"url\": \"https:\/\/redfoxlotto.com\/no\/spille\/euromillions\/\",\n  \"description\": \"Spill Euromillions-lotteriet p\u00e5 nettet fra hvilket som helst land. Bes\u00f8k RedFoxLotto, velg dine tall og skaff deg billettene dine.\",\n  \"serviceType\": \"Online lottery ticket messenger service\",\n  \"provider\": {\n    \"@type\": \"Organization\",\n    \"name\": \"RedFoxLotto\",\n    \"url\": \"https:\/\/redfoxlotto.com\/no\/\",\n    \"image\": \"https:\/\/redfoxlotto.com\/wp-content\/uploads\/2025\/12\/ticket_scans.jpg\",\n    \"sameAs\": []\n  },\n  \"areaServed\": \"Worldwide\",\n  \"termsOfService\": \"https:\/\/redfoxlotto.com\/terms-and-conditions\",\n  \"additionalProperty\": {\n    \"@type\": \"PropertyValue\",\n    \"name\": \"FAQ\",\n    \"value\": \"https:\/\/redfoxlotto.com\/no\/faq\/\"\n  },\n  \"hasOfferCatalog\": {\n    \"@type\": \"OfferCatalog\",\n    \"name\": \"Euromillions Lottobilletter\",\n    \"itemListElement\": [\n      {\n        \"@type\": \"Offer\",\n        \"name\": \"Euromillions Billetter\",\n        \"url\": \"https:\/\/redfoxlotto.com\/no\/spille\/euromillions\/\",\n        \"description\": \"Klikk her for \u00e5 velge tallene dine for neste Euromillions-trekning \u2013 bestill billettene dine p\u00e5 nett.\",\n        \"price\": \"7.00\",\n        \"priceCurrency\": \"EUR\",\n        \"availability\": \"https:\/\/schema.org\/InStock\",\n        \"itemOffered\": {\n          \"@type\": \"Service\",\n          \"name\": \"Euromillions Lottobilletter\",\n          \"description\": \"Spill i neste Euromillions-trekning via RedFoxLotto.\"\n        }\n      }\n    ]\n  },\n  \"mainEntityOfPage\": {\n    \"@type\": \"WebPage\",\n    \"@id\": \"https:\/\/redfoxlotto.com\/no\/spille\/euromillions\/\"\n  }\n}\n<\/script><\/p>\n<p>Har du noen gang h\u00f8rt om EuroMillions? Hvis du bor i et europeisk land, har du garantert det. Men hvis du bor i Norge, har du kanskje ikke det. S\u00e5 la oss ta en n\u00e6rmere titt p\u00e5 hvordan du spiller EuroMillions p\u00e5 nettet.<\/p>\n<p>EuroMillions er et internasjonalt lotteri som kan spilles i ni europeiske land. Det betyr at du kanskje allerede bor i et land du kan kj\u00f8pe lodd fra. Billetter til EuroMillions-lotteriet kan imidlertid ikke kj\u00f8pes i butikker i andre land, og det inkluderer Norge.<img loading=\"lazy\" decoding=\"async\" class=\"wp-image-4203 alignright\" src=\"https:\/\/content.redfoxlotto.com\/uploads\/sites\/9\/2_ticket_euromillions.jpg\" alt=\"euromillions online\" width=\"156\" height=\"416\" \/><\/p>\n<p>Det b\u00f8r du definitivt gj\u00f8re noe med, for ved siden av Eurojackpot er EuroMillions det st\u00f8rste lotteriet i Europa. Lotteriet ble grunnlagt i 2004, og s\u00e5 langt er rekordjackpotten p\u00e5 190 millioner euro. Den ble vunnet av en enkelt, ukjent spiller i oktober 2014. Det er definitivt noe du vil ha en sjanse til \u00e5 vinne, ikke sant?<\/p>\n<p>Vil du kunne si at du nesten vant EuroMillions? Vel, det er derfor du kommer til \u00e5 trenge \u00e5 vite mer om billettene deres.<\/p>\n<p>EuroMillions lottotrekninger finner sted i Paris p\u00e5 tirsdager og fredager. For \u00e5 vinne jackpotten m\u00e5 en kupong vise 5 tall fra 1 til 50, samt &laquo;lykkestjernen&raquo;, et tall mellom 1 og 12. Det finnes selvf\u00f8lgelig andre vinnertrinn. For den minste gevinsten m\u00e5 du ha krysset av 2 av de 5 hovedtallene riktig.<\/p>\n<p>Alt dette betyr at du kommer til \u00e5 ha en veldig god sjanse til \u00e5 vinne noe fordi du bare trenger \u00e5 matche 2 tall for \u00e5 vinne en premie. Og n\u00e5r du vinner selv en mindre premie, vil du ha pengene du trenger for \u00e5 kj\u00f8pe en ny billett og pr\u00f8ve igjen til neste trekning.<\/p>\n<h2>Hvordan fungerer online kj\u00f8p av billetter fra Norge?<\/h2>\n<p>For \u00e5 kj\u00f8pe billetter og spille EuroMillions online fra Norge, alt du trenger \u00e5 gj\u00f8re er \u00e5 klikke p\u00e5 EuroMillions p\u00e5 nettstedet v\u00e5rt. Derfra vil du bli ledet rett gjennom trinnene for hva du m\u00e5 gj\u00f8re for \u00e5 f\u00e5 billetten. Du velger tallene dine, hvilke tall du vil (s\u00e5 lenge de oppfyller reglene). Det er ogs\u00e5 en &laquo;Quick Pick&raquo;-funksjon tilgjengelig.<\/p>\n<p>Med ett museklikk kan du f\u00e5 en tilfeldig tallgenerator til \u00e5 bestemme tallene dine. Du kan fortsatt endre de valgte tallene manuelt hvis du vil, slik at du f\u00e5r en kombinasjon av dine egne valgte tall og tall som er tilfeldig valgt for deg. Deretter legger du til s\u00e5 mange lodd du \u00f8nsker i handlekurven din, slik at du er klar til \u00e5 kj\u00f8pe.<\/p>\n<p>Hvis du \u00f8nsker det, kan du legge til flere billetter i bestillingen. Bestillingen din kan til og med inkludere lodd til andre lotterier. Mange av kundene v\u00e5re spiller flere internasjonale lotterier samtidig. De fleste velger sine lotterier basert p\u00e5 st\u00f8rrelsen p\u00e5 den aktuelle jackpoten, og det er sannsynligvis der du ogs\u00e5 finner EuroMillions. Jackpotten pleier definitivt \u00e5 g\u00e5 veldig bra, og det er en jackpot du b\u00f8r se selv (og v\u00e6re med p\u00e5).<\/p>\n<p>Deretter f\u00f8lger du instruksjonene p\u00e5 nettstedet v\u00e5rt for \u00e5 fullf\u00f8re kj\u00f8pet og betale online. Du kan ha billetten din p\u00e5 bare noen f\u00e5 minutter, selv om du ikke allerede har en konto hos oss. Vi gj\u00f8r det virkelig s\u00e5 enkelt \u00e5 komme i gang.<\/p>\n<h2>Fordeler med \u00e5 spille internasjonale lotterier som Euromillions p\u00e5 nettet<\/h2>\n<p>Bortsett fra bekvemmeligheten er dette en av de st\u00f8rste fordelene ved \u00e5 spille p\u00e5 internasjonale lotterijackpotter. Du kan bruke lottopengene dine mer l\u00f8nnsomt ved \u00e5 kun kj\u00f8pe lodd til de lotteriene som for \u00f8yeblikket har h\u00f8ye nok jackpotter. Du slipper \u00e5 vente i ukevis p\u00e5 at den nasjonale lotterijackpotten skal bli h\u00f8y nok i ditt land. Du kan n\u00e5r som helst velge en mye st\u00f8rre jackpot p\u00e5 nettet. Faktisk har de fleste land i verden lotterier som aldri n\u00e5r jackpotter som engang har en br\u00f8kdel av det de st\u00f8rste verdensomspennende lotteriene har.<\/p>\n<p>For de som virkelig vil ha sjansen til \u00e5 vinne noen av de st\u00f8rste premiene, er det definitivt det beste av alt. Du vil ha sjansen til millionene i stedet for bare noen av de sm\u00e5 bel\u00f8pene som mange lotterier i Norge starter p\u00e5. Visst er det hyggelig \u00e5 vinne. Men det er enda hyggeligere \u00e5 vinne hvis du f\u00e5r noe som virkelig kommer til \u00e5 forandre livet ditt, i stedet for \u00e5 vinne noe som bare kommer til \u00e5 kj\u00f8pe den neste billetten du \u00f8nsker deg.<\/p>\n<p>P\u00e5 grunn av det faktum at det er to ukentlige trekninger, \u00f8ker EuroMillions-jackpotten ganske raskt. Av denne grunn kan det v\u00e6re lurt \u00e5 vurdere \u00e5 aktivere muligheten til \u00e5 f\u00e5 billettene dine til \u00e5 delta i flere trekninger p\u00e5 rad. Dette kan du gj\u00f8re i l\u00f8pet av kj\u00f8psprosessen p\u00e5 nettet.<img loading=\"lazy\" decoding=\"async\" class=\"alignright size-full wp-image-4215\" src=\"https:\/\/content.redfoxlotto.com\/uploads\/sites\/9\/1_play_onlinelottery4.jpg\" alt=\"spill online\" width=\"231\" height=\"130\" \/><\/p>\n<p>Alternativet er tilgjengelig for deg f\u00f8r bestillingen er fullf\u00f8rt. P\u00e5 den m\u00e5ten er du alltid med i spillet om den nest h\u00f8yeste jackpotten i neste trekning. Det er ikke sikkert at neste trekning har en vinner av hovedpremien, men kanskje den neste trekningen vil v\u00e6re lykketrekningen din.<\/p>\n<p>Hvis du kj\u00f8per flere trekninger for et enkelt lodd, betyr det ogs\u00e5 at du ikke trenger \u00e5 bekymre deg for \u00e5 f\u00e5 flere lodd p\u00e5 litt lenger tid. Du kan bare vente og se hva den n\u00e5v\u00e6rende billetten din gj\u00f8r og se hvordan den kommer til \u00e5 gi deg en stor gevinst. Det er superenkelt, og det kommer til \u00e5 gj\u00f8re deg mer enn forn\u00f8yd n\u00e5r du ser den mulige utbetalingen.<\/p>\n<p>Spillere betaler litt mer fordi EuroMillions-billetter kj\u00f8pes i Storbritannia. Dette skyldes det faktum at britiske billetter kommer med en automatisk oppf\u00f8ring i Millionaire Maker-trekningen, som gir en ekstra mulighet til \u00e5 vinne en bel\u00f8nning p\u00e5 1 million pund.<\/p>\n<p>Millionaire Maker fungerer ved at det genereres en unik kode for hvert lodd som kj\u00f8pes. Denne koden best\u00e5r av fire bokstaver etterfulgt av fem tall (f.eks. ABCD12345). I hver trekning, en eller flere av disse kodene blir tilfeldig valgt, og billettinnehaveren med den matchende koden vinner \u00f8yeblikkelig 1 million pund, uavhengig av de viktigste EuroMillions-tallene som trekkes.<\/p>\n<p>Denne funksjonen gj\u00f8r det spesielt attraktivt \u00e5 spille EuroMillions i Storbritannia, ettersom det gir en ekstra mulighet til \u00e5 vinne en betydelig premie utover standard jackpot og bel\u00f8nninger p\u00e5 lavere niv\u00e5.<\/p>\n<p>S\u00e5 hvis jackpoten i ditt lokale lotteri i Norge ikke er s\u00e5 attraktiv akkurat n\u00e5, hvorfor ikke pr\u00f8ve lykken og spille EuroMillions online? Du vet aldri hva du kan konkurrere om eller hva du kan vinne. Og hele prosessen er superenkel \u00e5 komme i gang med. Hva har du \u00e5 tape p\u00e5 \u00e5 pr\u00f8ve et helt nytt spill med jackpotter p\u00e5 over 100 millioner? Absolutt ingenting! Og du kan vinne noe stort i neste trekning.<\/p>\n<section class=\"layout\" style=\"border: solid 1px; width: 100%;\">\n<div class=\"img-div\" style=\"margin-top: 5px;\"><img decoding=\"async\" class=\"wp-image-17212 alignleft\" style=\"height: 45px; margin: 8px 8px 0px;\" src=\"https:\/\/redfoxlotto.com\/wp-content\/uploads\/sites\/9\/read1.jpg\" alt=\"kj\u00f8p lotteri p\u00e5 nettet\" width=\"\" height=\"\" \/><\/div>\n<div style=\"padding-left: 5px;\">\n<div style=\"font-size: 1.1em;\">\n<p><strong>De st\u00f8rste lotterijackpottene som skapte historie<\/strong><\/p>\n<p style=\"font-size: 0.8em; margin-top: .5em;\">Her kan du lese om noen av de st\u00f8rste lottogevinstene i historien som har forandret livet til vinnerne over natten. <a href=\"https:\/\/redfoxlotto.com\/no\/largest-lottery-jackpots\/\">Les mer<\/a><\/p>\n<\/div>\n<\/div>\n<\/section>\n","protected":false},"excerpt":{"rendered":"<p>Har du noen gang h\u00f8rt om EuroMillions? Hvis du bor i et europeisk land, har du garantert det. Men hvis du bor i Norge, har du kanskje ikke det. S\u00e5 la oss ta en n\u00e6rmere titt p\u00e5 hvordan du spiller EuroMillions p\u00e5 nettet. EuroMillions er et internasjonalt lotteri som kan spilles i ni europeiske land. [&hellip;]<\/p>\n","protected":false},"author":1,"featured_media":0,"parent":60108,"menu_order":3,"comment_status":"closed","ping_status":"closed","template":"euromillions.php","meta":{"_et_pb_use_builder":"","_et_pb_old_content":"","_et_gb_content_width":"","exclude_from_search":false,"footnotes":""},"class_list":["post-60126","page","type-page","status-publish","hentry"],"yoast_head":"<!-- This site is optimized with the Yoast SEO plugin v23.8 - https:\/\/yoast.com\/wordpress\/plugins\/seo\/ -->\n<title>Spill Euromillions online fra Norge | Europas st\u00f8rste lotteri<\/title>\n<meta name=\"description\" content=\"Lotto-fans fra Norge kan spille Euromillions online n\u00e5 - sjekk v\u00e5r tjeneste for Euromillions-billett\" \/>\n<meta name=\"robots\" content=\"index, follow, max-snippet:-1, max-image-preview:large, max-video-preview:-1\" \/>\n<link rel=\"canonical\" href=\"https:\/\/redfoxlotto.com\/no\/spille\/euromillions\/\" \/>\n<meta property=\"og:locale\" content=\"nb_NO\" \/>\n<meta property=\"og:type\" content=\"article\" \/>\n<meta property=\"og:title\" content=\"Spill Euromillions online fra Norge | Europas st\u00f8rste lotteri\" \/>\n<meta property=\"og:description\" content=\"Lotto-fans fra Norge kan spille Euromillions online n\u00e5 - sjekk v\u00e5r tjeneste for Euromillions-billett\" \/>\n<meta property=\"og:url\" content=\"https:\/\/redfoxlotto.com\/no\/spille\/euromillions\/\" \/>\n<meta property=\"og:site_name\" content=\"Get Tickets for the World\u2019s largest jackpots\" \/>\n<meta property=\"article:modified_time\" content=\"2025-12-17T07:54:16+00:00\" \/>\n<meta property=\"og:image\" content=\"https:\/\/content.redfoxlotto.com\/uploads\/sites\/9\/2_ticket_euromillions.jpg\" \/>\n<meta name=\"twitter:card\" content=\"summary_large_image\" \/>\n<meta name=\"twitter:label1\" content=\"Ansl. lesetid\" \/>\n\t<meta name=\"twitter:data1\" content=\"6 minutter\" \/>\n<script type=\"application\/ld+json\" class=\"yoast-schema-graph\">{\"@context\":\"https:\/\/schema.org\",\"@graph\":[{\"@type\":\"WebPage\",\"@id\":\"https:\/\/redfoxlotto.com\/no\/spille\/euromillions\/\",\"url\":\"https:\/\/redfoxlotto.com\/no\/spille\/euromillions\/\",\"name\":\"Spill Euromillions online fra Norge | Europas st\u00f8rste lotteri\",\"isPartOf\":{\"@id\":\"https:\/\/redfoxlotto.com\/no\/#website\"},\"primaryImageOfPage\":{\"@id\":\"https:\/\/redfoxlotto.com\/no\/spille\/euromillions\/#primaryimage\"},\"image\":{\"@id\":\"https:\/\/redfoxlotto.com\/no\/spille\/euromillions\/#primaryimage\"},\"thumbnailUrl\":\"https:\/\/content.redfoxlotto.com\/uploads\/sites\/9\/2_ticket_euromillions.jpg\",\"datePublished\":\"2022-10-26T09:30:02+00:00\",\"dateModified\":\"2025-12-17T07:54:16+00:00\",\"description\":\"Lotto-fans fra Norge kan spille Euromillions online n\u00e5 - sjekk v\u00e5r tjeneste for Euromillions-billett\",\"breadcrumb\":{\"@id\":\"https:\/\/redfoxlotto.com\/no\/spille\/euromillions\/#breadcrumb\"},\"inLanguage\":\"nb-NO\",\"potentialAction\":[{\"@type\":\"ReadAction\",\"target\":[\"https:\/\/redfoxlotto.com\/no\/spille\/euromillions\/\"]}]},{\"@type\":\"ImageObject\",\"inLanguage\":\"nb-NO\",\"@id\":\"https:\/\/redfoxlotto.com\/no\/spille\/euromillions\/#primaryimage\",\"url\":\"https:\/\/content.redfoxlotto.com\/uploads\/sites\/9\/2_ticket_euromillions.jpg\",\"contentUrl\":\"https:\/\/content.redfoxlotto.com\/uploads\/sites\/9\/2_ticket_euromillions.jpg\"},{\"@type\":\"BreadcrumbList\",\"@id\":\"https:\/\/redfoxlotto.com\/no\/spille\/euromillions\/#breadcrumb\",\"itemListElement\":[{\"@type\":\"ListItem\",\"position\":1,\"name\":\"Home\",\"item\":\"https:\/\/redfoxlotto.com\/no\/\"},{\"@type\":\"ListItem\",\"position\":2,\"name\":\"Hvordan spille lotterier i andre land\",\"item\":\"https:\/\/redfoxlotto.com\/no\/spille\/\"},{\"@type\":\"ListItem\",\"position\":3,\"name\":\"Hvordan spille Euromillions fra Norge\"}]},{\"@type\":\"WebSite\",\"@id\":\"https:\/\/redfoxlotto.com\/no\/#website\",\"url\":\"https:\/\/redfoxlotto.com\/no\/\",\"name\":\"Get Tickets for the World\u2019s largest jackpots\",\"description\":\"Participate in worldwide lottery jackpots from any country\",\"publisher\":{\"@id\":\"https:\/\/redfoxlotto.com\/no\/#organization\"},\"potentialAction\":[{\"@type\":\"SearchAction\",\"target\":{\"@type\":\"EntryPoint\",\"urlTemplate\":\"https:\/\/redfoxlotto.com\/no\/?s={search_term_string}\"},\"query-input\":{\"@type\":\"PropertyValueSpecification\",\"valueRequired\":true,\"valueName\":\"search_term_string\"}}],\"inLanguage\":\"nb-NO\"},{\"@type\":\"Organization\",\"@id\":\"https:\/\/redfoxlotto.com\/no\/#organization\",\"name\":\"Get Tickets for the World\u2019s largest jackpots\",\"url\":\"https:\/\/redfoxlotto.com\/no\/\",\"logo\":{\"@type\":\"ImageObject\",\"inLanguage\":\"nb-NO\",\"@id\":\"https:\/\/redfoxlotto.com\/no\/#\/schema\/logo\/image\/\",\"url\":\"https:\/\/redfoxlotto.com\/wp-content\/uploads\/2023\/04\/logo.png\",\"contentUrl\":\"https:\/\/redfoxlotto.com\/wp-content\/uploads\/2023\/04\/logo.png\",\"width\":269,\"height\":53,\"caption\":\"Get Tickets for the World\u2019s largest jackpots\"},\"image\":{\"@id\":\"https:\/\/redfoxlotto.com\/no\/#\/schema\/logo\/image\/\"}}]}<\/script>\n<!-- \/ Yoast SEO plugin. -->","yoast_head_json":{"title":"Spill Euromillions online fra Norge | Europas st\u00f8rste lotteri","description":"Lotto-fans fra Norge kan spille Euromillions online n\u00e5 - sjekk v\u00e5r tjeneste for Euromillions-billett","robots":{"index":"index","follow":"follow","max-snippet":"max-snippet:-1","max-image-preview":"max-image-preview:large","max-video-preview":"max-video-preview:-1"},"canonical":"https:\/\/redfoxlotto.com\/no\/spille\/euromillions\/","og_locale":"nb_NO","og_type":"article","og_title":"Spill Euromillions online fra Norge | Europas st\u00f8rste lotteri","og_description":"Lotto-fans fra Norge kan spille Euromillions online n\u00e5 - sjekk v\u00e5r tjeneste for Euromillions-billett","og_url":"https:\/\/redfoxlotto.com\/no\/spille\/euromillions\/","og_site_name":"Get Tickets for the World\u2019s largest jackpots","article_modified_time":"2025-12-17T07:54:16+00:00","og_image":[{"url":"https:\/\/content.redfoxlotto.com\/uploads\/sites\/9\/2_ticket_euromillions.jpg"}],"twitter_card":"summary_large_image","twitter_misc":{"Ansl. lesetid":"6 minutter"},"schema":{"@context":"https:\/\/schema.org","@graph":[{"@type":"WebPage","@id":"https:\/\/redfoxlotto.com\/no\/spille\/euromillions\/","url":"https:\/\/redfoxlotto.com\/no\/spille\/euromillions\/","name":"Spill Euromillions online fra Norge | Europas st\u00f8rste lotteri","isPartOf":{"@id":"https:\/\/redfoxlotto.com\/no\/#website"},"primaryImageOfPage":{"@id":"https:\/\/redfoxlotto.com\/no\/spille\/euromillions\/#primaryimage"},"image":{"@id":"https:\/\/redfoxlotto.com\/no\/spille\/euromillions\/#primaryimage"},"thumbnailUrl":"https:\/\/content.redfoxlotto.com\/uploads\/sites\/9\/2_ticket_euromillions.jpg","datePublished":"2022-10-26T09:30:02+00:00","dateModified":"2025-12-17T07:54:16+00:00","description":"Lotto-fans fra Norge kan spille Euromillions online n\u00e5 - sjekk v\u00e5r tjeneste for Euromillions-billett","breadcrumb":{"@id":"https:\/\/redfoxlotto.com\/no\/spille\/euromillions\/#breadcrumb"},"inLanguage":"nb-NO","potentialAction":[{"@type":"ReadAction","target":["https:\/\/redfoxlotto.com\/no\/spille\/euromillions\/"]}]},{"@type":"ImageObject","inLanguage":"nb-NO","@id":"https:\/\/redfoxlotto.com\/no\/spille\/euromillions\/#primaryimage","url":"https:\/\/content.redfoxlotto.com\/uploads\/sites\/9\/2_ticket_euromillions.jpg","contentUrl":"https:\/\/content.redfoxlotto.com\/uploads\/sites\/9\/2_ticket_euromillions.jpg"},{"@type":"BreadcrumbList","@id":"https:\/\/redfoxlotto.com\/no\/spille\/euromillions\/#breadcrumb","itemListElement":[{"@type":"ListItem","position":1,"name":"Home","item":"https:\/\/redfoxlotto.com\/no\/"},{"@type":"ListItem","position":2,"name":"Hvordan spille lotterier i andre land","item":"https:\/\/redfoxlotto.com\/no\/spille\/"},{"@type":"ListItem","position":3,"name":"Hvordan spille Euromillions fra Norge"}]},{"@type":"WebSite","@id":"https:\/\/redfoxlotto.com\/no\/#website","url":"https:\/\/redfoxlotto.com\/no\/","name":"Get Tickets for the World\u2019s largest jackpots","description":"Participate in worldwide lottery jackpots from any country","publisher":{"@id":"https:\/\/redfoxlotto.com\/no\/#organization"},"potentialAction":[{"@type":"SearchAction","target":{"@type":"EntryPoint","urlTemplate":"https:\/\/redfoxlotto.com\/no\/?s={search_term_string}"},"query-input":{"@type":"PropertyValueSpecification","valueRequired":true,"valueName":"search_term_string"}}],"inLanguage":"nb-NO"},{"@type":"Organization","@id":"https:\/\/redfoxlotto.com\/no\/#organization","name":"Get Tickets for the World\u2019s largest jackpots","url":"https:\/\/redfoxlotto.com\/no\/","logo":{"@type":"ImageObject","inLanguage":"nb-NO","@id":"https:\/\/redfoxlotto.com\/no\/#\/schema\/logo\/image\/","url":"https:\/\/redfoxlotto.com\/wp-content\/uploads\/2023\/04\/logo.png","contentUrl":"https:\/\/redfoxlotto.com\/wp-content\/uploads\/2023\/04\/logo.png","width":269,"height":53,"caption":"Get Tickets for the World\u2019s largest jackpots"},"image":{"@id":"https:\/\/redfoxlotto.com\/no\/#\/schema\/logo\/image\/"}}]}},"_links":{"self":[{"href":"https:\/\/redfoxlotto.com\/no\/wp-json\/wp\/v2\/pages\/60126","targetHints":{"allow":["GET"]}}],"collection":[{"href":"https:\/\/redfoxlotto.com\/no\/wp-json\/wp\/v2\/pages"}],"about":[{"href":"https:\/\/redfoxlotto.com\/no\/wp-json\/wp\/v2\/types\/page"}],"author":[{"embeddable":true,"href":"https:\/\/redfoxlotto.com\/no\/wp-json\/wp\/v2\/users\/1"}],"replies":[{"embeddable":true,"href":"https:\/\/redfoxlotto.com\/no\/wp-json\/wp\/v2\/comments?post=60126"}],"version-history":[{"count":0,"href":"https:\/\/redfoxlotto.com\/no\/wp-json\/wp\/v2\/pages\/60126\/revisions"}],"up":[{"embeddable":true,"href":"https:\/\/redfoxlotto.com\/no\/wp-json\/wp\/v2\/pages\/60108"}],"wp:attachment":[{"href":"https:\/\/redfoxlotto.com\/no\/wp-json\/wp\/v2\/media?parent=60126"}],"curies":[{"name":"wp","href":"https:\/\/api.w.org\/{rel}","templated":true}]}}