{"id":60119,"date":"2023-04-24T17:35:03","date_gmt":"2023-04-24T17:35:03","guid":{"rendered":"https:\/\/redfoxlotto.eu\/?page_id=60119"},"modified":"2025-12-15T22:22:25","modified_gmt":"2025-12-15T22:22:25","slug":"powerball","status":"publish","type":"page","link":"https:\/\/redfoxlotto.com\/no\/spille\/powerball\/","title":{"rendered":"Spill Powerball online"},"content":{"rendered":"<p><script type=\"application\/ld+json\">\n{\n  \"@context\": \"https:\/\/schema.org\",\n  \"@type\": \"Service\",\n  \"name\": \"Spill Powerball Online\",\n  \"url\": \"https:\/\/redfoxlotto.com\/play\/powerball\/\",\n  \"description\": \"Spill Powerball-lotteriet online fra hvilket som helst land. Bes\u00f8k RedFoxLotto, velg dine numre og f\u00e5 dine billetter.\",\n  \"serviceType\": \"Online lotteribilletter leveringstjeneste\",\n  \"provider\": {\n    \"@type\": \"Organization\",\n    \"name\": \"RedFoxLotto\",\n    \"url\": \"https:\/\/redfoxlotto.com\/no\/\",\n    \"image\": \"https:\/\/redfoxlotto.com\/wp-content\/uploads\/2025\/12\/ticket_scans.jpg\",\n    \"sameAs\": []\n  },\n  \"areaServed\": \"Worldwide\",\n  \"termsOfService\": \"https:\/\/redfoxlotto.com\/terms-and-conditions\",\n  \"additionalProperty\": {\n    \"@type\": \"PropertyValue\",\n    \"name\": \"FAQ\",\n    \"value\": \"https:\/\/redfoxlotto.com\/no\/faq\/\"\n  },\n  \"hasOfferCatalog\": {\n    \"@type\": \"OfferCatalog\",\n    \"name\": \"Powerball-lotteribilletter\",\n    \"itemListElement\": [\n      {\n        \"@type\": \"Offer\",\n        \"name\": \"Powerball-billetter\",\n        \"url\": \"https:\/\/redfoxlotto.com\/play\/powerball\/\",\n        \"description\": \"Klikk her for \u00e5 velge dine tall til neste Powerball-trekning \u2013 bestill billettene dine online.\",\n        \"price\": \"5.90\",\n        \"priceCurrency\": \"EUR\",\n        \"availability\": \"https:\/\/schema.org\/InStock\",\n        \"itemOffered\": {\n          \"@type\": \"Service\",\n          \"name\": \"Powerball-lotteribilletter\",\n          \"description\": \"Spill i neste Powerball-trekning via RedFoxLotto.\"\n        }\n      }\n    ]\n  },\n  \"mainEntityOfPage\": {\n    \"@type\": \"WebPage\",\n    \"@id\": \"https:\/\/redfoxlotto.com\/play\/powerball\/\"\n  }\n}\n<\/script><\/p>\n<p>Dette er et lotteri som skaper overskrifter med jevne mellomrom p\u00e5 grunn av sine enorme jackpotter. Det er et spill som har hatt jackpotter p\u00e5 over 1 milliard amerikanske dollar. Og n\u00e5 kan du ogs\u00e5 spille det. Er du nysgjerrig p\u00e5 hvilket spill vi snakker om? Det er Powerball US, og det er tilgjengelig fra Norge ogs\u00e5, eller fra hvilket som helst annet land for den saks skyld. Og det beste er at det er superenkelt for deg \u00e5 komme i gang med \u00e5 spille og finne ut hvordan du spiller Powerball online.<\/p>\n<h2>Det er s\u00e5 enkelt \u00e5 spille Powerball online n\u00e5<\/h2>\n<p>Velg tallene dine, betal p\u00e5 nettet og v\u00e5re agenter vil kj\u00f8pe en kupong til deg. Hvis du vil velge de tallene du liker best, kan du gj\u00f8re det. Hvis du vil at vi skal velge tallene for deg, kan du ogs\u00e5 gj\u00f8re det. Dette er v\u00e5r tjeneste. Enda viktigere er det at du ikke trenger \u00e5 bekymre deg for \u00e5 f\u00e5 betalt hvis du vinner. Vi tar oss av utbetalingen for deg ogs\u00e5. Det gj\u00f8r hele prosessen mye enklere.<\/p>\n<h2>Hvorfor er Powerball-jackpotten s\u00e5 h\u00f8y s\u00e5 ofte?<\/h2>\n<p><img decoding=\"async\" class=\"size-full wp-image alignright\" src=\"https:\/\/content.redfoxlotto.com\/uploads\/sites\/9\/2_ticket_powerball2.jpg\" alt=\" powerball-billett \" \/>F\u00f8rst og fremst fordi den aldri kan bli lavere enn 20 millioner dollar. Hver gang jackpoten er vunnet, starter toppgevinsten p\u00e5 nytt p\u00e5 20 millioner dollar. N\u00e5r det skjer, begynner Powerball-jackpotten \u00e5 \u00f8ke med 10 til 20 millioner dollar per trekning. Det er to trekninger per uke. Det tar alts\u00e5 bare to uker f\u00f8r jackpotten passerer 100 millioner dollar (med mindre noen vinner toppgevinsten, selvf\u00f8lgelig). N\u00e5r det har skjedd, \u00f8ker den vanligvis med 10-15 % etter hver trekning.<\/p>\n<p>Hvis du vinner jackpotten i l\u00f8pet av disse f\u00f8rste ukene, vil du f\u00e5 en virkelig stor premie fordi du kommer til \u00e5 vinne millioner. Selv om du vinner den aller f\u00f8rste uken, betyr det at du kommer til \u00e5 vinne totalt 20 millioner dollar.<\/p>\n<p>Men hva om du vinner jackpoten et sted etter den f\u00f8rste trekningen? Sjansen er stor for at du vinner senere, for denne jackpoten vinnes sjelden n\u00e5r den er s\u00e5 lav.<\/p>\n<p>Men det skjer med jevne mellomrom at jackpoten ikke vinnes i l\u00f8pet av en periode p\u00e5 \u00e5tte til ni uker. Da vil den ha n\u00e5dd 500 millioner dollar eller mer, og bokstavelig talt alle over 18 \u00e5r i USA begynner \u00e5 spille dette lotteriet. Da begynner ballen virkelig \u00e5 rulle.<\/p>\n<p>Det trengs bare \u00e9n trekning for \u00e5 g\u00e5 fra 500 millioner dollar til 1 milliard dollar eller mer. Det er her alle kommer til \u00e5 begynne \u00e5 se n\u00e6rmere etter, og du er definitivt ogs\u00e5 en del av den gruppen.<\/p>\n<p>Det er klart at de st\u00f8rste jackpottene f\u00e5r oppmerksomhet i media over hele verden. Det inkluderer Storbritannia og lottofans fra hele verden som \u00f8nsker \u00e5 spille Powerball online. Det er denne tjenesten vi tilbyr. Ikke bare for britiske kunder, men for alle myndige personer som vil ha sjansen til \u00e5 vinne Powerball-jackpotten i USA. S\u00e5 du kan spille Powerball online.<\/p>\n<h2>Hvordan fungerer Powerball i USA?<\/h2>\n<p><img loading=\"lazy\" decoding=\"async\" class=\"size-full wp-image-4635 alignright\" src=\"https:\/\/content.redfoxlotto.com\/uploads\/sites\/9\/1_play_powerball_usa.jpg\" alt=\"spill Powerball online\" width=\"231\" height=\"130\" \/><br \/>\nHvis du \u00f8nsker \u00e5 kj\u00f8pe en Powerball-lodd, b\u00f8r du vite hvordan du kommer i gang, ikke sant? Prosessen er superenkel, og vi skal g\u00e5 gjennom den her. Spillerne m\u00e5 velge fem tall fra 1 til 69 (de hvite kulene), pluss ett tall fra 1 til 26 (de r\u00f8de kulene). Disse tallene regnes som de vanlige ballene og Powerball.<\/p>\n<p>For \u00e5 vinne jackpoten m\u00e5 du ha alle 6 tallene p\u00e5 kupongen. Mangler du ett eneste tall, vinner du en mindre premie (men du vinner noe selv om du bare f\u00e5r 5 riktige tall).<\/p>\n<section class=\"layout\" style=\"border: solid 1px; width: 100%;\">\n<div class=\"img-div\" style=\"margin-top: 5px;\"><img decoding=\"async\" class=\"wp-image-17212 alignleft\" style=\"height: 45px; margin: 8px 8px 0px;\" src=\"https:\/\/redfoxlotto.com\/wp-content\/uploads\/sites\/9\/read1.jpg\" alt=\"kj\u00f8p lotteri online\" width=\"\" height=\"\" \/><\/div>\n<div style=\"padding-left: 5px;\">\n<div style=\"font-size: 1.1em;\">\n<p><strong>Kan de beste Powerball-lotteritallene hjelpe deg med \u00e5 vinne?<\/strong><\/p>\n<p style=\"font-size: 0.8em; margin-top: -1.5em;\">Finn ut om det er mulig \u00e5 forutsi vinnertallene med de beste Powerball-lotteritallene. <a href=\"https:\/\/redfoxlotto.com\/no\/se-trekningen-av-mega-millions-og-powerball-pa-tv\/\">Les mer om dette<\/a><\/p>\n<\/div>\n<\/div>\n<\/section>\n<h2>Kan de beste Powerball-tallene hjelpe deg med \u00e5 vinne?<\/h2>\n<p>Finn ut om det er mulig \u00e5 forutsi vinnertallene med de beste Powerball-lotteritallene. Les mer<\/p>\n<p>Med Powerball vinner du faktisk noe hvis du f\u00e5r alle de 5 vanlige tallene og bommer p\u00e5 Powerball. Du vinner ogs\u00e5 noe hvis du f\u00e5r 4 vanlige tall og Powerball. Du kommer bare ikke til \u00e5 vinne like mye som om du treffer alle tallene. Det er definitivt noe som er bra med dette spillet ogs\u00e5.<\/p>\n<h2>Er det lovlig \u00e5 spille p\u00e5 amerikanske lotterier fra Norge?<\/h2>\n<p>Ja, det er det! Tenk deg at du er i USA &#8211; du kan enkelt kj\u00f8pe en kupong der. Hvis du vinner, har du et juridisk krav p\u00e5 \u00e5 f\u00e5 premien din. Hvis du ser p\u00e5 spillereglene, er lotteriet imidlertid ikke begrenset til lovlige innbyggere i USA. Det betyr at du faktisk kan befinne deg hvor som helst i verden, og du kan lovlig kj\u00f8pe en kupong og deretter gj\u00f8re krav p\u00e5 en eventuell premie du har rett til.<\/p>\n<p>S\u00e5 hvis du er bosatt i Storbritannia, og noen andre kj\u00f8per billetten p\u00e5 stedet for deg, er kravet ditt sikkert. Det er din billett, og det er alt som betyr noe.<\/p>\n<p><strong>N\u00e5 har du alts\u00e5 muligheten til \u00e5 spille Powerball online<\/strong>. Det er et av de beste alternativene, og det er noe du ogs\u00e5 b\u00f8r se n\u00e6rmere p\u00e5 p\u00e5 nettstedet v\u00e5rt. Vi kan f\u00e5 deg i gang p\u00e5 null komma niks med \u00e5 spille Powerball online.<\/p>\n<p><strong>S\u00e5 n\u00e5 er det ingen grunn til ikke \u00e5 pr\u00f8ve \u00e5 vinne Powerball-jackpotten &#8211; skaff deg en online-lodd n\u00e5!<\/strong><\/p>\n<h2>Fordeler og ulemper med Powerball<\/h2>\n<ul>\n<li>For \u00e5 spille Powerball b\u00f8r du vite hva som er fordelene og ulempene. Spesielt siden du har mange lotterier \u00e5 velge mellom n\u00e5r du spiller online, er det viktig \u00e5 kjenne til egenskapene til Powerball og de andre lotteriene.<br \/>\nFordeler med Powerball<\/li>\n<li>Powerball har en sv\u00e6rt h\u00f8y minimum jackpot p\u00e5 40 millioner dollar, noe som er mer enn de fleste lotterier kan tilby selv etter flere uker uten at noen har vunnet toppgevinsten.<br \/>\nSterke \u00f8kninger uke etter uke n\u00e5r Powerball-jackpotten har passert 200 millioner dollar.<\/li>\n<li>En sv\u00e6rt h\u00f8y andrepremie p\u00e5 1 million dollar, og en tredjepremie p\u00e5 50 000 dollar, sammen med akseptable odds for de lavere Powerball-niv\u00e5ene, gj\u00f8r Powerball attraktiv \u00e5 spille.<br \/>\nStore Powerball-jackpotter skaper vanligvis overskrifter over hele verden, slik at du vet n\u00e5r du skal kj\u00f8pe lodd og spille.<\/li>\n<li>Du kan spille i tre ukentlige Powerball-trekninger.<\/li>\n<li>Du kan se trekningene online via Powerballs nettside eller via Youtube.<\/li>\n<li>Gratis Powerball-bonuslodd til alle v\u00e5re nye kunder<\/li>\n<li>Enda et gratis Powerball-bonuslodd hvis du verver en venn til nettstedet v\u00e5rt etter at vennen din har brukt minst \u20ac 10,00 p\u00e5 lodd til et av lotteriene v\u00e5re.<\/li>\n<\/ul>\n<p><strong>Ulemper med Powerball<\/strong><\/p>\n<ul>\n<li>Lav sannsynlighet for \u00e5 vinne Powerball-jackpotten (selv om jackpotten alltid blir knekt til slutt)<\/li>\n<li>For europeiske eller asiatiske spillere er trekningstidspunktene for Powerball upraktiske hvis de \u00f8nsker \u00e5 se trekningene p\u00e5 nettet.<\/li>\n<\/ul>\n<h2>N\u00e5r finner Powerball-trekningene sted?<\/h2>\n<p>Powerball-trekningene finner sted kl. 10:59 Eastern Time (eller 22:59 h), som betyr kl. 3:59 (am) dagen etter Greenwich Mean Time, eller 4:59 dagen etter i Sentral-Europa.<\/p>\n<h2>Historien om Powerball-lotteriet og jackpotten<\/h2>\n<ul>\n<li>Da Powerball startet i \u00e5r 1992, var minimum jackpotten bare $ 2 millioner. P\u00e5 den tiden, for \u00e5 spille Powerball, m\u00e5tte du velge 5 tall av 45 hovedtall, og ett Powerball-nummer fra det andre settet med 45 tall.<\/li>\n<li>I 1997 ble reglene for Powerball endret. For \u00e5 spille m\u00e5tte du velge 5 av 49 tall, og Powerball-valget var 1 av 42. Minimumsgrensen for Powerball-jackpotten ble satt til 10 millioner dollar.<\/li>\n<li>En annen endring i Powerball-oppsettet skjedde i 2002 da antall baller i hovedtrekningen ble \u00f8kt til 53 &#8211; spillerne m\u00e5tte fortsatt spille 5 tall pluss ett Powerball-tall av 42.<\/li>\n<li>S\u00e5 i 2005, den minste Powerball-jackpotten ble satt til $15 millioner, noe som betyr at etter at en jackpot ble vunnet, ville du i neste Powerball-trekning spille for $15 millioner som den st\u00f8rste Powerball-premien.<\/li>\n<li>Dette Powerball-oppsettet varte frem til januar 2009, da det skjedde en ny endring i m\u00e5ten Powerball ble spilt p\u00e5. F\u00f8rst ble jackpotminimum hevet til $20 millioner, mens spillerne m\u00e5tte velge 5 tall fra 59 baller, samt spille ett Powerball-nummer fra en 39 tallrekke.<\/li>\n<li>I 2012 ble den garanterte Powerball-jackpotten doblet, noe som innebar at minimumsbel\u00f8pet ble satt til 40 millioner dollar.<\/li>\n<li>I 2015 \u00f8kte tallrekken for Powerball-trekningen igjen, fra 59 til 69. Samtidig ble rekkevidden for tilleggstallet i Powerball redusert til 26. Denne nye regelen gjorde det mer sannsynlig \u00e5 spille og vinne de lavere premiene, mens oddsen for Powerball-jackpotten gjorde det mindre sannsynlig for spillerne \u00e5 vinne. Selvf\u00f8lgelig ville jackpotten forbli uavhentet i lengre perioder, noe som resulterte i st\u00f8rre jackpotter.<\/li>\n<li>En annen viktig endring i m\u00e5ten Powerball spilles p\u00e5 skjedde i 2021 da en tredje trekningsdag ble innf\u00f8rt, og siden da har trekningene blitt avholdt p\u00e5 mandager, onsdager og l\u00f8rdager.<\/li>\n<li>I l\u00f8pet av \u00e5rene har mange amerikanske delstater bestemt seg for \u00e5 bli med i Powerball-spillet. Til \u00e5 begynne med var det bare innbyggerne i 15 delstater som kunne spille Powerball, men i dag kan du kj\u00f8pe lodd i 44 delstater. Samtidig er det mulig \u00e5 kj\u00f8pe Powerball-lodd via v\u00e5r lovlige nettjeneste. Gjennom oss spiller du med en ekte Powerball-lodd, og hele prosedyren fra \u00e5 velge tall til \u00e5 betale for loddet ditt, samt \u00e5 f\u00e5 betalt, kan gj\u00f8res online.<\/li>\n<\/ul>\n<h2>Hvor raskt stiger jackpoten etter hver trekning?<\/h2>\n<p>Hvis du vil spille Powerball, b\u00f8r du selvsagt alltid sjekke st\u00f8rrelsen p\u00e5 jackpotten. Generelt anbefaler vi at spillere som regel velger lotteriet med den jackpoten som for \u00f8yeblikket er h\u00f8yest. P\u00e5 den annen side har noen lotterier sv\u00e6rt lav sannsynlighet for toppgevinst. Superenalotto, Powerball og Mega Millions er blant disse lotteriene.<\/p>\n<p>N\u00e5r det er sagt, b\u00f8r du f\u00f8lge med p\u00e5 utviklingen av jackpottene, og ofte er det fornuftig \u00e5 kj\u00f8pe lodd til flere trekninger p\u00e5 rad med en gang. P\u00e5 den m\u00e5ten er du sikker p\u00e5 at du ikke g\u00e5r glipp av \u00e5 spille om en jackpot som kan \u00f8ke raskt. Her er noen tall om den trinnvise \u00f8kningen i Powerball-jackpotten. Dette skjer selvf\u00f8lgelig bare hvis ingen vinner Powerball-jackpotten.<\/p>\n<ol>\n<li>N\u00e5r Powerball-jackpotten er p\u00e5 sitt laveste (minimum 40 millioner dollar), \u00f8ker den vanligvis med rundt 8-10 millioner dollar per trekning. Med tre ukentlige trekninger vil den ukentlige \u00f8kningen v\u00e6re ca. 25-30 millioner dollar.<\/li>\n<li>N\u00e5r Powerball-jackpotten er h\u00f8yere enn 100 millioner dollar, vil den ukentlige \u00f8kningen v\u00e6re n\u00e6rmere 35 millioner dollar. Det skyldes selvf\u00f8lgelig at flere spiller Powerball og kj\u00f8per lodd n\u00e5r Powerball-jackpotten er h\u00f8yere.<\/li>\n<li>N\u00e5r Powerball-jackpotten passerer 200 millioner dollar, og stadig flere spillere kj\u00f8per flere lodd, akselererer den trinnvise \u00f8kningen i jackpotten. P\u00e5 det tidspunktet begynner blant annet lottospillere fra hele verden \u00e5 legge merke til det og \u00f8nsker \u00e5 spille med lodd kj\u00f8pt p\u00e5 nettet. Den ukentlige \u00f8kningen n\u00e6rmer seg 50 millioner dollar.<\/li>\n<li>N\u00e5r jackpoten i Powerball har n\u00e5dd 400 millioner dollar, kan du forvente at jackpoten \u00f8ker med 25 millioner dollar etter hver trekning. Det er en \u00f8kning p\u00e5 75 millioner dollar per uke.<\/li>\n<li>Hvis ingen vinner Powerball-jackpotten selv n\u00e5r den er over 500 millioner dollar, f\u00f8rer \u00f8kt verdensomspennende mediedekning vanligvis til betydelige lokale og nettbaserte kj\u00f8p av Powerball-lodd. Som en konsekvens kan Powerball-jackpotten lett g\u00e5 fra 500 millioner dollar til n\u00e6rmere 1 milliard dollar i l\u00f8pet av to uker. Alt dette, selvf\u00f8lgelig, med mindre noen vinner jackpotten, og den starter p\u00e5 nytt med en jackpot p\u00e5 40 millioner dollar ved neste Powerball-trekning.<\/li>\n<\/ol>\n<p>Alt i alt tar det omtrent tre uker for Powerball-jackpotten \u00e5 vokse forbi bel\u00f8pet p\u00e5 200 millioner dollar, og totalt ca. 9 uker \u00e5 g\u00e5 fra et minimum til 400 millioner dollar.<\/p>\n<h2>H\u00f8yeste Powerball-jackpot gjennom tidene<\/h2>\n<p>Powerball har verdensrekorden med en jackpot p\u00e5 2 milliarder dollar, 40 millioner. Den ble vunnet 22. november 2022 av \u00e9n enkelt vinner. I januar 2016 delte tre heldige vinnere fra delstatene Tennessee, Florida og California rekordpremien i Powerball, p\u00e5 ikke mindre enn 1,5 milliarder dollar.<\/p>\n","protected":false},"excerpt":{"rendered":"<p>Dette er et lotteri som skaper overskrifter med jevne mellomrom p\u00e5 grunn av sine enorme jackpotter. Det er et spill som har hatt jackpotter p\u00e5 over 1 milliard amerikanske dollar. Og n\u00e5 kan du ogs\u00e5 spille det. Er du nysgjerrig p\u00e5 hvilket spill vi snakker om? Det er Powerball US, og det er tilgjengelig fra [&hellip;]<\/p>\n","protected":false},"author":1,"featured_media":0,"parent":60108,"menu_order":1,"comment_status":"closed","ping_status":"closed","template":"powerball-usa.php","meta":{"_et_pb_use_builder":"","_et_pb_old_content":"","_et_gb_content_width":"","exclude_from_search":false,"footnotes":""},"class_list":["post-60119","page","type-page","status-publish","hentry"],"yoast_head":"<!-- This site is optimized with the Yoast SEO plugin v23.8 - https:\/\/yoast.com\/wordpress\/plugins\/seo\/ -->\n<title>Spill Powerball online | Powerball-lotteri for spillere fra Storbritannia<\/title>\n<meta name=\"description\" content=\"Med v\u00e5r tjeneste kan du spille Powerball online, fra hvilket som helst annet land, inkludert Storbritannia - skaff deg Powerball-lodd n\u00e5!\" \/>\n<meta name=\"robots\" content=\"index, follow, max-snippet:-1, max-image-preview:large, max-video-preview:-1\" \/>\n<link rel=\"canonical\" href=\"https:\/\/redfoxlotto.com\/no\/spille\/powerball\/\" \/>\n<meta property=\"og:locale\" content=\"nb_NO\" \/>\n<meta property=\"og:type\" content=\"article\" \/>\n<meta property=\"og:title\" content=\"Spill Powerball online | Powerball-lotteri for spillere fra Storbritannia\" \/>\n<meta property=\"og:description\" content=\"Med v\u00e5r tjeneste kan du spille Powerball online, fra hvilket som helst annet land, inkludert Storbritannia - skaff deg Powerball-lodd n\u00e5!\" \/>\n<meta property=\"og:url\" content=\"https:\/\/redfoxlotto.com\/no\/spille\/powerball\/\" \/>\n<meta property=\"og:site_name\" content=\"Get Tickets for the World\u2019s largest jackpots\" \/>\n<meta property=\"article:modified_time\" content=\"2025-12-15T22:22:25+00:00\" \/>\n<meta property=\"og:image\" content=\"https:\/\/content.redfoxlotto.com\/uploads\/sites\/9\/2_ticket_powerball2.jpg\" \/>\n<meta name=\"twitter:card\" content=\"summary_large_image\" \/>\n<meta name=\"twitter:label1\" content=\"Ansl. lesetid\" \/>\n\t<meta name=\"twitter:data1\" content=\"10 minutter\" \/>\n<script type=\"application\/ld+json\" class=\"yoast-schema-graph\">{\"@context\":\"https:\/\/schema.org\",\"@graph\":[{\"@type\":\"WebPage\",\"@id\":\"https:\/\/redfoxlotto.com\/no\/spille\/powerball\/\",\"url\":\"https:\/\/redfoxlotto.com\/no\/spille\/powerball\/\",\"name\":\"Spill Powerball online | Powerball-lotteri for spillere fra Storbritannia\",\"isPartOf\":{\"@id\":\"https:\/\/redfoxlotto.com\/no\/#website\"},\"primaryImageOfPage\":{\"@id\":\"https:\/\/redfoxlotto.com\/no\/spille\/powerball\/#primaryimage\"},\"image\":{\"@id\":\"https:\/\/redfoxlotto.com\/no\/spille\/powerball\/#primaryimage\"},\"thumbnailUrl\":\"https:\/\/content.redfoxlotto.com\/uploads\/sites\/9\/2_ticket_powerball2.jpg\",\"datePublished\":\"2023-04-24T17:35:03+00:00\",\"dateModified\":\"2025-12-15T22:22:25+00:00\",\"description\":\"Med v\u00e5r tjeneste kan du spille Powerball online, fra hvilket som helst annet land, inkludert Storbritannia - skaff deg Powerball-lodd n\u00e5!\",\"breadcrumb\":{\"@id\":\"https:\/\/redfoxlotto.com\/no\/spille\/powerball\/#breadcrumb\"},\"inLanguage\":\"nb-NO\",\"potentialAction\":[{\"@type\":\"ReadAction\",\"target\":[\"https:\/\/redfoxlotto.com\/no\/spille\/powerball\/\"]}]},{\"@type\":\"ImageObject\",\"inLanguage\":\"nb-NO\",\"@id\":\"https:\/\/redfoxlotto.com\/no\/spille\/powerball\/#primaryimage\",\"url\":\"https:\/\/content.redfoxlotto.com\/uploads\/sites\/9\/2_ticket_powerball2.jpg\",\"contentUrl\":\"https:\/\/content.redfoxlotto.com\/uploads\/sites\/9\/2_ticket_powerball2.jpg\"},{\"@type\":\"BreadcrumbList\",\"@id\":\"https:\/\/redfoxlotto.com\/no\/spille\/powerball\/#breadcrumb\",\"itemListElement\":[{\"@type\":\"ListItem\",\"position\":1,\"name\":\"Home\",\"item\":\"https:\/\/redfoxlotto.com\/no\/\"},{\"@type\":\"ListItem\",\"position\":2,\"name\":\"Hvordan spille lotterier i andre land\",\"item\":\"https:\/\/redfoxlotto.com\/no\/spille\/\"},{\"@type\":\"ListItem\",\"position\":3,\"name\":\"Spill Powerball online\"}]},{\"@type\":\"WebSite\",\"@id\":\"https:\/\/redfoxlotto.com\/no\/#website\",\"url\":\"https:\/\/redfoxlotto.com\/no\/\",\"name\":\"Get Tickets for the World\u2019s largest jackpots\",\"description\":\"Participate in worldwide lottery jackpots from any country\",\"publisher\":{\"@id\":\"https:\/\/redfoxlotto.com\/no\/#organization\"},\"potentialAction\":[{\"@type\":\"SearchAction\",\"target\":{\"@type\":\"EntryPoint\",\"urlTemplate\":\"https:\/\/redfoxlotto.com\/no\/?s={search_term_string}\"},\"query-input\":{\"@type\":\"PropertyValueSpecification\",\"valueRequired\":true,\"valueName\":\"search_term_string\"}}],\"inLanguage\":\"nb-NO\"},{\"@type\":\"Organization\",\"@id\":\"https:\/\/redfoxlotto.com\/no\/#organization\",\"name\":\"Get Tickets for the World\u2019s largest jackpots\",\"url\":\"https:\/\/redfoxlotto.com\/no\/\",\"logo\":{\"@type\":\"ImageObject\",\"inLanguage\":\"nb-NO\",\"@id\":\"https:\/\/redfoxlotto.com\/no\/#\/schema\/logo\/image\/\",\"url\":\"https:\/\/redfoxlotto.com\/wp-content\/uploads\/2023\/04\/logo.png\",\"contentUrl\":\"https:\/\/redfoxlotto.com\/wp-content\/uploads\/2023\/04\/logo.png\",\"width\":269,\"height\":53,\"caption\":\"Get Tickets for the World\u2019s largest jackpots\"},\"image\":{\"@id\":\"https:\/\/redfoxlotto.com\/no\/#\/schema\/logo\/image\/\"}}]}<\/script>\n<!-- \/ Yoast SEO plugin. -->","yoast_head_json":{"title":"Spill Powerball online | Powerball-lotteri for spillere fra Storbritannia","description":"Med v\u00e5r tjeneste kan du spille Powerball online, fra hvilket som helst annet land, inkludert Storbritannia - skaff deg Powerball-lodd n\u00e5!","robots":{"index":"index","follow":"follow","max-snippet":"max-snippet:-1","max-image-preview":"max-image-preview:large","max-video-preview":"max-video-preview:-1"},"canonical":"https:\/\/redfoxlotto.com\/no\/spille\/powerball\/","og_locale":"nb_NO","og_type":"article","og_title":"Spill Powerball online | Powerball-lotteri for spillere fra Storbritannia","og_description":"Med v\u00e5r tjeneste kan du spille Powerball online, fra hvilket som helst annet land, inkludert Storbritannia - skaff deg Powerball-lodd n\u00e5!","og_url":"https:\/\/redfoxlotto.com\/no\/spille\/powerball\/","og_site_name":"Get Tickets for the World\u2019s largest jackpots","article_modified_time":"2025-12-15T22:22:25+00:00","og_image":[{"url":"https:\/\/content.redfoxlotto.com\/uploads\/sites\/9\/2_ticket_powerball2.jpg"}],"twitter_card":"summary_large_image","twitter_misc":{"Ansl. lesetid":"10 minutter"},"schema":{"@context":"https:\/\/schema.org","@graph":[{"@type":"WebPage","@id":"https:\/\/redfoxlotto.com\/no\/spille\/powerball\/","url":"https:\/\/redfoxlotto.com\/no\/spille\/powerball\/","name":"Spill Powerball online | Powerball-lotteri for spillere fra Storbritannia","isPartOf":{"@id":"https:\/\/redfoxlotto.com\/no\/#website"},"primaryImageOfPage":{"@id":"https:\/\/redfoxlotto.com\/no\/spille\/powerball\/#primaryimage"},"image":{"@id":"https:\/\/redfoxlotto.com\/no\/spille\/powerball\/#primaryimage"},"thumbnailUrl":"https:\/\/content.redfoxlotto.com\/uploads\/sites\/9\/2_ticket_powerball2.jpg","datePublished":"2023-04-24T17:35:03+00:00","dateModified":"2025-12-15T22:22:25+00:00","description":"Med v\u00e5r tjeneste kan du spille Powerball online, fra hvilket som helst annet land, inkludert Storbritannia - skaff deg Powerball-lodd n\u00e5!","breadcrumb":{"@id":"https:\/\/redfoxlotto.com\/no\/spille\/powerball\/#breadcrumb"},"inLanguage":"nb-NO","potentialAction":[{"@type":"ReadAction","target":["https:\/\/redfoxlotto.com\/no\/spille\/powerball\/"]}]},{"@type":"ImageObject","inLanguage":"nb-NO","@id":"https:\/\/redfoxlotto.com\/no\/spille\/powerball\/#primaryimage","url":"https:\/\/content.redfoxlotto.com\/uploads\/sites\/9\/2_ticket_powerball2.jpg","contentUrl":"https:\/\/content.redfoxlotto.com\/uploads\/sites\/9\/2_ticket_powerball2.jpg"},{"@type":"BreadcrumbList","@id":"https:\/\/redfoxlotto.com\/no\/spille\/powerball\/#breadcrumb","itemListElement":[{"@type":"ListItem","position":1,"name":"Home","item":"https:\/\/redfoxlotto.com\/no\/"},{"@type":"ListItem","position":2,"name":"Hvordan spille lotterier i andre land","item":"https:\/\/redfoxlotto.com\/no\/spille\/"},{"@type":"ListItem","position":3,"name":"Spill Powerball online"}]},{"@type":"WebSite","@id":"https:\/\/redfoxlotto.com\/no\/#website","url":"https:\/\/redfoxlotto.com\/no\/","name":"Get Tickets for the World\u2019s largest jackpots","description":"Participate in worldwide lottery jackpots from any country","publisher":{"@id":"https:\/\/redfoxlotto.com\/no\/#organization"},"potentialAction":[{"@type":"SearchAction","target":{"@type":"EntryPoint","urlTemplate":"https:\/\/redfoxlotto.com\/no\/?s={search_term_string}"},"query-input":{"@type":"PropertyValueSpecification","valueRequired":true,"valueName":"search_term_string"}}],"inLanguage":"nb-NO"},{"@type":"Organization","@id":"https:\/\/redfoxlotto.com\/no\/#organization","name":"Get Tickets for the World\u2019s largest jackpots","url":"https:\/\/redfoxlotto.com\/no\/","logo":{"@type":"ImageObject","inLanguage":"nb-NO","@id":"https:\/\/redfoxlotto.com\/no\/#\/schema\/logo\/image\/","url":"https:\/\/redfoxlotto.com\/wp-content\/uploads\/2023\/04\/logo.png","contentUrl":"https:\/\/redfoxlotto.com\/wp-content\/uploads\/2023\/04\/logo.png","width":269,"height":53,"caption":"Get Tickets for the World\u2019s largest jackpots"},"image":{"@id":"https:\/\/redfoxlotto.com\/no\/#\/schema\/logo\/image\/"}}]}},"_links":{"self":[{"href":"https:\/\/redfoxlotto.com\/no\/wp-json\/wp\/v2\/pages\/60119","targetHints":{"allow":["GET"]}}],"collection":[{"href":"https:\/\/redfoxlotto.com\/no\/wp-json\/wp\/v2\/pages"}],"about":[{"href":"https:\/\/redfoxlotto.com\/no\/wp-json\/wp\/v2\/types\/page"}],"author":[{"embeddable":true,"href":"https:\/\/redfoxlotto.com\/no\/wp-json\/wp\/v2\/users\/1"}],"replies":[{"embeddable":true,"href":"https:\/\/redfoxlotto.com\/no\/wp-json\/wp\/v2\/comments?post=60119"}],"version-history":[{"count":0,"href":"https:\/\/redfoxlotto.com\/no\/wp-json\/wp\/v2\/pages\/60119\/revisions"}],"up":[{"embeddable":true,"href":"https:\/\/redfoxlotto.com\/no\/wp-json\/wp\/v2\/pages\/60108"}],"wp:attachment":[{"href":"https:\/\/redfoxlotto.com\/no\/wp-json\/wp\/v2\/media?parent=60119"}],"curies":[{"name":"wp","href":"https:\/\/api.w.org\/{rel}","templated":true}]}}