{"id":60116,"date":"2023-04-24T17:37:44","date_gmt":"2023-04-24T17:37:44","guid":{"rendered":"https:\/\/redfoxlotto.eu\/?page_id=60116"},"modified":"2025-12-17T09:14:41","modified_gmt":"2025-12-17T09:14:41","slug":"spill","status":"publish","type":"page","link":"https:\/\/redfoxlotto.com\/no\/spille\/spill\/","title":{"rendered":"Spill Mega Millions fra Storbritannia"},"content":{"rendered":"<p><script type=\"application\/ld+json\">\n{\n  \"@context\": \"https:\/\/schema.org\",\n  \"@type\": \"Service\",\n  \"name\": \"Spill Mega Millions p\u00e5 nett\",\n  \"url\": \"https:\/\/redfoxlotto.com\/no\/spille\/mega-millions\/\",\n  \"description\": \"Spill Mega Millions-lotteriet p\u00e5 nett fra hvilket som helst land. Bes\u00f8k RedFoxLotto, velg dine tall og f\u00e5 billettene.\",\n  \"serviceType\": \"Online lotteribillettformidling\",<\/p>\n<p>  \"provider\": {\n    \"@type\": \"Organization\",\n    \"name\": \"RedFoxLotto\",\n    \"url\": \"https:\/\/redfoxlotto.com\/no\/spille\/mega-millions\/\",\n    \"image\": \"https:\/\/redfoxlotto.com\/wp-content\/uploads\/2025\/12\/ticket_scans.jpg\"\n  },<\/p>\n<p>  \"areaServed\": \"Worldwide\",\n  \"termsOfService\": \"https:\/\/redfoxlotto.com\/terms-and-conditions\",<\/p>\n<p>  \"additionalProperty\": {\n    \"@type\": \"PropertyValue\",\n    \"name\": \"FAQ\",\n    \"value\": \"https:\/\/redfoxlotto.com\/no\/faq\/\"\n  },<\/p>\n<p>  \"hasOfferCatalog\": {\n    \"@type\": \"OfferCatalog\",\n    \"name\": \"Mega Millions lotteribilletter\",\n    \"itemListElement\": [{\n      \"@type\": \"Offer\",\n      \"name\": \"Mega Millions billetter\",\n      \"url\": \"https:\/\/redfoxlotto.com\/no\/spille\/mega-millions\/\",\n      \"description\": \"Velg tallene dine for neste Mega Millions-trekning og bestill billetter p\u00e5 nett.\",\n      \"price\": \"13.00\",\n      \"priceCurrency\": \"EUR\",\n      \"availability\": \"https:\/\/schema.org\/InStock\"\n    }]\n  },<\/p>\n<p>  \"mainEntityOfPage\": {\n    \"@type\": \"WebPage\",\n    \"@id\": \"https:\/\/redfoxlotto.com\/no\/spille\/mega-millions\/\"\n  }\n}\n<\/script><\/p>\n<h2><strong>Hvordan spille Mega Millions<\/strong><\/h2>\n<p>Du trenger ikke \u00e5 reise til USA for \u00e5 spille i det amerikanske Mega Millions-lotteriet! Har du hatt lyst til \u00e5 spille dette enormt popul\u00e6re spillet f\u00f8r, men ikke visst hvordan du kan gj\u00f8re det selv? Kanskje du har sett tallene som kommer ut for dette spillet, og du har sett de enorme jackpottene som er tilgjengelige, og du har v\u00e6rt veldig interessert i \u00e5 bli med p\u00e5 det, men du trodde at det bare var begrenset til folk som spilte fra USA.<\/p>\n<p>Det er faktisk ikke tilfelle i det hele tatt. <strong>Du kan ogs\u00e5 spille Mega Millions fra Storbritannia.<\/strong><\/p>\n<p><img loading=\"lazy\" decoding=\"async\" class=\"alignright wp-image-5296\" src=\"https:\/\/content.redfoxlotto.com\/uploads\/sites\/9\/1_play_mega_millions_jackpot.jpg\" alt=\"mega millions online\" width=\"216\" height=\"144\" \/><\/p>\n<p>M\u00e5ten det fungerer p\u00e5 er at vi vil gi deg Mega Millions-loddene dine gjennom v\u00e5r tjeneste, slik at du kan spille Mega Millions online i Norge. Du kan bestille dem p\u00e5 nettstedet v\u00e5rt. Alt du trenger \u00e5 gj\u00f8re er \u00e5 velge hvilke tall du vil ha og hvor mange lodd du vil ha.<\/p>\n<p>Deretter vil en av v\u00e5re agenter i USA kj\u00f8pe loddene (med de tallene du har valgt). Deretter mottar du en e-post fra oss som bekrefter kj\u00f8pet. Vi h\u00e5ndterer ogs\u00e5 utbetalingen av gevinstene dine. Det er virkelig s\u00e5 enkelt for deg \u00e5 kj\u00f8pe lodd. Se v\u00e5r FAQ-seksjon for mer informasjon om tjenesten v\u00e5r.<\/p>\n<h2>Regler for Mega Million Lottery<\/h2>\n<p>Hvis du \u00f8nsker <strong>\u00e5 spille Mega Millions, m\u00e5 du vite hva reglene faktisk er<\/strong>, ikke sant? Vel, det er ikke s\u00e5 vanskelig. Spillerne velger fem tall mellom 1 og 70, samt et tilleggstall fra 1 til 25. Det betyr at det er totalt 6 forskjellige baller som du skal velge tall for.<\/p>\n<p>For \u00e5 vinne jackpoten m\u00e5 alle seks tallene v\u00e6re valgt riktig. For fem riktige hovedtall er premien 1 million dollar. S\u00e5 du kommer fortsatt til \u00e5 f\u00e5 en ganske god utbetaling selv om du ikke f\u00e5r Megaballen.<\/p>\n<h2>Mega Millions-jackpotten<\/h2>\n<p>Mega Millions Lotto er kjent for sine raskt \u00f8kende jackpoter. Dette skyldes p\u00e5 den ene siden at det selges hundrevis av millioner lodd uke etter uke i USA. Men det g\u00e5r ofte flere uker mellom hver gang jackpotten knekkes. Det som er enda bedre, er at jackpoten alltid starter p\u00e5 minst 40 millioner dollar. Den starter vanligvis sakte, med 10-15 millioner dollar per trekning (det er to trekninger i uken).<\/p>\n<p>N\u00e5r ingen vinner toppgevinsten, n\u00e5r man raskt et bel\u00f8p p\u00e5 100 millioner dollar. N\u00e5r denne terskelen er passert, selges det flere lodd enn vanlig. Jackpoten begynner \u00e5 &laquo;eksplodere&raquo;. \u00d8kninger fra 200 millioner til 500 millioner i l\u00f8pet av en uke er helt normalt.<br \/>\nOg hvis jackpotten ikke er vunnet innen 10 uker, vil den til og med overstige bel\u00f8pet p\u00e5 1 milliard dollar, noe som sist skjedde 19.10.2018. Jackpotten ble endelig vunnet av en enkelt vinner den 23.10.2018, <strong>og da var den p\u00e5 1,6 milliarder<\/strong>.<\/p>\n<p>N\u00e5r st\u00f8rrelsen p\u00e5 jackpoten er stor, b\u00f8r du tenke p\u00e5 \u00e5 bestille kupongen din slik at den deltar i flere trekninger p\u00e5 rad. P\u00e5 den m\u00e5ten er du sikker p\u00e5 at du ogs\u00e5 er med i spillet om de neste, enda h\u00f8yere jackpottene.<\/p>\n<p>Det er viktig \u00e5 nevne at jackpotvinneren kan velge mellom to alternativer. Enten velger han \u00e5 motta hele bel\u00f8pet i 30 \u00e5rlige utbetalinger (med en \u00e5rlig \u00f8kning p\u00e5 5% for \u00e5 justere for inflasjon), eller han bestemmer seg for \u00e5 motta en umiddelbar engangsutbetaling. Denne utbetalingen vil v\u00e6re lavere enn hele jackpotbel\u00f8pet, men vinneren trenger ikke \u00e5 bekymre seg for \u00e5 f\u00e5 disse utbetalingene hvert \u00e5r.<\/p>\n<h2>Er denne tjenesten lovlig for spillere fra Norge?<\/h2>\n<p>Hvis du i det hele tatt vurderer dette, lurer du kanskje p\u00e5 om det er noe du kan gj\u00f8re hvis du ikke bor i USA. Mange tror at de m\u00e5 bo i et land som har lotterispillet de \u00f8nsker \u00e5 spille for at de skal kunne spille det. Dette er 100% lovlig for spillere fra alle land, inkludert Storbritannia.<br \/>\n<img loading=\"lazy\" decoding=\"async\" class=\"alignright size-full wp-image-4455\" src=\"https:\/\/content.redfoxlotto.com\/uploads\/sites\/9\/2_ticket_mega_millions.jpg\" alt=\"spill fra Storbritannia\" width=\"212\" height=\"142\" \/><\/p>\n<p>Se trekningen av Mega Millions og Powerball p\u00e5 TV<\/p>\n<p>Sjekk her for \u00e5 finne ut hvor og n\u00e5r du kan se trekningen av Powerball eller Mega Millions. Les mer<\/p>\n<p>I utgangspunktet er det som om du kj\u00f8per et lodd til Mega Millions under et opphold i USA. Siden lodd kan selges til alle over 18 \u00e5r i USA, kan utlendinger vinne lovlig. Til syvende og sist er alt som betyr noe at du har billetten din. Dessuten s\u00f8rger vi for at du f\u00e5r utbetalt det du har vunnet. For st\u00f8rre gevinster (mer enn \u20ac 2500) f\u00e5r du vanligvis en sjekk eller en bankoverf\u00f8ring.<\/p>\n<p>Ved mindre gevinster kan du enkelt f\u00e5 utbetalt gevinsten direkte via nettstedet v\u00e5rt, og du kan beholde dem p\u00e5 kontoen din for \u00e5 kj\u00f8pe flere lodd p\u00e5 et senere tidspunkt, eller du kan overf\u00f8re dem til andre kontoer slik at du kan bruke pengene til hva du m\u00e5tte \u00f8nske. S\u00e5 enkelt er det egentlig. Det er selvf\u00f8lgelig ikke de sm\u00e5 premiene du er interessert i uansett.<\/p>\n<section class=\"layout\" style=\"border: solid 1px; width: 100%;\">\n<div class=\"img-div\" style=\"margin-top: 5px;\"><img decoding=\"async\" class=\"wp-image-17212 alignleft\" style=\"height: 45px; margin: 8px 8px 0px;\" src=\"https:\/\/redfoxlotto.com\/wp-content\/uploads\/sites\/9\/read1.jpg\" alt=\"kj\u00f8p lotteri online\" width=\"\" height=\"\" \/><\/div>\n<div style=\"padding-left: 5px;\">\n<div style=\"font-size: 1.1em;\">\n<p><strong>Se trekningen av Mega Millions og Powerball p\u00e5 TV<\/strong><\/p>\n<p style=\"font-size: 0.8em; margin-top: -1.5em;\">Sjekk her for \u00e5 finne ut hvor og n\u00e5r du kan se trekningen av Powerball eller Mega Millions. <a href=\"https:\/\/redfoxlotto.com\/no\/se-trekningen-av-mega-millions-og-powerball-pa-tv\/\">Les mer<\/a><\/p>\n<\/div>\n<\/div>\n<\/section>\n<p>Selv om du skulle vinne jackpotten n\u00e5r du spiller Mega Millions online fra Norge, m\u00e5 du reise til USA hvor du f\u00e5r sjekken din overlevert personlig. Du vil sikkert v\u00e6re glad og oppr\u00f8mt over \u00e5 ta den turen! De som er ansvarlige for lotto i USA elsker \u00e5 lage et stort show rundt den eller de som vinner jackpotten.<\/p>\n<p>Det betyr at de gjerne overrekker en stor sjekk, tar mange bilder og viser det p\u00e5 TV, men hvis du vinner millioner (eller til og med over en milliard) dollar, er vel ikke det noe problem?<\/p>\n<p>Er den neste Mega Millions-jackpotten reservert for deg? Pr\u00f8v lykken n\u00e5 &#8211; du kan ikke vinne hvis du ikke kj\u00f8per lodd!<\/p>\n<p>&nbsp;<\/p>\n","protected":false},"excerpt":{"rendered":"<p>Hvordan spille Mega Millions Du trenger ikke \u00e5 reise til USA for \u00e5 spille i det amerikanske Mega Millions-lotteriet! Har du hatt lyst til \u00e5 spille dette enormt popul\u00e6re spillet f\u00f8r, men ikke visst hvordan du kan gj\u00f8re det selv? Kanskje du har sett tallene som kommer ut for dette spillet, og du har sett [&hellip;]<\/p>\n","protected":false},"author":1,"featured_media":0,"parent":60108,"menu_order":2,"comment_status":"closed","ping_status":"closed","template":"megamillion.php","meta":{"_et_pb_use_builder":"","_et_pb_old_content":"","_et_gb_content_width":"","exclude_from_search":false,"footnotes":""},"class_list":["post-60116","page","type-page","status-publish","hentry"],"yoast_head":"<!-- This site is optimized with the Yoast SEO plugin v23.8 - https:\/\/yoast.com\/wordpress\/plugins\/seo\/ -->\n<title>Spill lotteri online | Vinn internasjonale lotto jackpotter<\/title>\n<meta name=\"description\" content=\"\u00c5 spille internasjonale lotterier p\u00e5 nettet gir deg flere muligheter og bedre vinnersjanser - finn ut mer om verdens beste lotterier!\" \/>\n<meta name=\"robots\" content=\"index, follow, max-snippet:-1, max-image-preview:large, max-video-preview:-1\" \/>\n<link rel=\"canonical\" href=\"https:\/\/redfoxlotto.com\/no\/spille\/spill\/\" \/>\n<meta property=\"og:locale\" content=\"nb_NO\" \/>\n<meta property=\"og:type\" content=\"article\" \/>\n<meta property=\"og:title\" content=\"Spill lotteri online | Vinn internasjonale lotto jackpotter\" \/>\n<meta property=\"og:description\" content=\"\u00c5 spille internasjonale lotterier p\u00e5 nettet gir deg flere muligheter og bedre vinnersjanser - finn ut mer om verdens beste lotterier!\" \/>\n<meta property=\"og:url\" content=\"https:\/\/redfoxlotto.com\/no\/spille\/spill\/\" \/>\n<meta property=\"og:site_name\" content=\"Get Tickets for the World\u2019s largest jackpots\" \/>\n<meta property=\"article:modified_time\" content=\"2025-12-17T09:14:41+00:00\" \/>\n<meta property=\"og:image\" content=\"https:\/\/content.redfoxlotto.com\/uploads\/sites\/9\/1_play_mega_millions_jackpot.jpg\" \/>\n<meta name=\"twitter:card\" content=\"summary_large_image\" \/>\n<meta name=\"twitter:label1\" content=\"Ansl. lesetid\" \/>\n\t<meta name=\"twitter:data1\" content=\"5 minutter\" \/>\n<script type=\"application\/ld+json\" class=\"yoast-schema-graph\">{\"@context\":\"https:\/\/schema.org\",\"@graph\":[{\"@type\":\"WebPage\",\"@id\":\"https:\/\/redfoxlotto.com\/no\/spille\/spill\/\",\"url\":\"https:\/\/redfoxlotto.com\/no\/spille\/spill\/\",\"name\":\"Spill lotteri online | Vinn internasjonale lotto jackpotter\",\"isPartOf\":{\"@id\":\"https:\/\/redfoxlotto.com\/no\/#website\"},\"primaryImageOfPage\":{\"@id\":\"https:\/\/redfoxlotto.com\/no\/spille\/spill\/#primaryimage\"},\"image\":{\"@id\":\"https:\/\/redfoxlotto.com\/no\/spille\/spill\/#primaryimage\"},\"thumbnailUrl\":\"https:\/\/content.redfoxlotto.com\/uploads\/sites\/9\/1_play_mega_millions_jackpot.jpg\",\"datePublished\":\"2023-04-24T17:37:44+00:00\",\"dateModified\":\"2025-12-17T09:14:41+00:00\",\"description\":\"\u00c5 spille internasjonale lotterier p\u00e5 nettet gir deg flere muligheter og bedre vinnersjanser - finn ut mer om verdens beste lotterier!\",\"breadcrumb\":{\"@id\":\"https:\/\/redfoxlotto.com\/no\/spille\/spill\/#breadcrumb\"},\"inLanguage\":\"nb-NO\",\"potentialAction\":[{\"@type\":\"ReadAction\",\"target\":[\"https:\/\/redfoxlotto.com\/no\/spille\/spill\/\"]}]},{\"@type\":\"ImageObject\",\"inLanguage\":\"nb-NO\",\"@id\":\"https:\/\/redfoxlotto.com\/no\/spille\/spill\/#primaryimage\",\"url\":\"https:\/\/content.redfoxlotto.com\/uploads\/sites\/9\/1_play_mega_millions_jackpot.jpg\",\"contentUrl\":\"https:\/\/content.redfoxlotto.com\/uploads\/sites\/9\/1_play_mega_millions_jackpot.jpg\"},{\"@type\":\"BreadcrumbList\",\"@id\":\"https:\/\/redfoxlotto.com\/no\/spille\/spill\/#breadcrumb\",\"itemListElement\":[{\"@type\":\"ListItem\",\"position\":1,\"name\":\"Home\",\"item\":\"https:\/\/redfoxlotto.com\/no\/\"},{\"@type\":\"ListItem\",\"position\":2,\"name\":\"Hvordan spille lotterier i andre land\",\"item\":\"https:\/\/redfoxlotto.com\/no\/spille\/\"},{\"@type\":\"ListItem\",\"position\":3,\"name\":\"Spill Mega Millions fra Storbritannia\"}]},{\"@type\":\"WebSite\",\"@id\":\"https:\/\/redfoxlotto.com\/no\/#website\",\"url\":\"https:\/\/redfoxlotto.com\/no\/\",\"name\":\"Get Tickets for the World\u2019s largest jackpots\",\"description\":\"Participate in worldwide lottery jackpots from any country\",\"publisher\":{\"@id\":\"https:\/\/redfoxlotto.com\/no\/#organization\"},\"potentialAction\":[{\"@type\":\"SearchAction\",\"target\":{\"@type\":\"EntryPoint\",\"urlTemplate\":\"https:\/\/redfoxlotto.com\/no\/?s={search_term_string}\"},\"query-input\":{\"@type\":\"PropertyValueSpecification\",\"valueRequired\":true,\"valueName\":\"search_term_string\"}}],\"inLanguage\":\"nb-NO\"},{\"@type\":\"Organization\",\"@id\":\"https:\/\/redfoxlotto.com\/no\/#organization\",\"name\":\"Get Tickets for the World\u2019s largest jackpots\",\"url\":\"https:\/\/redfoxlotto.com\/no\/\",\"logo\":{\"@type\":\"ImageObject\",\"inLanguage\":\"nb-NO\",\"@id\":\"https:\/\/redfoxlotto.com\/no\/#\/schema\/logo\/image\/\",\"url\":\"https:\/\/redfoxlotto.com\/wp-content\/uploads\/2023\/04\/logo.png\",\"contentUrl\":\"https:\/\/redfoxlotto.com\/wp-content\/uploads\/2023\/04\/logo.png\",\"width\":269,\"height\":53,\"caption\":\"Get Tickets for the World\u2019s largest jackpots\"},\"image\":{\"@id\":\"https:\/\/redfoxlotto.com\/no\/#\/schema\/logo\/image\/\"}}]}<\/script>\n<!-- \/ Yoast SEO plugin. -->","yoast_head_json":{"title":"Spill lotteri online | Vinn internasjonale lotto jackpotter","description":"\u00c5 spille internasjonale lotterier p\u00e5 nettet gir deg flere muligheter og bedre vinnersjanser - finn ut mer om verdens beste lotterier!","robots":{"index":"index","follow":"follow","max-snippet":"max-snippet:-1","max-image-preview":"max-image-preview:large","max-video-preview":"max-video-preview:-1"},"canonical":"https:\/\/redfoxlotto.com\/no\/spille\/spill\/","og_locale":"nb_NO","og_type":"article","og_title":"Spill lotteri online | Vinn internasjonale lotto jackpotter","og_description":"\u00c5 spille internasjonale lotterier p\u00e5 nettet gir deg flere muligheter og bedre vinnersjanser - finn ut mer om verdens beste lotterier!","og_url":"https:\/\/redfoxlotto.com\/no\/spille\/spill\/","og_site_name":"Get Tickets for the World\u2019s largest jackpots","article_modified_time":"2025-12-17T09:14:41+00:00","og_image":[{"url":"https:\/\/content.redfoxlotto.com\/uploads\/sites\/9\/1_play_mega_millions_jackpot.jpg"}],"twitter_card":"summary_large_image","twitter_misc":{"Ansl. lesetid":"5 minutter"},"schema":{"@context":"https:\/\/schema.org","@graph":[{"@type":"WebPage","@id":"https:\/\/redfoxlotto.com\/no\/spille\/spill\/","url":"https:\/\/redfoxlotto.com\/no\/spille\/spill\/","name":"Spill lotteri online | Vinn internasjonale lotto jackpotter","isPartOf":{"@id":"https:\/\/redfoxlotto.com\/no\/#website"},"primaryImageOfPage":{"@id":"https:\/\/redfoxlotto.com\/no\/spille\/spill\/#primaryimage"},"image":{"@id":"https:\/\/redfoxlotto.com\/no\/spille\/spill\/#primaryimage"},"thumbnailUrl":"https:\/\/content.redfoxlotto.com\/uploads\/sites\/9\/1_play_mega_millions_jackpot.jpg","datePublished":"2023-04-24T17:37:44+00:00","dateModified":"2025-12-17T09:14:41+00:00","description":"\u00c5 spille internasjonale lotterier p\u00e5 nettet gir deg flere muligheter og bedre vinnersjanser - finn ut mer om verdens beste lotterier!","breadcrumb":{"@id":"https:\/\/redfoxlotto.com\/no\/spille\/spill\/#breadcrumb"},"inLanguage":"nb-NO","potentialAction":[{"@type":"ReadAction","target":["https:\/\/redfoxlotto.com\/no\/spille\/spill\/"]}]},{"@type":"ImageObject","inLanguage":"nb-NO","@id":"https:\/\/redfoxlotto.com\/no\/spille\/spill\/#primaryimage","url":"https:\/\/content.redfoxlotto.com\/uploads\/sites\/9\/1_play_mega_millions_jackpot.jpg","contentUrl":"https:\/\/content.redfoxlotto.com\/uploads\/sites\/9\/1_play_mega_millions_jackpot.jpg"},{"@type":"BreadcrumbList","@id":"https:\/\/redfoxlotto.com\/no\/spille\/spill\/#breadcrumb","itemListElement":[{"@type":"ListItem","position":1,"name":"Home","item":"https:\/\/redfoxlotto.com\/no\/"},{"@type":"ListItem","position":2,"name":"Hvordan spille lotterier i andre land","item":"https:\/\/redfoxlotto.com\/no\/spille\/"},{"@type":"ListItem","position":3,"name":"Spill Mega Millions fra Storbritannia"}]},{"@type":"WebSite","@id":"https:\/\/redfoxlotto.com\/no\/#website","url":"https:\/\/redfoxlotto.com\/no\/","name":"Get Tickets for the World\u2019s largest jackpots","description":"Participate in worldwide lottery jackpots from any country","publisher":{"@id":"https:\/\/redfoxlotto.com\/no\/#organization"},"potentialAction":[{"@type":"SearchAction","target":{"@type":"EntryPoint","urlTemplate":"https:\/\/redfoxlotto.com\/no\/?s={search_term_string}"},"query-input":{"@type":"PropertyValueSpecification","valueRequired":true,"valueName":"search_term_string"}}],"inLanguage":"nb-NO"},{"@type":"Organization","@id":"https:\/\/redfoxlotto.com\/no\/#organization","name":"Get Tickets for the World\u2019s largest jackpots","url":"https:\/\/redfoxlotto.com\/no\/","logo":{"@type":"ImageObject","inLanguage":"nb-NO","@id":"https:\/\/redfoxlotto.com\/no\/#\/schema\/logo\/image\/","url":"https:\/\/redfoxlotto.com\/wp-content\/uploads\/2023\/04\/logo.png","contentUrl":"https:\/\/redfoxlotto.com\/wp-content\/uploads\/2023\/04\/logo.png","width":269,"height":53,"caption":"Get Tickets for the World\u2019s largest jackpots"},"image":{"@id":"https:\/\/redfoxlotto.com\/no\/#\/schema\/logo\/image\/"}}]}},"_links":{"self":[{"href":"https:\/\/redfoxlotto.com\/no\/wp-json\/wp\/v2\/pages\/60116","targetHints":{"allow":["GET"]}}],"collection":[{"href":"https:\/\/redfoxlotto.com\/no\/wp-json\/wp\/v2\/pages"}],"about":[{"href":"https:\/\/redfoxlotto.com\/no\/wp-json\/wp\/v2\/types\/page"}],"author":[{"embeddable":true,"href":"https:\/\/redfoxlotto.com\/no\/wp-json\/wp\/v2\/users\/1"}],"replies":[{"embeddable":true,"href":"https:\/\/redfoxlotto.com\/no\/wp-json\/wp\/v2\/comments?post=60116"}],"version-history":[{"count":0,"href":"https:\/\/redfoxlotto.com\/no\/wp-json\/wp\/v2\/pages\/60116\/revisions"}],"up":[{"embeddable":true,"href":"https:\/\/redfoxlotto.com\/no\/wp-json\/wp\/v2\/pages\/60108"}],"wp:attachment":[{"href":"https:\/\/redfoxlotto.com\/no\/wp-json\/wp\/v2\/media?parent=60116"}],"curies":[{"name":"wp","href":"https:\/\/api.w.org\/{rel}","templated":true}]}}