{"id":60108,"date":"2023-04-24T14:10:57","date_gmt":"2023-04-24T14:10:57","guid":{"rendered":"https:\/\/redfoxlotto.eu\/?page_id=60108"},"modified":"2025-12-15T19:20:38","modified_gmt":"2025-12-15T19:20:38","slug":"spille","status":"publish","type":"page","link":"https:\/\/redfoxlotto.com\/no\/spille\/","title":{"rendered":"Hvordan spille lotterier i andre land"},"content":{"rendered":"<p><script type=\"application\/ld+json\">\n{\n  \"@context\": \"https:\/\/schema.org\",\n  \"@type\": \"Service\",\n  \"name\": \"Spill internasjonale lotterier p\u00e5 nett\",\n  \"url\": \"https:\/\/redfoxlotto.com\/no\/spille\/\",\n  \"description\": \"Spill lotteri p\u00e5 nett og vinn internasjonale lottojackpoter.\",\n  \"serviceType\": \"Nettbasert formidlingstjeneste for lotterikuponger\",\n  \"provider\": {\n    \"@type\": \"Organization\",\n    \"name\": \"RedFoxLotto\",\n    \"url\": \"https:\/\/redfoxlotto.com\/no\/spille\/\",\n    \"image\": \"https:\/\/redfoxlotto.com\/wp-content\/uploads\/2025\/12\/ticket_scans.jpg\"\n  },\n  \"areaServed\": \"Over hele verden\",\n  \"termsOfService\": \"https:\/\/redfoxlotto.com\/terms-and-conditions\",\n  \"additionalProperty\": {\n    \"@type\": \"PropertyValue\",\n    \"name\": \"Ofte stilte sp\u00f8rsm\u00e5l\",\n    \"value\": \"https:\/\/redfoxlotto.com\/no\/faq\/\"\n  },\n  \"hasOfferCatalog\": {\n    \"@type\": \"OfferCatalog\",\n    \"name\": \"Internasjonale lotterikuponger\",\n    \"itemListElement\": [\n      {\n        \"@type\": \"Offer\",\n        \"name\": \"Internasjonale lotterikuponger\",\n        \"url\": \"https:\/\/redfoxlotto.com\/no\/spille\/\",\n        \"description\": \"Spill internasjonale lotterier p\u00e5 nett. Jackpoter som Powerball, Mega Millions og Euromillions \u2014 vinn hvor som helst.\",\n        \"availability\": \"https:\/\/schema.org\/InStock\",\n        \"itemOffered\": {\n          \"@type\": \"Service\",\n          \"name\": \"Internasjonale lotterikuponger\",\n          \"description\": \"\u00c5 spille internasjonale lotterier p\u00e5 nett gir deg flere valgmuligheter og bedre vinnersjanser.\"\n        }\n      }\n    ]\n  },\n  \"mainEntityOfPage\": {\n    \"@type\": \"WebPage\",\n    \"@id\": \"https:\/\/redfoxlotto.com\/no\/spille\/\"\n  }\n}\n<\/script><\/p>\n<h2>Flere lotterier og jackpoter for alle \u00e5 spille p\u00e5!<\/h2>\n<p>Gode nyheter for alle lotterifans over hele verden! Du er ikke lenger begrenset til ditt nasjonale lotteri!<\/p>\n<p>Husker du da lotteriet f\u00f8rst begynte \u00e5 bli popul\u00e6rt? Det er egentlig ikke s\u00e5 lenge siden alle begynte \u00e5 spille p\u00e5 lokale og nasjonale lotterier. Men det var alt du hadde lov til \u00e5 gj\u00f8re. Det eneste du i det hele tatt kunne se p\u00e5, var de nasjonale alternativene.<\/p>\n<p>Tidligere ble du nektet tilgang til internasjonale lotterier. Du kunne ikke kj\u00f8pe lodd til disse lotterijackpottene i ditt eget land. Men internett har l\u00f8st det problemet. Her p\u00e5 RedFoxLotto.com kan du n\u00e5 spille en rekke internasjonale lotterier p\u00e5 nettet. Men hvordan spiller du lotto p\u00e5 nettet?<\/p>\n<section class=\"layout\" style=\"border: solid 1px; width: 100%;\">\n<div class=\"img-div\" style=\"margin-top: 5px;\"><img decoding=\"async\" class=\"wp-image-17212 alignleft\" style=\"height: 45px; margin: 8px 8px 0px;\" src=\"https:\/\/redfoxlotto.com\/wp-content\/uploads\/sites\/9\/read1.jpg\" alt=\"buy lottery online\" width=\"\" height=\"\" \/><\/div>\n<div style=\"padding-left: 5px;\">\n<div style=\"font-size: 1.1em;\">\n<p><strong>De beste lotteriene \u00e5 spille p\u00e5<\/strong><\/p>\n<p style=\"font-size: 0.8em; margin-top: -1.5em;\">Ikke spill p\u00e5 hvilket som helst lotteri &#8211; her er de beste lotteriene du kan spille hvor som helst.<br \/>\n<a href=\"https:\/\/redfoxlotto.com\/no\/de-beste-lotteriene-a-spille\/\"> Les mer om dette<\/a><\/p>\n<\/div>\n<\/div>\n<\/section>\n<h2>Kj\u00f8pe lottokuponger<\/h2>\n<p>RedFoxLotto.com er din budtjeneste for lottokuponger uansett hvor du vil ha dem. Vi har faktisk agenter i mange forskjellige land der de store lotteriene arrangeres, og de s\u00f8rger for \u00e5 kj\u00f8pe alle billettene du \u00f8nsker, lokalt.<\/p>\n<p>Deretter kan du som kunde bestille loddene dine fra oss p\u00e5 nettet. Det er bare \u00e5 g\u00e5 inn p\u00e5 nettsiden v\u00e5r, s\u00e5 gir vi deg alle valgmulighetene, akkurat som om du skulle spille de internasjonale lotteriene selv.<\/p>\n<p>Du kan selvf\u00f8lgelig velge dine egne tall. Du bestemmer ogs\u00e5 selv hvor mange tallkombinasjoner du vil spille og hvor mange trekninger kupongen skal gjelde for. Betaling skjer online, for eksempel med kredittkort. S\u00e5 hvis du er klar til \u00e5 velge dine egne tall, klikker du bare p\u00e5 boksene for \u00e5 velge dem. Hvis du vil at vi skal velge tallene, velger du bare alternativet &laquo;Hurtigvalg&raquo;, s\u00e5 gir vi deg tilfeldige tall.<\/p>\n<h2>Hvilke spill du kan spille<\/h2>\n<p>Du kan selvf\u00f8lgelig ogs\u00e5 delta i mer enn ett internasjonalt lotteri samtidig hvis du spiller online. S\u00e5 hvis du blar gjennom alternativene vi har tilgjengelig og finner flere som du er interessert i, er det flott. Vi anbefaler at du velger den til enhver tid st\u00f8rste jackpoten, eller de to st\u00f8rste, eller til og med flere.<\/p>\n<p>Ofte har for eksempel b\u00e5de Powerball US og Mega Millions US gigantiske jackpoter samtidig. Jackpotter p\u00e5 opptil 500 millioner dollar forekommer jevnlig i USA. Det har til og med v\u00e6rt jackpotter p\u00e5 over 1,5 milliarder tidligere.<\/p>\n<p><strong>Faktisk er disse to lotteriene blant de st\u00f8rste i verden<\/strong>. S\u00e5 hvorfor ikke pr\u00f8ve dem og se om du kan v\u00e6re heldig og vinne stort? En annen ting \u00e5 tenke p\u00e5: Et sv\u00e6rt popul\u00e6rt alternativ er \u00e5 spille p\u00e5 de samme tallene i flere lotterier i l\u00f8pet av samme uke.<\/p>\n<p>Hvis du ikke vinner i det ene lotteriet, har du kanskje flaks i det andre? Dette er en smart m\u00e5te \u00e5 \u00f8ke oddsen for at favorittnumrene dine vinner. <strong>Denne metoden gj\u00f8r det enda mer spennende \u00e5 spille lotto!<\/strong><\/p>\n<h2>Hvorfor spille lotto internasjonalt?<\/h2>\n<p><img decoding=\"async\" class=\"size-full wp-image alignright\" src=\"https:\/\/content.redfoxlotto.com\/uploads\/sites\/9\/1_playing_lottery_online.jpg\" alt=\"spill og vinn p\u00e5 nettet\" \/><\/p>\n<p>Alle som spiller internasjonal lotto bruker pengene sine p\u00e5 en smartere m\u00e5te. Noen lottospillere kj\u00f8per lodd til det nasjonale lotteriet uke etter uke, uansett hvor lav jackpotten er. Matematikk og logikk tilsier at det er bedre \u00e5 kj\u00f8pe lodd til et lotteri med en jackpot p\u00e5 200 millioner enn til et med en premie p\u00e5 2 millioner. Dette gjelder selv om prisen p\u00e5 nettlotteriet er h\u00f8yere enn prisen p\u00e5 ditt lokale lotteri.<\/p>\n<p>Du kommer til \u00e5 ha like store vinnersjanser, men hvis du vinner, har du muligheten til \u00e5 vinne noe som er mye st\u00f8rre. Og husk valutakursene du m\u00e5 forholde deg til n\u00e5r du spiller i et internasjonalt lotteri. Du vil ha noe som faktisk kan oversettes til et stort bel\u00f8p i din egen valuta, for n\u00e5r du tar ut gevinsten, vil du ta den ut i din egen valuta.<\/p>\n<p>N\u00e5 m\u00e5 vi gj\u00f8re det klart hva v\u00e5re standarder kommer til \u00e5 v\u00e6re og hvordan kostnadene for billettene dine skal beregnes. For v\u00e5r tjeneste m\u00e5 vi selvf\u00f8lgelig ta en h\u00f8yere pris fordi vi har utgifter. Vi \u00f8nsker ogs\u00e5 \u00e5 tjene penger. Men la oss anta at en lottokupong p\u00e5 nettet<strong> koster 4,50 &#8211; 5,00 \u20ac og har en jackpot p\u00e5 200 millioner.<\/strong> I den nasjonale lotto betaler du <strong>2,00 euro og har en jackpot p\u00e5 10 millioner<\/strong>. Hva er best og mest fornuftig? Svaret p\u00e5 dette sp\u00f8rsm\u00e5let er sannsynligvis \u00e5penbart.<\/p>\n<p><strong>\u00c5 spille lotto internasjonalt<\/strong>, og dermed kunne spille online om st\u00f8rre jackpotter, gir bare s\u00e5 mye mening!<\/p>\n<h2>Hvordan du f\u00e5r betalt<\/h2>\n<p>RedFoxLotto.com s\u00f8rger ogs\u00e5 for at du mottar gevinstene dine. Vi tar forresten ingen provisjon, bortsett fra et lite gebyr ved bankoverf\u00f8ring. Det betyr at du ikke trenger \u00e5 bekymre deg for at vi tar en andel av pengene du vinner.<\/p>\n<p><img loading=\"lazy\" decoding=\"async\" class=\" wp-image alignright\" src=\"https:\/\/content.redfoxlotto.com\/uploads\/sites\/9\/1_mega_lotto_jackpot.jpg\" alt=\"utbetaling online lotteri\" width=\"221\" height=\"192\" \/><\/p>\n<p>N\u00e5r du har betalt for billetten, er alt du har vunnet ditt eget. Den eneste m\u00e5ten vi tar ut noe p\u00e5, er hvis du bestemmer deg for \u00e5 overf\u00f8re pengene til banken din. Da tar vi en liten fast avgift for kostnadene ved bankoverf\u00f8ringen. Resten av pengene f\u00e5r du direkte til deg selv.<\/p>\n<p>Mange av kundene v\u00e5re har allerede vunnet premier gjennom oss. Noen av dem har f\u00e5tt livene sine forandret av bel\u00f8pet de har vunnet! Vi vet at du kommer til \u00e5 ha en stor sjanse til \u00e5 vinne en stor premie eller i det minste f\u00e5 en gevinst som du ikke ville ha f\u00e5tt hvis du bare holdt deg til lotterispillene du kan spille i hjemlandet ditt.<\/p>\n<p>Dette er grunnene til at det blir stadig mer popul\u00e6rt <strong>\u00e5 spille lotto p\u00e5 nettet<\/strong>. Og n\u00e5 er det din tur til \u00e5 vinne en av megajackpottene &#8211; hva venter du p\u00e5? <strong>Du kan bli en stor vinner i l\u00f8pet av kort tid, og det er bare begynnelsen.<\/strong><\/p>\n","protected":false},"excerpt":{"rendered":"<p>Flere lotterier og jackpoter for alle \u00e5 spille p\u00e5! Gode nyheter for alle lotterifans over hele verden! Du er ikke lenger begrenset til ditt nasjonale lotteri! Husker du da lotteriet f\u00f8rst begynte \u00e5 bli popul\u00e6rt? Det er egentlig ikke s\u00e5 lenge siden alle begynte \u00e5 spille p\u00e5 lokale og nasjonale lotterier. Men det var alt [&hellip;]<\/p>\n","protected":false},"author":1,"featured_media":0,"parent":0,"menu_order":2,"comment_status":"closed","ping_status":"closed","template":"Play-all.php","meta":{"_et_pb_use_builder":"","_et_pb_old_content":"","_et_gb_content_width":"","exclude_from_search":false,"footnotes":""},"class_list":["post-60108","page","type-page","status-publish","hentry"],"yoast_head":"<!-- This site is optimized with the Yoast SEO plugin v27.3 - https:\/\/yoast.com\/product\/yoast-seo-wordpress\/ -->\n<title>Spill Mega Millions p\u00e5 nett | Hvordan innbyggere i Norge kan delta i Mega Millions<\/title>\n<meta name=\"description\" content=\"Bestill din Mega Millions kupong her - spill Mega Millions fra Norge eller et hvilket som helst annet land!\" \/>\n<meta name=\"robots\" content=\"index, follow, max-snippet:-1, max-image-preview:large, max-video-preview:-1\" \/>\n<link rel=\"canonical\" href=\"https:\/\/redfoxlotto.com\/no\/spille\/\" \/>\n<meta property=\"og:locale\" content=\"nb_NO\" \/>\n<meta property=\"og:type\" content=\"article\" \/>\n<meta property=\"og:title\" content=\"Spill Mega Millions p\u00e5 nett | Hvordan innbyggere i Norge kan delta i Mega Millions\" \/>\n<meta property=\"og:description\" content=\"Bestill din Mega Millions kupong her - spill Mega Millions fra Norge eller et hvilket som helst annet land!\" \/>\n<meta property=\"og:url\" content=\"https:\/\/redfoxlotto.com\/no\/spille\/\" \/>\n<meta property=\"og:site_name\" content=\"Get Tickets for the World\u2019s largest jackpots\" \/>\n<meta property=\"article:modified_time\" content=\"2025-12-15T19:20:38+00:00\" \/>\n<meta property=\"og:image\" content=\"https:\/\/redfoxlotto.com\/wp-content\/uploads\/sites\/9\/read1.jpg\" \/>\n<meta name=\"twitter:card\" content=\"summary_large_image\" \/>\n<meta name=\"twitter:label1\" content=\"Ansl. lesetid\" \/>\n\t<meta name=\"twitter:data1\" content=\"5 minutter\" \/>\n<script type=\"application\/ld+json\" class=\"yoast-schema-graph\">{\"@context\":\"https:\\\/\\\/schema.org\",\"@graph\":[{\"@type\":\"WebPage\",\"@id\":\"https:\\\/\\\/redfoxlotto.com\\\/no\\\/spille\\\/\",\"url\":\"https:\\\/\\\/redfoxlotto.com\\\/no\\\/spille\\\/\",\"name\":\"Spill Mega Millions p\u00e5 nett | Hvordan innbyggere i Norge kan delta i Mega Millions\",\"isPartOf\":{\"@id\":\"https:\\\/\\\/redfoxlotto.com\\\/no\\\/#website\"},\"primaryImageOfPage\":{\"@id\":\"https:\\\/\\\/redfoxlotto.com\\\/no\\\/spille\\\/#primaryimage\"},\"image\":{\"@id\":\"https:\\\/\\\/redfoxlotto.com\\\/no\\\/spille\\\/#primaryimage\"},\"thumbnailUrl\":\"https:\\\/\\\/redfoxlotto.com\\\/wp-content\\\/uploads\\\/sites\\\/9\\\/read1.jpg\",\"datePublished\":\"2023-04-24T14:10:57+00:00\",\"dateModified\":\"2025-12-15T19:20:38+00:00\",\"description\":\"Bestill din Mega Millions kupong her - spill Mega Millions fra Norge eller et hvilket som helst annet land!\",\"breadcrumb\":{\"@id\":\"https:\\\/\\\/redfoxlotto.com\\\/no\\\/spille\\\/#breadcrumb\"},\"inLanguage\":\"nb-NO\",\"potentialAction\":[{\"@type\":\"ReadAction\",\"target\":[\"https:\\\/\\\/redfoxlotto.com\\\/no\\\/spille\\\/\"]}]},{\"@type\":\"ImageObject\",\"inLanguage\":\"nb-NO\",\"@id\":\"https:\\\/\\\/redfoxlotto.com\\\/no\\\/spille\\\/#primaryimage\",\"url\":\"https:\\\/\\\/redfoxlotto.com\\\/wp-content\\\/uploads\\\/sites\\\/9\\\/read1.jpg\",\"contentUrl\":\"https:\\\/\\\/redfoxlotto.com\\\/wp-content\\\/uploads\\\/sites\\\/9\\\/read1.jpg\"},{\"@type\":\"BreadcrumbList\",\"@id\":\"https:\\\/\\\/redfoxlotto.com\\\/no\\\/spille\\\/#breadcrumb\",\"itemListElement\":[{\"@type\":\"ListItem\",\"position\":1,\"name\":\"Home\",\"item\":\"https:\\\/\\\/redfoxlotto.com\\\/no\\\/\"},{\"@type\":\"ListItem\",\"position\":2,\"name\":\"Hvordan spille lotterier i andre land\"}]},{\"@type\":\"WebSite\",\"@id\":\"https:\\\/\\\/redfoxlotto.com\\\/no\\\/#website\",\"url\":\"https:\\\/\\\/redfoxlotto.com\\\/no\\\/\",\"name\":\"Get Tickets for the World\u2019s largest jackpots\",\"description\":\"Participate in worldwide lottery jackpots from any country\",\"publisher\":{\"@id\":\"https:\\\/\\\/redfoxlotto.com\\\/no\\\/#organization\"},\"potentialAction\":[{\"@type\":\"SearchAction\",\"target\":{\"@type\":\"EntryPoint\",\"urlTemplate\":\"https:\\\/\\\/redfoxlotto.com\\\/no\\\/?s={search_term_string}\"},\"query-input\":{\"@type\":\"PropertyValueSpecification\",\"valueRequired\":true,\"valueName\":\"search_term_string\"}}],\"inLanguage\":\"nb-NO\"},{\"@type\":\"Organization\",\"@id\":\"https:\\\/\\\/redfoxlotto.com\\\/no\\\/#organization\",\"name\":\"Get Tickets for the World\u2019s largest jackpots\",\"url\":\"https:\\\/\\\/redfoxlotto.com\\\/no\\\/\",\"logo\":{\"@type\":\"ImageObject\",\"inLanguage\":\"nb-NO\",\"@id\":\"https:\\\/\\\/redfoxlotto.com\\\/no\\\/#\\\/schema\\\/logo\\\/image\\\/\",\"url\":\"https:\\\/\\\/redfoxlotto.com\\\/wp-content\\\/uploads\\\/2023\\\/04\\\/logo.png\",\"contentUrl\":\"https:\\\/\\\/redfoxlotto.com\\\/wp-content\\\/uploads\\\/2023\\\/04\\\/logo.png\",\"width\":269,\"height\":53,\"caption\":\"Get Tickets for the World\u2019s largest jackpots\"},\"image\":{\"@id\":\"https:\\\/\\\/redfoxlotto.com\\\/no\\\/#\\\/schema\\\/logo\\\/image\\\/\"}}]}<\/script>\n<!-- \/ Yoast SEO plugin. -->","yoast_head_json":{"title":"Spill Mega Millions p\u00e5 nett | Hvordan innbyggere i Norge kan delta i Mega Millions","description":"Bestill din Mega Millions kupong her - spill Mega Millions fra Norge eller et hvilket som helst annet land!","robots":{"index":"index","follow":"follow","max-snippet":"max-snippet:-1","max-image-preview":"max-image-preview:large","max-video-preview":"max-video-preview:-1"},"canonical":"https:\/\/redfoxlotto.com\/no\/spille\/","og_locale":"nb_NO","og_type":"article","og_title":"Spill Mega Millions p\u00e5 nett | Hvordan innbyggere i Norge kan delta i Mega Millions","og_description":"Bestill din Mega Millions kupong her - spill Mega Millions fra Norge eller et hvilket som helst annet land!","og_url":"https:\/\/redfoxlotto.com\/no\/spille\/","og_site_name":"Get Tickets for the World\u2019s largest jackpots","article_modified_time":"2025-12-15T19:20:38+00:00","og_image":[{"url":"https:\/\/redfoxlotto.com\/wp-content\/uploads\/sites\/9\/read1.jpg","type":"","width":"","height":""}],"twitter_card":"summary_large_image","twitter_misc":{"Ansl. lesetid":"5 minutter"},"schema":{"@context":"https:\/\/schema.org","@graph":[{"@type":"WebPage","@id":"https:\/\/redfoxlotto.com\/no\/spille\/","url":"https:\/\/redfoxlotto.com\/no\/spille\/","name":"Spill Mega Millions p\u00e5 nett | Hvordan innbyggere i Norge kan delta i Mega Millions","isPartOf":{"@id":"https:\/\/redfoxlotto.com\/no\/#website"},"primaryImageOfPage":{"@id":"https:\/\/redfoxlotto.com\/no\/spille\/#primaryimage"},"image":{"@id":"https:\/\/redfoxlotto.com\/no\/spille\/#primaryimage"},"thumbnailUrl":"https:\/\/redfoxlotto.com\/wp-content\/uploads\/sites\/9\/read1.jpg","datePublished":"2023-04-24T14:10:57+00:00","dateModified":"2025-12-15T19:20:38+00:00","description":"Bestill din Mega Millions kupong her - spill Mega Millions fra Norge eller et hvilket som helst annet land!","breadcrumb":{"@id":"https:\/\/redfoxlotto.com\/no\/spille\/#breadcrumb"},"inLanguage":"nb-NO","potentialAction":[{"@type":"ReadAction","target":["https:\/\/redfoxlotto.com\/no\/spille\/"]}]},{"@type":"ImageObject","inLanguage":"nb-NO","@id":"https:\/\/redfoxlotto.com\/no\/spille\/#primaryimage","url":"https:\/\/redfoxlotto.com\/wp-content\/uploads\/sites\/9\/read1.jpg","contentUrl":"https:\/\/redfoxlotto.com\/wp-content\/uploads\/sites\/9\/read1.jpg"},{"@type":"BreadcrumbList","@id":"https:\/\/redfoxlotto.com\/no\/spille\/#breadcrumb","itemListElement":[{"@type":"ListItem","position":1,"name":"Home","item":"https:\/\/redfoxlotto.com\/no\/"},{"@type":"ListItem","position":2,"name":"Hvordan spille lotterier i andre land"}]},{"@type":"WebSite","@id":"https:\/\/redfoxlotto.com\/no\/#website","url":"https:\/\/redfoxlotto.com\/no\/","name":"Get Tickets for the World\u2019s largest jackpots","description":"Participate in worldwide lottery jackpots from any country","publisher":{"@id":"https:\/\/redfoxlotto.com\/no\/#organization"},"potentialAction":[{"@type":"SearchAction","target":{"@type":"EntryPoint","urlTemplate":"https:\/\/redfoxlotto.com\/no\/?s={search_term_string}"},"query-input":{"@type":"PropertyValueSpecification","valueRequired":true,"valueName":"search_term_string"}}],"inLanguage":"nb-NO"},{"@type":"Organization","@id":"https:\/\/redfoxlotto.com\/no\/#organization","name":"Get Tickets for the World\u2019s largest jackpots","url":"https:\/\/redfoxlotto.com\/no\/","logo":{"@type":"ImageObject","inLanguage":"nb-NO","@id":"https:\/\/redfoxlotto.com\/no\/#\/schema\/logo\/image\/","url":"https:\/\/redfoxlotto.com\/wp-content\/uploads\/2023\/04\/logo.png","contentUrl":"https:\/\/redfoxlotto.com\/wp-content\/uploads\/2023\/04\/logo.png","width":269,"height":53,"caption":"Get Tickets for the World\u2019s largest jackpots"},"image":{"@id":"https:\/\/redfoxlotto.com\/no\/#\/schema\/logo\/image\/"}}]}},"_links":{"self":[{"href":"https:\/\/redfoxlotto.com\/no\/wp-json\/wp\/v2\/pages\/60108","targetHints":{"allow":["GET"]}}],"collection":[{"href":"https:\/\/redfoxlotto.com\/no\/wp-json\/wp\/v2\/pages"}],"about":[{"href":"https:\/\/redfoxlotto.com\/no\/wp-json\/wp\/v2\/types\/page"}],"author":[{"embeddable":true,"href":"https:\/\/redfoxlotto.com\/no\/wp-json\/wp\/v2\/users\/1"}],"replies":[{"embeddable":true,"href":"https:\/\/redfoxlotto.com\/no\/wp-json\/wp\/v2\/comments?post=60108"}],"version-history":[{"count":0,"href":"https:\/\/redfoxlotto.com\/no\/wp-json\/wp\/v2\/pages\/60108\/revisions"}],"wp:attachment":[{"href":"https:\/\/redfoxlotto.com\/no\/wp-json\/wp\/v2\/media?parent=60108"}],"curies":[{"name":"wp","href":"https:\/\/api.w.org\/{rel}","templated":true}]}}