{"id":50579,"date":"2023-04-13T18:01:41","date_gmt":"2023-04-13T18:01:41","guid":{"rendered":"https:\/\/redfoxlotto.eu\/?page_id=50579"},"modified":"2026-01-06T08:55:37","modified_gmt":"2026-01-06T08:55:37","slug":"home","status":"publish","type":"page","link":"https:\/\/redfoxlotto.com\/no\/","title":{"rendered":"Hjemlandet ditt spiller ingen rolle, spill de st\u00f8rste lotteriene i verden"},"content":{"rendered":"<p><script type=\"application\/ld+json\">\n{\n  \"@context\": \"https:\/\/schema.org\",\n  \"@type\": \"Service\",\n  \"name\": \"Spill Powerball p\u00e5 nett\",\n  \"url\": \"https:\/\/redfoxlotto.com\/no\/\",\n  \"description\": \"Verdens st\u00f8rste lottejackpoter tilgjengelig hvor som helst \u2013 kj\u00f8p lottokuponger p\u00e5 nett n\u00e5!\",\n  \"serviceType\": \"Nettbasert formidlingstjeneste for lottokuponger\",\n  \"provider\": {\n    \"@type\": \"Organization\",\n    \"name\": \"RedFoxLotto\",\n    \"url\": \"https:\/\/redfoxlotto.com\/no\/\",\n    \"image\": \"https:\/\/redfoxlotto.com\/wp-content\/uploads\/2025\/12\/ticket_scans.jpg\"\n  },\n  \"areaServed\": \"Over hele verden\",\n  \"termsOfService\": \"https:\/\/redfoxlotto.com\/terms-and-conditions\",\n  \"additionalProperty\": {\n    \"@type\": \"PropertyValue\",\n    \"name\": \"Ofte stilte sp\u00f8rsm\u00e5l\",\n    \"value\": \"https:\/\/redfoxlotto.com\/no\/faq\/\"\n  },\n  \"hasOfferCatalog\": {\n    \"@type\": \"OfferCatalog\",\n    \"name\": \"Lottokuponger for internasjonale lotterier\",\n    \"itemListElement\": [\n      {\n        \"@type\": \"Offer\",\n        \"name\": \"Kuponger for Powerball, Mega Millions, Euromillions og flere\",\n        \"url\": \"https:\/\/redfoxlotto.com\/no\/\",\n        \"description\": \"Kj\u00f8p kuponger til verdens st\u00f8rste lottejackpoter.\",\n        \"availability\": \"https:\/\/schema.org\/InStock\",\n        \"itemOffered\": {\n          \"@type\": \"Service\",\n          \"name\": \"Internasjonale lottokuponger\",\n          \"description\": \"Delta i internasjonale lotterier via RedFoxLotto.\"\n        }\n      }\n    ]\n  },\n  \"mainEntityOfPage\": {\n    \"@type\": \"WebPage\",\n    \"@id\": \"https:\/\/redfoxlotto.com\/no\/\"\n  }\n}\n<\/script><\/p>\n<h2>Din bostedsland spiller ingen rolle \u2013 spill de st\u00f8rste lotteriene i verden<\/h2>\n<p><img loading=\"lazy\" decoding=\"async\" class=\"size-full wp-image-4467 alignright\" src=\"https:\/\/redfoxlotto.com\/wp-content\/uploads\/2024\/03\/Balls_2.png\" alt=\"online lotteribillet\" width=\"212\" height=\"250\" \/>Hvor mange ganger har du h\u00f8rt om lotterivinnere over hele verden som har vunnet enorme pengesummer? Dessverre ble disse enorme gevinstene hovedsakelig oppn\u00e5dd i andre land. Selv i ditt eget land dukker det opp store jackpotter fra tid til annen, men det tar ofte ganske lang tid f\u00f8r en jackpot blir stor nok. S\u00e5 hvis du venter p\u00e5 en stor jackpot, kan det hende du m\u00e5 vente en stund.<\/p>\n<p>N\u00e5 kan du kj\u00f8pe lotteribilletter p\u00e5 nettet for verdens st\u00f8rste jackpoter. Dette betyr at du kan delta i lotterier utenfor ditt eget land. Dette er helt lovlig og sv\u00e6rt praktisk. Du kan bestille billetten din p\u00e5 nettet med noen f\u00e5 klikk og betale, for eksempel med kredittkort gjennom en fullstendig sikker prosess. Alternativt kan du bruke en av v\u00e5re andre betalingsmetoder. Du vil snart motta en bekreftelses-e-post. Ingen lottobilletter kan g\u00e5 tapt, og vi varsler deg automatisk om enhver gevinst. P\u00e5 den m\u00e5ten g\u00e5r du ikke glipp av en gevinst fordi du glemte \u00e5 sjekke tallene dine.<\/p>\n<h2>Den st\u00f8rste fordelen med \u00e5 kj\u00f8pe lottobilletter p\u00e5 nettet<\/h2>\n<p>Den st\u00f8rste fordelen er at du alltid kan kj\u00f8pe billetter til lotterier som for \u00f8yeblikket har de h\u00f8yeste jackpottene. Det spiller ingen rolle hvor mye penger du bruker p\u00e5 billetter. Det er definitivt mer \u00f8konomisk \u00e5 investere i en jackpot p\u00e5 150 millioner enn i en utbetaling p\u00e5 to millioner. Med flere lotterier tilgjengelig p\u00e5 nettet vil du finne minst \u00e9n enorm jackpot hver uke, noe som gir et bedre kostnads-til-potensiell-gevinst-forhold enn ditt lokale lotteri. Noen ganger kan disse jackpottene n\u00e5 svimlende niv\u00e5er.<\/p>\n<p>Verdensrekord-jackpotten er p\u00e5 2.040.000.000 dollar (juli 2023). Den ble vunnet 22. november 2022 i den amerikanske Powerball-lotteriet. 13. januar 2016 var det en annen jackpot p\u00e5 1,586 milliarder dollar, ogs\u00e5 vunnet i amerikansk Powerball. Den tredje h\u00f8yeste jackpoten noensinne ble vunnet i Mega Millions-lotteriet 23. oktober 2018, hvor en heldig vinner fikk 1,537 milliarder dollar.<\/p>\n<p>Mange av de tidligere store gevinstene i disse lotteriene ble oppn\u00e5dd med online billettkj\u00f8p.<\/p>\n<h2>Hva skjer etter at jeg bestiller billetten p\u00e5 nettet?<\/h2>\n<p><img loading=\"lazy\" decoding=\"async\" class=\"size-medium wp-image-39298 alignright\" src=\"https:\/\/redfoxlotto.com\/wp-content\/uploads\/2023\/04\/1_play_online_lotto.jpg\" alt=\"spill lotto p\u00e5 nettet\" width=\"300\" height=\"300\" \/>Tjenesten fra RedFoxLotto.com inneb\u00e6rer at vi har ansatte i landene for de forskjellige lotteriene. De kj\u00f8per de billettene du bestilte. Dette er ekte, offisielle lotteribilletter med tallene du valgte. Etter kj\u00f8pet mottar du en bekreftelses-e-post. I kundesonen kan du se bestillingen din og kontrollere tallene dine. Kort tid etter bestillingen vil en skannet kopi av billetten bli lastet opp til kontoen din.<\/p>\n<h2>Hva om jeg vinner?<\/h2>\n<p>Alle gevinster under \u20ac2 500 vil bli kreditert umiddelbart til RedFoxLotto-kontoen din. For gevinster over \u20ac2 500 vil kundeservice kontakte deg for \u00e5 arrangere utbetalingen, og kontakte den relevante lotterikommisjonen p\u00e5 dine vegne. En slik utbetaling skjer vanligvis direkte til bankkontoen din eller med sjekk.<\/p>\n<p>Vi behandler gevinstene dine gratis, bortsett fra et lite gebyr for bankoverf\u00f8ringer til visse banker.<\/p>\n<p>For mer informasjon, se v\u00e5re FAQ eller kontakt kundest\u00f8tte. Det er ikke lenger grunn til \u00e5 n\u00f8ye seg med mindre jackpotter \u2013 velg en st\u00f8rre jackpot og bli neste lotteri-multimillion\u00e6r!<\/p>\n","protected":false},"excerpt":{"rendered":"<p>Din bostedsland spiller ingen rolle \u2013 spill de st\u00f8rste lotteriene i verden Hvor mange ganger har du h\u00f8rt om lotterivinnere over hele verden som har vunnet enorme pengesummer? Dessverre ble disse enorme gevinstene hovedsakelig oppn\u00e5dd i andre land. Selv i ditt eget land dukker det opp store jackpotter fra tid til annen, men det tar [&hellip;]<\/p>\n","protected":false},"author":1,"featured_media":0,"parent":0,"menu_order":1,"comment_status":"closed","ping_status":"closed","template":"lotto.php","meta":{"_et_pb_use_builder":"","_et_pb_old_content":"","_et_gb_content_width":"","exclude_from_search":false,"footnotes":""},"class_list":["post-50579","page","type-page","status-publish","hentry"],"yoast_head":"<!-- This site is optimized with the Yoast SEO plugin v23.8 - https:\/\/yoast.com\/wordpress\/plugins\/seo\/ -->\n<title>Lotteri online | Kj\u00f8p billetter til verdens st\u00f8rste lotto jackpotter<\/title>\n<meta name=\"description\" content=\"Verdens st\u00f8rste lotto-jackpotter tilgjengelig hvor som helst - kj\u00f8p loddene dine online n\u00e5!\" \/>\n<meta name=\"robots\" content=\"index, follow, max-snippet:-1, max-image-preview:large, max-video-preview:-1\" \/>\n<link rel=\"canonical\" href=\"https:\/\/redfoxlotto.com\/no\/\" \/>\n<meta property=\"og:locale\" content=\"nb_NO\" \/>\n<meta property=\"og:type\" content=\"article\" \/>\n<meta property=\"og:title\" content=\"Lotteri online | Kj\u00f8p billetter til verdens st\u00f8rste lotto jackpotter\" \/>\n<meta property=\"og:description\" content=\"Verdens st\u00f8rste lotto-jackpotter tilgjengelig hvor som helst - kj\u00f8p loddene dine online n\u00e5!\" \/>\n<meta property=\"og:url\" content=\"https:\/\/redfoxlotto.com\/no\/\" \/>\n<meta property=\"og:site_name\" content=\"Get Tickets for the World\u2019s largest jackpots\" \/>\n<meta property=\"article:modified_time\" content=\"2026-01-06T08:55:37+00:00\" \/>\n<meta property=\"og:image\" content=\"https:\/\/redfoxlotto.com\/wp-content\/uploads\/2024\/03\/Balls_2.png\" \/>\n<meta name=\"twitter:card\" content=\"summary_large_image\" \/>\n<meta name=\"twitter:label1\" content=\"Ansl. lesetid\" \/>\n\t<meta name=\"twitter:data1\" content=\"4 minutter\" \/>\n<script type=\"application\/ld+json\" class=\"yoast-schema-graph\">{\"@context\":\"https:\/\/schema.org\",\"@graph\":[{\"@type\":\"WebPage\",\"@id\":\"https:\/\/redfoxlotto.com\/no\/\",\"url\":\"https:\/\/redfoxlotto.com\/no\/\",\"name\":\"Lotteri online | Kj\u00f8p billetter til verdens st\u00f8rste lotto jackpotter\",\"isPartOf\":{\"@id\":\"https:\/\/redfoxlotto.com\/no\/#website\"},\"primaryImageOfPage\":{\"@id\":\"https:\/\/redfoxlotto.com\/no\/#primaryimage\"},\"image\":{\"@id\":\"https:\/\/redfoxlotto.com\/no\/#primaryimage\"},\"thumbnailUrl\":\"https:\/\/redfoxlotto.com\/wp-content\/uploads\/2024\/03\/Balls_2.png\",\"datePublished\":\"2023-04-13T18:01:41+00:00\",\"dateModified\":\"2026-01-06T08:55:37+00:00\",\"description\":\"Verdens st\u00f8rste lotto-jackpotter tilgjengelig hvor som helst - kj\u00f8p loddene dine online n\u00e5!\",\"breadcrumb\":{\"@id\":\"https:\/\/redfoxlotto.com\/no\/#breadcrumb\"},\"inLanguage\":\"nb-NO\",\"potentialAction\":[{\"@type\":\"ReadAction\",\"target\":[\"https:\/\/redfoxlotto.com\/no\/\"]}]},{\"@type\":\"ImageObject\",\"inLanguage\":\"nb-NO\",\"@id\":\"https:\/\/redfoxlotto.com\/no\/#primaryimage\",\"url\":\"https:\/\/redfoxlotto.com\/wp-content\/uploads\/2024\/03\/Balls_2.png\",\"contentUrl\":\"https:\/\/redfoxlotto.com\/wp-content\/uploads\/2024\/03\/Balls_2.png\"},{\"@type\":\"BreadcrumbList\",\"@id\":\"https:\/\/redfoxlotto.com\/no\/#breadcrumb\",\"itemListElement\":[{\"@type\":\"ListItem\",\"position\":1,\"name\":\"Home\",\"item\":\"https:\/\/redfoxlotto.com\/no\/\"},{\"@type\":\"ListItem\",\"position\":2,\"name\":\"Hjemlandet ditt spiller ingen rolle, spill de st\u00f8rste lotteriene i verden\"}]},{\"@type\":\"WebSite\",\"@id\":\"https:\/\/redfoxlotto.com\/no\/#website\",\"url\":\"https:\/\/redfoxlotto.com\/no\/\",\"name\":\"Get Tickets for the World\u2019s largest jackpots\",\"description\":\"Participate in worldwide lottery jackpots from any country\",\"publisher\":{\"@id\":\"https:\/\/redfoxlotto.com\/no\/#organization\"},\"potentialAction\":[{\"@type\":\"SearchAction\",\"target\":{\"@type\":\"EntryPoint\",\"urlTemplate\":\"https:\/\/redfoxlotto.com\/no\/?s={search_term_string}\"},\"query-input\":{\"@type\":\"PropertyValueSpecification\",\"valueRequired\":true,\"valueName\":\"search_term_string\"}}],\"inLanguage\":\"nb-NO\"},{\"@type\":\"Organization\",\"@id\":\"https:\/\/redfoxlotto.com\/no\/#organization\",\"name\":\"Get Tickets for the World\u2019s largest jackpots\",\"url\":\"https:\/\/redfoxlotto.com\/no\/\",\"logo\":{\"@type\":\"ImageObject\",\"inLanguage\":\"nb-NO\",\"@id\":\"https:\/\/redfoxlotto.com\/no\/#\/schema\/logo\/image\/\",\"url\":\"https:\/\/redfoxlotto.com\/wp-content\/uploads\/2023\/04\/logo.png\",\"contentUrl\":\"https:\/\/redfoxlotto.com\/wp-content\/uploads\/2023\/04\/logo.png\",\"width\":269,\"height\":53,\"caption\":\"Get Tickets for the World\u2019s largest jackpots\"},\"image\":{\"@id\":\"https:\/\/redfoxlotto.com\/no\/#\/schema\/logo\/image\/\"}}]}<\/script>\n<!-- \/ Yoast SEO plugin. -->","yoast_head_json":{"title":"Lotteri online | Kj\u00f8p billetter til verdens st\u00f8rste lotto jackpotter","description":"Verdens st\u00f8rste lotto-jackpotter tilgjengelig hvor som helst - kj\u00f8p loddene dine online n\u00e5!","robots":{"index":"index","follow":"follow","max-snippet":"max-snippet:-1","max-image-preview":"max-image-preview:large","max-video-preview":"max-video-preview:-1"},"canonical":"https:\/\/redfoxlotto.com\/no\/","og_locale":"nb_NO","og_type":"article","og_title":"Lotteri online | Kj\u00f8p billetter til verdens st\u00f8rste lotto jackpotter","og_description":"Verdens st\u00f8rste lotto-jackpotter tilgjengelig hvor som helst - kj\u00f8p loddene dine online n\u00e5!","og_url":"https:\/\/redfoxlotto.com\/no\/","og_site_name":"Get Tickets for the World\u2019s largest jackpots","article_modified_time":"2026-01-06T08:55:37+00:00","og_image":[{"url":"https:\/\/redfoxlotto.com\/wp-content\/uploads\/2024\/03\/Balls_2.png"}],"twitter_card":"summary_large_image","twitter_misc":{"Ansl. lesetid":"4 minutter"},"schema":{"@context":"https:\/\/schema.org","@graph":[{"@type":"WebPage","@id":"https:\/\/redfoxlotto.com\/no\/","url":"https:\/\/redfoxlotto.com\/no\/","name":"Lotteri online | Kj\u00f8p billetter til verdens st\u00f8rste lotto jackpotter","isPartOf":{"@id":"https:\/\/redfoxlotto.com\/no\/#website"},"primaryImageOfPage":{"@id":"https:\/\/redfoxlotto.com\/no\/#primaryimage"},"image":{"@id":"https:\/\/redfoxlotto.com\/no\/#primaryimage"},"thumbnailUrl":"https:\/\/redfoxlotto.com\/wp-content\/uploads\/2024\/03\/Balls_2.png","datePublished":"2023-04-13T18:01:41+00:00","dateModified":"2026-01-06T08:55:37+00:00","description":"Verdens st\u00f8rste lotto-jackpotter tilgjengelig hvor som helst - kj\u00f8p loddene dine online n\u00e5!","breadcrumb":{"@id":"https:\/\/redfoxlotto.com\/no\/#breadcrumb"},"inLanguage":"nb-NO","potentialAction":[{"@type":"ReadAction","target":["https:\/\/redfoxlotto.com\/no\/"]}]},{"@type":"ImageObject","inLanguage":"nb-NO","@id":"https:\/\/redfoxlotto.com\/no\/#primaryimage","url":"https:\/\/redfoxlotto.com\/wp-content\/uploads\/2024\/03\/Balls_2.png","contentUrl":"https:\/\/redfoxlotto.com\/wp-content\/uploads\/2024\/03\/Balls_2.png"},{"@type":"BreadcrumbList","@id":"https:\/\/redfoxlotto.com\/no\/#breadcrumb","itemListElement":[{"@type":"ListItem","position":1,"name":"Home","item":"https:\/\/redfoxlotto.com\/no\/"},{"@type":"ListItem","position":2,"name":"Hjemlandet ditt spiller ingen rolle, spill de st\u00f8rste lotteriene i verden"}]},{"@type":"WebSite","@id":"https:\/\/redfoxlotto.com\/no\/#website","url":"https:\/\/redfoxlotto.com\/no\/","name":"Get Tickets for the World\u2019s largest jackpots","description":"Participate in worldwide lottery jackpots from any country","publisher":{"@id":"https:\/\/redfoxlotto.com\/no\/#organization"},"potentialAction":[{"@type":"SearchAction","target":{"@type":"EntryPoint","urlTemplate":"https:\/\/redfoxlotto.com\/no\/?s={search_term_string}"},"query-input":{"@type":"PropertyValueSpecification","valueRequired":true,"valueName":"search_term_string"}}],"inLanguage":"nb-NO"},{"@type":"Organization","@id":"https:\/\/redfoxlotto.com\/no\/#organization","name":"Get Tickets for the World\u2019s largest jackpots","url":"https:\/\/redfoxlotto.com\/no\/","logo":{"@type":"ImageObject","inLanguage":"nb-NO","@id":"https:\/\/redfoxlotto.com\/no\/#\/schema\/logo\/image\/","url":"https:\/\/redfoxlotto.com\/wp-content\/uploads\/2023\/04\/logo.png","contentUrl":"https:\/\/redfoxlotto.com\/wp-content\/uploads\/2023\/04\/logo.png","width":269,"height":53,"caption":"Get Tickets for the World\u2019s largest jackpots"},"image":{"@id":"https:\/\/redfoxlotto.com\/no\/#\/schema\/logo\/image\/"}}]}},"_links":{"self":[{"href":"https:\/\/redfoxlotto.com\/no\/wp-json\/wp\/v2\/pages\/50579","targetHints":{"allow":["GET"]}}],"collection":[{"href":"https:\/\/redfoxlotto.com\/no\/wp-json\/wp\/v2\/pages"}],"about":[{"href":"https:\/\/redfoxlotto.com\/no\/wp-json\/wp\/v2\/types\/page"}],"author":[{"embeddable":true,"href":"https:\/\/redfoxlotto.com\/no\/wp-json\/wp\/v2\/users\/1"}],"replies":[{"embeddable":true,"href":"https:\/\/redfoxlotto.com\/no\/wp-json\/wp\/v2\/comments?post=50579"}],"version-history":[{"count":0,"href":"https:\/\/redfoxlotto.com\/no\/wp-json\/wp\/v2\/pages\/50579\/revisions"}],"wp:attachment":[{"href":"https:\/\/redfoxlotto.com\/no\/wp-json\/wp\/v2\/media?parent=50579"}],"curies":[{"name":"wp","href":"https:\/\/api.w.org\/{rel}","templated":true}]}}