{"id":102351,"date":"2025-02-12T11:20:21","date_gmt":"2025-02-12T11:20:21","guid":{"rendered":"https:\/\/redfoxlotto.com\/?page_id=102351"},"modified":"2026-01-12T10:23:23","modified_gmt":"2026-01-12T10:23:23","slug":"vinnersjansene-i-keno","status":"publish","type":"page","link":"https:\/\/redfoxlotto.com\/no\/keno\/vinnersjansene-i-keno\/","title":{"rendered":"Vinnertallene i Gold Keno"},"content":{"rendered":"<h2>Jackpotten p\u00e5 2 millioner euro venter p\u00e5 deg i Gold Keno.<\/h2>\n<p><img loading=\"lazy\" decoding=\"async\" class=\"size-medium wp-image-93652 alignright\" src=\"https:\/\/redfoxlotto.com\/wp-content\/uploads\/2025\/09\/gold-keno-win-2-300x300.jpg\" alt=\"gold keno\" width=\"300\" height=\"300\" \/><br \/>\nGold Keno er et online lotterispill som er veldig underholdende \u00e5 spille. Alle som spiller kan vinne den fantastiske hovedpremien p\u00e5 2 millioner euro. Det er lett \u00e5 forst\u00e5 hvorfor Gold Keno er s\u00e5 popul\u00e6rt: hver trekning gir deg en reell sjanse til \u00e5 vinne mye penger som kan forandre livet ditt til det bedre. Det morsomme med dette spillet er at det har raske trekning, fair play og sjansen til \u00e5 vinne jackpotten p\u00e5 to millioner euro. Dette gjelder uansett om du spiller for moro skyld eller \u00f8nsker \u00e5 tjene mye penger.<\/p>\n<h2>En guide til oddsen for \u00e5 spille Gold Keno<\/h2>\n<p>I Gold Keno blir 20 tall valgt tilfeldig fra en pool p\u00e5 \u00e5tti. Spillerne velger sine egne tall, og premiebel\u00f8pet avhenger av hvor mange ganger valgene deres stemmer overens med trekningen. \u00c5 legge til en multiplikator \u00f8ker den mulige utbetalingen. Dette betyr at billetter som koster mer, vil vinne st\u00f8rre premier.<\/p>\n<p>N\u00e5r du har flere valgmuligheter, har du st\u00f8rre sjanse for \u00e5 f\u00e5 en st\u00f8rre utbetaling, men n\u00e5r du har f\u00e6rre valgmuligheter, har du st\u00f8rre sjanse for \u00e5 f\u00e5 en mindre utbetaling. Oddsen for \u00e5 vinne i keno er basert p\u00e5 denne balansen: flere valg betyr st\u00f8rre premier, men vanskeligere odds, mens f\u00e6rre valg gj\u00f8r det enklere \u00e5 vinne. Hvis du bruker multiplikatoren, kan du vinne hovedpremien p\u00e5 to millioner euro.<\/p>\n<h2>N\u00f8kkelen til \u00e5 vinne mer er \u00e5 bruke multiplikatorer.<\/h2>\n<p>Du kan vinne toppremien p\u00e5 2 millioner euro i Gold Keno p\u00e5 grunn av multiplikatorfunksjonen. For eksempel:<\/p>\n<p>Hvis den h\u00f8yeste multiplikatoren er satt til 5x, vil en kupong med en multiplikator p\u00e5 1x gi deg 20 % av den st\u00f8rste premien. Hvis spillerne satser med den st\u00f8rste multiplikatoren, kan de f\u00e5 full tilgang til premiepotten, som er verdt mer enn 2 millioner euro.<\/p>\n<p>Denne teknikken gir spillerne en annen m\u00e5te \u00e5 endre vinnersjansene p\u00e5 i keno. Det gir b\u00e5de forsiktige spillere og risikotakere en rettferdig m\u00e5te \u00e5 spille p\u00e5.<\/p>\n<h2>Kontanter og innskudd brukes til transaksjoner.<\/h2>\n<p>Du m\u00e5 sette inn penger p\u00e5 kontoen din og kj\u00f8pe billetter online for \u00e5 spille Gold Keno. Transaksjonene er raske, sikre og enkle \u00e5 forst\u00e5, s\u00e5 du kan delta i hvilken som helst trekning med en gang.<\/p>\n<h2>Det er mange Gold Keno-trekninger p\u00e5 gang<\/h2>\n<p>Du trenger ikke \u00e5 vente p\u00e5 \u00e5 spille Gold Keno, slik du m\u00e5 med andre lotterier. Hvert par minutter er det nye trekninger, noe som gj\u00f8r kampen om toppremien p\u00e5 2 millioner euro til et morsomt og uendelig eventyr. Fordi det er s\u00e5 mange trekninger, blir vinnersjansene i keno testet om og om igjen, noe som gj\u00f8r spillet underholdende.<\/p>\n<h2>En tilfeldig tallgenerator (RNG) for rettferdig spill<\/h2>\n<p>For \u00e5 sikre at hver Gold Keno-trekning er rettferdig, bruker vi en validert tilfeldig tallgenerator (RNG). Fordi hvert resultat er helt tilfeldig, er sjansen for \u00e5 vinne premien p\u00e5 2 millioner euro ikke basert p\u00e5 gjetning, men p\u00e5 tilfeldigheter. Dette sikrer at alle har samme sjanse til \u00e5 vinne i keno.<\/p>\n<h2>Sjekke gevinstene dine og ta dem med deg<\/h2>\n<p>Spillere kan se resultatene umiddelbart i delen \u00abMine billetter\u00bb. De mindre gevinstene g\u00e5r umiddelbart inn p\u00e5 kontoen din, og de st\u00f8rre, som kan v\u00e6re opptil 2500 euro, overf\u00f8res ogs\u00e5 umiddelbart. Forsikring garanterer toppremien p\u00e5 2 millioner euro og andre store premier, og myndighetene sjekker at de blir utbetalt.<\/p>\n<h2>Alle vinnere har rett til \u00e5 f\u00e5 pengene sine tilbake<\/h2>\n<p>I motsetning til de fleste lotterier, utbetaler Gold Keno uansett hvor mange billetter som selges. Spillet er ikke bare trygt, men ogs\u00e5 l\u00f8nnsomt, fordi alle premiene, inkludert lotterijackpotten p\u00e5 2 millioner euro, er helt sikre.<\/p>\n<h2>Det er ingen papirbilletter, fordi alt gj\u00f8res online.<\/h2>\n<p>Du trenger ikke papirbilletter, fordi Gold Keno er helt digitalt. Dette systemet holder oversikt over alle innsendinger, slik at ingenting kan g\u00e5 tapt eller bli stj\u00e5let.<\/p>\n<h2>Avsluttende tanker: Hva skiller Gold Keno fra andre Keno-spill<\/h2>\n<p>Gold Keno er fortsatt et av de mest spennende online lotterispillene, siden det har trekning hver f\u00e5 minutter, rettferdige tilfeldige tallgeneratorer, garanterte bel\u00f8nninger og sjansen til \u00e5 vinne jackpotten p\u00e5 2 millioner euro. For folk som tenker p\u00e5 oddsen for \u00e5 vinne i keno, er dette spillet b\u00e5de spennende og betryggende, siden hver kupong kan endre spillets gang for spillere med store m\u00e5l.<\/p>\n","protected":false},"excerpt":{"rendered":"<p>Jackpotten p\u00e5 2 millioner euro venter p\u00e5 deg i Gold Keno. Gold Keno er et online lotterispill som er veldig underholdende \u00e5 spille. Alle som spiller kan vinne den fantastiske hovedpremien p\u00e5 2 millioner euro. Det er lett \u00e5 forst\u00e5 hvorfor Gold Keno er s\u00e5 popul\u00e6rt: hver trekning gir deg en reell sjanse til \u00e5 [&hellip;]<\/p>\n","protected":false},"author":8,"featured_media":0,"parent":84422,"menu_order":42,"comment_status":"closed","ping_status":"closed","template":"","meta":{"_et_pb_use_builder":"","_et_pb_old_content":"","_et_gb_content_width":"","exclude_from_search":false,"footnotes":""},"class_list":["post-102351","page","type-page","status-publish","hentry"],"yoast_head":"<!-- This site is optimized with the Yoast SEO plugin v23.8 - https:\/\/yoast.com\/wordpress\/plugins\/seo\/ -->\n<title>Vinnersjansene i Keno | V\u00e5re Keno-spill har gode odds og premier<\/title>\n<meta name=\"description\" content=\"N\u00e5r du spiller Keno online, b\u00f8r du se p\u00e5 oddsene for spillene du finner. V\u00e5r Gold Keno har en topputbetaling p\u00e5 2 millioner euro, kombinert med de beste oddsene du finner online.\" \/>\n<meta name=\"robots\" content=\"index, follow, max-snippet:-1, max-image-preview:large, max-video-preview:-1\" \/>\n<link rel=\"canonical\" href=\"https:\/\/redfoxlotto.com\/no\/keno\/vinnersjansene-i-keno\/\" \/>\n<meta property=\"og:locale\" content=\"nb_NO\" \/>\n<meta property=\"og:type\" content=\"article\" \/>\n<meta property=\"og:title\" content=\"Vinnersjansene i Keno | V\u00e5re Keno-spill har gode odds og premier\" \/>\n<meta property=\"og:description\" content=\"N\u00e5r du spiller Keno online, b\u00f8r du se p\u00e5 oddsene for spillene du finner. V\u00e5r Gold Keno har en topputbetaling p\u00e5 2 millioner euro, kombinert med de beste oddsene du finner online.\" \/>\n<meta property=\"og:url\" content=\"https:\/\/redfoxlotto.com\/no\/keno\/vinnersjansene-i-keno\/\" \/>\n<meta property=\"og:site_name\" content=\"Get Tickets for the World\u2019s largest jackpots\" \/>\n<meta property=\"article:modified_time\" content=\"2026-01-12T10:23:23+00:00\" \/>\n<meta property=\"og:image\" content=\"https:\/\/redfoxlotto.com\/wp-content\/uploads\/2025\/09\/gold-keno-win-2-300x300.jpg\" \/>\n<meta name=\"twitter:card\" content=\"summary_large_image\" \/>\n<meta name=\"twitter:label1\" content=\"Ansl. lesetid\" \/>\n\t<meta name=\"twitter:data1\" content=\"4 minutter\" \/>\n<script type=\"application\/ld+json\" class=\"yoast-schema-graph\">{\"@context\":\"https:\/\/schema.org\",\"@graph\":[{\"@type\":\"WebPage\",\"@id\":\"https:\/\/redfoxlotto.com\/no\/keno\/vinnersjansene-i-keno\/\",\"url\":\"https:\/\/redfoxlotto.com\/no\/keno\/vinnersjansene-i-keno\/\",\"name\":\"Vinnersjansene i Keno | V\u00e5re Keno-spill har gode odds og premier\",\"isPartOf\":{\"@id\":\"https:\/\/redfoxlotto.com\/no\/#website\"},\"primaryImageOfPage\":{\"@id\":\"https:\/\/redfoxlotto.com\/no\/keno\/vinnersjansene-i-keno\/#primaryimage\"},\"image\":{\"@id\":\"https:\/\/redfoxlotto.com\/no\/keno\/vinnersjansene-i-keno\/#primaryimage\"},\"thumbnailUrl\":\"https:\/\/redfoxlotto.com\/wp-content\/uploads\/2025\/09\/gold-keno-win-2-300x300.jpg\",\"datePublished\":\"2025-02-12T11:20:21+00:00\",\"dateModified\":\"2026-01-12T10:23:23+00:00\",\"description\":\"N\u00e5r du spiller Keno online, b\u00f8r du se p\u00e5 oddsene for spillene du finner. V\u00e5r Gold Keno har en topputbetaling p\u00e5 2 millioner euro, kombinert med de beste oddsene du finner online.\",\"breadcrumb\":{\"@id\":\"https:\/\/redfoxlotto.com\/no\/keno\/vinnersjansene-i-keno\/#breadcrumb\"},\"inLanguage\":\"nb-NO\",\"potentialAction\":[{\"@type\":\"ReadAction\",\"target\":[\"https:\/\/redfoxlotto.com\/no\/keno\/vinnersjansene-i-keno\/\"]}]},{\"@type\":\"ImageObject\",\"inLanguage\":\"nb-NO\",\"@id\":\"https:\/\/redfoxlotto.com\/no\/keno\/vinnersjansene-i-keno\/#primaryimage\",\"url\":\"https:\/\/redfoxlotto.com\/wp-content\/uploads\/2025\/09\/gold-keno-win-2-300x300.jpg\",\"contentUrl\":\"https:\/\/redfoxlotto.com\/wp-content\/uploads\/2025\/09\/gold-keno-win-2-300x300.jpg\"},{\"@type\":\"BreadcrumbList\",\"@id\":\"https:\/\/redfoxlotto.com\/no\/keno\/vinnersjansene-i-keno\/#breadcrumb\",\"itemListElement\":[{\"@type\":\"ListItem\",\"position\":1,\"name\":\"Home\",\"item\":\"https:\/\/redfoxlotto.com\/no\/\"},{\"@type\":\"ListItem\",\"position\":2,\"name\":\"Keno\",\"item\":\"https:\/\/redfoxlotto.com\/no\/keno\/\"},{\"@type\":\"ListItem\",\"position\":3,\"name\":\"Vinnertallene i Gold Keno\"}]},{\"@type\":\"WebSite\",\"@id\":\"https:\/\/redfoxlotto.com\/no\/#website\",\"url\":\"https:\/\/redfoxlotto.com\/no\/\",\"name\":\"Get Tickets for the World\u2019s largest jackpots\",\"description\":\"Participate in worldwide lottery jackpots from any country\",\"publisher\":{\"@id\":\"https:\/\/redfoxlotto.com\/no\/#organization\"},\"potentialAction\":[{\"@type\":\"SearchAction\",\"target\":{\"@type\":\"EntryPoint\",\"urlTemplate\":\"https:\/\/redfoxlotto.com\/no\/?s={search_term_string}\"},\"query-input\":{\"@type\":\"PropertyValueSpecification\",\"valueRequired\":true,\"valueName\":\"search_term_string\"}}],\"inLanguage\":\"nb-NO\"},{\"@type\":\"Organization\",\"@id\":\"https:\/\/redfoxlotto.com\/no\/#organization\",\"name\":\"Get Tickets for the World\u2019s largest jackpots\",\"url\":\"https:\/\/redfoxlotto.com\/no\/\",\"logo\":{\"@type\":\"ImageObject\",\"inLanguage\":\"nb-NO\",\"@id\":\"https:\/\/redfoxlotto.com\/no\/#\/schema\/logo\/image\/\",\"url\":\"https:\/\/redfoxlotto.com\/wp-content\/uploads\/2023\/04\/logo.png\",\"contentUrl\":\"https:\/\/redfoxlotto.com\/wp-content\/uploads\/2023\/04\/logo.png\",\"width\":269,\"height\":53,\"caption\":\"Get Tickets for the World\u2019s largest jackpots\"},\"image\":{\"@id\":\"https:\/\/redfoxlotto.com\/no\/#\/schema\/logo\/image\/\"}}]}<\/script>\n<!-- \/ Yoast SEO plugin. -->","yoast_head_json":{"title":"Vinnersjansene i Keno | V\u00e5re Keno-spill har gode odds og premier","description":"N\u00e5r du spiller Keno online, b\u00f8r du se p\u00e5 oddsene for spillene du finner. V\u00e5r Gold Keno har en topputbetaling p\u00e5 2 millioner euro, kombinert med de beste oddsene du finner online.","robots":{"index":"index","follow":"follow","max-snippet":"max-snippet:-1","max-image-preview":"max-image-preview:large","max-video-preview":"max-video-preview:-1"},"canonical":"https:\/\/redfoxlotto.com\/no\/keno\/vinnersjansene-i-keno\/","og_locale":"nb_NO","og_type":"article","og_title":"Vinnersjansene i Keno | V\u00e5re Keno-spill har gode odds og premier","og_description":"N\u00e5r du spiller Keno online, b\u00f8r du se p\u00e5 oddsene for spillene du finner. V\u00e5r Gold Keno har en topputbetaling p\u00e5 2 millioner euro, kombinert med de beste oddsene du finner online.","og_url":"https:\/\/redfoxlotto.com\/no\/keno\/vinnersjansene-i-keno\/","og_site_name":"Get Tickets for the World\u2019s largest jackpots","article_modified_time":"2026-01-12T10:23:23+00:00","og_image":[{"url":"https:\/\/redfoxlotto.com\/wp-content\/uploads\/2025\/09\/gold-keno-win-2-300x300.jpg"}],"twitter_card":"summary_large_image","twitter_misc":{"Ansl. lesetid":"4 minutter"},"schema":{"@context":"https:\/\/schema.org","@graph":[{"@type":"WebPage","@id":"https:\/\/redfoxlotto.com\/no\/keno\/vinnersjansene-i-keno\/","url":"https:\/\/redfoxlotto.com\/no\/keno\/vinnersjansene-i-keno\/","name":"Vinnersjansene i Keno | V\u00e5re Keno-spill har gode odds og premier","isPartOf":{"@id":"https:\/\/redfoxlotto.com\/no\/#website"},"primaryImageOfPage":{"@id":"https:\/\/redfoxlotto.com\/no\/keno\/vinnersjansene-i-keno\/#primaryimage"},"image":{"@id":"https:\/\/redfoxlotto.com\/no\/keno\/vinnersjansene-i-keno\/#primaryimage"},"thumbnailUrl":"https:\/\/redfoxlotto.com\/wp-content\/uploads\/2025\/09\/gold-keno-win-2-300x300.jpg","datePublished":"2025-02-12T11:20:21+00:00","dateModified":"2026-01-12T10:23:23+00:00","description":"N\u00e5r du spiller Keno online, b\u00f8r du se p\u00e5 oddsene for spillene du finner. V\u00e5r Gold Keno har en topputbetaling p\u00e5 2 millioner euro, kombinert med de beste oddsene du finner online.","breadcrumb":{"@id":"https:\/\/redfoxlotto.com\/no\/keno\/vinnersjansene-i-keno\/#breadcrumb"},"inLanguage":"nb-NO","potentialAction":[{"@type":"ReadAction","target":["https:\/\/redfoxlotto.com\/no\/keno\/vinnersjansene-i-keno\/"]}]},{"@type":"ImageObject","inLanguage":"nb-NO","@id":"https:\/\/redfoxlotto.com\/no\/keno\/vinnersjansene-i-keno\/#primaryimage","url":"https:\/\/redfoxlotto.com\/wp-content\/uploads\/2025\/09\/gold-keno-win-2-300x300.jpg","contentUrl":"https:\/\/redfoxlotto.com\/wp-content\/uploads\/2025\/09\/gold-keno-win-2-300x300.jpg"},{"@type":"BreadcrumbList","@id":"https:\/\/redfoxlotto.com\/no\/keno\/vinnersjansene-i-keno\/#breadcrumb","itemListElement":[{"@type":"ListItem","position":1,"name":"Home","item":"https:\/\/redfoxlotto.com\/no\/"},{"@type":"ListItem","position":2,"name":"Keno","item":"https:\/\/redfoxlotto.com\/no\/keno\/"},{"@type":"ListItem","position":3,"name":"Vinnertallene i Gold Keno"}]},{"@type":"WebSite","@id":"https:\/\/redfoxlotto.com\/no\/#website","url":"https:\/\/redfoxlotto.com\/no\/","name":"Get Tickets for the World\u2019s largest jackpots","description":"Participate in worldwide lottery jackpots from any country","publisher":{"@id":"https:\/\/redfoxlotto.com\/no\/#organization"},"potentialAction":[{"@type":"SearchAction","target":{"@type":"EntryPoint","urlTemplate":"https:\/\/redfoxlotto.com\/no\/?s={search_term_string}"},"query-input":{"@type":"PropertyValueSpecification","valueRequired":true,"valueName":"search_term_string"}}],"inLanguage":"nb-NO"},{"@type":"Organization","@id":"https:\/\/redfoxlotto.com\/no\/#organization","name":"Get Tickets for the World\u2019s largest jackpots","url":"https:\/\/redfoxlotto.com\/no\/","logo":{"@type":"ImageObject","inLanguage":"nb-NO","@id":"https:\/\/redfoxlotto.com\/no\/#\/schema\/logo\/image\/","url":"https:\/\/redfoxlotto.com\/wp-content\/uploads\/2023\/04\/logo.png","contentUrl":"https:\/\/redfoxlotto.com\/wp-content\/uploads\/2023\/04\/logo.png","width":269,"height":53,"caption":"Get Tickets for the World\u2019s largest jackpots"},"image":{"@id":"https:\/\/redfoxlotto.com\/no\/#\/schema\/logo\/image\/"}}]}},"_links":{"self":[{"href":"https:\/\/redfoxlotto.com\/no\/wp-json\/wp\/v2\/pages\/102351","targetHints":{"allow":["GET"]}}],"collection":[{"href":"https:\/\/redfoxlotto.com\/no\/wp-json\/wp\/v2\/pages"}],"about":[{"href":"https:\/\/redfoxlotto.com\/no\/wp-json\/wp\/v2\/types\/page"}],"author":[{"embeddable":true,"href":"https:\/\/redfoxlotto.com\/no\/wp-json\/wp\/v2\/users\/8"}],"replies":[{"embeddable":true,"href":"https:\/\/redfoxlotto.com\/no\/wp-json\/wp\/v2\/comments?post=102351"}],"version-history":[{"count":0,"href":"https:\/\/redfoxlotto.com\/no\/wp-json\/wp\/v2\/pages\/102351\/revisions"}],"up":[{"embeddable":true,"href":"https:\/\/redfoxlotto.com\/no\/wp-json\/wp\/v2\/pages\/84422"}],"wp:attachment":[{"href":"https:\/\/redfoxlotto.com\/no\/wp-json\/wp\/v2\/media?parent=102351"}],"curies":[{"name":"wp","href":"https:\/\/api.w.org\/{rel}","templated":true}]}}