{"id":102081,"date":"2025-05-22T08:53:38","date_gmt":"2025-05-22T08:53:38","guid":{"rendered":"https:\/\/redfoxlotto.com\/?page_id=102081"},"modified":"2026-01-10T07:28:50","modified_gmt":"2026-01-10T07:28:50","slug":"keno-lotteriresultater","status":"publish","type":"page","link":"https:\/\/redfoxlotto.com\/no\/keno\/keno-lotteriresultater\/","title":{"rendered":"Vinnertallene i Platinum Keno"},"content":{"rendered":"<h2>Hvordan oddsen blir valgt og hvor du finner resultatene i Platinum Keno<\/h2>\n<p><img loading=\"lazy\" decoding=\"async\" class=\"size-medium wp-image-83635 alignright\" src=\"https:\/\/redfoxlotto.com\/wp-content\/uploads\/2025\/03\/keno_card-300x300.jpg\" alt=\"platnum keno\" width=\"300\" height=\"300\" srcset=\"https:\/\/redfoxlotto.com\/wp-content\/uploads\/2025\/03\/keno_card-300x300.jpg 300w, https:\/\/redfoxlotto.com\/wp-content\/uploads\/2025\/03\/keno_card-150x150.jpg 150w, https:\/\/redfoxlotto.com\/wp-content\/uploads\/2025\/03\/keno_card-100x100.jpg 100w, https:\/\/redfoxlotto.com\/wp-content\/uploads\/2025\/03\/keno_card.jpg 307w\" sizes=\"auto, (max-width: 300px) 100vw, 300px\" \/><br \/>\nPlatinum Keno er i ferd med \u00e5 bli et av de mest popul\u00e6re lotterispillene. Snart vil spillerne kunne nyte all moroa ved tradisjonell Keno fra sine egne skjermer, takket v\u00e6re raske trekning, klare regler og enkelheten ved \u00e5 spille online. Det er ikke noen live-resultater enn\u00e5, men her er det du trenger \u00e5 vite om hvordan tallene velges, hvor du finner dem og hvordan du kan se om du har vunnet n\u00e5r spillet starter.<\/p>\n<h2>Fremgangsm\u00e5ten for \u00e5 velge Platinum Keno-tall<\/h2>\n<p>Platinum Keno er basert p\u00e5 ideen om at alt skal v\u00e6re rettferdig. En kontrollert tilfeldig tallgenerator (RNG) velger tallene. Dette skal gj\u00f8re hver trekning helt tilfeldig. RNG s\u00f8rger for at hvert tall i puljen har like stor sjanse til \u00e5 bli valgt, akkurat som n\u00e5r du trekker nummererte baller fra en maskin.<\/p>\n<ul>\n<li>Spillerne velger fra en pulje med tall fra 1 til 80.<\/li>\n<li>Trekningsst\u00f8rrelse: Hver runde blir 20 tall valgt tilfeldig.<\/li>\n<li>Like sjanser: Det er ingen favorittall; alt avhenger av flaks.<\/li>\n<li>Med denne metoden er hver trekning oversiktlig, kan kontrolleres og er basert p\u00e5 tillit.<\/li>\n<\/ul>\n<h2>Hvordan spille spillet.<\/h2>\n<p>Platinum Keno er laget for b\u00e5de vanlige spillere og folk som \u00f8nsker \u00e5 vinne store jackpotter. Velg tall fra en pulje p\u00e5 80, hvorav 20 blir valgt tilfeldig. Slik spilles spillet. Du \u00f8nsker at s\u00e5 mange av dine valg som mulig skal stemme.<\/p>\n<h2>Velge tall.<\/h2>\n<p>Du velger antall \u00abplasser\u00bb (tall) du vil spille. Ulike personer velger forskjellig antall kort. Antall plasser du velger vil direkte p\u00e5virke sjansene dine og hvor mye penger du kan vinne.<\/p>\n<h2>Velge en faktor.<\/h2>\n<p>Platinum Keno har en multiplikator som endrer premiene. I dette tilfellet, hvis den h\u00f8yeste multiplikatoren er 5, vil du ved \u00e5 spille med en 1x multiplikator f\u00e5 20 % av 5x bel\u00f8nningen. Hvis ti er det h\u00f8yeste. Hvis toppremien er 10, vil en 1x billett utbetale 10 % av 10x utbetalingen. En st\u00f8rre multiplikator gj\u00f8r b\u00e5de prisen p\u00e5 billetten din og sjansen for \u00e5 vinne st\u00f8rre.<\/p>\n<h2>Bruke utbetalingslisten<\/h2>\n<p>Den forteller deg n\u00f8yaktig hvor mye du kan vinne basert p\u00e5 tallene du velger og bonusen. Tenk p\u00e5 den som et premiekart; den forteller deg hva som st\u00e5r p\u00e5 spill f\u00f8r trekningen finner sted.<\/p>\n<h2>Hvordan valg p\u00e5virker hva som skjer<\/h2>\n<p>Hvis du velger flere tall, \u00f8ker den st\u00f8rste premien du kan vinne, men sjansen for \u00e5 treffe dem alle reduseres. Derimot \u00f8ker en h\u00f8yere multiplikator utbetalingen hvis du vinner, men du m\u00e5 satse mer penger i starten. Platinum Keno er b\u00e5de spennende og risikabelt fordi du m\u00e5 balansere risiko og fortjeneste.<\/p>\n<h2>De beste stedene \u00e5 finne Platinum Keno-resultater<\/h2>\n<p>S\u00e5 snart Platinum Keno starter, vil de mest oppdaterte resultatene v\u00e6re tilgjengelige p\u00e5 RedFoxLottos resultatside. Du trenger ikke \u00e5 forlate appen for \u00e5 holde oversikt over tidligere og n\u00e5v\u00e6rende trekning p\u00e5 denne m\u00e5ten.<\/p>\n<p>Du kan gj\u00f8re f\u00f8lgende:<\/p>\n<ul>\n<li>Sjekk ut den fullstendige listen over tall som er valgt for hvert spill.<\/li>\n<li>Se p\u00e5 tidligere trekning for \u00e5 se temaer og trender.<\/li>\n<li>Hold deg oppdatert p\u00e5 nyhetene uten \u00e5 m\u00e5tte lete andre steder.<\/li>\n<\/ul>\n<h2>Hvordan finne ut om du har vunnet<\/h2>\n<p>Ikke lenger med papirlapper \u2013 Platinum Keno er kun et dataspill. Tallene dine lagres i RedFoxLotto-kontoen din umiddelbart etter hvert spill. Du kan sjekke resultatene umiddelbart etter hver trekning:<\/p>\n<p>Klikk p\u00e5 \u00abMine billetter\u00bb \u2013 Denne delen viser alle billettene du har kj\u00f8pt.<\/p>\n<p>Sammenlign tallene dine med resultatene: Hvis tallene dine er de samme som de som ble trukket i den vinnende trekningen, vil systemet umiddelbart vise deg disse treffene.<\/p>\n<p>S\u00e5 snart du har vunnet, vises bel\u00f8pet du vil motta. Bel\u00f8nninger av mindre verdi blir satt inn direkte p\u00e5 kontoen din, mens bel\u00f8nninger av st\u00f8rre verdi kan v\u00e6re gjenstand for verifisering f\u00f8r de overf\u00f8res.<\/p>\n<h2>Foreta innskudd og spille<\/h2>\n<p>Du m\u00e5 ha penger p\u00e5 RedFoxLotto-kontoen din for \u00e5 kunne spille Platinum Keno. Det er enkelt og trygt \u00e5 foreta et innskudd, og n\u00e5r bel\u00f8pet er lagt til, kan du bruke det med en gang til \u00e5 kj\u00f8pe billetter.<\/p>\n<h2>Hvorfor du kan stole p\u00e5 resultatene<\/h2>\n<p>Alle premier i Platinum Keno er forsikret, s\u00e5 du f\u00e5r pengene dine tilbake uansett om du vinner \u20ac5 eller \u20ac500 000. RedFoxLotto s\u00f8rger for at du f\u00e5r utbetalt, og RNG s\u00f8rger for at alt er rettferdig.<\/p>\n<h2>Konklusjon<\/h2>\n<p>Det er som en blanding mellom den gammeldagse m\u00e5ten \u00e5 trekke tall p\u00e5 og det enkle ved \u00e5 spille dataspill. Selv om de endelige resultatene ikke er klare enn\u00e5, kan spillerne se frem til:<\/p>\n<ul>\n<li>Rettferdige trekningene verifisert av RNG.<\/li>\n<li>Spillet g\u00e5r raskt, og du f\u00e5r resultater hvert par minutter.<\/li>\n<li>RedFoxLotto gj\u00f8r det enkelt \u00e5 f\u00e5 tak i resultatene med en gang.<\/li>\n<li>Kontoen din holder automatisk oversikt over gevinster.<\/li>\n<li>N\u00e5r spillet starter, er alt du trenger \u00e5 gj\u00f8re \u00e5 komme tilbake etter trekningen for \u00e5 se om du har vunnet.<\/li>\n<\/ul>\n","protected":false},"excerpt":{"rendered":"<p>Hvordan oddsen blir valgt og hvor du finner resultatene i Platinum Keno Platinum Keno er i ferd med \u00e5 bli et av de mest popul\u00e6re lotterispillene. Snart vil spillerne kunne nyte all moroa ved tradisjonell Keno fra sine egne skjermer, takket v\u00e6re raske trekning, klare regler og enkelheten ved \u00e5 spille online. Det er ikke [&hellip;]<\/p>\n","protected":false},"author":8,"featured_media":0,"parent":84422,"menu_order":41,"comment_status":"closed","ping_status":"closed","template":"","meta":{"_et_pb_use_builder":"","_et_pb_old_content":"","_et_gb_content_width":"","exclude_from_search":false,"footnotes":""},"class_list":["post-102081","page","type-page","status-publish","hentry"],"yoast_head":"<!-- This site is optimized with the Yoast SEO plugin v23.8 - https:\/\/yoast.com\/wordpress\/plugins\/seo\/ -->\n<title>Keno lotteriresultater for denne daglige \u20ac5 millioner online Keno-trekningen<\/title>\n<meta name=\"description\" content=\"Dette Keno-lotteriet trekker daglig en toppremie p\u00e5 \u20ac5 millioner \u2013 f\u00e5 resultatene for v\u00e5re Keno-trekninger her. Vi har et \u20ac5 millioner og et \u20ac10 millioner Keno-spill\" \/>\n<meta name=\"robots\" content=\"index, follow, max-snippet:-1, max-image-preview:large, max-video-preview:-1\" \/>\n<link rel=\"canonical\" href=\"https:\/\/redfoxlotto.com\/no\/keno\/keno-lotteriresultater\/\" \/>\n<meta property=\"og:locale\" content=\"nb_NO\" \/>\n<meta property=\"og:type\" content=\"article\" \/>\n<meta property=\"og:title\" content=\"Keno lotteriresultater for denne daglige \u20ac5 millioner online Keno-trekningen\" \/>\n<meta property=\"og:description\" content=\"Dette Keno-lotteriet trekker daglig en toppremie p\u00e5 \u20ac5 millioner \u2013 f\u00e5 resultatene for v\u00e5re Keno-trekninger her. Vi har et \u20ac5 millioner og et \u20ac10 millioner Keno-spill\" \/>\n<meta property=\"og:url\" content=\"https:\/\/redfoxlotto.com\/no\/keno\/keno-lotteriresultater\/\" \/>\n<meta property=\"og:site_name\" content=\"Get Tickets for the World\u2019s largest jackpots\" \/>\n<meta property=\"article:modified_time\" content=\"2026-01-10T07:28:50+00:00\" \/>\n<meta property=\"og:image\" content=\"https:\/\/redfoxlotto.com\/wp-content\/uploads\/2025\/03\/keno_card-300x300.jpg\" \/>\n<meta name=\"twitter:card\" content=\"summary_large_image\" \/>\n<meta name=\"twitter:label1\" content=\"Ansl. lesetid\" \/>\n\t<meta name=\"twitter:data1\" content=\"4 minutter\" \/>\n<script type=\"application\/ld+json\" class=\"yoast-schema-graph\">{\"@context\":\"https:\/\/schema.org\",\"@graph\":[{\"@type\":\"WebPage\",\"@id\":\"https:\/\/redfoxlotto.com\/no\/keno\/keno-lotteriresultater\/\",\"url\":\"https:\/\/redfoxlotto.com\/no\/keno\/keno-lotteriresultater\/\",\"name\":\"Keno lotteriresultater for denne daglige \u20ac5 millioner online Keno-trekningen\",\"isPartOf\":{\"@id\":\"https:\/\/redfoxlotto.com\/no\/#website\"},\"primaryImageOfPage\":{\"@id\":\"https:\/\/redfoxlotto.com\/no\/keno\/keno-lotteriresultater\/#primaryimage\"},\"image\":{\"@id\":\"https:\/\/redfoxlotto.com\/no\/keno\/keno-lotteriresultater\/#primaryimage\"},\"thumbnailUrl\":\"https:\/\/redfoxlotto.com\/wp-content\/uploads\/2025\/03\/keno_card-300x300.jpg\",\"datePublished\":\"2025-05-22T08:53:38+00:00\",\"dateModified\":\"2026-01-10T07:28:50+00:00\",\"description\":\"Dette Keno-lotteriet trekker daglig en toppremie p\u00e5 \u20ac5 millioner \u2013 f\u00e5 resultatene for v\u00e5re Keno-trekninger her. Vi har et \u20ac5 millioner og et \u20ac10 millioner Keno-spill\",\"breadcrumb\":{\"@id\":\"https:\/\/redfoxlotto.com\/no\/keno\/keno-lotteriresultater\/#breadcrumb\"},\"inLanguage\":\"nb-NO\",\"potentialAction\":[{\"@type\":\"ReadAction\",\"target\":[\"https:\/\/redfoxlotto.com\/no\/keno\/keno-lotteriresultater\/\"]}]},{\"@type\":\"ImageObject\",\"inLanguage\":\"nb-NO\",\"@id\":\"https:\/\/redfoxlotto.com\/no\/keno\/keno-lotteriresultater\/#primaryimage\",\"url\":\"https:\/\/redfoxlotto.com\/wp-content\/uploads\/2025\/03\/keno_card-300x300.jpg\",\"contentUrl\":\"https:\/\/redfoxlotto.com\/wp-content\/uploads\/2025\/03\/keno_card-300x300.jpg\"},{\"@type\":\"BreadcrumbList\",\"@id\":\"https:\/\/redfoxlotto.com\/no\/keno\/keno-lotteriresultater\/#breadcrumb\",\"itemListElement\":[{\"@type\":\"ListItem\",\"position\":1,\"name\":\"Home\",\"item\":\"https:\/\/redfoxlotto.com\/no\/\"},{\"@type\":\"ListItem\",\"position\":2,\"name\":\"Keno\",\"item\":\"https:\/\/redfoxlotto.com\/no\/keno\/\"},{\"@type\":\"ListItem\",\"position\":3,\"name\":\"Vinnertallene i Platinum Keno\"}]},{\"@type\":\"WebSite\",\"@id\":\"https:\/\/redfoxlotto.com\/no\/#website\",\"url\":\"https:\/\/redfoxlotto.com\/no\/\",\"name\":\"Get Tickets for the World\u2019s largest jackpots\",\"description\":\"Participate in worldwide lottery jackpots from any country\",\"publisher\":{\"@id\":\"https:\/\/redfoxlotto.com\/no\/#organization\"},\"potentialAction\":[{\"@type\":\"SearchAction\",\"target\":{\"@type\":\"EntryPoint\",\"urlTemplate\":\"https:\/\/redfoxlotto.com\/no\/?s={search_term_string}\"},\"query-input\":{\"@type\":\"PropertyValueSpecification\",\"valueRequired\":true,\"valueName\":\"search_term_string\"}}],\"inLanguage\":\"nb-NO\"},{\"@type\":\"Organization\",\"@id\":\"https:\/\/redfoxlotto.com\/no\/#organization\",\"name\":\"Get Tickets for the World\u2019s largest jackpots\",\"url\":\"https:\/\/redfoxlotto.com\/no\/\",\"logo\":{\"@type\":\"ImageObject\",\"inLanguage\":\"nb-NO\",\"@id\":\"https:\/\/redfoxlotto.com\/no\/#\/schema\/logo\/image\/\",\"url\":\"https:\/\/redfoxlotto.com\/wp-content\/uploads\/2023\/04\/logo.png\",\"contentUrl\":\"https:\/\/redfoxlotto.com\/wp-content\/uploads\/2023\/04\/logo.png\",\"width\":269,\"height\":53,\"caption\":\"Get Tickets for the World\u2019s largest jackpots\"},\"image\":{\"@id\":\"https:\/\/redfoxlotto.com\/no\/#\/schema\/logo\/image\/\"}}]}<\/script>\n<!-- \/ Yoast SEO plugin. -->","yoast_head_json":{"title":"Keno lotteriresultater for denne daglige \u20ac5 millioner online Keno-trekningen","description":"Dette Keno-lotteriet trekker daglig en toppremie p\u00e5 \u20ac5 millioner \u2013 f\u00e5 resultatene for v\u00e5re Keno-trekninger her. Vi har et \u20ac5 millioner og et \u20ac10 millioner Keno-spill","robots":{"index":"index","follow":"follow","max-snippet":"max-snippet:-1","max-image-preview":"max-image-preview:large","max-video-preview":"max-video-preview:-1"},"canonical":"https:\/\/redfoxlotto.com\/no\/keno\/keno-lotteriresultater\/","og_locale":"nb_NO","og_type":"article","og_title":"Keno lotteriresultater for denne daglige \u20ac5 millioner online Keno-trekningen","og_description":"Dette Keno-lotteriet trekker daglig en toppremie p\u00e5 \u20ac5 millioner \u2013 f\u00e5 resultatene for v\u00e5re Keno-trekninger her. Vi har et \u20ac5 millioner og et \u20ac10 millioner Keno-spill","og_url":"https:\/\/redfoxlotto.com\/no\/keno\/keno-lotteriresultater\/","og_site_name":"Get Tickets for the World\u2019s largest jackpots","article_modified_time":"2026-01-10T07:28:50+00:00","og_image":[{"url":"https:\/\/redfoxlotto.com\/wp-content\/uploads\/2025\/03\/keno_card-300x300.jpg"}],"twitter_card":"summary_large_image","twitter_misc":{"Ansl. lesetid":"4 minutter"},"schema":{"@context":"https:\/\/schema.org","@graph":[{"@type":"WebPage","@id":"https:\/\/redfoxlotto.com\/no\/keno\/keno-lotteriresultater\/","url":"https:\/\/redfoxlotto.com\/no\/keno\/keno-lotteriresultater\/","name":"Keno lotteriresultater for denne daglige \u20ac5 millioner online Keno-trekningen","isPartOf":{"@id":"https:\/\/redfoxlotto.com\/no\/#website"},"primaryImageOfPage":{"@id":"https:\/\/redfoxlotto.com\/no\/keno\/keno-lotteriresultater\/#primaryimage"},"image":{"@id":"https:\/\/redfoxlotto.com\/no\/keno\/keno-lotteriresultater\/#primaryimage"},"thumbnailUrl":"https:\/\/redfoxlotto.com\/wp-content\/uploads\/2025\/03\/keno_card-300x300.jpg","datePublished":"2025-05-22T08:53:38+00:00","dateModified":"2026-01-10T07:28:50+00:00","description":"Dette Keno-lotteriet trekker daglig en toppremie p\u00e5 \u20ac5 millioner \u2013 f\u00e5 resultatene for v\u00e5re Keno-trekninger her. Vi har et \u20ac5 millioner og et \u20ac10 millioner Keno-spill","breadcrumb":{"@id":"https:\/\/redfoxlotto.com\/no\/keno\/keno-lotteriresultater\/#breadcrumb"},"inLanguage":"nb-NO","potentialAction":[{"@type":"ReadAction","target":["https:\/\/redfoxlotto.com\/no\/keno\/keno-lotteriresultater\/"]}]},{"@type":"ImageObject","inLanguage":"nb-NO","@id":"https:\/\/redfoxlotto.com\/no\/keno\/keno-lotteriresultater\/#primaryimage","url":"https:\/\/redfoxlotto.com\/wp-content\/uploads\/2025\/03\/keno_card-300x300.jpg","contentUrl":"https:\/\/redfoxlotto.com\/wp-content\/uploads\/2025\/03\/keno_card-300x300.jpg"},{"@type":"BreadcrumbList","@id":"https:\/\/redfoxlotto.com\/no\/keno\/keno-lotteriresultater\/#breadcrumb","itemListElement":[{"@type":"ListItem","position":1,"name":"Home","item":"https:\/\/redfoxlotto.com\/no\/"},{"@type":"ListItem","position":2,"name":"Keno","item":"https:\/\/redfoxlotto.com\/no\/keno\/"},{"@type":"ListItem","position":3,"name":"Vinnertallene i Platinum Keno"}]},{"@type":"WebSite","@id":"https:\/\/redfoxlotto.com\/no\/#website","url":"https:\/\/redfoxlotto.com\/no\/","name":"Get Tickets for the World\u2019s largest jackpots","description":"Participate in worldwide lottery jackpots from any country","publisher":{"@id":"https:\/\/redfoxlotto.com\/no\/#organization"},"potentialAction":[{"@type":"SearchAction","target":{"@type":"EntryPoint","urlTemplate":"https:\/\/redfoxlotto.com\/no\/?s={search_term_string}"},"query-input":{"@type":"PropertyValueSpecification","valueRequired":true,"valueName":"search_term_string"}}],"inLanguage":"nb-NO"},{"@type":"Organization","@id":"https:\/\/redfoxlotto.com\/no\/#organization","name":"Get Tickets for the World\u2019s largest jackpots","url":"https:\/\/redfoxlotto.com\/no\/","logo":{"@type":"ImageObject","inLanguage":"nb-NO","@id":"https:\/\/redfoxlotto.com\/no\/#\/schema\/logo\/image\/","url":"https:\/\/redfoxlotto.com\/wp-content\/uploads\/2023\/04\/logo.png","contentUrl":"https:\/\/redfoxlotto.com\/wp-content\/uploads\/2023\/04\/logo.png","width":269,"height":53,"caption":"Get Tickets for the World\u2019s largest jackpots"},"image":{"@id":"https:\/\/redfoxlotto.com\/no\/#\/schema\/logo\/image\/"}}]}},"_links":{"self":[{"href":"https:\/\/redfoxlotto.com\/no\/wp-json\/wp\/v2\/pages\/102081","targetHints":{"allow":["GET"]}}],"collection":[{"href":"https:\/\/redfoxlotto.com\/no\/wp-json\/wp\/v2\/pages"}],"about":[{"href":"https:\/\/redfoxlotto.com\/no\/wp-json\/wp\/v2\/types\/page"}],"author":[{"embeddable":true,"href":"https:\/\/redfoxlotto.com\/no\/wp-json\/wp\/v2\/users\/8"}],"replies":[{"embeddable":true,"href":"https:\/\/redfoxlotto.com\/no\/wp-json\/wp\/v2\/comments?post=102081"}],"version-history":[{"count":0,"href":"https:\/\/redfoxlotto.com\/no\/wp-json\/wp\/v2\/pages\/102081\/revisions"}],"up":[{"embeddable":true,"href":"https:\/\/redfoxlotto.com\/no\/wp-json\/wp\/v2\/pages\/84422"}],"wp:attachment":[{"href":"https:\/\/redfoxlotto.com\/no\/wp-json\/wp\/v2\/media?parent=102081"}],"curies":[{"name":"wp","href":"https:\/\/api.w.org\/{rel}","templated":true}]}}