{"id":87663,"date":"2025-05-19T09:08:38","date_gmt":"2025-05-19T09:08:38","guid":{"rendered":"https:\/\/redfoxlotto.com\/?page_id=87663"},"modified":"2025-05-28T06:53:37","modified_gmt":"2025-05-28T06:53:37","slug":"euromillions-eu","status":"publish","type":"page","link":"https:\/\/redfoxlotto.com\/lv\/informacija\/euromillions-eu\/","title":{"rendered":"Par Euromillions EU"},"content":{"rendered":"<p data-start=\"62\" data-end=\"606\">EuroMillions EU ir viena no liel\u0101kaj\u0101m un popul\u0101r\u0101kaj\u0101m loterij\u0101m Eirop\u0101, kas katru ned\u0113\u013cu piesaista miljoniem dal\u012bbnieku ar iesp\u0113ju laim\u0113t dz\u012bvi izmaino\u0161us d\u017eekpotus. \u0160\u012b loterija, kas ofici\u0101li tiek d\u0113v\u0113ta par EuroMillions ES versiju, ir \u0101rk\u0101rt\u012bgi popul\u0101ra vair\u0101k\u0101s Eiropas valst\u012bs \u2013 Francij\u0101, Sp\u0101nij\u0101, Austrij\u0101, Be\u013c\u0123ij\u0101, \u012arij\u0101, Luksemburg\u0101, Portug\u0101l\u0113 un \u0160veic\u0113. Loterija tika atkl\u0101ta 2004. gada 13. febru\u0101r\u012b, s\u0101kotn\u0113ji tikai Francij\u0101, Sp\u0101nij\u0101 un Apvienotaj\u0101 Karalist\u0113, un jau l\u012bdz oktobrim t\u0101 tika papla\u0161in\u0101ta ar\u012b uz cit\u0101m Eiropas valst\u012bm.<\/p>\n<p><img loading=\"lazy\" decoding=\"async\" class=\"size-full wp-image-48546 alignright\" src=\"https:\/\/redfoxlotto.com\/wp-content\/uploads\/2023\/04\/powerball-draw-youtube1-300x300-1.jpg\" alt=\"euromillions\" width=\"300\" height=\"300\" srcset=\"https:\/\/redfoxlotto.com\/wp-content\/uploads\/2023\/04\/powerball-draw-youtube1-300x300-1.jpg 300w, https:\/\/redfoxlotto.com\/wp-content\/uploads\/2023\/04\/powerball-draw-youtube1-300x300-1-100x100.jpg 100w, https:\/\/redfoxlotto.com\/wp-content\/uploads\/2023\/04\/powerball-draw-youtube1-300x300-1-150x150.jpg 150w\" sizes=\"auto, (max-width: 300px) 100vw, 300px\" \/><\/p>\n<p data-start=\"608\" data-end=\"912\">Katram dal\u012bbvalstij ir sava nacion\u0101l\u0101 loterijas iest\u0101de, kas atbild par bi\u013ce\u0161u p\u0101rdo\u0161anu, laimestu izmaksu un sp\u0113l\u0113t\u0101ju apkalpo\u0161anu. Lai ar\u012b sist\u0113ma ir decentraliz\u0113ta, visas iesaist\u012bt\u0101s valstis iev\u0113ro vienotus noteikumus, balvu l\u012bme\u0146us un izlo\u017eu grafikus, nodro\u0161inot vienl\u012bdz\u012bbu un god\u012bgumu vis\u0101 sist\u0113m\u0101.<\/p>\n<p data-start=\"914\" data-end=\"1321\">EuroMillions EU izlozes notiek divas reizes ned\u0113\u013c\u0101 \u2013 otrdienu un piektdienu vakaros. Loterija izmanto dubultmatricas form\u0101tu: sp\u0113l\u0113t\u0101ji izv\u0113las piecus galvenos skait\u013cus no 1 l\u012bdz 50 un divus \u201cLucky Star\u201d (laim\u012bgos zvaig\u017e\u0146u) skait\u013cus no 1 l\u012bdz 12. Lai ieg\u016btu d\u017eekpotu, j\u0101atmin visi septi\u0146i skait\u013ci. Tom\u0113r ir ar\u012b daudz sekund\u0101ro balvu l\u012bme\u0146u, kas dod iesp\u0113ju ieg\u016bt maz\u0101kus, bet joproj\u0101m iev\u0113rojamus laimestus.<\/p>\n<p data-start=\"1323\" data-end=\"1752\">B\u016btiska at\u0161\u0137ir\u012bba starp ES un Lielbrit\u0101nijas EuroMillions versij\u0101m ir papildsp\u0113le, kas ir pieejama tikai Apvienotaj\u0101 Karalist\u0113 \u2013 t\u0101 saukt\u0101 <strong data-start=\"1462\" data-end=\"1483\">Millionaire Maker<\/strong>. \u0160\u012b funkcija garant\u0113, ka katr\u0101 izloz\u0113 vismaz viens Apvienot\u0101s Karalistes sp\u0113l\u0113t\u0101js uzreiz k\u013c\u016bst par miljon\u0101ru. \u0160\u012b iemesla d\u0113\u013c Lielbrit\u0101nijas EuroMillions bi\u013cetes maks\u0101 vair\u0101k nek\u0101 cit\u0101s Eiropas valst\u012bs. Papildu inform\u0101ciju par \u0161o versiju var atrast RedFoxLotto vietn\u0113.<\/p>\n<p data-start=\"1754\" data-end=\"2108\">Sp\u0113l\u0113t\u0101jiem, kuri dz\u012bvo \u0101rpus dal\u012bbvalst\u012bm vai \u0101rpus ES, dal\u012bba EuroMillions EU var \u0161\u0137ist neiesp\u0113jama. Tom\u0113r starptautiskie loterijas starpnieku pakalpojumi padara \u0161o procesu vienk\u0101r\u0161u. \u0100rvalstu sp\u0113l\u0113t\u0101jiem bi\u013cetes visbie\u017e\u0101k tiek ieg\u0101d\u0101tas Austrij\u0101, kur labi organiz\u0113ta infrastrukt\u016bra nodro\u0161ina likum\u012bgu piedal\u012b\u0161anos neatkar\u012bgi no sp\u0113l\u0113t\u0101ja dz\u012bvesvietas.<\/p>\n<p data-start=\"2110\" data-end=\"2474\">Attiec\u012bb\u0101 uz d\u017eekpotiem EuroMillions EU pied\u0101v\u0101 gan iev\u0113rojamu minim\u0101lo laimestu, gan maksim\u0101lo robe\u017eu, lai palielin\u0101tu azartu un notur\u0113tu sp\u0113l\u0113t\u0101ju interesi. Minim\u0101lais d\u017eekpots s\u0101kas no <strong data-start=\"2298\" data-end=\"2319\">17 miljoniem eiro<\/strong>, kas pats par sevi jau var main\u012bt dz\u012bvi. Loterijas popularit\u0101tei pieaugot, maksim\u0101lais d\u017eekpota ierobe\u017eojums tika palielin\u0101ts l\u012bdz <strong data-start=\"2451\" data-end=\"2473\">250 miljoniem eiro<\/strong>.<\/p>\n<p data-start=\"2476\" data-end=\"2703\">Kad d\u017eekpots sasniedz <strong data-start=\"2498\" data-end=\"2519\">200 miljonus eiro<\/strong>, tiek piem\u0113roti \u012bpa\u0161i noteikumi \u2013 tas var \u0161aj\u0101 l\u012bmen\u012b palikt ne ilg\u0101k k\u0101 \u010detras izlozes. Ja p\u0113c tam nav uzvar\u0113t\u0101ja, visa d\u017eekpota summa tiek sadal\u012bta starp n\u0101kam\u0101 l\u012bme\u0146a uzvar\u0113t\u0101jiem.<\/p>\n<p data-start=\"2705\" data-end=\"2939\">T\u0101pat, ja d\u017eekpots sasniedz maksim\u0101lo robe\u017eu \u2013 <strong data-start=\"2752\" data-end=\"2773\">250 miljonus eiro<\/strong>, tie pa\u0161i noteikumi tiek atk\u0101rtoti. Ja piektaj\u0101 izloz\u0113 joproj\u0101m nav uzvar\u0113t\u0101ja, visa summa tiek p\u0101rdal\u012bta zem\u0101k\u0101 l\u012bmen\u012b, radot vair\u0101kus miljon\u0101rus no vienas izlozes.<\/p>\n<p data-start=\"2941\" data-end=\"3219\">\u0160\u0101da d\u017eekpota p\u0101rne\u0161anas sist\u0113ma sp\u0113lei pie\u0161\u0137ir papildus strat\u0113\u0123iju un spriedzi. Kad d\u017eekpots tuvojas maksim\u0101lajam l\u012bmenim, bi\u013ce\u0161u p\u0101rdo\u0161ana strauji pieaug, jo sp\u0113l\u0113t\u0101ji k\u013c\u016bst cer\u012bg\u0101ki. Lielie laimesti piesaista ar\u012b mediju uzman\u012bbu, kas v\u0113l vair\u0101k palielina sp\u0113les popularit\u0101ti.<\/p>\n<p data-start=\"3221\" data-end=\"3436\">V\u0113sturiski EuroMillions vis\u0101 Eirop\u0101 ir rad\u012bjis daudzas izcilas uzvaras, padarot cilv\u0113kus par multimiljon\u0101riem vienas nakts laik\u0101. Austrija ir viena no valst\u012bm ar lielu sp\u0113l\u0113t\u0101ju b\u0101zi un iev\u0113rojamu uzvar\u0113t\u0101ju skaitu.<\/p>\n<p data-start=\"3438\" data-end=\"3704\">Pasaules m\u0113roga pieejam\u012bba, caursp\u012bd\u012bga sp\u0113les strukt\u016bra un aizraujo\u0161a d\u017eekpota meh\u0101nika padara EuroMillions EU par pievilc\u012bgu iesp\u0113ju sp\u0113l\u0113t\u0101jiem vis\u0101 pasaul\u0113. Sp\u0113l\u0113t\u0101ju da\u017e\u0101d\u012bba kult\u016bras zi\u0146\u0101 un grandiozais d\u017eekpota potenci\u0101ls regul\u0101ri piesaista pasaules uzman\u012bbu.<\/p>\n<p data-start=\"3706\" data-end=\"3987\">\u0100rpus Eiropas eso\u0161ie sp\u0113l\u0113t\u0101ji var \u0113rti piedal\u012bties, izmantojot uzticamus starpniekservisus, kas nodro\u0161ina leg\u0101lu un dro\u0161u bi\u013ce\u0161u ieg\u0101di. \u0160ie pakalpojumi ieg\u0101d\u0101jas bi\u013cetes Austrij\u0101, sken\u0113 t\u0101s, aug\u0161upiel\u0101d\u0113 sp\u0113l\u0113t\u0101ja kont\u0101 un izmaks\u0101 laimestu tie\u0161i \u2013 neatkar\u012bgi no atra\u0161an\u0101s vietas.<\/p>\n<p data-start=\"3989\" data-end=\"4359\">Kopsavilkum\u0101 \u2013 EuroMillions EU ar savu skaidro strukt\u016bru, stingrajiem noteikumiem un iev\u0113rojam\u0101m balv\u0101m pied\u0101v\u0101 izcilu pieredzi sp\u0113l\u0113t\u0101jiem no visas pasaules. Garant\u0113tais d\u017eekpots <strong data-start=\"4169\" data-end=\"4188\">17 miljonu eiro<\/strong> apm\u0113r\u0101 un aizraujo\u0161ais limits l\u012bdz <strong data-start=\"4224\" data-end=\"4246\">250 miljoniem eiro<\/strong>, k\u0101 ar\u012b spriedzes piln\u0101s sadales iesp\u0113jas turpina rad\u012bt aizraut\u012bbu un lielus laimestus vis\u0101 Eirop\u0101 un \u0101rpus t\u0101s.<\/p>\n","protected":false},"excerpt":{"rendered":"<p>EuroMillions EU ir viena no liel\u0101kaj\u0101m un popul\u0101r\u0101kaj\u0101m loterij\u0101m Eirop\u0101, kas katru ned\u0113\u013cu piesaista miljoniem dal\u012bbnieku ar iesp\u0113ju laim\u0113t dz\u012bvi izmaino\u0161us d\u017eekpotus. \u0160\u012b loterija, kas ofici\u0101li tiek d\u0113v\u0113ta par EuroMillions ES versiju, ir \u0101rk\u0101rt\u012bgi popul\u0101ra vair\u0101k\u0101s Eiropas valst\u012bs \u2013 Francij\u0101, Sp\u0101nij\u0101, Austrij\u0101, Be\u013c\u0123ij\u0101, \u012arij\u0101, Luksemburg\u0101, Portug\u0101l\u0113 un \u0160veic\u0113. Loterija tika atkl\u0101ta 2004. gada 13. febru\u0101r\u012b, [&hellip;]<\/p>\n","protected":false},"author":8,"featured_media":0,"parent":16999,"menu_order":4,"comment_status":"closed","ping_status":"closed","template":"euromillions-at-info.php","meta":{"_et_pb_use_builder":"","_et_pb_old_content":"","_et_gb_content_width":"","exclude_from_search":false,"footnotes":""},"class_list":["post-87663","page","type-page","status-publish","hentry"],"yoast_head":"<!-- This site is optimized with the Yoast SEO plugin v23.8 - https:\/\/yoast.com\/wordpress\/plugins\/seo\/ -->\n<title>Nopirkt Euromillions bi\u013cetes tie\u0161saist\u0113 no valst\u012bm \u0101rpus ES<\/title>\n<meta name=\"description\" content=\"K\u0101 ieg\u0101d\u0101ties Euromillions bi\u013cetes tie\u0161saist\u0113, kas attiecas uz Apvienot\u0101s Karalistes un ES Euromillions versiju. Ieg\u0101d\u0101jieties bi\u013cetes no jebkuras vietas, pat \u0101rpus ES.\" \/>\n<meta name=\"robots\" content=\"index, follow, max-snippet:-1, max-image-preview:large, max-video-preview:-1\" \/>\n<link rel=\"canonical\" href=\"https:\/\/redfoxlotto.com\/lv\/informacija\/euromillions-eu\/\" \/>\n<meta property=\"og:locale\" content=\"lv_LV\" \/>\n<meta property=\"og:type\" content=\"article\" \/>\n<meta property=\"og:title\" content=\"Nopirkt Euromillions bi\u013cetes tie\u0161saist\u0113 no valst\u012bm \u0101rpus ES\" \/>\n<meta property=\"og:description\" content=\"K\u0101 ieg\u0101d\u0101ties Euromillions bi\u013cetes tie\u0161saist\u0113, kas attiecas uz Apvienot\u0101s Karalistes un ES Euromillions versiju. Ieg\u0101d\u0101jieties bi\u013cetes no jebkuras vietas, pat \u0101rpus ES.\" \/>\n<meta property=\"og:url\" content=\"https:\/\/redfoxlotto.com\/lv\/informacija\/euromillions-eu\/\" \/>\n<meta property=\"og:site_name\" content=\"Get Tickets for the World\u2019s largest jackpots\" \/>\n<meta property=\"article:modified_time\" content=\"2025-05-28T06:53:37+00:00\" \/>\n<meta property=\"og:image\" content=\"https:\/\/redfoxlotto.com\/wp-content\/uploads\/2023\/04\/powerball-draw-youtube1-300x300-1.jpg\" \/>\n<meta name=\"twitter:card\" content=\"summary_large_image\" \/>\n<meta name=\"twitter:label1\" content=\"Est. reading time\" \/>\n\t<meta name=\"twitter:data1\" content=\"3 minutes\" \/>\n<script type=\"application\/ld+json\" class=\"yoast-schema-graph\">{\"@context\":\"https:\/\/schema.org\",\"@graph\":[{\"@type\":\"WebPage\",\"@id\":\"https:\/\/redfoxlotto.com\/lv\/informacija\/euromillions-eu\/\",\"url\":\"https:\/\/redfoxlotto.com\/lv\/informacija\/euromillions-eu\/\",\"name\":\"Nopirkt Euromillions bi\u013cetes tie\u0161saist\u0113 no valst\u012bm \u0101rpus ES\",\"isPartOf\":{\"@id\":\"https:\/\/redfoxlotto.com\/lv\/#website\"},\"primaryImageOfPage\":{\"@id\":\"https:\/\/redfoxlotto.com\/lv\/informacija\/euromillions-eu\/#primaryimage\"},\"image\":{\"@id\":\"https:\/\/redfoxlotto.com\/lv\/informacija\/euromillions-eu\/#primaryimage\"},\"thumbnailUrl\":\"https:\/\/redfoxlotto.com\/wp-content\/uploads\/2023\/04\/powerball-draw-youtube1-300x300-1.jpg\",\"datePublished\":\"2025-05-19T09:08:38+00:00\",\"dateModified\":\"2025-05-28T06:53:37+00:00\",\"description\":\"K\u0101 ieg\u0101d\u0101ties Euromillions bi\u013cetes tie\u0161saist\u0113, kas attiecas uz Apvienot\u0101s Karalistes un ES Euromillions versiju. Ieg\u0101d\u0101jieties bi\u013cetes no jebkuras vietas, pat \u0101rpus ES.\",\"breadcrumb\":{\"@id\":\"https:\/\/redfoxlotto.com\/lv\/informacija\/euromillions-eu\/#breadcrumb\"},\"inLanguage\":\"lv-LV\",\"potentialAction\":[{\"@type\":\"ReadAction\",\"target\":[\"https:\/\/redfoxlotto.com\/lv\/informacija\/euromillions-eu\/\"]}]},{\"@type\":\"ImageObject\",\"inLanguage\":\"lv-LV\",\"@id\":\"https:\/\/redfoxlotto.com\/lv\/informacija\/euromillions-eu\/#primaryimage\",\"url\":\"https:\/\/redfoxlotto.com\/wp-content\/uploads\/2023\/04\/powerball-draw-youtube1-300x300-1.jpg\",\"contentUrl\":\"https:\/\/redfoxlotto.com\/wp-content\/uploads\/2023\/04\/powerball-draw-youtube1-300x300-1.jpg\"},{\"@type\":\"BreadcrumbList\",\"@id\":\"https:\/\/redfoxlotto.com\/lv\/informacija\/euromillions-eu\/#breadcrumb\",\"itemListElement\":[{\"@type\":\"ListItem\",\"position\":1,\"name\":\"Home\",\"item\":\"https:\/\/redfoxlotto.com\/lv\/\"},{\"@type\":\"ListItem\",\"position\":2,\"name\":\"K\u0101 ieg\u0101d\u0101ties tie\u0161saistes loteriju bi\u013cetes \u2013 ieg\u0101des process\",\"item\":\"https:\/\/redfoxlotto.com\/lv\/informacija\/\"},{\"@type\":\"ListItem\",\"position\":3,\"name\":\"Par Euromillions EU\"}]},{\"@type\":\"WebSite\",\"@id\":\"https:\/\/redfoxlotto.com\/lv\/#website\",\"url\":\"https:\/\/redfoxlotto.com\/lv\/\",\"name\":\"Get Tickets for the World\u2019s largest jackpots\",\"description\":\"Participate in worldwide lottery jackpots from any country\",\"publisher\":{\"@id\":\"https:\/\/redfoxlotto.com\/lv\/#organization\"},\"potentialAction\":[{\"@type\":\"SearchAction\",\"target\":{\"@type\":\"EntryPoint\",\"urlTemplate\":\"https:\/\/redfoxlotto.com\/lv\/?s={search_term_string}\"},\"query-input\":{\"@type\":\"PropertyValueSpecification\",\"valueRequired\":true,\"valueName\":\"search_term_string\"}}],\"inLanguage\":\"lv-LV\"},{\"@type\":\"Organization\",\"@id\":\"https:\/\/redfoxlotto.com\/lv\/#organization\",\"name\":\"Get Tickets for the World\u2019s largest jackpots\",\"url\":\"https:\/\/redfoxlotto.com\/lv\/\",\"logo\":{\"@type\":\"ImageObject\",\"inLanguage\":\"lv-LV\",\"@id\":\"https:\/\/redfoxlotto.com\/lv\/#\/schema\/logo\/image\/\",\"url\":\"https:\/\/redfoxlotto.com\/wp-content\/uploads\/2023\/04\/logo.png\",\"contentUrl\":\"https:\/\/redfoxlotto.com\/wp-content\/uploads\/2023\/04\/logo.png\",\"width\":269,\"height\":53,\"caption\":\"Get Tickets for the World\u2019s largest jackpots\"},\"image\":{\"@id\":\"https:\/\/redfoxlotto.com\/lv\/#\/schema\/logo\/image\/\"}}]}<\/script>\n<!-- \/ Yoast SEO plugin. -->","yoast_head_json":{"title":"Nopirkt Euromillions bi\u013cetes tie\u0161saist\u0113 no valst\u012bm \u0101rpus ES","description":"K\u0101 ieg\u0101d\u0101ties Euromillions bi\u013cetes tie\u0161saist\u0113, kas attiecas uz Apvienot\u0101s Karalistes un ES Euromillions versiju. Ieg\u0101d\u0101jieties bi\u013cetes no jebkuras vietas, pat \u0101rpus ES.","robots":{"index":"index","follow":"follow","max-snippet":"max-snippet:-1","max-image-preview":"max-image-preview:large","max-video-preview":"max-video-preview:-1"},"canonical":"https:\/\/redfoxlotto.com\/lv\/informacija\/euromillions-eu\/","og_locale":"lv_LV","og_type":"article","og_title":"Nopirkt Euromillions bi\u013cetes tie\u0161saist\u0113 no valst\u012bm \u0101rpus ES","og_description":"K\u0101 ieg\u0101d\u0101ties Euromillions bi\u013cetes tie\u0161saist\u0113, kas attiecas uz Apvienot\u0101s Karalistes un ES Euromillions versiju. Ieg\u0101d\u0101jieties bi\u013cetes no jebkuras vietas, pat \u0101rpus ES.","og_url":"https:\/\/redfoxlotto.com\/lv\/informacija\/euromillions-eu\/","og_site_name":"Get Tickets for the World\u2019s largest jackpots","article_modified_time":"2025-05-28T06:53:37+00:00","og_image":[{"url":"https:\/\/redfoxlotto.com\/wp-content\/uploads\/2023\/04\/powerball-draw-youtube1-300x300-1.jpg"}],"twitter_card":"summary_large_image","twitter_misc":{"Est. reading time":"3 minutes"},"schema":{"@context":"https:\/\/schema.org","@graph":[{"@type":"WebPage","@id":"https:\/\/redfoxlotto.com\/lv\/informacija\/euromillions-eu\/","url":"https:\/\/redfoxlotto.com\/lv\/informacija\/euromillions-eu\/","name":"Nopirkt Euromillions bi\u013cetes tie\u0161saist\u0113 no valst\u012bm \u0101rpus ES","isPartOf":{"@id":"https:\/\/redfoxlotto.com\/lv\/#website"},"primaryImageOfPage":{"@id":"https:\/\/redfoxlotto.com\/lv\/informacija\/euromillions-eu\/#primaryimage"},"image":{"@id":"https:\/\/redfoxlotto.com\/lv\/informacija\/euromillions-eu\/#primaryimage"},"thumbnailUrl":"https:\/\/redfoxlotto.com\/wp-content\/uploads\/2023\/04\/powerball-draw-youtube1-300x300-1.jpg","datePublished":"2025-05-19T09:08:38+00:00","dateModified":"2025-05-28T06:53:37+00:00","description":"K\u0101 ieg\u0101d\u0101ties Euromillions bi\u013cetes tie\u0161saist\u0113, kas attiecas uz Apvienot\u0101s Karalistes un ES Euromillions versiju. Ieg\u0101d\u0101jieties bi\u013cetes no jebkuras vietas, pat \u0101rpus ES.","breadcrumb":{"@id":"https:\/\/redfoxlotto.com\/lv\/informacija\/euromillions-eu\/#breadcrumb"},"inLanguage":"lv-LV","potentialAction":[{"@type":"ReadAction","target":["https:\/\/redfoxlotto.com\/lv\/informacija\/euromillions-eu\/"]}]},{"@type":"ImageObject","inLanguage":"lv-LV","@id":"https:\/\/redfoxlotto.com\/lv\/informacija\/euromillions-eu\/#primaryimage","url":"https:\/\/redfoxlotto.com\/wp-content\/uploads\/2023\/04\/powerball-draw-youtube1-300x300-1.jpg","contentUrl":"https:\/\/redfoxlotto.com\/wp-content\/uploads\/2023\/04\/powerball-draw-youtube1-300x300-1.jpg"},{"@type":"BreadcrumbList","@id":"https:\/\/redfoxlotto.com\/lv\/informacija\/euromillions-eu\/#breadcrumb","itemListElement":[{"@type":"ListItem","position":1,"name":"Home","item":"https:\/\/redfoxlotto.com\/lv\/"},{"@type":"ListItem","position":2,"name":"K\u0101 ieg\u0101d\u0101ties tie\u0161saistes loteriju bi\u013cetes \u2013 ieg\u0101des process","item":"https:\/\/redfoxlotto.com\/lv\/informacija\/"},{"@type":"ListItem","position":3,"name":"Par Euromillions EU"}]},{"@type":"WebSite","@id":"https:\/\/redfoxlotto.com\/lv\/#website","url":"https:\/\/redfoxlotto.com\/lv\/","name":"Get Tickets for the World\u2019s largest jackpots","description":"Participate in worldwide lottery jackpots from any country","publisher":{"@id":"https:\/\/redfoxlotto.com\/lv\/#organization"},"potentialAction":[{"@type":"SearchAction","target":{"@type":"EntryPoint","urlTemplate":"https:\/\/redfoxlotto.com\/lv\/?s={search_term_string}"},"query-input":{"@type":"PropertyValueSpecification","valueRequired":true,"valueName":"search_term_string"}}],"inLanguage":"lv-LV"},{"@type":"Organization","@id":"https:\/\/redfoxlotto.com\/lv\/#organization","name":"Get Tickets for the World\u2019s largest jackpots","url":"https:\/\/redfoxlotto.com\/lv\/","logo":{"@type":"ImageObject","inLanguage":"lv-LV","@id":"https:\/\/redfoxlotto.com\/lv\/#\/schema\/logo\/image\/","url":"https:\/\/redfoxlotto.com\/wp-content\/uploads\/2023\/04\/logo.png","contentUrl":"https:\/\/redfoxlotto.com\/wp-content\/uploads\/2023\/04\/logo.png","width":269,"height":53,"caption":"Get Tickets for the World\u2019s largest jackpots"},"image":{"@id":"https:\/\/redfoxlotto.com\/lv\/#\/schema\/logo\/image\/"}}]}},"_links":{"self":[{"href":"https:\/\/redfoxlotto.com\/lv\/wp-json\/wp\/v2\/pages\/87663","targetHints":{"allow":["GET"]}}],"collection":[{"href":"https:\/\/redfoxlotto.com\/lv\/wp-json\/wp\/v2\/pages"}],"about":[{"href":"https:\/\/redfoxlotto.com\/lv\/wp-json\/wp\/v2\/types\/page"}],"author":[{"embeddable":true,"href":"https:\/\/redfoxlotto.com\/lv\/wp-json\/wp\/v2\/users\/8"}],"replies":[{"embeddable":true,"href":"https:\/\/redfoxlotto.com\/lv\/wp-json\/wp\/v2\/comments?post=87663"}],"version-history":[{"count":0,"href":"https:\/\/redfoxlotto.com\/lv\/wp-json\/wp\/v2\/pages\/87663\/revisions"}],"up":[{"embeddable":true,"href":"https:\/\/redfoxlotto.com\/lv\/wp-json\/wp\/v2\/pages\/16999"}],"wp:attachment":[{"href":"https:\/\/redfoxlotto.com\/lv\/wp-json\/wp\/v2\/media?parent=87663"}],"curies":[{"name":"wp","href":"https:\/\/api.w.org\/{rel}","templated":true}]}}