{"id":87598,"date":"2025-05-19T09:07:38","date_gmt":"2025-05-19T09:07:38","guid":{"rendered":"https:\/\/redfoxlotto.com\/?page_id=87598"},"modified":"2025-12-17T06:50:11","modified_gmt":"2025-12-17T06:50:11","slug":"euromillions-eu","status":"publish","type":"page","link":"https:\/\/redfoxlotto.com\/lv\/spelet\/euromillions-eu\/","title":{"rendered":"Sp\u0113l\u0113jiet Euromillions EU"},"content":{"rendered":"<p><script type=\"application\/ld+json\">\n{\n  \"@context\": \"https:\/\/schema.org\",\n  \"@type\": \"Service\",\n  \"name\": \"Sp\u0113l\u0113jiet Euromillions Tie\u0161saist\u0113\",\n  \"url\": \"https:\/\/redfoxlotto.com\/lv\/spelet\/euromillions\/\",\n  \"description\": \"Sp\u0113l\u0113jiet Euromillions loteriju tie\u0161saist\u0113 no jebkuras valsts. Apmekl\u0113jiet RedFoxLotto, izv\u0113lieties savus numurus un ieg\u016bstiet bi\u013cetes.\",\n  \"serviceType\": \"Online lottery ticket messenger service\",\n  \"provider\": {\n    \"@type\": \"Organization\",\n    \"name\": \"RedFoxLotto\",\n    \"url\": \"https:\/\/redfoxlotto.com\/lv\/\",\n    \"image\": \"https:\/\/redfoxlotto.com\/wp-content\/uploads\/2025\/12\/ticket_scans.jpg\",\n    \"sameAs\": []\n  },\n  \"areaServed\": \"Worldwide\",\n  \"termsOfService\": \"https:\/\/redfoxlotto.com\/terms-and-conditions\",\n  \"additionalProperty\": {\n    \"@type\": \"PropertyValue\",\n    \"name\": \"FAQ\",\n    \"value\": \"https:\/\/redfoxlotto.com\/lv\/faq\/\"\n  },\n  \"hasOfferCatalog\": {\n    \"@type\": \"OfferCatalog\",\n    \"name\": \"Euromillions Loterijas Bi\u013cetes\",\n    \"itemListElement\": [\n      {\n        \"@type\": \"Offer\",\n        \"name\": \"Euromillions Bi\u013cetes\",\n        \"url\": \"https:\/\/redfoxlotto.com\/lv\/spelet\/euromillions\/\",\n        \"description\": \"Noklik\u0161\u0137iniet \u0161eit, lai izv\u0113l\u0113tos savus numurus n\u0101kamajai Euromillions izlozei \u2013 pas\u016btiet bi\u013cetes tie\u0161saist\u0113.\",\n        \"price\": \"7.00\",\n        \"priceCurrency\": \"EUR\",\n        \"availability\": \"https:\/\/schema.org\/InStock\",\n        \"itemOffered\": {\n          \"@type\": \"Service\",\n          \"name\": \"Euromillions Loterijas Bi\u013cetes\",\n          \"description\": \"Sp\u0113l\u0113jiet n\u0101kamaj\u0101 Euromillions izloz\u0113, izmantojot RedFoxLotto.\"\n        }\n      }\n    ]\n  },\n  \"mainEntityOfPage\": {\n    \"@type\": \"WebPage\",\n    \"@id\": \"https:\/\/redfoxlotto.com\/lv\/spelet\/euromillions\/\"\n  }\n}\n<\/script><\/p>\n<p><img loading=\"lazy\" decoding=\"async\" class=\" wp-image-67116 alignleft\" src=\"https:\/\/redfoxlotto.com\/wp-content\/uploads\/2024\/03\/Balls-300x300.png\" alt=\"euromillions Austrija\" width=\"244\" height=\"244\" \/><\/p>\n<h2 data-start=\"41\" data-end=\"87\">Ievads: Kas ir EuroMillions EU (Austrija)?<\/h2>\n<p data-start=\"89\" data-end=\"343\">EuroMillions EU (Austrija) ir viena no popul\u0101r\u0101kaj\u0101m un visbag\u0101t\u0101kaj\u0101m loterij\u0101m Eirop\u0101. T\u0101 tika ieviesta 2004. gad\u0101, un ofici\u0101li tiek sp\u0113l\u0113ta devi\u0146\u0101s Eiropas valst\u012bs: Francij\u0101, Sp\u0101nij\u0101, Austrij\u0101, Be\u013c\u0123ij\u0101, \u012arij\u0101, Luksemburg\u0101, Portug\u0101l\u0113, \u0160veic\u0113 un Andor\u0101.<\/p>\n<p data-start=\"345\" data-end=\"639\">Bet kas notiek, ja j\u016bs nedz\u012bvojat Eirop\u0101 vai valst\u012b, kas piedal\u0101s EuroMillions? Vai j\u016bs joproj\u0101m varat piedal\u012bties un c\u012bn\u012bties par dz\u012bvi maino\u0161u d\u017eekpotu? Atbilde ir: j\u0101 \u2013 izmantojot RedFoxLotto.com, j\u016bs varat ieg\u0101d\u0101ties EuroMillions EU (Austrija) bi\u013cetes tie\u0161saist\u0113 no jebkuras vietas pasaul\u0113.<\/p>\n<h2 data-start=\"641\" data-end=\"687\">K\u0101 sp\u0113l\u0113t EuroMillions tie\u0161saist\u0113 \u0101rpus ES<\/h2>\n<p data-start=\"689\" data-end=\"903\">Ja j\u016bsu valsts nav dal\u012bbniece, j\u016bs nevar\u0113siet ieg\u0101d\u0101ties bi\u013ceti viet\u0113j\u0101 veikal\u0101. Par laimi, izmantojot t\u0101du uzticamu starpniekservisu k\u0101 RedFoxLotto, j\u016bs joproj\u0101m varat ieg\u0101d\u0101ties \u012bstu bi\u013ceti. L\u016bk, k\u0101 tas darbojas:<\/p>\n<ol data-start=\"905\" data-end=\"1205\">\n<li data-start=\"905\" data-end=\"941\">\n<p data-start=\"908\" data-end=\"941\">Apmekl\u0113jiet <a class=\"\" href=\"http:\/\/www.RedFoxLotto.com\" target=\"_new\" rel=\"noopener\" data-start=\"920\" data-end=\"939\">www.RedFoxLotto.com<\/a><\/p>\n<\/li>\n<li data-start=\"942\" data-end=\"992\">\n<p data-start=\"945\" data-end=\"992\">Izv\u0113lieties EuroMillions EU (Austrija) izlozi<\/p>\n<\/li>\n<li data-start=\"993\" data-end=\"1053\">\n<p data-start=\"996\" data-end=\"1053\">Izv\u0113lieties savus skait\u013cus vai izmantojiet \u201cQuick Pick\u201d<\/p>\n<\/li>\n<li data-start=\"1054\" data-end=\"1136\">\n<p data-start=\"1057\" data-end=\"1136\">Pabeidziet pas\u016bt\u012bjumu \u2013 viet\u0113jais a\u0123ents Austrij\u0101 ieg\u0101d\u0101sies jums \u012bstu bi\u013ceti<\/p>\n<\/li>\n<li data-start=\"1137\" data-end=\"1205\">\n<p data-start=\"1140\" data-end=\"1205\">Sken\u0113ta bi\u013cetes kopija tiks pievienota j\u016bsu kontam k\u0101 pier\u0101d\u012bjums<\/p>\n<\/li>\n<\/ol>\n<p data-start=\"1207\" data-end=\"1379\">Tas ir 100 % likum\u012bgi un garant\u0113ts veids, k\u0101 piedal\u012bties ofici\u0101laj\u0101 EuroMillions EU (Austrija) izloz\u0113, neatkar\u012bgi no t\u0101, vai dz\u012bvojat \u0100zij\u0101, \u0100frik\u0101, Amerik\u0101 vai Austr\u0101lij\u0101.<\/p>\n<h2 data-start=\"1381\" data-end=\"1461\">At\u0161\u0137ir\u012bbas starp EuroMillions EU (Austrija) un Apvienot\u0101s Karalistes versiju<\/h2>\n<p data-start=\"1463\" data-end=\"1582\">Ir divas da\u017e\u0101das sp\u0113les: EuroMillions EU un UK EuroMillions. Abas ir EuroMillions \u0123imenes da\u013cas, bet t\u0101s ir at\u0161\u0137ir\u012bgas.<\/p>\n<p data-start=\"1584\" data-end=\"1759\">Lielbrit\u0101nijas bi\u013cetes ir d\u0101rg\u0101kas, jo taj\u0101s ir iek\u013cauts papildsp\u0113les elements &#8220;Millionaire Maker&#8221;, kas katr\u0101 izloz\u0113 garant\u0113 vienu \u00a31 miljonu uzvar\u0113t\u0101ju Apvienotaj\u0101 Karalist\u0113.<\/p>\n<p data-start=\"1761\" data-end=\"1890\">Apvienot\u0101s Karalistes versijai ir at\u0161\u0137ir\u012bga izmaksu strukt\u016bra, k\u0101 ar\u012b to ietekm\u0113 regul\u0113juma izmaksas un val\u016btas kursu sv\u0101rst\u012bbas.<\/p>\n<p data-start=\"1892\" data-end=\"2089\">Ja j\u016bs sp\u0113l\u0113jat caur RedFoxLotto, j\u016bs piedal\u0101ties ES (Austrijas) versij\u0101, nevis Lielbrit\u0101nijas izloz\u0113. \u0160\u012b versija neietver Millionaire Maker, l\u012bdz ar to bi\u013cetes ir l\u0113t\u0101kas un noteikumi vienk\u0101r\u0161\u0101ki.<\/p>\n<h2 data-start=\"2091\" data-end=\"2122\">Kur tiek ieg\u0101d\u0101tas bi\u013cetes?<\/h2>\n<p data-start=\"2124\" data-end=\"2279\">Visas EuroMillions (ES versija) bi\u013cetes, kas rezerv\u0113tas RedFoxLotto, tiek fiziski ieg\u0101d\u0101tas Austrij\u0101 \u2013 ofici\u0101l\u0101 dal\u012bbvalst\u012b ar \u0113rtu atra\u0161an\u0101s vietu Eirop\u0101.<\/p>\n<h2 data-start=\"2281\" data-end=\"2306\">K\u0101p\u0113c tie\u0161i Austrija?<\/h2>\n<p data-start=\"2308\" data-end=\"2478\">Austrija ir ES dal\u012bbvalsts un nodro\u0161ina piek\u013cuvi ori\u0123in\u0101lajai EuroMillions EU izlozei. Bi\u013cetes tiek p\u0101rvald\u012btas saska\u0146\u0101 ar stingriem noteikumiem un piln\u012bgu caurskat\u0101m\u012bbu.<\/p>\n<p data-start=\"2480\" data-end=\"2689\">Pa\u0161laik Austrij\u0101 loterijas laimesti netiek aplikti ar nodokli \u2013 milz\u012bga priek\u0161roc\u012bba \u0101rzemju sp\u0113l\u0113t\u0101jiem. Tikl\u012bdz j\u016bsu bi\u013cete ir ieg\u0101d\u0101ta, t\u0101s sken\u0113ta kopija tiek pievienota j\u016bsu kontam k\u0101 \u012bpa\u0161uma pier\u0101d\u012bjums.<\/p>\n<h2 data-start=\"2691\" data-end=\"2747\">D\u017eekpota inform\u0101cija: minim\u0101l\u0101s un maksim\u0101l\u0101s balvas<\/h2>\n<p data-start=\"2749\" data-end=\"2867\">Viens no galvenajiem iemesliem, k\u0101p\u0113c cilv\u0113ki vis\u0101 pasaul\u0113 v\u0113las sp\u0113l\u0113t EuroMillions tie\u0161saist\u0113, ir milz\u012bgie d\u017eekpoti.<\/p>\n<p data-start=\"2869\" data-end=\"2890\">L\u016bk, k\u0101 tas darbojas:<\/p>\n<ul data-start=\"2892\" data-end=\"2971\">\n<li data-start=\"2892\" data-end=\"2928\">\n<p data-start=\"2894\" data-end=\"2928\">Minim\u0101lais d\u017eekpots: \u20ac17 miljoni<\/p>\n<\/li>\n<li data-start=\"2929\" data-end=\"2971\">\n<p data-start=\"2931\" data-end=\"2971\">Maksim\u0101l\u0101 balva (limits): \u20ac250 miljoni<\/p>\n<\/li>\n<\/ul>\n<p data-start=\"2973\" data-end=\"3053\">Ja nav uzvar\u0113t\u0101ja, balvu fonds tiek p\u0101rnests uz n\u0101kamo izlozi, strauji pieaugot.<\/p>\n<h2 data-start=\"3055\" data-end=\"3107\">Kas notiek, kad d\u017eekpots sasniedz \u20ac200 miljonus?<\/h2>\n<p data-start=\"3109\" data-end=\"3148\">Kad balvu fonds sasniedz \u20ac200 miljonus:<\/p>\n<ul data-start=\"3150\" data-end=\"3242\">\n<li data-start=\"3150\" data-end=\"3190\">\n<p data-start=\"3152\" data-end=\"3190\">D\u017eekpots palielin\u0101s pa \u20ac10 miljoniem<\/p>\n<\/li>\n<li data-start=\"3191\" data-end=\"3242\">\n<p data-start=\"3193\" data-end=\"3242\">L\u012bdz br\u012bdim, kad sasniedz \u20ac250 miljonu griestus<\/p>\n<\/li>\n<\/ul>\n<h2 data-start=\"3244\" data-end=\"3285\">Kas notiek, sasniedzot \u20ac250 miljonus?<\/h2>\n<p data-start=\"3287\" data-end=\"3436\">Sasniedzot \u0161o limitu, d\u017eekpots var palikt \u0161aj\u0101 l\u012bmen\u012b v\u0113l \u010detras izlozes. Ja joproj\u0101m nav uzvar\u0113t\u0101ja, visa summa tiek sadal\u012bta n\u0101kamaj\u0101 balvu l\u012bmen\u012b.<\/p>\n<p data-start=\"3438\" data-end=\"3562\">\u0160ie noteikumi padara EuroMillions EU (Austrija) par vienu no aizraujo\u0161\u0101kaj\u0101m un sp\u0113l\u0113t\u0101jam draudz\u012bg\u0101kaj\u0101m loterij\u0101m pasaul\u0113.<\/p>\n<h2 data-start=\"3564\" data-end=\"3618\">K\u0101p\u0113c sp\u0113l\u0113t EuroMillions EU (Austrija) tie\u0161saist\u0113<\/h2>\n<p data-start=\"3620\" data-end=\"3686\">\u012apa\u0161i, ja atrodaties \u0101rpus ES, ir daudz iemeslu sp\u0113l\u0113t tie\u0161saist\u0113:<\/p>\n<ul data-start=\"3688\" data-end=\"3971\">\n<li data-start=\"3688\" data-end=\"3765\">\n<p data-start=\"3690\" data-end=\"3765\">Glob\u0101la piek\u013cuve: ikviens var piedal\u012bties, neatkar\u012bgi no atra\u0161an\u0101s vietas<\/p>\n<\/li>\n<li data-start=\"3766\" data-end=\"3825\">\n<p data-start=\"3768\" data-end=\"3825\">\u0112rti: ieg\u0101d\u0101jieties bi\u013ceti jebkur\u0101 laik\u0101, jebkur\u0101 viet\u0101<\/p>\n<\/li>\n<li data-start=\"3826\" data-end=\"3858\">\n<p data-start=\"3828\" data-end=\"3858\">Digit\u0101ls pirkuma pier\u0101d\u012bjums<\/p>\n<\/li>\n<li data-start=\"3859\" data-end=\"3929\">\n<p data-start=\"3861\" data-end=\"3929\">Nodok\u013cu priek\u0161roc\u012bbas: Austrij\u0101 laimesti netiek aplikti ar nodokli<\/p>\n<\/li>\n<li data-start=\"3930\" data-end=\"3971\">\n<p data-start=\"3932\" data-end=\"3971\">Milz\u012bgi d\u017eekpoti: l\u012bdz \u20ac250 miljoniem<\/p>\n<\/li>\n<\/ul>\n<h2 data-start=\"3973\" data-end=\"3986\">Nosl\u0113gum\u0101<\/h2>\n<p data-start=\"3988\" data-end=\"4171\">Jums nav j\u0101dz\u012bvo Francij\u0101, Sp\u0101nij\u0101 vai Portug\u0101l\u0113, lai piedal\u012btos EuroMillions EU (Austrija). Interneta laikmet\u0101 j\u016bs varat sp\u0113l\u0113t pat \u0101rpus ES un pretend\u0113t uz rekordlieliem laimestiem.<\/p>\n<p data-start=\"4173\" data-end=\"4432\">Neatkar\u012bgi no t\u0101, vai j\u016bs v\u0113laties k\u013c\u016bt par n\u0101kamo Eiropas miljon\u0101ru vai vienk\u0101r\u0161i izbaud\u012bt sp\u0113les prieku, RedFoxLotto.com \u013cauj to dar\u012bt vienk\u0101r\u0161i. Izv\u0113lieties savus laim\u012bgos skait\u013cus un sp\u0113l\u0113jiet jau \u0161odien \u2013 n\u0101kamais lielais uzvar\u0113t\u0101js var\u0113tu b\u016bt tie\u0161i j\u016bs!<\/p>\n","protected":false},"excerpt":{"rendered":"<p>Ievads: Kas ir EuroMillions EU (Austrija)? EuroMillions EU (Austrija) ir viena no popul\u0101r\u0101kaj\u0101m un visbag\u0101t\u0101kaj\u0101m loterij\u0101m Eirop\u0101. T\u0101 tika ieviesta 2004. gad\u0101, un ofici\u0101li tiek sp\u0113l\u0113ta devi\u0146\u0101s Eiropas valst\u012bs: Francij\u0101, Sp\u0101nij\u0101, Austrij\u0101, Be\u013c\u0123ij\u0101, \u012arij\u0101, Luksemburg\u0101, Portug\u0101l\u0113, \u0160veic\u0113 un Andor\u0101. Bet kas notiek, ja j\u016bs nedz\u012bvojat Eirop\u0101 vai valst\u012b, kas piedal\u0101s EuroMillions? Vai j\u016bs joproj\u0101m varat [&hellip;]<\/p>\n","protected":false},"author":8,"featured_media":0,"parent":17017,"menu_order":4,"comment_status":"closed","ping_status":"closed","template":"euromillions-at.php","meta":{"_et_pb_use_builder":"","_et_pb_old_content":"","_et_gb_content_width":"","exclude_from_search":false,"footnotes":""},"class_list":["post-87598","page","type-page","status-publish","hentry"],"yoast_head":"<!-- This site is optimized with the Yoast SEO plugin v23.8 - https:\/\/yoast.com\/wordpress\/plugins\/seo\/ -->\n<title>Sp\u0113l\u0113jiet Euromillions tie\u0161saist\u0113 \u0101rpus ES<\/title>\n<meta name=\"description\" content=\"K\u0101 sp\u0113l\u0113t Euromillions tie\u0161saist\u0113 \u0101rpus ES vai ja j\u016bsu valsts nepiedal\u0101s Euromillions programm\u0101?\" \/>\n<meta name=\"robots\" content=\"index, follow, max-snippet:-1, max-image-preview:large, max-video-preview:-1\" \/>\n<link rel=\"canonical\" href=\"https:\/\/redfoxlotto.com\/lv\/spelet\/euromillions-eu\/\" \/>\n<meta property=\"og:locale\" content=\"lv_LV\" \/>\n<meta property=\"og:type\" content=\"article\" \/>\n<meta property=\"og:title\" content=\"Sp\u0113l\u0113jiet Euromillions tie\u0161saist\u0113 \u0101rpus ES\" \/>\n<meta property=\"og:description\" content=\"K\u0101 sp\u0113l\u0113t Euromillions tie\u0161saist\u0113 \u0101rpus ES vai ja j\u016bsu valsts nepiedal\u0101s Euromillions programm\u0101?\" \/>\n<meta property=\"og:url\" content=\"https:\/\/redfoxlotto.com\/lv\/spelet\/euromillions-eu\/\" \/>\n<meta property=\"og:site_name\" content=\"Get Tickets for the World\u2019s largest jackpots\" \/>\n<meta property=\"article:modified_time\" content=\"2025-12-17T06:50:11+00:00\" \/>\n<meta property=\"og:image\" content=\"https:\/\/redfoxlotto.com\/wp-content\/uploads\/2024\/03\/Balls-300x300.png\" \/>\n<meta name=\"twitter:card\" content=\"summary_large_image\" \/>\n<meta name=\"twitter:label1\" content=\"Est. reading time\" \/>\n\t<meta name=\"twitter:data1\" content=\"3 minutes\" \/>\n<script type=\"application\/ld+json\" class=\"yoast-schema-graph\">{\"@context\":\"https:\/\/schema.org\",\"@graph\":[{\"@type\":\"WebPage\",\"@id\":\"https:\/\/redfoxlotto.com\/lv\/spelet\/euromillions-eu\/\",\"url\":\"https:\/\/redfoxlotto.com\/lv\/spelet\/euromillions-eu\/\",\"name\":\"Sp\u0113l\u0113jiet Euromillions tie\u0161saist\u0113 \u0101rpus ES\",\"isPartOf\":{\"@id\":\"https:\/\/redfoxlotto.com\/lv\/#website\"},\"primaryImageOfPage\":{\"@id\":\"https:\/\/redfoxlotto.com\/lv\/spelet\/euromillions-eu\/#primaryimage\"},\"image\":{\"@id\":\"https:\/\/redfoxlotto.com\/lv\/spelet\/euromillions-eu\/#primaryimage\"},\"thumbnailUrl\":\"https:\/\/redfoxlotto.com\/wp-content\/uploads\/2024\/03\/Balls-300x300.png\",\"datePublished\":\"2025-05-19T09:07:38+00:00\",\"dateModified\":\"2025-12-17T06:50:11+00:00\",\"description\":\"K\u0101 sp\u0113l\u0113t Euromillions tie\u0161saist\u0113 \u0101rpus ES vai ja j\u016bsu valsts nepiedal\u0101s Euromillions programm\u0101?\",\"breadcrumb\":{\"@id\":\"https:\/\/redfoxlotto.com\/lv\/spelet\/euromillions-eu\/#breadcrumb\"},\"inLanguage\":\"lv-LV\",\"potentialAction\":[{\"@type\":\"ReadAction\",\"target\":[\"https:\/\/redfoxlotto.com\/lv\/spelet\/euromillions-eu\/\"]}]},{\"@type\":\"ImageObject\",\"inLanguage\":\"lv-LV\",\"@id\":\"https:\/\/redfoxlotto.com\/lv\/spelet\/euromillions-eu\/#primaryimage\",\"url\":\"https:\/\/redfoxlotto.com\/wp-content\/uploads\/2024\/03\/Balls-300x300.png\",\"contentUrl\":\"https:\/\/redfoxlotto.com\/wp-content\/uploads\/2024\/03\/Balls-300x300.png\"},{\"@type\":\"BreadcrumbList\",\"@id\":\"https:\/\/redfoxlotto.com\/lv\/spelet\/euromillions-eu\/#breadcrumb\",\"itemListElement\":[{\"@type\":\"ListItem\",\"position\":1,\"name\":\"Home\",\"item\":\"https:\/\/redfoxlotto.com\/lv\/\"},{\"@type\":\"ListItem\",\"position\":2,\"name\":\"K\u0101 piedal\u012bties loterij\u0101s cit\u0101s valst\u012bs\",\"item\":\"https:\/\/redfoxlotto.com\/lv\/spelet\/\"},{\"@type\":\"ListItem\",\"position\":3,\"name\":\"Sp\u0113l\u0113jiet Euromillions EU\"}]},{\"@type\":\"WebSite\",\"@id\":\"https:\/\/redfoxlotto.com\/lv\/#website\",\"url\":\"https:\/\/redfoxlotto.com\/lv\/\",\"name\":\"Get Tickets for the World\u2019s largest jackpots\",\"description\":\"Participate in worldwide lottery jackpots from any country\",\"publisher\":{\"@id\":\"https:\/\/redfoxlotto.com\/lv\/#organization\"},\"potentialAction\":[{\"@type\":\"SearchAction\",\"target\":{\"@type\":\"EntryPoint\",\"urlTemplate\":\"https:\/\/redfoxlotto.com\/lv\/?s={search_term_string}\"},\"query-input\":{\"@type\":\"PropertyValueSpecification\",\"valueRequired\":true,\"valueName\":\"search_term_string\"}}],\"inLanguage\":\"lv-LV\"},{\"@type\":\"Organization\",\"@id\":\"https:\/\/redfoxlotto.com\/lv\/#organization\",\"name\":\"Get Tickets for the World\u2019s largest jackpots\",\"url\":\"https:\/\/redfoxlotto.com\/lv\/\",\"logo\":{\"@type\":\"ImageObject\",\"inLanguage\":\"lv-LV\",\"@id\":\"https:\/\/redfoxlotto.com\/lv\/#\/schema\/logo\/image\/\",\"url\":\"https:\/\/redfoxlotto.com\/wp-content\/uploads\/2023\/04\/logo.png\",\"contentUrl\":\"https:\/\/redfoxlotto.com\/wp-content\/uploads\/2023\/04\/logo.png\",\"width\":269,\"height\":53,\"caption\":\"Get Tickets for the World\u2019s largest jackpots\"},\"image\":{\"@id\":\"https:\/\/redfoxlotto.com\/lv\/#\/schema\/logo\/image\/\"}}]}<\/script>\n<!-- \/ Yoast SEO plugin. -->","yoast_head_json":{"title":"Sp\u0113l\u0113jiet Euromillions tie\u0161saist\u0113 \u0101rpus ES","description":"K\u0101 sp\u0113l\u0113t Euromillions tie\u0161saist\u0113 \u0101rpus ES vai ja j\u016bsu valsts nepiedal\u0101s Euromillions programm\u0101?","robots":{"index":"index","follow":"follow","max-snippet":"max-snippet:-1","max-image-preview":"max-image-preview:large","max-video-preview":"max-video-preview:-1"},"canonical":"https:\/\/redfoxlotto.com\/lv\/spelet\/euromillions-eu\/","og_locale":"lv_LV","og_type":"article","og_title":"Sp\u0113l\u0113jiet Euromillions tie\u0161saist\u0113 \u0101rpus ES","og_description":"K\u0101 sp\u0113l\u0113t Euromillions tie\u0161saist\u0113 \u0101rpus ES vai ja j\u016bsu valsts nepiedal\u0101s Euromillions programm\u0101?","og_url":"https:\/\/redfoxlotto.com\/lv\/spelet\/euromillions-eu\/","og_site_name":"Get Tickets for the World\u2019s largest jackpots","article_modified_time":"2025-12-17T06:50:11+00:00","og_image":[{"url":"https:\/\/redfoxlotto.com\/wp-content\/uploads\/2024\/03\/Balls-300x300.png"}],"twitter_card":"summary_large_image","twitter_misc":{"Est. reading time":"3 minutes"},"schema":{"@context":"https:\/\/schema.org","@graph":[{"@type":"WebPage","@id":"https:\/\/redfoxlotto.com\/lv\/spelet\/euromillions-eu\/","url":"https:\/\/redfoxlotto.com\/lv\/spelet\/euromillions-eu\/","name":"Sp\u0113l\u0113jiet Euromillions tie\u0161saist\u0113 \u0101rpus ES","isPartOf":{"@id":"https:\/\/redfoxlotto.com\/lv\/#website"},"primaryImageOfPage":{"@id":"https:\/\/redfoxlotto.com\/lv\/spelet\/euromillions-eu\/#primaryimage"},"image":{"@id":"https:\/\/redfoxlotto.com\/lv\/spelet\/euromillions-eu\/#primaryimage"},"thumbnailUrl":"https:\/\/redfoxlotto.com\/wp-content\/uploads\/2024\/03\/Balls-300x300.png","datePublished":"2025-05-19T09:07:38+00:00","dateModified":"2025-12-17T06:50:11+00:00","description":"K\u0101 sp\u0113l\u0113t Euromillions tie\u0161saist\u0113 \u0101rpus ES vai ja j\u016bsu valsts nepiedal\u0101s Euromillions programm\u0101?","breadcrumb":{"@id":"https:\/\/redfoxlotto.com\/lv\/spelet\/euromillions-eu\/#breadcrumb"},"inLanguage":"lv-LV","potentialAction":[{"@type":"ReadAction","target":["https:\/\/redfoxlotto.com\/lv\/spelet\/euromillions-eu\/"]}]},{"@type":"ImageObject","inLanguage":"lv-LV","@id":"https:\/\/redfoxlotto.com\/lv\/spelet\/euromillions-eu\/#primaryimage","url":"https:\/\/redfoxlotto.com\/wp-content\/uploads\/2024\/03\/Balls-300x300.png","contentUrl":"https:\/\/redfoxlotto.com\/wp-content\/uploads\/2024\/03\/Balls-300x300.png"},{"@type":"BreadcrumbList","@id":"https:\/\/redfoxlotto.com\/lv\/spelet\/euromillions-eu\/#breadcrumb","itemListElement":[{"@type":"ListItem","position":1,"name":"Home","item":"https:\/\/redfoxlotto.com\/lv\/"},{"@type":"ListItem","position":2,"name":"K\u0101 piedal\u012bties loterij\u0101s cit\u0101s valst\u012bs","item":"https:\/\/redfoxlotto.com\/lv\/spelet\/"},{"@type":"ListItem","position":3,"name":"Sp\u0113l\u0113jiet Euromillions EU"}]},{"@type":"WebSite","@id":"https:\/\/redfoxlotto.com\/lv\/#website","url":"https:\/\/redfoxlotto.com\/lv\/","name":"Get Tickets for the World\u2019s largest jackpots","description":"Participate in worldwide lottery jackpots from any country","publisher":{"@id":"https:\/\/redfoxlotto.com\/lv\/#organization"},"potentialAction":[{"@type":"SearchAction","target":{"@type":"EntryPoint","urlTemplate":"https:\/\/redfoxlotto.com\/lv\/?s={search_term_string}"},"query-input":{"@type":"PropertyValueSpecification","valueRequired":true,"valueName":"search_term_string"}}],"inLanguage":"lv-LV"},{"@type":"Organization","@id":"https:\/\/redfoxlotto.com\/lv\/#organization","name":"Get Tickets for the World\u2019s largest jackpots","url":"https:\/\/redfoxlotto.com\/lv\/","logo":{"@type":"ImageObject","inLanguage":"lv-LV","@id":"https:\/\/redfoxlotto.com\/lv\/#\/schema\/logo\/image\/","url":"https:\/\/redfoxlotto.com\/wp-content\/uploads\/2023\/04\/logo.png","contentUrl":"https:\/\/redfoxlotto.com\/wp-content\/uploads\/2023\/04\/logo.png","width":269,"height":53,"caption":"Get Tickets for the World\u2019s largest jackpots"},"image":{"@id":"https:\/\/redfoxlotto.com\/lv\/#\/schema\/logo\/image\/"}}]}},"_links":{"self":[{"href":"https:\/\/redfoxlotto.com\/lv\/wp-json\/wp\/v2\/pages\/87598","targetHints":{"allow":["GET"]}}],"collection":[{"href":"https:\/\/redfoxlotto.com\/lv\/wp-json\/wp\/v2\/pages"}],"about":[{"href":"https:\/\/redfoxlotto.com\/lv\/wp-json\/wp\/v2\/types\/page"}],"author":[{"embeddable":true,"href":"https:\/\/redfoxlotto.com\/lv\/wp-json\/wp\/v2\/users\/8"}],"replies":[{"embeddable":true,"href":"https:\/\/redfoxlotto.com\/lv\/wp-json\/wp\/v2\/comments?post=87598"}],"version-history":[{"count":0,"href":"https:\/\/redfoxlotto.com\/lv\/wp-json\/wp\/v2\/pages\/87598\/revisions"}],"up":[{"embeddable":true,"href":"https:\/\/redfoxlotto.com\/lv\/wp-json\/wp\/v2\/pages\/17017"}],"wp:attachment":[{"href":"https:\/\/redfoxlotto.com\/lv\/wp-json\/wp\/v2\/media?parent=87598"}],"curies":[{"name":"wp","href":"https:\/\/api.w.org\/{rel}","templated":true}]}}