{"id":87452,"date":"2025-05-21T09:02:00","date_gmt":"2025-05-21T09:02:00","guid":{"rendered":"https:\/\/redfoxlotto.com\/?page_id=87452"},"modified":"2025-10-07T12:43:55","modified_gmt":"2025-10-07T12:43:55","slug":"platinum-keno-5-miljonu-eiro-galvena-balva","status":"publish","type":"page","link":"https:\/\/redfoxlotto.com\/lv\/keno\/platinum-keno-5-miljonu-eiro-galvena-balva\/","title":{"rendered":"Platinum Keno 5 miljonu eiro galven\u0101 balva"},"content":{"rendered":"<p>\u0160\u012b 5 miljonu eiro v\u0113rt\u0101 Keno sp\u0113le tiek izloz\u0113ta katru dienu &#8211; izv\u0113lieties savu skait\u013cu kombin\u0101ciju jau tagad!<\/p>\n<div class=\"keno-banner-wrapper\">\n  <img decoding=\"async\" src=\"https:\/\/redfoxlotto.com\/wp-content\/uploads\/2025\/10\/1-scaled.png\" alt=\"Keno Banner\" class=\"keno-banner-image\"><br \/>\n  <div class=\"keno-banner-overlay\"><div class=\"keno-banner-text\">Galven\u0101 balva: \u20ac5,000,000<br>Izlozes ik p\u0113c 8 min\u016bt\u0113m<\/div><a href=\"https:\/\/keno.redfoxlotto.com\/play\/platinum-keno\" class=\"keno-banner-button\">Sp\u0113l\u0113jiet Platinum Keno t\u016bl\u012bt<\/a><\/div>\n<\/div>\n","protected":false},"excerpt":{"rendered":"<p>\u0160\u012b 5 miljonu eiro v\u0113rt\u0101 Keno sp\u0113le tiek izloz\u0113ta katru dienu &#8211; izv\u0113lieties savu skait\u013cu kombin\u0101ciju jau tagad!<\/p>\n","protected":false},"author":8,"featured_media":0,"parent":84416,"menu_order":41,"comment_status":"closed","ping_status":"closed","template":"","meta":{"_et_pb_use_builder":"","_et_pb_old_content":"","_et_gb_content_width":"","exclude_from_search":false,"footnotes":""},"class_list":["post-87452","page","type-page","status-publish","hentry"],"yoast_head":"<!-- This site is optimized with the Yoast SEO plugin v23.8 - https:\/\/yoast.com\/wordpress\/plugins\/seo\/ -->\n<title>Lab\u0101k\u0101s Keno skait\u013cu kombin\u0101cijas | Lab\u0101kie skait\u013ci, ko sp\u0113l\u0113t Keno sp\u0113l\u0113s<\/title>\n<meta name=\"description\" content=\"Izv\u0113lieties lab\u0101k\u0101s Keno skait\u013cu kombin\u0101cijas \u0161eit, m\u016bsu vietn\u0113, un sp\u0113l\u0113jiet lab\u0101k\u0101s 5 miljonu eiro un 10 miljonu eiro Keno sp\u0113les.\" \/>\n<meta name=\"robots\" content=\"index, follow, max-snippet:-1, max-image-preview:large, max-video-preview:-1\" \/>\n<link rel=\"canonical\" href=\"https:\/\/redfoxlotto.com\/lv\/keno\/platinum-keno-5-miljonu-eiro-galvena-balva\/\" \/>\n<meta property=\"og:locale\" content=\"lv_LV\" \/>\n<meta property=\"og:type\" content=\"article\" \/>\n<meta property=\"og:title\" content=\"Lab\u0101k\u0101s Keno skait\u013cu kombin\u0101cijas | Lab\u0101kie skait\u013ci, ko sp\u0113l\u0113t Keno sp\u0113l\u0113s\" \/>\n<meta property=\"og:description\" content=\"Izv\u0113lieties lab\u0101k\u0101s Keno skait\u013cu kombin\u0101cijas \u0161eit, m\u016bsu vietn\u0113, un sp\u0113l\u0113jiet lab\u0101k\u0101s 5 miljonu eiro un 10 miljonu eiro Keno sp\u0113les.\" \/>\n<meta property=\"og:url\" content=\"https:\/\/redfoxlotto.com\/lv\/keno\/platinum-keno-5-miljonu-eiro-galvena-balva\/\" \/>\n<meta property=\"og:site_name\" content=\"Get Tickets for the World\u2019s largest jackpots\" \/>\n<meta property=\"article:modified_time\" content=\"2025-10-07T12:43:55+00:00\" \/>\n<meta property=\"og:image\" content=\"https:\/\/redfoxlotto.com\/wp-content\/uploads\/2025\/10\/1-scaled.png\" \/>\n<meta name=\"twitter:card\" content=\"summary_large_image\" \/>\n<meta name=\"twitter:label1\" content=\"Est. reading time\" \/>\n\t<meta name=\"twitter:data1\" content=\"1 minute\" \/>\n<script type=\"application\/ld+json\" class=\"yoast-schema-graph\">{\"@context\":\"https:\/\/schema.org\",\"@graph\":[{\"@type\":\"WebPage\",\"@id\":\"https:\/\/redfoxlotto.com\/lv\/keno\/platinum-keno-5-miljonu-eiro-galvena-balva\/\",\"url\":\"https:\/\/redfoxlotto.com\/lv\/keno\/platinum-keno-5-miljonu-eiro-galvena-balva\/\",\"name\":\"Lab\u0101k\u0101s Keno skait\u013cu kombin\u0101cijas | Lab\u0101kie skait\u013ci, ko sp\u0113l\u0113t Keno sp\u0113l\u0113s\",\"isPartOf\":{\"@id\":\"https:\/\/redfoxlotto.com\/lv\/#website\"},\"primaryImageOfPage\":{\"@id\":\"https:\/\/redfoxlotto.com\/lv\/keno\/platinum-keno-5-miljonu-eiro-galvena-balva\/#primaryimage\"},\"image\":{\"@id\":\"https:\/\/redfoxlotto.com\/lv\/keno\/platinum-keno-5-miljonu-eiro-galvena-balva\/#primaryimage\"},\"thumbnailUrl\":\"https:\/\/redfoxlotto.com\/wp-content\/uploads\/2025\/10\/1-scaled.png\",\"datePublished\":\"2025-05-21T09:02:00+00:00\",\"dateModified\":\"2025-10-07T12:43:55+00:00\",\"description\":\"Izv\u0113lieties lab\u0101k\u0101s Keno skait\u013cu kombin\u0101cijas \u0161eit, m\u016bsu vietn\u0113, un sp\u0113l\u0113jiet lab\u0101k\u0101s 5 miljonu eiro un 10 miljonu eiro Keno sp\u0113les.\",\"breadcrumb\":{\"@id\":\"https:\/\/redfoxlotto.com\/lv\/keno\/platinum-keno-5-miljonu-eiro-galvena-balva\/#breadcrumb\"},\"inLanguage\":\"lv-LV\",\"potentialAction\":[{\"@type\":\"ReadAction\",\"target\":[\"https:\/\/redfoxlotto.com\/lv\/keno\/platinum-keno-5-miljonu-eiro-galvena-balva\/\"]}]},{\"@type\":\"ImageObject\",\"inLanguage\":\"lv-LV\",\"@id\":\"https:\/\/redfoxlotto.com\/lv\/keno\/platinum-keno-5-miljonu-eiro-galvena-balva\/#primaryimage\",\"url\":\"https:\/\/redfoxlotto.com\/wp-content\/uploads\/2025\/10\/1-scaled.png\",\"contentUrl\":\"https:\/\/redfoxlotto.com\/wp-content\/uploads\/2025\/10\/1-scaled.png\"},{\"@type\":\"BreadcrumbList\",\"@id\":\"https:\/\/redfoxlotto.com\/lv\/keno\/platinum-keno-5-miljonu-eiro-galvena-balva\/#breadcrumb\",\"itemListElement\":[{\"@type\":\"ListItem\",\"position\":1,\"name\":\"Home\",\"item\":\"https:\/\/redfoxlotto.com\/lv\/\"},{\"@type\":\"ListItem\",\"position\":2,\"name\":\"Keno\",\"item\":\"https:\/\/redfoxlotto.com\/lv\/keno\/\"},{\"@type\":\"ListItem\",\"position\":3,\"name\":\"Platinum Keno 5 miljonu eiro galven\u0101 balva\"}]},{\"@type\":\"WebSite\",\"@id\":\"https:\/\/redfoxlotto.com\/lv\/#website\",\"url\":\"https:\/\/redfoxlotto.com\/lv\/\",\"name\":\"Get Tickets for the World\u2019s largest jackpots\",\"description\":\"Participate in worldwide lottery jackpots from any country\",\"publisher\":{\"@id\":\"https:\/\/redfoxlotto.com\/lv\/#organization\"},\"potentialAction\":[{\"@type\":\"SearchAction\",\"target\":{\"@type\":\"EntryPoint\",\"urlTemplate\":\"https:\/\/redfoxlotto.com\/lv\/?s={search_term_string}\"},\"query-input\":{\"@type\":\"PropertyValueSpecification\",\"valueRequired\":true,\"valueName\":\"search_term_string\"}}],\"inLanguage\":\"lv-LV\"},{\"@type\":\"Organization\",\"@id\":\"https:\/\/redfoxlotto.com\/lv\/#organization\",\"name\":\"Get Tickets for the World\u2019s largest jackpots\",\"url\":\"https:\/\/redfoxlotto.com\/lv\/\",\"logo\":{\"@type\":\"ImageObject\",\"inLanguage\":\"lv-LV\",\"@id\":\"https:\/\/redfoxlotto.com\/lv\/#\/schema\/logo\/image\/\",\"url\":\"https:\/\/redfoxlotto.com\/wp-content\/uploads\/2023\/04\/logo.png\",\"contentUrl\":\"https:\/\/redfoxlotto.com\/wp-content\/uploads\/2023\/04\/logo.png\",\"width\":269,\"height\":53,\"caption\":\"Get Tickets for the World\u2019s largest jackpots\"},\"image\":{\"@id\":\"https:\/\/redfoxlotto.com\/lv\/#\/schema\/logo\/image\/\"}}]}<\/script>\n<!-- \/ Yoast SEO plugin. -->","yoast_head_json":{"title":"Lab\u0101k\u0101s Keno skait\u013cu kombin\u0101cijas | Lab\u0101kie skait\u013ci, ko sp\u0113l\u0113t Keno sp\u0113l\u0113s","description":"Izv\u0113lieties lab\u0101k\u0101s Keno skait\u013cu kombin\u0101cijas \u0161eit, m\u016bsu vietn\u0113, un sp\u0113l\u0113jiet lab\u0101k\u0101s 5 miljonu eiro un 10 miljonu eiro Keno sp\u0113les.","robots":{"index":"index","follow":"follow","max-snippet":"max-snippet:-1","max-image-preview":"max-image-preview:large","max-video-preview":"max-video-preview:-1"},"canonical":"https:\/\/redfoxlotto.com\/lv\/keno\/platinum-keno-5-miljonu-eiro-galvena-balva\/","og_locale":"lv_LV","og_type":"article","og_title":"Lab\u0101k\u0101s Keno skait\u013cu kombin\u0101cijas | Lab\u0101kie skait\u013ci, ko sp\u0113l\u0113t Keno sp\u0113l\u0113s","og_description":"Izv\u0113lieties lab\u0101k\u0101s Keno skait\u013cu kombin\u0101cijas \u0161eit, m\u016bsu vietn\u0113, un sp\u0113l\u0113jiet lab\u0101k\u0101s 5 miljonu eiro un 10 miljonu eiro Keno sp\u0113les.","og_url":"https:\/\/redfoxlotto.com\/lv\/keno\/platinum-keno-5-miljonu-eiro-galvena-balva\/","og_site_name":"Get Tickets for the World\u2019s largest jackpots","article_modified_time":"2025-10-07T12:43:55+00:00","og_image":[{"url":"https:\/\/redfoxlotto.com\/wp-content\/uploads\/2025\/10\/1-scaled.png"}],"twitter_card":"summary_large_image","twitter_misc":{"Est. reading time":"1 minute"},"schema":{"@context":"https:\/\/schema.org","@graph":[{"@type":"WebPage","@id":"https:\/\/redfoxlotto.com\/lv\/keno\/platinum-keno-5-miljonu-eiro-galvena-balva\/","url":"https:\/\/redfoxlotto.com\/lv\/keno\/platinum-keno-5-miljonu-eiro-galvena-balva\/","name":"Lab\u0101k\u0101s Keno skait\u013cu kombin\u0101cijas | Lab\u0101kie skait\u013ci, ko sp\u0113l\u0113t Keno sp\u0113l\u0113s","isPartOf":{"@id":"https:\/\/redfoxlotto.com\/lv\/#website"},"primaryImageOfPage":{"@id":"https:\/\/redfoxlotto.com\/lv\/keno\/platinum-keno-5-miljonu-eiro-galvena-balva\/#primaryimage"},"image":{"@id":"https:\/\/redfoxlotto.com\/lv\/keno\/platinum-keno-5-miljonu-eiro-galvena-balva\/#primaryimage"},"thumbnailUrl":"https:\/\/redfoxlotto.com\/wp-content\/uploads\/2025\/10\/1-scaled.png","datePublished":"2025-05-21T09:02:00+00:00","dateModified":"2025-10-07T12:43:55+00:00","description":"Izv\u0113lieties lab\u0101k\u0101s Keno skait\u013cu kombin\u0101cijas \u0161eit, m\u016bsu vietn\u0113, un sp\u0113l\u0113jiet lab\u0101k\u0101s 5 miljonu eiro un 10 miljonu eiro Keno sp\u0113les.","breadcrumb":{"@id":"https:\/\/redfoxlotto.com\/lv\/keno\/platinum-keno-5-miljonu-eiro-galvena-balva\/#breadcrumb"},"inLanguage":"lv-LV","potentialAction":[{"@type":"ReadAction","target":["https:\/\/redfoxlotto.com\/lv\/keno\/platinum-keno-5-miljonu-eiro-galvena-balva\/"]}]},{"@type":"ImageObject","inLanguage":"lv-LV","@id":"https:\/\/redfoxlotto.com\/lv\/keno\/platinum-keno-5-miljonu-eiro-galvena-balva\/#primaryimage","url":"https:\/\/redfoxlotto.com\/wp-content\/uploads\/2025\/10\/1-scaled.png","contentUrl":"https:\/\/redfoxlotto.com\/wp-content\/uploads\/2025\/10\/1-scaled.png"},{"@type":"BreadcrumbList","@id":"https:\/\/redfoxlotto.com\/lv\/keno\/platinum-keno-5-miljonu-eiro-galvena-balva\/#breadcrumb","itemListElement":[{"@type":"ListItem","position":1,"name":"Home","item":"https:\/\/redfoxlotto.com\/lv\/"},{"@type":"ListItem","position":2,"name":"Keno","item":"https:\/\/redfoxlotto.com\/lv\/keno\/"},{"@type":"ListItem","position":3,"name":"Platinum Keno 5 miljonu eiro galven\u0101 balva"}]},{"@type":"WebSite","@id":"https:\/\/redfoxlotto.com\/lv\/#website","url":"https:\/\/redfoxlotto.com\/lv\/","name":"Get Tickets for the World\u2019s largest jackpots","description":"Participate in worldwide lottery jackpots from any country","publisher":{"@id":"https:\/\/redfoxlotto.com\/lv\/#organization"},"potentialAction":[{"@type":"SearchAction","target":{"@type":"EntryPoint","urlTemplate":"https:\/\/redfoxlotto.com\/lv\/?s={search_term_string}"},"query-input":{"@type":"PropertyValueSpecification","valueRequired":true,"valueName":"search_term_string"}}],"inLanguage":"lv-LV"},{"@type":"Organization","@id":"https:\/\/redfoxlotto.com\/lv\/#organization","name":"Get Tickets for the World\u2019s largest jackpots","url":"https:\/\/redfoxlotto.com\/lv\/","logo":{"@type":"ImageObject","inLanguage":"lv-LV","@id":"https:\/\/redfoxlotto.com\/lv\/#\/schema\/logo\/image\/","url":"https:\/\/redfoxlotto.com\/wp-content\/uploads\/2023\/04\/logo.png","contentUrl":"https:\/\/redfoxlotto.com\/wp-content\/uploads\/2023\/04\/logo.png","width":269,"height":53,"caption":"Get Tickets for the World\u2019s largest jackpots"},"image":{"@id":"https:\/\/redfoxlotto.com\/lv\/#\/schema\/logo\/image\/"}}]}},"_links":{"self":[{"href":"https:\/\/redfoxlotto.com\/lv\/wp-json\/wp\/v2\/pages\/87452","targetHints":{"allow":["GET"]}}],"collection":[{"href":"https:\/\/redfoxlotto.com\/lv\/wp-json\/wp\/v2\/pages"}],"about":[{"href":"https:\/\/redfoxlotto.com\/lv\/wp-json\/wp\/v2\/types\/page"}],"author":[{"embeddable":true,"href":"https:\/\/redfoxlotto.com\/lv\/wp-json\/wp\/v2\/users\/8"}],"replies":[{"embeddable":true,"href":"https:\/\/redfoxlotto.com\/lv\/wp-json\/wp\/v2\/comments?post=87452"}],"version-history":[{"count":0,"href":"https:\/\/redfoxlotto.com\/lv\/wp-json\/wp\/v2\/pages\/87452\/revisions"}],"up":[{"embeddable":true,"href":"https:\/\/redfoxlotto.com\/lv\/wp-json\/wp\/v2\/pages\/84416"}],"wp:attachment":[{"href":"https:\/\/redfoxlotto.com\/lv\/wp-json\/wp\/v2\/media?parent=87452"}],"curies":[{"name":"wp","href":"https:\/\/api.w.org\/{rel}","templated":true}]}}