{"id":87098,"date":"2025-05-16T10:39:54","date_gmt":"2025-05-16T10:39:54","guid":{"rendered":"https:\/\/redfoxlotto.com\/?page_id=87098"},"modified":"2025-05-17T22:04:40","modified_gmt":"2025-05-17T22:04:40","slug":"diamond-keno-uzvaretaju-numuri","status":"publish","type":"page","link":"https:\/\/redfoxlotto.com\/lv\/keno\/diamond-keno-uzvaretaju-numuri\/","title":{"rendered":"Diamond Keno uzvar\u0113t\u0101ju numuri"},"content":{"rendered":"<p>Ik p\u0113c 20 min\u016bt\u0113m tiek atkl\u0101ti jauni laim\u012bgie skait\u013ci &#8211; p\u0101rbaudiet Diamond Keno rezult\u0101tus tagad<\/p>\n","protected":false},"excerpt":{"rendered":"<p>Ik p\u0113c 20 min\u016bt\u0113m tiek atkl\u0101ti jauni laim\u012bgie skait\u013ci &#8211; p\u0101rbaudiet Diamond Keno rezult\u0101tus tagad<\/p>\n","protected":false},"author":8,"featured_media":0,"parent":84416,"menu_order":40,"comment_status":"closed","ping_status":"closed","template":"","meta":{"_et_pb_use_builder":"","_et_pb_old_content":"","_et_gb_content_width":"","exclude_from_search":false,"footnotes":""},"class_list":["post-87098","page","type-page","status-publish","hentry"],"yoast_head":"<!-- This site is optimized with the Yoast SEO plugin v23.8 - https:\/\/yoast.com\/wordpress\/plugins\/seo\/ -->\n<title>M\u016bsu liel\u0101k\u0101s Keno loterijas laim\u012bgie skait\u013ci - vinn\u0113jiet 10 miljonus eiro jau tagad!<\/title>\n<meta name=\"description\" content=\"L\u016bk, m\u016bsu liel\u0101k\u0101s Keno loterijas jaun\u0101kie laim\u012bgie skait\u013ci - ik p\u0113c 20 min\u016bt\u0113m uz sp\u0113les ir 10 miljoni eiro.\" \/>\n<meta name=\"robots\" content=\"index, follow, max-snippet:-1, max-image-preview:large, max-video-preview:-1\" \/>\n<link rel=\"canonical\" href=\"https:\/\/redfoxlotto.com\/lv\/keno\/diamond-keno-uzvaretaju-numuri\/\" \/>\n<meta property=\"og:locale\" content=\"lv_LV\" \/>\n<meta property=\"og:type\" content=\"article\" \/>\n<meta property=\"og:title\" content=\"M\u016bsu liel\u0101k\u0101s Keno loterijas laim\u012bgie skait\u013ci - vinn\u0113jiet 10 miljonus eiro jau tagad!\" \/>\n<meta property=\"og:description\" content=\"L\u016bk, m\u016bsu liel\u0101k\u0101s Keno loterijas jaun\u0101kie laim\u012bgie skait\u013ci - ik p\u0113c 20 min\u016bt\u0113m uz sp\u0113les ir 10 miljoni eiro.\" \/>\n<meta property=\"og:url\" content=\"https:\/\/redfoxlotto.com\/lv\/keno\/diamond-keno-uzvaretaju-numuri\/\" \/>\n<meta property=\"og:site_name\" content=\"Get Tickets for the World\u2019s largest jackpots\" \/>\n<meta property=\"article:modified_time\" content=\"2025-05-17T22:04:40+00:00\" \/>\n<meta name=\"twitter:card\" content=\"summary_large_image\" \/>\n<meta name=\"twitter:label1\" content=\"Est. reading time\" \/>\n\t<meta name=\"twitter:data1\" content=\"1 minute\" \/>\n<script type=\"application\/ld+json\" class=\"yoast-schema-graph\">{\"@context\":\"https:\/\/schema.org\",\"@graph\":[{\"@type\":\"WebPage\",\"@id\":\"https:\/\/redfoxlotto.com\/lv\/keno\/diamond-keno-uzvaretaju-numuri\/\",\"url\":\"https:\/\/redfoxlotto.com\/lv\/keno\/diamond-keno-uzvaretaju-numuri\/\",\"name\":\"M\u016bsu liel\u0101k\u0101s Keno loterijas laim\u012bgie skait\u013ci - vinn\u0113jiet 10 miljonus eiro jau tagad!\",\"isPartOf\":{\"@id\":\"https:\/\/redfoxlotto.com\/lv\/#website\"},\"datePublished\":\"2025-05-16T10:39:54+00:00\",\"dateModified\":\"2025-05-17T22:04:40+00:00\",\"description\":\"L\u016bk, m\u016bsu liel\u0101k\u0101s Keno loterijas jaun\u0101kie laim\u012bgie skait\u013ci - ik p\u0113c 20 min\u016bt\u0113m uz sp\u0113les ir 10 miljoni eiro.\",\"breadcrumb\":{\"@id\":\"https:\/\/redfoxlotto.com\/lv\/keno\/diamond-keno-uzvaretaju-numuri\/#breadcrumb\"},\"inLanguage\":\"lv-LV\",\"potentialAction\":[{\"@type\":\"ReadAction\",\"target\":[\"https:\/\/redfoxlotto.com\/lv\/keno\/diamond-keno-uzvaretaju-numuri\/\"]}]},{\"@type\":\"BreadcrumbList\",\"@id\":\"https:\/\/redfoxlotto.com\/lv\/keno\/diamond-keno-uzvaretaju-numuri\/#breadcrumb\",\"itemListElement\":[{\"@type\":\"ListItem\",\"position\":1,\"name\":\"Home\",\"item\":\"https:\/\/redfoxlotto.com\/lv\/\"},{\"@type\":\"ListItem\",\"position\":2,\"name\":\"Keno\",\"item\":\"https:\/\/redfoxlotto.com\/lv\/keno\/\"},{\"@type\":\"ListItem\",\"position\":3,\"name\":\"Diamond Keno uzvar\u0113t\u0101ju numuri\"}]},{\"@type\":\"WebSite\",\"@id\":\"https:\/\/redfoxlotto.com\/lv\/#website\",\"url\":\"https:\/\/redfoxlotto.com\/lv\/\",\"name\":\"Get Tickets for the World\u2019s largest jackpots\",\"description\":\"Participate in worldwide lottery jackpots from any country\",\"publisher\":{\"@id\":\"https:\/\/redfoxlotto.com\/lv\/#organization\"},\"potentialAction\":[{\"@type\":\"SearchAction\",\"target\":{\"@type\":\"EntryPoint\",\"urlTemplate\":\"https:\/\/redfoxlotto.com\/lv\/?s={search_term_string}\"},\"query-input\":{\"@type\":\"PropertyValueSpecification\",\"valueRequired\":true,\"valueName\":\"search_term_string\"}}],\"inLanguage\":\"lv-LV\"},{\"@type\":\"Organization\",\"@id\":\"https:\/\/redfoxlotto.com\/lv\/#organization\",\"name\":\"Get Tickets for the World\u2019s largest jackpots\",\"url\":\"https:\/\/redfoxlotto.com\/lv\/\",\"logo\":{\"@type\":\"ImageObject\",\"inLanguage\":\"lv-LV\",\"@id\":\"https:\/\/redfoxlotto.com\/lv\/#\/schema\/logo\/image\/\",\"url\":\"https:\/\/redfoxlotto.com\/wp-content\/uploads\/2023\/04\/logo.png\",\"contentUrl\":\"https:\/\/redfoxlotto.com\/wp-content\/uploads\/2023\/04\/logo.png\",\"width\":269,\"height\":53,\"caption\":\"Get Tickets for the World\u2019s largest jackpots\"},\"image\":{\"@id\":\"https:\/\/redfoxlotto.com\/lv\/#\/schema\/logo\/image\/\"}}]}<\/script>\n<!-- \/ Yoast SEO plugin. -->","yoast_head_json":{"title":"M\u016bsu liel\u0101k\u0101s Keno loterijas laim\u012bgie skait\u013ci - vinn\u0113jiet 10 miljonus eiro jau tagad!","description":"L\u016bk, m\u016bsu liel\u0101k\u0101s Keno loterijas jaun\u0101kie laim\u012bgie skait\u013ci - ik p\u0113c 20 min\u016bt\u0113m uz sp\u0113les ir 10 miljoni eiro.","robots":{"index":"index","follow":"follow","max-snippet":"max-snippet:-1","max-image-preview":"max-image-preview:large","max-video-preview":"max-video-preview:-1"},"canonical":"https:\/\/redfoxlotto.com\/lv\/keno\/diamond-keno-uzvaretaju-numuri\/","og_locale":"lv_LV","og_type":"article","og_title":"M\u016bsu liel\u0101k\u0101s Keno loterijas laim\u012bgie skait\u013ci - vinn\u0113jiet 10 miljonus eiro jau tagad!","og_description":"L\u016bk, m\u016bsu liel\u0101k\u0101s Keno loterijas jaun\u0101kie laim\u012bgie skait\u013ci - ik p\u0113c 20 min\u016bt\u0113m uz sp\u0113les ir 10 miljoni eiro.","og_url":"https:\/\/redfoxlotto.com\/lv\/keno\/diamond-keno-uzvaretaju-numuri\/","og_site_name":"Get Tickets for the World\u2019s largest jackpots","article_modified_time":"2025-05-17T22:04:40+00:00","twitter_card":"summary_large_image","twitter_misc":{"Est. reading time":"1 minute"},"schema":{"@context":"https:\/\/schema.org","@graph":[{"@type":"WebPage","@id":"https:\/\/redfoxlotto.com\/lv\/keno\/diamond-keno-uzvaretaju-numuri\/","url":"https:\/\/redfoxlotto.com\/lv\/keno\/diamond-keno-uzvaretaju-numuri\/","name":"M\u016bsu liel\u0101k\u0101s Keno loterijas laim\u012bgie skait\u013ci - vinn\u0113jiet 10 miljonus eiro jau tagad!","isPartOf":{"@id":"https:\/\/redfoxlotto.com\/lv\/#website"},"datePublished":"2025-05-16T10:39:54+00:00","dateModified":"2025-05-17T22:04:40+00:00","description":"L\u016bk, m\u016bsu liel\u0101k\u0101s Keno loterijas jaun\u0101kie laim\u012bgie skait\u013ci - ik p\u0113c 20 min\u016bt\u0113m uz sp\u0113les ir 10 miljoni eiro.","breadcrumb":{"@id":"https:\/\/redfoxlotto.com\/lv\/keno\/diamond-keno-uzvaretaju-numuri\/#breadcrumb"},"inLanguage":"lv-LV","potentialAction":[{"@type":"ReadAction","target":["https:\/\/redfoxlotto.com\/lv\/keno\/diamond-keno-uzvaretaju-numuri\/"]}]},{"@type":"BreadcrumbList","@id":"https:\/\/redfoxlotto.com\/lv\/keno\/diamond-keno-uzvaretaju-numuri\/#breadcrumb","itemListElement":[{"@type":"ListItem","position":1,"name":"Home","item":"https:\/\/redfoxlotto.com\/lv\/"},{"@type":"ListItem","position":2,"name":"Keno","item":"https:\/\/redfoxlotto.com\/lv\/keno\/"},{"@type":"ListItem","position":3,"name":"Diamond Keno uzvar\u0113t\u0101ju numuri"}]},{"@type":"WebSite","@id":"https:\/\/redfoxlotto.com\/lv\/#website","url":"https:\/\/redfoxlotto.com\/lv\/","name":"Get Tickets for the World\u2019s largest jackpots","description":"Participate in worldwide lottery jackpots from any country","publisher":{"@id":"https:\/\/redfoxlotto.com\/lv\/#organization"},"potentialAction":[{"@type":"SearchAction","target":{"@type":"EntryPoint","urlTemplate":"https:\/\/redfoxlotto.com\/lv\/?s={search_term_string}"},"query-input":{"@type":"PropertyValueSpecification","valueRequired":true,"valueName":"search_term_string"}}],"inLanguage":"lv-LV"},{"@type":"Organization","@id":"https:\/\/redfoxlotto.com\/lv\/#organization","name":"Get Tickets for the World\u2019s largest jackpots","url":"https:\/\/redfoxlotto.com\/lv\/","logo":{"@type":"ImageObject","inLanguage":"lv-LV","@id":"https:\/\/redfoxlotto.com\/lv\/#\/schema\/logo\/image\/","url":"https:\/\/redfoxlotto.com\/wp-content\/uploads\/2023\/04\/logo.png","contentUrl":"https:\/\/redfoxlotto.com\/wp-content\/uploads\/2023\/04\/logo.png","width":269,"height":53,"caption":"Get Tickets for the World\u2019s largest jackpots"},"image":{"@id":"https:\/\/redfoxlotto.com\/lv\/#\/schema\/logo\/image\/"}}]}},"_links":{"self":[{"href":"https:\/\/redfoxlotto.com\/lv\/wp-json\/wp\/v2\/pages\/87098","targetHints":{"allow":["GET"]}}],"collection":[{"href":"https:\/\/redfoxlotto.com\/lv\/wp-json\/wp\/v2\/pages"}],"about":[{"href":"https:\/\/redfoxlotto.com\/lv\/wp-json\/wp\/v2\/types\/page"}],"author":[{"embeddable":true,"href":"https:\/\/redfoxlotto.com\/lv\/wp-json\/wp\/v2\/users\/8"}],"replies":[{"embeddable":true,"href":"https:\/\/redfoxlotto.com\/lv\/wp-json\/wp\/v2\/comments?post=87098"}],"version-history":[{"count":0,"href":"https:\/\/redfoxlotto.com\/lv\/wp-json\/wp\/v2\/pages\/87098\/revisions"}],"up":[{"embeddable":true,"href":"https:\/\/redfoxlotto.com\/lv\/wp-json\/wp\/v2\/pages\/84416"}],"wp:attachment":[{"href":"https:\/\/redfoxlotto.com\/lv\/wp-json\/wp\/v2\/media?parent=87098"}],"curies":[{"name":"wp","href":"https:\/\/api.w.org\/{rel}","templated":true}]}}