{"id":86862,"date":"2025-02-12T11:18:17","date_gmt":"2025-02-12T11:18:17","guid":{"rendered":"https:\/\/redfoxlotto.com\/?page_id=86862"},"modified":"2025-05-15T06:28:11","modified_gmt":"2025-05-15T06:28:11","slug":"dimantaino-keno-10m","status":"publish","type":"page","link":"https:\/\/redfoxlotto.com\/lv\/keno\/dimantaino-keno-10m\/","title":{"rendered":"Dimantaino Keno 10m"},"content":{"rendered":"<h2>Tie\u0161saistes Keno nevar b\u016bt liel\u0101ks un lab\u0101ks par \u0161o &#8211; sp\u0113l\u0113jiet Keno par 10 miljonu eiro vinnestu!<\/h2>\n<p>\u0160\u012b ir m\u016bsu liel\u0101k\u0101 un popul\u0101r\u0101k\u0101 Keno loterijas sp\u0113le. Ja j\u016bs mekl\u0113jat lab\u0101ko Keno sp\u0113li tie\u0161saist\u0113, esat non\u0101cis \u012bstaj\u0101 viet\u0101. \u0160aj\u0101 Keno sp\u0113l\u0113 izloze notiek ik p\u0113c 20 min\u016bt\u0113m, t\u0101p\u0113c jums neb\u016bs ilgi j\u0101gaida, lai uzzin\u0101tu, vai j\u016bsu bi\u013cete ir laim\u0113jusi.<\/p>\n","protected":false},"excerpt":{"rendered":"<p>Tie\u0161saistes Keno nevar b\u016bt liel\u0101ks un lab\u0101ks par \u0161o &#8211; sp\u0113l\u0113jiet Keno par 10 miljonu eiro vinnestu! \u0160\u012b ir m\u016bsu liel\u0101k\u0101 un popul\u0101r\u0101k\u0101 Keno loterijas sp\u0113le. Ja j\u016bs mekl\u0113jat lab\u0101ko Keno sp\u0113li tie\u0161saist\u0113, esat non\u0101cis \u012bstaj\u0101 viet\u0101. \u0160aj\u0101 Keno sp\u0113l\u0113 izloze notiek ik p\u0113c 20 min\u016bt\u0113m, t\u0101p\u0113c jums neb\u016bs ilgi j\u0101gaida, lai uzzin\u0101tu, vai j\u016bsu [&hellip;]<\/p>\n","protected":false},"author":8,"featured_media":0,"parent":84416,"menu_order":1,"comment_status":"closed","ping_status":"closed","template":"","meta":{"_et_pb_use_builder":"","_et_pb_old_content":"","_et_gb_content_width":"","exclude_from_search":false,"footnotes":""},"class_list":["post-86862","page","type-page","status-publish","hentry"],"yoast_head":"<!-- This site is optimized with the Yoast SEO plugin v23.8 - https:\/\/yoast.com\/wordpress\/plugins\/seo\/ -->\n<title>Lab\u0101k\u0101s Keno sp\u0113les tie\u0161saist\u0113 - \u20ac10 miljonu Keno<\/title>\n<meta name=\"description\" content=\"\u0160eit atrad\u012bsiet lab\u0101k\u0101s tie\u0161saistes Keno sp\u0113les ar galvenaj\u0101m balv\u0101m l\u012bdz pat 10 miljoniem eiro. Nekad neb\u016bs ilgi j\u0101gaida uz n\u0101kamo tie\u0161saistes Keno izlozi!\" \/>\n<meta name=\"robots\" content=\"index, follow, max-snippet:-1, max-image-preview:large, max-video-preview:-1\" \/>\n<link rel=\"canonical\" href=\"https:\/\/redfoxlotto.com\/lv\/keno\/dimantaino-keno-10m\/\" \/>\n<meta property=\"og:locale\" content=\"lv_LV\" \/>\n<meta property=\"og:type\" content=\"article\" \/>\n<meta property=\"og:title\" content=\"Lab\u0101k\u0101s Keno sp\u0113les tie\u0161saist\u0113 - \u20ac10 miljonu Keno\" \/>\n<meta property=\"og:description\" content=\"\u0160eit atrad\u012bsiet lab\u0101k\u0101s tie\u0161saistes Keno sp\u0113les ar galvenaj\u0101m balv\u0101m l\u012bdz pat 10 miljoniem eiro. Nekad neb\u016bs ilgi j\u0101gaida uz n\u0101kamo tie\u0161saistes Keno izlozi!\" \/>\n<meta property=\"og:url\" content=\"https:\/\/redfoxlotto.com\/lv\/keno\/dimantaino-keno-10m\/\" \/>\n<meta property=\"og:site_name\" content=\"Get Tickets for the World\u2019s largest jackpots\" \/>\n<meta property=\"article:modified_time\" content=\"2025-05-15T06:28:11+00:00\" \/>\n<meta name=\"twitter:card\" content=\"summary_large_image\" \/>\n<meta name=\"twitter:label1\" content=\"Est. reading time\" \/>\n\t<meta name=\"twitter:data1\" content=\"1 minute\" \/>\n<script type=\"application\/ld+json\" class=\"yoast-schema-graph\">{\"@context\":\"https:\/\/schema.org\",\"@graph\":[{\"@type\":\"WebPage\",\"@id\":\"https:\/\/redfoxlotto.com\/lv\/keno\/dimantaino-keno-10m\/\",\"url\":\"https:\/\/redfoxlotto.com\/lv\/keno\/dimantaino-keno-10m\/\",\"name\":\"Lab\u0101k\u0101s Keno sp\u0113les tie\u0161saist\u0113 - \u20ac10 miljonu Keno\",\"isPartOf\":{\"@id\":\"https:\/\/redfoxlotto.com\/lv\/#website\"},\"datePublished\":\"2025-02-12T11:18:17+00:00\",\"dateModified\":\"2025-05-15T06:28:11+00:00\",\"description\":\"\u0160eit atrad\u012bsiet lab\u0101k\u0101s tie\u0161saistes Keno sp\u0113les ar galvenaj\u0101m balv\u0101m l\u012bdz pat 10 miljoniem eiro. Nekad neb\u016bs ilgi j\u0101gaida uz n\u0101kamo tie\u0161saistes Keno izlozi!\",\"breadcrumb\":{\"@id\":\"https:\/\/redfoxlotto.com\/lv\/keno\/dimantaino-keno-10m\/#breadcrumb\"},\"inLanguage\":\"lv-LV\",\"potentialAction\":[{\"@type\":\"ReadAction\",\"target\":[\"https:\/\/redfoxlotto.com\/lv\/keno\/dimantaino-keno-10m\/\"]}]},{\"@type\":\"BreadcrumbList\",\"@id\":\"https:\/\/redfoxlotto.com\/lv\/keno\/dimantaino-keno-10m\/#breadcrumb\",\"itemListElement\":[{\"@type\":\"ListItem\",\"position\":1,\"name\":\"Home\",\"item\":\"https:\/\/redfoxlotto.com\/lv\/\"},{\"@type\":\"ListItem\",\"position\":2,\"name\":\"Keno\",\"item\":\"https:\/\/redfoxlotto.com\/lv\/keno\/\"},{\"@type\":\"ListItem\",\"position\":3,\"name\":\"Dimantaino Keno 10m\"}]},{\"@type\":\"WebSite\",\"@id\":\"https:\/\/redfoxlotto.com\/lv\/#website\",\"url\":\"https:\/\/redfoxlotto.com\/lv\/\",\"name\":\"Get Tickets for the World\u2019s largest jackpots\",\"description\":\"Participate in worldwide lottery jackpots from any country\",\"publisher\":{\"@id\":\"https:\/\/redfoxlotto.com\/lv\/#organization\"},\"potentialAction\":[{\"@type\":\"SearchAction\",\"target\":{\"@type\":\"EntryPoint\",\"urlTemplate\":\"https:\/\/redfoxlotto.com\/lv\/?s={search_term_string}\"},\"query-input\":{\"@type\":\"PropertyValueSpecification\",\"valueRequired\":true,\"valueName\":\"search_term_string\"}}],\"inLanguage\":\"lv-LV\"},{\"@type\":\"Organization\",\"@id\":\"https:\/\/redfoxlotto.com\/lv\/#organization\",\"name\":\"Get Tickets for the World\u2019s largest jackpots\",\"url\":\"https:\/\/redfoxlotto.com\/lv\/\",\"logo\":{\"@type\":\"ImageObject\",\"inLanguage\":\"lv-LV\",\"@id\":\"https:\/\/redfoxlotto.com\/lv\/#\/schema\/logo\/image\/\",\"url\":\"https:\/\/redfoxlotto.com\/wp-content\/uploads\/2023\/04\/logo.png\",\"contentUrl\":\"https:\/\/redfoxlotto.com\/wp-content\/uploads\/2023\/04\/logo.png\",\"width\":269,\"height\":53,\"caption\":\"Get Tickets for the World\u2019s largest jackpots\"},\"image\":{\"@id\":\"https:\/\/redfoxlotto.com\/lv\/#\/schema\/logo\/image\/\"}}]}<\/script>\n<!-- \/ Yoast SEO plugin. -->","yoast_head_json":{"title":"Lab\u0101k\u0101s Keno sp\u0113les tie\u0161saist\u0113 - \u20ac10 miljonu Keno","description":"\u0160eit atrad\u012bsiet lab\u0101k\u0101s tie\u0161saistes Keno sp\u0113les ar galvenaj\u0101m balv\u0101m l\u012bdz pat 10 miljoniem eiro. Nekad neb\u016bs ilgi j\u0101gaida uz n\u0101kamo tie\u0161saistes Keno izlozi!","robots":{"index":"index","follow":"follow","max-snippet":"max-snippet:-1","max-image-preview":"max-image-preview:large","max-video-preview":"max-video-preview:-1"},"canonical":"https:\/\/redfoxlotto.com\/lv\/keno\/dimantaino-keno-10m\/","og_locale":"lv_LV","og_type":"article","og_title":"Lab\u0101k\u0101s Keno sp\u0113les tie\u0161saist\u0113 - \u20ac10 miljonu Keno","og_description":"\u0160eit atrad\u012bsiet lab\u0101k\u0101s tie\u0161saistes Keno sp\u0113les ar galvenaj\u0101m balv\u0101m l\u012bdz pat 10 miljoniem eiro. Nekad neb\u016bs ilgi j\u0101gaida uz n\u0101kamo tie\u0161saistes Keno izlozi!","og_url":"https:\/\/redfoxlotto.com\/lv\/keno\/dimantaino-keno-10m\/","og_site_name":"Get Tickets for the World\u2019s largest jackpots","article_modified_time":"2025-05-15T06:28:11+00:00","twitter_card":"summary_large_image","twitter_misc":{"Est. reading time":"1 minute"},"schema":{"@context":"https:\/\/schema.org","@graph":[{"@type":"WebPage","@id":"https:\/\/redfoxlotto.com\/lv\/keno\/dimantaino-keno-10m\/","url":"https:\/\/redfoxlotto.com\/lv\/keno\/dimantaino-keno-10m\/","name":"Lab\u0101k\u0101s Keno sp\u0113les tie\u0161saist\u0113 - \u20ac10 miljonu Keno","isPartOf":{"@id":"https:\/\/redfoxlotto.com\/lv\/#website"},"datePublished":"2025-02-12T11:18:17+00:00","dateModified":"2025-05-15T06:28:11+00:00","description":"\u0160eit atrad\u012bsiet lab\u0101k\u0101s tie\u0161saistes Keno sp\u0113les ar galvenaj\u0101m balv\u0101m l\u012bdz pat 10 miljoniem eiro. Nekad neb\u016bs ilgi j\u0101gaida uz n\u0101kamo tie\u0161saistes Keno izlozi!","breadcrumb":{"@id":"https:\/\/redfoxlotto.com\/lv\/keno\/dimantaino-keno-10m\/#breadcrumb"},"inLanguage":"lv-LV","potentialAction":[{"@type":"ReadAction","target":["https:\/\/redfoxlotto.com\/lv\/keno\/dimantaino-keno-10m\/"]}]},{"@type":"BreadcrumbList","@id":"https:\/\/redfoxlotto.com\/lv\/keno\/dimantaino-keno-10m\/#breadcrumb","itemListElement":[{"@type":"ListItem","position":1,"name":"Home","item":"https:\/\/redfoxlotto.com\/lv\/"},{"@type":"ListItem","position":2,"name":"Keno","item":"https:\/\/redfoxlotto.com\/lv\/keno\/"},{"@type":"ListItem","position":3,"name":"Dimantaino Keno 10m"}]},{"@type":"WebSite","@id":"https:\/\/redfoxlotto.com\/lv\/#website","url":"https:\/\/redfoxlotto.com\/lv\/","name":"Get Tickets for the World\u2019s largest jackpots","description":"Participate in worldwide lottery jackpots from any country","publisher":{"@id":"https:\/\/redfoxlotto.com\/lv\/#organization"},"potentialAction":[{"@type":"SearchAction","target":{"@type":"EntryPoint","urlTemplate":"https:\/\/redfoxlotto.com\/lv\/?s={search_term_string}"},"query-input":{"@type":"PropertyValueSpecification","valueRequired":true,"valueName":"search_term_string"}}],"inLanguage":"lv-LV"},{"@type":"Organization","@id":"https:\/\/redfoxlotto.com\/lv\/#organization","name":"Get Tickets for the World\u2019s largest jackpots","url":"https:\/\/redfoxlotto.com\/lv\/","logo":{"@type":"ImageObject","inLanguage":"lv-LV","@id":"https:\/\/redfoxlotto.com\/lv\/#\/schema\/logo\/image\/","url":"https:\/\/redfoxlotto.com\/wp-content\/uploads\/2023\/04\/logo.png","contentUrl":"https:\/\/redfoxlotto.com\/wp-content\/uploads\/2023\/04\/logo.png","width":269,"height":53,"caption":"Get Tickets for the World\u2019s largest jackpots"},"image":{"@id":"https:\/\/redfoxlotto.com\/lv\/#\/schema\/logo\/image\/"}}]}},"_links":{"self":[{"href":"https:\/\/redfoxlotto.com\/lv\/wp-json\/wp\/v2\/pages\/86862","targetHints":{"allow":["GET"]}}],"collection":[{"href":"https:\/\/redfoxlotto.com\/lv\/wp-json\/wp\/v2\/pages"}],"about":[{"href":"https:\/\/redfoxlotto.com\/lv\/wp-json\/wp\/v2\/types\/page"}],"author":[{"embeddable":true,"href":"https:\/\/redfoxlotto.com\/lv\/wp-json\/wp\/v2\/users\/8"}],"replies":[{"embeddable":true,"href":"https:\/\/redfoxlotto.com\/lv\/wp-json\/wp\/v2\/comments?post=86862"}],"version-history":[{"count":0,"href":"https:\/\/redfoxlotto.com\/lv\/wp-json\/wp\/v2\/pages\/86862\/revisions"}],"up":[{"embeddable":true,"href":"https:\/\/redfoxlotto.com\/lv\/wp-json\/wp\/v2\/pages\/84416"}],"wp:attachment":[{"href":"https:\/\/redfoxlotto.com\/lv\/wp-json\/wp\/v2\/media?parent=86862"}],"curies":[{"name":"wp","href":"https:\/\/api.w.org\/{rel}","templated":true}]}}