{"id":85557,"date":"2025-02-25T17:29:04","date_gmt":"2025-02-25T17:29:04","guid":{"rendered":"https:\/\/redfoxlotto.com\/?page_id=85557"},"modified":"2025-04-21T07:50:28","modified_gmt":"2025-04-21T07:50:28","slug":"new-york-loterijas-rezultati","status":"publish","type":"page","link":"https:\/\/redfoxlotto.com\/lv\/rezultati\/new-york-loterijas-rezultati\/","title":{"rendered":"New York loterijas rezult\u0101ti"},"content":{"rendered":"<h2>\ud83d\uddfd Jaun\u0101kie rezult\u0101ti no \u0145ujorkas loterijas z\u012bm\u0113\u0161anas.<\/h2>\n<p><img loading=\"lazy\" decoding=\"async\" class=\"size-full wp-image-48546 alignright\" src=\"https:\/\/redfoxlotto.com\/wp-content\/uploads\/2023\/04\/powerball-draw-youtube1-300x300-1.jpg\" alt=\"newyork lotto \" width=\"300\" height=\"300\" srcset=\"https:\/\/redfoxlotto.com\/wp-content\/uploads\/2023\/04\/powerball-draw-youtube1-300x300-1.jpg 300w, https:\/\/redfoxlotto.com\/wp-content\/uploads\/2023\/04\/powerball-draw-youtube1-300x300-1-100x100.jpg 100w, https:\/\/redfoxlotto.com\/wp-content\/uploads\/2023\/04\/powerball-draw-youtube1-300x300-1-150x150.jpg 150w\" sizes=\"auto, (max-width: 300px) 100vw, 300px\" \/><br \/>\nLoterijas sp\u0113l\u0113t\u0101ji, kurus interes\u0113 aktu\u0101l\u0101kie \u0145ujorkas loterijas rezult\u0101ti, var izmantot RedFoxLotto platformu, kas ir ne tikai visaptvero\u0161a, bet ar\u012b vienk\u0101r\u0161i lietojama. Lai j\u016bs vienm\u0113r b\u016btu inform\u0113ti par jaun\u0101ko inform\u0101ciju, RedFoxLotto sniedz jums jaun\u0101ko inform\u0101ciju neatkar\u012bgi no t\u0101, vai j\u016bs skat\u0101ties jaun\u0101ko izlozi vai skait\u013cu kombin\u0101cijas, kas ir vinn\u0113ju\u0161as pag\u0101tn\u0113.<\/p>\n<h2>\ud83d\udd0dLai ir iesp\u0113jams piek\u013c\u016bt jaun\u0101kajiem atkl\u0101jumiem<\/h2>\n<p>Interneta vietne RedFoxLotto ir atbild\u012bga par lapas uztur\u0113\u0161anu, kas ir velt\u012bta tikai un vien\u012bgi \u0145ujorkas loterijas rezult\u0101tiem. Lietot\u0101ji var\u0113s izmantot \u0161o lapu, lai ieg\u016btu laim\u0113ju\u0161os skait\u013cus no jaun\u0101kaj\u0101m veiktaj\u0101m izloz\u0113m. Tas nodro\u0161ina, ka sp\u0113l\u0113t\u0101jiem ir pieejama visa attiec\u012bg\u0101 inform\u0101cija, sniedzot vi\u0146iem r\u016bp\u012bgu inform\u0101ciju par vair\u0101k\u0101m sp\u0113l\u0113m, sniedzot vi\u0146iem \u0161o inform\u0101ciju.<\/p>\n<h2>Produkta \u012bpa\u0161\u012bbas un priek\u0161roc\u012bbas<\/h2>\n<h3>Piln\u012bgas arh\u012bvu kolekcijas:<\/h3>\n<p>RedFoxLotto lietot\u0101jiem papildus jaun\u0101kajiem loterijas rezult\u0101tiem ir pieejams ar\u012b iepriek\u0161\u0113jo laimestu numuru arh\u012bvs. Izmantojot \u0161o arh\u012bvu, lietot\u0101ji var izp\u0113t\u012bt likumsakar\u012bbas vai p\u0101rbaud\u012bt iepriek\u0161\u0113jo laim\u0113ju\u0161o numuru rezult\u0101tus.<\/p>\n<p>Sp\u0113l\u0113t\u0101ji no visas pasaules var piedal\u012bties \u0145ujorkas loterij\u0101, izmantojot RedFoxLotto.com pied\u0101v\u0101to platformu. \u0160\u012b pieejam\u012bba \u013cauj piedal\u012bties sp\u0113l\u0113t\u0101jiem no visas pasaules. T\u0101d\u0113j\u0101di person\u0101m no cit\u0101m valst\u012bm ir daudz vienk\u0101r\u0161\u0101k piedal\u012bties loterij\u0101s, kas notiek Amerikas Savienotaj\u0101s Valst\u012bs.<\/p>\n<p>RedFoxLotto dro\u0161ie dar\u012bjumi nodro\u0161ina visu finan\u0161u dar\u012bjumu dro\u0161\u012bbu un dro\u0161umu, \u013caujot lietot\u0101jiem ieg\u0101d\u0101ties bi\u013cetes tie\u0161saist\u0113 bez jebk\u0101d\u0101m ba\u017e\u0101m. Tas ir \u013c\u0101vis lietot\u0101jiem ieg\u0101d\u0101ties bi\u013cetes tie\u0161saist\u0113.<\/p>\n<h3>Br\u012bdin\u0101jumi, kas tiek \u0123ener\u0113ti autom\u0101tiski:<\/h3>\n<p>Ja lietot\u0101js ir guvis pan\u0101kumus, vi\u0146\u0161 nekav\u0113joties sa\u0146ems pazi\u0146ojumu, t\u0101d\u0113j\u0101di samazinot nepiecie\u0161am\u012bbu cilv\u0113kam manu\u0101li p\u0101rbaud\u012bt rezult\u0101tus.<\/p>\n<h2>S\u0101kot no: Soli pa solim<\/h2>\n<p>Pie\u0146emot, ka j\u016bs apmekl\u0113jat t\u012bmek\u013ca vietni, dodieties uz RedFoxLotto \u0145ujorkas loterijas lapu, sekojot nor\u0101d\u012btajai saitei. https:\/\/redfoxlotto.com\/results\/new-york-lottery\/.<\/p>\n<p>Lai izveidotu lietot\u0101ja kontu, re\u0123istr\u0113joties j\u016bs var\u0113siet ieg\u016bt piek\u013cuvi visiem pakalpojumiem, tostarp iesp\u0113ju ieg\u0101d\u0101ties bi\u013cetes un sa\u0146emt pazi\u0146ojumus par rezult\u0101tiem.<\/p>\n<p>Lai ieg\u0101d\u0101tos bi\u013cetes uz gaid\u0101majiem izloz\u0113m, varat izv\u0113l\u0113ties v\u0113lamos skait\u013cus vai izmantot \u0101tr\u0101s izv\u0113les iesp\u0113ju. Turkl\u0101t jums ir iesp\u0113ja izv\u0113l\u0113ties \u0101tr\u0101s izv\u0113les iesp\u0113ju.<\/p>\n<p>P\u0113c izlozes veik\u0161anas jums j\u0101atgrie\u017eas t\u012bmek\u013ca vietn\u0113, lai p\u0101rbaud\u012btu jaun\u0101kos laim\u0113ju\u0161os skait\u013cus un izlemtu, vai esat uzvar\u0113t\u0101js.<\/p>\n<p>RedFoxLotto nodro\u0161ina uzticamu un efekt\u012bvu l\u012bdzekli, lai sekotu l\u012bdzi jaun\u0101kajiem rezult\u0101tiem un p\u0101rvald\u012btu savas darb\u012bbas, kas saist\u012btas ar loteriju, un t\u0101d\u0113j\u0101di padara dal\u012bbu \u0145ujorkas loterij\u0101 vienk\u0101r\u0161\u0101ku.<\/p>\n","protected":false},"excerpt":{"rendered":"<p>\ud83d\uddfd Jaun\u0101kie rezult\u0101ti no \u0145ujorkas loterijas z\u012bm\u0113\u0161anas. Loterijas sp\u0113l\u0113t\u0101ji, kurus interes\u0113 aktu\u0101l\u0101kie \u0145ujorkas loterijas rezult\u0101ti, var izmantot RedFoxLotto platformu, kas ir ne tikai visaptvero\u0161a, bet ar\u012b vienk\u0101r\u0161i lietojama. Lai j\u016bs vienm\u0113r b\u016btu inform\u0113ti par jaun\u0101ko inform\u0101ciju, RedFoxLotto sniedz jums jaun\u0101ko inform\u0101ciju neatkar\u012bgi no t\u0101, vai j\u016bs skat\u0101ties jaun\u0101ko izlozi vai skait\u013cu kombin\u0101cijas, kas ir vinn\u0113ju\u0161as [&hellip;]<\/p>\n","protected":false},"author":8,"featured_media":0,"parent":17007,"menu_order":18,"comment_status":"closed","ping_status":"closed","template":"newyork-results.php","meta":{"_et_pb_use_builder":"","_et_pb_old_content":"","_et_gb_content_width":"","exclude_from_search":false,"footnotes":""},"class_list":["post-85557","page","type-page","status-publish","hentry"],"yoast_head":"<!-- This site is optimized with the Yoast SEO plugin v23.8 - https:\/\/yoast.com\/wordpress\/plugins\/seo\/ -->\n<title>\u0145ujorkas loterijas laim\u0113ju\u0161ie skait\u013ci | Pag\u0101ju\u0161\u0101s nakts \u0145ujorkas loterijas rezult\u0101ti<\/title>\n<meta name=\"description\" content=\"Ja j\u016bs mekl\u0113jat pag\u0101ju\u0161\u0101s nakts \u0145ujorkas loterijas laim\u0113ju\u0161os numurus vai vec\u0101kus rezult\u0101tus, j\u016bs tos visus atrad\u012bsiet m\u016bsu t\u012bmek\u013ca vietn\u0113.\" \/>\n<meta name=\"robots\" content=\"index, follow, max-snippet:-1, max-image-preview:large, max-video-preview:-1\" \/>\n<link rel=\"canonical\" href=\"https:\/\/redfoxlotto.com\/lv\/rezultati\/new-york-loterijas-rezultati\/\" \/>\n<meta property=\"og:locale\" content=\"lv_LV\" \/>\n<meta property=\"og:type\" content=\"article\" \/>\n<meta property=\"og:title\" content=\"\u0145ujorkas loterijas laim\u0113ju\u0161ie skait\u013ci | Pag\u0101ju\u0161\u0101s nakts \u0145ujorkas loterijas rezult\u0101ti\" \/>\n<meta property=\"og:description\" content=\"Ja j\u016bs mekl\u0113jat pag\u0101ju\u0161\u0101s nakts \u0145ujorkas loterijas laim\u0113ju\u0161os numurus vai vec\u0101kus rezult\u0101tus, j\u016bs tos visus atrad\u012bsiet m\u016bsu t\u012bmek\u013ca vietn\u0113.\" \/>\n<meta property=\"og:url\" content=\"https:\/\/redfoxlotto.com\/lv\/rezultati\/new-york-loterijas-rezultati\/\" \/>\n<meta property=\"og:site_name\" content=\"Get Tickets for the World\u2019s largest jackpots\" \/>\n<meta property=\"article:modified_time\" content=\"2025-04-21T07:50:28+00:00\" \/>\n<meta property=\"og:image\" content=\"https:\/\/redfoxlotto.com\/wp-content\/uploads\/2023\/04\/powerball-draw-youtube1-300x300-1.jpg\" \/>\n<meta name=\"twitter:card\" content=\"summary_large_image\" \/>\n<meta name=\"twitter:label1\" content=\"Est. reading time\" \/>\n\t<meta name=\"twitter:data1\" content=\"2 minutes\" \/>\n<script type=\"application\/ld+json\" class=\"yoast-schema-graph\">{\"@context\":\"https:\/\/schema.org\",\"@graph\":[{\"@type\":\"WebPage\",\"@id\":\"https:\/\/redfoxlotto.com\/lv\/rezultati\/new-york-loterijas-rezultati\/\",\"url\":\"https:\/\/redfoxlotto.com\/lv\/rezultati\/new-york-loterijas-rezultati\/\",\"name\":\"\u0145ujorkas loterijas laim\u0113ju\u0161ie skait\u013ci | Pag\u0101ju\u0161\u0101s nakts \u0145ujorkas loterijas rezult\u0101ti\",\"isPartOf\":{\"@id\":\"https:\/\/redfoxlotto.com\/lv\/#website\"},\"primaryImageOfPage\":{\"@id\":\"https:\/\/redfoxlotto.com\/lv\/rezultati\/new-york-loterijas-rezultati\/#primaryimage\"},\"image\":{\"@id\":\"https:\/\/redfoxlotto.com\/lv\/rezultati\/new-york-loterijas-rezultati\/#primaryimage\"},\"thumbnailUrl\":\"https:\/\/redfoxlotto.com\/wp-content\/uploads\/2023\/04\/powerball-draw-youtube1-300x300-1.jpg\",\"datePublished\":\"2025-02-25T17:29:04+00:00\",\"dateModified\":\"2025-04-21T07:50:28+00:00\",\"description\":\"Ja j\u016bs mekl\u0113jat pag\u0101ju\u0161\u0101s nakts \u0145ujorkas loterijas laim\u0113ju\u0161os numurus vai vec\u0101kus rezult\u0101tus, j\u016bs tos visus atrad\u012bsiet m\u016bsu t\u012bmek\u013ca vietn\u0113.\",\"breadcrumb\":{\"@id\":\"https:\/\/redfoxlotto.com\/lv\/rezultati\/new-york-loterijas-rezultati\/#breadcrumb\"},\"inLanguage\":\"lv-LV\",\"potentialAction\":[{\"@type\":\"ReadAction\",\"target\":[\"https:\/\/redfoxlotto.com\/lv\/rezultati\/new-york-loterijas-rezultati\/\"]}]},{\"@type\":\"ImageObject\",\"inLanguage\":\"lv-LV\",\"@id\":\"https:\/\/redfoxlotto.com\/lv\/rezultati\/new-york-loterijas-rezultati\/#primaryimage\",\"url\":\"https:\/\/redfoxlotto.com\/wp-content\/uploads\/2023\/04\/powerball-draw-youtube1-300x300-1.jpg\",\"contentUrl\":\"https:\/\/redfoxlotto.com\/wp-content\/uploads\/2023\/04\/powerball-draw-youtube1-300x300-1.jpg\"},{\"@type\":\"BreadcrumbList\",\"@id\":\"https:\/\/redfoxlotto.com\/lv\/rezultati\/new-york-loterijas-rezultati\/#breadcrumb\",\"itemListElement\":[{\"@type\":\"ListItem\",\"position\":1,\"name\":\"Home\",\"item\":\"https:\/\/redfoxlotto.com\/lv\/\"},{\"@type\":\"ListItem\",\"position\":2,\"name\":\"Starptautisko loteriju rezult\u0101ti\",\"item\":\"https:\/\/redfoxlotto.com\/lv\/rezultati\/\"},{\"@type\":\"ListItem\",\"position\":3,\"name\":\"New York loterijas rezult\u0101ti\"}]},{\"@type\":\"WebSite\",\"@id\":\"https:\/\/redfoxlotto.com\/lv\/#website\",\"url\":\"https:\/\/redfoxlotto.com\/lv\/\",\"name\":\"Get Tickets for the World\u2019s largest jackpots\",\"description\":\"Participate in worldwide lottery jackpots from any country\",\"publisher\":{\"@id\":\"https:\/\/redfoxlotto.com\/lv\/#organization\"},\"potentialAction\":[{\"@type\":\"SearchAction\",\"target\":{\"@type\":\"EntryPoint\",\"urlTemplate\":\"https:\/\/redfoxlotto.com\/lv\/?s={search_term_string}\"},\"query-input\":{\"@type\":\"PropertyValueSpecification\",\"valueRequired\":true,\"valueName\":\"search_term_string\"}}],\"inLanguage\":\"lv-LV\"},{\"@type\":\"Organization\",\"@id\":\"https:\/\/redfoxlotto.com\/lv\/#organization\",\"name\":\"Get Tickets for the World\u2019s largest jackpots\",\"url\":\"https:\/\/redfoxlotto.com\/lv\/\",\"logo\":{\"@type\":\"ImageObject\",\"inLanguage\":\"lv-LV\",\"@id\":\"https:\/\/redfoxlotto.com\/lv\/#\/schema\/logo\/image\/\",\"url\":\"https:\/\/redfoxlotto.com\/wp-content\/uploads\/2023\/04\/logo.png\",\"contentUrl\":\"https:\/\/redfoxlotto.com\/wp-content\/uploads\/2023\/04\/logo.png\",\"width\":269,\"height\":53,\"caption\":\"Get Tickets for the World\u2019s largest jackpots\"},\"image\":{\"@id\":\"https:\/\/redfoxlotto.com\/lv\/#\/schema\/logo\/image\/\"}}]}<\/script>\n<!-- \/ Yoast SEO plugin. -->","yoast_head_json":{"title":"\u0145ujorkas loterijas laim\u0113ju\u0161ie skait\u013ci | Pag\u0101ju\u0161\u0101s nakts \u0145ujorkas loterijas rezult\u0101ti","description":"Ja j\u016bs mekl\u0113jat pag\u0101ju\u0161\u0101s nakts \u0145ujorkas loterijas laim\u0113ju\u0161os numurus vai vec\u0101kus rezult\u0101tus, j\u016bs tos visus atrad\u012bsiet m\u016bsu t\u012bmek\u013ca vietn\u0113.","robots":{"index":"index","follow":"follow","max-snippet":"max-snippet:-1","max-image-preview":"max-image-preview:large","max-video-preview":"max-video-preview:-1"},"canonical":"https:\/\/redfoxlotto.com\/lv\/rezultati\/new-york-loterijas-rezultati\/","og_locale":"lv_LV","og_type":"article","og_title":"\u0145ujorkas loterijas laim\u0113ju\u0161ie skait\u013ci | Pag\u0101ju\u0161\u0101s nakts \u0145ujorkas loterijas rezult\u0101ti","og_description":"Ja j\u016bs mekl\u0113jat pag\u0101ju\u0161\u0101s nakts \u0145ujorkas loterijas laim\u0113ju\u0161os numurus vai vec\u0101kus rezult\u0101tus, j\u016bs tos visus atrad\u012bsiet m\u016bsu t\u012bmek\u013ca vietn\u0113.","og_url":"https:\/\/redfoxlotto.com\/lv\/rezultati\/new-york-loterijas-rezultati\/","og_site_name":"Get Tickets for the World\u2019s largest jackpots","article_modified_time":"2025-04-21T07:50:28+00:00","og_image":[{"url":"https:\/\/redfoxlotto.com\/wp-content\/uploads\/2023\/04\/powerball-draw-youtube1-300x300-1.jpg"}],"twitter_card":"summary_large_image","twitter_misc":{"Est. reading time":"2 minutes"},"schema":{"@context":"https:\/\/schema.org","@graph":[{"@type":"WebPage","@id":"https:\/\/redfoxlotto.com\/lv\/rezultati\/new-york-loterijas-rezultati\/","url":"https:\/\/redfoxlotto.com\/lv\/rezultati\/new-york-loterijas-rezultati\/","name":"\u0145ujorkas loterijas laim\u0113ju\u0161ie skait\u013ci | Pag\u0101ju\u0161\u0101s nakts \u0145ujorkas loterijas rezult\u0101ti","isPartOf":{"@id":"https:\/\/redfoxlotto.com\/lv\/#website"},"primaryImageOfPage":{"@id":"https:\/\/redfoxlotto.com\/lv\/rezultati\/new-york-loterijas-rezultati\/#primaryimage"},"image":{"@id":"https:\/\/redfoxlotto.com\/lv\/rezultati\/new-york-loterijas-rezultati\/#primaryimage"},"thumbnailUrl":"https:\/\/redfoxlotto.com\/wp-content\/uploads\/2023\/04\/powerball-draw-youtube1-300x300-1.jpg","datePublished":"2025-02-25T17:29:04+00:00","dateModified":"2025-04-21T07:50:28+00:00","description":"Ja j\u016bs mekl\u0113jat pag\u0101ju\u0161\u0101s nakts \u0145ujorkas loterijas laim\u0113ju\u0161os numurus vai vec\u0101kus rezult\u0101tus, j\u016bs tos visus atrad\u012bsiet m\u016bsu t\u012bmek\u013ca vietn\u0113.","breadcrumb":{"@id":"https:\/\/redfoxlotto.com\/lv\/rezultati\/new-york-loterijas-rezultati\/#breadcrumb"},"inLanguage":"lv-LV","potentialAction":[{"@type":"ReadAction","target":["https:\/\/redfoxlotto.com\/lv\/rezultati\/new-york-loterijas-rezultati\/"]}]},{"@type":"ImageObject","inLanguage":"lv-LV","@id":"https:\/\/redfoxlotto.com\/lv\/rezultati\/new-york-loterijas-rezultati\/#primaryimage","url":"https:\/\/redfoxlotto.com\/wp-content\/uploads\/2023\/04\/powerball-draw-youtube1-300x300-1.jpg","contentUrl":"https:\/\/redfoxlotto.com\/wp-content\/uploads\/2023\/04\/powerball-draw-youtube1-300x300-1.jpg"},{"@type":"BreadcrumbList","@id":"https:\/\/redfoxlotto.com\/lv\/rezultati\/new-york-loterijas-rezultati\/#breadcrumb","itemListElement":[{"@type":"ListItem","position":1,"name":"Home","item":"https:\/\/redfoxlotto.com\/lv\/"},{"@type":"ListItem","position":2,"name":"Starptautisko loteriju rezult\u0101ti","item":"https:\/\/redfoxlotto.com\/lv\/rezultati\/"},{"@type":"ListItem","position":3,"name":"New York loterijas rezult\u0101ti"}]},{"@type":"WebSite","@id":"https:\/\/redfoxlotto.com\/lv\/#website","url":"https:\/\/redfoxlotto.com\/lv\/","name":"Get Tickets for the World\u2019s largest jackpots","description":"Participate in worldwide lottery jackpots from any country","publisher":{"@id":"https:\/\/redfoxlotto.com\/lv\/#organization"},"potentialAction":[{"@type":"SearchAction","target":{"@type":"EntryPoint","urlTemplate":"https:\/\/redfoxlotto.com\/lv\/?s={search_term_string}"},"query-input":{"@type":"PropertyValueSpecification","valueRequired":true,"valueName":"search_term_string"}}],"inLanguage":"lv-LV"},{"@type":"Organization","@id":"https:\/\/redfoxlotto.com\/lv\/#organization","name":"Get Tickets for the World\u2019s largest jackpots","url":"https:\/\/redfoxlotto.com\/lv\/","logo":{"@type":"ImageObject","inLanguage":"lv-LV","@id":"https:\/\/redfoxlotto.com\/lv\/#\/schema\/logo\/image\/","url":"https:\/\/redfoxlotto.com\/wp-content\/uploads\/2023\/04\/logo.png","contentUrl":"https:\/\/redfoxlotto.com\/wp-content\/uploads\/2023\/04\/logo.png","width":269,"height":53,"caption":"Get Tickets for the World\u2019s largest jackpots"},"image":{"@id":"https:\/\/redfoxlotto.com\/lv\/#\/schema\/logo\/image\/"}}]}},"_links":{"self":[{"href":"https:\/\/redfoxlotto.com\/lv\/wp-json\/wp\/v2\/pages\/85557","targetHints":{"allow":["GET"]}}],"collection":[{"href":"https:\/\/redfoxlotto.com\/lv\/wp-json\/wp\/v2\/pages"}],"about":[{"href":"https:\/\/redfoxlotto.com\/lv\/wp-json\/wp\/v2\/types\/page"}],"author":[{"embeddable":true,"href":"https:\/\/redfoxlotto.com\/lv\/wp-json\/wp\/v2\/users\/8"}],"replies":[{"embeddable":true,"href":"https:\/\/redfoxlotto.com\/lv\/wp-json\/wp\/v2\/comments?post=85557"}],"version-history":[{"count":0,"href":"https:\/\/redfoxlotto.com\/lv\/wp-json\/wp\/v2\/pages\/85557\/revisions"}],"up":[{"embeddable":true,"href":"https:\/\/redfoxlotto.com\/lv\/wp-json\/wp\/v2\/pages\/17007"}],"wp:attachment":[{"href":"https:\/\/redfoxlotto.com\/lv\/wp-json\/wp\/v2\/media?parent=85557"}],"curies":[{"name":"wp","href":"https:\/\/api.w.org\/{rel}","templated":true}]}}