{"id":85493,"date":"2025-02-25T17:25:31","date_gmt":"2025-02-25T17:25:31","guid":{"rendered":"https:\/\/redfoxlotto.com\/?page_id=85493"},"modified":"2025-04-21T06:50:42","modified_gmt":"2025-04-21T06:50:42","slug":"par-nujorkas-loterija","status":"publish","type":"page","link":"https:\/\/redfoxlotto.com\/lv\/informacija\/par-nujorkas-loterija\/","title":{"rendered":"Par \u0145ujorkas loterija"},"content":{"rendered":"<h2>K\u0101 nopirkt \u0145ujorkas loterijas bi\u013cetes<\/h2>\n<p>Ce\u013cvedis, lai ieg\u0101d\u0101tos bi\u013cetes uz \u0145ujorkas loterijas par RedFoxLotto:<\/p>\n<p>Vai, sp\u0113l\u0113jot \u0145ujorkas loteriju, J\u016bs k\u0101dreiz esat fantaz\u0113jis par laimestu, kas piln\u012bb\u0101 izmain\u012btu J\u016bsu dz\u012bvi? Piedal\u012b\u0161an\u0101s starptautiskaj\u0101s loterij\u0101s, piem\u0113ram, \u0145ujorkas loto, nekad nav bijusi tik vienk\u0101r\u0161a k\u0101 ar RedFoxLotto, pat ja J\u016bs atrodaties \u0101rpus ASV.<\/p>\n<p>\u0160aj\u0101 rakst\u0101 m\u0113s jums pal\u012bdz\u0113sim da\u017eos vienk\u0101r\u0161os so\u013cos iziet cauri \u0145ujorkas loterijas bi\u013ce\u0161u ieg\u0101des procesam no RedFoxLotto.<\/p>\n<h2>RedFoxLotto: kas tas ir?<\/h2>\n<p>J\u016bs varat piedal\u012bties liel\u0101kaj\u0101s starptautiskaj\u0101s loterij\u0101s ar RedFoxLotto, kas ir cien\u012bjams tie\u0161saistes loteriju pakalpojums. \u0160\u012bs loterijas ietver Powerball, Mega Millions, EuroMillions un, protams, New York Lotto. Vi\u0146i pilda bi\u013ce\u0161u kurjerpasta pakalpojumu, kas noz\u012bm\u0113, ka vi\u0146i j\u016bsu v\u0101rd\u0101 ieg\u0101d\u0101jas \u012bstu bi\u013ceti un p\u0113c tam iesken\u0113 to j\u016bsu nor\u0101d\u012btaj\u0101 tie\u0161saistes kont\u0101.<\/p>\n<h3>RedFoxLotto: Soli pa solim, k\u0101 ieg\u0101d\u0101ties bi\u013cetes uz \u0145ujorkas loterijas programmu.<\/h3>\n<p>1. Re\u0123istr\u0113jieties. Dodieties uz RedFoxLotto.com, lai s\u0101ktu re\u0123istr\u0101cijas procesu. Ievadiet savu pamatinform\u0101ciju, piem\u0113ram, v\u0101rdu, e-pasta adresi un valsti, kur\u0101 pa\u0161laik dz\u012bvojat, noklik\u0161\u0137inot uz pogas \u201cRe\u0123istr\u0113ties\u201d.<\/p>\n<p>2. Apstipriniet, ka j\u016bsu konts ir likum\u012bgs.<\/p>\n<p>Kad esat pabeidzis re\u0123istr\u0113\u0161an\u0101s procesu, sav\u0101 ies\u016btn\u0113 atrodiet verifik\u0101cijas saiti. Varat p\u0101rbaud\u012bt savu kontu, noklik\u0161\u0137inot uz t\u0101s. Neskatoties uz to, ka \u0161is ir vienk\u0101r\u0161s solis, tas ir b\u016btisks gan dro\u0161\u012bbai, gan iesp\u0113jamiem n\u0101kotnes laimestiem.<\/p>\n<p>3. Izp\u0113tiet loterijas<\/p>\n<p>P\u0113c tam, kad esat veiksm\u012bgi pievienojies, dodieties uz s\u0101kumlapu un pieejamo loteriju sarakst\u0101 samekl\u0113jiet New York Lotto. Noklik\u0161\u0137inot uz t\u0101s, varat uzzin\u0101t vair\u0101k par n\u0101kamo izlozi, laimesta lielumu un bi\u013ce\u0161u cenu.<\/p>\n<p>4. Veiciet skait\u013cu izv\u0113li<\/p>\n<p>J\u016bsu uzdevums b\u016bs izv\u0113l\u0113ties se\u0161us skait\u013cus no viena l\u012bdz se\u0161desmit devi\u0146iem. Jums ir iesp\u0113ja izv\u0113l\u0113ties tos manu\u0101li vai ar\u012b varat izmantot Quick Pick iesp\u0113ju, lai RedFoxLotto \u0123ener\u0113tu jums nejau\u0161us skait\u013cus no nulles.<\/p>\n<h2>Pievienot grozam un doties uz apmaksu<\/h2>\n<p>Tikl\u012bdz esat izv\u0113l\u0113jies numurus, pievienojiet bi\u013ceti iepirkumu grozam. P\u0113c tam ieejiet kases zon\u0101. RedFoxLotto atbalsta vair\u0101kas maks\u0101jumu iesp\u0113jas, tostarp \u0161\u0101das:<\/p>\n<ul>\n<li>Kred\u012btkartes un debetkartes<\/li>\n<li>Bankas p\u0101rskait\u012bjums<\/li>\n<li>Elektroniskie maki, piem\u0113ram, Skrill<\/li>\n<li>Da\u017e\u0101s jom\u0101s pla\u0161i tiek izmantota kriptoval\u016bta.<\/li>\n<\/ul>\n<h2>Apstiprin\u0101jums un bi\u013ce\u0161u skeneris<\/h2>\n<p>Uzreiz p\u0113c tam, kad J\u016bsu nauda b\u016bs apstr\u0101d\u0101ta, RedFoxLotto nos\u016bt\u012bs vienu no saviem viet\u0113jiem a\u0123entiem Amerikas Savienotaj\u0101s Valst\u012bs, lai ieg\u0101d\u0101tos \u012bstu New York Lotto bi\u013ceti ar J\u016bsu izv\u0113l\u0113tajiem skait\u013ciem. Lai sniegtu pirkuma apliecin\u0101jumu, J\u016bsu kont\u0101 tiks nos\u016bt\u012bts J\u016bsu bi\u013cetes sken\u0113jums.<\/p>\n<h2>Kas notiek, ja Jums izdodas?<\/h2>\n<h3>Ja j\u016bsu ievad\u012btie skait\u013ci vinn\u0113 balvu:<\/h3>\n<p>J\u016bsu RedFoxLotto kont\u0101 uzreiz tiks ieskait\u012bti visi uzvar\u0113t\u0101ji, kas ir nelieli vai vid\u0113ja lieluma. Kad b\u016bsiet vinn\u0113jis lielu laimestu, RedFoxLotto komanda pal\u012bdz\u0113s Jums veikt visus nepiecie\u0161amos so\u013cus, lai sa\u0146emtu balvu. Atkar\u012bb\u0101 no summas un valsts noteikumiem var b\u016bt nepiecie\u0161ams J\u016bsu ce\u013cojums uz Amerikas Savienotaj\u0101m Valst\u012bm.<\/p>\n<h2>K\u0101ds ir likums?<\/h2>\n<p>Patie\u0161\u0101m. RedFoxLotto nav loterijas pieg\u0101d\u0101t\u0101js, bet gan nodarbojas ar loterijas bi\u013ce\u0161u izplat\u012b\u0161anu. J\u016bs ieg\u0101d\u0101jaties re\u0101lu fizisku bi\u013ceti ar pilnvarota a\u0123enta starpniec\u012bbu, kas nodro\u0161ina, ka viss ir likum\u012bgi un p\u0101rredzami, pat ja j\u016bs sp\u0113l\u0113jat no citas valsts.<\/p>\n<h2>Piez\u012bmes nobeigum\u0101<\/h2>\n<p>Iesp\u0113ja ieg\u0101d\u0101ties \u0145ujorkas loterijas bi\u013cetes no jebkuras vietas pasaul\u0113 vairs nav tikai nere\u0101ls sapnis. Izmantojot RedFoxLotto, tas ir viegli, dro\u0161i un pieejami. Ar da\u017eiem klik\u0161\u0137iem j\u016bs var\u0113tu pretend\u0113t uz miljoniem dol\u0101ru, un jums pat nevajadz\u0113tu izk\u0101pt no automa\u0161\u012bnas, lai dotos uz \u0145ujorku.<\/p>\n<p>K\u0101p\u0113c tad mums b\u016btu j\u0101gaida? Re\u0123istr\u0113jieties t\u016bl\u012bt, izv\u0113lieties savus laim\u012bgos skait\u013cus un gatavojieties doties p\u0113c d\u017eekpota!<\/p>\n","protected":false},"excerpt":{"rendered":"<p>K\u0101 nopirkt \u0145ujorkas loterijas bi\u013cetes Ce\u013cvedis, lai ieg\u0101d\u0101tos bi\u013cetes uz \u0145ujorkas loterijas par RedFoxLotto: Vai, sp\u0113l\u0113jot \u0145ujorkas loteriju, J\u016bs k\u0101dreiz esat fantaz\u0113jis par laimestu, kas piln\u012bb\u0101 izmain\u012btu J\u016bsu dz\u012bvi? Piedal\u012b\u0161an\u0101s starptautiskaj\u0101s loterij\u0101s, piem\u0113ram, \u0145ujorkas loto, nekad nav bijusi tik vienk\u0101r\u0161a k\u0101 ar RedFoxLotto, pat ja J\u016bs atrodaties \u0101rpus ASV. \u0160aj\u0101 rakst\u0101 m\u0113s jums pal\u012bdz\u0113sim da\u017eos [&hellip;]<\/p>\n","protected":false},"author":8,"featured_media":0,"parent":16999,"menu_order":18,"comment_status":"closed","ping_status":"closed","template":"newyork-info.php","meta":{"_et_pb_use_builder":"","_et_pb_old_content":"","_et_gb_content_width":"","exclude_from_search":false,"footnotes":""},"class_list":["post-85493","page","type-page","status-publish","hentry"],"yoast_head":"<!-- This site is optimized with the Yoast SEO plugin v23.8 - https:\/\/yoast.com\/wordpress\/plugins\/seo\/ -->\n<title>K\u0101 ieg\u0101d\u0101ties \u0145ujorkas loterijas bi\u013cetes tie\u0161saist\u0113 no Apvienot\u0101s Karalistes<\/title>\n<meta name=\"description\" content=\"Ieg\u0101d\u0101jieties \u0145ujorkas loterijas bi\u013cetes \u0161eit - pat no Apvienot\u0101s Karalistes j\u016bs varat piedal\u012bties \u0145ujorkas loterij\u0101 tie\u0161saist\u0113 un da\u017eu min\u016b\u0161u laik\u0101 sa\u0146emt sken\u0113tu bi\u013ceti.\" \/>\n<meta name=\"robots\" content=\"index, follow, max-snippet:-1, max-image-preview:large, max-video-preview:-1\" \/>\n<link rel=\"canonical\" href=\"https:\/\/redfoxlotto.com\/lv\/informacija\/par-nujorkas-loterija\/\" \/>\n<meta property=\"og:locale\" content=\"lv_LV\" \/>\n<meta property=\"og:type\" content=\"article\" \/>\n<meta property=\"og:title\" content=\"K\u0101 ieg\u0101d\u0101ties \u0145ujorkas loterijas bi\u013cetes tie\u0161saist\u0113 no Apvienot\u0101s Karalistes\" \/>\n<meta property=\"og:description\" content=\"Ieg\u0101d\u0101jieties \u0145ujorkas loterijas bi\u013cetes \u0161eit - pat no Apvienot\u0101s Karalistes j\u016bs varat piedal\u012bties \u0145ujorkas loterij\u0101 tie\u0161saist\u0113 un da\u017eu min\u016b\u0161u laik\u0101 sa\u0146emt sken\u0113tu bi\u013ceti.\" \/>\n<meta property=\"og:url\" content=\"https:\/\/redfoxlotto.com\/lv\/informacija\/par-nujorkas-loterija\/\" \/>\n<meta property=\"og:site_name\" content=\"Get Tickets for the World\u2019s largest jackpots\" \/>\n<meta property=\"article:modified_time\" content=\"2025-04-21T06:50:42+00:00\" \/>\n<meta name=\"twitter:card\" content=\"summary_large_image\" \/>\n<meta name=\"twitter:label1\" content=\"Est. reading time\" \/>\n\t<meta name=\"twitter:data1\" content=\"3 minutes\" \/>\n<script type=\"application\/ld+json\" class=\"yoast-schema-graph\">{\"@context\":\"https:\/\/schema.org\",\"@graph\":[{\"@type\":\"WebPage\",\"@id\":\"https:\/\/redfoxlotto.com\/lv\/informacija\/par-nujorkas-loterija\/\",\"url\":\"https:\/\/redfoxlotto.com\/lv\/informacija\/par-nujorkas-loterija\/\",\"name\":\"K\u0101 ieg\u0101d\u0101ties \u0145ujorkas loterijas bi\u013cetes tie\u0161saist\u0113 no Apvienot\u0101s Karalistes\",\"isPartOf\":{\"@id\":\"https:\/\/redfoxlotto.com\/lv\/#website\"},\"datePublished\":\"2025-02-25T17:25:31+00:00\",\"dateModified\":\"2025-04-21T06:50:42+00:00\",\"description\":\"Ieg\u0101d\u0101jieties \u0145ujorkas loterijas bi\u013cetes \u0161eit - pat no Apvienot\u0101s Karalistes j\u016bs varat piedal\u012bties \u0145ujorkas loterij\u0101 tie\u0161saist\u0113 un da\u017eu min\u016b\u0161u laik\u0101 sa\u0146emt sken\u0113tu bi\u013ceti.\",\"breadcrumb\":{\"@id\":\"https:\/\/redfoxlotto.com\/lv\/informacija\/par-nujorkas-loterija\/#breadcrumb\"},\"inLanguage\":\"lv-LV\",\"potentialAction\":[{\"@type\":\"ReadAction\",\"target\":[\"https:\/\/redfoxlotto.com\/lv\/informacija\/par-nujorkas-loterija\/\"]}]},{\"@type\":\"BreadcrumbList\",\"@id\":\"https:\/\/redfoxlotto.com\/lv\/informacija\/par-nujorkas-loterija\/#breadcrumb\",\"itemListElement\":[{\"@type\":\"ListItem\",\"position\":1,\"name\":\"Home\",\"item\":\"https:\/\/redfoxlotto.com\/lv\/\"},{\"@type\":\"ListItem\",\"position\":2,\"name\":\"K\u0101 ieg\u0101d\u0101ties tie\u0161saistes loteriju bi\u013cetes \u2013 ieg\u0101des process\",\"item\":\"https:\/\/redfoxlotto.com\/lv\/informacija\/\"},{\"@type\":\"ListItem\",\"position\":3,\"name\":\"Par \u0145ujorkas loterija\"}]},{\"@type\":\"WebSite\",\"@id\":\"https:\/\/redfoxlotto.com\/lv\/#website\",\"url\":\"https:\/\/redfoxlotto.com\/lv\/\",\"name\":\"Get Tickets for the World\u2019s largest jackpots\",\"description\":\"Participate in worldwide lottery jackpots from any country\",\"publisher\":{\"@id\":\"https:\/\/redfoxlotto.com\/lv\/#organization\"},\"potentialAction\":[{\"@type\":\"SearchAction\",\"target\":{\"@type\":\"EntryPoint\",\"urlTemplate\":\"https:\/\/redfoxlotto.com\/lv\/?s={search_term_string}\"},\"query-input\":{\"@type\":\"PropertyValueSpecification\",\"valueRequired\":true,\"valueName\":\"search_term_string\"}}],\"inLanguage\":\"lv-LV\"},{\"@type\":\"Organization\",\"@id\":\"https:\/\/redfoxlotto.com\/lv\/#organization\",\"name\":\"Get Tickets for the World\u2019s largest jackpots\",\"url\":\"https:\/\/redfoxlotto.com\/lv\/\",\"logo\":{\"@type\":\"ImageObject\",\"inLanguage\":\"lv-LV\",\"@id\":\"https:\/\/redfoxlotto.com\/lv\/#\/schema\/logo\/image\/\",\"url\":\"https:\/\/redfoxlotto.com\/wp-content\/uploads\/2023\/04\/logo.png\",\"contentUrl\":\"https:\/\/redfoxlotto.com\/wp-content\/uploads\/2023\/04\/logo.png\",\"width\":269,\"height\":53,\"caption\":\"Get Tickets for the World\u2019s largest jackpots\"},\"image\":{\"@id\":\"https:\/\/redfoxlotto.com\/lv\/#\/schema\/logo\/image\/\"}}]}<\/script>\n<!-- \/ Yoast SEO plugin. -->","yoast_head_json":{"title":"K\u0101 ieg\u0101d\u0101ties \u0145ujorkas loterijas bi\u013cetes tie\u0161saist\u0113 no Apvienot\u0101s Karalistes","description":"Ieg\u0101d\u0101jieties \u0145ujorkas loterijas bi\u013cetes \u0161eit - pat no Apvienot\u0101s Karalistes j\u016bs varat piedal\u012bties \u0145ujorkas loterij\u0101 tie\u0161saist\u0113 un da\u017eu min\u016b\u0161u laik\u0101 sa\u0146emt sken\u0113tu bi\u013ceti.","robots":{"index":"index","follow":"follow","max-snippet":"max-snippet:-1","max-image-preview":"max-image-preview:large","max-video-preview":"max-video-preview:-1"},"canonical":"https:\/\/redfoxlotto.com\/lv\/informacija\/par-nujorkas-loterija\/","og_locale":"lv_LV","og_type":"article","og_title":"K\u0101 ieg\u0101d\u0101ties \u0145ujorkas loterijas bi\u013cetes tie\u0161saist\u0113 no Apvienot\u0101s Karalistes","og_description":"Ieg\u0101d\u0101jieties \u0145ujorkas loterijas bi\u013cetes \u0161eit - pat no Apvienot\u0101s Karalistes j\u016bs varat piedal\u012bties \u0145ujorkas loterij\u0101 tie\u0161saist\u0113 un da\u017eu min\u016b\u0161u laik\u0101 sa\u0146emt sken\u0113tu bi\u013ceti.","og_url":"https:\/\/redfoxlotto.com\/lv\/informacija\/par-nujorkas-loterija\/","og_site_name":"Get Tickets for the World\u2019s largest jackpots","article_modified_time":"2025-04-21T06:50:42+00:00","twitter_card":"summary_large_image","twitter_misc":{"Est. reading time":"3 minutes"},"schema":{"@context":"https:\/\/schema.org","@graph":[{"@type":"WebPage","@id":"https:\/\/redfoxlotto.com\/lv\/informacija\/par-nujorkas-loterija\/","url":"https:\/\/redfoxlotto.com\/lv\/informacija\/par-nujorkas-loterija\/","name":"K\u0101 ieg\u0101d\u0101ties \u0145ujorkas loterijas bi\u013cetes tie\u0161saist\u0113 no Apvienot\u0101s Karalistes","isPartOf":{"@id":"https:\/\/redfoxlotto.com\/lv\/#website"},"datePublished":"2025-02-25T17:25:31+00:00","dateModified":"2025-04-21T06:50:42+00:00","description":"Ieg\u0101d\u0101jieties \u0145ujorkas loterijas bi\u013cetes \u0161eit - pat no Apvienot\u0101s Karalistes j\u016bs varat piedal\u012bties \u0145ujorkas loterij\u0101 tie\u0161saist\u0113 un da\u017eu min\u016b\u0161u laik\u0101 sa\u0146emt sken\u0113tu bi\u013ceti.","breadcrumb":{"@id":"https:\/\/redfoxlotto.com\/lv\/informacija\/par-nujorkas-loterija\/#breadcrumb"},"inLanguage":"lv-LV","potentialAction":[{"@type":"ReadAction","target":["https:\/\/redfoxlotto.com\/lv\/informacija\/par-nujorkas-loterija\/"]}]},{"@type":"BreadcrumbList","@id":"https:\/\/redfoxlotto.com\/lv\/informacija\/par-nujorkas-loterija\/#breadcrumb","itemListElement":[{"@type":"ListItem","position":1,"name":"Home","item":"https:\/\/redfoxlotto.com\/lv\/"},{"@type":"ListItem","position":2,"name":"K\u0101 ieg\u0101d\u0101ties tie\u0161saistes loteriju bi\u013cetes \u2013 ieg\u0101des process","item":"https:\/\/redfoxlotto.com\/lv\/informacija\/"},{"@type":"ListItem","position":3,"name":"Par \u0145ujorkas loterija"}]},{"@type":"WebSite","@id":"https:\/\/redfoxlotto.com\/lv\/#website","url":"https:\/\/redfoxlotto.com\/lv\/","name":"Get Tickets for the World\u2019s largest jackpots","description":"Participate in worldwide lottery jackpots from any country","publisher":{"@id":"https:\/\/redfoxlotto.com\/lv\/#organization"},"potentialAction":[{"@type":"SearchAction","target":{"@type":"EntryPoint","urlTemplate":"https:\/\/redfoxlotto.com\/lv\/?s={search_term_string}"},"query-input":{"@type":"PropertyValueSpecification","valueRequired":true,"valueName":"search_term_string"}}],"inLanguage":"lv-LV"},{"@type":"Organization","@id":"https:\/\/redfoxlotto.com\/lv\/#organization","name":"Get Tickets for the World\u2019s largest jackpots","url":"https:\/\/redfoxlotto.com\/lv\/","logo":{"@type":"ImageObject","inLanguage":"lv-LV","@id":"https:\/\/redfoxlotto.com\/lv\/#\/schema\/logo\/image\/","url":"https:\/\/redfoxlotto.com\/wp-content\/uploads\/2023\/04\/logo.png","contentUrl":"https:\/\/redfoxlotto.com\/wp-content\/uploads\/2023\/04\/logo.png","width":269,"height":53,"caption":"Get Tickets for the World\u2019s largest jackpots"},"image":{"@id":"https:\/\/redfoxlotto.com\/lv\/#\/schema\/logo\/image\/"}}]}},"_links":{"self":[{"href":"https:\/\/redfoxlotto.com\/lv\/wp-json\/wp\/v2\/pages\/85493","targetHints":{"allow":["GET"]}}],"collection":[{"href":"https:\/\/redfoxlotto.com\/lv\/wp-json\/wp\/v2\/pages"}],"about":[{"href":"https:\/\/redfoxlotto.com\/lv\/wp-json\/wp\/v2\/types\/page"}],"author":[{"embeddable":true,"href":"https:\/\/redfoxlotto.com\/lv\/wp-json\/wp\/v2\/users\/8"}],"replies":[{"embeddable":true,"href":"https:\/\/redfoxlotto.com\/lv\/wp-json\/wp\/v2\/comments?post=85493"}],"version-history":[{"count":0,"href":"https:\/\/redfoxlotto.com\/lv\/wp-json\/wp\/v2\/pages\/85493\/revisions"}],"up":[{"embeddable":true,"href":"https:\/\/redfoxlotto.com\/lv\/wp-json\/wp\/v2\/pages\/16999"}],"wp:attachment":[{"href":"https:\/\/redfoxlotto.com\/lv\/wp-json\/wp\/v2\/media?parent=85493"}],"curies":[{"name":"wp","href":"https:\/\/api.w.org\/{rel}","templated":true}]}}