{"id":85286,"date":"2025-03-30T12:21:27","date_gmt":"2025-03-30T12:21:27","guid":{"rendered":"https:\/\/redfoxlotto.com\/?page_id=85286"},"modified":"2025-12-10T16:27:04","modified_gmt":"2025-12-10T16:27:04","slug":"ka-spelet-nujorkas-loterija-lielbritanija","status":"publish","type":"page","link":"https:\/\/redfoxlotto.com\/lv\/spelet\/ka-spelet-nujorkas-loterija-lielbritanija\/","title":{"rendered":"K\u0101 sp\u0113l\u0113t \u0145ujorkas loterij\u0101 Lielbrit\u0101nij\u0101."},"content":{"rendered":"<p><script type=\"application\/ld+json\">\n{\n\"@context\": \"https:\/\/schema.org\",\n\"@type\": \"Service\",\n\"name\": \"Play New York Lottery\",\n\"url\": \"https:\/\/redfoxlotto.com\/lv\/spelet\/ka-spelet-nujorkas-loterija-lielbritanija\/\",\n\"description\": \"Ieg\u0101d\u0101jieties ofici\u0101las \u0145ujorkas loterijas bi\u013cetes tie\u0161saist\u0113, izmantojot RedFoxLotto. Izv\u0113lieties savus skait\u013cus un pievienojieties n\u0101kamajai izlozei.\",\n\"serviceType\": \"Online lottery ticket purchase\",<\/p>\n<p>\"provider\": {\n\"@type\": \"Organization\",\n\"name\": \"RedFoxLotto\",\n\"url\": \"https:\/\/redfoxlotto.com\",\n\"logo\": \"https:\/\/redfoxlotto.com\/wp-content\/uploads\/logo.png\"\n},<\/p>\n<p>\"areaServed\": \"Worldwide\",\n\"termsOfService\": \"https:\/\/redfoxlotto.com\/terms-and-conditions\",<\/p>\n<p>\"hasOfferCatalog\": {\n\"@type\": \"OfferCatalog\",\n\"name\": \"New York Lottery Offers\",\n\"itemListElement\": [\n{\n\"@type\": \"Offer\",\n\"name\": \"New York Lottery Ticket\",\n\"url\": \"https:\/\/redfoxlotto.com\/lv\/spelet\/ka-spelet-nujorkas-loterija-lielbritanija\/\",\n\"description\": \"Viena dal\u012bba n\u0101kamaj\u0101 \u0145ujorkas loterijas izloz\u0113.\",\n\"price\": \"1.40\",\n\"priceCurrency\": \"EUR\",\n\"availability\": \"https:\/\/schema.org\/InStock\",<\/p>\n<p>\"itemOffered\": {\n\"@type\": \"Service\",\n\"name\": \"New York Lottery Entry\",\n\"description\": \"Pieteik\u0161an\u0101s n\u0101kamajai \u0145ujorkas loterijas izlozei, izmantojot RedFoxLotto.\"\n}\n}\n]\n},<\/p>\n<p>\"mainEntityOfPage\": {\n\"@type\": \"WebPage\",\n\"@id\": \"https:\/\/redfoxlotto.com\/lv\/spelet\/ka-spelet-nujorkas-loterija-lielbritanija\/\"\n}\n}\n<\/script><\/p>\n<h2>K\u0101 piedal\u012bties \u0145ujorkas loterij\u0101 ar RedFoxLotto.com Apvienotaj\u0101 Karalist\u0113<\/h2>\n<p><img loading=\"lazy\" decoding=\"async\" class=\" wp-image-48802 alignright\" src=\"https:\/\/redfoxlotto.com\/wp-content\/uploads\/2023\/04\/raffle-tickets-online-495x330-1-300x200.jpg\" alt=\"New York Lottery\" width=\"321\" height=\"214\" srcset=\"https:\/\/redfoxlotto.com\/wp-content\/uploads\/2023\/04\/raffle-tickets-online-495x330-1-300x200.jpg 300w, https:\/\/redfoxlotto.com\/wp-content\/uploads\/2023\/04\/raffle-tickets-online-495x330-1.jpg 495w\" sizes=\"auto, (max-width: 321px) 100vw, 321px\" \/><br \/>\nPie\u0146emsim, piem\u0113ram, scen\u0101riju, kur\u0101 j\u016bs pamostaties Apvienotaj\u0101 Karalist\u0113, pagatavojat r\u012bta t\u0113ju un p\u0113c tam p\u0101rbaud\u0101t savu t\u0101lruni, lai uzzin\u0101tu, ka tikko esat laim\u0113jis \u0145ujorkas loterij\u0101. Vai tas izklaus\u0101s p\u0101rsp\u012bl\u0113ti? P\u0101rdom\u0101jiet! Ar RedFoxLotto.com ir iesp\u0113jams sp\u0113l\u0113t vienu no aizraujo\u0161\u0101kaj\u0101m loterij\u0101m Amerikas Savienotaj\u0101s Valst\u012bs, \u0113rti atrodoties m\u0101j\u0101s Apvienotaj\u0101 Karalist\u0113.<\/p>\n<h2>\u0145ujorkas loterija: K\u0101p\u0113c jums vajadz\u0113tu sp\u0113l\u0113t?<\/h2>\n<p>\u0145ujorkas loterija ir labi paz\u012bstama ar saviem milz\u012bgajiem d\u017eekpotiem, aizraujo\u0161aj\u0101m sp\u0113l\u0113m un laimestiem, kas var piln\u012bb\u0101 main\u012bt cilv\u0113ka dz\u012bvi. Tas, ka katru ned\u0113\u013cu notiek daudz izlo\u017eu, noz\u012bm\u0113, ka jums ir neskait\u0101mas iesp\u0113jas piepild\u012bt savus sap\u0146us. Ja sp\u0113l\u0113siet Mega Millions vai Powerball loterij\u0101, past\u0101v iesp\u0113ja laim\u0113t naudu, kas izmain\u012bs j\u016bsu dz\u012bvi.<\/p>\n<h2>Nor\u0101d\u012bjumi par to, k\u0101 sp\u0113l\u0113t RedFoxLotto.com, soli pa solim<\/h2>\n<p>1. Dodieties uz t\u012bmek\u013ca vietni RedFoxLotto.com. Jums vajadz\u0113tu palaist izv\u0113l\u0113to t\u012bmek\u013ca p\u0101rl\u016bkprogrammu un p\u0101riet uz ofici\u0101lo RedFoxLotto t\u012bmek\u013ca vietni.<\/p>\n<p>2. Izveidojiet kontu &#8211; lai re\u0123istr\u0113tos, jums b\u016bs nepiecie\u0161ams izveidot kontu. Tas ir ne tikai \u0101trs un dro\u0161s, bet ar\u012b nepiecie\u0161ams, lai var\u0113tu sp\u0113l\u0113t.<\/p>\n<p>3. Izv\u0113lieties \u0145ujorkas loteriju &#8211; P\u0113c da\u017e\u0101du pied\u0101v\u0101to loteriju apskates izv\u0113lieties \u0145ujorkas loteriju vai jebkuru citu amerik\u0101\u0146u laimestu, kas J\u016bs ieinteres\u0113s mekl\u0113\u0161anas laik\u0101.<\/p>\n<p>4. Izv\u0113lieties skait\u013cus Jums ir iesp\u0113ja izv\u0113l\u0113ties, vai izv\u0113l\u0113ties laim\u012bgos skait\u013cus manu\u0101li, vai ar\u012b izmantot \u0101tr\u0101s izv\u0113les iesp\u0113ju, kas \u013caus sist\u0113mai tos atrast autom\u0101tiski.<\/p>\n<p>5. Ieg\u0101d\u0101jieties bi\u013ceti &#8211; dodieties uz kases lapu un dro\u0161i samaks\u0101jiet par bi\u013ceti, izmantojot k\u0101du no daudzaj\u0101m pieejamaj\u0101m maks\u0101jumu iesp\u0113j\u0101m.<\/p>\n<p>6. Kam\u0113r gaid\u0101t izlozi, aps\u0113dieties un atp\u016btieties. Ja j\u016bs b\u016bsiet uzvar\u0113t\u0101js, j\u016bs par to tiksiet inform\u0113ts!<\/p>\n<h2>RedFoxLotto.com sp\u0113\u013cu piedal\u012b\u0161an\u0101s priek\u0161roc\u012bbas<\/h2>\n<p>Tas nov\u0113r\u0161 nepiecie\u0161am\u012bbu doties uz Amerikas Savienotaj\u0101m Valst\u012bm, lai ieg\u0101d\u0101tos bi\u013ceti.<\/p>\n<p>&#8211; Dro\u0161i un dro\u0161i dar\u012bjumi &#8211; sp\u0113l\u0113jiet piln\u012bgi mier\u012bgi, zinot, ka j\u016bsu nauda un pirkuma inform\u0101cija ir aizsarg\u0101ta.<\/p>\n<p>&#8211; Autom\u0101tiski nos\u016bt\u012bti pazi\u0146ojumi &#8211; nekad nepalaisti gar\u0101m laimestu! Ja J\u016bs esat laim\u012bgais d\u017eekpota ieguv\u0113js, J\u016bs uzreiz sa\u0146emsiet pazi\u0146ojumu.<\/p>\n<p>Papildus \u0145ujorkas loterijai J\u016bs varat piek\u013c\u016bt ar\u012b pasaules m\u0113roga loterij\u0101m, kas sniegs Jums v\u0113l vair\u0101k iesp\u0113ju laim\u0113t iev\u0113rojamu naudas summu.<\/p>\n<h2>Nobeiguma piez\u012bmes<\/h2>\n<p>Izmantojot RedFoxLotto.com, jums b\u016bs pieejama visa loteriju izklaides pasaule. Nav svar\u012bgi, kur j\u016bs atrodaties Apvienotaj\u0101 Karalist\u0113; jums ir iesp\u0113ja \u012bstenot amerik\u0101\u0146u sapni un, iesp\u0113jams, k\u013c\u016bt par n\u0101kamo \u0145ujorkas loterijas miljon\u0101ru. T\u0101p\u0113c, k\u0101p\u0113c mums b\u016btu j\u0101gaida? Apmekl\u0113jiet t\u012bmek\u013ca vietni RedFoxLotto.com jau tagad, lai ieg\u0101d\u0101tos savu bi\u013ceti; j\u016bs nekad nezin\u0101t, kad veiksme n\u0101ks j\u016bsu ce\u013c\u0101.<\/p>\n","protected":false},"excerpt":{"rendered":"<p>K\u0101 piedal\u012bties \u0145ujorkas loterij\u0101 ar RedFoxLotto.com Apvienotaj\u0101 Karalist\u0113 Pie\u0146emsim, piem\u0113ram, scen\u0101riju, kur\u0101 j\u016bs pamostaties Apvienotaj\u0101 Karalist\u0113, pagatavojat r\u012bta t\u0113ju un p\u0113c tam p\u0101rbaud\u0101t savu t\u0101lruni, lai uzzin\u0101tu, ka tikko esat laim\u0113jis \u0145ujorkas loterij\u0101. Vai tas izklaus\u0101s p\u0101rsp\u012bl\u0113ti? P\u0101rdom\u0101jiet! Ar RedFoxLotto.com ir iesp\u0113jams sp\u0113l\u0113t vienu no aizraujo\u0161\u0101kaj\u0101m loterij\u0101m Amerikas Savienotaj\u0101s Valst\u012bs, \u0113rti atrodoties m\u0101j\u0101s Apvienotaj\u0101 Karalist\u0113. [&hellip;]<\/p>\n","protected":false},"author":8,"featured_media":0,"parent":17017,"menu_order":18,"comment_status":"closed","ping_status":"closed","template":"newyork.php","meta":{"_et_pb_use_builder":"","_et_pb_old_content":"","_et_gb_content_width":"","exclude_from_search":false,"footnotes":""},"class_list":["post-85286","page","type-page","status-publish","hentry"],"yoast_head":"<!-- This site is optimized with the Yoast SEO plugin v23.8 - https:\/\/yoast.com\/wordpress\/plugins\/seo\/ -->\n<title>K\u0101 piedal\u012bties \u0145ujorkas loterij\u0101 Apvienotaj\u0101 Karalist\u0113<\/title>\n<meta name=\"description\" content=\"Uzziniet, k\u0101 piedal\u012bties \u0145ujorkas loterij\u0101 no Apvienot\u0101s Karalistes vietn\u0113 RedFoxLotto.com, un sa\u0146emiet padomus, k\u0101 palielin\u0101t savas izredzes laim\u0113t.\" \/>\n<meta name=\"robots\" content=\"index, follow, max-snippet:-1, max-image-preview:large, max-video-preview:-1\" \/>\n<link rel=\"canonical\" href=\"https:\/\/redfoxlotto.com\/lv\/spelet\/ka-spelet-nujorkas-loterija-lielbritanija\/\" \/>\n<meta property=\"og:locale\" content=\"lv_LV\" \/>\n<meta property=\"og:type\" content=\"article\" \/>\n<meta property=\"og:title\" content=\"K\u0101 piedal\u012bties \u0145ujorkas loterij\u0101 Apvienotaj\u0101 Karalist\u0113\" \/>\n<meta property=\"og:description\" content=\"Uzziniet, k\u0101 piedal\u012bties \u0145ujorkas loterij\u0101 no Apvienot\u0101s Karalistes vietn\u0113 RedFoxLotto.com, un sa\u0146emiet padomus, k\u0101 palielin\u0101t savas izredzes laim\u0113t.\" \/>\n<meta property=\"og:url\" content=\"https:\/\/redfoxlotto.com\/lv\/spelet\/ka-spelet-nujorkas-loterija-lielbritanija\/\" \/>\n<meta property=\"og:site_name\" content=\"Get Tickets for the World\u2019s largest jackpots\" \/>\n<meta property=\"article:modified_time\" content=\"2025-12-10T16:27:04+00:00\" \/>\n<meta property=\"og:image\" content=\"https:\/\/redfoxlotto.com\/wp-content\/uploads\/2023\/04\/raffle-tickets-online-495x330-1-300x200.jpg\" \/>\n<meta name=\"twitter:card\" content=\"summary_large_image\" \/>\n<meta name=\"twitter:label1\" content=\"Est. reading time\" \/>\n\t<meta name=\"twitter:data1\" content=\"2 minutes\" \/>\n<script type=\"application\/ld+json\" class=\"yoast-schema-graph\">{\"@context\":\"https:\/\/schema.org\",\"@graph\":[{\"@type\":\"WebPage\",\"@id\":\"https:\/\/redfoxlotto.com\/lv\/spelet\/ka-spelet-nujorkas-loterija-lielbritanija\/\",\"url\":\"https:\/\/redfoxlotto.com\/lv\/spelet\/ka-spelet-nujorkas-loterija-lielbritanija\/\",\"name\":\"K\u0101 piedal\u012bties \u0145ujorkas loterij\u0101 Apvienotaj\u0101 Karalist\u0113\",\"isPartOf\":{\"@id\":\"https:\/\/redfoxlotto.com\/lv\/#website\"},\"primaryImageOfPage\":{\"@id\":\"https:\/\/redfoxlotto.com\/lv\/spelet\/ka-spelet-nujorkas-loterija-lielbritanija\/#primaryimage\"},\"image\":{\"@id\":\"https:\/\/redfoxlotto.com\/lv\/spelet\/ka-spelet-nujorkas-loterija-lielbritanija\/#primaryimage\"},\"thumbnailUrl\":\"https:\/\/redfoxlotto.com\/wp-content\/uploads\/2023\/04\/raffle-tickets-online-495x330-1-300x200.jpg\",\"datePublished\":\"2025-03-30T12:21:27+00:00\",\"dateModified\":\"2025-12-10T16:27:04+00:00\",\"description\":\"Uzziniet, k\u0101 piedal\u012bties \u0145ujorkas loterij\u0101 no Apvienot\u0101s Karalistes vietn\u0113 RedFoxLotto.com, un sa\u0146emiet padomus, k\u0101 palielin\u0101t savas izredzes laim\u0113t.\",\"breadcrumb\":{\"@id\":\"https:\/\/redfoxlotto.com\/lv\/spelet\/ka-spelet-nujorkas-loterija-lielbritanija\/#breadcrumb\"},\"inLanguage\":\"lv-LV\",\"potentialAction\":[{\"@type\":\"ReadAction\",\"target\":[\"https:\/\/redfoxlotto.com\/lv\/spelet\/ka-spelet-nujorkas-loterija-lielbritanija\/\"]}]},{\"@type\":\"ImageObject\",\"inLanguage\":\"lv-LV\",\"@id\":\"https:\/\/redfoxlotto.com\/lv\/spelet\/ka-spelet-nujorkas-loterija-lielbritanija\/#primaryimage\",\"url\":\"https:\/\/redfoxlotto.com\/wp-content\/uploads\/2023\/04\/raffle-tickets-online-495x330-1-300x200.jpg\",\"contentUrl\":\"https:\/\/redfoxlotto.com\/wp-content\/uploads\/2023\/04\/raffle-tickets-online-495x330-1-300x200.jpg\"},{\"@type\":\"BreadcrumbList\",\"@id\":\"https:\/\/redfoxlotto.com\/lv\/spelet\/ka-spelet-nujorkas-loterija-lielbritanija\/#breadcrumb\",\"itemListElement\":[{\"@type\":\"ListItem\",\"position\":1,\"name\":\"Home\",\"item\":\"https:\/\/redfoxlotto.com\/lv\/\"},{\"@type\":\"ListItem\",\"position\":2,\"name\":\"K\u0101 piedal\u012bties loterij\u0101s cit\u0101s valst\u012bs\",\"item\":\"https:\/\/redfoxlotto.com\/lv\/spelet\/\"},{\"@type\":\"ListItem\",\"position\":3,\"name\":\"K\u0101 sp\u0113l\u0113t \u0145ujorkas loterij\u0101 Lielbrit\u0101nij\u0101.\"}]},{\"@type\":\"WebSite\",\"@id\":\"https:\/\/redfoxlotto.com\/lv\/#website\",\"url\":\"https:\/\/redfoxlotto.com\/lv\/\",\"name\":\"Get Tickets for the World\u2019s largest jackpots\",\"description\":\"Participate in worldwide lottery jackpots from any country\",\"publisher\":{\"@id\":\"https:\/\/redfoxlotto.com\/lv\/#organization\"},\"potentialAction\":[{\"@type\":\"SearchAction\",\"target\":{\"@type\":\"EntryPoint\",\"urlTemplate\":\"https:\/\/redfoxlotto.com\/lv\/?s={search_term_string}\"},\"query-input\":{\"@type\":\"PropertyValueSpecification\",\"valueRequired\":true,\"valueName\":\"search_term_string\"}}],\"inLanguage\":\"lv-LV\"},{\"@type\":\"Organization\",\"@id\":\"https:\/\/redfoxlotto.com\/lv\/#organization\",\"name\":\"Get Tickets for the World\u2019s largest jackpots\",\"url\":\"https:\/\/redfoxlotto.com\/lv\/\",\"logo\":{\"@type\":\"ImageObject\",\"inLanguage\":\"lv-LV\",\"@id\":\"https:\/\/redfoxlotto.com\/lv\/#\/schema\/logo\/image\/\",\"url\":\"https:\/\/redfoxlotto.com\/wp-content\/uploads\/2023\/04\/logo.png\",\"contentUrl\":\"https:\/\/redfoxlotto.com\/wp-content\/uploads\/2023\/04\/logo.png\",\"width\":269,\"height\":53,\"caption\":\"Get Tickets for the World\u2019s largest jackpots\"},\"image\":{\"@id\":\"https:\/\/redfoxlotto.com\/lv\/#\/schema\/logo\/image\/\"}}]}<\/script>\n<!-- \/ Yoast SEO plugin. -->","yoast_head_json":{"title":"K\u0101 piedal\u012bties \u0145ujorkas loterij\u0101 Apvienotaj\u0101 Karalist\u0113","description":"Uzziniet, k\u0101 piedal\u012bties \u0145ujorkas loterij\u0101 no Apvienot\u0101s Karalistes vietn\u0113 RedFoxLotto.com, un sa\u0146emiet padomus, k\u0101 palielin\u0101t savas izredzes laim\u0113t.","robots":{"index":"index","follow":"follow","max-snippet":"max-snippet:-1","max-image-preview":"max-image-preview:large","max-video-preview":"max-video-preview:-1"},"canonical":"https:\/\/redfoxlotto.com\/lv\/spelet\/ka-spelet-nujorkas-loterija-lielbritanija\/","og_locale":"lv_LV","og_type":"article","og_title":"K\u0101 piedal\u012bties \u0145ujorkas loterij\u0101 Apvienotaj\u0101 Karalist\u0113","og_description":"Uzziniet, k\u0101 piedal\u012bties \u0145ujorkas loterij\u0101 no Apvienot\u0101s Karalistes vietn\u0113 RedFoxLotto.com, un sa\u0146emiet padomus, k\u0101 palielin\u0101t savas izredzes laim\u0113t.","og_url":"https:\/\/redfoxlotto.com\/lv\/spelet\/ka-spelet-nujorkas-loterija-lielbritanija\/","og_site_name":"Get Tickets for the World\u2019s largest jackpots","article_modified_time":"2025-12-10T16:27:04+00:00","og_image":[{"url":"https:\/\/redfoxlotto.com\/wp-content\/uploads\/2023\/04\/raffle-tickets-online-495x330-1-300x200.jpg"}],"twitter_card":"summary_large_image","twitter_misc":{"Est. reading time":"2 minutes"},"schema":{"@context":"https:\/\/schema.org","@graph":[{"@type":"WebPage","@id":"https:\/\/redfoxlotto.com\/lv\/spelet\/ka-spelet-nujorkas-loterija-lielbritanija\/","url":"https:\/\/redfoxlotto.com\/lv\/spelet\/ka-spelet-nujorkas-loterija-lielbritanija\/","name":"K\u0101 piedal\u012bties \u0145ujorkas loterij\u0101 Apvienotaj\u0101 Karalist\u0113","isPartOf":{"@id":"https:\/\/redfoxlotto.com\/lv\/#website"},"primaryImageOfPage":{"@id":"https:\/\/redfoxlotto.com\/lv\/spelet\/ka-spelet-nujorkas-loterija-lielbritanija\/#primaryimage"},"image":{"@id":"https:\/\/redfoxlotto.com\/lv\/spelet\/ka-spelet-nujorkas-loterija-lielbritanija\/#primaryimage"},"thumbnailUrl":"https:\/\/redfoxlotto.com\/wp-content\/uploads\/2023\/04\/raffle-tickets-online-495x330-1-300x200.jpg","datePublished":"2025-03-30T12:21:27+00:00","dateModified":"2025-12-10T16:27:04+00:00","description":"Uzziniet, k\u0101 piedal\u012bties \u0145ujorkas loterij\u0101 no Apvienot\u0101s Karalistes vietn\u0113 RedFoxLotto.com, un sa\u0146emiet padomus, k\u0101 palielin\u0101t savas izredzes laim\u0113t.","breadcrumb":{"@id":"https:\/\/redfoxlotto.com\/lv\/spelet\/ka-spelet-nujorkas-loterija-lielbritanija\/#breadcrumb"},"inLanguage":"lv-LV","potentialAction":[{"@type":"ReadAction","target":["https:\/\/redfoxlotto.com\/lv\/spelet\/ka-spelet-nujorkas-loterija-lielbritanija\/"]}]},{"@type":"ImageObject","inLanguage":"lv-LV","@id":"https:\/\/redfoxlotto.com\/lv\/spelet\/ka-spelet-nujorkas-loterija-lielbritanija\/#primaryimage","url":"https:\/\/redfoxlotto.com\/wp-content\/uploads\/2023\/04\/raffle-tickets-online-495x330-1-300x200.jpg","contentUrl":"https:\/\/redfoxlotto.com\/wp-content\/uploads\/2023\/04\/raffle-tickets-online-495x330-1-300x200.jpg"},{"@type":"BreadcrumbList","@id":"https:\/\/redfoxlotto.com\/lv\/spelet\/ka-spelet-nujorkas-loterija-lielbritanija\/#breadcrumb","itemListElement":[{"@type":"ListItem","position":1,"name":"Home","item":"https:\/\/redfoxlotto.com\/lv\/"},{"@type":"ListItem","position":2,"name":"K\u0101 piedal\u012bties loterij\u0101s cit\u0101s valst\u012bs","item":"https:\/\/redfoxlotto.com\/lv\/spelet\/"},{"@type":"ListItem","position":3,"name":"K\u0101 sp\u0113l\u0113t \u0145ujorkas loterij\u0101 Lielbrit\u0101nij\u0101."}]},{"@type":"WebSite","@id":"https:\/\/redfoxlotto.com\/lv\/#website","url":"https:\/\/redfoxlotto.com\/lv\/","name":"Get Tickets for the World\u2019s largest jackpots","description":"Participate in worldwide lottery jackpots from any country","publisher":{"@id":"https:\/\/redfoxlotto.com\/lv\/#organization"},"potentialAction":[{"@type":"SearchAction","target":{"@type":"EntryPoint","urlTemplate":"https:\/\/redfoxlotto.com\/lv\/?s={search_term_string}"},"query-input":{"@type":"PropertyValueSpecification","valueRequired":true,"valueName":"search_term_string"}}],"inLanguage":"lv-LV"},{"@type":"Organization","@id":"https:\/\/redfoxlotto.com\/lv\/#organization","name":"Get Tickets for the World\u2019s largest jackpots","url":"https:\/\/redfoxlotto.com\/lv\/","logo":{"@type":"ImageObject","inLanguage":"lv-LV","@id":"https:\/\/redfoxlotto.com\/lv\/#\/schema\/logo\/image\/","url":"https:\/\/redfoxlotto.com\/wp-content\/uploads\/2023\/04\/logo.png","contentUrl":"https:\/\/redfoxlotto.com\/wp-content\/uploads\/2023\/04\/logo.png","width":269,"height":53,"caption":"Get Tickets for the World\u2019s largest jackpots"},"image":{"@id":"https:\/\/redfoxlotto.com\/lv\/#\/schema\/logo\/image\/"}}]}},"_links":{"self":[{"href":"https:\/\/redfoxlotto.com\/lv\/wp-json\/wp\/v2\/pages\/85286","targetHints":{"allow":["GET"]}}],"collection":[{"href":"https:\/\/redfoxlotto.com\/lv\/wp-json\/wp\/v2\/pages"}],"about":[{"href":"https:\/\/redfoxlotto.com\/lv\/wp-json\/wp\/v2\/types\/page"}],"author":[{"embeddable":true,"href":"https:\/\/redfoxlotto.com\/lv\/wp-json\/wp\/v2\/users\/8"}],"replies":[{"embeddable":true,"href":"https:\/\/redfoxlotto.com\/lv\/wp-json\/wp\/v2\/comments?post=85286"}],"version-history":[{"count":0,"href":"https:\/\/redfoxlotto.com\/lv\/wp-json\/wp\/v2\/pages\/85286\/revisions"}],"up":[{"embeddable":true,"href":"https:\/\/redfoxlotto.com\/lv\/wp-json\/wp\/v2\/pages\/17017"}],"wp:attachment":[{"href":"https:\/\/redfoxlotto.com\/lv\/wp-json\/wp\/v2\/media?parent=85286"}],"curies":[{"name":"wp","href":"https:\/\/api.w.org\/{rel}","templated":true}]}}