{"id":84505,"date":"2025-03-17T09:46:32","date_gmt":"2025-03-17T09:46:32","guid":{"rendered":"https:\/\/redfoxlotto.com\/?page_id=84505"},"modified":"2025-06-17T08:46:31","modified_gmt":"2025-06-17T08:46:31","slug":"scratchcards","status":"publish","type":"page","link":"https:\/\/redfoxlotto.com\/lv\/scratchcards\/","title":{"rendered":"Skrejkartes"},"content":{"rendered":"<p>Ja esat loterijas fans, tad m\u0113s esam p\u0101rliecin\u0101ti, ka jums<strong>patiks sp\u0113l\u0113t<\/strong> ar\u012b<strong>m\u016bsu tie\u0161saistes nulles kartes!<\/strong><\/p>\n<p>Skrejkartes vienm\u0113r ir biju\u0161as popul\u0101rs loterijas bi\u013ce\u0161u pirkuma papildin\u0101jums. Gandr\u012bz visi loteriju mazumtirdzniec\u012bbas veikali uz plan\u0113tas t\u0101s p\u0101rdod, un tam ir pamatots iemesls. Ja, sp\u0113l\u0113jot loteriju, gandr\u012bz vienm\u0113r ir j\u0101gaida rezult\u0101ti, tad ar skre\u010dkart\u0113m rezult\u0101tu var ieg\u016bt uzreiz.<\/p>\n<p>Un ar m\u016bsu tie\u0161saistes skr\u0101p\u0113\u0161anas kart\u0113m jums pat nav j\u0101mekl\u0113 loterijas veikals, lai t\u0101s ieg\u0101d\u0101tos &#8211; j\u016bs varat vienk\u0101r\u0161i sp\u0113l\u0113t m\u016bsu skr\u0101p\u0113\u0161anas kartes tie\u0161saist\u0113 un g\u016bt daudz prieka un aizraut\u012bbas, skr\u0101p\u0113jot.<\/p>\n<h2><strong>Tie\u0161saistes skre\u010dkartes dr\u012bzum\u0101 par\u0101d\u012bsies RedFoxLotto<\/strong><\/h2>\n<p><img loading=\"lazy\" decoding=\"async\" class=\" wp-image-83601 alignright\" src=\"https:\/\/redfoxlotto.com\/wp-content\/uploads\/2025\/03\/scratch_card_player-300x300.jpg\" alt=\"play scratch cards\" width=\"183\" height=\"183\" srcset=\"https:\/\/redfoxlotto.com\/wp-content\/uploads\/2025\/03\/scratch_card_player-300x300.jpg 300w, https:\/\/redfoxlotto.com\/wp-content\/uploads\/2025\/03\/scratch_card_player-150x150.jpg 150w, https:\/\/redfoxlotto.com\/wp-content\/uploads\/2025\/03\/scratch_card_player-100x100.jpg 100w, https:\/\/redfoxlotto.com\/wp-content\/uploads\/2025\/03\/scratch_card_player.jpg 307w\" sizes=\"auto, (max-width: 183px) 100vw, 183px\" \/><\/p>\n<ul>\n<li>Skre\u010dkar\u0161u sp\u0113les tiks uzs\u0101ktas 2025. gada apr\u012b\u013ca s\u0101kum\u0101.<\/li>\n<li>Nenokav\u0113iet atkl\u0101\u0161anu!<\/li>\n<li>P\u0101rliecinieties, ka sa\u0146emat m\u016bsu rekl\u0101mas e-pastus &#8211; p\u0101rbaudiet savu surog\u0101tpasta mapi un atz\u012bm\u0113jiet RedFoxLotto k\u0101 uzticamu e-pasta s\u016bt\u012bt\u0101ju.<\/li>\n<\/ul>\n<p>Ar\u012b maks\u0101jums ir \u013coti \u0113rts &#8211; \u012bpa\u0161i, ja jums jau ir konta atlikums m\u016bsu vietn\u0113. Tas noz\u012bm\u0113, ka, ja pl\u0101nojat ieg\u0101d\u0101ties vair\u0101kas nulles kartes, jums vajadz\u0113tu veikt iemaksu sav\u0101 mak\u0101, pirms s\u0101kat sp\u0113l\u0113t nulles kartes.<\/p>\n<p>Vienk\u0101r\u0161i izv\u0113lieties sev t\u012bkam\u0101ko karti un noklik\u0161\u0137iniet, lai ieg\u0101d\u0101tos. Mums ir vair\u0101ki for\u0161i izk\u0101rtojumi, k\u0101 ar\u012b ir skrejo\u0161\u0101s k\u0101rtis ar da\u017e\u0101d\u0101m cen\u0101m un balvu diapazoniem.<\/p>\n<h2>Sp\u0113l\u0113t m\u016bsu skrejo\u0161o kar\u0161u sp\u0113les ir pavisam vienk\u0101r\u0161i.<\/h2>\n<p>P\u0113c tam j\u016bs varat vai nu manu\u0101li nokas\u012bt kartes virs\u0113jo sl\u0101ni, izmantojot peli, vai ar\u012b noklik\u0161\u0137iniet uz pogas \u201c\u0101tri nokas\u012bt\u201d, lai atkl\u0101tu visu kart\u0113 pasl\u0113pto inform\u0101ciju.<\/p>\n<p>J\u016bsu vinnesti ir atkar\u012bgi no summ\u0101m, kas par\u0101d\u0101s p\u0113c tam, kad esat nokas\u012bjis kartes aug\u0161\u0113jo sl\u0101ni. Ja j\u016bsu skr\u0101p\u0113\u0161anas kart\u0113 ir tr\u012bs vien\u0101das summas, tad j\u016bs vinn\u0113siet \u0161o summu.<\/p>\n<h2>Kas notiek p\u0113c skr\u0101p\u0113\u0161anas kartes laimesta?<\/h2>\n<p>Visi laimesti tiks nekav\u0113joties ieskait\u012bti j\u016bsu kont\u0101. Ja karte vinn\u0113, jums ir divas iesp\u0113jas:<\/p>\n<ol>\n<li>J\u016bs varat palikt skre\u010dkar\u0161u lap\u0101 un turpin\u0101t izmantot laimestu, lai ieg\u0101d\u0101tos citas tie\u0161saistes skre\u010dkartes.<\/li>\n<li>aizv\u0113rt skre\u010du kar\u0161u lapu, un J\u016bsu laimests tiks p\u0101rskait\u012bts uz J\u016bsu RedFoxLotto sp\u0113l\u0113t\u0101ja kontu.<\/li>\n<\/ol>\n<p>P\u0113c tam, kad J\u016bsu sp\u0113l\u0113t\u0101ja bilanc\u0113 b\u016bs pievienoti vinnesti no skr\u0101p\u0113jumiem, J\u016bs var\u0113siet tos izmantot k\u0101 vien v\u0113laties &#8211; ieg\u0101d\u0101ties parastas loterijas bi\u013cetes, sp\u0113l\u0113t Keno, v\u0113l\u0101k ieg\u0101d\u0101ties citas tie\u0161saistes skr\u0101p\u0113jumu kartes vai iz\u0146emt laimestus.<\/p>\n<p>Tie\u0161saistes nulles kar\u0161u pievieno\u0161ana ir tas, ko daudzi m\u016bsu klienti ir l\u016bgu\u0161i, un m\u0113s esam p\u0101rliecin\u0101ti, ka ar\u012b j\u016bs izbaud\u012bsiet \u0161o pieredzi!<\/p>\n","protected":false},"excerpt":{"rendered":"<p>Ja esat loterijas fans, tad m\u0113s esam p\u0101rliecin\u0101ti, ka jumspatiks sp\u0113l\u0113t ar\u012bm\u016bsu tie\u0161saistes nulles kartes! Skrejkartes vienm\u0113r ir biju\u0161as popul\u0101rs loterijas bi\u013ce\u0161u pirkuma papildin\u0101jums. Gandr\u012bz visi loteriju mazumtirdzniec\u012bbas veikali uz plan\u0113tas t\u0101s p\u0101rdod, un tam ir pamatots iemesls. Ja, sp\u0113l\u0113jot loteriju, gandr\u012bz vienm\u0113r ir j\u0101gaida rezult\u0101ti, tad ar skre\u010dkart\u0113m rezult\u0101tu var ieg\u016bt uzreiz. Un ar [&hellip;]<\/p>\n","protected":false},"author":8,"featured_media":0,"parent":0,"menu_order":7,"comment_status":"closed","ping_status":"closed","template":"","meta":{"_et_pb_use_builder":"","_et_pb_old_content":"","_et_gb_content_width":"","exclude_from_search":false,"footnotes":""},"class_list":["post-84505","page","type-page","status-publish","hentry"],"yoast_head":"<!-- This site is optimized with the Yoast SEO plugin v23.8 - https:\/\/yoast.com\/wordpress\/plugins\/seo\/ -->\n<title>Sp\u0113l\u0113jiet tie\u0161saistes nulles kartes | Lab\u0101k\u0101s t\u016bl\u012bt\u0113ja laimesta nulles kartes<\/title>\n<meta name=\"description\" content=\"Sp\u0113l\u0113jiet lab\u0101k\u0101s tie\u0161saistes nulles kartes \u0161eit - pievilc\u012bgas nulles sp\u0113les un lieliskas balvas, kuras var vinn\u0113t uzreiz.\" \/>\n<meta name=\"robots\" content=\"index, follow, max-snippet:-1, max-image-preview:large, max-video-preview:-1\" \/>\n<link rel=\"canonical\" href=\"https:\/\/redfoxlotto.com\/lv\/scratchcards\/\" \/>\n<meta property=\"og:locale\" content=\"lv_LV\" \/>\n<meta property=\"og:type\" content=\"article\" \/>\n<meta property=\"og:title\" content=\"Sp\u0113l\u0113jiet tie\u0161saistes nulles kartes | Lab\u0101k\u0101s t\u016bl\u012bt\u0113ja laimesta nulles kartes\" \/>\n<meta property=\"og:description\" content=\"Sp\u0113l\u0113jiet lab\u0101k\u0101s tie\u0161saistes nulles kartes \u0161eit - pievilc\u012bgas nulles sp\u0113les un lieliskas balvas, kuras var vinn\u0113t uzreiz.\" \/>\n<meta property=\"og:url\" content=\"https:\/\/redfoxlotto.com\/lv\/scratchcards\/\" \/>\n<meta property=\"og:site_name\" content=\"Get Tickets for the World\u2019s largest jackpots\" \/>\n<meta property=\"article:modified_time\" content=\"2025-06-17T08:46:31+00:00\" \/>\n<meta property=\"og:image\" content=\"https:\/\/redfoxlotto.com\/wp-content\/uploads\/2025\/03\/scratch_card_player-300x300.jpg\" \/>\n<meta name=\"twitter:card\" content=\"summary_large_image\" \/>\n<meta name=\"twitter:label1\" content=\"Est. reading time\" \/>\n\t<meta name=\"twitter:data1\" content=\"2 minutes\" \/>\n<script type=\"application\/ld+json\" class=\"yoast-schema-graph\">{\"@context\":\"https:\/\/schema.org\",\"@graph\":[{\"@type\":\"WebPage\",\"@id\":\"https:\/\/redfoxlotto.com\/lv\/scratchcards\/\",\"url\":\"https:\/\/redfoxlotto.com\/lv\/scratchcards\/\",\"name\":\"Sp\u0113l\u0113jiet tie\u0161saistes nulles kartes | Lab\u0101k\u0101s t\u016bl\u012bt\u0113ja laimesta nulles kartes\",\"isPartOf\":{\"@id\":\"https:\/\/redfoxlotto.com\/lv\/#website\"},\"primaryImageOfPage\":{\"@id\":\"https:\/\/redfoxlotto.com\/lv\/scratchcards\/#primaryimage\"},\"image\":{\"@id\":\"https:\/\/redfoxlotto.com\/lv\/scratchcards\/#primaryimage\"},\"thumbnailUrl\":\"https:\/\/redfoxlotto.com\/wp-content\/uploads\/2025\/03\/scratch_card_player-300x300.jpg\",\"datePublished\":\"2025-03-17T09:46:32+00:00\",\"dateModified\":\"2025-06-17T08:46:31+00:00\",\"description\":\"Sp\u0113l\u0113jiet lab\u0101k\u0101s tie\u0161saistes nulles kartes \u0161eit - pievilc\u012bgas nulles sp\u0113les un lieliskas balvas, kuras var vinn\u0113t uzreiz.\",\"breadcrumb\":{\"@id\":\"https:\/\/redfoxlotto.com\/lv\/scratchcards\/#breadcrumb\"},\"inLanguage\":\"lv-LV\",\"potentialAction\":[{\"@type\":\"ReadAction\",\"target\":[\"https:\/\/redfoxlotto.com\/lv\/scratchcards\/\"]}]},{\"@type\":\"ImageObject\",\"inLanguage\":\"lv-LV\",\"@id\":\"https:\/\/redfoxlotto.com\/lv\/scratchcards\/#primaryimage\",\"url\":\"https:\/\/redfoxlotto.com\/wp-content\/uploads\/2025\/03\/scratch_card_player-300x300.jpg\",\"contentUrl\":\"https:\/\/redfoxlotto.com\/wp-content\/uploads\/2025\/03\/scratch_card_player-300x300.jpg\"},{\"@type\":\"BreadcrumbList\",\"@id\":\"https:\/\/redfoxlotto.com\/lv\/scratchcards\/#breadcrumb\",\"itemListElement\":[{\"@type\":\"ListItem\",\"position\":1,\"name\":\"Home\",\"item\":\"https:\/\/redfoxlotto.com\/lv\/\"},{\"@type\":\"ListItem\",\"position\":2,\"name\":\"Skrejkartes\"}]},{\"@type\":\"WebSite\",\"@id\":\"https:\/\/redfoxlotto.com\/lv\/#website\",\"url\":\"https:\/\/redfoxlotto.com\/lv\/\",\"name\":\"Get Tickets for the World\u2019s largest jackpots\",\"description\":\"Participate in worldwide lottery jackpots from any country\",\"publisher\":{\"@id\":\"https:\/\/redfoxlotto.com\/lv\/#organization\"},\"potentialAction\":[{\"@type\":\"SearchAction\",\"target\":{\"@type\":\"EntryPoint\",\"urlTemplate\":\"https:\/\/redfoxlotto.com\/lv\/?s={search_term_string}\"},\"query-input\":{\"@type\":\"PropertyValueSpecification\",\"valueRequired\":true,\"valueName\":\"search_term_string\"}}],\"inLanguage\":\"lv-LV\"},{\"@type\":\"Organization\",\"@id\":\"https:\/\/redfoxlotto.com\/lv\/#organization\",\"name\":\"Get Tickets for the World\u2019s largest jackpots\",\"url\":\"https:\/\/redfoxlotto.com\/lv\/\",\"logo\":{\"@type\":\"ImageObject\",\"inLanguage\":\"lv-LV\",\"@id\":\"https:\/\/redfoxlotto.com\/lv\/#\/schema\/logo\/image\/\",\"url\":\"https:\/\/redfoxlotto.com\/wp-content\/uploads\/2023\/04\/logo.png\",\"contentUrl\":\"https:\/\/redfoxlotto.com\/wp-content\/uploads\/2023\/04\/logo.png\",\"width\":269,\"height\":53,\"caption\":\"Get Tickets for the World\u2019s largest jackpots\"},\"image\":{\"@id\":\"https:\/\/redfoxlotto.com\/lv\/#\/schema\/logo\/image\/\"}}]}<\/script>\n<!-- \/ Yoast SEO plugin. -->","yoast_head_json":{"title":"Sp\u0113l\u0113jiet tie\u0161saistes nulles kartes | Lab\u0101k\u0101s t\u016bl\u012bt\u0113ja laimesta nulles kartes","description":"Sp\u0113l\u0113jiet lab\u0101k\u0101s tie\u0161saistes nulles kartes \u0161eit - pievilc\u012bgas nulles sp\u0113les un lieliskas balvas, kuras var vinn\u0113t uzreiz.","robots":{"index":"index","follow":"follow","max-snippet":"max-snippet:-1","max-image-preview":"max-image-preview:large","max-video-preview":"max-video-preview:-1"},"canonical":"https:\/\/redfoxlotto.com\/lv\/scratchcards\/","og_locale":"lv_LV","og_type":"article","og_title":"Sp\u0113l\u0113jiet tie\u0161saistes nulles kartes | Lab\u0101k\u0101s t\u016bl\u012bt\u0113ja laimesta nulles kartes","og_description":"Sp\u0113l\u0113jiet lab\u0101k\u0101s tie\u0161saistes nulles kartes \u0161eit - pievilc\u012bgas nulles sp\u0113les un lieliskas balvas, kuras var vinn\u0113t uzreiz.","og_url":"https:\/\/redfoxlotto.com\/lv\/scratchcards\/","og_site_name":"Get Tickets for the World\u2019s largest jackpots","article_modified_time":"2025-06-17T08:46:31+00:00","og_image":[{"url":"https:\/\/redfoxlotto.com\/wp-content\/uploads\/2025\/03\/scratch_card_player-300x300.jpg"}],"twitter_card":"summary_large_image","twitter_misc":{"Est. reading time":"2 minutes"},"schema":{"@context":"https:\/\/schema.org","@graph":[{"@type":"WebPage","@id":"https:\/\/redfoxlotto.com\/lv\/scratchcards\/","url":"https:\/\/redfoxlotto.com\/lv\/scratchcards\/","name":"Sp\u0113l\u0113jiet tie\u0161saistes nulles kartes | Lab\u0101k\u0101s t\u016bl\u012bt\u0113ja laimesta nulles kartes","isPartOf":{"@id":"https:\/\/redfoxlotto.com\/lv\/#website"},"primaryImageOfPage":{"@id":"https:\/\/redfoxlotto.com\/lv\/scratchcards\/#primaryimage"},"image":{"@id":"https:\/\/redfoxlotto.com\/lv\/scratchcards\/#primaryimage"},"thumbnailUrl":"https:\/\/redfoxlotto.com\/wp-content\/uploads\/2025\/03\/scratch_card_player-300x300.jpg","datePublished":"2025-03-17T09:46:32+00:00","dateModified":"2025-06-17T08:46:31+00:00","description":"Sp\u0113l\u0113jiet lab\u0101k\u0101s tie\u0161saistes nulles kartes \u0161eit - pievilc\u012bgas nulles sp\u0113les un lieliskas balvas, kuras var vinn\u0113t uzreiz.","breadcrumb":{"@id":"https:\/\/redfoxlotto.com\/lv\/scratchcards\/#breadcrumb"},"inLanguage":"lv-LV","potentialAction":[{"@type":"ReadAction","target":["https:\/\/redfoxlotto.com\/lv\/scratchcards\/"]}]},{"@type":"ImageObject","inLanguage":"lv-LV","@id":"https:\/\/redfoxlotto.com\/lv\/scratchcards\/#primaryimage","url":"https:\/\/redfoxlotto.com\/wp-content\/uploads\/2025\/03\/scratch_card_player-300x300.jpg","contentUrl":"https:\/\/redfoxlotto.com\/wp-content\/uploads\/2025\/03\/scratch_card_player-300x300.jpg"},{"@type":"BreadcrumbList","@id":"https:\/\/redfoxlotto.com\/lv\/scratchcards\/#breadcrumb","itemListElement":[{"@type":"ListItem","position":1,"name":"Home","item":"https:\/\/redfoxlotto.com\/lv\/"},{"@type":"ListItem","position":2,"name":"Skrejkartes"}]},{"@type":"WebSite","@id":"https:\/\/redfoxlotto.com\/lv\/#website","url":"https:\/\/redfoxlotto.com\/lv\/","name":"Get Tickets for the World\u2019s largest jackpots","description":"Participate in worldwide lottery jackpots from any country","publisher":{"@id":"https:\/\/redfoxlotto.com\/lv\/#organization"},"potentialAction":[{"@type":"SearchAction","target":{"@type":"EntryPoint","urlTemplate":"https:\/\/redfoxlotto.com\/lv\/?s={search_term_string}"},"query-input":{"@type":"PropertyValueSpecification","valueRequired":true,"valueName":"search_term_string"}}],"inLanguage":"lv-LV"},{"@type":"Organization","@id":"https:\/\/redfoxlotto.com\/lv\/#organization","name":"Get Tickets for the World\u2019s largest jackpots","url":"https:\/\/redfoxlotto.com\/lv\/","logo":{"@type":"ImageObject","inLanguage":"lv-LV","@id":"https:\/\/redfoxlotto.com\/lv\/#\/schema\/logo\/image\/","url":"https:\/\/redfoxlotto.com\/wp-content\/uploads\/2023\/04\/logo.png","contentUrl":"https:\/\/redfoxlotto.com\/wp-content\/uploads\/2023\/04\/logo.png","width":269,"height":53,"caption":"Get Tickets for the World\u2019s largest jackpots"},"image":{"@id":"https:\/\/redfoxlotto.com\/lv\/#\/schema\/logo\/image\/"}}]}},"_links":{"self":[{"href":"https:\/\/redfoxlotto.com\/lv\/wp-json\/wp\/v2\/pages\/84505","targetHints":{"allow":["GET"]}}],"collection":[{"href":"https:\/\/redfoxlotto.com\/lv\/wp-json\/wp\/v2\/pages"}],"about":[{"href":"https:\/\/redfoxlotto.com\/lv\/wp-json\/wp\/v2\/types\/page"}],"author":[{"embeddable":true,"href":"https:\/\/redfoxlotto.com\/lv\/wp-json\/wp\/v2\/users\/8"}],"replies":[{"embeddable":true,"href":"https:\/\/redfoxlotto.com\/lv\/wp-json\/wp\/v2\/comments?post=84505"}],"version-history":[{"count":0,"href":"https:\/\/redfoxlotto.com\/lv\/wp-json\/wp\/v2\/pages\/84505\/revisions"}],"wp:attachment":[{"href":"https:\/\/redfoxlotto.com\/lv\/wp-json\/wp\/v2\/media?parent=84505"}],"curies":[{"name":"wp","href":"https:\/\/api.w.org\/{rel}","templated":true}]}}