{"id":84416,"date":"2025-02-12T11:12:52","date_gmt":"2025-02-12T11:12:52","guid":{"rendered":"https:\/\/redfoxlotto.com\/?page_id=84416"},"modified":"2025-10-09T14:17:33","modified_gmt":"2025-10-09T14:17:33","slug":"keno","status":"publish","type":"page","link":"https:\/\/redfoxlotto.com\/lv\/keno\/","title":{"rendered":"Keno"},"content":{"rendered":"<h2>Vai nezin\u0101t, k\u0101 sp\u0113l\u0113t Keno tie\u0161saist\u0113?<\/h2>\n<p>J\u016bs zin\u0101t, k\u0101 darbojas loterija, bet nekad neesat sp\u0113l\u0113jis Keno? \u013baujiet man paskaidrot, k\u0101 sp\u0113l\u0113t Keno tie\u0161saist\u0113. To nav tik gr\u016bti saprast, un m\u016bsu platform\u0101 ir viegli izveidot Keno bi\u013ceti.<\/p>\n<div class=\"keno-banner-wrapper\"><img decoding=\"async\" class=\"keno-banner-image\" src=\"https:\/\/redfoxlotto.com\/wp-content\/uploads\/2025\/10\/3-scaled.png\" alt=\"Keno Banner\" \/><br \/>\n<div class=\"keno-banner-overlay\"><div class=\"keno-banner-text\">Galven\u0101 balva: \u20ac10,000,000<br>Izlozes ik p\u0113c 30 min\u016bt\u0113m<\/div><a href=\"https:\/\/keno.redfoxlotto.com\/play\/diamond-keno\" class=\"keno-banner-button\">Sp\u0113l\u0113jiet Diamond Keno t\u016bl\u012bt<\/a><\/div><\/div>\n<div class=\"keno-banner-wrapper\"><img decoding=\"async\" class=\"keno-banner-image\" src=\"https:\/\/redfoxlotto.com\/wp-content\/uploads\/2025\/10\/1-scaled.png\" alt=\"Keno Banner\" \/><br \/>\n<div class=\"keno-banner-overlay\"><div class=\"keno-banner-text\">Galven\u0101 balva: \u20ac5,000,000<br>Izlozes ik p\u0113c 8 min\u016bt\u0113m<\/div><a href=\"https:\/\/keno.redfoxlotto.com\/play\/platinum-keno\" class=\"keno-banner-button\">Sp\u0113l\u0113jiet Platinum Keno t\u016bl\u012bt<\/a><\/div><\/div>\n<div class=\"keno-banner-wrapper\"><img decoding=\"async\" class=\"keno-banner-image\" src=\"https:\/\/redfoxlotto.com\/wp-content\/uploads\/2025\/10\/2-scaled.png\" alt=\"Keno Banner\" \/><br \/>\n<div class=\"keno-banner-overlay\"><div class=\"keno-banner-text\">Galven\u0101 balva: \u20ac2,000,000<br>Izlozes ik p\u0113c 6 min\u016bt\u0113m<\/div><a href=\"https:\/\/keno.redfoxlotto.com\/play\/gold-keno\" class=\"keno-banner-button\">Sp\u0113l\u0113t  Gold Keno tagad<\/a><\/div><\/div>\n<p><img loading=\"lazy\" decoding=\"async\" class=\"alignright size-medium wp-image-83635\" src=\"https:\/\/redfoxlotto.com\/wp-content\/uploads\/2025\/03\/keno_card-300x300.jpg\" alt=\"play keno online\" width=\"300\" height=\"300\" srcset=\"https:\/\/redfoxlotto.com\/wp-content\/uploads\/2025\/03\/keno_card-300x300.jpg 300w, https:\/\/redfoxlotto.com\/wp-content\/uploads\/2025\/03\/keno_card-150x150.jpg 150w, https:\/\/redfoxlotto.com\/wp-content\/uploads\/2025\/03\/keno_card-100x100.jpg 100w, https:\/\/redfoxlotto.com\/wp-content\/uploads\/2025\/03\/keno_card.jpg 307w\" sizes=\"auto, (max-width: 300px) 100vw, 300px\" \/><\/p>\n<h2>At\u0161\u0137ir\u012bbas starp parasto loteriju un Keno<\/h2>\n<p>Sp\u0113l\u0113jot Keno, jums ir liel\u0101ka kontrole p\u0101r to, cik daudz j\u016bs v\u0113laties izt\u0113r\u0113t bi\u013cetei, un j\u016bs ar\u012b izlemjat, cik skait\u013cus izv\u0113l\u0113ties.<\/p>\n<ul>\n<li><strong>Daudzin\u0101t\u0101js<\/strong> &#8211; katrai Keno bi\u013cetei ir noteikta pamatcena (minim\u0101l\u0101 summa, kas jums j\u0101maks\u0101 par vienu bi\u013ceti), ta\u010du ir ar\u012b daudzin\u0101t\u0101ja funkcija. Pie\u0146emsim, ka b\u0101zes cena ir 1,00 \u20ac. Izv\u0113loties reizin\u0101t\u0101ju 5, j\u016bsu bi\u013cete tagad maks\u0101s 5,00 \u20ac. Ta\u010du taj\u0101 pa\u0161\u0101 laik\u0101 summa, ko varat vinn\u0113t, palielin\u0101sies vismaz 5 reizes. Lai vinn\u0113tu maksim\u0101lo laimestu katr\u0101 vinnestu l\u012bmen\u012b, Jums ir j\u0101izv\u0113las maksim\u0101lais reizin\u0101t\u0101js. \u0160is reizin\u0101t\u0101js var b\u016bt no 1 l\u012bdz 5 vai no 1 l\u012bdz 10. Lai uzzin\u0101tu faktisko vinnestu summu, noklik\u0161\u0137iniet uz aug\u0161\u0113j\u0101s sada\u013cas \u201cInform\u0101cija\u201d, un J\u016bs redz\u0113siet vinnestu tabulu.<\/li>\n<li>Noklik\u0161\u0137iniet uz v\u0113lam\u0101 reizin\u0101t\u0101ja, un par\u0101d\u012bsies \u0161\u012b reizin\u0101t\u0101ja vinnesti.<\/li>\n<li><strong>Sp\u0113l\u0113jiet vair\u0101k vai maz\u0101k skait\u013cu<\/strong> &#8211; J\u016bs varat izlemt, vai bi\u013cetei v\u0113laties izv\u0113l\u0113ties vair\u0101k vai maz\u0101k skait\u013cu. Ja v\u0113laties vinn\u0113t galveno balvu, vienm\u0113r j\u0101izv\u0113las maksim\u0101lais skaits, proti, 10 skait\u013ci. Bet, ja izlemsiet izsp\u0113l\u0113t tikai 8 skait\u013cus, j\u016bs vinn\u0113siet vair\u0101k naudas, ja visi vai da\u017ei no tiem sakrit\u012bs ar izloz\u0113tajiem skait\u013ciem. Inform\u0101cijas lap\u0101 eso\u0161aj\u0101 tabul\u0101 atkal redz\u0113siet izmaksas.<\/li>\n<li><strong>Tiek izloz\u0113ts liel\u0101ks skait\u013cu skaits<\/strong> &#8211; ja parast\u0101 loterij\u0101 tiek izloz\u0113ti 5 vai 6 skait\u013ci no 49 vai 60 skait\u013cu fonda, tad Keno sp\u0113l\u0113 tas ir cit\u0101di. Pirmk\u0101rt, liel\u0101kaj\u0101 da\u013c\u0101 Keno sp\u0113\u013cu tiek izloz\u0113ti 20 skait\u013ci, ta\u010du ar\u012b iesp\u0113jamo skait\u013cu kopums ir liel\u0101ks (parasti tas ir no 70 l\u012bdz 90 skait\u013ciem). Ta\u010du, ja ir 20 laim\u012bgie skait\u013ci, jums j\u0101atbilst tikai 10 no tiem, lai vinn\u0113tu lielu balvu. Tas noz\u012bm\u0113, ka, sp\u0113l\u0113jot Keno tie\u0161saist\u0113, kop\u0113j\u0101s izredzes ir liel\u0101kas nek\u0101 liel\u0101kaj\u0101 da\u013c\u0101 parasto loteriju.<\/li>\n<\/ul>\n<h2>K\u0101 sp\u0113l\u0113t Keno tie\u0161saist\u0113?<\/h2>\n<p><strong>Lai sp\u0113l\u0113tu Keno tie\u0161saist\u0113, jums tikai j\u0101iev\u0113ro turpm\u0101k nor\u0101d\u012btie so\u013ci:<\/strong><\/p>\n<ul>\n<li>Noklik\u0161\u0137iniet uz viena no Keno baneriem \u0161aj\u0101 lap\u0101.<\/li>\n<li>Izv\u0113lieties, ar cik skait\u013ciem v\u0113laties sp\u0113l\u0113t<\/li>\n<li>Izv\u0113lieties reizin\u0101t\u0101ju un p\u0101rbaudiet bi\u013cetes cenu (vajadz\u012bbas gad\u012bjum\u0101 kori\u0123\u0113jiet reizin\u0101t\u0101ju).<\/li>\n<li>Izv\u0113lieties skait\u013cus (vai izmantojiet funkciju Quick Pick, lai \u0123ener\u0113tu nejau\u0161us skait\u013cus).<\/li>\n<li>Ja v\u0113laties, pievienojiet vair\u0101k bi\u013ce\u0161u tam pa\u0161am Keno izlozei.<\/li>\n<li>Izlemiet, vai v\u0113laties, lai bi\u013cete vai bi\u013cetes piedal\u012btos vien\u0101 izloz\u0113 vai vair\u0101k\u0101s izloz\u0113s.<\/li>\n<li>Apmaks\u0101jiet bi\u013cetes (ja jums v\u0113l nav konta m\u016bsu vietn\u0113, jums ir j\u0101izveido jauns konts vai j\u0101piesak\u0101s sav\u0101 eso\u0161aj\u0101 kont\u0101).<\/li>\n<\/ul>\n<h2>Tikai da\u017eas min\u016btes pirms n\u0101kam\u0101s izlozes.<\/h2>\n<p>Liel\u0101k\u0101 da\u013ca Keno loteriju izlozes notiek ik p\u0113c p\u0101ris min\u016bt\u0113m, t\u0101p\u0113c nav ilgi j\u0101gaida, lai uzzin\u0101tu, vai esat laim\u0113jis. Katru reizi, kad, atrodoties m\u016bsu vietn\u0113, notiks Keno loterijas izloze, par\u0101d\u012bsies uznirsto\u0161ais logs, un dr\u012bz p\u0113c tam j\u016bs redz\u0113siet izlozes anim\u0101cijas video. Kad uznirsto\u0161ais logs par\u0101d\u012bsies, jums joproj\u0101m vajadz\u0113tu b\u016bt iesp\u0113jai ieg\u0101d\u0101ties bi\u013ceti, lai sp\u0113l\u0113tu \u0161aj\u0101 gaid\u0101maj\u0101 izloz\u0113. Bet pat ja j\u016bs nokav\u0113siet n\u0101kamo izlozi, j\u016bs vienm\u0113r varat izveidot bi\u013ceti n\u0101kamajai gaid\u0101majai izlozei, kas notiks tikai p\u0113c da\u017e\u0101m min\u016bt\u0113m!<\/p>\n<p>Keno izlozes ir virtu\u0101las izlozes, kur\u0101s skait\u013cus \u0123ener\u0113 sertific\u0113ts nejau\u0161o skait\u013cu \u0123enerators. T\u0101d\u0113j\u0101di, sp\u0113l\u0113jot Keno tie\u0161saist\u0113 m\u016bsu vietn\u0113, J\u016bs varat b\u016bt dro\u0161i, ka sp\u0113le vienm\u0113r b\u016bs god\u012bga.<\/p>\n<p>Starp citu, \u0161\u012b nav publiska loterija, kur\u0101 bi\u013cetes var ieg\u0101d\u0101ties kaut kur pie<\/p>\n<p>loterijas tirdzniec\u012bbas viet\u0101. T\u0101p\u0113c Keno sp\u0113l\u0113s j\u016bs nesa\u0146emsiet sken\u0113tu bi\u013ceti, t\u0101 viet\u0101 j\u016bs tikai sa\u0146emsiet apstiprin\u0101jumu sav\u0101 sp\u0113l\u0113t\u0101ja kont\u0101.<\/p>\n","protected":false},"excerpt":{"rendered":"<p>Vai nezin\u0101t, k\u0101 sp\u0113l\u0113t Keno tie\u0161saist\u0113? J\u016bs zin\u0101t, k\u0101 darbojas loterija, bet nekad neesat sp\u0113l\u0113jis Keno? \u013baujiet man paskaidrot, k\u0101 sp\u0113l\u0113t Keno tie\u0161saist\u0113. To nav tik gr\u016bti saprast, un m\u016bsu platform\u0101 ir viegli izveidot Keno bi\u013ceti. At\u0161\u0137ir\u012bbas starp parasto loteriju un Keno Sp\u0113l\u0113jot Keno, jums ir liel\u0101ka kontrole p\u0101r to, cik daudz j\u016bs v\u0113laties izt\u0113r\u0113t [&hellip;]<\/p>\n","protected":false},"author":8,"featured_media":0,"parent":0,"menu_order":5,"comment_status":"closed","ping_status":"closed","template":"","meta":{"_et_pb_use_builder":"","_et_pb_old_content":"","_et_gb_content_width":"","exclude_from_search":false,"footnotes":""},"class_list":["post-84416","page","type-page","status-publish","hentry"],"yoast_head":"<!-- This site is optimized with the Yoast SEO plugin v23.8 - https:\/\/yoast.com\/wordpress\/plugins\/seo\/ -->\n<title>K\u0101 sp\u0113l\u0113t Keno tie\u0161saist\u0113 | Keno noteikumi un strat\u0113\u0123ija tie\u0161saist\u0113<\/title>\n<meta name=\"description\" content=\"Vai v\u0113laties vinn\u0113t lielus laimestus Keno sp\u0113l\u0113? K\u0101 sp\u0113l\u0113t Keno tie\u0161saist\u0113, lai vinn\u0113tu l\u012bdz pat 10 miljoniem eiro lielas balvas, turkl\u0101t izlozes nekad nenotiek ilg\u0101k par da\u017e\u0101m min\u016bt\u0113m.\" \/>\n<meta name=\"robots\" content=\"index, follow, max-snippet:-1, max-image-preview:large, max-video-preview:-1\" \/>\n<link rel=\"canonical\" href=\"https:\/\/redfoxlotto.com\/lv\/keno\/\" \/>\n<meta property=\"og:locale\" content=\"lv_LV\" \/>\n<meta property=\"og:type\" content=\"article\" \/>\n<meta property=\"og:title\" content=\"K\u0101 sp\u0113l\u0113t Keno tie\u0161saist\u0113 | Keno noteikumi un strat\u0113\u0123ija tie\u0161saist\u0113\" \/>\n<meta property=\"og:description\" content=\"Vai v\u0113laties vinn\u0113t lielus laimestus Keno sp\u0113l\u0113? K\u0101 sp\u0113l\u0113t Keno tie\u0161saist\u0113, lai vinn\u0113tu l\u012bdz pat 10 miljoniem eiro lielas balvas, turkl\u0101t izlozes nekad nenotiek ilg\u0101k par da\u017e\u0101m min\u016bt\u0113m.\" \/>\n<meta property=\"og:url\" content=\"https:\/\/redfoxlotto.com\/lv\/keno\/\" \/>\n<meta property=\"og:site_name\" content=\"Get Tickets for the World\u2019s largest jackpots\" \/>\n<meta property=\"article:modified_time\" content=\"2025-10-09T14:17:33+00:00\" \/>\n<meta property=\"og:image\" content=\"https:\/\/redfoxlotto.com\/wp-content\/uploads\/2025\/10\/3-scaled.png\" \/>\n<meta name=\"twitter:card\" content=\"summary_large_image\" \/>\n<meta name=\"twitter:label1\" content=\"Est. reading time\" \/>\n\t<meta name=\"twitter:data1\" content=\"4 minutes\" \/>\n<script type=\"application\/ld+json\" class=\"yoast-schema-graph\">{\"@context\":\"https:\/\/schema.org\",\"@graph\":[{\"@type\":\"WebPage\",\"@id\":\"https:\/\/redfoxlotto.com\/lv\/keno\/\",\"url\":\"https:\/\/redfoxlotto.com\/lv\/keno\/\",\"name\":\"K\u0101 sp\u0113l\u0113t Keno tie\u0161saist\u0113 | Keno noteikumi un strat\u0113\u0123ija tie\u0161saist\u0113\",\"isPartOf\":{\"@id\":\"https:\/\/redfoxlotto.com\/lv\/#website\"},\"primaryImageOfPage\":{\"@id\":\"https:\/\/redfoxlotto.com\/lv\/keno\/#primaryimage\"},\"image\":{\"@id\":\"https:\/\/redfoxlotto.com\/lv\/keno\/#primaryimage\"},\"thumbnailUrl\":\"https:\/\/redfoxlotto.com\/wp-content\/uploads\/2025\/10\/3-scaled.png\",\"datePublished\":\"2025-02-12T11:12:52+00:00\",\"dateModified\":\"2025-10-09T14:17:33+00:00\",\"description\":\"Vai v\u0113laties vinn\u0113t lielus laimestus Keno sp\u0113l\u0113? K\u0101 sp\u0113l\u0113t Keno tie\u0161saist\u0113, lai vinn\u0113tu l\u012bdz pat 10 miljoniem eiro lielas balvas, turkl\u0101t izlozes nekad nenotiek ilg\u0101k par da\u017e\u0101m min\u016bt\u0113m.\",\"breadcrumb\":{\"@id\":\"https:\/\/redfoxlotto.com\/lv\/keno\/#breadcrumb\"},\"inLanguage\":\"lv-LV\",\"potentialAction\":[{\"@type\":\"ReadAction\",\"target\":[\"https:\/\/redfoxlotto.com\/lv\/keno\/\"]}]},{\"@type\":\"ImageObject\",\"inLanguage\":\"lv-LV\",\"@id\":\"https:\/\/redfoxlotto.com\/lv\/keno\/#primaryimage\",\"url\":\"https:\/\/redfoxlotto.com\/wp-content\/uploads\/2025\/10\/3-scaled.png\",\"contentUrl\":\"https:\/\/redfoxlotto.com\/wp-content\/uploads\/2025\/10\/3-scaled.png\"},{\"@type\":\"BreadcrumbList\",\"@id\":\"https:\/\/redfoxlotto.com\/lv\/keno\/#breadcrumb\",\"itemListElement\":[{\"@type\":\"ListItem\",\"position\":1,\"name\":\"Home\",\"item\":\"https:\/\/redfoxlotto.com\/lv\/\"},{\"@type\":\"ListItem\",\"position\":2,\"name\":\"Keno\"}]},{\"@type\":\"WebSite\",\"@id\":\"https:\/\/redfoxlotto.com\/lv\/#website\",\"url\":\"https:\/\/redfoxlotto.com\/lv\/\",\"name\":\"Get Tickets for the World\u2019s largest jackpots\",\"description\":\"Participate in worldwide lottery jackpots from any country\",\"publisher\":{\"@id\":\"https:\/\/redfoxlotto.com\/lv\/#organization\"},\"potentialAction\":[{\"@type\":\"SearchAction\",\"target\":{\"@type\":\"EntryPoint\",\"urlTemplate\":\"https:\/\/redfoxlotto.com\/lv\/?s={search_term_string}\"},\"query-input\":{\"@type\":\"PropertyValueSpecification\",\"valueRequired\":true,\"valueName\":\"search_term_string\"}}],\"inLanguage\":\"lv-LV\"},{\"@type\":\"Organization\",\"@id\":\"https:\/\/redfoxlotto.com\/lv\/#organization\",\"name\":\"Get Tickets for the World\u2019s largest jackpots\",\"url\":\"https:\/\/redfoxlotto.com\/lv\/\",\"logo\":{\"@type\":\"ImageObject\",\"inLanguage\":\"lv-LV\",\"@id\":\"https:\/\/redfoxlotto.com\/lv\/#\/schema\/logo\/image\/\",\"url\":\"https:\/\/redfoxlotto.com\/wp-content\/uploads\/2023\/04\/logo.png\",\"contentUrl\":\"https:\/\/redfoxlotto.com\/wp-content\/uploads\/2023\/04\/logo.png\",\"width\":269,\"height\":53,\"caption\":\"Get Tickets for the World\u2019s largest jackpots\"},\"image\":{\"@id\":\"https:\/\/redfoxlotto.com\/lv\/#\/schema\/logo\/image\/\"}}]}<\/script>\n<!-- \/ Yoast SEO plugin. -->","yoast_head_json":{"title":"K\u0101 sp\u0113l\u0113t Keno tie\u0161saist\u0113 | Keno noteikumi un strat\u0113\u0123ija tie\u0161saist\u0113","description":"Vai v\u0113laties vinn\u0113t lielus laimestus Keno sp\u0113l\u0113? K\u0101 sp\u0113l\u0113t Keno tie\u0161saist\u0113, lai vinn\u0113tu l\u012bdz pat 10 miljoniem eiro lielas balvas, turkl\u0101t izlozes nekad nenotiek ilg\u0101k par da\u017e\u0101m min\u016bt\u0113m.","robots":{"index":"index","follow":"follow","max-snippet":"max-snippet:-1","max-image-preview":"max-image-preview:large","max-video-preview":"max-video-preview:-1"},"canonical":"https:\/\/redfoxlotto.com\/lv\/keno\/","og_locale":"lv_LV","og_type":"article","og_title":"K\u0101 sp\u0113l\u0113t Keno tie\u0161saist\u0113 | Keno noteikumi un strat\u0113\u0123ija tie\u0161saist\u0113","og_description":"Vai v\u0113laties vinn\u0113t lielus laimestus Keno sp\u0113l\u0113? K\u0101 sp\u0113l\u0113t Keno tie\u0161saist\u0113, lai vinn\u0113tu l\u012bdz pat 10 miljoniem eiro lielas balvas, turkl\u0101t izlozes nekad nenotiek ilg\u0101k par da\u017e\u0101m min\u016bt\u0113m.","og_url":"https:\/\/redfoxlotto.com\/lv\/keno\/","og_site_name":"Get Tickets for the World\u2019s largest jackpots","article_modified_time":"2025-10-09T14:17:33+00:00","og_image":[{"url":"https:\/\/redfoxlotto.com\/wp-content\/uploads\/2025\/10\/3-scaled.png"}],"twitter_card":"summary_large_image","twitter_misc":{"Est. reading time":"4 minutes"},"schema":{"@context":"https:\/\/schema.org","@graph":[{"@type":"WebPage","@id":"https:\/\/redfoxlotto.com\/lv\/keno\/","url":"https:\/\/redfoxlotto.com\/lv\/keno\/","name":"K\u0101 sp\u0113l\u0113t Keno tie\u0161saist\u0113 | Keno noteikumi un strat\u0113\u0123ija tie\u0161saist\u0113","isPartOf":{"@id":"https:\/\/redfoxlotto.com\/lv\/#website"},"primaryImageOfPage":{"@id":"https:\/\/redfoxlotto.com\/lv\/keno\/#primaryimage"},"image":{"@id":"https:\/\/redfoxlotto.com\/lv\/keno\/#primaryimage"},"thumbnailUrl":"https:\/\/redfoxlotto.com\/wp-content\/uploads\/2025\/10\/3-scaled.png","datePublished":"2025-02-12T11:12:52+00:00","dateModified":"2025-10-09T14:17:33+00:00","description":"Vai v\u0113laties vinn\u0113t lielus laimestus Keno sp\u0113l\u0113? K\u0101 sp\u0113l\u0113t Keno tie\u0161saist\u0113, lai vinn\u0113tu l\u012bdz pat 10 miljoniem eiro lielas balvas, turkl\u0101t izlozes nekad nenotiek ilg\u0101k par da\u017e\u0101m min\u016bt\u0113m.","breadcrumb":{"@id":"https:\/\/redfoxlotto.com\/lv\/keno\/#breadcrumb"},"inLanguage":"lv-LV","potentialAction":[{"@type":"ReadAction","target":["https:\/\/redfoxlotto.com\/lv\/keno\/"]}]},{"@type":"ImageObject","inLanguage":"lv-LV","@id":"https:\/\/redfoxlotto.com\/lv\/keno\/#primaryimage","url":"https:\/\/redfoxlotto.com\/wp-content\/uploads\/2025\/10\/3-scaled.png","contentUrl":"https:\/\/redfoxlotto.com\/wp-content\/uploads\/2025\/10\/3-scaled.png"},{"@type":"BreadcrumbList","@id":"https:\/\/redfoxlotto.com\/lv\/keno\/#breadcrumb","itemListElement":[{"@type":"ListItem","position":1,"name":"Home","item":"https:\/\/redfoxlotto.com\/lv\/"},{"@type":"ListItem","position":2,"name":"Keno"}]},{"@type":"WebSite","@id":"https:\/\/redfoxlotto.com\/lv\/#website","url":"https:\/\/redfoxlotto.com\/lv\/","name":"Get Tickets for the World\u2019s largest jackpots","description":"Participate in worldwide lottery jackpots from any country","publisher":{"@id":"https:\/\/redfoxlotto.com\/lv\/#organization"},"potentialAction":[{"@type":"SearchAction","target":{"@type":"EntryPoint","urlTemplate":"https:\/\/redfoxlotto.com\/lv\/?s={search_term_string}"},"query-input":{"@type":"PropertyValueSpecification","valueRequired":true,"valueName":"search_term_string"}}],"inLanguage":"lv-LV"},{"@type":"Organization","@id":"https:\/\/redfoxlotto.com\/lv\/#organization","name":"Get Tickets for the World\u2019s largest jackpots","url":"https:\/\/redfoxlotto.com\/lv\/","logo":{"@type":"ImageObject","inLanguage":"lv-LV","@id":"https:\/\/redfoxlotto.com\/lv\/#\/schema\/logo\/image\/","url":"https:\/\/redfoxlotto.com\/wp-content\/uploads\/2023\/04\/logo.png","contentUrl":"https:\/\/redfoxlotto.com\/wp-content\/uploads\/2023\/04\/logo.png","width":269,"height":53,"caption":"Get Tickets for the World\u2019s largest jackpots"},"image":{"@id":"https:\/\/redfoxlotto.com\/lv\/#\/schema\/logo\/image\/"}}]}},"_links":{"self":[{"href":"https:\/\/redfoxlotto.com\/lv\/wp-json\/wp\/v2\/pages\/84416","targetHints":{"allow":["GET"]}}],"collection":[{"href":"https:\/\/redfoxlotto.com\/lv\/wp-json\/wp\/v2\/pages"}],"about":[{"href":"https:\/\/redfoxlotto.com\/lv\/wp-json\/wp\/v2\/types\/page"}],"author":[{"embeddable":true,"href":"https:\/\/redfoxlotto.com\/lv\/wp-json\/wp\/v2\/users\/8"}],"replies":[{"embeddable":true,"href":"https:\/\/redfoxlotto.com\/lv\/wp-json\/wp\/v2\/comments?post=84416"}],"version-history":[{"count":0,"href":"https:\/\/redfoxlotto.com\/lv\/wp-json\/wp\/v2\/pages\/84416\/revisions"}],"wp:attachment":[{"href":"https:\/\/redfoxlotto.com\/lv\/wp-json\/wp\/v2\/media?parent=84416"}],"curies":[{"name":"wp","href":"https:\/\/api.w.org\/{rel}","templated":true}]}}